{"id":12078,"date":"2024-09-15T13:58:27","date_gmt":"2024-09-15T13:58:27","guid":{"rendered":"https:\/\/travelshelper.com\/staging\/?page_id=12078"},"modified":"2026-03-12T19:44:31","modified_gmt":"2026-03-12T19:44:31","slug":"lizbona","status":"publish","type":"page","link":"https:\/\/travelshelper.com\/pl\/destinations\/europe\/portugal\/lisbon\/","title":{"rendered":"Lizbona"},"content":{"rendered":"<p>Dawna stolica po\u0142o\u017cona na styku rzeki i oceanu, Lizbona na pierwszy rzut oka prezentuje si\u0119 jako miasto o wywa\u017conej gracji i niedopowiedzianej okaza\u0142o\u015bci. Z 567 131 mieszka\u0144cami na 100,05 kilometrach kwadratowych granic miejskich i prawie 3 028 000 mieszka\u0144c\u00f3w w szerszym obszarze metropolitalnym w 2025 roku, jest politycznym, ekonomicznym i kulturalnym sercem Portugalii. Po\u0142o\u017cona na siedmiu wzg\u00f3rzach u szerokiego uj\u015bcia rzeki Tag, gdzie s\u0142odka woda miesza si\u0119 z solank\u0105 Atlantyku, Lizbona zajmuje najbardziej wysuni\u0119ty na zach\u00f3d skraj kontynentalnej Europy i, w jego granicach, obejmuje \u017cyzny Monsanto Forest Park \u2014 dziesi\u0119ciokilometrowe zielone p\u0142uca, kt\u00f3re daj\u0105 schronienie policjantom, biegaczom i rodzinom pod jego baldachimem.<\/p>\n<p>Od najwcze\u015bniejszych dni jako osada plemion przedceltyckich, poprzez fenick\u0105 upraw\u0119 i rzymski tytu\u0142 Felicitas Julia Olissipo, Lizbona gromadzi\u0142a warstwy ludzkich wysi\u0142k\u00f3w bez po\u015bwi\u0119cania swojego zasadniczego charakteru. Wizygoci zmienili jej rz\u0105dy w V wieku; rz\u0105dy Maur\u00f3w w VIII wieku wprowadzi\u0142y nowe pr\u0105dy architektoniczne i kulturowe, kt\u00f3re przetrwa\u0142y w nazwach dzielnic i w\u0105skich uliczkach; a rekonkwista w 1147 roku pod wodz\u0105 Alfonsa Henriquesa utorowa\u0142a drog\u0119 do jej podniesienia do rangi stolicy w 1255 roku. Ka\u017cda epoka pozostawi\u0142a \u015blad w tkance miasta, widoczny w prostok\u0105tnej, szerokiej alei dzielnicy Baixa i w kr\u0119tych uliczkach dzielnicy Alfama, gdzie kolorowe fasady z p\u0142ytek i balkony z kutego \u017celaza trwaj\u0105 jako niemi \u015bwiadkowie wiek\u00f3w przewrot\u00f3w i odnowy.<\/p>\n<p>Klimat definiuje rytm \u017cycia w Lizbonie. Sklasyfikowane jako \u015br\u00f3dziemnomorskie (K\u00f6ppen Csa), miasto rozkoszuje si\u0119 ch\u0142odnymi, deszczowymi zimami i ciep\u0142ymi, suchymi latami. \u015arednie roczne temperatury utrzymuj\u0105 si\u0119 na poziomie 17,6 \u00b0C, przy dziennych maksimach oko\u0142o 21,7 \u00b0C i minimach oko\u0142o 13,6 \u00b0C. Zimowe dni w styczniu rzadko spadaj\u0105 poni\u017cej 14 \u00b0C, podczas gdy letnie popo\u0142udnia w sierpniu mog\u0105 wzrosn\u0105\u0107 do 32 \u00b0C, \u0142agodzone przez atlantyckie bryzy i moderowane przez wy\u017c azorski. Metropolia cieszy si\u0119 oko\u0142o 2875 godzinami s\u0142onecznymi rocznie, co jest jedn\u0105 z najwy\u017cszych sum w Europie, a opady deszczu koncentruj\u0105 si\u0119 jesieni\u0105 i zim\u0105, dzi\u0119ki czemu lipiec i sierpie\u0144 s\u0105 prawie bezdeszczowe.<\/p>\n<p>W por\u00f3wnaniu z innymi stolicami europejskimi Lizbon\u0119 ogarnia umiarkowany spok\u00f3j. Ruch uliczny, cho\u0107 obecny, ust\u0119puje pieszym; s\u0142ynne tramwaje miejskie \u2014 ma\u0142e, czteroko\u0142owe pojazdy sprowadzone w 1901 r. ze Stan\u00f3w Zjednoczonych \u2014 turkocz\u0105 w\u0105skimi, stromymi uliczkami, wywo\u0142uj\u0105c raczej nostalgi\u0119 ni\u017c niedogodno\u015bci. Uzupe\u0142nieniem tych historycznych el\u00e9tricos jest wydajna sie\u0107 metra sk\u0142adaj\u0105ca si\u0119 z czterech linii oznaczonych kolorami i 56 stacji, \u0142\u0105cz\u0105ca lotnisko i przedmie\u015bcia w ci\u0105gu oko\u0142o dwudziestu pi\u0119ciu minut. Na powierzchni ziemi poci\u0105gi podmiejskie rozchodz\u0105 si\u0119 do Sintry, Cascais i Set\u00fabal; autobusy obs\u0142ugiwane przez Carris i linie podmiejskie Carris Metropolitana i Barraqueiro zdobi\u0105 miejsk\u0105 tkanin\u0119; a promy przecinaj\u0105 Tag do Cacilhas, Seixal i innych spo\u0142eczno\u015bci nadrzecznych. Nad estuarium rozci\u0105gaj\u0105 si\u0119 dwa monumentalne mosty: wisz\u0105cy most 25 de Abril z 1966 r. i most Vasco da Gama o d\u0142ugo\u015bci 17,2 km, otwarty w 1998 r. Plany budowy trzeciej przeprawy pozostaj\u0105 wstrzymane.<\/p>\n<p>Miasto wyra\u017ca si\u0119 poprzez szesna\u015bcie historycznych i wsp\u00f3\u0142czesnych dzielnic, z kt\u00f3rych ka\u017cda ma tak \u017cyw\u0105 to\u017csamo\u015b\u0107, \u017ce mieszka\u0144cy rezygnuj\u0105 z formalnych granic. W Alc\u00e2ntara, dawne posiad\u0142o\u015bci szlacheckie i pa\u0142ace z XVI\u2013XIX wieku mieszcz\u0105 obecnie muzea, archiwa publiczne i centra kreatywne. LX Factory o\u017cywia dziedzictwo przemys\u0142owe jako po\u0142\u0105czenie galerii, sklep\u00f3w i restauracji; Village Underground wyobra\u017ca sobie kontenery transportowe i autobusy jako sceny i biura; a Pilar 7 pozwala odwiedzaj\u0105cym odkrywa\u0107 podbudow\u0119 mostu 25 de Abril. Sale koncertowe, centra kongresowe i biblioteki dziel\u0105 widoki na nabrze\u017ce z klubami nocnymi w przebudowanych dokach, gdzie m\u0142odzie\u017c miasta spotyka si\u0119 po\u015br\u00f3d szumu elektronicznych rytm\u00f3w.<\/p>\n<p>Alfama schodzi od zamku S\u00e3o Jorge do rzeki, co jest \u015bwiadectwem odporno\u015bci. Jej labirynt w\u0105skich uliczek chroni\u0142 niezliczone budynki przed trz\u0119sieniem ziemi w 1755 r., zachowuj\u0105c architektur\u0119 XVIII wieku, w kt\u00f3rej mieszcz\u0105 si\u0119 bary fado, muzea i skromne domy. Tutaj melancholijne d\u017awi\u0119ki portugalskiej muzyki narodowej unosz\u0105 si\u0119 obok pokrytych kafelkami fasad i nad ma\u0142ymi placami, podczas gdy coroczne Festas de Santo Ant\u00f3nio przekszta\u0142caj\u0105 dzielnic\u0119 w obraz ducha wsp\u00f3lnoty, ulicznych uczt i wsp\u00f3lnej pobo\u017cno\u015bci.<\/p>\n<p>S\u0105siaduj\u0105ca z Alfam\u0105 Mouraria \u2014 niegdy\u015b dom muzu\u0142ma\u0144skiej i \u017cydowskiej ludno\u015bci miasta po rekonkwi\u015bcie \u2014 zachowa\u0142a \u015blady wp\u0142yw\u00f3w arabskich, nawet gdy rozbi\u00f3rki w XX wieku zatar\u0142y znaczn\u0105 cz\u0119\u015b\u0107 jej \u015bredniowiecznej struktury. Bairro Alto, po\u0142o\u017cone nad Chiado, t\u0119tni noc\u0105 barami i klubami obs\u0142uguj\u0105cymi r\u00f3\u017cne subkultury: punk, metal, hip-hop, reggae i spo\u0142eczno\u015bci LGBT mieszaj\u0105 si\u0119 w w\u0105skich uliczkach, kt\u00f3re o \u015bwicie zamieniaj\u0105 si\u0119 w ciche dzielnice mieszkalne.<\/p>\n<p>Chiado, odrodzone po niszczycielskim po\u017carze w 1988 r., pozostaje intelektualnym sercem Lizbony. Ksi\u0119garnie, kawiarnie i butiki ci\u0105gn\u0105 si\u0119 wzd\u0142u\u017c jego ulic, gdzie poeta Fernando Pessoa kiedy\u015b popija\u0142 espresso w A Brasileira. Renowacja prowadzona przez Siz\u0119 Vieir\u0119 przywr\u00f3ci\u0142a fasady z XVIII i XIX wieku oraz nowoczesne wn\u0119trza, \u0142\u0105cz\u0105c przesz\u0142o\u015b\u0107 z tera\u017aniejszo\u015bci\u0105 w sp\u00f3jn\u0105 dzielnic\u0119 kulturaln\u0105.<\/p>\n<p>Poni\u017cej Chiado le\u017cy Baixa, \u015br\u00f3dmie\u015bcie Pombaline odbudowane przez Sebasti\u00e3o Jos\u00e9 de Carvalho e Melo po trz\u0119sieniu ziemi w 1755 roku. Ortogonalna siatka i odporne na trz\u0119sienia ziemi konstrukcje klatek stanowi\u0105 przyk\u0142ad urbanistycznego projektu o\u015bwiecenia. Pra\u00e7a do Com\u00e9rcio ze swoim triumfalnym \u0142ukiem Rua Augusta spogl\u0105da na Tag, przywo\u0142uj\u0105c wspomnienia cesarskich podr\u00f3\u017cy i wsp\u00f3\u0142czesnego handlu.<\/p>\n<p>Na zach\u00f3d od centrum Beato porzuci\u0142o sw\u00f3j przemys\u0142owy charakter na rzecz wsp\u00f3\u0142czesnych przestrzeni artystycznych i lokali dla smakoszy. Galerie zajmuj\u0105 dawne fabryki; Narodowe Muzeum Azulejo i Palacio do Grilo czekaj\u0105 na ciekawskich; a krajowe publikacje zapowiadaj\u0105 kreatywny odrodzenie tego obszaru.<\/p>\n<p>Bel\u00e9m, miejsce narodzin portugalskich odkry\u0107, pozostaje miejscem pielgrzymek mi\u0142o\u015bnik\u00f3w historii. Ozdobny klasztor Hieronimit\u00f3w i krenela\u017cowa wie\u017ca Bel\u00e9m, zbudowana za czas\u00f3w Manuela I, stanowi\u0105 ogrody Pra\u00e7a do Imp\u00e9rio. Padr\u00e3o dos Descobrimentos upami\u0119tnia nawigator\u00f3w pod ogromnym \u017caglem w kszta\u0142cie wiatru, a Centrum Kultury Portugalskoj\u0119zycznej i Pa\u0142ac Ajuda \u2013 niedoko\u0144czone, ale kr\u00f3lewskie \u2013 \u015bwiadcz\u0105 o patronacie kr\u00f3lewskim. Pobliskie Est\u00e1dio do Restelo jest o\u015brodkiem lokalnego sportu.<\/p>\n<p>Estrela wie\u0144czy zachodnie wzg\u00f3rze Lizbony bazylik\u0105, dwiema dzwonnicami i neoklasycystyczn\u0105 kopu\u0142\u0105 widoczn\u0105 z daleka. S\u0105siaduj\u0105cy z ni\u0105 Pa\u0142ac S\u00e3o Bento mie\u015bci Zgromadzenie, a Park Estrela, pachn\u0105cy subtropikaln\u0105 flor\u0105 i usiany rze\u017abami, oferuje wytchnienie i wydarzenia przyjazne rodzinom wok\u00f3\u0142 szklarni Estufa Fria.<\/p>\n<p>Na odzyskanym terenie Expo-98 Parque das Na\u00e7\u00f5es uosabia zwrot Lizbony ku przysz\u0142o\u015bci. Gare do Oriente Calatravy przypomina o\u015bwietlon\u0105 s\u0142o\u0144cem gotyck\u0105 katedr\u0119 ze stali i szk\u0142a; wzd\u0142u\u017c jego centr\u00f3w handlowych rozci\u0105gaj\u0105 si\u0119 restauracje, Ocean\u00e1rio \u2014 drugie co do wielko\u015bci akwarium na \u015bwiecie \u2014 i Altice Arena, gdzie odbywaj\u0105 si\u0119 wydarzenia o globalnej skali. Kasyno i hala wystawowa FIL jeszcze bardziej poszerzaj\u0105 kosmopolityczny zasi\u0119g dzielnicy.<\/p>\n<p>Opr\u00f3cz dziedzictwa architektonicznego Lizbona piel\u0119gnuje niezliczone instytucje kulturalne. Narodowe Muzeum Sztuki Staro\u017cytnej przechowuje obszerny zbi\u00f3r europejskich i azjatyckich dzie\u0142 sztuki; Narodowe Muzeum Powoz\u00f3w przechowuje kr\u00f3lewskie powozy; a Narodowe Muzeum P\u0142ytek celebruje rzemios\u0142o azulejo w by\u0142ym klasztorze. Wsp\u00f3\u0142czesne dzie\u0142a zdobi\u0105 Muzeum Gulbenkiana, MAAT i Muzeum Orientu, podczas gdy mniejsze domy, takie jak Muzeum Elektryczno\u015bci i Museu Benfica, wzbogacaj\u0105 eksploracj\u0119 tematyczn\u0105.<\/p>\n<p>Sztuki widowiskowe Lizbony rozkwitaj\u0105 w Operze S\u00e3o Carlos, Teatrze D. Maria II i Scenie Cam\u00f5esa. Festiwale o\u017cywiaj\u0105 rok kalendarzowy: festiwale film\u00f3w dokumentalnych, animacji i masek; Targi Ksi\u0105\u017cki w Lizbonie; wydarzenie gastronomiczne Lisbon Fish and Flavours; festiwal film\u00f3w LGBTQ+ \u2014 wszystkie przyci\u0105gaj\u0105 lokaln\u0105 i mi\u0119dzynarodow\u0105 publiczno\u015b\u0107. Miasto jest r\u00f3wnie\u017c gospodarzem Triennale Architektury, Fashion Lisbon, ExperimentaDesign i biennale sztuki \u015bwietlnej, podkre\u015blaj\u0105c jego rol\u0119 jako stolicy kreatywnej.<\/p>\n<p>Roczne obchody wi\u0105\u017c\u0105 miasto ze \u015bwi\u0119tymi i histori\u0105. 13 czerwca czci si\u0119 \u015bwi\u0119tego Antoniego ulicznymi procesjami i muzyk\u0105. \u015awi\u0119ty Wincenty, cho\u0107 patronem, inspiruje cichsz\u0105 pobo\u017cno\u015b\u0107, jego relikwie znajduj\u0105 si\u0119 w katedrze S\u00e9. Przy rzadkich okazjach o globalnym znaczeniu Lizbona powita\u0142a Konkurs Piosenki Eurowizji w maju 2018 r. i \u015awiatowe Dni M\u0142odzie\u017cy w sierpniu 2023 r., przyci\u0105gaj\u0105c pielgrzym\u00f3w i turyst\u00f3w na swoje siedem wzg\u00f3rz.<\/p>\n<p>Gospodarka Lizbony opiera si\u0119 na us\u0142ugach, a wi\u0119kszo\u015b\u0107 siedzib mi\u0119dzynarodowych korporacji znajduje si\u0119 w Grande Lisboa. Region odpowiada za ponad trzydzie\u015bci jeden procent portugalskiego PKB i jest domem dla prawie dwudziestu jeden tysi\u0119cy milioner\u00f3w \u2014 co czyni go jedenastym europejskim miastem pod wzgl\u0119dem liczby milioner\u00f3w \u2014 i czternastu miliarder\u00f3w. Przemys\u0142 nadal istnieje wzd\u0142u\u017c po\u0142udniowego brzegu, a rafinerie ropy naftowej, stocznie i zak\u0142ady w\u0142\u00f3kiennicze s\u0105 nadal czynne, wspierane przez jeden z najbardziej ruchliwych port\u00f3w Europy.<\/p>\n<p>Statystyki transportowe ujawniaj\u0105 do\u015bwiadczenie w transporcie publicznym: przeci\u0119tny pasa\u017cer doje\u017cd\u017caj\u0105cy do pracy w Lizbonie sp\u0119dza pi\u0119\u0107dziesi\u0105t dziewi\u0119\u0107 minut dziennie w poci\u0105gach, tramwajach i autobusach, czeka czterna\u015bcie minut na przystankach i pokonuje oko\u0142o sze\u015bciu kilometr\u00f3w na podr\u00f3\u017c. Dziesi\u0119\u0107 procent znosi podr\u00f3\u017ce przekraczaj\u0105ce dwana\u015bcie kilometr\u00f3w, podczas gdy ponad jedena\u015bcie procent sp\u0119dza ponad dwie godziny ka\u017cdego dnia roboczego w transporcie.<\/p>\n<p>Jazda na rowerze zyska\u0142a na popularno\u015bci od czasu pandemii, czemu sprzyja\u0142a rozbudowa systemu rowerowego Gira do 2600 rower\u00f3w elektrycznych i standardowych oraz ponad 146 stacji dokuj\u0105cych. Kryte \u015bcie\u017cki rowerowe przekraczaj\u0105 obecnie 200 kilometr\u00f3w i b\u0119d\u0105 si\u0119 rozrasta\u0107, co sprzyja \u0142agodniejszemu podej\u015bciu do uporczywych zboczy Lizbony.<\/p>\n<p>Wreszcie, miejskie arterie drogowe obejmuj\u0105 trzy obwodnice \u2014 Segunda Circular, CRIL i CREL \u2014 \u0142\u0105cz\u0105ce dzielnice centralne z przedmie\u015bciami i drogami krajowymi. Port lotniczy Humberto Delgado, najbardziej ruchliwy w Portugalii, obs\u0142u\u017cy\u0142 ponad 35 milion\u00f3w pasa\u017cer\u00f3w w 2024 r. i pe\u0142ni funkcj\u0119 w\u0119z\u0142a dla TAP Portugal i tanich przewo\u017anik\u00f3w. Drugie lotnisko w Alcochete jest planowane w celu dostosowania do przysz\u0142ego wzrostu, podczas gdy lotnisko Cascais zapewnia \u0142\u0105czno\u015b\u0107 regionaln\u0105.<\/p>\n<p>W swojej z\u0142o\u017conej formie Lizbona syntetyzuje tysi\u0105clecia osadnictwa i transformacji w ramach zwartej powierzchni. Oferuje godne przestrzenie publiczne i ulice, kt\u00f3re nosz\u0105 \u015blady podboju i kreatywno\u015bci. Tutaj rygory historii wsp\u00f3\u0142istniej\u0105 ze wsp\u00f3\u0142czesn\u0105 innowacj\u0105; hojne \u015bwiat\u0142o s\u0142oneczne ogrzewa wapienne fasady, a Tag p\u0142ynie jednocze\u015bnie jako stra\u017cnik i \u017ar\u00f3d\u0142o odnowy. To miasto, kt\u00f3re nie wo\u0142a o uwag\u0119, ale bez wysi\u0142ku j\u0105 dominuje poprzez subtelne kontrasty i wyrafinowan\u0105 ci\u0105g\u0142o\u015b\u0107 \u2014 zbudowane na wzg\u00f3rzach, ale podtrzymywane przez trwa\u0142ego ducha.<\/p>","protected":false},"excerpt":{"rendered":"<p>Lizbona, stolica i najwi\u0119ksze miasto Portugalii, to dynamiczna metropolia po\u0142o\u017cona na zachodnim kra\u0144cu P\u00f3\u0142wyspu Iberyjskiego. Lizbona jest g\u0142\u00f3wnym europejskim o\u015brodkiem miejskim z przewidywan\u0105 populacj\u0105 567 131 os\u00f3b w granicach administracyjnych w 2023 r. i wi\u0119kszym regionem metropolitalnym zamieszkanym przez 2 961 177 os\u00f3b. Po\u0142o\u017cone na p\u00f3\u0142nocnym brzegu rzeki Tag, to nadmorskie miasto jest najbardziej wysuni\u0119t\u0105 na zach\u00f3d stolic\u0105 kontynentalnej Europy i zapewnia szczeg\u00f3lne po\u0142\u0105czenie atrakcyjno\u015bci Atlantyku i europejskiej elegancji.<\/p>","protected":false},"author":1,"featured_media":4446,"parent":12065,"menu_order":0,"comment_status":"closed","ping_status":"closed","template":"elementor_theme","meta":{"_eb_attr":"","footnotes":""},"class_list":["post-12078","page","type-page","status-publish","has-post-thumbnail"],"_links":{"self":[{"href":"https:\/\/travelshelper.com\/pl\/wp-json\/wp\/v2\/pages\/12078","targetHints":{"allow":["GET"]}}],"collection":[{"href":"https:\/\/travelshelper.com\/pl\/wp-json\/wp\/v2\/pages"}],"about":[{"href":"https:\/\/travelshelper.com\/pl\/wp-json\/wp\/v2\/types\/page"}],"author":[{"embeddable":true,"href":"https:\/\/travelshelper.com\/pl\/wp-json\/wp\/v2\/users\/1"}],"replies":[{"embeddable":true,"href":"https:\/\/travelshelper.com\/pl\/wp-json\/wp\/v2\/comments?post=12078"}],"version-history":[{"count":0,"href":"https:\/\/travelshelper.com\/pl\/wp-json\/wp\/v2\/pages\/12078\/revisions"}],"up":[{"embeddable":true,"href":"https:\/\/travelshelper.com\/pl\/wp-json\/wp\/v2\/pages\/12065"}],"wp:featuredmedia":[{"embeddable":true,"href":"https:\/\/travelshelper.com\/pl\/wp-json\/wp\/v2\/media\/4446"}],"wp:attachment":[{"href":"https:\/\/travelshelper.com\/pl\/wp-json\/wp\/v2\/media?parent=12078"}],"curies":[{"name":"wp","href":"https:\/\/api.w.org\/{rel}","templated":true}]}}