{"id":12053,"date":"2024-09-15T12:59:22","date_gmt":"2024-09-15T12:59:22","guid":{"rendered":"https:\/\/travelshelper.com\/staging\/?page_id=12053"},"modified":"2026-03-12T21:52:09","modified_gmt":"2026-03-12T21:52:09","slug":"jekaterynburg","status":"publish","type":"page","link":"https:\/\/travelshelper.com\/pl\/destinations\/europe\/russian-federation\/yekaterinburg\/","title":{"rendered":"Jekaterynburg"},"content":{"rendered":"<p>Jekaterynburg, po\u0142o\u017cony na brzegach rzeki Iset na wschodnim skraju g\u00f3r Ural, jest czwartym co do wielko\u015bci miastem w Rosji i o\u015brodkiem administracyjnym obwodu swierd\u0142owskiego i uralskiego okr\u0119gu federalnego. Zajmuj\u0105c obszar 1111 kilometr\u00f3w kwadratowych i zamieszkuj\u0105c 1 544 376 mieszka\u0144c\u00f3w wed\u0142ug spisu z 2021 r., zajmuje strategiczne po\u0142o\u017cenie mi\u0119dzy Europ\u0105 a Syberi\u0105. Za\u0142o\u017cone w 1723 r. i na kr\u00f3tko przemianowane na Swierd\u0142owsk w latach 1924\u20131991, miasto jest zar\u00f3wno pot\u0119g\u0105 przemys\u0142ow\u0105, jak i o\u015brodkiem kulturalnym, a jego linia horyzontu jest obecnie urozmaicona nowoczesnymi wie\u017cowcami, a ulice charakteryzuj\u0105 si\u0119 uderzaj\u0105c\u0105 architektur\u0105 konstruktywistyczn\u0105.<\/p>\n<p>Jekaterynburg zosta\u0142 za\u0142o\u017cony dekretem cesarza Piotra Wielkiego z 18 listopada 1723 r., nazwany na cze\u015b\u0107 jego ma\u0142\u017conki, cesarzowej Katarzyny I. Od pocz\u0105tku pe\u0142ni\u0142 funkcj\u0119 stolicy g\u00f3rniczej Imperium Rosyjskiego, eksploatuj\u0105c bogate rudy Uralu i dzia\u0142aj\u0105c jako wa\u017cne ogniwo na Szlaku Syberyjskim zainaugurowanym przez Katarzyn\u0119 Wielk\u0105 w 1781 r. Ta arteria przekszta\u0142ci\u0142a miasto w bram\u0119 dla podr\u00f3\u017cnych i towar\u00f3w zmierzaj\u0105cych na rozleg\u0142e pustkowia Syberii. Pod koniec XIX wieku Jekaterynburg sta\u0142 si\u0119 o\u015brodkiem fermentu spo\u0142ecznego i politycznego, miejscem postoju ruch\u00f3w rewolucyjnych, kt\u00f3re mia\u0142y ukszta\u0142towa\u0107 bieg historii Rosji. Po rewolucji bolszewickiej miasto zosta\u0142o przemianowane na Swierd\u0142owsk na cze\u015b\u0107 Jakowa Swierd\u0142owa, odzwierciedlaj\u0105c jego now\u0105 rol\u0119 jako centrum administracyjnego i przemys\u0142owego pod rz\u0105dami radzieckimi. Wraz z rozpadem Zwi\u0105zku Radzieckiego odzyska\u0142o swoj\u0105 historyczn\u0105 nazw\u0119 23 wrze\u015bnia 1991 r.<\/p>\n<p>Po\u0142o\u017cony na p\u00f3\u0142nocno-wschodnim kra\u0144cu Europy Jekaterynburg zajmuje zalesione wzg\u00f3rza, kt\u00f3re ust\u0119puj\u0105 \u0142agodnym zboczom Uralu. Rzeka Iset przecina tkank\u0119 miejsk\u0105, p\u0142yn\u0105c z g\u00f3r do Tobolu. W jego granicach znajduj\u0105 si\u0119 dwa jeziora, Shuvakish i Shartash, podczas gdy pobliskie zbiorniki wodne i stawy zapewniaj\u0105 zar\u00f3wno rekreacj\u0119, jak i zarz\u0105dzanie wod\u0105. Wilgotny klimat kontynentalny miasta zapewnia wyra\u017anie zaznaczone pory roku. Zimy mog\u0105 spa\u015b\u0107 do -40\u00b0C pod wp\u0142ywem arktycznych intruzji, a nast\u0119pnie wzrosn\u0105\u0107 powy\u017cej zera podczas nag\u0142ych odwil\u017cy, podczas gdy temperatury latem mog\u0105 waha\u0107 si\u0119 od lekkich przymrozk\u00f3w do maksim\u00f3w przekraczaj\u0105cych 35\u00b0C, gdy ciep\u0142e masy powietrza zbli\u017caj\u0105 si\u0119 z Azji \u015arodkowej. Te dramatyczne wahania podkre\u015blaj\u0105 po\u0142o\u017cenie miasta na skrzy\u017cowaniu kontrastuj\u0105cych pr\u0105d\u00f3w powietrza.<\/p>\n<p>Rozw\u00f3j demograficzny towarzyszy\u0142 rozwijaj\u0105cej si\u0119 gospodarce Jekaterynburga. W latach 2010\u20132021 populacja miasta wzros\u0142a o prawie 15 procent, co odzwierciedla zar\u00f3wno migracj\u0119 wewn\u0119trzn\u0105, jak i naturalny wzrost. Miasto rozci\u0105ga si\u0119 poza swoje oficjalne granice, staj\u0105c si\u0119 aglomeracj\u0105 miejsk\u0105 licz\u0105c\u0105 oko\u0142o 2,2 miliona mieszka\u0144c\u00f3w. Ta ekspansja zbiega si\u0119 z boomem budowlanym, kt\u00f3ry doprowadzi\u0142 do powstania ponad dwudziestu wie\u017cowc\u00f3w, w tym Iset Tower, kt\u00f3ra ma 209 metr\u00f3w i jest najwy\u017csz\u0105 budowl\u0105 na Uralu.<\/p>\n<p>Pod wzgl\u0119dem wynik\u00f3w gospodarczych Jekaterynburg zajmuje trzecie miejsce w\u015br\u00f3d miast rosyjskich, wyprzedzone jedynie przez Moskw\u0119 i Sankt Petersburg. Globalny indeks City-600 firmy McKinsey zalicza go do najlepszych gospodarek miejskich na \u015bwiecie, odpowiadaj\u0105c za 60 procent globalnego produktu krajowego brutto. Z produktem miejskim brutto wynosz\u0105cym 898 miliard\u00f3w rubli w 2015 r. i produktem metropolitalnym brutto przekraczaj\u0105cym 50 miliard\u00f3w dolar\u00f3w mi\u0119dzynarodowych, umocni\u0142 swoj\u0105 pozycj\u0119 jako finansowy i przemys\u0142owy nexus.<\/p>\n<p>Ekonomiczne fundamenty miasta opieraj\u0105 si\u0119 na ci\u0119\u017ckim przemy\u015ble, zak\u0142adach metalurgicznych i przedsi\u0119biorstwach zbrojeniowych, kt\u00f3re si\u0119gaj\u0105 czas\u00f3w radzieckiej \u015bwietno\u015bci. Przed 1991 rokiem Swierd\u0142owsk czerpa\u0142 90 procent swojej dzia\u0142alno\u015bci z produkcji, z czego trzy czwarte wspiera\u0142o produkcj\u0119 wojskow\u0105. Od czasu reform rynkowych w latach 90. nast\u0105pi\u0142 post\u0119p w dywersyfikacji przemys\u0142u, przyci\u0105gaj\u0105c inwestycje w technologi\u0119, logistyk\u0119 i us\u0142ugi biznesowe. Siedziba Centralnego Okr\u0119gu Wojskowego i Uralskiego Oddzia\u0142u Rosyjskiej Akademii Nauk podkre\u015blaj\u0105 podw\u00f3jn\u0105 rol\u0119 Jekaterynburga jako o\u015brodka strategicznego i intelektualnego.<\/p>\n<p>Turystyka sta\u0142a si\u0119 znacz\u0105cym czynnikiem wp\u0142ywaj\u0105cym na profil miasta. Wyznaczone jako jedno z pi\u0119ciu najlepszych miejsc docelowych w Rosji w 2015 Global Destination Cities Index, powita\u0142o 2,1 miliona odwiedzaj\u0105cych w tym roku. Zmiana z turystyki biznesowej na wypoczynkow\u0105 jest oczywista: podczas gdy podr\u00f3\u017cuj\u0105cy s\u0142u\u017cbowo stanowili kiedy\u015b 80 procent przyjazd\u00f3w, w 2015 roku stanowili tylko 67 procent. Odwiedzaj\u0105cy przybywaj\u0105, aby zwiedzi\u0107 miejsca zwi\u0105zane z ostatnim carem Rosji, pod\u0105\u017ca\u0107 za bazhowsk\u0105 wiedz\u0105 o geologii i folklorze Uralu oraz wzi\u0105\u0107 udzia\u0142 w wydarzeniach od szczyt\u00f3w Szanghajskiej Organizacji Wsp\u00f3\u0142pracy w latach 2008\u20132009 po mi\u0119dzynarodow\u0105 wystaw\u0119 Innoprom. Jako miasto gospodarza Mistrzostw \u015awiata FIFA 2018, Jekaterynburg zaprezentowa\u0142 sw\u00f3j nowoczesny stadion obok historycznych obiekt\u00f3w.<\/p>\n<p>Kompleksowa sie\u0107 transportowa podtrzymuje zar\u00f3wno handel, jak i turystyk\u0119. Zbiega si\u0119 tu sze\u015b\u0107 autostrad federalnych i siedem g\u0142\u00f3wnych linii kolejowych, co czyni to miejsce trzecim co do wielko\u015bci w\u0119z\u0142em transportowym w Rosji po Moskwie i Sankt Petersburgu. W\u0119ze\u0142 w Jekaterynburgu jest cz\u0119\u015bci\u0105 Kolei Transsyberyjskiej, \u0142\u0105cz\u0105cej zachodni\u0105 Europ\u0119 ze wschodem Pacyfiku. Mi\u0119dzynarodowy port lotniczy Kolcowo obs\u0142uguje ponad pi\u0119\u0107 milion\u00f3w pasa\u017cer\u00f3w rocznie, podczas gdy drugorz\u0119dne lotnisko w Aramil obs\u0142uguje loty regionalne. W obr\u0119bie miasta pojedyncza linia metra z dziewi\u0119cioma stacjami przewozi prawie pi\u0119\u0107dziesi\u0105t milion\u00f3w pasa\u017cer\u00f3w rocznie, obok tramwaj\u00f3w, trolejbus\u00f3w i autobus\u00f3w, kt\u00f3re kiedy\u015b przewozi\u0142y setki milion\u00f3w pasa\u017cer\u00f3w rocznie. Rozwijaj\u0105ca si\u0119 obwodnica i sie\u0107 wielopoziomowych w\u0119z\u0142\u00f3w rozwi\u0105zuj\u0105 problem chronicznego zat\u0142oczenia spowodowanego szybkim wzrostem liczby samochod\u00f3w, kt\u00f3ra obecnie wynosi oko\u0142o 410 pojazd\u00f3w na 1000 mieszka\u0144c\u00f3w.<\/p>\n<p>Krajobraz kulturowy Jekaterynburga jest zar\u00f3wno g\u0142\u0119boki, jak i r\u00f3\u017cnorodny. Oko\u0142o pi\u0119\u0107dziesi\u0105t bibliotek, w tym Sverdlovsk Oblast Universal Scientific Library i AI Hercen Central City Library, wspieraj\u0105 dzia\u0142alno\u015b\u0107 naukow\u0105. Muze\u00f3w jest ponad pi\u0119\u0107dziesi\u0105t, a ich zbiory obejmuj\u0105 ikony Nevyansk z Nevyansk Icon Museum, a tak\u017ce kolekcj\u0119 Shigir, najstarsz\u0105 na \u015bwiecie drewnian\u0105 rze\u017ab\u0119, datowan\u0105 obecnie na oko\u0142o 11 500 lat temu. Muzeum Sztuk Pi\u0119knych w Jekaterynburgu mie\u015bci wybitne p\u0142\u00f3tna rosyjskiego malarstwa, a \u017celiwny pawilon Kasli, arcydzie\u0142o wpisane na list\u0119 UNESCO z 1900 r., znajduje si\u0119 w jego asambla\u017cu.<\/p>\n<p>\u017bycie teatralne kwitnie w miejscach, kt\u00f3re obejmuj\u0105 Akademicki Teatr Komedii Muzycznej, teatr dramatyczny, teatr m\u0142odzie\u017cowy i znany teatr lalek. Teatr Opery i Baletu w Jekaterynburgu zdoby\u0142 cztery nagrody Z\u0142otej Maski w 2020 r., w tym za najlepsze przedstawienie operowe. Dziedzictwo filmowe miasta rozci\u0105ga si\u0119 od pierwszego kina w 1909 r. do Sverdlovsk Film Studio, za\u0142o\u017conego w 1943 r., kt\u00f3rego produkcje dociera\u0142y do \u200b\u200bkrajowej publiczno\u015bci. Obecnie ponad dwadzie\u015bcia kin wy\u015bwietla filmy krajowe i mi\u0119dzynarodowe.<\/p>\n<p>Muzyka r\u00f3wnie\u017c pulsuje na ulicach miasta. Zespo\u0142y rockowe, takie jak Chaif, Agata Kristi i Nautilus Pompilius, powsta\u0142y tutaj, przyczyniaj\u0105c si\u0119 do ruchu Ural Rock. Ural State Conservatory wykszta\u0142ci\u0142o takie gwiazdy opery jak Boris Shtokolov i Vera Bayeva, a Ural Philharmonic Orchestra pod dyrekcj\u0105 Dmitrija Lissa wyst\u0119puje na arenie mi\u0119dzynarodowej. Sztuki cyrkowe rozkwitaj\u0105 w V. I. Filatov State Circus, kt\u00f3ry w 2012 r. zosta\u0142 wybrany Cyrkiem Roku w Rosji.<\/p>\n<p>Jekaterynburg obejmuje zar\u00f3wno sztuk\u0119 publiczn\u0105, jak i architektur\u0119. Liczba zabytk\u00f3w konstruktywistycznych przekracza 140, od Bia\u0142ej Wie\u017cy Uralmasz po dom wydawniczy \u201eUralskiy Rabochiy\u201d. Sztuka uliczna przynios\u0142a miastu przydomek \u201erosyjskiej stolicy sztuki ulicznej\u201d. Zabytkowe budowle obejmuj\u0105 zar\u00f3wno neoklasycystyczne osiedla zaprojektowane przez architekta Michai\u0142a Ma\u0142achowa, dzia\u0142aj\u0105cego w latach 1815\u20131842, jak i barokowe i eklektyczne konstrukcje, takie jak Opera i dworzec kolejowy wzniesione na pocz\u0105tku XX wieku. Neoklasycyzm z czas\u00f3w radzieckich zdobi\u0142 budynki u\u017cyteczno\u015bci publicznej w latach 30.\u201350. XX wieku, podczas gdy bloki mieszkalne z czas\u00f3w Chruszczowa odzwierciedlaj\u0105 racjonalistyczne doktryny lat 60.\u201380. XX wieku. Reformy rynkowe z lat 90. XX wieku doprowadzi\u0142y do \u200b\u200brenowacji i zjawiska \u201efasady\u201d, polegaj\u0105cego na zachowaniu historycznych front\u00f3w przy jednoczesnym po\u0142\u0105czeniu ich z nowoczesnymi wype\u0142nieniami. Na prze\u0142omie tysi\u0105cleci pojawi\u0142y si\u0119 wie\u017cowce high-tech, centra biznesowe i luksusowe kompleksy, kt\u00f3rych ukoronowaniem jest Central Business District zaprojektowany przez Jeana Pistre&#039;a i Iset Tower.<\/p>\n<p>W dzielnicy kulturalnej w 2015 r. otwarto Centrum Prezydenckie Borysa Jelcyna, kt\u00f3re w 2017 r. zosta\u0142o uznane przez Rad\u0119 Europy za najlepsze muzeum w Europie. Uralskie Towarzystwo Mi\u0142o\u015bnik\u00f3w Nauk Przyrodniczych za\u0142o\u017cy\u0142o zoo, w kt\u00f3rym obecnie mieszka ponad 1000 zwierz\u0105t z 350 gatunk\u00f3w. Od 2011 r. trasa piesza \u201eRed Line\u201d prowadzi zwiedzaj\u0105cych przez trzydzie\u015bci cztery zabytki w sercu miasta, \u0142\u0105cz\u0105c pa\u0142ace, katedry i place publiczne w ramach samodzielnej wycieczki.<\/p>\n<p>Historia Jekaterynburga to historia nieustannej transformacji na styku kontynent\u00f3w i epok. Jego geneza jako plac\u00f3wki g\u00f3rniczej, dojrzewanie jako imperialnego i radzieckiego centrum przemys\u0142owego oraz wy\u0142onienie si\u0119 jako nowoczesnej metropolii finans\u00f3w, sztuki i architektury podkre\u015blaj\u0105 jego trwa\u0142e znaczenie. Od czas\u00f3w Katarzyny Wielkiej do ery cyfrowej miasto zr\u00f3wnowa\u017cy\u0142o wydobycie zasob\u00f3w i ekspresj\u0119 tw\u00f3rcz\u0105, znaczenie strategiczne i innowacj\u0119 kulturow\u0105. Na jego ulicach i linii horyzontu mo\u017cna dostrzec nie tylko ci\u0119\u017car historii, ale tak\u017ce niespokojn\u0105 ambicj\u0119 miasta nieustannie patrz\u0105cego na wsch\u00f3d i zach\u00f3d, na przesz\u0142o\u015b\u0107 i przysz\u0142o\u015b\u0107.<\/p>","protected":false},"excerpt":{"rendered":"<p>Jekaterynburg, centrum administracyjne obwodu swierd\u0142owskiego i uralskiego okr\u0119gu federalnego w Rosji, znajduje si\u0119 nad rzek\u0105 Iset, pomi\u0119dzy obszarem Wo\u0142gi-Uralu a Syberi\u0105. Jekaterynburg, z populacj\u0105 oko\u0142o 1,5 miliona w granicach miasta i do 2,2 miliona w aglomeracji metropolitalnej, jest czwartym co do wielko\u015bci miastem w Rosji i najwi\u0119kszym w uralskim okr\u0119gu federalnym.<\/p>","protected":false},"author":1,"featured_media":4521,"parent":11976,"menu_order":0,"comment_status":"closed","ping_status":"closed","template":"elementor_theme","meta":{"_eb_attr":"","footnotes":""},"class_list":["post-12053","page","type-page","status-publish","has-post-thumbnail"],"_links":{"self":[{"href":"https:\/\/travelshelper.com\/pl\/wp-json\/wp\/v2\/pages\/12053","targetHints":{"allow":["GET"]}}],"collection":[{"href":"https:\/\/travelshelper.com\/pl\/wp-json\/wp\/v2\/pages"}],"about":[{"href":"https:\/\/travelshelper.com\/pl\/wp-json\/wp\/v2\/types\/page"}],"author":[{"embeddable":true,"href":"https:\/\/travelshelper.com\/pl\/wp-json\/wp\/v2\/users\/1"}],"replies":[{"embeddable":true,"href":"https:\/\/travelshelper.com\/pl\/wp-json\/wp\/v2\/comments?post=12053"}],"version-history":[{"count":0,"href":"https:\/\/travelshelper.com\/pl\/wp-json\/wp\/v2\/pages\/12053\/revisions"}],"up":[{"embeddable":true,"href":"https:\/\/travelshelper.com\/pl\/wp-json\/wp\/v2\/pages\/11976"}],"wp:featuredmedia":[{"embeddable":true,"href":"https:\/\/travelshelper.com\/pl\/wp-json\/wp\/v2\/media\/4521"}],"wp:attachment":[{"href":"https:\/\/travelshelper.com\/pl\/wp-json\/wp\/v2\/media?parent=12053"}],"curies":[{"name":"wp","href":"https:\/\/api.w.org\/{rel}","templated":true}]}}