{"id":12037,"date":"2024-09-15T12:46:46","date_gmt":"2024-09-15T12:46:46","guid":{"rendered":"https:\/\/travelshelper.com\/staging\/?page_id=12037"},"modified":"2026-03-12T21:54:54","modified_gmt":"2026-03-12T21:54:54","slug":"soczi","status":"publish","type":"page","link":"https:\/\/travelshelper.com\/pl\/destinations\/europe\/russian-federation\/sochi\/","title":{"rendered":"Soczi"},"content":{"rendered":"<p>Soczi, najwi\u0119ksze miasto wypoczynkowe Rosji, zajmuje w\u0105ski pas wybrze\u017ca o powierzchni 176,77 kilometr\u00f3w kwadratowych wzd\u0142u\u017c Morza Czarnego na P\u00f3\u0142nocnym Kaukazie, z populacj\u0105 miejsk\u0105 wynosz\u0105c\u0105 466 078 i populacj\u0105 miejsk\u0105, kt\u00f3ra wzrasta do oko\u0142o 600 000. Rozci\u0105gaj\u0105c si\u0119 na d\u0142ugo\u015bci 145 kilometr\u00f3w od \u0141azariewskiego na p\u00f3\u0142nocnym zachodzie do Adlera na po\u0142udniowym wschodzie, Soczi jest najd\u0142u\u017cszym miastem Europy i pi\u0105tym co do wielko\u015bci o\u015brodkiem miejskim w Po\u0142udniowym Okr\u0119gu Federalnym, drugim co do wielko\u015bci w Kraju Krasnodarskim i sz\u00f3stym co do wielko\u015bci nad Morzem Czarnym. Po\u0142o\u017cone oko\u0142o 1603 kilometr\u00f3w od Moskwy drog\u0105 l\u0105dow\u0105, Soczi \u0142\u0105czy subtropikalne linie brzegowe ze stromymi, zalesionymi zboczami, daj\u0105c krajobraz kurortu niezr\u00f3wnany na rosyjskich szeroko\u015bciach geograficznych.<\/p>\n<p>Rozw\u00f3j miasta wywodzi si\u0119 z jego strategicznego po\u0142o\u017cenia na styku teren\u00f3w przybrze\u017cnych, rzecznych i g\u00f3rskich. Staro\u017cytni mieszka\u0144cy Ubykh nazywali to miejsce \u201e\u0428\u044a\u0443\u0430\u0447\u0430\u201d, co oznacza \u201enadmorski\u201d i pozosta\u0142o ono skupiskiem niezale\u017cnych osad do po\u0142owy XIX wieku. Rosyjskie posterunki wojskowe i genue\u0144skie punkty handlowe niegdy\u015b zdobi\u0142y lini\u0119 brzegow\u0105, k\u0142ad\u0105c podwaliny pod nowoczesne mikrodzielnice. Dzisiejsza struktura miejska obejmuje cztery dzielnice miejskie \u2014 Centralny, \u0141azarewski, Chostinski i Adlerski \u2014 wraz z osad\u0105 miejsk\u0105 Krasnaja Polana i siedemdziesi\u0119cioma dziewi\u0119cioma miejscowo\u015bciami wiejskimi, wszystkie administrowane \u0142\u0105cznie jako Soczi Urban Okrug.<\/p>\n<p>Central Soczi, formalnie dzielnica miejska Tsentralny, obejmuje zaledwie 32 kilometry kwadratowe, ale mieszka w niej oko\u0142o 137 677 mieszka\u0144c\u00f3w, co czyni j\u0105 najg\u0119\u015bciej zaludnion\u0105 dzielnic\u0105. Tutaj architektura ko\u015bcielna z XIX wieku dzieli nadbrze\u017cne promenady z zabytkami stalinizmu. Katedra Micha\u0142a Archanio\u0142a, zbudowana w latach 1873\u20131891 na pami\u0105tk\u0119 zako\u0144czenia wojny kaukaskiej, stanowi podstaw\u0119 historycznego centrum. Niedaleko znajduje si\u0119 kolumna z czerwonego granitu wzniesiona w 2006 r. na cze\u015b\u0107 \u017co\u0142nierzy poleg\u0142ych w tym konflikcie, a jej br\u0105zowy pos\u0105g Micha\u0142a Archanio\u0142a wznosi si\u0119 siedem metr\u00f3w nad placem pami\u0119ci. Poszukiwania botaniczne s\u0105 uciele\u015bnione w Arboretum w Soczi, kt\u00f3rego egzotyczna kolekcja palm i drzew subtropikalnych rozkwita po\u015br\u00f3d zagospodarowanych gaj\u00f3w. W Arboretum Mayors Alle\u00e9 mo\u017cna podziwia\u0107 nasadzenia palmowe podarowane przez wizytuj\u0105cych dygnitarzy, podkre\u015blaj\u0105ce mi\u0119dzynarodowy status kurortu Soczi. Na terenie Subtropikalnego Ogrodu Botanicznego znajduje si\u0119 Hybrydowe Drzewo Cytrusowe Przyja\u017ani, szczepione od 1940 r. odmianami z ca\u0142ego \u015bwiata. W s\u0105siaduj\u0105cym z nim muzeum przechowywane s\u0105 dziesi\u0105tki tysi\u0119cy prezent\u00f3w dyplomatycznych.<\/p>\n<p>Na p\u00f3\u0142nocny zach\u00f3d od centrum miasta le\u017cy dzielnica miejska Lazarevsky, rozci\u0105gaj\u0105ca si\u0119 na powierzchni oko\u0142o 1744 kilometr\u00f3w kwadratowych i licz\u0105ca 63 894 mieszka\u0144c\u00f3w wed\u0142ug spisu z 2010 roku. Poddzielnice obejmuj\u0105 Lazarevskoye, gdzie ko\u015bci\u00f3\u0142 z 1903 roku i jego wsp\u00f3\u0142czesny odpowiednik wsp\u00f3\u0142istniej\u0105 obok delfinarium; Loo, po\u0142o\u017cone na tle ruin ko\u015bcio\u0142a-twierdzy z czas\u00f3w bizantyjskich; Dagomys, s\u0142yn\u0105cy z cesarskich plantacji herbaty i ogrodu botanicznego zleconego przez Miko\u0142aja II, a tak\u017ce kompleksu hotelowego nad rzek\u0105 pochodz\u0105cego z 1982 roku; i Golovinka, historyczne uj\u015bcie rzeki Shakhe, gdzie dekabry\u015bci skazani niegdy\u015b obsadzali Fort Golovinsky a\u017c do jego zburzenia w wojnie krymskiej. Echa \u015bredniowiecznego handlu wci\u0105\u017c kr\u0105\u017c\u0105 w sk\u0105pych reliktach Fortu Godlik, niegdy\u015b bronionego przez Bizantyjczyk\u00f3w, obleganego przez Chazar\u00f3w i odbudowanego przez genue\u0144skich kupc\u00f3w.<\/p>\n<p>Na po\u0142udniowym wschodzie, dzielnica miejska Chostyn rozci\u0105ga si\u0119 na powierzchni oko\u0142o 374 kilometr\u00f3w kwadratowych i jest domem dla 65 229 mieszka\u0144c\u00f3w. Liczne strumienie rze\u017abi\u0105 zielone doliny, kt\u00f3re po\u017cyczy\u0142y swoje nazwy \u2014 Matsesta, \u201ep\u0142omienna rzeka\u201d, Kudepsta i Khosta \u2014 s\u0105siaduj\u0105cym mikrodzielnicom. Uzdrawiaj\u0105ce \u017ar\u00f3d\u0142a Matsesty pobudzi\u0142y wczesny rozw\u00f3j sanatori\u00f3w; ich bogate w minera\u0142y wody, niegdy\u015b butelkowane na eksport, nadal przyci\u0105gaj\u0105 rekonwalescent\u00f3w. Widoki ze szczyt\u00f3w wzg\u00f3rz oprawiaj\u0105 pola herbaciane, kt\u00f3re rozci\u0105gaj\u0105 si\u0119 na zbocza, a ich szmaragdowe tarasy wznosz\u0105 si\u0119 w kierunku Kaukaskiego Rezerwatu Biosfery. Ten rezerwat, b\u0119d\u0105cy cz\u0119\u015bci\u0105 \u015bwiatowego dziedzictwa UNESCO, rozci\u0105ga si\u0119 na terenie Kraju Krasnodarskiego i Adygei na p\u00f3\u0142nocnym wschodzie, chroni\u0105c dziewicze lasy mieszane i doliny lodowcowe tu\u017c w g\u0142\u0119bi l\u0105du od pla\u017c Soczi.<\/p>\n<p>Na po\u0142udniowym kra\u0144cu le\u017cy dzielnica miejska Adlersky, zajmuj\u0105ca powierzchni\u0119 1352 kilometr\u00f3w kwadratowych i licz\u0105ca 76 534 mieszka\u0144c\u00f3w. Historycznie odr\u0119bny do 1961 r. Adler \u0142\u0105czy w sobie wybrze\u017ce Morza Czarnego z g\u00f3rzystym zapleczem. Dawna wioska Sadz i \u015bredniowieczny port genue\u0144ski, kt\u00f3re kiedy\u015b zajmowa\u0142y to miejsce, ust\u0105pi\u0142y miejsca turystycznym promenadom i mi\u0119dzynarodowemu lotnisku. Za zatok\u0105 teren gwa\u0142townie wznosi si\u0119 w kierunku Zachodniego Kaukazu, gdzie sie\u0107 aul\u00f3w, odleg\u0142ych g\u00f3rskich wiosek, \u015blady tradycyjnej kultury adygejskiej i \u0142owiska pstr\u0105g\u00f3w skupiaj\u0105 si\u0119 wok\u00f3\u0142 w\u0105wozu Akhshtyr. Tutaj 160-metrowa wapienna jaskinia ods\u0142ania tysi\u0105clecia ludzkiego osadnictwa. Wy\u017cynna osada Estosadok, pierwotnie esto\u0144ska kolonia, obecnie s\u0142u\u017cy jako brama do Krasnej Polany, o\u015brodka narciarskiego, w kt\u00f3rym odbywa\u0142y si\u0119 zawody alpejskie i nordyckie podczas Zimowych Igrzysk Olimpijskich 2014.<\/p>\n<p>Zimowe Igrzyska Olimpijskie 2014 i XI Paraolimpiada stanowi\u0142y punkt zwrotny w transformacji Soczi. Obiekty olimpijskie znajdowa\u0142y si\u0119 zar\u00f3wno w przybrze\u017cnych skupiskach, jak i w g\u00f3rskich kompleksach, co wymaga\u0142o rozleg\u0142ych modernizacji infrastruktury. Niedaleki o\u015brodek narciarski Rosa Khutor, po\u0142o\u017cony w stromej dolinie na p\u00f3\u0142noc od Krasnej Polany, obs\u0142ugiwa\u0142 zjazdy i skoki. Inwestycje w igrzyska przekroczy\u0142y bilion rubli w ci\u0105gu poprzedniej dekady, obejmuj\u0105c transport, go\u015bcinno\u015b\u0107 i odnow\u0119 miejsk\u0105. Zmodernizowano po\u0142\u0105czenia kolejowe; pi\u0119\u0107 stacji \u2014 Dagomys, Soczi, Matsesta, Khosta i Adler \u2014 przesz\u0142o renowacj\u0119, podczas gdy nowe stacje powsta\u0142y w Adler i Estosadok. Plany sieci lekkiego metra zosta\u0142y ostatecznie od\u0142o\u017cone na p\u00f3\u0142k\u0119 na rzecz modernizacji kolei, jednak kolejki linowe i kolejki linowo-terenowe mno\u017cy\u0142y si\u0119, \u0142\u0105cz\u0105c sanatoria nizinne i hotele na zboczach wzg\u00f3rz. Grand Prix Rosji Formu\u0142y 1, kt\u00f3re odbywa\u0142o si\u0119 na specjalnie zbudowanym torze nadmorskim od 2014 do 2021 r., jeszcze bardziej umocni\u0142o pozycj\u0119 Soczi jako miejsca docelowego na wiele sezon\u00f3w. W 2018 r. Soczi do\u0142\u0105czy\u0142o do Moskwy i Sankt Petersburga jako miasto gospodarzy mecz\u00f3w Mistrzostw \u015awiata FIFA.<\/p>\n<p>Geograficznie miasto zajmuje w\u0105ski korytarz otoczony \u0142agodnymi wodami Morza Czarnego i stromymi zboczami Zachodniego Kaukazu. Sze\u015b\u0107 znacz\u0105cych rzek nawadnia to terytorium: Mzymta i Shakhe przecinaj\u0105 g\u00f3rskie doliny do morza, podczas gdy rzeki Ashe, Psezuapse, Sochi, Khosta i Macesta przecinaj\u0105 mikrodzielnice nazwane od swoich ciek\u00f3w. Na po\u0142udniowym wschodzie rzeka Psou wyznacza granic\u0119 z de facto pa\u0144stwem Abchazja. W g\u0142\u0119bi l\u0105du od kurort\u00f3w Park Narodowy Soczi obejmuje wszystko opr\u00f3cz wybrze\u017ca i rezerwatu biosfery, chroni\u0105c zar\u00f3wno iglaste wy\u017cyny, jak i subtropikalne kaniony nizinne.<\/p>\n<p>Klimat Soczi znacznie r\u00f3\u017cni si\u0119 od klimatu wi\u0119kszo\u015bci rosyjskich miast. Sklasyfikowany jako wilgotny subtropikalny (K\u00f6ppen Cfa) na niskich wysoko\u015bciach, rejestruje \u015brednie dzienne temperatury wynosz\u0105ce 11 \u00b0C zim\u0105 i 24 \u00b0C latem, z odpowiadaj\u0105cymi im \u015brednimi nocnymi odpowiednio 4 \u00b0C i 16 \u00b0C. Temperatury morza w sezonie pla\u017cowym wahaj\u0105 si\u0119 od 9 \u00b0C w lutym do nawet 27 \u00b0C w sierpniu. Roczne opady wynosz\u0105ce oko\u0142o 1700 mm padaj\u0105 przez oko\u0142o 2200 godzin s\u0142onecznych, daj\u0105c \u0142agodne sezony przej\u015bciowe w kwietniu i listopadzie, kiedy dzienne maksima czasami osi\u0105gaj\u0105 20 \u00b0C. Pomimo subtropikalnego klimatu, zdarzaj\u0105 si\u0119 tu nocne przymrozki, a zimowe temperatury spad\u0142y do \u200b\u200b-13,4 \u00b0C (25 stycznia 1892 r.), podczas gdy letnie maksima osi\u0105gn\u0119\u0142y 39,4 \u00b0C 30 lipca 2000 r. Klasyfikacja miasta w ramach stref mrozoodporno\u015bci USDA 8b\u20139a pozwala na upraw\u0119 r\u00f3\u017cnych palm i herbaty \u2014 co jest rzadko\u015bci\u0105 w rosyjskim rolnictwie.<\/p>\n<p>Uprawa herbaty stanowi odr\u0119bny w\u0105tek ekonomiczny i kulturowy. P\u00f3\u0142nocne plantacje Soczi zawdzi\u0119czaj\u0105 swoje pocz\u0105tki XIX wiekowi, kiedy Miko\u0142aj II zleci\u0142 za\u0142o\u017cenie ogrod\u00f3w w Dagomys i okolicznych dolinach. Obecnie fabryki herbaty przetwarzaj\u0105 lokalne li\u015bcie obok importowanych, a posiad\u0142o\u015bci dziedzictwa kulturowego s\u0142u\u017c\u0105 jako muzealne farmy i miejsca degustacji. Podobnie subtropikalne Arboretum \u015bwiadczy o eksperymentach z egzotyczn\u0105 flor\u0105; jego szklarnie i zagospodarowane w\u0105wozy prezentuj\u0105 gatunki odzwierciedlaj\u0105ce niuanse klimatyczne regionu.<\/p>\n<p>Ekonomicznie Soczi dzia\u0142a zar\u00f3wno jako magnes na kurorty, jak i regionalny motor wzrostu. Natalia Zubarevich, ekonomistka-geograf, scharakteryzowa\u0142a miasto jako \u201estolic\u0119 rekreacji\u201d Rosji, kt\u00f3rej dobrobyt wp\u0142ywa na krajowe wektory rozwoju. W 2015 r. handel detaliczny stanowi\u0142 59 procent jej gospodarki, nast\u0119pnie budownictwo (15 procent), us\u0142ugi wypoczynkowe i turystyczne (11 procent), przemys\u0142 (10,6 procent), transport (3,5 procent) i rolnictwo (0,9 procent). \u015arednie i du\u017ce przedsi\u0119biorstwa odnotowa\u0142y obroty przekraczaj\u0105ce 191,3 miliarda rubli w 2017 r., co stanowi wzrost o 12 procent rok do roku. Od 2005 r. skumulowane inwestycje w gospodark\u0119 Soczi przekroczy\u0142y 1,1 biliona rubli, odzwierciedlaj\u0105c wzrost kapita\u0142u zwi\u0105zanego z igrzyskami olimpijskimi i szerszymi wysi\u0142kami na rzecz przebudowy.<\/p>\n<p>W rankingach krajowych Soczi niezmiennie wypada dobrze. Urbanika Institute umie\u015bci\u0142 je na pierwszym miejscu pod wzgl\u0119dem jako\u015bci \u017cycia w\u015br\u00f3d rosyjskich miast w 2010 r., a w pierwszej pi\u0105tce w 2014 i 2015 r., powo\u0142uj\u0105c si\u0119 na szybki rozw\u00f3j, atrakcyjno\u015b\u0107 dla \u015brodowiska i bezpiecze\u0144stwo publiczne. Forbes Rosja uzna\u0142 Soczi za najlepsze miasto dla biznesu w 2012 r., uznaj\u0105c przep\u0142ywy inwestycyjne i powstaj\u0105ce sektory us\u0142ug finansowych. Sam przemys\u0142 turystyczny wygenerowa\u0142 przychody w wysoko\u015bci oko\u0142o 30 miliard\u00f3w rubli w 2015 r. \u2014 co stanowi 18,6 procent ca\u0142kowitego rynku zakwaterowania i go\u015bcinno\u015bci w kraju. Roczna liczba przyjazd\u00f3w turyst\u00f3w osi\u0105gn\u0119\u0142a ponad 5,2 miliona w 2016 r., co stanowi wzrost o 5,9 procent, przy \u015brednim ob\u0142o\u017ceniu hoteli wynosz\u0105cym blisko 77 procent, cho\u0107 silnie sezonowym.<\/p>\n<p>Opcje zakwaterowania obejmuj\u0105 705 sklasyfikowanych obiekt\u00f3w, w tym 66 sanatori\u00f3w, 20 pensjonat\u00f3w i o\u015brodk\u00f3w rekreacyjnych oraz 618 hoteli. Operatorzy pla\u017cowi zarz\u0105dzaj\u0105 183 wyznaczonymi strefami, podczas gdy ponad sto firm turystycznych organizuje wycieczki do rezerwat\u00f3w g\u00f3rskich, zabytk\u00f3w kultury i atrakcji na morzu. Morskie centra aktywno\u015bci znajduj\u0105 si\u0119 w terminalu portowym w stylu stalinowskim, uko\u0144czonym w 1955 r. przez architekt\u00f3w Karo Alabyana i Leonida Karlika; jego 71-metrowa wie\u017ca iglicowa i alegoryczne rze\u017aby celebruj\u0105 pory roku i kierunki \u015bwiata. Statki rekreacyjne i statki handlowe dziel\u0105 jego artystyczne hale.<\/p>\n<p>Infrastruktura transportowa nadal si\u0119 rozwija. Mi\u0119dzynarodowy Port Lotniczy Adler-Soczi obs\u0142uguje loty krajowe i ograniczone loty mi\u0119dzynarodowe, \u0142\u0105cz\u0105c si\u0119 z Moskw\u0105, Sankt Petersburgiem, Stambu\u0142em i regionalnymi w\u0119z\u0142ami komunikacyjnymi. Transport publiczny obejmuje sie\u0107 autobus\u00f3w i taks\u00f3wek, wspieranych przez pomocnicze kolejki linowe w Centralnym Sanatorium Wojskowym i Kurorcie Ordzhonikidze, a tak\u017ce trzy kolejki linowe w Sanatorium Dawn Arboretum i Pensjonacie Neva. W Krasnej Polanie kolejne kolejki linowe dostarczaj\u0105 entuzjastom sport\u00f3w zimowych przewy\u017cszenia przekraczaj\u0105ce tysi\u0105c metr\u00f3w nad poziomem morza.<\/p>\n<p>\u017bycie kulturalne w Soczi koncentruje si\u0119 wok\u00f3\u0142 corocznych festiwali i sztuk widowiskowych. Festiwal filmowy Kinotavr, odbywaj\u0105cy si\u0119 ka\u017cdego lata od 1991 r., przybli\u017ca kino rosyjskie i mi\u0119dzynarodowe lokalnym ekranom. Koncerty symfoniczne, recitale kameralne i wyst\u0119py baletowe odbywaj\u0105 si\u0119 w odnowionych salach, w tym w Sali Organowej i Kameralnej, gdzie Orkiestra Symfoniczna Soczi \u2014 od lat dyrygowana przez Olega Soldatova \u2014 zabawia zar\u00f3wno mieszka\u0144c\u00f3w, jak i go\u015bci. Muzea po\u015bwi\u0119cone historii regionu, sztuce i naukom przyrodniczym zajmuj\u0105 przebudowane budynki handlowe i specjalnie zbudowane galerie.<\/p>\n<p>Nawet gdy globalny profil Soczi wzr\u00f3s\u0142, ochrona \u015brodowiska pozostaje kwesti\u0105 zasadnicz\u0105. Kaukaski Rezerwat Biosfery i s\u0105siaduj\u0105cy z nim park narodowy chroni\u0105 gatunki endemiczne, takie jak u\u0142an kaukaski i lampart perski, jednocze\u015bnie utrzymuj\u0105c integralno\u015b\u0107 zlewni dla rzek, kt\u00f3re dostarczaj\u0105 wod\u0119 pitn\u0105 spo\u0142eczno\u015bciom przybrze\u017cnym. Inicjatywy zr\u00f3wnowa\u017conej turystyki promuj\u0105 piesze w\u0119dr\u00f3wki o niskim wp\u0142ywie na \u015brodowisko i obserwacj\u0119 dzikiej przyrody, a projekty zalesiania maj\u0105 na celu odnow\u0119 zboczy ogo\u0142oconych przez wcze\u015bniejsz\u0105 zabudow\u0119. W\u0142adze lokalne egzekwuj\u0105 przepisy przeciwko niekontrolowanej budowie linii brzegowej, staraj\u0105c si\u0119 zr\u00f3wnowa\u017cy\u0107 mo\u017cliwo\u015bci ekonomiczne z ochron\u0105 ekosystemu.<\/p>\n<p>Infrastruktura i finanse przeplataj\u0105 si\u0119 w trwaj\u0105cej modernizacji miast. Sieci szerokopasmowe i \u0142\u0105czno\u015b\u0107 \u015bwiat\u0142owodowa znacznie si\u0119 rozwin\u0119\u0142y przed Zimowymi Igrzyskami Olimpijskimi, umo\u017cliwiaj\u0105c zastosowania inteligentnych miast w zakresie bezpiecze\u0144stwa publicznego i zarz\u0105dzania ruchem drogowym. Promenady nadbrze\u017cne i nabrze\u017ca rzek zosta\u0142y przebudowane, aby by\u0142y odporne na sezonowe powodzie, a systemy kanalizacyjne zmodernizowano, aby obs\u0142ugiwa\u0107 populacj\u0119 w szczycie sezonu. Zach\u0119ty inwestycyjne przyci\u0105gaj\u0105 firmy technologiczne i us\u0142ugowe, dywersyfikuj\u0105c baz\u0119 ekonomiczn\u0105 Soczi poza sektor hotelarski.<\/p>\n<p>Plac\u00f3wki edukacyjne, w tym oddzia\u0142y wiod\u0105cych rosyjskich uniwersytet\u00f3w, prowadz\u0105 badania nad rolnictwem subtropikalnym, \u0142agodzeniem ryzyka sejsmicznego i zarz\u0105dzaniem turystyk\u0105. Mi\u0119dzynarodowe konferencje zwo\u0142uj\u0105 ekspert\u00f3w w zakresie adaptacji do zmian klimatu i ochrony dziedzictwa, wykorzystuj\u0105c wyj\u0105tkow\u0105 pozycj\u0119 Soczi na skrzy\u017cowaniu Europy i Azji. Programy wsp\u00f3\u0142pracy z UNESCO i Mi\u0119dzynarodow\u0105 Uni\u0105 Ochrony Przyrody dotycz\u0105 zarz\u0105dzania obszarami chronionymi, podczas gdy inicjatywy wymiany kulturalnej skupiaj\u0105 si\u0119 na kaukaskiej muzyce, ta\u0144cu i rzemio\u015ble.<\/p>\n<p>Patrz\u0105c w przysz\u0142o\u015b\u0107, Soczi stoi przed wyzwaniem utrzymania ca\u0142orocznej aktywno\u015bci. Dzia\u0142ania maj\u0105ce na celu promowanie turystyki kulturalnej w miesi\u0105cach zimowych, takie jak jarmarki bo\u017conarodzeniowe, wystawy sztuki i o\u015brodki odnowy biologicznej, maj\u0105 na celu z\u0142agodzenie sezonowych waha\u0144. Rozszerzenie obiekt\u00f3w narciarskich i rowerowych w Krasnej Polanie i Parku Olimpijskim ma na celu przyci\u0105gni\u0119cie krajowych i regionalnych go\u015bci. Propozycje po\u0142\u0105cze\u0144 kolejk\u0105 linow\u0105 z nowymi dolinami mog\u0142yby otworzy\u0107 dodatkowe tereny alpejskie, chocia\u017c oceny \u015brodowiskowe mog\u0105 ograniczy\u0107 takie projekty.<\/p>\n<p>Urbani\u015bci bior\u0105 r\u00f3wnie\u017c pod uwag\u0119 trendy demograficzne: ze wzgl\u0119du na starzenie si\u0119 populacji mieszka\u0144c\u00f3w i nap\u0142yw migrant\u00f3w Soczi musi zaj\u0105\u0107 si\u0119 przyst\u0119pnymi cenowo mieszkaniami i infrastruktur\u0105 spo\u0142eczn\u0105. Us\u0142ugi opieki zdrowotnej zosta\u0142y wzmocnione przez nowoczesne kliniki i centra rehabilitacyjne specjalizuj\u0105ce si\u0119 w urazach sportowych i przewlek\u0142ych schorzeniach zwi\u0105zanych z czynnikami klimatycznymi. Szko\u0142y publiczne i szko\u0142y zawodowe oferuj\u0105 programy dostosowane do go\u015bcinno\u015bci, rolnictwa i zawod\u00f3w technicznych, odpowiadaj\u0105c na zapotrzebowanie rynku pracy.<\/p>\n<p>W transporcie propozycje po\u0142\u0105cze\u0144 lekkiej kolei mi\u0119dzy mikrodzielnicami mog\u0105 si\u0119 jeszcze pojawi\u0107, a badania oceniaj\u0105ce stosunek koszt\u00f3w do korzy\u015bci w odniesieniu do istniej\u0105cych sieci autobusowych i taks\u00f3wek. Nowoczesne tramwaje lub elektryczne minibusy mog\u0142yby zmniejszy\u0107 korki na autostradzie nadmorskiej, kt\u00f3ra jest obci\u0105\u017cona du\u017cym ruchem w sezonie \u015bwi\u0105tecznym. Transport wodny, w tym szybkie promy do port\u00f3w regionalnych, m\u00f3g\u0142by oferowa\u0107 alternatywne po\u0142\u0105czenia do miejsc docelowych, takich jak Anapa i Noworosyjsk.<\/p>\n<p>Pod wzgl\u0119dem kulturowym wysi\u0142ki maj\u0105ce na celu podkre\u015blenie wieloetnicznego dziedzictwa miasta czerpi\u0105 z narracji Ubykh, Adyghe, Gruzin\u00f3w i Rosjan. Muzea i centra interpretacyjne maj\u0105 na celu kontekstualizacj\u0119 znalezisk archeologicznych z epoki prehistorycznej i \u015bredniowiecznej, \u0142\u0105cz\u0105c przesz\u0142o\u015b\u0107 z tera\u017aniejszo\u015bci\u0105. Festiwale celebruj\u0105ce kaukask\u0105 muzyk\u0119 i kuchni\u0119, obok ortodoksyjnych i muzu\u0142ma\u0144skich miejsc dziedzictwa, podkre\u015blaj\u0105 rol\u0119 Soczi jako punktu spotka\u0144 tradycji.<\/p>\n<p>Tak wi\u0119c Soczi jest uderzaj\u0105cym przyk\u0142adem geograficznego zestawienia: wilgotne subtropikalne wybrze\u017ce przylegaj\u0105ce do g\u00f3r lodowcowych, nowoczesne udogodnienia kurortu przeplatane wielowiekowymi wioskami i gospodarka ewoluuj\u0105ca od sezonowej turystyki do ca\u0142orocznej dywersyfikacji. Od zboczy przecinaj\u0105cych rzeki po lasy chronione przez UNESCO, od olimpijskiej wspania\u0142o\u015bci po intymne kolekcje botaniczne, miasto uciele\u015bnia zbie\u017cno\u015b\u0107 historii naturalnej i ludzkiej. Jego nieustanne wyzwanie polega na piel\u0119gnowaniu tego podw\u00f3jnego dziedzictwa \u2014 zachowaniu integralno\u015bci ekologicznej przy jednoczesnym utrzymaniu spo\u0142ecznej i infrastrukturalnej witalno\u015bci, kt\u00f3ra zdefiniowa\u0142a wzrost Soczi jako najwa\u017cniejszego nadmorskiego celu podr\u00f3\u017cy w Rosji.<\/p>","protected":false},"excerpt":{"rendered":"<p>Soczi, najwi\u0119ksze miasto wypoczynkowe w Rosji, po\u0142o\u017cone jest na wybrze\u017cu Morza Czarnego w po\u0142udniowej Rosji, z populacj\u0105 466 078 os\u00f3b i pojemno\u015bci\u0105 obszaru miejskiego do 600 000 mieszka\u0144c\u00f3w. Ta niezwyk\u0142a metropolia rozci\u0105ga si\u0119 na ponad 145 kilometr\u00f3w, co czyni j\u0105 najd\u0142u\u017cszym miastem w Europie i ma powierzchni\u0119 176,77 kilometr\u00f3w kwadratowych. Korzystne po\u0142o\u017cenie Soczi nad rzek\u0105 Soczi, oko\u0142o 1603 kilometr\u00f3w od Moskwy, wzmocni\u0142o jego status jako znacz\u0105cego w\u0119z\u0142a turystycznego i centrum handlowego w tym regionie.<\/p>","protected":false},"author":1,"featured_media":4089,"parent":11976,"menu_order":0,"comment_status":"closed","ping_status":"closed","template":"elementor_theme","meta":{"_eb_attr":"","footnotes":""},"class_list":["post-12037","page","type-page","status-publish","has-post-thumbnail"],"_links":{"self":[{"href":"https:\/\/travelshelper.com\/pl\/wp-json\/wp\/v2\/pages\/12037","targetHints":{"allow":["GET"]}}],"collection":[{"href":"https:\/\/travelshelper.com\/pl\/wp-json\/wp\/v2\/pages"}],"about":[{"href":"https:\/\/travelshelper.com\/pl\/wp-json\/wp\/v2\/types\/page"}],"author":[{"embeddable":true,"href":"https:\/\/travelshelper.com\/pl\/wp-json\/wp\/v2\/users\/1"}],"replies":[{"embeddable":true,"href":"https:\/\/travelshelper.com\/pl\/wp-json\/wp\/v2\/comments?post=12037"}],"version-history":[{"count":0,"href":"https:\/\/travelshelper.com\/pl\/wp-json\/wp\/v2\/pages\/12037\/revisions"}],"up":[{"embeddable":true,"href":"https:\/\/travelshelper.com\/pl\/wp-json\/wp\/v2\/pages\/11976"}],"wp:featuredmedia":[{"embeddable":true,"href":"https:\/\/travelshelper.com\/pl\/wp-json\/wp\/v2\/media\/4089"}],"wp:attachment":[{"href":"https:\/\/travelshelper.com\/pl\/wp-json\/wp\/v2\/media?parent=12037"}],"curies":[{"name":"wp","href":"https:\/\/api.w.org\/{rel}","templated":true}]}}