{"id":12022,"date":"2024-09-15T12:33:42","date_gmt":"2024-09-15T12:33:42","guid":{"rendered":"https:\/\/travelshelper.com\/staging\/?page_id=12022"},"modified":"2026-03-12T21:59:02","modified_gmt":"2026-03-12T21:59:02","slug":"novosibirsk","status":"publish","type":"page","link":"https:\/\/travelshelper.com\/pl\/destinations\/europe\/russian-federation\/novosibirsk\/","title":{"rendered":"Novosibirsk"},"content":{"rendered":"<p>Nowosybirsk jest najludniejszym miastem Syberii, zamieszkiwanym przez 1 633 595 os\u00f3b wed\u0142ug spisu z 2021 r. i pe\u0142ni funkcj\u0119 centrum administracyjnego obwodu nowosybirskiego i syberyjskiego okr\u0119gu federalnego. Po\u0142o\u017cony na 55\u00b0N nad brzegiem rzeki Ob na Nizinie Zachodniosyberyjskiej, zajmuje kluczowy punkt tranzytowy \u2014 2811 kilometr\u00f3w na wsch\u00f3d od Moskwy \u2014 i rozci\u0105ga si\u0119 przez po\u0142udniow\u0105 granic\u0119 wyznaczon\u0105 przez Zbiornik Nowosybirski, utworzony przez lokaln\u0105 elektrowni\u0119 wodn\u0105. Za\u0142o\u017cone w 1893 r. przy przysz\u0142ym skrzy\u017cowaniu Kolei Transsyberyjskiej, miasto ewoluowa\u0142o od swoich pocz\u0105tk\u00f3w jako Nowoniko\u0142ajewsk do wieloaspektowego centrum przemys\u0142u, bada\u0144 i kultury.<\/p>\n<p>Nowoniko\u0142ajewsk powsta\u0142 na niskim, bagiennym terenie zalewowym rzeki Ob, gdzie p\u0119d cesarskich in\u017cynier\u00f3w kolejowych przecina\u0142 si\u0119 z naturaln\u0105 geografi\u0105. W 1897 r. uko\u0144czono budow\u0119 mostu kolejowego w Nowosybirsku, kt\u00f3ry po\u0142\u0105czy\u0142 europejsk\u0105 Rosj\u0119 z rozleg\u0142ym wn\u0119trzem Syberii, a do 1907 r. populacja osady wzros\u0142a z zaledwie 8000 os\u00f3b w momencie otwarcia mostu do ponad 47000. Uzyskawszy status miasta z pe\u0142nymi prawami miejskimi, nosi\u0142o nazw\u0119 \u201eNowy Miko\u0142aj\u201d na cze\u015b\u0107 cesarza Miko\u0142aja II. Przewroty rosyjskiej wojny domowej wyrz\u0105dzi\u0142y powa\u017cne szkody rozwijaj\u0105cej si\u0119 spo\u0142eczno\u015bci, jednak wraz z konsolidacj\u0105 w\u0142adzy radzieckiej miasto nie tylko si\u0119 odrodzi\u0142o, ale przyspieszy\u0142o sw\u00f3j rozw\u00f3j. W 1926 r. przyj\u0119\u0142o nazw\u0119 Nowosybirsk \u2014 dos\u0142ownie \u201eNowa Syberia\u201d \u2014 sygnalizuj\u0105c swoj\u0105 rodz\u0105c\u0105 si\u0119 to\u017csamo\u015b\u0107 jako centrum radzieckiej nowoczesno\u015bci.<\/p>\n<p>Pod rz\u0105dami J\u00f3zefa Stalina, kt\u00f3ry rozpocz\u0105\u0142 industrializacj\u0119, Nowosybirsk sta\u0142 si\u0119 jedn\u0105 z najwa\u017cniejszych stolic produkcyjnych Syberii. Fabryki przeniesione z europejskiej cz\u0119\u015bci ZSRR podczas II wojny \u015bwiatowej znalaz\u0142y tu bezpieczn\u0105 przysta\u0144, przekszta\u0142caj\u0105c miasto w g\u0142\u00f3wnego producenta maszyn, sprz\u0119tu wojskowego i materia\u0142\u00f3w. Powojenna ekspansja obejmowa\u0142a utworzenie Akademgorodoka w 1957 r., oko\u0142o trzydziestu kilometr\u00f3w na po\u0142udnie od centrum miasta, co oznacza\u0142o wzrost miasta jako o\u015brodka bada\u0144 naukowych. Kamie\u0144 milowy populacji wynosz\u0105cy jeden milion zosta\u0142 osi\u0105gni\u0119ty w 1962 r., a kolejne dekady by\u0142y \u015bwiadkami rozwoju zr\u00f3\u017cnicowanej gospodarki, kt\u00f3ra obecnie obejmuje przemys\u0142 lotniczy i kosmiczny, produkcj\u0119 paliwa j\u0105drowego, produkcj\u0119 turbin i generator\u00f3w, maszyny tekstylne i rolnicze, komponenty elektroniczne i metalurgi\u0119.<\/p>\n<p>Kompleks przemys\u0142owy obejmuje oko\u0142o 214 du\u017cych i \u015brednich przedsi\u0119biorstw. Nowosybirska Fabryka Samolot\u00f3w Czka\u0142owa jest uosobieniem sektora lotnictwa i kosmonautyki, podczas gdy Nowosybirska Fabryka Koncentrat\u00f3w Chemicznych nap\u0119dza przemys\u0142 paliw j\u0105drowych. NPO ELSIB produkuje turbogeneratory i generatory hydroelektryczne, a Textilmach i NPO Sibselmash dostarczaj\u0105 odpowiednio maszyny tekstylne i rolnicze. Produkcja elektroniki jest reprezentowana przez Nowosybirsk\u0105 Fabryk\u0119 i Biuro Projektowe Urz\u0105dze\u0144 P\u00f3\u0142przewodnikowych oraz Nowosybirsk\u0105 Fabryk\u0119 Komponent\u00f3w Radiowych OXID. Zak\u0142ady metalurgiczne, takie jak Nowosybirska Fabryka Metalurgiczna Kuzmina i Nowosybirska Fabryka Cyny, podkre\u015blaj\u0105 rol\u0119 miasta w obr\u00f3bce metali i przetw\u00f3rstwie metali rzadkich.<\/p>\n<p>Administracyjnie Nowosybirsk jest w\u0142\u0105czony jako jednostka o statusie r\u00f3wnym statusowi otaczaj\u0105cych go powiat\u00f3w, tworz\u0105c miasto Nowosybirsk. Ponadto pe\u0142ni funkcj\u0119 centrum administracyjnego Rejonu Nowosybirskiego, chocia\u017c nie le\u017cy w jego jurysdykcji. Pod wzgl\u0119dem miejskim ca\u0142y obszar miejski stanowi Nowosybirski Okr\u0119g Miejski. Liczba ludno\u015bci miasta wzros\u0142a z 1 473 754 w spisie z 2010 r. do 1 633 595 w 2021 r., co odzwierciedla ci\u0105g\u0142y wzrost demograficzny obejmuj\u0105cy ponad osiemdziesi\u0105t grup etnicznych i narodowo\u015bci. Pod wzgl\u0119dem etnicznym najwi\u0119ksze grupy obejmuj\u0105 Rosjan, Tad\u017cyk\u00f3w, Tatar\u00f3w, Uzbek\u00f3w, Ukrai\u0144c\u00f3w i Kirgiz\u00f3w.<\/p>\n<p>Tkanina miejska Nowosybirska ewoluowa\u0142a poprzez kolejne fazy planowania. Przed 1917 rokiem skupiska budynk\u00f3w, takie jak siedziba zarz\u0105du kolei, g\u0142\u00f3wny dworzec i neobizantyjska katedra Aleksandra Newskiego, sta\u0142y rozproszone po ca\u0142ej r\u00f3wninie zalewowej. Rewolucja zapocz\u0105tkowa\u0142a bardziej sp\u00f3jny uk\u0142ad miejski: w 1925 roku na Krasnym Prospekcie, alei, kt\u00f3ra mia\u0142a sta\u0107 si\u0119 g\u0142\u00f3wn\u0105 arteri\u0105 miejsk\u0105, wzniesiono Dom Lenina, a na ulicy Barnaulskiej w pobli\u017cu stacji umieszczono pomnik Lenina. Pod koniec lat dwudziestych XX wieku wok\u00f3\u0142 dawnego Rynku \u2014 Bazarnaya Ploschad \u2014 zacz\u0119\u0142o si\u0119 tworzy\u0107 de facto centrum, gdzie w 1931 roku rozpocz\u0119to budow\u0119 Nowosybirskiego Teatru Opery i Baletu. Park Kultury i Wypoczynku im. Stalina, za\u0142o\u017cony na peryferiach miasta, stworzy\u0142 promienist\u0105 o\u015b \u0142\u0105cz\u0105c\u0105 wypoczynek, administracj\u0119 i sztuk\u0119.<\/p>\n<p>P\u0142\u00f3tno architektoniczne Nowosybirska obejmuje spektrum styl\u00f3w. Eklektyczne i modernistyczne budowle pochodz\u0105ce z carskiej Rosji pozostaj\u0105 obok stalinowskiego neoklasycyzmu lat 30. i czystych linii radzieckiego modernizmu. P\u00f3\u017ane radzieckie struktury brutalistyczne nadaj\u0105 monumentaln\u0105 jako\u015b\u0107, podczas gdy mozaiki, p\u0142askorze\u017aby i rze\u017aby publiczne podkre\u015blaj\u0105 fasady, odzwierciedlaj\u0105c zami\u0142owanie epoki do sztuki obywatelskiej. Nowosybirski Teatr Opery i Baletu, cz\u0119sto nazywany \u201eSyberyjskim Koloseum\u201d, jest przyk\u0142adem \u015bmia\u0142ej skali i ambicji wczesnego radzieckiego projektu. Jego wysoki dach w kszta\u0142cie muszli i ogromne audytorium m\u00f3wi\u0105 o kulturalnych aspiracjach miasta. Niedaleko znajduje si\u0119 Katedra Aleksandra Newskiego, kt\u00f3ra oferuje kontrastuj\u0105cy wymiar duchowy, a jej kopu\u0142y przypominaj\u0105 przedrewolucyjn\u0105 architektur\u0119 ko\u015bcieln\u0105.<\/p>\n<p>Rzeka Ob kszta\u0142tuje zar\u00f3wno geografi\u0119, jak i transport. Trzy mosty drogowe \u2014 Kommunalny, Dimitrovsky i Bugrinsky \u2014 przecinaj\u0105 cieki wodne, obok dw\u00f3ch wiadukt\u00f3w kolejowych i mostu metra Nowosybirskiego. Zapora Nowosybirskiej Elektrowni Wodnej, po\u0142o\u017cona na po\u0142udniowym kra\u0144cu miasta, pe\u0142ni podw\u00f3jn\u0105 funkcj\u0119: generatora energii i kana\u0142u komunikacyjnego. Zbiornik utworzony przez zapor\u0119, przecinaj\u0105cy p\u0142askowy\u017c Ob, wyznacza po\u0142udniow\u0105 granic\u0119 miasta. Chocia\u017c Nowosybirsk le\u017cy oko\u0142o 2811 kilometr\u00f3w od Moskwy, utrzymuje bliskie powi\u0105zania z o\u015brodkami regionalnymi, takimi jak Omsk, Barnau\u0142, Kemerowo i Tomsk.<\/p>\n<p>Lotnisko To\u0142maczewo, najbardziej ruchliwy w\u0119ze\u0142 lotniczy Syberii, \u0142\u0105czy Nowosybirsk z g\u0142\u00f3wnymi miastami i destynacjami Rosji w Europie i Azji. Dzia\u0142a jako g\u0142\u00f3wna baza dla linii lotniczych S7. Dodatkowe obiekty lotnicze obejmuj\u0105 lotnisko Jelcawka, oferuj\u0105ce us\u0142ugi pomocnicze, podczas gdy dawne lotnisko lotnictwa og\u00f3lnego Severny zako\u0144czy\u0142o dzia\u0142alno\u015b\u0107 w 2012 roku. Kolej pozostaje kamieniem w\u0119gielnym: stacja Nowosybirsk-G\u0142awny znajduje si\u0119 w sercu dzielnicy prawobrze\u017cnej, uzupe\u0142niona o stacje Nowosybirsk-Zapadny, Nowosybirsk-Wostoczny i Nowosybirsk-Ju\u017cny, kt\u00f3re razem obs\u0142uguj\u0105 ca\u0142y ruch mi\u0119dzymiastowy. Przystanki podmiejskie, takie jak Inskaya i Seyatel, rozszerzaj\u0105 sie\u0107. Miasto le\u017cy na zbiegu Kolei Transsyberyjskiej i Kolei Turkiesta\u0144sko-Syberyjskiej, co czyni je w\u0119z\u0142em krajowych i mi\u0119dzynarodowych podr\u00f3\u017cy kolejowych do Chin, Mongolii, Bia\u0142orusi i Azji \u015arodkowej.<\/p>\n<p>Mi\u0119dzymiastowy i mi\u0119dzynarodowy transport autobusowy wcze\u015bniej koncentrowa\u0142 si\u0119 na stacji Krasny Avenue, otwartej w 1964 r. i wycofanej z eksploatacji w kwietniu 2020 r. Trwaj\u0105 prace nad nowymi stacjami peryferyjnymi, z kt\u00f3rych pierwsza zosta\u0142a otwarta na Gusinobrodskoe Chaussee w grudniu 2019 r. Tymczasem tymczasowe przystanki nadal obs\u0142uguj\u0105 autokary dalekobie\u017cne \u0142\u0105cz\u0105ce Nowosybirsk z miastami w zachodniej Syberii i Azji \u015arodkowej. Us\u0142ugi pasa\u017cerskie rzeczne dzia\u0142aj\u0105 z terminalu utworzonego w 1974 r., s\u0105siaduj\u0105cego ze stacj\u0105 metra o tej samej nazwie. Chocia\u017c po\u017car w marcu 2003 r. spowodowa\u0142, \u017ce cz\u0119\u015b\u0107 budynku nie nadawa\u0142a si\u0119 do naprawy, terminal obs\u0142uguje teraz dwie regularne linie \u2014 \u0142\u0105cz\u0105ce miasto z odleg\u0142ymi wyspami i osadami \u2014 oraz sezonowe rejsy do Tomska i Barnau\u0142. Statki p\u0142ywaj\u0105 przez Nowosybirski Kana\u0142 \u017beglugowy, kt\u00f3ry charakteryzuje si\u0119 \u015bluz\u0105 tr\u00f3jkomorow\u0105 u\u0142atwiaj\u0105c\u0105 tranzyt mi\u0119dzy rzek\u0105 a zbiornikiem wodnym, gdy obowi\u0105zuje okres \u017ceglowny, zwykle od ko\u0144ca kwietnia do ko\u0144ca wrze\u015bnia.<\/p>\n<p>Miejski transport publiczny obejmuje metro, tramwaj, trolejbus, autobus, autobus wodny i minibusy o sta\u0142ej trasie, znane jako marszrutki. Otwarte w 1985 roku metro w Nowosybirsku by\u0142o pierwszym na Syberii i czwartym w Rosji, obs\u0142uguj\u0105cym dwie dwutorowe linie z trzynastoma stacjami (stan na 2022 rok). Sie\u0107 tramwajowa, uruchomiona w 1934 roku, obejmuje dziesi\u0119\u0107 tras \u2014 sze\u015b\u0107 na lewym brzegu i cztery na prawym. Trolejbusy przemierzaj\u0105 ulice miasta od 1957 roku, obecnie na czternastu trasach. System autobusowy pochodzi z 1923 roku, a w 2022 roku obejmowa\u0142 pi\u0119\u0107dziesi\u0105t dwie d\u0142ugie linie autobusowe i siedemna\u015bcie us\u0142ug minibusowych. Sie\u0107 autobus\u00f3w wodnych, udokumentowana w 2021 roku, \u0142\u0105czy terminal rzeczny z takimi miejscami, jak pla\u017ca Bugrinskaya Roshcha i wyspa Korablik; jedna zaplanowana trasa do parku wodnego pozosta\u0142a zawieszona. Marszrutki pojawi\u0142y si\u0119 po raz pierwszy pod koniec lat 70., a prywatni przewo\u017anicy weszli w 1989 roku; Obecnie dzia\u0142a pi\u0119\u0107dziesi\u0105t sze\u015b\u0107 tras, jednak w ostatnich latach mo\u017cna by\u0142o zaobserwowa\u0107 stopniow\u0105 wymian\u0119 minibus\u00f3w na standardowe autobusy.<\/p>\n<p>Klimat Nowosybirska odzwierciedla jego kontynentalne po\u0142o\u017cenie, dalekie od morskiego umiarkowania. Sklasyfikowane jako wilgotny kontynentalny (K\u00f6ppen Dfb), miasto do\u015bwiadcza ciep\u0142ych lat, ze \u015brednimi temperaturami maksymalnymi od 15 \u00b0C do 26 \u00b0C, i mro\u017anych zim, gdzie \u015brednie temperatury minimalne od \u221220 \u00b0C do \u221212 \u00b0C ust\u0119puj\u0105 ekstremalnym temperaturom tak niskim jak \u221235 \u00b0C. Maksimum letnie mo\u017ce osi\u0105gn\u0105\u0107 35 \u00b0C, daj\u0105c roczny zakres 82 \u00b0C mi\u0119dzy odnotowanymi ekstremami. \u015anieg pada przez prawie po\u0142ow\u0119 zimowych dni, chocia\u017c poszczeg\u00f3lne zdarzenia s\u0105 zazwyczaj lekkie. Syberyjskie antycyklony kieruj\u0105 mro\u017ane powietrze na po\u0142udnie bez przeszk\u00f3d ze strony barier g\u00f3rskich, czyni\u0105c Nowosybirsk drugim co do wielko\u015bci miastem \u015br\u00f3dl\u0105dowym na \u015bwiecie. Niemniej jednak zimy tutaj s\u0105 stosunkowo \u0142agodniejsze ni\u017c te we wschodniej Syberii i na rosyjskim Dalekim Wschodzie na ni\u017cszych szeroko\u015bciach geograficznych. Og\u00f3lny profil termiczny Nowosybirska jest podobny do profilu Winnipeg w Kanadzie.<\/p>\n<p>\u017bycie kulturalne w Nowosybirsku wykracza poza zabytki architektoniczne. Nowosybirskie Zoo, za\u0142o\u017cone w 1933 r., mie\u015bci rozleg\u0142\u0105 kolekcj\u0119 gatunk\u00f3w arktycznych i tropikalnych, przyczyniaj\u0105c si\u0119 do bada\u0144 nad ochron\u0105 przyrody. Teatry, galerie i muzea miasta odzwierciedlaj\u0105 jego podw\u00f3jne dziedzictwo tradycji rosyjskiej i radzieckiej innowacji. Roczne festiwale prezentuj\u0105 literatur\u0119, muzyk\u0119 i film, podczas gdy Akademgorodok pozostaje t\u0119tni\u0105c\u0105 \u017cyciem spo\u0142eczno\u015bci\u0105 naukow\u0105 z instytutami badawczymi po\u015bwi\u0119conymi fizyce, biologii, matematyce i ekologii. Obecno\u015b\u0107 student\u00f3w i naukowc\u00f3w z ca\u0142ej Rosji i zagranicy sprzyja atmosferze wymiany intelektualnej.<\/p>\n<p>R\u00f3\u017cnorodno\u015b\u0107 etniczna przenika tkank\u0119 spo\u0142eczn\u0105 miasta. Rosyjski pozostaje dominuj\u0105cym j\u0119zykiem i kultur\u0105, jednak spo\u0142eczno\u015bci pochodzenia \u015brodkowoazjatyckiego i tureckiego \u2014 tad\u017cyckie, uzbeckie, tatarskie i kirgiskie \u2014 wzbogacaj\u0105 krajobraz miasta swoimi tradycjami, kuchni\u0105 i praktykami religijnymi. Wp\u0142ywy ukrai\u0144skie i inne s\u0142owia\u0144skie r\u00f3wnie\u017c przyczyniaj\u0105 si\u0119 do mozaiki. Pomimo dominacji j\u0119zyka rosyjskiego, m\u0142odsze pokolenia coraz cz\u0119\u015bciej ucz\u0105 si\u0119 angielskiego, u\u0142atwiaj\u0105c mi\u0119dzynarodowe zaanga\u017cowanie, nawet gdy starsi mieszka\u0144cy maj\u0105 tendencj\u0119 do polegania wy\u0142\u0105cznie na rosyjskim.<\/p>\n<p>Infrastruktura transportowa, pot\u0119ga przemys\u0142owa i instytucje kulturalne zbiegaj\u0105 si\u0119 we wsp\u00f3\u0142czesnej to\u017csamo\u015bci Nowosybirska. Ewolucja miasta ze skromnej plac\u00f3wki kolejowej w rozleg\u0142\u0105 metropoli\u0119 odzwierciedla ponad wiek strategicznego planowania, rozwoju kierowanego przez pa\u0144stwo i odporno\u015bci spo\u0142eczno\u015bci. Wsp\u00f3\u0142czesny Nowosybirsk r\u00f3wnowa\u017cy swoje radzieckie dziedzictwo z wymaganiami XXI wieku, poniewa\u017c nowe projekty architektoniczne i przedsi\u0119biorstwa technologiczne pojawiaj\u0105 si\u0119 obok historycznych teatr\u00f3w i dzielnic uniwersyteckich.<\/p>\n<p>Przez ca\u0142\u0105 swoj\u0105 histori\u0119 Nowosybirsk stawia\u0142 czo\u0142a wyzwaniom stawianym przez surowy klimat, odleg\u0142e po\u0142o\u017cenie geograficzne i zmieniaj\u0105ce si\u0119 pr\u0105dy polityczne. Jego zdolno\u015b\u0107 do absorbowania przesiedle\u0144 wojennych, przyjmowania scentralizowanych dyrektyw ery stalinowskiej i piel\u0119gnowania bada\u0144 naukowych w Akademgorodok \u015bwiadczy o podstawowej zdolno\u015bci adaptacji. Rzeka Ob, niegdy\u015b przeszkoda w przemierzaniu Syberii, obecnie s\u0142u\u017cy jako linia \u017cycia dla handlu, rekreacji i rozwoju miast. Mosty i tunele \u0142\u0105cz\u0105 p\u00f3\u0142nocne i po\u0142udniowe brzegi, podczas gdy elektrownia wodna zapewnia energi\u0119 i kontrol\u0119 powodzi.<\/p>\n<p>Jako miasto bramne Syberii, Nowosybirsk nadal po\u015bredniczy mi\u0119dzy europejskimi i azjatyckimi sektorami Rosji. Jego koleje przewo\u017c\u0105 towary i pasa\u017cer\u00f3w przez kontynent. Jego lotnisko \u0142\u0105czy krajowe i mi\u0119dzynarodowe destynacje. Jego instytuty badawcze badaj\u0105 fundamentalne kwestie kosmologii i genetyki. Jego fabryki produkuj\u0105 komponenty do statk\u00f3w kosmicznych i elektrowni. Jego teatry goszcz\u0105 wyst\u0119py \u015bwiatowej klasy. Jego ulice odzwierciedlaj\u0105 po\u0142\u0105czenie r\u00f3\u017cnych kultur, kt\u00f3re przyci\u0105ga obietnica mo\u017cliwo\u015bci Syberii.<\/p>\n<p>Przysz\u0142o\u015b\u0107 miasta zale\u017cy od radzenia sobie ze zmianami postindustrialnymi, wymogami \u015brodowiskowymi i trendami demograficznymi. Podejmowane s\u0105 ju\u017c wysi\u0142ki na rzecz modernizacji sieci transportowych, ochrony dziedzictwa architektonicznego i dywersyfikacji gospodarki poza przemys\u0142 ci\u0119\u017cki. Zielone przestrzenie, takie jak Park Stalina i brzegi Zalewu Ob, oferuj\u0105 wytchnienie od intensywno\u015bci miejskiej, podczas gdy plany nowych linii autobusowych i tramwajowych maj\u0105 na celu zwi\u0119kszenie mobilno\u015bci. Trwa\u0142e znaczenie Akademgorodok podkre\u015bla potencja\u0142 przemys\u0142u opartego na wiedzy do uzupe\u0142niania tradycyjnej produkcji.<\/p>\n<p>Historia Nowosybirska to historia transformacji, zakorzeniona w po\u0142\u0105czeniu rzeki, kolei i ludzkiego wysi\u0142ku. Od za\u0142o\u017cenia jako Nowoniko\u0142ajewsk do obecnej pozycji najwi\u0119kszego miasta Rosji w Azji, uosabia\u0142o dynamik\u0119 ekspansji, odbudowy i innowacji. Jego populacja licz\u0105ca ponad 1,6 miliona ludzi porusza si\u0119 w klimacie skrajno\u015bci, przemierza krajobraz ukszta\u0142towany przez in\u017cynieri\u0119 hydroelektryczn\u0105 i uczestniczy w \u017cyciu obywatelskim, kt\u00f3re \u0142\u0105czy arystokratyczne katedry i awangardowe badania. Na ulicach i przedmie\u015bciach, w teatrach i laboratoriach echa przesz\u0142o\u015bci Syberii rozbrzmiewaj\u0105 obok aspiracji miasta po\u0142o\u017conego mi\u0119dzy kontynentami.<\/p>","protected":false},"excerpt":{"rendered":"<p>Nowosybirsk, najludniejsze miasto i centrum administracyjne obwodu nowosybirskiego i syberyjskiego okr\u0119gu federalnego w Rosji, ma populacj\u0119 1 633 595 os\u00f3b wed\u0142ug spisu z 2021 r. Ta znacz\u0105ca statystyka ustanawia je jako najludniejsze miasto na Syberii i trzecie najludniejsze miasto w Rosji, ust\u0119puj\u0105c jedynie Moskwie i Sankt Petersburgowi. Co istotne, Nowosybirsk jest najludniejszym miastem w azjatyckiej cz\u0119\u015bci Rosji. Po\u0142o\u017cone w po\u0142udniowo-zachodniej Syberii miasto rozci\u0105ga si\u0119 nad rzek\u0105 Ob, co by\u0142o kluczowe dla jego wzrostu i rozwoju.<\/p>","protected":false},"author":1,"featured_media":3474,"parent":11976,"menu_order":0,"comment_status":"closed","ping_status":"closed","template":"elementor_theme","meta":{"_eb_attr":"","footnotes":""},"class_list":["post-12022","page","type-page","status-publish","has-post-thumbnail"],"_links":{"self":[{"href":"https:\/\/travelshelper.com\/pl\/wp-json\/wp\/v2\/pages\/12022","targetHints":{"allow":["GET"]}}],"collection":[{"href":"https:\/\/travelshelper.com\/pl\/wp-json\/wp\/v2\/pages"}],"about":[{"href":"https:\/\/travelshelper.com\/pl\/wp-json\/wp\/v2\/types\/page"}],"author":[{"embeddable":true,"href":"https:\/\/travelshelper.com\/pl\/wp-json\/wp\/v2\/users\/1"}],"replies":[{"embeddable":true,"href":"https:\/\/travelshelper.com\/pl\/wp-json\/wp\/v2\/comments?post=12022"}],"version-history":[{"count":0,"href":"https:\/\/travelshelper.com\/pl\/wp-json\/wp\/v2\/pages\/12022\/revisions"}],"up":[{"embeddable":true,"href":"https:\/\/travelshelper.com\/pl\/wp-json\/wp\/v2\/pages\/11976"}],"wp:featuredmedia":[{"embeddable":true,"href":"https:\/\/travelshelper.com\/pl\/wp-json\/wp\/v2\/media\/3474"}],"wp:attachment":[{"href":"https:\/\/travelshelper.com\/pl\/wp-json\/wp\/v2\/media?parent=12022"}],"curies":[{"name":"wp","href":"https:\/\/api.w.org\/{rel}","templated":true}]}}