{"id":12015,"date":"2024-09-15T12:27:04","date_gmt":"2024-09-15T12:27:04","guid":{"rendered":"https:\/\/travelshelper.com\/staging\/?page_id=12015"},"modified":"2026-03-12T21:59:43","modified_gmt":"2026-03-12T21:59:43","slug":"nizny-nowogrod","status":"publish","type":"page","link":"https:\/\/travelshelper.com\/pl\/destinations\/europe\/russian-federation\/nizhny-novgorod\/","title":{"rendered":"Ni\u017cny Nowogr\u00f3d"},"content":{"rendered":"<p>W sercu centralnej Rosji, u zbiegu rzek Oka i Wo\u0142ga, le\u017cy Ni\u017cny Nowogr\u00f3d, miasto licz\u0105ce 1 228 199 mieszka\u0144c\u00f3w w granicach administracyjnych i oko\u0142o 1,7 miliona mieszka\u0144c\u00f3w w szerszej aglomeracji miejskiej. Po\u0142o\u017cone 420 kilometr\u00f3w na wsch\u00f3d od Moskwy i obejmuj\u0105ce prawie 410 kilometr\u00f3w kwadratowych pag\u00f3rk\u00f3w i brzeg\u00f3w rzek, ta sz\u00f3sta co do wielko\u015bci metropolia w Federacji Rosyjskiej i druga pod wzgl\u0119dem liczby ludno\u015bci osada nad Wo\u0142g\u0105 \u0142\u0105czy bogat\u0105 histori\u0119, trwa\u0142e tradycje kulturowe i wieloaspektowe znaczenie gospodarcze w spos\u00f3b niespotykany nigdzie indziej w regionie.<\/p>\n<p>Od za\u0142o\u017cenia przez ksi\u0119cia Jerzego II W\u0142odzimierskiego 4 lutego 1221 r. Ni\u017cny Nowogr\u00f3d ewoluowa\u0142 przez epoki imperialnego handlu, patriotycznego zapa\u0142u, przemys\u0142owego wzrostu i odnowy metropolii. Jego historyczny kreml, mury obronne z czerwonej ceg\u0142y i prawos\u0142awne katedry stoj\u0105 po\u015br\u00f3d dzielnic, kt\u00f3re \u015bwiadcz\u0105 o \u015bredniowiecznych fundamentach, XIX-wiecznym dobrobycie handlowym, produkcji z czas\u00f3w Zwi\u0105zku Radzieckiego i wyrafinowaniu infrastrukturalnym XXI wieku. Obecnie miasto pe\u0142ni funkcj\u0119 centrum administracyjnego zar\u00f3wno obwodu ni\u017cnonowogrodzkiego, jak i Nadwo\u0142\u017ca\u0144skiego Okr\u0119gu Federalnego, a jego linia horyzontu wznosi si\u0119 nad teatrami, uniwersytetami, muzeami i ko\u015bcio\u0142ami, kt\u00f3re \u015bwiadcz\u0105 o kulturalnej witalno\u015bci utrzymywanej przez stulecia.<\/p>\n<p>W tym bogatym kontek\u015bcie rozgrywa si\u0119 opowie\u015b\u0107 o Ni\u017cnym Nowogrodzie: opowie\u015b\u0107 o geograficznym znaczeniu i dziedzictwie architektonicznym, o rewolucyjnym zapa\u0142e i osi\u0105gni\u0119ciach przemys\u0142owych, o ekstremalnych warunkach klimatycznych i odpornych spo\u0142eczno\u015bciach oraz o sieciach transportowych, kt\u00f3re \u0142\u0105cz\u0105 serce Rosji z jej najodleglejszymi granicami.<\/p>\n<p>Najwcze\u015bniejsza zapisana historia Ni\u017cnego Nowogrodu zaczyna si\u0119 za panowania ksi\u0105\u017c\u0105t w\u0142odzimiersko-suzdalskich. Miasto zosta\u0142o za\u0142o\u017cone 4 lutego 1221 r. przez ksi\u0119cia Jerzego II, a strategiczna twierdza wyros\u0142a na skrzy\u017cowaniu dw\u00f3ch wielkich rzek, oferuj\u0105c zar\u00f3wno obron\u0119, jak i handel. W kolejnych stuleciach osada rozros\u0142a si\u0119 poza drewniane palisady, kamienne wie\u017ce kremlowskie i mury wzniesione w latach 1500\u20131511 w celu ochrony szlak\u00f3w handlowych wij\u0105cych si\u0119 wzd\u0142u\u017c Oki i Wo\u0142gi. W obr\u0119bie tych mur\u00f3w Katedra Archangielska, zbudowana po raz pierwszy w XIII wieku i przebudowana z kamienia w latach 1624\u20131631, przypomina duchowe aspiracje m\u0142odego ksi\u0119stwa. Gdzie indziej pi\u0119ciokopu\u0142owa katedra klasztoru Peczerskiego Wniebowst\u0105pienia i cerkiew Wniebowst\u0105pienia na Wzg\u00f3rzu \u015awi\u0119tego Eliasza, obie pochodz\u0105ce z po\u0142owy XVII wieku, uciele\u015bniaj\u0105 surowe pi\u0119kno prawos\u0142awnej architektury w jej najwcze\u015bniejszych wcieleniach.<\/p>\n<p>Rok 1612 by\u0142 punktem zwrotnym w losach miasta, kiedy Ku\u017ama Minin, lokalny kupiec, i ksi\u0105\u017c\u0119 Dymitr Po\u017carski zgromadzili armi\u0119 na brzegach Wo\u0142gi, aby wyzwoli\u0107 Moskw\u0119 spod okupacji polsko-litewskiej. Ich patriotyczna kampania o\u017cywi\u0142a jedno\u015b\u0107 narodow\u0105 i uczyni\u0142a z Ni\u017cnego Nowogrodu tygiel rosyjskiej suwerenno\u015bci. Pomnik ich osi\u0105gni\u0119\u0107 g\u00f3ruje obecnie nad placem Minina i Po\u017carskiego w G\u00f3rnym Mie\u015bcie, b\u0119d\u0105c wiecznym przypomnieniem roli miasta w kszta\u0142towaniu caratu rosyjskiego.<\/p>\n<p>Do 1817 r. Ni\u017cny Nowogr\u00f3d sta\u0142 si\u0119 g\u0142\u00f3wnym centrum handlowym Imperium Rosyjskiego, a jego coroczny jarmark przyci\u0105ga\u0142 kupc\u00f3w z rozleg\u0142ych terytori\u00f3w pod rz\u0105dami Romanow\u00f3w. G\u0142\u00f3wny budynek jarmarku, klasycystyczna budowla uzupe\u0142niona skrzyd\u0142ami administracyjnymi i otoczona ochronn\u0105 kamienn\u0105 tam\u0105 zbudowan\u0105 w celu wytrzymania sezonowych powodzi, stanowi\u0142 epicentrum wymiany gospodarczej. W 1896 r. Wystawa Wszechrosyjska jeszcze bardziej umocni\u0142a reputacj\u0119 miasta, gromadz\u0105c innowacje przemys\u0142owe i artystyczne z ca\u0142ego imperium, z pawilonami po\u015bwi\u0119conymi tekstyliom, maszynom i najnowszym osi\u0105gni\u0119ciom w nauce.<\/p>\n<p>XX wiek przyni\u00f3s\u0142 sejsmiczne transformacje. Po aneksji s\u0105siednich osiedli z Dolnego Miasta w latach 1929\u20131931, rz\u0105d radziecki przemianowa\u0142 Ni\u017cny Nowogr\u00f3d na Gorki, na cze\u015b\u0107 pisarza Maksyma Gorkiego, kt\u00f3ry si\u0119 tam urodzi\u0142. Szybka industrializacja towarzyszy\u0142a tej zmianie, w szczeg\u00f3lno\u015bci budowa Gorkiego Automobile Plant (GAZ), kt\u00f3ra przynios\u0142a metropolii przydomek \u201erosyjskiego Detroit\u201d. R\u00f3wnie symboliczna by\u0142a hiperboloidalna wie\u017ca zaprojektowana przez in\u017cyniera W\u0142adimira Szuchowa w 1929 roku, a\u017curowa konstrukcja kratowa rozci\u0105gaj\u0105ca si\u0119 nad rzek\u0105 Ok\u0105 jako cz\u0119\u015b\u0107 skrzy\u017cowania linii energetycznych i reprezentuj\u0105ca awangardow\u0105 radziecki\u0105 in\u017cynieri\u0119.<\/p>\n<p>W 1985 r. otwarcie metra w Ni\u017cnym Nowogrodzie, obejmuj\u0105cego dwie linie i pi\u0119tna\u015bcie stacji, zapocz\u0105tkowa\u0142o now\u0105 er\u0119 w transporcie miejskim, przewo\u017c\u0105c ponad 102 000 pasa\u017cer\u00f3w dziennie przez wzg\u00f3rza i doliny miasta. Pod koniec dekady radzieckiej przywr\u00f3cono historyczn\u0105 nazw\u0119 miasta na kr\u00f3tko przed rozpadem Zwi\u0105zku \u2014 Ni\u017cny Nowogr\u00f3d ponownie.<\/p>\n<p>Kreml pozostaje dos\u0142ownym i symbolicznym centrum nowoczesnej metropolii. W jego czerwonych ceglanych murach mieszcz\u0105 si\u0119 g\u0142\u00f3wne agencje rz\u0105dowe zar\u00f3wno samego miasta, jak i ca\u0142ego Okr\u0119gu Federalnego Nadwo\u0142\u017ca. Niedaleko stoi przypominaj\u0105ca namiot Katedra Archangielska jako jedyna \u015bredniowieczna budowla, kt\u00f3ra przetrwa\u0142a ikonoklazm wczesnego okresu sowieckiego, jej smuk\u0142e kopu\u0142y i rze\u017abione portale zachowuj\u0105 lini\u0119 rzemios\u0142a si\u0119gaj\u0105c\u0105 XIII wieku.<\/p>\n<p>Demograficznie Ni\u017cny Nowogr\u00f3d odzwierciedla r\u00f3\u017cnorodno\u015b\u0107 etniczn\u0105 dorzecza Wo\u0142gi. Wed\u0142ug spisu z 2021 r. etniczni Rosjanie stanowi\u0105 94,8% populacji, podczas gdy Tatarzy, Ormianie, Azerowie, Ukrai\u0144cy, Uzbecy, \u017bydzi i inni stanowi\u0105 reszt\u0119. W 2009 r. liczba urodze\u0144 wynios\u0142a 12 934, a zgon\u00f3w 20 987, co jest trendem symbolicznym dla wyzwa\u0144 demograficznych, z kt\u00f3rymi borykaj\u0105 si\u0119 miasta postsowieckie.<\/p>\n<p>Klimatycznie miasto le\u017cy w wilgotnej strefie kontynentalnej (K\u00f6ppen Dfb), z zimami trwaj\u0105cymi od ko\u0144ca listopada do ko\u0144ca marca pod sta\u0142\u0105 pokryw\u0105 \u015bnie\u017cn\u0105. \u015arednie temperatury wahaj\u0105 si\u0119 od \u221219 \u00b0C w styczniu do +19 \u00b0C w lipcu, co daje \u015bredni\u0105 roczn\u0105 +4,8 \u00b0C. W regionie obserwuje si\u0119 1775 godzin s\u0142onecznych rocznie, przy czym \u015bwiat\u0142o dzienne w czerwcu trwa prawie 18 godzin, a w grudniu kurczy si\u0119 do poni\u017cej siedmiu godzin. Ponad 75 procent zimowego nieba jest zachmurzone, co stanowi ostry kontrast w por\u00f3wnaniu ze stosunkowo czystymi warunkami od kwietnia do sierpnia.<\/p>\n<p>Transport nadal definiuje \u0142\u0105czno\u015b\u0107 miasta. Opr\u00f3cz metra, system Nizhny Novgorod City Rail S-Train, zainaugurowany w czerwcu 2013 r., uzupe\u0142nia sie\u0107 kolei du\u017cych pr\u0119dko\u015bci, kt\u00f3ra obejmuje us\u0142ugi Sapsan i Strizh do Moskwy i Sankt Petersburga oraz bezpo\u015brednie trasy transsyberyjskie do Pekinu, Pjongjangu i U\u0142an Bator. Kolej Gorkiego z siedzib\u0105 w tym miejscu administruje oko\u0142o 5700 kilometr\u00f3w tor\u00f3w w regionie \u015brodkowej Wo\u0142gi. \u017begluga rzeczna, skoncentrowana na odnowionym terminalu rzecznym, oferuje letnie rejsy do Moskwy, Sankt Petersburga i Astrachania, podczas gdy wodoloty klasy Meteor i statek Valdai \u0142\u0105cz\u0105 Ni\u017cny Nowogr\u00f3d z Gorodets i Makaryevo.<\/p>\n<p>Arterie drogowe zbiegaj\u0105 si\u0119 w mie\u015bcie przez federaln\u0105 autostrad\u0119 M-7 w kierunku Kazania i korytarz P158 do Sara\u0144ska i Saratowa. Autobusy mi\u0119dzymiastowe odje\u017cd\u017caj\u0105 g\u0142\u00f3wnie ze stacji Kanavino i Szczerbinki, pierwsza z nich s\u0105siaduje z g\u0142\u00f3wnym terminalem kolejowym. W 2012 r. kolejka linowa Ni\u017cny Nowogr\u00f3d\u2013Bor ustanowi\u0142a alternatywny korytarz tranzytowy nad Wo\u0142g\u0105, a jej niepodparta rozpi\u0119to\u015b\u0107 861 metr\u00f3w czyni j\u0105 najd\u0142u\u017csz\u0105 tego typu w Europie.<\/p>\n<p>Podr\u00f3\u017ce lotnicze odbywaj\u0105 si\u0119 za po\u015brednictwem mi\u0119dzynarodowego lotniska Strigino, kt\u00f3rego nowy terminal, otwarty 29 grudnia 2015 r., obs\u0142uguje do 300 pasa\u017cer\u00f3w na godzin\u0119, oferuj\u0105c loty do g\u0142\u00f3wnych miast rosyjskich i destynacji na Bliskim Wschodzie. S7 Airlines i Aeroflot zapewniaj\u0105 codzienne po\u0142\u0105czenia z moskiewskimi lotniskami Szeremietiewo i Domodiedowo.<\/p>\n<p>Pod wzgl\u0119dem architektonicznym pejza\u017c miejski prezentuje dialog mi\u0119dzy formami odrodzeniowymi, empire i awangardowymi. Wie\u017ce Kremla wyznaczaj\u0105 lini\u0119 horyzontu, po\u0142\u0105czone z takimi strukturami jak Katedra Aleksandra Newskiego, arcydzie\u0142o rosyjskiego odrodzenia, zbudowane w latach 1856\u20131880 na cyplu, gdzie Wo\u0142ga spotyka si\u0119 z Ok\u0105. Stara Katedra Przemienienia Pa\u0144skiego, zaprojektowana przez Agust\u00edna de Betancourta i Auguste\u2019a de Montferranda w 1822 r., stoi w pobli\u017cu dawnych teren\u00f3w targowych, a jej kopu\u0142a podkre\u015bla neoklasycystyczny pow\u015bci\u0105gliwo\u015b\u0107 w cegle i stiuku.<\/p>\n<p>Ponad sze\u015b\u0107set zabytk\u00f3w o znaczeniu historycznym, architektonicznym i kulturalnym rozsianych jest po ca\u0142ej gminie. W Pa\u0144stwowej Galerii Sztuki znajduje si\u0119 ponad dwana\u015bcie tysi\u0119cy eksponat\u00f3w, od kanonicznych dzie\u0142 Repina, Surikowa i Wasniecowa po awangardowe dzie\u0142a Malewicza, Kandinskiego i Larionowa, a tak\u017ce europejskich mistrz\u00f3w, takich jak Cranach i Bellotto. Miejskie sale koncertowe, teatry i biblioteki \u2014 dziewi\u0119\u0107dziesi\u0105t siedem w liczbie \u2014 uzupe\u0142niaj\u0105 infrastruktur\u0119 instytucji artystycznych, na kt\u00f3rych kwitnie intelektualne \u017cycie Ni\u017cnego Nowogrodu.<\/p>\n<p>Kompleks targowy, chroniony przez historyczn\u0105 tam\u0119 i skupiony wok\u00f3\u0142 G\u0142\u00f3wnego Budynku Targowego, obecnie go\u015bci multimedialn\u0105 wystaw\u0119 \u201eRosja jest moj\u0105 histori\u0105\u201d, otwart\u0105 4 listopada 2017 r. Jej instalacje przedstawiaj\u0105 lokaln\u0105 histori\u0119 od rdzennych osad fi\u0144skich, przez trudy Czas\u00f3w Smutnych, po zniszczenia i p\u00f3\u017aniejsz\u0105 odbudow\u0119 po II wojnie \u015bwiatowej.<\/p>\n<p>Ulica Bolshaya Pokrovskaya, deptak w G\u00f3rnym Mie\u015bcie, rozci\u0105ga si\u0119 od Kremla do nabrze\u017ca Ro\u017cdiestwienskiej. Ustawiona wzd\u0142u\u017c XIX-wiecznych budowli i XX-wiecznych rze\u017ab, pozostaje osi\u0105 spo\u0142eczn\u0105 \u015br\u00f3dmie\u015bcia, kt\u00f3r\u0105 codziennie przemierzaj\u0105 uczeni, tury\u015bci i obywatele, zatrzymuj\u0105c si\u0119 w kawiarniach i galeriach.<\/p>\n<p>Zabytki religijne wykraczaj\u0105 poza Kreml. Ascetyczna sylwetka klasztoru Peczerskiego Wniebowst\u0105pienia, pi\u0119ciokopu\u0142owa katedra klasztoru Zwiastowania i ufundowany przez Stroganowa ko\u015bci\u00f3\u0142 Narodzenia Pa\u0144skiego na ulicy Ro\u017cdiestwie\u0144skiej s\u0105 przyk\u0142adami ewolucji architektury sakralnej w XVII i XVIII wieku. Drewniana kaplica Wstawiennictwa, przeniesiona z wiejskiej wioski w 1660 roku, nawi\u0105zuje do tradycji wernakularnych, zachowanych obecnie w kontek\u015bcie miejskim.<\/p>\n<p>Schody Czka\u0142owa, zaprojektowane przez Aleksandra Jakowlewa, Lwa Rudniewa i W\u0142adimira Muntsa, a zbudowane przez niemieckich je\u0144c\u00f3w wojennych pod koniec lat 40. XX wieku, schodz\u0105 z kremlowskiej wie\u017cy \u015bw. Jerzego do nabrze\u017ca Dolnej Wo\u0142gi. Ich \u00f3semkowa konfiguracja obejmuje \u0142\u0105cznie 560 stopni, z czego 442 na g\u0142\u00f3wnym podej\u015bciu, i posiada dwie platformy widokowe w po\u0142owie drogi oraz pomnik Bohaterskiej \u0141odzi u podstawy.<\/p>\n<p>Wsp\u00f3\u0142czesny sport znalaz\u0142 aren\u0119 na Stadionie Ni\u017cnym Nowogrodzie, wzniesionym na mierzei na potrzeby Mistrzostw \u015awiata FIFA 2018. Od czasu zorganizowania sze\u015bciu mecz\u00f3w turniejowych, pe\u0142ni\u0142 on funkcj\u0119 wielofunkcyjnego kompleksu do uprawiania pi\u0142ki no\u017cnej, lekkoatletyki i wydarze\u0144 obywatelskich.<\/p>\n<p>Opr\u00f3cz \u015bcis\u0142ego centrum pi\u0119tna\u015bcie dzielnic administracyjnych miasta ukazuje zr\u00f3\u017cnicowane krajobrazy: dzielnic\u0119 G\u00f3rnego Miasta, G\u00f3rna, z jej skupiskiem historycznych ulic i muzeum architektury drewnianej; Park Szwajcarski Priokskiego i zalesione rezerwaty; tereny fabryki GAZ Awtozawodskiego przeplataj\u0105ce si\u0119 z o\u015brodkami kulturalnymi; dziedzictwo targowiska Kanawi\u0144skiego skupione wok\u00f3\u0142 ko\u0144cowej stacji kolejowej; obszary mieszkalne Moskowskiego i Leninskiego; stalinowskie budowle Sormowskiego przypominaj\u0105ce rewolucj\u0119 z 1905 roku.<\/p>\n<p>Ka\u017cda dzielnica przyczynia si\u0119 do z\u0142o\u017conej to\u017csamo\u015bci Ni\u017cnego Nowogrodu, gdzie \u015bredniowieczne mury obronne spotykaj\u0105 si\u0119 z postmodernistycznymi wie\u017cowcami, a rytm statk\u00f3w rzecznych harmonizuje z szumem produkcji. Przez osiem stuleci miasto r\u00f3wnowa\u017cy\u0142o tradycj\u0119 i innowacj\u0119, s\u0142u\u017c\u0105c jako tygiel rosyjskiej historii i o\u015b wsp\u00f3\u0142czesnej kultury.<\/p>\n<p>Ni\u017cny Nowogr\u00f3d przetrwa\u0142 jako miasto zdefiniowane przez spotkanie w\u00f3d, epok i wysi\u0142k\u00f3w. Jego \u015bredniowieczne fortyfikacje, pawilony cesarskie, budynki przemys\u0142owe i pomniki miejskie tworz\u0105 miejski palimpsest, kt\u00f3ry zach\u0119ca do ci\u0105g\u0142ej obserwacji. Na jego ulicach i placach dziedzictwo tych, kt\u00f3rzy ukszta\u0142towali rosyjskie przeznaczenie \u2014 od ksi\u0119cia Jerzego II i Ku\u017amy Minina po in\u017cynier\u00f3w i pracownik\u00f3w zak\u0142adu GAZ \u2014 odbija si\u0119 echem w codziennym \u017cyciu jego mieszka\u0144c\u00f3w. Dzisiaj, gdy w\u0142adze miejskie, studenci i przedsi\u0119biorcy przyczyniaj\u0105 si\u0119 do jego przysz\u0142o\u015bci, miasto zachowuje trwa\u0142\u0105 odr\u0119bno\u015b\u0107: Dolne Newtown po\u0142o\u017cone na brzegach rzek, gdzie historia p\u0142ynie dalej z pr\u0105dami Oki i Wo\u0142gi.<\/p>","protected":false},"excerpt":{"rendered":"<p>Ni\u017cny Nowogr\u00f3d, miasto o du\u017cym znaczeniu historycznym i kulturowym, po\u0142o\u017cone jest u zbiegu rzek Oka i Wo\u0142ga w centralnej Rosji. Zajmuje sz\u00f3ste miejsce pod wzgl\u0119dem wielko\u015bci w Rosji i drugie pod wzgl\u0119dem liczby ludno\u015bci wzd\u0142u\u017c wielkiej rzeki Wo\u0142gi, a jego populacja przekracza 1,2 miliona os\u00f3b w granicach miasta i zbli\u017ca si\u0119 do 1,7 miliona w aglomeracji miejskiej. Pe\u0142ni\u0105c funkcj\u0119 siedziby administracyjnej Nadwo\u0142\u017ca\u0144skiego Okr\u0119gu Federalnego, a tak\u017ce obwodu ni\u017cnonowogrodzkiego, to t\u0119tni\u0105ce \u017cyciem miasto mocno ugruntowuje swoj\u0105 centraln\u0105 pozycj\u0119 w regionie.<\/p>","protected":false},"author":1,"featured_media":3303,"parent":11976,"menu_order":0,"comment_status":"closed","ping_status":"closed","template":"elementor_theme","meta":{"_eb_attr":"","footnotes":""},"class_list":["post-12015","page","type-page","status-publish","has-post-thumbnail"],"_links":{"self":[{"href":"https:\/\/travelshelper.com\/pl\/wp-json\/wp\/v2\/pages\/12015","targetHints":{"allow":["GET"]}}],"collection":[{"href":"https:\/\/travelshelper.com\/pl\/wp-json\/wp\/v2\/pages"}],"about":[{"href":"https:\/\/travelshelper.com\/pl\/wp-json\/wp\/v2\/types\/page"}],"author":[{"embeddable":true,"href":"https:\/\/travelshelper.com\/pl\/wp-json\/wp\/v2\/users\/1"}],"replies":[{"embeddable":true,"href":"https:\/\/travelshelper.com\/pl\/wp-json\/wp\/v2\/comments?post=12015"}],"version-history":[{"count":0,"href":"https:\/\/travelshelper.com\/pl\/wp-json\/wp\/v2\/pages\/12015\/revisions"}],"up":[{"embeddable":true,"href":"https:\/\/travelshelper.com\/pl\/wp-json\/wp\/v2\/pages\/11976"}],"wp:featuredmedia":[{"embeddable":true,"href":"https:\/\/travelshelper.com\/pl\/wp-json\/wp\/v2\/media\/3303"}],"wp:attachment":[{"href":"https:\/\/travelshelper.com\/pl\/wp-json\/wp\/v2\/media?parent=12015"}],"curies":[{"name":"wp","href":"https:\/\/api.w.org\/{rel}","templated":true}]}}