{"id":11976,"date":"2024-09-15T11:11:06","date_gmt":"2024-09-15T11:11:06","guid":{"rendered":"https:\/\/travelshelper.com\/staging\/?page_id=11976"},"modified":"2026-03-12T21:31:21","modified_gmt":"2026-03-12T21:31:21","slug":"federacja-rosyjska","status":"publish","type":"page","link":"https:\/\/travelshelper.com\/pl\/destinations\/europe\/russian-federation\/","title":{"rendered":"Federacja Rosyjska"},"content":{"rendered":"<p>Rosja prezentuje si\u0119 jednocze\u015bnie jako studium skrajno\u015bci i jako wyj\u0105tkowa mozaika ludzkich wysi\u0142k\u00f3w na przestrzeni, kt\u00f3ra przy\u0107miewa trzy kontynenty. Rozci\u0105gaj\u0105c si\u0119 od wybrze\u017ca Ba\u0142tyku na 19\u00b0 E do marginesu Pacyfiku na 169\u00b0 W i od wybrze\u017ca Morza Czarnego do granicy Arktyki mi\u0119dzy 41\u00b0 a 82\u00b0 N, Federacja Rosyjska obejmuje ponad jedn\u0105 \u00f3sm\u0105 zamieszkanej powierzchni l\u0105dowej \u015bwiata. Z 146,0 milionami mieszka\u0144c\u00f3w w 2025 r. ro\u015bci sobie prawo do najwi\u0119kszego terytorium na Ziemi, obejmuje jedena\u015bcie stref czasowych i dzieli granice z czternastoma suwerennymi s\u0105siadami. Chocia\u017c ta domena go\u015bci \u015brednio tylko osiem i p\u00f3\u0142 osoby na kilometr kwadratowy, jej zachodnie miasta t\u0119tni\u0105 \u017cyciem; szesna\u015bcie aglomeracji miejskich przekracza granic\u0119 miliona, a Moskwa kr\u00f3luje jako najludniejsza metropolia Europy. Ten ogrom, zar\u00f3wno geograficzny, jak i demograficzny, ugruntowuje pozycj\u0119 Rosji jako wielkiego mocarstwa, a jednocze\u015bnie kszta\u0142tuje histori\u0119 ludzko\u015bci, kt\u00f3ra rozgrywa si\u0119 w r\u00f3\u017cnych klimatach, od wilgotnego subtropikalnego po polarny, od dusz\u0105cego kontynentalnego upa\u0142u po rekordowo niskie temperatury rz\u0119du \u221271,2 \u00b0C w Republice Jakucji.<\/p>\n<p>Gobelin rosyjskiej historii \u2014 tak jak dzi\u015b wida\u0107 to na miejskich liniach horyzontu, wiejskich chatach i przygranicznych przysi\u00f3\u0142kach \u2014 zaczyna si\u0119 w dolnym paleolicie, kiedy ma\u0142e grupy \u0142owc\u00f3w-zbieraczy przemierza\u0142y doliny rzeczne. Do III wieku n.e. S\u0142owianie Wschodni wy\u0142aniali si\u0119 jako odr\u0119bna grupa kulturalna i j\u0119zykowa na r\u00f3wninie europejskiej. Ich polityczna konsolidacja znalaz\u0142a wyraz w IX wieku wraz z powstaniem Rusi Kijowskiej, skupionej w dolnym biegu Dniepru. W 988 r. jej Wielki Ksi\u0105\u017c\u0119 nawr\u00f3ci\u0142 si\u0119 na prawos\u0142awie pod auspicjami Bizancjum, kszta\u0142tuj\u0105c religijn\u0105 to\u017csamo\u015b\u0107, kt\u00f3ra pozostaje kamieniem w\u0119gielnym rosyjskiego \u017cycia kulturalnego. Rozbicie Rusi Kijowskiej przez zewn\u0119trzne najazdy i wewn\u0119trzne rywalizacje utorowa\u0142o drog\u0119 dla Moskwy, kt\u00f3rej wielcy ksi\u0105\u017c\u0119ta dowodzili rozbie\u017cnymi ksi\u0119stwami pod egid\u0105 Wielkiego Ksi\u0119stwa Moskiewskiego. W 1547 r. Iwan IV przyj\u0105\u0142 tytu\u0142 cara, inauguruj\u0105c Carstwo Rosyjskie.<\/p>\n<p>Pod rz\u0105dami Piotra Wielkiego i jego nast\u0119pc\u00f3w Rosja rozci\u0105gn\u0119\u0142a w\u0142adz\u0119 na ca\u0142\u0105 Eurazj\u0119, zdobywaj\u0105c terytoria od Ba\u0142tyku po Pacyfik i osi\u0105gaj\u0105c imperialn\u0105 pozycj\u0119 na pocz\u0105tku XVIII wieku. Imperium Rosyjskie wy\u0142oni\u0142o si\u0119 jako trzecie co do wielko\u015bci w historii, a jego granice zosta\u0142y ustabilizowane przez podboje, kolonizacj\u0119 i eksploracj\u0119. G\u00f3ry i stepy dostarcza\u0142y futer, zbo\u017ca i minera\u0142\u00f3w, kt\u00f3re wzbogaca\u0142y dw\u00f3r w Sankt Petersburgu \u2014 \u201eoknie na Europ\u0119\u201d Piotra \u2014 nawet gdy na wsi panowa\u0142 podda\u0144stwo. Rewolucyjny zapa\u0142, zrodzony z represji politycznych i niepowodze\u0144 militarnych, osi\u0105gn\u0105\u0142 punkt kulminacyjny w 1917 roku. Rewolucja lutowa zako\u0144czy\u0142a autokracj\u0119 Romanow\u00f3w, a rewolucja pa\u017adziernikowa ustanowi\u0142a Rosyjsk\u0105 FSRR jako pierwsze na \u015bwiecie pa\u0144stwo socjalistyczne konstytucyjnie.<\/p>\n<p>Nast\u0119puj\u0105ca wojna domowa ust\u0105pi\u0142a miejsca Zwi\u0105zkowi Socjalistycznych Republik Radzieckich, w kt\u00f3rym dominowa\u0142a Rosyjska FSRR. Pod rz\u0105dami Stalina przemys\u0142 zosta\u0142 przebudowany za pomoc\u0105 pi\u0119cioletnich plan\u00f3w, nawet gdy miliony ludzi cierpia\u0142y g\u0142\u00f3d, czystki i prac\u0119 przymusow\u0105. Triumf Zwi\u0105zku Radzieckiego nad nazistowskimi Niemcami w 1945 r., osi\u0105gni\u0119ty ogromnym kosztem ludzkim na froncie wschodnim, potwierdzi\u0142 jego status globalnej pot\u0119gi. Era kosmiczna nasta\u0142a wraz ze Sputnikiem w 1957 r. i lotem orbitalnym Jurija Gagarina w 1961 r., przedsi\u0119wzi\u0119ciami, kt\u00f3re uciele\u015bnia\u0142y technologiczne ambicje epoki. W miar\u0119 jak napi\u0119cia zimnej wojny ros\u0142y i mala\u0142y, sfera radziecka zmaga\u0142a si\u0119 z ideologiczn\u0105 i militarn\u0105 rywalizacj\u0105 ze Stanami Zjednoczonymi.<\/p>\n<p>Do grudnia 1991 r. Zwi\u0105zek Radziecki si\u0119 rozpad\u0142; Federacja Rosyjska wy\u0142oni\u0142a si\u0119 z Rosyjskiej FSRR z now\u0105 konstytucj\u0105 ustanawiaj\u0105c\u0105 federaln\u0105 republik\u0119 p\u00f3\u0142prezydenck\u0105. Rozdzia\u0142 postsowiecki by\u0142 \u015bwiadkiem z\u0142o\u017conej gry reform rynkowych, nacjonalizmu surowcowego i politycznego okopywania si\u0119. Od czasu doj\u015bcia W\u0142adimira Putina do w\u0142adzy prezydenckiej w 1999 r. system polityczny dryfowa\u0142 w stron\u0119 autorytaryzmu. Instytucje demokratyczne uleg\u0142y erozji, wolno\u015bci obywatelskie zosta\u0142y ograniczone, a wolno\u015b\u0107 prasy zmala\u0142a. Za granic\u0105 Rosja anga\u017cowa\u0142a si\u0119 w konflikty w Gruzji w 2008 r. i na Ukrainie od 2014 r., anektuj\u0105c Krym, a p\u00f3\u017aniej kolejne regiony Ukrainy z naruszeniem norm mi\u0119dzynarodowych.<\/p>\n<p>Jednak krajowe i mi\u0119dzynarodowe kontrowersje istniej\u0105 obok spo\u0142ecze\u0144stwa zakorzenionego w wielowiekowych tradycjach. Rosyjski pozostaje oficjalnym i zdecydowanie dominuj\u0105cym j\u0119zykiem, najpowszechniej u\u017cywanym j\u0119zykiem s\u0142owia\u0144skim i jednym z sze\u015bciu w Organizacji Narod\u00f3w Zjednoczonych i dw\u00f3ch na Mi\u0119dzynarodowej Stacji Kosmicznej. Jego literatura \u2014 To\u0142stoj, Dostojewski, Turgieniew \u2014 ukszta\u0142towa\u0142a my\u015bl europejsk\u0105; jego kompozytorzy \u2014 Czajkowski, Strawi\u0144ski \u2014 wzbogacili globalny kanon; jego zespo\u0142y baletowe pozostaj\u0105 wzorami klasycznej dyscypliny; jego teatry i muzea \u015bwiadcz\u0105 o pasji do sztuki, kt\u00f3ra rozci\u0105ga si\u0119 od malarstwa ikonowego po kino awangardowe.<\/p>\n<p>Geograficznie kontury Rosji s\u0105 okre\u015blone przez dziewi\u0119\u0107 g\u0142\u00f3wnych system\u00f3w g\u00f3rskich. Na po\u0142udniu g\u00f3ry Kaukazu wznosz\u0105 si\u0119 do g\u00f3ry Elbrus na wysoko\u015bci 5642 m, najwy\u017cszego szczytu w Europie. Syberyjskie pasma A\u0142taju i Sajanu oraz wulkaniczne szczyty Kamczatki, w tym Kluczewska Sopka na wysoko\u015bci 4750 m, \u015bwiadcz\u0105 o tektonicznej niestabilno\u015bci kraju. G\u00f3ry Ural \u2014 bogate w rud\u0119 i kamienie szlachetne \u2014 tworz\u0105 tradycyjny podzia\u0142 Europy i Azji. Ich najni\u017csze punkty spadaj\u0105 do 29 m poni\u017cej poziomu morza w depresji kaspijskiej, podczas gdy jej arktyczne i pacyficzne wybrze\u017ca sprawiaj\u0105, \u017ce Rosja jest jednym z trzech pa\u0144stw, kt\u00f3re dotykaj\u0105 trzech ocean\u00f3w i sprawuj\u0105 opiek\u0119 nad ponad 37 653 km linii brzegowej. Wyspy tak odleg\u0142e jak Ziemia Wrangla i Franciszka J\u00f3zefa stoj\u0105 na stra\u017cy Arktyki, podczas gdy Sachalin i Kuryle wyznaczaj\u0105 peryferie Dalekiego Wschodu, z kt\u00f3rych niekt\u00f3re s\u0105 przedmiotem sporu z Japoni\u0105.<\/p>\n<p>Wn\u0119trze Rosji przecina ponad 100 000 rzek i znajduj\u0105 si\u0119 tam jeziora, kt\u00f3re zawieraj\u0105 jedn\u0105 czwart\u0105 \u015bwiatowych zasob\u00f3w s\u0142odkiej wody w stanie ciek\u0142ym. Jezioro Bajka\u0142, o g\u0142\u0119boko\u015bci 1642 m, jest najg\u0142\u0119bszym i najstarszym basenem jeziornym na Ziemi, mieszcz\u0105cym ponad jedn\u0105 pi\u0105t\u0105 ca\u0142ej powierzchniowej s\u0142odkiej wody. Na zachodzie le\u017c\u0105 \u0141adoga i Onega, jedne z najwi\u0119kszych w Europie. Wo\u0142ga, \u201eMatka Rzeka\u201d, p\u0142ynie przez zachodnie r\u00f3wniny do swojej rozleg\u0142ej delty na p\u00f3\u0142nocnym Morzu Kaspijskim, podczas gdy Ob, Jenisej, Lena i Amur odprowadzaj\u0105 wod\u0119 z Syberii w kierunku Arktyki i Pacyfiku. Te szlaki wodne kszta\u0142towa\u0142y wzorce osadnictwa i transportu od czas\u00f3w \u015bredniowiecza do ery barek fabrycznych.<\/p>\n<p>Re\u017cimy klimatyczne zmieniaj\u0105 si\u0119 gwa\u0142townie z p\u00f3\u0142nocy na po\u0142udnie i ze wschodu na zach\u00f3d. Syberia znosi subarktyczne zimy, kt\u00f3re s\u0105 ch\u0142odne do ekstremalnych, kontrastuj\u0105ce z gor\u0105cymi latami, w kt\u00f3rych doliny rzeczne rozkwitaj\u0105 w oazy na l\u0105dzie sta\u0142ym. Archipelagi arktyczne i tundra znajduj\u0105 si\u0119 pod wp\u0142ywem polarnym; wybrze\u017ce Morza Czarnego wok\u00f3\u0142 Soczi cieszy si\u0119 wilgotnymi subtropikalnymi zimami, kt\u00f3re przypominaj\u0105 Morze \u015ar\u00f3dziemne; sk\u0105pe tropikalne bryzy docieraj\u0105 do p\u00f3\u0142pustynnego wybrze\u017ca Morza Kaspijskiego i po\u0142udniowych zboczy Syberii; a zachodnie r\u00f3wniny morskie odczuwaj\u0105 \u0142agodzenie Atlantyku w Kaliningradzie i wzd\u0142u\u017c Ba\u0142tyku. Kr\u00f3tka wiosna i jesie\u0144 wyznaczaj\u0105 dwie dominuj\u0105ce pory roku, zim\u0119 i lato, poniewa\u017c plantatorzy i pracownicy na zewn\u0105trz planuj\u0105 dzia\u0142ania w zwi\u0105zku z miesi\u0105cami \u015bnie\u017cnymi lub falami upa\u0142\u00f3w. Zmiany klimatyczne nasilaj\u0105 obecnie po\u017cary las\u00f3w, rozmra\u017caj\u0105 wieczn\u0105 zmarzlin\u0119 i zmieniaj\u0105 wzorce opad\u00f3w i rolnictwa.<\/p>\n<p>Administracyjnie federacja sk\u0142ada si\u0119 z 83 podmiot\u00f3w federalnych: 46 obwod\u00f3w, 21 republik, 9 kraj\u00f3w, 4 okr\u0119g\u00f3w autonomicznych, 2 miast federalnych i jednego obwodu autonomicznego. Centralna Rosja, od dawna b\u0119d\u0105ca sercem kultury, szczyci si\u0119 Moskw\u0105 i jej obwodem satelickim, Jaros\u0142awiem i W\u0142odzimierzem ze \u015bredniowiecznymi ko\u015bcio\u0142ami. Region Czarnoziemu na po\u0142udnie od Moskwy \u2014 Kursk, Worone\u017c \u2014 zachowuje czarne gleby, kt\u00f3re \u017cywi\u0142y armie i ch\u0142op\u00f3w w czasie wojen i g\u0142odu. P\u00f3\u0142nocno-zachodnia Rosja, zakotwiczona w Sankt Petersburgu, rozci\u0105ga si\u0119 do Morza Bia\u0142ego i las\u00f3w Karelii. Na po\u0142udniu P\u00f3\u0142wysep Krymski i republiki Kaukazu prezentuj\u0105 kontrasty subtropikalnych kurort\u00f3w i surowych g\u00f3rskich kultur. Region Wo\u0142gi t\u0119tni przemys\u0142em i dziedzictwem tatarskim w Kazaniu i Samarze, podczas gdy Ural, Syberia i Daleki Wsch\u00f3d dostarczaj\u0105 minera\u0142\u00f3w, las\u00f3w i granic, kt\u00f3re w r\u00f3wnym stopniu stanowi\u0105 wyzwanie dla infrastruktury i zarz\u0105dzania.<\/p>\n<p>\u017bycie miejskie w Rosji odzwierciedla t\u0119 regionaln\u0105 r\u00f3\u017cnorodno\u015b\u0107. Na panoramie Moskwy kopu\u0142y w kszta\u0142cie cebuli zestawiane s\u0105 ze szklanymi wie\u017cami, a jej ulice przypominaj\u0105 o stuleciach car\u00f3w i radzieckich planist\u00f3w. Metro moskiewskie \u2014 bogato zdobione \u2014 s\u0142u\u017cy zar\u00f3wno jako sie\u0107 tranzytowa, jak i sztuka publiczna. Sankt Petersburg, za\u0142o\u017cony przez Piotra Wielkiego, rozci\u0105ga si\u0119 wzd\u0142u\u017c kana\u0142\u00f3w i neoklasycystycznych alei w blasku legendarnych bia\u0142ych nocy. Kaza\u0144 \u0142\u0105czy prawos\u0142awne katedry z minaretami, symbolizuj\u0105cymi wielonarodow\u0105 federacj\u0119 Rosji. Ni\u017cny Nowogr\u00f3d, Irkuck, Jekaterynburg i W\u0142adywostok to porty, centra przemys\u0142owe i centra kulturalne, z kt\u00f3rych ka\u017cde ods\u0142ania odr\u0119bne rozdzia\u0142y rosyjskiej historii i \u017cycia gospodarczego. Radzieckie pomniki w Wo\u0142gogradzie przypominaj\u0105 kataklizm Stalingradu; subtropikalne wybrze\u017ce Soczi sprzyja\u0142o ponownemu wynalezieniu igrzysk olimpijskich w 2014 r.; drewniane ko\u015bcio\u0142y Ki\u017cy dryfuj\u0105 jak wspomnienia po jeziorze Onega.<\/p>\n<p>Turystyka, niegdy\u015b skromna w czasach sowieckich, ros\u0142a i opada\u0142a wraz z geopolityk\u0105 i pandemiami. W 2019 r. liczba zagranicznych wizyt w Rosji osi\u0105gn\u0119\u0142a 24,4 mln, przyczyniaj\u0105c si\u0119 do 4,8 proc. PKB. Plac Czerwony, Ermita\u017c i Galeria Tretiakowska przyci\u0105gaj\u0105 osoby zainteresowane sztuk\u0105 i histori\u0105. Kolekcja miast Z\u0142otego Pier\u015bcienia \u2014 Suzdal, Rost\u00f3w, W\u0142odzimierz \u2014 oferuje rozdzia\u0142y architektury ko\u015bcielnej. Kolej Transsyberyjska zaprasza nieustraszonych podr\u00f3\u017cnik\u00f3w do przebycia 9000 km mi\u0119dzy kontynentami. Gejzery i nied\u017awiedzie Kamczatki, lodowate g\u0142\u0119biny jeziora Bajka\u0142, klasztorna twierdza So\u0142owieckiego i dziewicze lasy Komi pozostaj\u0105 poza blaskiem metropolii, dost\u0119pne tylko bark\u0105 rzeczn\u0105 lub samolotem. Lista 32 obiekt\u00f3w \u015bwiatowego dziedzictwa UNESCO w Rosji \u015bwiadczy o jej bogactwie naturalnym i kulturowym \u2014 jednak jej odosobnienie sprawia, \u017ce \u200b\u200bwiele \u015bcie\u017cek pozostaje lekko wydeptanych.<\/p>\n<p>Demograficznie Rosja mierzy si\u0119 z wyzwaniami starzenia si\u0119 populacji i niskiej dzietno\u015bci, przy ca\u0142kowitym wsp\u00f3\u0142czynniku dzietno\u015bci wynosz\u0105cym 1,41 urodze\u0144 na kobiet\u0119 w 2024 r. Urbanizacja przyci\u0105gn\u0119\u0142a dwie trzecie mieszka\u0144c\u00f3w do miast, nawet gdy g\u0119sto\u015b\u0107 zaludnienia gwa\u0142townie spada na wsch\u00f3d od Uralu. Mediana wieku wynosz\u0105ca 41,9 lat sprawia, \u017ce \u200b\u200bspo\u0142ecze\u0144stwo jest jednym z najstarszych na \u015bwiecie, co ma wp\u0142yw na emerytury, opiek\u0119 zdrowotn\u0105 i rynek pracy. Polityka emigracyjna i migracyjna, szczeg\u00f3lnie w odniesieniu do by\u0142ych republik radzieckich, nadal kszta\u0142tuje sk\u0142ad etniczny i zawodowy miast od Moskwy po Magadan.<\/p>\n<p>Kuchnia i towarzysko\u015b\u0107 odzwierciedlaj\u0105 zar\u00f3wno klimat, jak i histori\u0119. Obfite chleby \u017cytnie i pszenne podtrzymuj\u0105 zimne zimy; zupy \u2014 szczi, barszcz, ucha \u2014 \u0142\u0105cz\u0105 mi\u0119so, warzywa korzeniowe i \u015bmietan\u0119, aby dostarczy\u0107 energii i ciep\u0142a. Bliny, piero\u017cki i syrniki podkre\u015blaj\u0105 \u015bniadania i podwieczorki. Pielmieni i go\u0142ubcy czerpi\u0105 z mi\u0119sa i kapusty w fa\u0142dach i bu\u0142kach, kt\u00f3re m\u00f3wi\u0105 o ch\u0142opskiej pomys\u0142owo\u015bci. Beef Stroganow i Chicken Kiev nios\u0105 arystokratyczne skojarzenia, podczas gdy szasz\u0142yk o\u017cywia \u015bwi\u0105teczne grille. Kwas, staro\u017cytny nap\u00f3j fermentowany, gasi pragnienie \u0142agodnym musowaniem; w\u00f3dka, destylowana od XIV wieku, pozostaje symbolem rosyjskich toast\u00f3w, nawet gdy piwo i wino znajduj\u0105 uznanie we wsp\u00f3\u0142czesnej kulturze m\u0142odzie\u017cowej.<\/p>\n<p>W tym rozleg\u0142ym kraju przesz\u0142o\u015b\u0107 i tera\u017aniejszo\u015b\u0107 wsp\u00f3\u0142istniej\u0105 w warstwowej z\u0142o\u017cono\u015bci. Barokowe pa\u0142ace Katarzyny i radzieckie pomniki stoj\u0105 obok przeszklonych wie\u017c biurowych. Prawos\u0142awne dzwonnice obramowuj\u0105 nowe bloki mieszkalne. Echa car\u00f3w i Biura Politycznego mieszaj\u0105 si\u0119 w salach muzealnych. G\u00f3ry i lasy strzeg\u0105 wiosek, w kt\u00f3rych m\u00f3wi si\u0119 dialektami Ukrainy, Finlandii i Azji. Rzeki nadal nios\u0105 barki i statki pasa\u017cerskie wed\u0142ug wzor\u00f3w ustalonych przez cesarskie dekrety i zbiorowe przedsi\u0119wzi\u0119cie. Jedena\u015bcie stref czasowych rozwija si\u0119 w rytmach po\u0142udnia i p\u00f3\u0142nocy, ale jedna flaga i jeden mit narodowy \u0142\u0105cz\u0105 narody Bie\u0142gorodu i Pietropaw\u0142owska Kamczackiego.<\/p>\n<p>Ostatecznie Rosja nie jest ani monolitem, ani cudem, ale nieustannie zmieniaj\u0105cym si\u0119 bytem o ogromnych rozmiarach. Jej bogactwa ropy naftowej, gazu, drewna i minera\u0142\u00f3w stanowi\u0105 podstaw\u0119 gospodarki, kt\u00f3ra zajmuje jedenaste miejsce pod wzgl\u0119dem nominalnego PKB, ale musz\u0105 by\u0107 zr\u00f3wnowa\u017cone z rz\u0105dami, kt\u00f3re wywo\u0142uj\u0105 kontrowersje, ograniczaj\u0105 spo\u0142ecze\u0144stwo obywatelskie i ograniczaj\u0105 pras\u0119. Jej strategiczna waga znajduje odzwierciedlenie w arsenale nuklearnym, kt\u00f3ry nie ma sobie r\u00f3wnych poza Stanami Zjednoczonymi, oraz w wp\u0142ywie dyplomatycznym jako sta\u0142ego cz\u0142onka Rady Bezpiecze\u0144stwa ONZ i punktu podparcia G20, BRICS i regionalnych porozumie\u0144 od Wsp\u00f3lnoty Niepodleg\u0142ych Pa\u0144stw po Eurazjatyck\u0105 Uni\u0119 Gospodarcz\u0105. Jednak ludzki teren \u2014 miasta, wsie, rzeki i g\u00f3ry \u2014 pozostaje prawdziw\u0105 walut\u0105 rosyjskiej to\u017csamo\u015bci. To tutaj, po\u015br\u00f3d brzozowych las\u00f3w i marmurowych katedr, na zamarzni\u0119tych jeziorach i rozpalonych s\u0142o\u0144cem stepach, mo\u017cna najg\u0142\u0119biej odczu\u0107 istot\u0119 tego narodu.<\/p>\n<p>To jest Rosja jako scena i aktor: jednocze\u015bnie spadkobierca tysi\u0105cleci ludzkiego zamieszkiwania i tygiel nowoczesnej pot\u0119gi. To miejsce, w kt\u00f3rym historia jest zapisana w kamieniu i stali, gdzie natura potwierdza swoj\u0105 wspania\u0142o\u015b\u0107 poza zasi\u0119giem cz\u0142owieka i gdzie nast\u0119pny zwrot w kronice pozostaje niezapisany, ale ukszta\u0142towany przez ogrom, kt\u00f3ry zajmuje, i ludzi, kt\u00f3rzy nazywaj\u0105 go domem.<\/p>","protected":false},"excerpt":{"rendered":"<p>Rosja, formalnie nazywana Federacj\u0105 Rosyjsk\u0105, jest najwi\u0119kszym krajem na \u015bwiecie pod wzgl\u0119dem powierzchni l\u0105dowej, obejmuj\u0105cym Europ\u0119 Wschodni\u0105 i Azj\u0119 P\u00f3\u0142nocn\u0105. Z populacj\u0105 oko\u0142o 146 milion\u00f3w w 2024 r. zajmuje dziesi\u0105te miejsce na \u015bwiecie i jest najludniejszym krajem w Europie. Z jedenastoma strefami czasowymi i granicami l\u0105dowymi z czternastoma krajami, ten ogromny kraj jest geograficznym potworem o niezr\u00f3wnanym terytorium.<\/p>","protected":false},"author":1,"featured_media":4357,"parent":24078,"menu_order":0,"comment_status":"closed","ping_status":"closed","template":"elementor_theme","meta":{"_eb_attr":"","footnotes":""},"class_list":["post-11976","page","type-page","status-publish","has-post-thumbnail"],"_links":{"self":[{"href":"https:\/\/travelshelper.com\/pl\/wp-json\/wp\/v2\/pages\/11976","targetHints":{"allow":["GET"]}}],"collection":[{"href":"https:\/\/travelshelper.com\/pl\/wp-json\/wp\/v2\/pages"}],"about":[{"href":"https:\/\/travelshelper.com\/pl\/wp-json\/wp\/v2\/types\/page"}],"author":[{"embeddable":true,"href":"https:\/\/travelshelper.com\/pl\/wp-json\/wp\/v2\/users\/1"}],"replies":[{"embeddable":true,"href":"https:\/\/travelshelper.com\/pl\/wp-json\/wp\/v2\/comments?post=11976"}],"version-history":[{"count":0,"href":"https:\/\/travelshelper.com\/pl\/wp-json\/wp\/v2\/pages\/11976\/revisions"}],"up":[{"embeddable":true,"href":"https:\/\/travelshelper.com\/pl\/wp-json\/wp\/v2\/pages\/24078"}],"wp:featuredmedia":[{"embeddable":true,"href":"https:\/\/travelshelper.com\/pl\/wp-json\/wp\/v2\/media\/4357"}],"wp:attachment":[{"href":"https:\/\/travelshelper.com\/pl\/wp-json\/wp\/v2\/media?parent=11976"}],"curies":[{"name":"wp","href":"https:\/\/api.w.org\/{rel}","templated":true}]}}