{"id":11951,"date":"2024-09-14T21:29:10","date_gmt":"2024-09-14T21:29:10","guid":{"rendered":"https:\/\/travelshelper.com\/staging\/?page_id=11951"},"modified":"2026-03-12T20:59:26","modified_gmt":"2026-03-12T20:59:26","slug":"kluz-napoka","status":"publish","type":"page","link":"https:\/\/travelshelper.com\/pl\/destinations\/europe\/romania\/cluj\/","title":{"rendered":"Klu\u017c-Napoka"},"content":{"rendered":"<p>Klu\u017c-Napoka, drugie pod wzgl\u0119dem liczby ludno\u015bci miasto w Rumunii, zamieszkuje 286 598 os\u00f3b na obszarze o powierzchni 179,52 km\u00b2. Po\u0142o\u017cone w dolinie rzeki Some\u0219ul Mic w p\u00f3\u0142nocno-zachodniej Rumunii, le\u017cy niemal w r\u00f3wnej odleg\u0142o\u015bci od Bukaresztu (445 km), Budapesztu (461 km) i Belgradu (483 km). Jako siedziba okr\u0119gu Klu\u017c i nieoficjalna stolica historycznej Transylwanii, Klu\u017c-Napoka r\u00f3wnowa\u017cy swoje \u015bredniowieczne dziedzictwo z witalno\u015bci\u0105 XXI wieku.<\/p>\n<p>Od pocz\u0105tk\u00f3w jako osada rzymska do roli stolicy Wielkiego Ksi\u0119stwa Siedmiogrodu przed austro-w\u0119gierskim kompromisem z 1867 r., Klu\u017c-Napoka by\u0142a kszta\u0142towana przez kolejne fale rz\u0105d\u00f3w i to\u017csamo\u015bci. W \u015bredniowieczu Ko\u015bci\u00f3\u0142 \u015bw. Micha\u0142a by\u0142 kotwic\u0105 \u017cycia obywatelskiego na obecnym placu Unirii. Jego gotycka nawa pochodzi z ko\u0144ca XIV wieku, a neogotycka wie\u017ca, uko\u0144czona w XIX wieku, pozostaje najwy\u017csz\u0105 ko\u015bcieln\u0105 wie\u017c\u0105 w Rumunii. Na tym samym placu stoi konny pomnik Macieja Korwina, upami\u0119tniaj\u0105cy urodzonego w tym miejscu kr\u00f3la W\u0119gier i \u0142\u0105cz\u0105cy \u015bredniowieczne dziedzictwo miasta z jego nowoczesnym poczuciem miejsca.<\/p>\n<p>Po I wojnie \u015bwiatowej integracja miasta z Wielk\u0105 Rumuni\u0105 spowodowa\u0142a odrodzenie rumu\u0144skich instytucji kulturalnych. Monumentalna prawos\u0142awna katedra, uko\u0144czona w 1933 r. na placu Avrama Iancu, ustanowi\u0142a nowy punkt centralny dla rumu\u0144skiej spo\u0142eczno\u015bci miasta, uzupe\u0142niaj\u0105c wcze\u015bniejszy W\u0119gierski Teatr Narodowy. W okresie socjalizmu, pod koniec lat 60. nast\u0105pi\u0142a szybka industrializacja i ekspansja miejska, podczas gdy dekada po 1989 r. przynios\u0142a zar\u00f3wno wyzwania gospodarcze, jak i okres recesji demograficznej. Spadek w latach 90. pod przyw\u00f3dztwem miejskim Gheorghe Funara na kr\u00f3tko nadszarpn\u0105\u0142 mi\u0119dzynarodow\u0105 pozycj\u0119 Klu\u017c-Napoki, jednak wczesne dekady XXI wieku przywr\u00f3ci\u0142y jej reputacj\u0119 jednego z najwa\u017cniejszych o\u015brodk\u00f3w akademickich, kulturalnych i biznesowych Rumunii.<\/p>\n<p>Geograficznie Klu\u017c-Napoka rozci\u0105ga si\u0119 nad przej\u015bciowym krajobrazem g\u00f3r, p\u0142askowy\u017c\u00f3w i r\u00f3wnin. Na zachodzie wznosz\u0105 si\u0119 G\u00f3ry Apuseni; na wschodzie rozci\u0105ga si\u0119 p\u0142askowy\u017c Some\u0219; na po\u0142udniu rozci\u0105ga si\u0119 Nizina Transylwa\u0144ska. Miasto rozlewa si\u0119 na zewn\u0105trz od uj\u015bcia Some\u0219ul Mic i jego dop\u0142yw\u00f3w \u2014 N\u0103d\u0103\u0219el, Pope\u0219ti, Chintenilor i innych \u2014 rozci\u0105gaj\u0105c si\u0119 przez drugorz\u0119dne doliny, kt\u00f3re nios\u0105 swoje wody do Canalul Morilor, kt\u00f3ry wyznacza centrum miasta. Po\u0142udniowe dzielnice zajmuj\u0105 g\u00f3rny taras wzg\u00f3rza Feleac, otoczony wzniesieniami o wysoko\u015bci 500\u2013700 m; dalej na p\u00f3\u0142noc wzg\u00f3rza Klu\u017c tworz\u0105 lini\u0119 horyzontu ze szczytami takimi jak Lombului (684 m), Dealul Melcului (617 m) i Techint\u0103u (633 m). W tym obszarze granice gminy obejmuj\u0105 tereny le\u015bne, \u0142\u0105ki i korytarze nadrzeczne, tworz\u0105c korytarze ekologiczne, kt\u00f3re stanowi\u0105 siedlisko dla wielu gatunk\u00f3w flory i fauny.<\/p>\n<p>W granicach miasta Ogr\u00f3d Botaniczny Cluj-Napoca oferuje \u017cywy katalog gatunk\u00f3w regionalnych i egzotycznych, podczas gdy Central Park \u2014 za\u0142o\u017cony w XIX wieku \u2014 zapewnia miejski odpoczynek skupiony wok\u00f3\u0142 sztucznego jeziora i jego wyspy. Inne zielone przestrzenie obejmuj\u0105 Park Iuliu Ha\u021bieganu z obiektami sportowymi; Park Ha\u0219deu, s\u0105siaduj\u0105cy z akademikami; Park Opera, po\u0142o\u017cony za Rumu\u0144sk\u0105 Oper\u0105; i szczyt wzg\u00f3rza Cet\u0103\u021buia, oferuj\u0105cy panoramiczne widoki. Za tymi terenami uprawnymi znajduj\u0105 si\u0119 dwa rezerwaty botaniczne \u2014 F\u00e2na\u021bele Clujului i Valea Morii \u2014 gdzie znajduj\u0105 schronienie rzadkie ro\u015bliny, takie jak pantofelek Wenus i lokalny irys. Tereny le\u015bne, takie jak F\u0103get i Hoia, s\u0105 siedliskiem dzik\u00f3w, borsuk\u00f3w, lis\u00f3w, kr\u00f3lik\u00f3w i wiewi\u00f3rek; W tym ostatnim lesie znajduje si\u0119 tak\u017ce muzeum na \u015bwie\u017cym powietrzu Romulus Vuia, kt\u00f3rego eksponaty pochodz\u0105 z 1678 r. i kt\u00f3re jest \u017ar\u00f3d\u0142em lokalnych legend o spotkaniach z kosmitami i podziemnych tunelach \u0142\u0105cz\u0105cych staro\u017cytne ko\u015bcio\u0142y miasta.<\/p>\n<p>Na obrze\u017cach miasta krajobraz i kultura si\u0119 przeplataj\u0105. Na po\u0142udniowym wschodzie w\u0105wozy Turda rze\u017abi\u0105 strome wapienne \u015bciany nad kr\u0119t\u0105 rzek\u0105; na p\u00f3\u0142nocnym wschodzie odrestaurowany Zamek B\u00e1nffy w Bon\u021bida przypomina jego osiemnastowieczn\u0105 \u015bwietno\u015b\u0107 \u2014 kiedy\u015b nazywany \u201eWersalem Transylwanii\u201d. W pobliskich wioskach stoi Zamek Wass-B\u00e1nffy w Gil\u0103u i inna siedziba rodziny w R\u0103scruci. W Nicula, XVIII-wieczny klasztor przyci\u0105ga pielgrzym\u00f3w, aby odda\u0107 cze\u015b\u0107 cudotw\u00f3rczej Madonnie, kt\u00f3rej ikona rzekomo zap\u0142aka\u0142a w 1669 roku; ka\u017cdego 15 sierpnia ponad 150 000 odwiedzaj\u0105cych jest \u015bwiadkami \u015bwi\u0119ta upami\u0119tniaj\u0105cego Za\u015bni\u0119cie Theotokos.<\/p>\n<p>Rytmy sezonowe kszta\u0142tuj\u0105 zar\u00f3wno aktywno\u015b\u0107, jak i atmosfer\u0119 w Klu\u017cu-Napoce. Wilgotny klimat kontynentalny przynosi zimne zimy, ze \u015bredni\u0105 pokryw\u0105 \u015bnie\u017cn\u0105 utrzymuj\u0105c\u0105 si\u0119 przez oko\u0142o 65 dni mi\u0119dzy grudniem a marcem, oraz ciep\u0142e lata, gdzie temperatury w po\u0142udnie cz\u0119sto osi\u0105gaj\u0105 35 \u00b0C. Letnie popo\u0142udnia mog\u0105 ust\u0105pi\u0107 miejsca nag\u0142ym, gwa\u0142townym burzom, podczas gdy wiosn\u0105 i jesieni\u0105 naprzemiennie wyst\u0119puj\u0105 \u0142agodne opady deszczu i okresy bezchmurnego nieba. Badanie opublikowane w 2014 r. wykaza\u0142o, \u017ce Klu\u017c-Napoka ma jedn\u0105 z najlepszych jako\u015bci powietrza w Europie, co jest efektem po\u0142o\u017cenia w dolinie rzeki, otaczaj\u0105cych las\u00f3w i umiarkowanej g\u0119sto\u015bci zaludnienia.<\/p>\n<p>Demograficznie populacja gminy spad\u0142a z 324 576 w 2011 r. do 286 598 wed\u0142ug spisu z 2021 r. Szerszy obszar metropolitalny, utworzony pod rz\u0105dami nowego organu zarz\u0105dzaj\u0105cego w grudniu 2008 r., obejmuje oko\u0142o 411 379 mieszka\u0144c\u00f3w; pas podmiejski podnosi t\u0119 liczb\u0119 do ponad 420 000. Ka\u017cdego roku w mie\u015bcie mieszka \u015brednio ponad 20 000 student\u00f3w i tymczasowych mieszka\u0144c\u00f3w, przyci\u0105gni\u0119tych przez koncentracj\u0119 instytucji szkolnictwa wy\u017cszego. W jego centrum znajduje si\u0119 Uniwersytet Babe\u015f-Bolyai, najwi\u0119kszy w Rumunii, kt\u00f3rego wydzia\u0142y i ogr\u00f3d botaniczny wzmacniaj\u0105 rol\u0119 Klu\u017cu-Napoki jako intelektualnego centrum.<\/p>\n<p>Ta akademicka koncentracja stanowi podstaw\u0119 miejskich instytucji kulturalnych: Teatr Narodowy, W\u0119gierski Teatr Pa\u0144stwowy, Opera Rumu\u0144ska i Transylwa\u0144ska Filharmonia przyczyniaj\u0105 si\u0119 do ca\u0142orocznego programu dramatu, baletu, opery i muzyki orkiestrowej. Muzea \u015bledz\u0105 lokaln\u0105 histori\u0119 poprzez archeologi\u0119, etnografi\u0119, sztuk\u0119, farmaceutyk\u0119, gospodark\u0119 wodn\u0105 i nauki przyrodnicze, mieszcz\u0105ce si\u0119 w Muzeum Uniwersyteckim, Muzeum Mineralogicznym i innych na terenie Uniwersytetu Babe\u015f-Bolyai. Wsp\u00f3\u0142czesna kultura znajduje wyraz na Mi\u0119dzynarodowym Festiwalu Filmowym Transylwania (TIFF), zainaugurowanym w 2001 r. i pierwszym tego typu w Rumunii; Comedy Cluj, Festiwal Mozartowski, Toamna Muzical\u0103 Clujean\u0103, Bal Operowy i Festiwal Teatralny Interferences, ka\u017cdy z nich wnosi warstwy wyst\u0119p\u00f3w i spotka\u0144. Festiwale muzyczne obejmuj\u0105 m.in. S\u0103rb\u0103toarea Muzicii (21 czerwca), spotkania piwne Splaiul Independen\u021bei, festiwal muzyki elektronicznej Delahoya (odbywaj\u0105cy si\u0119 od 1997 r.), Electric Castle w zamku B\u00e1nffy (kt\u00f3ry do 2016 r. przyci\u0105gn\u0105\u0142 ponad 120 000 uczestnik\u00f3w) oraz Untold, kt\u00f3ry podczas swojej drugiej edycji zgromadzi\u0142 oko\u0142o 300 000 uczestnik\u00f3w.<\/p>\n<p>Na froncie ekonomicznym Klu\u017c-Napoka wspiera zr\u00f3\u017cnicowan\u0105 baz\u0119. Lokalne marki, takie jak Banca Transilvania, Terapia Ranbaxy, Farmec, Jolidon i browary Ursus, powsta\u0142y tutaj, podczas gdy globalne korporacje \u2014 MOL, Aegon, Bosch, De&#039;Longhi, Emerson i inne \u2014 prowadz\u0105 fabryki i biura w regionie metropolitalnym. Miasto sta\u0142o si\u0119 rumu\u0144skim technopolis: InformationWeek zidentyfikowa\u0142 je jako miejsce wi\u0119kszo\u015bci krajowej dzia\u0142alno\u015bci w zakresie oprogramowania i IT. Chocia\u017c fabryka Nokii w pobli\u017cu Klu\u017c-Napoki zako\u0144czy\u0142a produkcj\u0119 w 2011 r., jej dawna siedziba jest teraz siedzib\u0105 produkcji urz\u0105dze\u0144 De&#039;Longhi. Rumu\u0144ska autostrada A3, Transylwania, rozci\u0105ga si\u0119 od okolic Klu\u017c-Westu w kierunku Bukaresztu i zachodniej granicy, podczas gdy drogi krajowe DN1, DN1C i DN1F \u0142\u0105cz\u0105 lokalne i regionalne centra.<\/p>\n<p>W centrum miasta handel kwitnie wzd\u0142u\u017c ulic Eroilor Avenue, Napoca i Memorandumului \u2014 gdzie czynsze za najlepsze lokale handlowe mog\u0105 si\u0119ga\u0107 720 euro rocznie za metr kwadratowy \u2014 podczas gdy du\u017ce centra handlowe, takie jak VIVO! i Iulius Mall, stanowi\u0105 obrze\u017ca obok hipermarket\u00f3w i supermarket\u00f3w DIY. Mi\u0119dzynarodowe marki od H&amp;M i Zara po Sephora i Nike stoj\u0105 obok rumu\u0144skich sprzedawc\u00f3w detalicznych, odzwierciedlaj\u0105c wybory konsument\u00f3w w stolicach innych miejsc.<\/p>\n<p>Infrastruktura transportowa integruje sieci drogowe, kolejowe, lotnicze i transportu publicznego. Mi\u0119dzynarodowe lotnisko w Klu\u017cu-Napoce, dziewi\u0119\u0107 kilometr\u00f3w na wsch\u00f3d od centrum, jest drugim najbardziej ruchliwym lotniskiem w Rumunii, obs\u0142uguj\u0105cym ponad 1,4 miliona pasa\u017cer\u00f3w w 2015 r. i oferuj\u0105cym bezpo\u015brednie loty do ca\u0142ej Europy. G\u0142\u00f3wny dworzec kolejowy, dwa kilometry na p\u00f3\u0142noc od placu Unirii, znajduje si\u0119 na liniach 300 i 401, zapewniaj\u0105c po\u0142\u0105czenia do Bukaresztu, Oradei, Dej i dalej; stacje drugorz\u0119dne w Gara Mic\u0103 i Est obs\u0142uguj\u0105 trasy regionalne, podczas gdy poci\u0105gi towarowe korzystaj\u0105 z obiektu Halta \u201eClujana\u201d. W obr\u0119bie miasta lokalna firma transportowa, CTP, obs\u0142uguje 321 km tras: pi\u0119\u0107 linii tramwajowych, dwana\u015bcie linii trolejbusowych i pi\u0119\u0107dziesi\u0105t jeden tras autobusowych, uzupe\u0142nionych o prywatnych przewo\u017anik\u00f3w do s\u0105siednich miast. Propozycje modernizacji tor\u00f3w tramwajowych obejmuj\u0105 wydzielone pasy drogowe i potencjalne tunele; d\u0142ugoterminowe plany przewiduj\u0105 po\u0142\u0105czenie lekkiej kolei mi\u0119dzy Gil\u0103u i Jucu. Od 2018 r. poczyniono post\u0119py w pracach nad studiami wykonalno\u015bci systemu metra, a w lutym 2023 r. kontrakt na zaprojektowanie i budow\u0119 linii I przyznano konsorcjum pod przewodnictwem G\u00fclermak, Alstom Transport i Arcada. Przewidywany czas realizacji to dziewi\u0119\u0107dziesi\u0105t sze\u015b\u0107 miesi\u0119cy.<\/p>\n<p>Krajobrazy miejskie przeplataj\u0105 \u015bredniowiecze z nowoczesno\u015bci\u0105. Gotyckie \u0142uki w ko\u015bciele \u015bw. Micha\u0142a ust\u0119puj\u0105 miejsca eklektycznym fasadom na ulicy Iuliu Maniu, nawi\u0105zuj\u0105cym do Pary\u017ca Haussmanna, podczas gdy Pa\u0142ac Sprawiedliwo\u015bci i zesp\u00f3\u0142 na placu Avrama Iancu \u2014 obejmuj\u0105cy Teatr Narodowy, siedzib\u0119 sp\u00f3\u0142ki kolejowej, Prefektur\u0119, Pa\u0142ac Finans\u00f3w i siedzib\u0119 Metropolii \u2014 odzwierciedlaj\u0105 ambicje miejskie architekta Gyuli Wagnera z ko\u0144ca XIX wieku. Ogr\u00f3d botaniczny, kasyno Chios w Central Parku i rze\u017aby w Central Parku przyczyniaj\u0105 si\u0119 do zdyscyplinowanej i hojnej tkanki miejskiej. Nawet cmentarz w Hajongard, rozci\u0105gaj\u0105cy si\u0119 na czterna\u015bcie hektar\u00f3w, mie\u015bci pomniki rze\u017abiarskie i szcz\u0105tki luminarzy miasta.<\/p>\n<p>Narracja Klu\u017cu-Napoki to opowie\u015b\u0107 o ci\u0105g\u0142o\u015bci i transformacji. Jej rzymskie, w\u0119gierskie i rumu\u0144skie rozdzia\u0142y pozostawi\u0142y po sobie architektoniczne i kulturowe znaczniki; jej rzeka i wzg\u00f3rza kszta\u0142tuj\u0105 jej form\u0119, podczas gdy uniwersytety, teatry i festiwale wyra\u017caj\u0105 jej ducha. Jako wsp\u00f3\u0142czesna metropolia, porusza si\u0119 ona po wzro\u015bcie i dziedzictwie, innowacji i tradycji. Mierniki dobrobytu miasta \u2014 liczba ludno\u015bci, wzrost bud\u017cetu z 990 milion\u00f3w lei w 2008 r. do 2,117 miliarda lei w 2021 r., mi\u0119dzynarodowe tytu\u0142y, takie jak Europejska Stolica M\u0142odzie\u017cy (2015), Europejskie Miasto Sportu (2018) i Miasto Filmu UNESCO (2021) \u2014 m\u00f3wi\u0105 o miejskiej ambicji zakorzenionej w bogatej przesz\u0142o\u015bci i skierowanej ku otwartej przysz\u0142o\u015bci. W Klu\u017cu-Napoce obserwator znajduje nie tylko katalog atrybut\u00f3w, ale \u017cyw\u0105 tkanin\u0119 miejsca: miasto, kt\u00f3re stoi mi\u0119dzy wysoko\u015bciami a wodami, mi\u0119dzy epokami a ideami, sprowadzone do pilnej specyfiki i ludzkiej skali.<\/p>","protected":false},"excerpt":{"rendered":"<p>Klu\u017c-Napoka, po\u0142o\u017cone w p\u00f3\u0142nocnej Rumunii, jest drugim co do wielko\u015bci miastem w kraju i stolic\u0105 okr\u0119gu Klu\u017c. Po\u0142o\u017cone w dolinie rzeki Some\u0219ul Mic i zajmuj\u0105ce powierzchni\u0119 179,52 km\u00b2, to energiczne miasto metropolitalne znajduje si\u0119 w samym sercu Transylwanii. Klu\u017c-Napoka ma populacj\u0119 286 598 os\u00f3b w 2021 r.; jej obszar metropolitalny sk\u0142ada si\u0119 z 411 379 os\u00f3b, a obszar podmiejski liczy oko\u0142o 420 000 os\u00f3b. Strategicznie po\u0142o\u017cone w prawie r\u00f3wnych odleg\u0142o\u015bciach od g\u0142\u00f3wnych stolic europejskich, miasto znajduje si\u0119 445 kilometr\u00f3w od Bukaresztu, 461 kilometr\u00f3w od Budapesztu i 483 kilometry od Belgradu.<\/p>","protected":false},"author":1,"featured_media":3187,"parent":11908,"menu_order":0,"comment_status":"closed","ping_status":"closed","template":"elementor_theme","meta":{"_eb_attr":"","footnotes":""},"class_list":["post-11951","page","type-page","status-publish","has-post-thumbnail"],"_links":{"self":[{"href":"https:\/\/travelshelper.com\/pl\/wp-json\/wp\/v2\/pages\/11951","targetHints":{"allow":["GET"]}}],"collection":[{"href":"https:\/\/travelshelper.com\/pl\/wp-json\/wp\/v2\/pages"}],"about":[{"href":"https:\/\/travelshelper.com\/pl\/wp-json\/wp\/v2\/types\/page"}],"author":[{"embeddable":true,"href":"https:\/\/travelshelper.com\/pl\/wp-json\/wp\/v2\/users\/1"}],"replies":[{"embeddable":true,"href":"https:\/\/travelshelper.com\/pl\/wp-json\/wp\/v2\/comments?post=11951"}],"version-history":[{"count":0,"href":"https:\/\/travelshelper.com\/pl\/wp-json\/wp\/v2\/pages\/11951\/revisions"}],"up":[{"embeddable":true,"href":"https:\/\/travelshelper.com\/pl\/wp-json\/wp\/v2\/pages\/11908"}],"wp:featuredmedia":[{"embeddable":true,"href":"https:\/\/travelshelper.com\/pl\/wp-json\/wp\/v2\/media\/3187"}],"wp:attachment":[{"href":"https:\/\/travelshelper.com\/pl\/wp-json\/wp\/v2\/media?parent=11951"}],"curies":[{"name":"wp","href":"https:\/\/api.w.org\/{rel}","templated":true}]}}