{"id":11881,"date":"2024-09-14T18:51:08","date_gmt":"2024-09-14T18:51:08","guid":{"rendered":"https:\/\/travelshelper.com\/staging\/?page_id=11881"},"modified":"2026-03-12T15:58:18","modified_gmt":"2026-03-12T15:58:18","slug":"islandia","status":"publish","type":"page","link":"https:\/\/travelshelper.com\/pl\/destinations\/europe\/iceland\/","title":{"rendered":"Islandia"},"content":{"rendered":"<p>Islandia, p\u00f3\u0142nocnoatlantyckie pa\u0144stwo wyspiarskie licz\u0105ce oko\u0142o 380 000 mieszka\u0144c\u00f3w, zajmuje geologicznie niestabilny obszar oko\u0142o 103 000 kilometr\u00f3w kwadratowych. Po\u0142o\u017cone mi\u0119dzy Grenlandi\u0105 a Norwegi\u0105, na Grzbiecie \u015ar\u00f3datlantyckim, gdzie p\u0142yty tektoniczne Ameryki P\u00f3\u0142nocnej i Eurazji si\u0119 rozchodz\u0105, jest najbardziej wysuni\u0119tym na zach\u00f3d i najmniej zaludnionym krajem w Europie. Reykjav\u00edk, stolica, skupia ponad jedn\u0105 trzeci\u0105 populacji w nisko zawieszonym miejskim krajobrazie, zawieszonym na tle oceanicznego horyzontu. Jest to ludzka plac\u00f3wka na krajobrazie ukszta\u0142towanym przez wulkanizm i zlodowacenie, gdzie cywilizacja wydaje si\u0119 tymczasowa, zawsze zdana na \u0142ask\u0119 gruntu pod ni\u0105.<\/p>\n<p>Opuszczaj\u0105c miejski obw\u00f3d, teren szybko traci przewidywalno\u015b\u0107. Wkracza si\u0119 w sfer\u0119 elementarnej surowo\u015bci: r\u00f3wniny pokrytej porostami lawy, pustynie polerowanego przez wiatr popio\u0142u i odleg\u0142e sylwetki pokrytych \u015bniegiem wulkan\u00f3w. Rzeki \u015br\u00f3dl\u0105dowe \u2014 p\u0142yn\u0105ce z topniej\u0105cych lodowc\u00f3w \u2014 przecinaj\u0105 bazaltowe w\u0105wozy, podczas gdy gejzery, z mechanicznym rytmem, sycz\u0105 i wybuchaj\u0105 w k\u0142\u0119bach pary. Na po\u0142udniowo-wschodnim wybrze\u017cu zamarzni\u0119ta masa Vatnaj\u00f6kull ust\u0119puje miejsca pokrytej lodem lagunie J\u00f6kuls\u00e1rl\u00f3n, gdzie g\u00f3ry lodowe ciel\u0105ce si\u0119 z lodowca dryfuj\u0105 w stron\u0119 morza, a ich kobaltowe rdzenie zosta\u0142y wytrawione przez czas. Fiordy na p\u00f3\u0142nocy i wschodzie, otoczone klifami i staro\u017cytnymi warstwami skalnymi, daj\u0105 schronienie wioskom, kt\u00f3re wydaj\u0105 si\u0119 zamieszkiwa\u0107 inny wiek.<\/p>\n<p>Chocia\u017c po\u0142o\u017cenie geograficzne sugeruje surowo\u015b\u0107 polarn\u0105, klimat Islandii jest \u0142agodzony przez Pr\u0105d P\u00f3\u0142nocnoatlantycki. Rezultatem jest zaskakuj\u0105ca umiarkowana pogoda: zimy s\u0105 mniej brutalne ni\u017c w g\u0142\u0119bi l\u0105du Skandynawii, a lata, cho\u0107 ch\u0142odne, s\u0105 o\u015bwietlone niemal ci\u0105g\u0142ym \u015bwiat\u0142em dziennym. Te uog\u00f3lnienia ust\u0119puj\u0105 jednak regionalnym r\u00f3\u017cnicom. Po\u0142udnie zmaga si\u0119 z cz\u0119stymi opadami i morskimi szkwa\u0142ami; p\u00f3\u0142noc wygrzewa si\u0119 w suchym, krystalicznym powietrzu; a centralne Highlands \u2014 ja\u0142owe, wyniesione, niego\u015bcinne \u2014 zatrzymuj\u0105 \u015bnieg do p\u00f3\u017anej pory roku i niewiele poddaj\u0105 si\u0119 ludzkim ambicjom.<\/p>\n<p>Zapisy pisemne zaczynaj\u0105 si\u0119 od l\u0105dowania Ing\u00f3lfra Arnarsona w 874 r. n.e. Jako w\u00f3dz pochodzenia norweskiego za\u0142o\u017cy\u0142 osad\u0119, kt\u00f3ra sta\u0142a si\u0119 Reykjav\u00edkiem. Fale osadnik\u00f3w norweskich pod\u0105\u017ca\u0142y za nimi, przywo\u017c\u0105c ze sob\u0105 niewolnik\u00f3w gaelickich i zasady spo\u0142ecze\u0144stwa zakorzenionego w prawie i tradycji ustnej. W 930 r. n.e. za\u0142o\u017cyli Althing w \u00deingvellir \u2014 zgromadzenie w\u0142a\u015bcicieli ziemskich, kt\u00f3re mia\u0142o sta\u0107 si\u0119 jednym z najstarszych nieprzerwanych parlament\u00f3w na \u015bwiecie. Z czasem bratob\u00f3jcze wa\u015bnie i naciski zewn\u0119trzne doprowadzi\u0142y do \u200b\u200bwch\u0142oni\u0119cia Islandii przez koron\u0119 norwesk\u0105 pod koniec XIII wieku. Unia z Dani\u0105, najpierw poprzez Uni\u0119 Kalmarsk\u0105, a p\u00f3\u017aniej poprzez ca\u0142kowit\u0105 kontrol\u0119, przynios\u0142a stulecia odleg\u0142ych rz\u0105d\u00f3w.<\/p>\n<p>XVI wiek narzuci\u0142 luteranizm dekretem, rozmontowuj\u0105c struktury katolickie i centralizuj\u0105c w\u0142adz\u0119 w Kopenhadze. Nastroje nacjonalistyczne tli\u0142y si\u0119 pod rz\u0105dami Danii, pobudzane przez O\u015bwiecenie i rozniecane przez romantyczny nacjonalizm w XIX wieku. Islandia uzyska\u0142a samorz\u0105dno\u015b\u0107 w 1918 r. na mocy Aktu Unii, ale pe\u0142na niepodleg\u0142o\u015b\u0107 nadesz\u0142a dopiero w czasie globalnego zamieszania II wojny \u015bwiatowej. W 1944 r., gdy Dania by\u0142a okupowana przez wojska niemieckie, Islandczycy niemal jednog\u0142o\u015bnie zag\u0142osowali za ustanowieniem republiki.<\/p>\n<p>Przez stulecia gospodarka Islandii by\u0142a definiowana jako przetrwanie. Rybo\u0142\u00f3wstwo, hodowla owiec i ograniczone rolnictwo podtrzymywa\u0142y \u017cycie w nieprzyjaznym \u015brodowisku. XX wiek wprowadzi\u0142 zmechanizowane trawlery i nowoczesne przetw\u00f3rstwo ryb, przekszta\u0142caj\u0105c zasoby morskie w filary gospodarki. Powojenne fundusze na odbudow\u0119 i dost\u0119p do rynk\u00f3w europejskich zwi\u0119kszy\u0142y potencja\u0142 przemys\u0142owy. W latach 90. cz\u0142onkostwo w Europejskim Obszarze Gospodarczym u\u0142atwi\u0142o dywersyfikacj\u0119 w biotechnologi\u0119, bankowo\u015b\u0107 i produkcj\u0119, jednak gospodarka pozostaje przywi\u0105zana do swoich morskich korzeni.<\/p>\n<p>Islandia obecnie r\u00f3wnowa\u017cy liberalizm rynkowy z nordyckim stylem opieki spo\u0142ecznej. Utrzymuje niskie stawki podatku od os\u00f3b prawnych, wysok\u0105 g\u0119sto\u015b\u0107 zwi\u0105zk\u00f3w zawodowych i solidne us\u0142ugi publiczne, w tym powszechn\u0105 opiek\u0119 zdrowotn\u0105 i bezp\u0142atne wy\u017csze wykszta\u0142cenie. Pomimo braku sta\u0142ej armii kraj ten przyczynia si\u0119 do NATO i utrzymuje stra\u017c przybrze\u017cn\u0105 patroluj\u0105c\u0105 stref\u0119 morsk\u0105. Ta minimalistyczna strategia obronna odzwierciedla szersze warto\u015bci spo\u0142eczne dyplomacji i zbiorowej odpowiedzialno\u015bci.<\/p>\n<p>Pod wzgl\u0119dem geologicznym Islandia pozostaje niestabilna. Wysp\u0119 przecina Grzbiet \u015ar\u00f3datlantycki, gdzie magma wyp\u0142ywa na powierzchni\u0119, by narodzi\u0107 now\u0105 ziemi\u0119. Erupcje takie jak Eyjafjallaj\u00f6kull w 2010 r. przypominaj\u0105 obserwatorom o oboj\u0119tno\u015bci natury na ludzkie plany. Aktywno\u015b\u0107 pod B\u00e1r\u00f0arbunga w 2014 r. dodatkowo podkre\u015bli\u0142a nieprzewidywalno\u015b\u0107 sejsmiczn\u0105 wyspy. Podczas gdy wi\u0119kszo\u015b\u0107 populacji zamieszkuje \u0142agodniejszy pas wybrze\u017ca, Highlands pozostaj\u0105 niezamieszkane, odwiedzane jedynie przez dobrze wyposa\u017cone pojazdy lub osoby pieszo, kt\u00f3re s\u0105 gotowe stawi\u0107 czo\u0142a ich odleg\u0142ej wspania\u0142o\u015bci.<\/p>\n<p>Greater Reykjav\u00edk obejmuje kilka gmin i stanowi kulturalne i ekonomiczne serce kraju. Mniejsze o\u015brodki miejskie, takie jak Akureyri na p\u00f3\u0142nocy i Reykjanesb\u00e6r w pobli\u017cu mi\u0119dzynarodowego lotniska, \u015bwiadcz\u0105 us\u0142ugi regionalne, chocia\u017c wi\u0119kszo\u015b\u0107 spo\u0142eczno\u015bci pozostaje zwarta i autonomiczna. W 2003 r. okr\u0119gi wyborcze zosta\u0142y ponownie wyznaczone, aby odzwierciedli\u0107 zmieniaj\u0105c\u0105 si\u0119 demografi\u0119 i utrzyma\u0107 sprawiedliw\u0105 reprezentacj\u0119 ludno\u015bci miejskiej i wiejskiej.<\/p>\n<p>Polityka energetyczna wyr\u00f3\u017cnia Islandi\u0119. Prawie ca\u0142a domowa energia elektryczna i ogrzewanie pochodz\u0105 z hydroenergii i system\u00f3w geotermalnych, co jest rzadko\u015bci\u0105 nawet w\u015br\u00f3d kraj\u00f3w rozwini\u0119tych. Ogromne projekty hydroelektryczne wykorzystuj\u0105 odp\u0142yw lodowcowy, podczas gdy stacje geotermalne wykorzystuj\u0105 ciep\u0142o podziemne. Ta obfita, odnawialna energia wspiera zar\u00f3wno gospodarstwa domowe, jak i ci\u0119\u017cki przemys\u0142. Trzy parki narodowe \u2014 \u00deingvellir, Sn\u00e6fellsj\u00f6kull i Vatnaj\u00f6kull \u2014 chroni\u0105 kluczowe miejsca ekologiczne i historyczne, kszta\u0142tuj\u0105c trwaj\u0105cy dialog narodu z jego przesz\u0142o\u015bci\u0105 i przysz\u0142o\u015bci\u0105.<\/p>\n<p>Sie\u0107 infrastruktury \u0142\u0105czy ten wyspiarski nar\u00f3d. Obwodnica okr\u0105\u017ca kraj, \u0142\u0105cz\u0105c fiordy i pola faluj\u0105c\u0105 wst\u0119g\u0105 asfaltu. Zim\u0105 wewn\u0119trzne drogi s\u0105 cz\u0119sto nieprzejezdne, jednak zewn\u0119trzny obw\u00f3d umo\u017cliwia ca\u0142oroczne podr\u00f3\u017ce tym, kt\u00f3rzy s\u0105 przygotowani na nag\u0142e zmiany pogody. Publiczne autobusy docieraj\u0105 do odleg\u0142ych miast, a lotniska w Keflav\u00edku, Reykjav\u00edku, Akureyri i Egilssta\u00f0ir umo\u017cliwiaj\u0105 po\u0142\u0105czenia krajowe i mi\u0119dzynarodowe.<\/p>\n<p>To\u017csamo\u015b\u0107 kulturowa Islandii odzwierciedla jej pochodzenie. J\u0119zyk islandzki, stosunkowo niezmieniony od czas\u00f3w \u015bredniowiecza, zachowuje archaiczn\u0105 gramatyk\u0119 i s\u0142ownictwo. Sagi, pisane w staronordyjskim, pozostaj\u0105 centralne dla pami\u0119ci zbiorowej, kszta\u0142tuj\u0105c literatur\u0119, etyk\u0119 i samoocen\u0119 narodow\u0105. R\u00f3wno\u015b\u0107 p\u0142ci nale\u017cy do najwy\u017cszych na \u015bwiecie, a dystrybucja dochod\u00f3w jest wyra\u017anie r\u00f3wnomierna, co jest konsekwencj\u0105 norm spo\u0142ecznych ukszta\u0142towanych przez izolacj\u0119 i wzajemne poleganie.<\/p>\n<p>Tradycje kulinarne pozostaj\u0105 zakorzenione w konieczno\u015bci. Ryby i jagni\u0119cina dominuj\u0105 na stole, do kt\u00f3rych do\u0142\u0105czaj\u0105 podstawowe produkty mleczne, takie jak skyr i sezonowe warzywa uprawiane w geotermalnych szklarniach. Historyczna surowo\u015b\u0107 jest obecna w daniach takich jak h\u00e1karl (fermentowany rekin) i sl\u00e1tur (kaszanka), podczas gdy kawa i brenniv\u00edn oznaczaj\u0105 rytua\u0142y spo\u0142eczne, podkre\u015blaj\u0105c narodow\u0105 preferencj\u0119 dla hartu ducha \u0142agodzonego przez braterstwo.<\/p>\n<p>Poza stolic\u0105 i wydeptanymi szlakami Islandia ods\u0142ania swoj\u0105 bardziej nieuchwytn\u0105 istot\u0119. Strome klify Fiord\u00f3w Zachodnich s\u0105 domem dla ptak\u00f3w morskich i ciszy. Sn\u00e6fellsnes, z jego pokrytym lodowcem stratowulkanem, \u0142\u0105czy geografi\u0119 z folklorem. W H\u00fasav\u00edk walenie przebijaj\u0105 si\u0119 przez lustrzan\u0105 powierzchni\u0119 zatoki Skj\u00e1lfandi, podczas gdy dalej w g\u0142\u0105b l\u0105du ryolitowe zbocza Landmannalaugar \u0142api\u0105 poranne \u015bwiat\u0142o w stonowanych odcieniach czerwieni i z\u0142ota. Te odleg\u0142e miejsca, ukszta\u0142towane przez zmiany geologiczne i trudno\u015bci klimatyczne, pozostaj\u0105 odleg\u0142e i magnetyczne, oferuj\u0105c odrobin\u0119 samotno\u015bci rzadk\u0105 we wsp\u00f3\u0142czesnym \u015bwiecie.<\/p>\n<p>Przez jedena\u015bcie stuleci Islandia przesz\u0142a od zgromadze\u0144 wodz\u00f3w do innowacji algorytmicznych. Jej mieszka\u0144cy wytrzymali polityczne podporz\u0105dkowanie, niepewno\u015b\u0107 \u015brodowiskow\u0105 i niepewno\u015b\u0107 ekonomiczn\u0105, tworz\u0105c spo\u0142ecze\u0144stwo, kt\u00f3re ceni ci\u0105g\u0142o\u015b\u0107 bardziej ni\u017c widowisko. Wyspa przetrwa\u0142a nie jako zachowany relikt, ale jako miejsce w ci\u0105g\u0142ym procesie formowania \u2014 jej pop\u0119kany teren, ewoluuj\u0105ca kultura i spo\u0142eczna umowa \u015bwiadcz\u0105 o cichej odporno\u015bci, kt\u00f3ra j\u0105 definiuje.<\/p>","protected":false},"excerpt":{"rendered":"<p>Islandia, nordyckie pa\u0144stwo wyspiarskie po\u0142o\u017cone mi\u0119dzy Oceanem P\u00f3\u0142nocnym Atlantyckim a Oceanem Arktycznym, zajmuje charakterystyczne miejsce na Grzbiecie \u015ar\u00f3datlantyckim, \u0142\u0105cz\u0105cym Ameryk\u0119 P\u00f3\u0142nocn\u0105 z Europ\u0105. Z populacj\u0105 oko\u0142o 380 000 mieszka\u0144c\u00f3w jest najrzadziej zaludnionym krajem w Europie. Ten niezwyk\u0142y region ognia i lodu zachwyca zapieraj\u0105cymi dech w piersiach widokami, g\u0142\u0119bokim dziedzictwem kulturowym i rozwini\u0119tym spo\u0142ecze\u0144stwem.<\/p>","protected":false},"author":1,"featured_media":5053,"parent":24078,"menu_order":0,"comment_status":"closed","ping_status":"closed","template":"elementor_theme","meta":{"_eb_attr":"","footnotes":""},"class_list":["post-11881","page","type-page","status-publish","has-post-thumbnail"],"_links":{"self":[{"href":"https:\/\/travelshelper.com\/pl\/wp-json\/wp\/v2\/pages\/11881","targetHints":{"allow":["GET"]}}],"collection":[{"href":"https:\/\/travelshelper.com\/pl\/wp-json\/wp\/v2\/pages"}],"about":[{"href":"https:\/\/travelshelper.com\/pl\/wp-json\/wp\/v2\/types\/page"}],"author":[{"embeddable":true,"href":"https:\/\/travelshelper.com\/pl\/wp-json\/wp\/v2\/users\/1"}],"replies":[{"embeddable":true,"href":"https:\/\/travelshelper.com\/pl\/wp-json\/wp\/v2\/comments?post=11881"}],"version-history":[{"count":0,"href":"https:\/\/travelshelper.com\/pl\/wp-json\/wp\/v2\/pages\/11881\/revisions"}],"up":[{"embeddable":true,"href":"https:\/\/travelshelper.com\/pl\/wp-json\/wp\/v2\/pages\/24078"}],"wp:featuredmedia":[{"embeddable":true,"href":"https:\/\/travelshelper.com\/pl\/wp-json\/wp\/v2\/media\/5053"}],"wp:attachment":[{"href":"https:\/\/travelshelper.com\/pl\/wp-json\/wp\/v2\/media?parent=11881"}],"curies":[{"name":"wp","href":"https:\/\/api.w.org\/{rel}","templated":true}]}}