{"id":11830,"date":"2024-09-13T22:03:34","date_gmt":"2024-09-13T22:03:34","guid":{"rendered":"https:\/\/travelshelper.com\/staging\/?page_id=11830"},"modified":"2026-03-12T16:23:38","modified_gmt":"2026-03-12T16:23:38","slug":"cervinia","status":"publish","type":"page","link":"https:\/\/travelshelper.com\/pl\/destinations\/europe\/italy\/cervinia\/","title":{"rendered":"Cervinia"},"content":{"rendered":"<p>Na wysoko\u015bci 2050 metr\u00f3w nad poziomem morza Breuil-Cervinia znajduje si\u0119 w\u015br\u00f3d najwy\u017cej po\u0142o\u017conych na sta\u0142e zamieszkanych osad w Europie, po\u0142o\u017conych w p\u00f3\u0142nocnym \u0142uku doliny Valtournenche w Dolinie Aosty we W\u0142oszech. B\u0119d\u0105ca domem dla ma\u0142ej, zmiennej populacji i oficjalnie przemianowana na \u201eLe Breuil\u201d we wrze\u015bniu 2023 r. wioska le\u017cy oko\u0142o 27 kilometr\u00f3w od Ch\u00e2tillon, 30 od Saint-Vincent i zaledwie 10 kilometr\u00f3w \u2014 w linii prostej \u2014 od Zermatt w Szwajcarii. Po\u0142\u0105czenie surowo\u015bci topograficznej i adaptacji cz\u0142owieka znajduje si\u0119 pod g\u00f3ruj\u0105c\u0105 obecno\u015bci\u0105 Monte Cervino, znanego poza granicami W\u0142och jako Matterhorn. Otoczony naturalnym amfiteatrem szczyt\u00f3w \u2014 Jumeaux, Ch\u00e2teau des Dames, Furggen i Grandes Murailles \u2014 teren Breuil-Cervinia jest zar\u00f3wno jego dziedzictwem, jak i spu\u015bcizn\u0105.<\/p>\n<p>Wie\u015b zawdzi\u0119cza swoj\u0105 wsp\u00f3\u0142czesn\u0105 nazw\u0119 po\u0142\u0105czeniu si\u0142 j\u0119zykowych i politycznych. \u201eBreuil\u201d, pochodz\u0105ce od dialektu Vald\u00f4tain Breuill, oznacza\u0142o podmok\u0142\u0105 \u0142\u0105k\u0119 lub obszar przeci\u0119ty strumieniami, co by\u0142o okre\u015bleniem pasuj\u0105cym do wysokog\u00f3rskiego basenu. Sufiks \u201eCervinia\u201d pojawi\u0142 si\u0119 podczas kampanii faszystowskiej, maj\u0105cej na celu italianizacj\u0119 toponim\u00f3w w Dolinie Aosty. By\u0142o to celowe odniesienie do Monte Cervino, uto\u017csamiaj\u0105ce to\u017csamo\u015b\u0107 wioski z jej najbardziej dominuj\u0105c\u0105 cech\u0105 geograficzn\u0105. Ta dwoisto\u015b\u0107 \u2014 wody i kamienia, \u0142\u0105ki i szczytu \u2014 nadal stanowi podstaw\u0119 charakteru Breuil-Cervinia.<\/p>\n<p>Jego po\u0142o\u017cenie geograficzne oferuje wi\u0119cej ni\u017c tylko zachwycaj\u0105cy widok. Wioska jest podzielona przez potok Marmore i si\u0119ga w g\u00f3r\u0119 do lodowca Plateau Rosa, kt\u00f3ry le\u017cy na wysoko\u015bci 3500 metr\u00f3w i tworzy transnarodow\u0105 domen\u0119 narciarsk\u0105 z Zermatt. Prze\u0142\u0119cz Theodul i szczyt Gobba di Rollin wyznaczaj\u0105 tkank\u0119 \u0142\u0105czn\u0105 mi\u0119dzy W\u0142ochami a Szwajcari\u0105. Z tych wysoko\u015bci stok Ventina \u2014 11-kilometrowy zjazd \u2014 jest widoczny w swoim serpentynowym rozrastaniu si\u0119, rze\u017abi\u0105c g\u00f3r\u0119 z gracj\u0105 surowo\u015bci.<\/p>\n<p>Breuil-Cervinia utrzymuje ca\u0142oroczny rytm aktywno\u015bci, dyktowany mniej przez kalendarz ni\u017c przez wysoko\u015b\u0107. Zima, d\u0142uga i surowa, cz\u0119sto powoduje dzienne temperatury spadaj\u0105ce do \u22125 i \u221210 stopni Celsjusza. Opady \u015bniegu s\u0105 regularne i obfite, w grudniu suma opad\u00f3w waha si\u0119 od 40 do 50 centymetr\u00f3w we wsi i do 160 centymetr\u00f3w na g\u00f3rze. W marcu liczby te mog\u0105 przekroczy\u0107 100 centymetr\u00f3w na poziomie o\u015brodka i 240 na wy\u017cszych stokach. Ten sam lodowiec, kt\u00f3ry jest kotwic\u0105 zimowej rekreacji, staje si\u0119 rzadkim miejscem letniego narciarstwa, utrzymuj\u0105c integralno\u015b\u0107 strukturaln\u0105 \u015bniegu, podczas gdy doliny poni\u017cej zmieniaj\u0105 si\u0119 w zielone.<\/p>\n<p>Narciarstwo alpejskie definiuje ekonomiczny i kulturowy puls Breuil-Cervinia. Jego integracja z Matterhorn Ski Paradise zapewnia nieprzerwan\u0105 jazd\u0119 na nartach przez granice pa\u0144stwowe, gdy pozwala na to pogoda. Od strony w\u0142oskiej narciarze mog\u0105 wspi\u0105\u0107 si\u0119 przez prze\u0142\u0119cz Cime Bianche do Valtournenche lub zjecha\u0107 w d\u00f3\u0142 do Zermatt. Stok Ventina, dost\u0119pny przez ca\u0142y rok, stanowi techniczne i emocjonalne serce o\u015brodka.<\/p>\n<p>Wioska go\u015bci\u0142a swoje pierwsze zawody Pucharu \u015awiata w Narciarstwie Alpejskim Kobiet 10 grudnia 1977 r., slalom rozegrany na stoku Cielo Alto. Perrine Pelen triumfowa\u0142a, tu\u017c za ni\u0105 Fabienne Serrat i Hanni Wenzel \u2014 nazwiska te zapisa\u0142y si\u0119 ju\u017c w d\u0142ugiej pami\u0119ci alpejskiego sportu. Od sezonu 2022\u20132023 Breuil-Cervinia i Zermatt rozpocz\u0119\u0142y transgraniczne zawody w zje\u017adzie i supergigancie w Pucharze \u015awiata w Narciarstwie Alpejskim. Wy\u015bcigi rozpoczynaj\u0105 si\u0119 na szwajcarskim Gobba di Rollin na wysoko\u015bci 3899 metr\u00f3w i zje\u017cd\u017caj\u0105 do stacji kolejki linowej Plateau Rosa w pobli\u017cu w\u0142oskiej strony, przecinaj\u0105c wiele stok\u00f3w w te\u015bcie szybko\u015bci i wytrzyma\u0142o\u015bci. Trasa znana jest jako Gran Becca \u2014 Matterhorn w dialekcie Vald\u00f4tain \u2014 nazwa ta przenosi j\u0119zykowy rodow\u00f3d regionu do wsp\u00f3\u0142czesnego s\u0142ownika sportowego.<\/p>\n<p>Osobny rozdzia\u0142 w historii narciarskiej wioski po\u015bwi\u0119cony jest Azzurrissimo, eklektycznemu i g\u0142\u0119boko ludzkiemu wydarzeniu narciarskiemu odbywaj\u0105cemu si\u0119 corocznie od 1987 do 1998 roku. W przeciwie\u0144stwie do zawod\u00f3w \u015bci\u015ble profesjonalnych, Azzurrissimo zaciera\u0142o granice mi\u0119dzy amatorem a elit\u0105, sportowcem a artyst\u0105. Zawody, odbywaj\u0105ce si\u0119 na pocz\u0105tku maja na stoku Ventina, obejmowa\u0142y 11 kilometr\u00f3w i obejmowa\u0142y symboliczne 100 bramek. Jego egalitarny etos \u2014 otwarty dla klub\u00f3w narciarskich, dru\u017cyn wojskowych, dziennikarzy i artyst\u00f3w \u2014 przekszta\u0142ci\u0142 je w wydarzenie kulturalne w takim samym stopniu, jak sportowe. Z biegiem lat wzros\u0142a liczba uczestnik\u00f3w mi\u0119dzynarodowych, \u0142\u0105cz\u0105c je z innymi o\u015brodkami, takimi jak Crans-Montana i Baqueira-Beret, w sieci alpejskiego kole\u017ce\u0144stwa.<\/p>\n<p>Opr\u00f3cz dyscyplin alpejskich Breuil-Cervinia utrzymuje trasy narciarstwa biegowego w pobli\u017cu centrum wioski i sta\u0142a si\u0119 regularnym etapem Pucharu \u015awiata w Snowboard Cross, organizuj\u0105c edycje w 2018, 2019, 2020 i 2022 roku. Tylko wydarzenie w 2021 roku zosta\u0142o odwo\u0142ane, przerwa spowodowana pandemi\u0105. Teren i infrastruktura stale spe\u0142niaj\u0105 standardy wymagane przez mi\u0119dzynarodowe organy zarz\u0105dzaj\u0105ce, co odzwierciedla ci\u0105g\u0142\u0105 wag\u0119 wioski dla sport\u00f3w zimowych.<\/p>\n<p>Kolarstwo ma tutaj w\u0142asn\u0105 tradycj\u0119. Giro d&#039;Italia \u2014 najbardziej presti\u017cowy wy\u015bcig szosowy we W\u0142oszech \u2014 wybiera\u0142 Breuil-Cervinia jako met\u0119 etapu przy pi\u0119ciu okazjach: w 1960, 1997, 2012, 2015 i 2018 roku. Aosta Valley \u2013 Mont Blanc Tour, wydarzenie skupione na kolarzach U23, r\u00f3wnie\u017c obejmowa\u0142o wiosk\u0119, wprowadzaj\u0105c kolarzy takich jak Ivan Gotti i Fabio Aru na szersz\u0105 aren\u0119 zawodow\u0105. Latem wysokog\u00f3rskie szlaki przechodz\u0105 w trasy zjazdowe. Zawody Maxiavalanche rozpoczynaj\u0105 si\u0119 na lodowcu i schodz\u0105 do wioski, pionowy spadek, kt\u00f3ry testuje zar\u00f3wno umiej\u0119tno\u015bci techniczne, jak i wytrzyma\u0142o\u015b\u0107 uk\u0142adu kr\u0105\u017cenia. Od 2011 roku rozbudowa szlak\u00f3w przyspieszy\u0142a, osi\u0105gaj\u0105c dziewi\u0119\u0107 tras do 2014 roku, w tym \u015bcie\u017cki zjazdowe w kierunku Valtournenche. Dzia\u0142ania te stanowi\u0105 celow\u0105 pr\u00f3b\u0119 ustabilizowania letniej turystyki i zr\u00f3\u017cnicowania oferty o\u015brodka.<\/p>\n<p>Bobsleje te\u017c kiedy\u015b mia\u0142y tu swoje miejsce. Tor bobslejowy Lac Bleu, cho\u0107 obecnie zdemontowany, go\u015bci\u0142 Mistrzostwa \u015awiata w Bobslejach w 1971, 1975 i 1985 roku, a tak\u017ce Mistrzostwa Europy cztery razy w latach 1969-1991. Pomimo rozwa\u017ca\u0144 o wykorzystaniu go na igrzyskach olimpijskich przez Aost\u0119 w 1998 roku i Turynie w 2006 roku, wysokie koszty renowacji doprowadzi\u0142y do \u200b\u200bjego trwa\u0142ego zamkni\u0119cia w 1991 roku. Obiekt, niegdy\u015b symbol pr\u0119dko\u015bci i odwagi, istnieje teraz tylko w archiwalnych materia\u0142ach filmowych i lokalnej pami\u0119ci.<\/p>\n<p>Stoki Breuil-Cervinia by\u0142y r\u00f3wnie\u017c tyglem dla narciarstwa szybkiego. W 1947 roku Zeno Col\u00f2 osi\u0105gn\u0105\u0142 pr\u0119dko\u015b\u0107 159,291 kilometr\u00f3w na godzin\u0119, u\u017cywaj\u0105c standardowych nart i bez kasku \u2014 akt odwagi wed\u0142ug dzisiejszych standard\u00f3w, rekord, kt\u00f3ry przetrwa\u0142 13 lat. Steve McKinney, p\u00f3\u017aniej znany jako pierwszy narciarz, kt\u00f3ry przekroczy\u0142 200 kilometr\u00f3w na godzin\u0119, r\u00f3wnie\u017c bra\u0142 tu udzia\u0142. W 2005 roku o\u015brodek by\u0142 gospodarzem Mistrzostw \u015awiata w Narciarstwie Szybkim, co jeszcze bardziej polerowa\u0142o jego referencje w zakresie jazdy z du\u017c\u0105 pr\u0119dko\u015bci\u0105.<\/p>\n<p>Na d\u0142ugo przed pojawieniem si\u0119 wyci\u0105g\u00f3w mechanicznych na horyzoncie Breuil-Cervinia nale\u017ca\u0142a do narciarzy. Trasy do Plan Maison i Plateau Rosa wymaga\u0142y wytrzyma\u0142o\u015bci i znajomo\u015bci \u015bniegu i cienia. Skitouring nadal ma tutaj ceremonialn\u0105 wag\u0119. Trofeum Mezzalama, wsp\u00f3\u0142organizowane z Gressoney-La-Trinit\u00e9, jest jednym z najbardziej szanowanych konkurs\u00f3w tego typu, zachowuj\u0105c czysto\u015b\u0107 cz\u0119sto tracon\u0105 w formatach telewizyjnych.<\/p>\n<p>Poza sportem kalendarz kulturalny odzwierciedla r\u00f3wnoleg\u0142e po\u015bwi\u0119cenie \u017cyciu na du\u017cych wysoko\u015bciach. Od 1998 r. festiwal filmowy Cervino CineMountain bada interakcje cz\u0142owieka z g\u00f3rami, natur\u0105 i eksploracj\u0105 poprzez kino. Jako cz\u0119\u015b\u0107 Mi\u0119dzynarodowego Sojuszu na rzecz Filmu G\u00f3rskiego przyznaje \u201eOscara\u201d za najlepszy film g\u00f3rski, a tak\u017ce inne nagrody w r\u00f3\u017cnych kategoriach, w tym animacj\u0119. Tymczasem lipcowy Settimana del Cervino oferuje programowanie \u015brodowiskowe, dialog artystyczny i wieczorne spotkania, sprzyjaj\u0105c refleksji nad ekologi\u0105 g\u00f3r i zr\u00f3wnowa\u017conym rozwojem.<\/p>\n<p>Nawet po\u015br\u00f3d infrastruktury i sportu, rolnictwo nadal ma swoje miejsce. Alpejskie \u0142\u0105ki otaczaj\u0105ce Breuil-Cervinia wspieraj\u0105 letnie pastwiska, gdzie krowy pas\u0105 si\u0119 na trawie, kt\u00f3ra ostatecznie staje si\u0119 serem Fontina i r\u00f3\u017cnymi serami toma. Tradycje mleczarskie regionu s\u0105 zakorzenione w sezonowych rytmach transhumancji, podtrzymywanych przez wysoko\u015b\u0107 i bogat\u0105 w minera\u0142y gleb\u0119.<\/p>\n<p>Istnienie Breuil-Cervinii to dialog mi\u0119dzy wysoko\u015bci\u0105 a odporno\u015bci\u0105, gdzie in\u017cynieria dostosowuje si\u0119 do geografii, a ludzkie rutyny ust\u0119puj\u0105 klimatologicznym realiom. Nie jest ono definiowane przez widowisko ani sztuczk\u0119, ale przez sta\u0142o\u015b\u0107 wysi\u0142ku w pionowym \u015bwiecie. To miejsce ukszta\u0142towane nie przez inwencj\u0119, ale przez wytrwa\u0142o\u015b\u0107 \u2014 gdzie \u015bnieg si\u0119 utrzymuje, granit si\u0119 wznosi, a pory roku zataczaj\u0105 zdyscyplinowane, trwa\u0142e cykle.<\/p>\n<table>\n<thead>\n<tr>\n<th>Kategoria<\/th>\n<th>Bli\u017csze dane<\/th>\n<\/tr>\n<\/thead>\n<tbody>\n<tr>\n<td scope=\"row\">Lokalizacja<\/td>\n<td>Breuil-Cervinia, Valtournenche, Dolina Aosty, W\u0142ochy<\/td>\n<\/tr>\n<tr>\n<td scope=\"row\">Wysoko\u015b\u0107 o\u015brodka<\/td>\n<td>2050 metr\u00f3w (6726 st\u00f3p)<\/td>\n<\/tr>\n<tr>\n<td scope=\"row\">Sezon narciarski<\/td>\n<td>Zima: koniec pa\u017adziernika do pocz\u0105tku maja; Lato: pocz\u0105tek lipca do pocz\u0105tku wrze\u015bnia<\/td>\n<\/tr>\n<tr>\n<td scope=\"row\">Ceny karnet\u00f3w narciarskich<\/td>\n<td>Od 30 \u20ac za dzie\u0144<\/td>\n<\/tr>\n<tr>\n<td scope=\"row\">Godziny otwarcia<\/td>\n<td>8:30 \u2013 16:30 (w zale\u017cno\u015bci od wyci\u0105gu i sezonu)<\/td>\n<\/tr>\n<tr>\n<td scope=\"row\">Liczba tras zjazdowych<\/td>\n<td>72<\/td>\n<\/tr>\n<tr>\n<td scope=\"row\">Ca\u0142kowita d\u0142ugo\u015b\u0107 trasy<\/td>\n<td>150 kilometr\u00f3w (93 mile)<\/td>\n<\/tr>\n<tr>\n<td scope=\"row\">Najd\u0142u\u017cszy bieg<\/td>\n<td>Dwadzie\u015bcia: 22 km (13,7 mil)<\/td>\n<\/tr>\n<tr>\n<td scope=\"row\">\u0141atwe stoki<\/td>\n<td>26<\/td>\n<\/tr>\n<tr>\n<td scope=\"row\">Umiarkowane stoki<\/td>\n<td>40<\/td>\n<\/tr>\n<tr>\n<td scope=\"row\">Zaawansowane stoki<\/td>\n<td>6<\/td>\n<\/tr>\n<tr>\n<td scope=\"row\">Kierunki stok\u00f3w<\/td>\n<td>P\u00f3\u0142noc, p\u00f3\u0142nocny wsch\u00f3d, p\u00f3\u0142nocny zach\u00f3d<\/td>\n<\/tr>\n<tr>\n<td scope=\"row\">Nocne narciarstwo<\/td>\n<td>Dost\u0119pne na wybranych stokach<\/td>\n<\/tr>\n<tr>\n<td scope=\"row\">Wytwarzanie \u015bniegu<\/td>\n<td>Szeroki zakres<\/td>\n<\/tr>\n<tr>\n<td scope=\"row\">\u0141\u0105czna liczba podniesie\u0144<\/td>\n<td>19<\/td>\n<\/tr>\n<tr>\n<td scope=\"row\">Pojemno\u015b\u0107 pod g\u00f3r\u0119<\/td>\n<td>39 000 narciarzy na godzin\u0119<\/td>\n<\/tr>\n<tr>\n<td scope=\"row\">Najwy\u017cszy podno\u015bnik<\/td>\n<td>Klein Matterhorn: 3883 metr\u00f3w (12740 st\u00f3p)<\/td>\n<\/tr>\n<tr>\n<td scope=\"row\">Gondole\/Kolejki linowe<\/td>\n<td>6<\/td>\n<\/tr>\n<tr>\n<td scope=\"row\">Wyci\u0105gi krzese\u0142kowe<\/td>\n<td>9<\/td>\n<\/tr>\n<tr>\n<td scope=\"row\">Wyci\u0105gi orczykowe<\/td>\n<td>4<\/td>\n<\/tr>\n<tr>\n<td scope=\"row\">Parki \u015bnie\u017cne<\/td>\n<td>1<\/td>\n<\/tr>\n<tr>\n<td scope=\"row\">Wypo\u017cyczalnie nart<\/td>\n<td>Dost\u0119pne we wsi i na stokach<\/td>\n<\/tr>\n<tr>\n<td scope=\"row\">Po nartach<\/td>\n<td>Liczne bary, restauracje i mo\u017cliwo\u015bci rozrywki<\/td>\n<\/tr>\n<\/tbody>\n<\/table>\n<article>\n<\/article>","protected":false},"excerpt":{"rendered":"<p>Breuil-Cervinia, oficjalnie nazwana Le Breuil od wrze\u015bnia 2023 r., jest frazione gminy Valtournenche we W\u0142oszech, po\u0142o\u017conej na wysoko\u015bci 2050 metr\u00f3w (6730 st\u00f3p) nad poziomem morza. Ten malowniczy alpejski kurort, po\u0142o\u017cony u podn\u00f3\u017ca s\u0142ynnego szczytu Matterhorn, jest ulubionym miejscem dla turyst\u00f3w zimowych i letnich. Charakterystyczna nazwa wioski to po\u0142\u0105czenie dw\u00f3ch oddzielnych s\u0142\u00f3w, z kt\u00f3rych ka\u017cde ma w\u0142asne znaczenie historyczne i kulturowe.<\/p>","protected":false},"author":1,"featured_media":3237,"parent":11663,"menu_order":0,"comment_status":"closed","ping_status":"closed","template":"elementor_theme","meta":{"_eb_attr":"","footnotes":""},"class_list":["post-11830","page","type-page","status-publish","has-post-thumbnail"],"_links":{"self":[{"href":"https:\/\/travelshelper.com\/pl\/wp-json\/wp\/v2\/pages\/11830","targetHints":{"allow":["GET"]}}],"collection":[{"href":"https:\/\/travelshelper.com\/pl\/wp-json\/wp\/v2\/pages"}],"about":[{"href":"https:\/\/travelshelper.com\/pl\/wp-json\/wp\/v2\/types\/page"}],"author":[{"embeddable":true,"href":"https:\/\/travelshelper.com\/pl\/wp-json\/wp\/v2\/users\/1"}],"replies":[{"embeddable":true,"href":"https:\/\/travelshelper.com\/pl\/wp-json\/wp\/v2\/comments?post=11830"}],"version-history":[{"count":0,"href":"https:\/\/travelshelper.com\/pl\/wp-json\/wp\/v2\/pages\/11830\/revisions"}],"up":[{"embeddable":true,"href":"https:\/\/travelshelper.com\/pl\/wp-json\/wp\/v2\/pages\/11663"}],"wp:featuredmedia":[{"embeddable":true,"href":"https:\/\/travelshelper.com\/pl\/wp-json\/wp\/v2\/media\/3237"}],"wp:attachment":[{"href":"https:\/\/travelshelper.com\/pl\/wp-json\/wp\/v2\/media?parent=11830"}],"curies":[{"name":"wp","href":"https:\/\/api.w.org\/{rel}","templated":true}]}}