{"id":11747,"date":"2024-09-13T17:13:02","date_gmt":"2024-09-13T17:13:02","guid":{"rendered":"https:\/\/travelshelper.com\/staging\/?page_id=11747"},"modified":"2026-03-12T16:41:41","modified_gmt":"2026-03-12T16:41:41","slug":"sanremo","status":"publish","type":"page","link":"https:\/\/travelshelper.com\/pl\/destinations\/europe\/italy\/sanremo\/","title":{"rendered":"Sanremo"},"content":{"rendered":"<p>Sanremo, czasami nazywane San Remo, to czaruj\u0105ca nadmorska gmina po\u0142o\u017cona wzd\u0142u\u017c wybrze\u017ca Morza \u015ar\u00f3dziemnego w Ligurii w p\u00f3\u0142nocnych W\u0142oszech. To urocze miasteczko, licz\u0105ce 55 000 mieszka\u0144c\u00f3w, sta\u0142o si\u0119 ulubionym miejscem turystycznym na w\u0142oskiej Riwierze. Rozleg\u0142a historia Sanremo si\u0119ga czas\u00f3w rzymskich, a na przestrzeni lat rozwin\u0119\u0142o si\u0119 w dynamiczne centrum kulturalne, organizuj\u0105ce wiele wydarze\u0144, kt\u00f3re przyci\u0105gaj\u0105 ludzi z ca\u0142ego \u015bwiata.<\/p>\n<p>\u015ar\u00f3dziemnomorski klimat miasta i malownicze wybrze\u017ce znacz\u0105co przyczyni\u0142y si\u0119 do jego atrakcyjno\u015bci w\u015br\u00f3d turyst\u00f3w. Sanremo oferuje wykwintne po\u0142\u0105czenie naturalnego splendoru, historycznego uroku i wsp\u00f3\u0142czesnych udogodnie\u0144, co czyni je optymalnym miejscem dla turyst\u00f3w pragn\u0105cych do\u015bwiadczy\u0107 w\u0142oskiego dolce vita. Turkusowe fale Morza \u015ar\u00f3dziemnego delikatnie pieszcz\u0105 wybrze\u017ca Sanremo, zapewniaj\u0105c czaruj\u0105c\u0105 sceneri\u0119 do spacer\u00f3w promenad\u0105 lub spokojnych dni na pla\u017cy.<\/p>\n<p>Chocia\u017c turystyka jest znacz\u0105cym segmentem gospodarki Sanremo, miasto jest r\u00f3wnie\u017c znane ze swojej rolniczej doskona\u0142o\u015bci. Oliwa z oliwek extra vergine, wysoko ceniony produkt tego regionu, uzyska\u0142a presti\u017cowe oznaczenie Denominazione di Origine Protetta (DOP). Ta ochrona oznaczenia pochodzenia gwarantuje, \u017ce oliwa z oliwek produkowana w Sanremo i okolicach spe\u0142nia surowe wymagania jako\u015bciowe i zachowuje tradycyjne praktyki produkcyjne. Z\u0142ocisto-zielony p\u0142yn jest przyk\u0142adem bujnej ziemi i sprzyjaj\u0105cego klimatu regionu, co czyni go podstaw\u0105 lokalnej kuchni i po\u017c\u0105danym produktem eksportowym.<\/p>\n<p>Okre\u015blenie Sanremo jako \u201eMiasto Kwiat\u00f3w\u201d (la Citt\u00e0 dei Fiori) stanowi fundamentalny aspekt jego gospodarki i charakteru kulturowego. Miasto i s\u0105siaduj\u0105ce z nim regiony, takie jak Arma di Taggia, Bordighera i Ospedaletti, historycznie by\u0142y liderami w uprawie kwiat\u00f3w na rynek \u015bwiatowy. Umiarkowany klimat i kompetentni lokalni ogrodnicy stworzyli otoczenie sprzyjaj\u0105ce ca\u0142orocznemu rozprzestrzenianiu si\u0119 r\u00f3\u017cnorodnej, \u017cywej flory. Obfito\u015b\u0107 kwiat\u00f3w zwi\u0119ksza atrakcyjno\u015b\u0107 malownicz\u0105 miasta i wspiera prosperuj\u0105cy biznes, kt\u00f3ry w znacznym stopniu przyczynia si\u0119 do lokalnej gospodarki.<\/p>\n<p>Zaanga\u017cowanie miasta w kultur\u0119 i rozrywk\u0119 wida\u0107 w niezliczonych miejscach i wydarzeniach. Municipal Casino, arcydzie\u0142o architektury zbudowane w 1905 r., jest przyk\u0142adem architektury secesyjnej. Jego wyrafinowana fasada i bogate wn\u0119trza przenosz\u0105 odwiedzaj\u0105cych w minion\u0105 epok\u0119 elegancji i wyrafinowania. Opr\u00f3cz sto\u0142\u00f3w do gry kasyno pe\u0142ni funkcj\u0119 centrum kulturalnego, prezentuj\u0105c co roku r\u00f3\u017cnorodne wydarzenia i wyst\u0119py.<\/p>\n<p>Teatr Ariston jest miejscem obowi\u0105zkowym dla mi\u0142o\u015bnik\u00f3w sztuk widowiskowych. Ten szanowany obiekt ma niezwyk\u0142y coroczny harmonogram koncert\u00f3w, oper i przedstawie\u0144 dramatycznych. Teatr jest powi\u0105zany z Festiwalem Muzyki Sanremo, jednym z najbardziej cenionych festiwali muzycznych we W\u0142oszech. Co roku festiwal jednoczy zar\u00f3wno uznanych, jak i pocz\u0105tkuj\u0105cych wykonawc\u00f3w, prezentuj\u0105c najlepsz\u0105 muzyk\u0119 w\u0142osk\u0105 i \u015bwiatow\u0105.<\/p>\n<p>Mi\u0142o\u015bnicy muzyki doceni\u0105 w\u0142\u0105czenie Orkiestry Symfonicznej Sanremo, jednej z zaledwie dwunastu orkiestr pa\u0144stwowych we W\u0142oszech. Orkiestra daje oko\u0142o 120 wyst\u0119p\u00f3w rocznie, wzbogacaj\u0105c krajobraz kulturalny miasta o klasyczn\u0105 okaza\u0142o\u015b\u0107. Liczne koncerty odbywaj\u0105 si\u0119 w Teatrze Operowym w Kasynie Miejskim, oferuj\u0105c idealne po\u0142\u0105czenie muzyki i architektonicznej okaza\u0142o\u015bci.<\/p>\n<p>Atrakcyjno\u015b\u0107 Sanremo wykracza poza jego wk\u0142ad kulturowy, obejmuj\u0105c sfer\u0119 sportu, zw\u0142aszcza kolarstwa. Miasto pe\u0142ni funkcj\u0119 przystanku ko\u0144cowego klasycznego wy\u015bcigu kolarskiego Mediolan-San Remo, jednego z najbardziej cenionych jednodniowych profesjonalnych wydarze\u0144 kolarskich na \u015bwiecie. Wy\u015bcig ten, nazywany \u201eLa Primavera\u201d (Wiosna), przyci\u0105ga elitarnych kolarzy i mi\u0142o\u015bnik\u00f3w kolarstwa z ca\u0142ego \u015bwiata, wzmacniaj\u0105c znaczenie Sanremo na arenie mi\u0119dzynarodowej.<\/p>\n<p>Dost\u0119pno\u015b\u0107 jest kluczowym elementem atrakcyjno\u015bci Sanremo, z kilkoma alternatywnymi \u015brodkami transportu \u0142\u0105cz\u0105cymi je z du\u017cymi miastami i s\u0105siednimi krajami. Autostrada A10, odpowiednio nazwana \u201eAutostrada dei Fiori\u201d, \u0142\u0105czy Sanremo z Genu\u0105 i Ventimigli\u0105, ta ostatnia pe\u0142ni\u0105ca funkcj\u0119 miasta granicznego z Francj\u0105. Ta malownicza droga z podwy\u017cszonymi segmentami i wiaduktami zapewnia osza\u0142amiaj\u0105ce panoramiczne widoki wybrze\u017ca. A10 w pobli\u017cu granicy z Francj\u0105 bez wysi\u0142ku integruje si\u0119 z francusk\u0105 autostrad\u0105 A8, staj\u0105c si\u0119 segmentem europejskiej trasy E80 i umo\u017cliwiaj\u0105c wygodny tranzyt mi\u0119dzy W\u0142ochami a Francj\u0105.<\/p>\n<p>Dla os\u00f3b preferuj\u0105cych alternatywne trasy, SS1 lub \u201eAurelia Bis\u201d oferuje bezp\u0142atny skr\u00f3t \u0142\u0105cz\u0105cy Sanremo z Taggi\u0105. Historyczna Via Aurelia, biegn\u0105ca wzd\u0142u\u017c starej rzymskiej drogi, pe\u0142ni funkcj\u0119 g\u0142\u00f3wnej nadmorskiej arterii. Chocia\u017c centra miast mog\u0105 by\u0107 zat\u0142oczone, trasa nadmorska zapewnia bardziej relaksuj\u0105ce wra\u017cenia z podr\u00f3\u017cy.<\/p>\n<p>Transport publiczny obejmuje lini\u0119 trolejbusow\u0105 wzd\u0142u\u017c Via Aurelia, \u0142\u0105cz\u0105c\u0105 Sanremo z Taggi\u0105 i Ventimigli\u0105. Ta us\u0142uga oferuje prosty i przyjazny dla \u015brodowiska spos\u00f3b poruszania si\u0119 po okolicznych regionach mieszka\u0144com i turystom.<\/p>\n<p>Sanremo nie ma w\u0142asnego lotniska, ale jest dogodnie po\u0142o\u017cone 45 minut od mi\u0119dzynarodowego lotniska C\u00f4te d&#039;Azur w Nicei we Francji. Blisko\u015b\u0107 wa\u017cnego mi\u0119dzynarodowego centrum znacznie zwi\u0119ksza atrakcyjno\u015b\u0107 Sanremo jako kurortu turystycznego.<\/p>\n<p>Infrastruktura kolejowa miasta uleg\u0142a znacznej poprawie w ostatnich latach. Stara linia kolejowa wzd\u0142u\u017c wybrze\u017ca, s\u0142yn\u0105ca z zapieraj\u0105cych dech w piersiach widok\u00f3w na morze, zosta\u0142a zast\u0105piona wygodniejsz\u0105 podziemn\u0105 tras\u0105. Ta poprawa przyspieszy\u0142a czas podr\u00f3\u017cy do znanych miast, takich jak Imperia, Genua, Nicea, Mediolan, Turyn i Rzym. Przeniesienie stacji kolejowej Sanremo w pobli\u017ce ratusza poprawi\u0142o urbanistyczny projekt miasta.<\/p>\n<p>Sanremo z powodzeniem przekszta\u0142ci\u0142o swoj\u0105 dawn\u0105 lini\u0119 kolejow\u0105 w atrakcyjn\u0105 \u015bcie\u017ck\u0119 rowerow\u0105 i stref\u0119 dla pieszych, co jest przyk\u0142adem rozwoju miejskiego. Ta 24-kilometrowa trasa, rozci\u0105gaj\u0105ca si\u0119 od Ospedaletti na zachodzie do San Lorenzo al Mare na wschodzie, zapewnia mieszka\u0144com i turystom wyj\u0105tkowy spos\u00f3b na przemierzanie wybrze\u017ca. Ta przebudowana linia kolejowa sta\u0142a si\u0119 popularn\u0105 atrakcj\u0105, z wieloma kioskami do wypo\u017cyczania rower\u00f3w wzd\u0142u\u017c trasy i r\u00f3\u017cnymi pla\u017cami dost\u0119pnymi w obu kierunkach, integruj\u0105c fitness, przyjemno\u015b\u0107 i pi\u0119kno wizualne.<\/p>","protected":false},"excerpt":{"rendered":"<p>Sanremo, czasami nazywane San Remo, to czaruj\u0105ca nadmorska gmina po\u0142o\u017cona wzd\u0142u\u017c wybrze\u017ca Morza \u015ar\u00f3dziemnego w Ligurii w p\u00f3\u0142nocnych W\u0142oszech. To urocze miasteczko, licz\u0105ce 55 000 mieszka\u0144c\u00f3w, sta\u0142o si\u0119 ulubionym miejscem turystycznym na w\u0142oskiej Riwierze. Rozleg\u0142a historia Sanremo si\u0119ga czas\u00f3w rzymskich, a na przestrzeni lat rozwin\u0119\u0142o si\u0119 w dynamiczne centrum kulturalne, organizuj\u0105ce wiele wydarze\u0144, kt\u00f3re przyci\u0105gaj\u0105 ludzi z ca\u0142ego \u015bwiata.<\/p>","protected":false},"author":1,"featured_media":11753,"parent":11663,"menu_order":0,"comment_status":"closed","ping_status":"closed","template":"elementor_theme","meta":{"_eb_attr":"","footnotes":""},"class_list":["post-11747","page","type-page","status-publish","has-post-thumbnail"],"_links":{"self":[{"href":"https:\/\/travelshelper.com\/pl\/wp-json\/wp\/v2\/pages\/11747","targetHints":{"allow":["GET"]}}],"collection":[{"href":"https:\/\/travelshelper.com\/pl\/wp-json\/wp\/v2\/pages"}],"about":[{"href":"https:\/\/travelshelper.com\/pl\/wp-json\/wp\/v2\/types\/page"}],"author":[{"embeddable":true,"href":"https:\/\/travelshelper.com\/pl\/wp-json\/wp\/v2\/users\/1"}],"replies":[{"embeddable":true,"href":"https:\/\/travelshelper.com\/pl\/wp-json\/wp\/v2\/comments?post=11747"}],"version-history":[{"count":0,"href":"https:\/\/travelshelper.com\/pl\/wp-json\/wp\/v2\/pages\/11747\/revisions"}],"up":[{"embeddable":true,"href":"https:\/\/travelshelper.com\/pl\/wp-json\/wp\/v2\/pages\/11663"}],"wp:featuredmedia":[{"embeddable":true,"href":"https:\/\/travelshelper.com\/pl\/wp-json\/wp\/v2\/media\/11753"}],"wp:attachment":[{"href":"https:\/\/travelshelper.com\/pl\/wp-json\/wp\/v2\/media?parent=11747"}],"curies":[{"name":"wp","href":"https:\/\/api.w.org\/{rel}","templated":true}]}}