{"id":11663,"date":"2024-09-13T15:44:11","date_gmt":"2024-09-13T15:44:11","guid":{"rendered":"https:\/\/travelshelper.com\/staging\/?page_id=11663"},"modified":"2026-03-12T16:03:56","modified_gmt":"2026-03-12T16:03:56","slug":"italy","status":"publish","type":"page","link":"https:\/\/travelshelper.com\/pl\/destinations\/europe\/italy\/","title":{"rendered":"W\u0142ochy"},"content":{"rendered":"<p>W\u0142ochy, po\u0142o\u017cone w Europie Po\u0142udniowej i Zachodniej, maj\u0105 populacj\u0119 prawie 60 milion\u00f3w, co czyni je trzecim najbardziej zaludnionym pa\u0144stwem cz\u0142onkowskim Unii Europejskiej. Ten p\u00f3\u0142wysep w kszta\u0142cie buta wystaje w Morze \u015ar\u00f3dziemne, a jego p\u00f3\u0142nocn\u0105 granic\u0119 wyznaczaj\u0105 wspania\u0142e Alpy. Terytorium kraju obejmuje kilka wysp, w tym Sycyli\u0119 i Sardyni\u0119. W\u0142ochy, zajmuj\u0105ce powierzchni\u0119 301 340 kilometr\u00f3w kwadratowych, s\u0105 dziesi\u0105tym co do wielko\u015bci krajem w Europie. Granicz\u0105 z Francj\u0105, Szwajcari\u0105, Austri\u0105 i S\u0142oweni\u0105 i obejmuj\u0105 dwie suwerenne enklawy: Watykan i San Marino. Rzym, stolica i najwi\u0119ksze miasto, jest przyk\u0142adem g\u0142\u0119bokiej historii i znaczenia kulturowego narodu. Inne wa\u017cne o\u015brodki miejskie to Mediolan, Neapol, Turyn, Florencja i Wenecja, z kt\u00f3rych ka\u017cdy wzbogaca wieloaspektowy krajobraz sztuki, kultury i innowacji we W\u0142oszech.<\/p>\n<p>P\u00f3\u0142wysep Apeni\u0144ski by\u0142 miejscem narodzin cywilizacji w ca\u0142ej staro\u017cytno\u015bci, przyjmuj\u0105c wiele staro\u017cytnych lud\u00f3w i kultur. Rzym, pocz\u0105tkowo ustanowiony jako kr\u00f3lestwo, przekszta\u0142ci\u0142 si\u0119 w pot\u0119\u017cn\u0105 republik\u0119, kt\u00f3ra ostatecznie zdominowa\u0142a i rz\u0105dzi\u0142a regionem Morza \u015ar\u00f3dziemnego jako imperium przez stulecia. Era rzymskiej supremacji wywar\u0142a g\u0142\u0119boki wp\u0142yw na kultur\u0119 Zachodu, kszta\u0142tuj\u0105c j\u0119zyk, prawo, architektur\u0119 i administracj\u0119 w Europie i poza ni\u0105. Wraz z rozprzestrzenianiem si\u0119 chrze\u015bcija\u0144stwa Rzym sta\u0142 si\u0119 epicentrum Ko\u015bcio\u0142a katolickiego i papiestwa, umacniaj\u0105c w ten spos\u00f3b swoje znaczenie w sprawach globalnych.<\/p>\n<p>Upadek Cesarstwa Rzymskiego na Zachodzie we wczesnym \u015bredniowieczu zapocz\u0105tkowa\u0142 okres znacznej transformacji W\u0142och. Na p\u00f3\u0142wysep nap\u0142ywa\u0142y plemiona germa\u0144skie, zmieniaj\u0105c jego \u015brodowisko kulturowe i polityczne. W XI wieku W\u0142ochy prze\u017cy\u0142y odrodzenie, gdy miasta-pa\u0144stwa i republiki morskie rozszerzy\u0142y swoj\u0105 w\u0142adz\u0119. W tym okresie narodzi\u0142 si\u0119 nowoczesny kapitalizm, gdy w\u0142oscy kupcy i bankierzy wprowadzili innowacje w systemach gospodarczych, kt\u00f3re mia\u0142y wp\u0142yn\u0105\u0107 na przysz\u0142o\u015b\u0107 \u015bwiatowego handlu.<\/p>\n<p>W\u0142oski renesans, okres niezwyk\u0142ych osi\u0105gni\u0119\u0107 kulturalnych i intelektualnych, rozkwita\u0142 w XV i XVI wieku. Ta rozkwitaj\u0105ca era sztuki, literatury i eksploracji naukowej przenikn\u0119\u0142a Europ\u0119, znacz\u0105co kszta\u0142tuj\u0105c ewolucj\u0119 zachodniej cywilizacji. W\u0142oscy odkrywcy, tacy jak Krzysztof Kolumb i Amerigo Vespucci, odegrali kluczow\u0105 rol\u0119 w europejskiej epoce odkry\u0107 geograficznych, ustanawiaj\u0105c nowe szlaki handlowe na Daleki Wsch\u00f3d i mapuj\u0105c Ameryk\u0119. Te wyprawy nie tylko poszerzy\u0142y wiedz\u0119 geograficzn\u0105, ale tak\u017ce zapocz\u0105tkowa\u0142y now\u0105 epok\u0119 globalnego zaanga\u017cowania i wymiany.<\/p>\n<p>Pomimo tych osi\u0105gni\u0119\u0107, krajobraz polityczny W\u0142och przez dziesi\u0119ciolecia pozostawa\u0142 rozdrobniony. Konkurencja i niezgoda mi\u0119dzy miastami-pa\u0144stwami utrudnia\u0142y utworzenie sp\u00f3jnego kraju, co skutkowa\u0142o rozdrobnieniem p\u00f3\u0142wyspu podatnego na wp\u0142ywy zewn\u0119trzne. Brak jedno\u015bci mia\u0142 znacz\u0105ce reperkusje, poniewa\u017c znaczenie gospodarcze W\u0142och zmniejszy\u0142o si\u0119 w XVII i XVIII wieku, podczas gdy inne narody europejskie zyskiwa\u0142y na znaczeniu.<\/p>\n<p>W\u0142oski projekt zjednoczeniowy, zwany Risorgimento, przyspieszy\u0142 w XIX wieku. Po dziesi\u0119cioleciach politycznego i terytorialnego rozbicia, W\u0142ochy osi\u0105gn\u0119\u0142y niemal ca\u0142kowite zjednoczenie w 1861 roku. To znacz\u0105ce osi\u0105gni\u0119cie zrodzi\u0142o si\u0119 z walk o niepodleg\u0142o\u015b\u0107 i s\u0142ynnej Ekspedycji Tysi\u0105ca, kierowanej przez Giuseppe Garibaldiego. Nowo utworzone Kr\u00f3lestwo W\u0142och napotka\u0142o kilka przeszk\u00f3d w d\u0105\u017ceniu do to\u017csamo\u015bci narodowej i modernizacji gospodarczej.<\/p>\n<p>Pod koniec XIX i na pocz\u0105tku XX wieku W\u0142ochy przesz\u0142y szybk\u0105 industrializacj\u0119, szczeg\u00f3lnie w regionach p\u00f3\u0142nocnych. Jednak ta transformacja gospodarcza nie by\u0142a sp\u00f3jna w ca\u0142ym kraju. Po\u0142udnie pozosta\u0142o w przewa\u017caj\u0105cej mierze n\u0119dz\u0105, co doprowadzi\u0142o do znacznego wewn\u0119trznego roz\u0142amu i masowej emigracji do Ameryki. Ten exodus mia\u0142 trwa\u0142y wp\u0142yw zar\u00f3wno na w\u0142osk\u0105 kultur\u0119, jak i na narody, kt\u00f3re przyj\u0119\u0142y tych imigrant\u00f3w.<\/p>\n<p>Udzia\u0142 W\u0142och w mi\u0119dzynarodowych bitwach wp\u0142yn\u0105\u0142 na ich histori\u0119 w ca\u0142ym XX wieku. Od 1915 do 1918 roku nar\u00f3d bra\u0142 udzia\u0142 w I wojnie \u015bwiatowej w sojuszu z pa\u0144stwami Ententy przeciwko pa\u0144stwom centralnym. Skutki wojny doprowadzi\u0142y do \u200b\u200bspo\u0142ecznych i politycznych zawirowa\u0144, co doprowadzi\u0142o do powstania faszystowskiej dyktatury pod przyw\u00f3dztwem Benito Mussoliniego w 1922 roku. Ta dyktatura po\u0142\u0105czy\u0142a W\u0142ochy z nazistowskimi Niemcami podczas II wojny \u015bwiatowej, najpierw jako cz\u0142onek pa\u0144stw Osi od 1940 do 1943 roku. Po upadku Mussoliniego W\u0142ochy zmieni\u0142y swoje lojalno\u015b\u0107, staj\u0105c si\u0119 stron\u0105 wsp\u00f3\u0142walcz\u0105c\u0105 z aliantami podczas w\u0142oskiego oporu i wyzwolenia W\u0142och w latach 1943-1945.<\/p>\n<p>Okres powojenny by\u0142 prze\u0142omowym momentem dla W\u0142och. Monarchia zosta\u0142a zdemontowana, a w 1946 r. ustanowiono republik\u0119. Pomimo zniszcze\u0144 wojennych W\u0142ochy prze\u017cy\u0142y znacz\u0105cy wzrost gospodarczy, czasami nazywany \u201ew\u0142oskim cudem gospodarczym\u201d. Ta era ekspansji przekszta\u0142ci\u0142a kraj w nowoczesne, uprzemys\u0142owione pa\u0144stwo i cz\u0142onka za\u0142o\u017cyciela Europejskiej Wsp\u00f3lnoty Gospodarczej, poprzednika Unii Europejskiej.<\/p>\n<p>Obecnie W\u0142ochy s\u0105 postrzegane jako rozwini\u0119ty kraj o znacznym wp\u0142ywie na ca\u0142y \u015bwiat. Posiadaj\u0105 dziewi\u0105ty co do wielko\u015bci nominalny PKB na \u015bwiecie i mieszcz\u0105 drugi co do wielko\u015bci sektor przemys\u0142owy w Europie. Nar\u00f3d ten znacz\u0105co wp\u0142ywa na sprawy regionalne i globalne, uczestnicz\u0105c w przedsi\u0119wzi\u0119ciach gospodarczych, wojskowych, kulturalnych i dyplomatycznych. W\u0142ochy, jako cz\u0142onek za\u0142o\u017cycielski Unii Europejskiej, s\u0105 g\u0142\u0119boko powi\u0105zane z politycznymi i gospodarczymi ramami kontynentu. Aktywnie uczestnicz\u0105 w kilku organizacjach mi\u0119dzynarodowych, w tym NATO, G7 i G20, demonstruj\u0105c swoje oddanie globalnej wsp\u00f3\u0142pracy i wzrostowi.<\/p>","protected":false},"excerpt":{"rendered":"<p>W\u0142ochy, po\u0142o\u017cone w Europie Po\u0142udniowej i Zachodniej, maj\u0105 populacj\u0119 prawie 60 milion\u00f3w, co czyni je trzecim najbardziej zaludnionym pa\u0144stwem cz\u0142onkowskim Unii Europejskiej. Ten p\u00f3\u0142wysep w kszta\u0142cie buta wystaje w Morze \u015ar\u00f3dziemne, a jego p\u00f3\u0142nocn\u0105 granic\u0119 wyznaczaj\u0105 wspania\u0142e Alpy. Terytorium kraju obejmuje kilka wysp, w tym Sycyli\u0119 i Sardyni\u0119. W\u0142ochy, zajmuj\u0105ce powierzchni\u0119 301 340 kilometr\u00f3w kwadratowych, s\u0105 dziesi\u0105tym co do wielko\u015bci krajem w Europie. Granicz\u0105 z Francj\u0105, Szwajcari\u0105, Austri\u0105 i S\u0142oweni\u0105 i obejmuj\u0105 dwie suwerenne enklawy: Watykan i San Marino. Rzym, stolica i najwi\u0119ksze miasto, jest przyk\u0142adem g\u0142\u0119bokiej historii i znaczenia kulturowego narodu. Inne wa\u017cne o\u015brodki miejskie to Mediolan, Neapol, Turyn, Florencja i Wenecja, z kt\u00f3rych ka\u017cdy wzbogaca wieloaspektowy krajobraz sztuki, kultury i innowacji we W\u0142oszech.<\/p>","protected":false},"author":1,"featured_media":2856,"parent":24078,"menu_order":0,"comment_status":"closed","ping_status":"closed","template":"elementor_theme","meta":{"_eb_attr":"","footnotes":""},"class_list":["post-11663","page","type-page","status-publish","has-post-thumbnail"],"_links":{"self":[{"href":"https:\/\/travelshelper.com\/pl\/wp-json\/wp\/v2\/pages\/11663","targetHints":{"allow":["GET"]}}],"collection":[{"href":"https:\/\/travelshelper.com\/pl\/wp-json\/wp\/v2\/pages"}],"about":[{"href":"https:\/\/travelshelper.com\/pl\/wp-json\/wp\/v2\/types\/page"}],"author":[{"embeddable":true,"href":"https:\/\/travelshelper.com\/pl\/wp-json\/wp\/v2\/users\/1"}],"replies":[{"embeddable":true,"href":"https:\/\/travelshelper.com\/pl\/wp-json\/wp\/v2\/comments?post=11663"}],"version-history":[{"count":0,"href":"https:\/\/travelshelper.com\/pl\/wp-json\/wp\/v2\/pages\/11663\/revisions"}],"up":[{"embeddable":true,"href":"https:\/\/travelshelper.com\/pl\/wp-json\/wp\/v2\/pages\/24078"}],"wp:featuredmedia":[{"embeddable":true,"href":"https:\/\/travelshelper.com\/pl\/wp-json\/wp\/v2\/media\/2856"}],"wp:attachment":[{"href":"https:\/\/travelshelper.com\/pl\/wp-json\/wp\/v2\/media?parent=11663"}],"curies":[{"name":"wp","href":"https:\/\/api.w.org\/{rel}","templated":true}]}}