{"id":11647,"date":"2024-09-13T15:19:49","date_gmt":"2024-09-13T15:19:49","guid":{"rendered":"https:\/\/travelshelper.com\/staging\/?page_id=11647"},"modified":"2026-03-12T16:14:19","modified_gmt":"2026-03-12T16:14:19","slug":"dublin","status":"publish","type":"page","link":"https:\/\/travelshelper.com\/pl\/destinations\/europe\/ireland\/dublin\/","title":{"rendered":"Dublin"},"content":{"rendered":"<p>Dublin jest stolic\u0105 i najwi\u0119kszym miastem Irlandii, obejmuj\u0105cym oko\u0142o 345 km\u00b2 na wschodnim wybrze\u017cu kraju u uj\u015bcia rzeki Liffey. Po\u0142o\u017cony w prowincji Leinster i granicz\u0105cy od po\u0142udnia z nisko po\u0142o\u017conymi G\u00f3rami Dubli\u0144skimi, obszar rady miejskiej liczy\u0142 592 713 mieszka\u0144c\u00f3w wed\u0142ug spisu z 2022 r., podczas gdy szersza strefa miejska \u2014 Dublin i jego przedmie\u015bcia \u2014 osi\u0105gn\u0119\u0142a 1 263 219 mieszka\u0144c\u00f3w. Ca\u0142e hrabstwo Dublin liczy\u0142o 1 501 500 mieszka\u0144c\u00f3w, co potwierdza status Dublina jako najludniejszego miasta na wyspie Irlandii.<\/p>\n<p>Pocz\u0105tki Dublina si\u0119gaj\u0105 wczesnej osady gaelickiej za\u0142o\u017conej w VII wieku lub wcze\u015bniej, po\u0142o\u017conej strategicznie w miejscu, gdzie rzeka Poddle \u0142\u0105czy\u0142a si\u0119 z rzek\u0105 Liffey. To po\u0142o\u017cenie, uzupe\u0142nione dost\u0119pem do ma\u0142ego strumienia Steine \u200b\u200blub Steyne, rzek Camac i Bradogue, przyci\u0105gn\u0119\u0142o osadnik\u00f3w wiking\u00f3w, kt\u00f3rzy za\u0142o\u017cyli miasto handlowe i ufortyfikowali je za pomoc\u0105 wa\u0142\u00f3w ziemnych. W czasie inwazji anglo-normandzkiej pod koniec XII wieku osada przekszta\u0142ci\u0142a si\u0119 w Kr\u00f3lestwo Dublina, staj\u0105c si\u0119 g\u0142\u00f3wnym o\u015brodkiem miejskim Irlandii. W kolejnych stuleciach miasto rozszerzy\u0142o si\u0119 poza swoje \u015bredniowieczne mury. XVII i XVIII wiek by\u0142y \u015bwiadkami szybkiego wzrostu, wspomaganego przez jego status jako portu i siedziby administracyjnej. Po aktach unii z 1800 roku Dublin na kr\u00f3tko sta\u0142 si\u0119 drugim co do wielko\u015bci miastem w Imperium Brytyjskim i sz\u00f3stym w Europie Zachodniej. Po uzyskaniu niepodleg\u0142o\u015bci przez Wolne Pa\u0144stwo Irlandzkie w 1922 roku \u2014 i przemianowaniu go na Irlandi\u0119 w 1937 roku \u2014 Dublin zosta\u0142 wyznaczony na stolic\u0119. Na pocz\u0105tku XXI wieku miasto zyska\u0142o uznanie jako globalny w\u0119ze\u0142 handlu i kultury, sklasyfikowane jako miasto \u201eAlfa minus\u201d przez Globalization and World Cities Research Network.<\/p>\n<p>Morfologia miasta odzwierciedla jego morskie po\u0142o\u017cenie i sie\u0107 rzeczn\u0105. Rzeka Liffey dzieli Dublin na sektory Northside i Southside, a jej bieg zmienia si\u0119 w pobli\u017cu Leixlip z p\u00f3\u0142nocno-wschodniego na wschodni, gdy wp\u0142ywa do zatoki. Rzeki drugorz\u0119dne \u2014 Tolka, wp\u0142ywaj\u0105ca do zatoki na po\u0142udniowym wschodzie, i Dodder, p\u0142yn\u0105ca na p\u00f3\u0142nocny wsch\u00f3d w kierunku Liffey \u2014 ci\u0105gn\u0105 liczne dop\u0142ywy przez podmiejskie obszary. Dwa dziewi\u0119tnastowieczne kana\u0142y, Grand na po\u0142udniu i Royal na p\u00f3\u0142nocy, okr\u0105\u017caj\u0105 \u015br\u00f3dmie\u015bcie na zachodnim podej\u015bciu, zanim po\u0142\u0105cz\u0105 si\u0119 z rzek\u0105 Shannon. Za drogami wodnymi p\u0142askie tereny rolnicze rozci\u0105gaj\u0105 si\u0119 na p\u00f3\u0142noc i zach\u00f3d, podczas gdy G\u00f3ry Dubli\u0144skie wznosz\u0105 si\u0119 skromnie na po\u0142udniu, stanowi\u0105c cz\u0119\u015b\u0107 wi\u0119kszego pasma Wicklow.<\/p>\n<p>Klimat Dublina jest zgodny z klasyfikacj\u0105 umiarkowanego klimatu morskiego. Lata s\u0105 \u0142agodne, ze \u015brednimi temperaturami maksymalnymi w Merrion Square osi\u0105gaj\u0105cymi 20,1 \u00b0C w lipcu, a zimy ch\u0142odne, ze \u015brednimi temperaturami minimalnymi w lutym wynosz\u0105cymi 4,1 \u00b0C. Efekt miejskiej wyspy ciep\u0142a sprawia, \u017ce \u200b\u200bletnie noce s\u0105 znacznie cieplejsze \u2014 \u015brednie temperatury minimalne w lipcu wynosz\u0105 13,5 \u00b0C, a najwy\u017csz\u0105 oficjaln\u0105 temperatur\u0119 33,1 \u00b0C odnotowano w lipcu 2022 r. w Phoenix Park. Opady koncentruj\u0105 si\u0119 w postaci deszczu, a roczne sumy w Ringsend w pobli\u017cu po\u0142udniowego wybrze\u017ca wynosz\u0105 oko\u0142o 683 mm \u2014 oko\u0142o po\u0142owy tego, co w zachodnich regionach Irlandii. Od czasu do czasu wyst\u0119puj\u0105 opady \u015bniegu mi\u0119dzy listopadem a marcem, chocia\u017c grad jest bardziej powszechny. Wiatry atlantyckie osi\u0105gaj\u0105 szczyt jesieni\u0105, ale ze wzgl\u0119du na wschodnie po\u0142o\u017cenie Dublina s\u0142abn\u0105 w por\u00f3wnaniu z zachodnimi miejscowo\u015bciami. Strefy przybrze\u017cne ciesz\u0105 si\u0119 ponad 1600 godzinami s\u0142onecznymi rocznie, s\u0142abn\u0105c w g\u0142\u0119bi l\u0105du; Stacja Dublin Airport odnotowa\u0142a a\u017c 1740 godzin w ci\u0105gu jednego roku (1959) i zaledwie 1240 godzin (1987). Pod koniec XX wieku obawy zwi\u0105zane z zanieczyszczeniem powietrza doprowadzi\u0142y do \u200b\u200bzakazu stosowania paliw bitumicznych w 1990 r., co doprowadzi\u0142o do mierzalnego spadku \u015bmiertelno\u015bci z powodu chor\u00f3b uk\u0142adu kr\u0105\u017cenia i uk\u0142adu oddechowego.<\/p>\n<p>Historyczne serce Dublina le\u017cy w prostok\u0105cie wyznaczonym przez kana\u0142y Royal i Grand, stacj\u0119 Heuston i Phoenix Park na zachodzie oraz International Financial Services Centre i Docklands na wschodzie. O&#039;Connell Street, biegn\u0105ca z p\u00f3\u0142nocy na po\u0142udnie przez Liffey, s\u0142u\u017cy jako g\u0142\u00f3wny bulwar osiowy, podczas gdy Henry Street i Grafton Street stanowi\u0105 g\u0142\u00f3wne dzielnice handlowe odpowiednio na p\u00f3\u0142nocnym i po\u0142udniowym brzegu. Wiktoria\u0144skie budynki mieszkalne i komercyjne \u2014 takie jak George&#039;s Street Arcade \u2014 zdobi\u0105 po\u0142udniowe \u015br\u00f3dmie\u015bcie. Chocia\u017c nie zosta\u0142y formalnie wyznaczone w planowaniu miejskim, w turystyce i marketingu pojawi\u0142y si\u0119 r\u00f3\u017cne \u201edzielnice\u201d: \u015bredniowieczne mury i dzielnice ko\u015bcielne; place georgia\u0144skie i okolice Trinity College; korytarz technologiczny Docklands i \u201eSilicon Docks\u201d; oraz enklawy kulturalne wok\u00f3\u0142 Temple Bar i warsztaty kreatywne mi\u0119dzy South William Street i George&#039;s Street.<\/p>\n<p>Okoliczne przedmie\u015bcia rozszerzaj\u0105 zasi\u0119g miejski. Po stronie p\u00f3\u0142nocnej Blanchardstown, Finglas, Ballymun, Clontarf, Raheny, Malahide i Howth \u0142\u0105cz\u0105 funkcje mieszkalne, handlowe i portowe. Dzielnice Southside obejmuj\u0105 Tallaght, Sandyford, Templeogue, Drimnagh, Rathmines, D\u00fan Laoghaire i Dalkey, z kt\u00f3rych ka\u017cda ma charakterystyczne wzorce mieszkaniowe i skupiska udogodnie\u0144. Od ko\u0144ca lat 2010. \u015brednio-wysokie i g\u0119sto zaludnione osiedla mieszkaniowe przekszta\u0142ci\u0142y cz\u0119\u015bci Sandyford, Ashtown i Tallaght, odzwierciedlaj\u0105c presj\u0119 populacji i zmieniaj\u0105ce si\u0119 priorytety planowania. Historycznie rzecz bior\u0105c, Liffey symbolizowa\u0142 podzia\u0142 spo\u0142eczno-ekonomiczny: spo\u0142eczno\u015bci Southside by\u0142y cz\u0119sto postrzegane jako bardziej zamo\u017cne, podczas gdy nadmorskie wschodnie przedmie\u015bcia subtelnie kontrastowa\u0142y z nowszymi zachodnimi inwestycjami.<\/p>\n<p>Lista zabytk\u00f3w Dublina obejmuje \u015bredniowieczne fortyfikacje, XVIII-wieczne budowle miejskie i nowoczesne dzie\u0142a rze\u017abiarskie. Zamek Dubli\u0144ski, za\u0142o\u017cony w 1204 r. na rozkaz kr\u00f3la Jana, jest przyk\u0142adem norma\u0144skiego projektu dziedzi\u0144ca bez centralnej wie\u017cy, a jego zewn\u0119trzne mury s\u0105 wzmocnione rzekami i rowami. W starej bibliotece Trinity College znajduje si\u0119 Ksi\u0119ga z Kells, iluminowany r\u0119kopis Ewangelii z VIII wieku, kt\u00f3ry przyci\u0105ga zar\u00f3wno uczonych, jak i turyst\u00f3w. Na O&#039;Connell Street stoi Monument of Light, czyli Spire of Dublin, 121,2-metrowa kolumna ze stali nierdzewnej uko\u0144czona w 2003 r. jako wyznacznik ambicji XXI wieku. Most Ha&#039;penny \u2014 \u017celazna \u015bcie\u017cka wyginaj\u0105ca si\u0119 nad rzek\u0105 Liffey \u2014 uciele\u015bnia dziewi\u0119tnastowieczn\u0105 in\u017cynieri\u0119 miasta i pozostaje jedn\u0105 z najcz\u0119\u015bciej fotografowanych scen. Dziedzictwo ko\u015bcielne znajduje odzwierciedlenie w katedrach Christ Church i St Patrick&#039;s; obywatelska wspania\u0142o\u015b\u0107 w Leinster House, Custom House i \u00c1ras an Uachtar\u00e1in (rezydencja prezydencka w Phoenix Park). Statua Molly Malone, pomnik Anny Livii i bli\u017aniacze kominy Poolbeg Chimneys dodatkowo definiuj\u0105 miejsk\u0105 sylwetk\u0119.<\/p>\n<p>Zielone przestrzenie przenikaj\u0105 tkank\u0119 Dublina. W jurysdykcji rady miejskiej znajduje si\u0119 ponad 300 park\u00f3w i 66 teren\u00f3w pomocniczych, o \u0142\u0105cznej powierzchni ponad 1500 ha. Phoenix Park, z 707 ha wybiegiem i stadem danieli, nale\u017cy do najwi\u0119kszych park\u00f3w otoczonych murem w Europie; znajduje si\u0119 w nim Zamek Ashtown, Zoo w Dublinie i rezydencja ambasadora USA. St Stephen&#039;s Green, s\u0105siaduj\u0105cy z Grafton Street, funkcjonuje jako wiktoria\u0144ski ogr\u00f3d spa przekszta\u0142cony w publiczne sanktuarium. Saint Anne&#039;s Park \u2014 drugi co do wielko\u015bci park miejski \u2014 powsta\u0142 jako cz\u0119\u015b\u0107 posiad\u0142o\u015bci rodziny Guinness w Raheny i Clontarf, podczas gdy Bull Island i jego pi\u0119ciokilometrowa Dollymount Strand oferuj\u0105 rekreacj\u0119 nadmorsk\u0105. Parki te stanowi\u0105 podstaw\u0119 jako\u015bci \u017cycia w mie\u015bcie i r\u00f3wnowagi ekologicznej.<\/p>\n<p>Ekspansja Dublina poza jego staro\u017cytne baronie Dublin City i Dublin zapowiada\u0142a rekonfiguracje administracyjne. Przez ca\u0142y XIX i XX wiek ziemie administrowane przez hrabstwa by\u0142y stopniowo wch\u0142aniane przez w\u0142adze miejskie. W 1985 roku niekt\u00f3re obszary powr\u00f3ci\u0142y pod nadz\u00f3r hrabstwa, nawet gdy region miasta nadal si\u0119 poszerza\u0142. Obecnie termin \u201eobszar Wielkiego Dublina\u201d obejmuje tradycyjny obszar Rady Miasta Dublina, trzy kolejne hrabstwa administracyjne \u2014 D\u00fan Laoghaire\u2013Rathdown, Fingal i South Dublin \u2014 oraz przyleg\u0142e hrabstwa Kildare, Meath i Wicklow, tworz\u0105c stref\u0119 ekonomiczn\u0105, w kt\u00f3rej do 2017 roku zatrudnionych by\u0142o oko\u0142o 874 400 os\u00f3b, w tym 60 procent irlandzkiej si\u0142y roboczej w sektorze finansowym, ICT i sektorze zawodowym.<\/p>\n<p>Jako krajowy motor gospodarczy Dublin przewodzi\u0142 ekspansji Celtic Tiger. W 2009 r. zajmowa\u0142 czwarte miejsce na \u015bwiecie pod wzgl\u0119dem si\u0142y nabywczej i dziesi\u0105te pod wzgl\u0119dem dochodu osobistego. Badania Mercer umie\u015bci\u0142y go w\u015br\u00f3d dro\u017cszych miast Europy, chocia\u017c wzgl\u0119dna pozycja waha\u0142a si\u0119 w ci\u0105gu ostatniej dekady. Dominuje sektor us\u0142ug, z dynamicznymi klastrami w dziedzinie technologii, finans\u00f3w i kultury. Handel detaliczny kwitnie w centrum \u2014 Arnotts i Brown Thomas s\u0105 kotwicami Grafton Street, podczas gdy Henry Street jest domem dla wielu dom\u00f3w towarowych \u2014 oraz w centrach podmiejskich, takich jak Dundrum Town Centre, Blanchardstown Centre, The Square w Tallaght i Liffey Valley w Clondalkin. Tradycyjne targi przetrwa\u0142y: Moore Street, jedna z najstarszych dzielnic handlowych, wsp\u00f3\u0142istnieje z targami rolniczymi i zorientowan\u0105 na spo\u0142eczno\u015b\u0107 Dublin Food Co-op w The Liberties.<\/p>\n<p>G\u0119sta sie\u0107 transportowa odzwierciedla prymat Dublina. Drogi rozchodz\u0105 si\u0119 promieni\u015bcie od centrum miasta i zbiegaj\u0105 si\u0119 na autostradzie M50, p\u00f3\u0142obwodnicy \u0142\u0105cz\u0105cej g\u0142\u00f3wne trasy krajowe; jej skrzy\u017cowanie West-Link przyj\u0119\u0142o bezbarierowy system poboru op\u0142at eFlow w 2008 r. Tunel Dublin Port, otwarty w 2006 r., kieruje ci\u0119\u017ckimi pojazdami mi\u0119dzy portem a M1. Zatory drogowe nadal stanowi\u0105 wyzwanie \u2014 miasto zaj\u0119\u0142o pi\u0119tnaste miejsce na \u015bwiecie pod wzgl\u0119dem zat\u0142oczenia w 2016 r. Us\u0142ugi autobusowe obs\u0142uguj\u0105 prawie 200 tras pod auspicjami Dublin Bus i Go Ahead Ireland, a wy\u015bwietlacze informacji pasa\u017cerskiej w czasie rzeczywistym prowadz\u0105 pasa\u017cer\u00f3w. Karta Leap Card ujednolica op\u0142aty za przejazdy we wszystkich trybach. BusConnects, kompleksowa przebudowa sieci, proponuje zwi\u0119kszon\u0105 cz\u0119stotliwo\u015b\u0107 tras g\u0142\u00f3wnych i po\u0142\u0105czenia orbitalne.<\/p>\n<p>Jazda na rowerze stale si\u0119 rozwija od lat 90. XX wieku, wspierana przez pasy drogowe i terenowe przekraczaj\u0105ce 200 km do 2012 r. oraz system samoobs\u0142ugowy Dublinbikes, kt\u00f3ry odnotowa\u0142 ponad dwa miliony podr\u00f3\u017cy w 2018 r. Pomimo spadku pozycji w mi\u0119dzynarodowych indeksach przyjazno\u015bci dla rowerzyst\u00f3w z dziewi\u0105tego miejsca w 2011 r. do miejsca poza pierwsz\u0105 dwudziestk\u0105 w 2017 r., miasto nadal inwestuje w infrastruktur\u0119 rowerow\u0105. Ci\u0119\u017cka kolej koncentruje si\u0119 na stacjach Heuston i Connolly, obs\u0142uguj\u0105c linie podmiejskie i mi\u0119dzymiastowe; zelektryfikowana linia DART obs\u0142uguje trzydzie\u015bci jeden stacji nadmorskich. Sie\u0107 kolei lekkiej Luas, zainaugurowana w 2004 r. i przewo\u017c\u0105ca ponad 34 miliony pasa\u017cer\u00f3w rocznie, obejmuje linie czerwon\u0105 i zielon\u0105 z sze\u015b\u0107dziesi\u0119cioma siedmioma przystankami i 44,5 km tor\u00f3w; jej przed\u0142u\u017cenie, lini\u0119 zielon\u0105, otwarto w grudniu 2017 r. Planowane jest przysz\u0142e metro, Metrolink, kt\u00f3re po\u0142\u0105czy p\u00f3\u0142nocn\u0105 cz\u0119\u015b\u0107, lotnisko i centrum miasta.<\/p>\n<p>Po\u0142\u0105czenia morskie rozpoczynaj\u0105 si\u0119 w porcie w Dublinie i \u0142\u0105cz\u0105 si\u0119 z po\u0142\u0105czeniami kolejowymi do Londynu, a do terminali promowych mo\u017cna dojecha\u0107 autobusem miejskim i Luas. Lotnisko w Dublinie, najbardziej ruchliwe w Irlandii i jedenaste w UE pod wzgl\u0119dem liczby pasa\u017cer\u00f3w, znajduje si\u0119 dziesi\u0119\u0107 kilometr\u00f3w na p\u00f3\u0142noc od miasta w Fingal. Znajduj\u0105 si\u0119 tam w\u0119z\u0142y Aer Lingus, CityJet i Ryanair, oferuj\u0105ce kr\u00f3tko-, \u015brednio- i d\u0142ugodystansowe po\u0142\u0105czenia do Europy, Ameryki P\u00f3\u0142nocnej i dalej. Liczba pasa\u017cer\u00f3w wzros\u0142a z 24 milion\u00f3w w 2010 r. do prawie 33 milion\u00f3w w 2019 r., co oznacza wzrost o prawie 9,5 miliona w ci\u0105gu sze\u015bciu lat. Regionalne lotniska, operatorzy \u015bmig\u0142owc\u00f3w i wojsko korzystaj\u0105 z pobliskich lotnisk Weston i Casement.<\/p>\n<p>Administracyjnie miasto Dublin obejmuje okr\u0119gi pocztowe Dublin 1\u2013Dublin 24, obecnie zintegrowane z krajowym systemem Eircode, umo\u017cliwiaj\u0105c precyzyjn\u0105 geolokalizacj\u0119 wed\u0142ug kodu (na przyk\u0142ad D04 dla Ballsbridge). W spisie z 2022 r. 62,9% mieszka\u0144c\u00f3w miasta i przedmie\u015b\u0107 urodzi\u0142o si\u0119 w Dublinie, 26,6% pochodzi\u0142o spoza Irlandii, a 10,5% z innych hrabstw irlandzkich. Oko\u0142o po\u0142owa populacji Wielkiego Dublina ma mniej ni\u017c dwadzie\u015bcia pi\u0119\u0107 lat, co zapewnia bogate \u017cycie kulturalne. Nocne skupiska gospodarcze skupiaj\u0105 si\u0119 wok\u00f3\u0142 Harcourt Street, Camden Street, Wexford Street i Leeson Street, a Temple Bar zachowuje podw\u00f3jn\u0105 to\u017csamo\u015b\u0107 jako dzielnica kulturalna i magnes dla grup odwiedzaj\u0105cych \u2014 wzbudzaj\u0105c zar\u00f3wno podziw dla swoich studi\u00f3w, jak i krytyk\u0119 za zawy\u017canie cen.<\/p>\n<p>Po\u0142\u0105czenie g\u0142\u0119bi historycznej, r\u00f3\u017cnorodno\u015bci \u015brodowiskowej i z\u0142o\u017cono\u015bci infrastrukturalnej Dublina stanowi podstaw\u0119 jego roli jako politycznego, ekonomicznego i kulturalnego j\u0105dra Irlandii. Jego rzeki i kana\u0142y, g\u00f3ry i parki, ulice i przedmie\u015bcia tworz\u0105 pejza\u017c miejski, kt\u00f3ry ewoluowa\u0142 przez trzyna\u015bcie stuleci, ale pozostaje zakotwiczony w swojej wyj\u0105tkowej geografii i \u017cyciu wsp\u00f3lnotowym.<\/p>","protected":false},"excerpt":{"rendered":"<p>Dublin, stolica Irlandii, to dynamiczne miasto po\u0142o\u017cone nad zatok\u0105 u uj\u015bcia rzeki Liffey w prowincji Leinster. Wed\u0142ug spisu z 2022 r. populacja obszaru rady miejskiej wynosi\u0142a 592 713 os\u00f3b, podczas gdy Dublin City wraz z przedmie\u015bciami liczy\u0142o 1 263 219 mieszka\u0144c\u00f3w. Szerszy region hrabstwa Dublin liczy\u0142 1 501 500 mieszka\u0144c\u00f3w, co uczyni\u0142o Dublin najwi\u0119kszym miastem na wyspie Irlandii. T\u0119tni\u0105c\u0105 \u017cyciem metropoli\u0119 od po\u0142udnia otaczaj\u0105 g\u00f3ry Dublin, kt\u00f3re s\u0105 cz\u0119\u015bci\u0105 malowniczego pasma g\u00f3rskiego Wicklow Mountains.<\/p>","protected":false},"author":1,"featured_media":4653,"parent":11622,"menu_order":0,"comment_status":"closed","ping_status":"closed","template":"elementor_theme","meta":{"_eb_attr":"","footnotes":""},"class_list":["post-11647","page","type-page","status-publish","has-post-thumbnail"],"_links":{"self":[{"href":"https:\/\/travelshelper.com\/pl\/wp-json\/wp\/v2\/pages\/11647","targetHints":{"allow":["GET"]}}],"collection":[{"href":"https:\/\/travelshelper.com\/pl\/wp-json\/wp\/v2\/pages"}],"about":[{"href":"https:\/\/travelshelper.com\/pl\/wp-json\/wp\/v2\/types\/page"}],"author":[{"embeddable":true,"href":"https:\/\/travelshelper.com\/pl\/wp-json\/wp\/v2\/users\/1"}],"replies":[{"embeddable":true,"href":"https:\/\/travelshelper.com\/pl\/wp-json\/wp\/v2\/comments?post=11647"}],"version-history":[{"count":0,"href":"https:\/\/travelshelper.com\/pl\/wp-json\/wp\/v2\/pages\/11647\/revisions"}],"up":[{"embeddable":true,"href":"https:\/\/travelshelper.com\/pl\/wp-json\/wp\/v2\/pages\/11622"}],"wp:featuredmedia":[{"embeddable":true,"href":"https:\/\/travelshelper.com\/pl\/wp-json\/wp\/v2\/media\/4653"}],"wp:attachment":[{"href":"https:\/\/travelshelper.com\/pl\/wp-json\/wp\/v2\/media?parent=11647"}],"curies":[{"name":"wp","href":"https:\/\/api.w.org\/{rel}","templated":true}]}}