{"id":11622,"date":"2024-09-13T14:30:05","date_gmt":"2024-09-13T14:30:05","guid":{"rendered":"https:\/\/travelshelper.com\/staging\/?page_id=11622"},"modified":"2026-03-12T16:14:57","modified_gmt":"2026-03-12T16:14:57","slug":"irlandia","status":"publish","type":"page","link":"https:\/\/travelshelper.com\/pl\/destinations\/europe\/ireland\/","title":{"rendered":"Irlandia"},"content":{"rendered":"<p>Irlandia jest wysp\u0105 licz\u0105c\u0105 nieco ponad siedem milion\u00f3w mieszka\u0144c\u00f3w, zajmuj\u0105c\u0105 84 421 kilometr\u00f3w kwadratowych na p\u00f3\u0142nocno-zachodnim kra\u0144cu Europy. Oddzielona od Wielkiej Brytanii Kana\u0142em P\u00f3\u0142nocnym, Morzem Irlandzkim i Kana\u0142em \u015awi\u0119tego Jerzego, jest drug\u0105 co do wielko\u015bci wysp\u0105 na Wyspach Brytyjskich, trzeci\u0105 co do wielko\u015bci w Europie i dwudziest\u0105 co do wielko\u015bci na \u015bwiecie. Geopolitycznie pi\u0119\u0107 sz\u00f3stych wyspy obejmuje suwerenn\u0105 Republik\u0119 Irlandii, podczas gdy pozosta\u0142a sz\u00f3sta cz\u0119\u015b\u0107 to Irlandia P\u00f3\u0142nocna, cz\u0119\u015b\u0107 Zjednoczonego Kr\u00f3lestwa.<\/p>\n<p>Ireland\u2019s terrain is defined by low-lying mountains forming a ring around a central plain, with the Shannon River\u2014at 360.5 kilometres the island\u2019s longest\u2014meandering from its source in County Cavan to its outlet near Limerick. The highest peak, Carrauntoohil in County Kerry, rises to 1 039 metres above sea level. A mild, oceanic climate, tempered by moist Atlantic winds, sustains lush grasslands that have earned the country its sobriquet \u201cEmerald Isle.\u201d Winters are milder than one might expect at latitudes between 51\u00b0 and 56\u00b0 north, though summers remain cooler than on continental Europe; rainfall and cloud cover prevail, with western regions bearing the brunt of Atlantic storms, occasional snow, hail and lightning, while the east tends toward lighter precipitation.<\/p>\n<p>Evidence of human habitation stretches back over nine millennia. By the first century AD, a Gaelic social order had crystallized, organized into numerous petty kingdoms under provincial over-kings, each vying for preeminence and the title of High King at Tara. Christianity began its indelible imprint in the fifth century, when missionaries such as Saint Patrick established monastic settlements that would become centres of learning, ornamentation and cultural exchange. These early Christian sites\u2014hermit cells, or \u201ccills,\u201d often signposted by place-names beginning with \u201cKil\u201d\u2014proliferated into grander foundations in the Norman era and survive today as evocative ruins at Glendalough, Clonmacnoise and the Rock of Cashel.<\/p>\n<p>The late eighth century saw the onset of Viking raids, evolving into settlement and trade, and culminating in the Battle of Clontarf on 23 April 1014, where High King Brian Boru effectively ended Norse power. The arrival of Anglo-Normans in the twelfth century initiated intermittent English claims of sovereignty, solidifying only with the Tudor reconquest of the sixteenth and seventeenth centuries. Plantation schemes and land confiscations ushered in Protestant ascendancy, codified in the penal laws of the 1690s to subordinate the Catholic majority and Protestant dissenters. The Acts of Union in 1801 subsumed Ireland into the United Kingdom, a status that remained until the twentieth century.<\/p>\n<p>The nineteenth century witnessed dramatic demographic upheaval. A population surge from the Renaissance onward was briefly interrupted by the famine of 1740\u201341, which claimed nearly two-fifths of inhabitants. Recovery was followed by the Great Famine of the 1840s, which caused approximately one million deaths and spurred an equal number to emigrate. Over the subsequent century, Ireland\u2019s population fell by more than half, diverging sharply from the growth experienced across Europe.<\/p>\n<p>Nacjonalistyczny zapa\u0142 i zbrojny op\u00f3r na pocz\u0105tku XX wieku osi\u0105gn\u0119\u0142y punkt kulminacyjny w wojnie o niepodleg\u0142o\u015b\u0107 (1919\u20131921), podziale i utworzeniu Wolnego Pa\u0144stwa Irlandzkiego. Przez kolejne dekady Wolne Pa\u0144stwo potwierdza\u0142o coraz wi\u0119ksz\u0105 autonomi\u0119, a\u017c do momentu, gdy Ustawa o Republice Irlandii (1948) og\u0142osi\u0142a pe\u0142ny status republika\u0144ski. W Irlandii P\u00f3\u0142nocnej napi\u0119cia religijne przerodzi\u0142y si\u0119 w przed\u0142u\u017caj\u0105cy si\u0119 konflikt od ko\u0144ca lat 60.; pok\u00f3j powr\u00f3ci\u0142 dopiero po Porozumieniu Wielkopi\u0105tkowym z 1998 r. W 1973 r. obie jurysdykcje przyst\u0105pi\u0142y do \u200b\u200bEuropejskiej Wsp\u00f3lnoty Gospodarczej, ale Zjednoczone Kr\u00f3lestwo (a zatem Irlandia P\u00f3\u0142nocna) opu\u015bci\u0142o Uni\u0119 Europejsk\u0105 w 2020 r. po referendum w 2016 r. Irlandia P\u00f3\u0142nocna zachowa\u0142a od tego czasu wyj\u0105tkow\u0105 pozycj\u0119, uczestnicz\u0105c w jednolitym rynku towar\u00f3w UE \u2014 kompromisie maj\u0105cym na celu podtrzymanie procesu pokojowego i zachowanie otwartej granicy na wyspie.<\/p>\n<p>Dziedzictwo kulturowe Irlandii odbija si\u0119 echem daleko poza jej brzegami. Rdzenna kultura gaelicka przetrwa\u0142a dzi\u0119ki rozgrywanym w hrabstwach rozgrywkom pi\u0142ki no\u017cnej i hurlingu w Gaelic Athletic Association, irlandzkim sesjom muzycznym w pubach i trwa\u0142o\u015bci j\u0119zyka irlandzkiego \u2014 obecnie j\u0119zyka mniejszo\u015bci, ale kiedy\u015b j\u0119zyka ojczystego wyspy i medium bogatego korpusu literatury obejmuj\u0105cej staroirlandzki, \u015bredni i wczesnonowo\u017cytny irlandzki. Wk\u0142ad Irlandii w literatur\u0119 \u015bwiatow\u0105, zw\u0142aszcza w j\u0119zyku angielskim, jest niezr\u00f3wnany pod wzgl\u0119dem g\u0119sto\u015bci, od \u015bredniowiecznych sag i anna\u0142\u00f3w po wsp\u00f3\u0142czesnych powie\u015bciopisarzy, poet\u00f3w i dramatopisarzy.<\/p>\n<p>Tradycje artystyczne najbardziej rozpoznawalnie przejawiaj\u0105 si\u0119 w misternych celtyckich w\u0119z\u0142ach, niegdy\u015b zdobi\u0105cych iluminowane r\u0119kopisy i kamienne rze\u017aby, obecnie wszechobecnych w bi\u017cuterii i motywach graficznych jako symbol \u201eceltyckiej\u201d to\u017csamo\u015bci. Kultura pubowa r\u00f3wnie\u017c sta\u0142a si\u0119 mi\u0119dzynarodowym symbolem irlandzkiej towarzysko\u015bci: miejsca, w kt\u00f3rych zbieraj\u0105 si\u0119 gaw\u0119dziarze, p\u0142yn\u0105 rozmowy, a tradycyjna muzyka rozbrzmiewa w ciep\u0142ym drewnie.<\/p>\n<p>Topografia wyspy sprzyja r\u00f3\u017cnorodnym zaj\u0119ciom na \u015bwie\u017cym powietrzu. Zachodnie wybrze\u017ce wystawione na dzia\u0142anie Atlantyku szczyci si\u0119 s\u0142ynnymi pla\u017cami surfingowymi \u2014 w\u015br\u00f3d nich Bundoran, Lahinch i Donegal Bay \u2014 gdzie zimowe fale przyci\u0105gaj\u0105 Europejczyk\u00f3w na zawody mistrzowskie. Nurkowie eksploruj\u0105 czyste wody pe\u0142ne \u017cycia morskiego wok\u00f3\u0142 wrak\u00f3w u wybrze\u017cy Malin Head i hrabstwa Cork. W\u0119dkarze poluj\u0105 na \u0142ososie w Shannon i pstr\u0105gi w ponad czternastu tysi\u0105cach kilometr\u00f3w rzek i siedmiu tysi\u0105cach kilometr\u00f3w linii brzegowej, a w\u0119dkarstwo morskie i gruntowe kwitnie r\u00f3wnie\u017c na zmapowanych, oznakowanych pla\u017cach.<\/p>\n<p>Kulinarne dziedzictwo odzwierciedla histori\u0119 spo\u0142eczn\u0105. \u015aredniowieczne poleganie na hodowli byd\u0142a, gdzie byd\u0142o by\u0142o miar\u0105 bogactwa, promowa\u0142o nabia\u0142 nad wo\u0142owin\u0105; solony boczek (\u201eschab\u201d), mas\u0142o i kaszanka na bazie krwi pozostaj\u0105 od dawna podstaw\u0105. Wprowadzenie ziemniak\u00f3w w XVI wieku zrewolucjonizowa\u0142o diet\u0119, staj\u0105c si\u0119 niemal jedynym po\u017cywieniem w po\u0142owie XIX wieku i inspiruj\u0105c kultowe dania: gulasz, boczek i kapusta, boxty i colcannon. Wsp\u00f3\u0142czesna \u201eNowa Kuchnia Irlandzka\u201d opiera si\u0119 na tym fundamencie \u2014 \u015bwie\u017ce warzywa, skorupiaki, rzemie\u015blnicze sery i pieczywo \u2014 zachowuj\u0105c jednocze\u015bnie centraln\u0105 rol\u0119 ziemniak\u00f3w; \u201eDublin Lawyer\u201d z homarami i whisky jest przyk\u0142adem po\u0142\u0105czenia tradycji i innowacji.<\/p>\n<p>Napoje spirytusowe i browary stanowi\u0105 kolejny wymiar to\u017csamo\u015bci narodowej. Destylarnia Old Bushmills w hrabstwie Antrim kiedy\u015b produkowa\u0142a dziewi\u0119\u0107dziesi\u0105t procent \u015bwiatowej produkcji whisky; p\u00f3\u017aniejsze spadki podczas ameryka\u0144skiej prohibicji i mi\u0119dzywojennych spor\u00f3w handlowych zmniejszy\u0142y udzia\u0142 irlandzkiej whisky w rynku do dw\u00f3ch procent w po\u0142owie XX wieku. Odrodzenie od ko\u0144ca lat 90. przywr\u00f3ci\u0142o jej mi\u0119dzynarodow\u0105 s\u0142aw\u0119, a odmiany destylowane wyr\u00f3\u017cniaj\u0105 si\u0119 l\u017cejszym dymem i zr\u00f3wnowa\u017con\u0105 s\u0142odycz\u0105. Whisky stanowi podstaw\u0119 likier\u00f3w \u015bmietankowych, takich jak Baileys i \u015bwiatowej s\u0142awy \u201ekawa irlandzka\u201d. R\u00f3wnie emblematyczne s\u0105 stout \u2014 szczeg\u00f3lnie Guinness \u2014 i cydr twardy, obok rodzimego napoju bezalkoholowego, czerwonej lemoniady.<\/p>\n<p>Miary ekonomiczne ilustruj\u0105 jaskrawe kontrasty. W 2021 r. nominalny PKB Republiki Irlandii wyni\u00f3s\u0142 423,5 mld euro, a produkcja na mieszka\u0144ca 84 049,9 euro; warto\u015b\u0107 dodana brutto Irlandii P\u00f3\u0142nocnej wynios\u0142a 52 mld funt\u00f3w, przy 27 154 funtach na osob\u0119. Pomimo odr\u0119bnych walut i metod statystycznych, integracja handlowa na ca\u0142ej wyspie nadal si\u0119 pog\u0142\u0119bia, co sk\u0142ania do apeli o \u201egospodark\u0119 og\u00f3lnoirlandzk\u0105\u201d, aby wykorzysta\u0107 skal\u0119 i konkurencyjno\u015b\u0107.<\/p>\n<p>Bogata mozaika zabytk\u00f3w Irlandii przyci\u0105ga miliony turyst\u00f3w. Dwie lokalizacje maj\u0105 status \u015bwiatowego dziedzictwa UNESCO: neolityczny pa\u0142ac i kompleks grobowy w Br\u00fa na B\u00f3inne oraz bazaltowe kolumny Grobli Olbrzyma. Burren, Pola Ceide i G\u00f3ra Stewart czekaj\u0105 na formalny wpis. Do najcz\u0119\u015bciej odwiedzanych atrakcji nale\u017c\u0105 Zamek Bunratty, Klify Moheru, Zamek Blarney \u2014 gdzie odwiedzaj\u0105cy poszukuj\u0105 legendarnego daru elokwencji \u2014 oraz ruiny klasztorne w Glendalough i Clonmacnoise. Dublin, stolica i g\u0142\u00f3wny punkt wej\u015bcia, kusi Ksi\u0119g\u0105 z Kells w Trinity College i Guinness Storehouse, podczas gdy surowy zach\u00f3d \u2014 Killarney, Connemara i Wyspy Aran \u2014 oferuje panoramiczne krajobrazy i zanurzenie w kulturze. Okaza\u0142e domy i zamki w stylu palladia\u0144skim, neoklasycystycznym i neogotyckim, takie jak Bantry House, Castle Ward i Ashford Castle, zapewniaj\u0105 zar\u00f3wno wgl\u0105d w architektur\u0119, jak i luksusow\u0105 go\u015bcinno\u015b\u0107.<\/p>\n<p>\u017bycie miejskie toczy si\u0119 w miastach przeplatanych histori\u0105 i nowoczesnymi udogodnieniami. Dublin pulsuje kosmopolityczn\u0105 energi\u0105; Cork, za\u0142o\u017cony przez St Finbarre oko\u0142o 600 r. n.e. nad rzek\u0105 Lee, jest znany ze swoich owoc\u00f3w morza i festiwali. Galway \u0142\u0105czy \u017cyw\u0105 sztuk\u0119 z dost\u0119pem do nawiedzaj\u0105cego pi\u0119kna Connemary. Kilkenny przywo\u0142uje \u015bredniowieczny urok; Letterkenny s\u0142u\u017cy jako brama do dzikiego wybrze\u017ca Donegal. Gruzi\u0144ska siatka i ponura twierdza Limerick przypominaj\u0105 jego wiki\u0144sko-angielsk\u0105 przesz\u0142o\u015b\u0107, podczas gdy Sligo \u2014 ukochane przez W. B. Yeatsa \u2014 przywo\u0142uje liryczne krajobrazy. Waterford, najstarsze miasto na wyspie, nosi wiki\u0144skie fundamenty i georgia\u0144skie fasady.<\/p>\n<p>Lokalne zwyczaje pozostaj\u0105 nieod\u0142\u0105czn\u0105 cz\u0119\u015bci\u0105 do\u015bwiadczenia odwiedzaj\u0105cego: szczere \u201ejak si\u0119 masz?\u201d wymieniane na wiejskich drogach; uprzejme \u201enic si\u0119 nie sta\u0142o\u201d w odpowiedzi na wdzi\u0119czno\u015b\u0107; elastyczne podej\u015bcie do czasu r\u00f3wnowa\u017cone punktualno\u015bci\u0105 formalnych zobowi\u0105za\u0144; i ostro\u017cne unikanie delikatnych temat\u00f3w \u2014 historii sekciarskich, politycznych roz\u0142am\u00f3w, skandali ko\u015bcielnych \u2014 chyba \u017ce kto\u015b posiada g\u0142\u0119bok\u0105 wra\u017cliwo\u015b\u0107. Powiatowe mecze Gaelic Athletic Association oferuj\u0105 autentyczne zaanga\u017cowanie, chocia\u017c bilety na fina\u0142y Croke Park s\u0105 bardzo poszukiwane. Tory wy\u015bcigowe w ka\u017cdym hrabstwie celebruj\u0105 narodow\u0105 pasj\u0119 do wy\u015bcig\u00f3w konnych i hodowli stadnin. Pola golfowe \u2014 od Adare, przysz\u0142ego gospodarza Pucharu Rydera, po Royal Portrush \u2014 stanowi\u0105 kotwic\u0119 dla odnowionych hoteli zamkowych.<\/p>\n<p>Podsk\u00f3rny nurt ciekawo\u015bci przodk\u00f3w przyci\u0105ga wielu do archiw\u00f3w i rejestr\u00f3w parafialnych Irlandii, \u015bledz\u0105c pochodzenie przez stulecia migracji i wstrz\u0105s\u00f3w. Badania genealogiczne, cho\u0107 utrudnione przez luki i straty, korzystaj\u0105 z wysi\u0142k\u00f3w digitalizacji, zw\u0142aszcza w hrabstwie Clare.<\/p>\n<p>W krajobrazach i spo\u0142eczno\u015bciach Irlandia potwierdza mieszank\u0119 staro\u017cytno\u015bci i wsp\u00f3\u0142czesno\u015bci, lokalnego ciep\u0142a i skierowanego na zewn\u0105trz dynamizmu. Poezja i proza, muzyka i taniec, surowe g\u00f3ry i \u0142agodne r\u00f3wniny, stoicka historia i trwa\u0142a odporno\u015b\u0107 \u0142\u0105cz\u0105 si\u0119 na wyspie, kt\u00f3ra zaprasza zar\u00f3wno do kontemplacji, jak i \u015bwi\u0119towania.<\/p>\n<p>W krainie, w kt\u00f3rej przesz\u0142o\u015b\u0107 i tera\u017aniejszo\u015b\u0107 spotykaj\u0105 si\u0119 w kamieniu i opowie\u015bci, ka\u017cdy podr\u00f3\u017cnik odkrywa aspekt wyj\u0105tkowej to\u017csamo\u015bci Irlandii \u2014 to\u017csamo\u015bci ukszta\u0142towanej przez geologi\u0119 i genealogi\u0119, przez inwazj\u0119 i niepodleg\u0142o\u015b\u0107, przez wiar\u0119 i \u015bwi\u0119towanie. Prawdziwy skarb wyspy le\u017cy jednak w tym, co nieuchwytne: powitaniu na progu, wsp\u00f3lnym \u015bmiechu przy kuflu piwa, cichej czci przed kamiennym kr\u0119giem o \u015bwicie. Irlandia trwa nie tylko jako miejsce na mapie, ale jako zaproszenie do odkrywania wi\u0119zi, kt\u00f3re \u0142\u0105cz\u0105 ziemi\u0119, dziedzictwo i wyobra\u017ani\u0119.<\/p>","protected":false},"excerpt":{"rendered":"<p>Irlandia jest wyspiarsk\u0105 republik\u0105 po\u0142o\u017con\u0105 na p\u00f3\u0142nocnym Oceanie Atlantyckim u p\u00f3\u0142nocno-zachodniego wybrze\u017ca kontynentalnej Europy, z populacj\u0105 oko\u0142o 7 milion\u00f3w w 2022 roku. Ta wyspa, trzecia co do wielko\u015bci w Europie i dwudziesta co do wielko\u015bci na \u015bwiecie, jest geopolitycznie podzielona mi\u0119dzy Republik\u0119 Irlandii, obejmuj\u0105c\u0105 oko\u0142o pi\u0119\u0107 sz\u00f3stych terytorium, a Irlandi\u0119 P\u00f3\u0142nocn\u0105, kt\u00f3ra jest cz\u0119\u015bci\u0105 Zjednoczonego Kr\u00f3lestwa. Republika Irlandii ma populacj\u0119 5,1 miliona, podczas gdy Irlandia P\u00f3\u0142nocna ma 1,9 miliona obywateli, co czyni Irlandi\u0119 drug\u0105 najbardziej zaludnion\u0105 wysp\u0105 w Europie, po Wielkiej Brytanii.<\/p>","protected":false},"author":1,"featured_media":4036,"parent":24078,"menu_order":0,"comment_status":"closed","ping_status":"closed","template":"elementor_theme","meta":{"_eb_attr":"","footnotes":""},"class_list":["post-11622","page","type-page","status-publish","has-post-thumbnail"],"_links":{"self":[{"href":"https:\/\/travelshelper.com\/pl\/wp-json\/wp\/v2\/pages\/11622","targetHints":{"allow":["GET"]}}],"collection":[{"href":"https:\/\/travelshelper.com\/pl\/wp-json\/wp\/v2\/pages"}],"about":[{"href":"https:\/\/travelshelper.com\/pl\/wp-json\/wp\/v2\/types\/page"}],"author":[{"embeddable":true,"href":"https:\/\/travelshelper.com\/pl\/wp-json\/wp\/v2\/users\/1"}],"replies":[{"embeddable":true,"href":"https:\/\/travelshelper.com\/pl\/wp-json\/wp\/v2\/comments?post=11622"}],"version-history":[{"count":0,"href":"https:\/\/travelshelper.com\/pl\/wp-json\/wp\/v2\/pages\/11622\/revisions"}],"up":[{"embeddable":true,"href":"https:\/\/travelshelper.com\/pl\/wp-json\/wp\/v2\/pages\/24078"}],"wp:featuredmedia":[{"embeddable":true,"href":"https:\/\/travelshelper.com\/pl\/wp-json\/wp\/v2\/media\/4036"}],"wp:attachment":[{"href":"https:\/\/travelshelper.com\/pl\/wp-json\/wp\/v2\/media?parent=11622"}],"curies":[{"name":"wp","href":"https:\/\/api.w.org\/{rel}","templated":true}]}}