{"id":11538,"date":"2024-09-13T12:05:14","date_gmt":"2024-09-13T12:05:14","guid":{"rendered":"https:\/\/travelshelper.com\/staging\/?page_id=11538"},"modified":"2026-03-12T17:15:57","modified_gmt":"2026-03-12T17:15:57","slug":"liechtenstein","status":"publish","type":"page","link":"https:\/\/travelshelper.com\/pl\/destinations\/europe\/liechtenstein\/","title":{"rendered":"Liechtenstein"},"content":{"rendered":"<p>Ksi\u0119stwo Liechtensteinu to niemieckoj\u0119zyczne mikropa\u0144stwo licz\u0105ce 40 023 mieszka\u0144c\u00f3w, rozci\u0105gaj\u0105ce si\u0119 na obszarze 160 kilometr\u00f3w kwadratowych, w Dolinie G\u00f3rnego Renu w \u015brodkowoeuropejskich Alpach, mi\u0119dzy Austri\u0105 na wschodzie i p\u00f3\u0142nocy a Szwajcari\u0105 na zachodzie i po\u0142udniu.<\/p>\n<p>Teren Liechtensteinu gwa\u0142townie wznosi si\u0119 od zalewowej r\u00f3wniny Renu do surowych szczyt\u00f3w alpejskich. Ksi\u0119stwo mierzy oko\u0142o 24 kilometr\u00f3w z po\u0142udnia na p\u00f3\u0142noc i 12 kilometr\u00f3w w najszerszym punkcie, a granice rozci\u0105gaj\u0105 si\u0119 do 77,9 kilometr\u00f3w po dok\u0142adnych badaniach przeprowadzonych w 2006 roku. Jego zachodnia granica jest w ca\u0142o\u015bci wyznaczona przez Ren, kt\u00f3ry ukszta\u0142towa\u0142 zar\u00f3wno hydrologi\u0119 kraju, jak i wczesne wzorce osadnictwa. Pomimo niewielkich rozmiar\u00f3w prawie po\u0142owa kraju jest klasyfikowana jako g\u00f3rzysta, podzia\u0142 topograficzny, kt\u00f3ry le\u017cy u podstaw zar\u00f3wno jego zmienno\u015bci klimatycznej, jak i rozmieszczenia dzia\u0142alno\u015bci cz\u0142owieka.<\/p>\n<p>Klimat jest \u0142agodzony przez przewa\u017caj\u0105ce wiatry po\u0142udniowe i barier\u0119 ochronn\u0105 s\u0105siednich pasm g\u00f3rskich. Zimy pozostaj\u0105 ch\u0142odne, a nie surowe, przymrozki rzadko spadaj\u0105 poni\u017cej \u221215 \u00b0C, a po\u0142udniowe wiatry fenowe cz\u0119sto podnosz\u0105 temperatur\u0119 do 15 \u00b0C nawet w \u015brodku zimy. Lata s\u0105 \u0142agodne, a dzienne maksima rzadko przekraczaj\u0105 28 \u00b0C. Roczne opady wynosz\u0105 \u015brednio od 900 do 1200 milimetr\u00f3w w dolinie, wzrastaj\u0105c do prawie 1900 milimetr\u00f3w na wysokich zboczach, podtrzymuj\u0105c zielone \u0142\u0105ki i sady, kt\u00f3re zdobi\u0105 ni\u017csze wysoko\u015bci.<\/p>\n<p>Cechy hydrologiczne dodatkowo definiuj\u0105 ksi\u0119stwo. Ren, maj\u0105cy prawie 27 kilometr\u00f3w d\u0142ugo\u015bci w granicach Liechtensteinu, pe\u0142ni funkcj\u0119 zar\u00f3wno linii \u017cycia dla zaopatrzenia w wod\u0119, jak i schronienia rekreacyjnego. Jego jedyne naturalne jezioro, Gampriner Seelein, powsta\u0142o w 1927 r., gdy wody powodziowe ukszta\u0142towa\u0142y nowy basen; zbiorniki uzupe\u0142niaj\u0105ce, takie jak zbiornik Steg, wykorzystuj\u0105 alpejskie sp\u0142ywy do wytwarzania energii hydroelektrycznej. Rzeka Samina, biegn\u0105ca 10-kilometrowym biegiem od swojego g\u00f3rskiego \u017ar\u00f3d\u0142a w Triesenberg do uj\u015bcia do rzeki Ill w Austrii, oferuje odcinki rw\u0105cej wody cenione przez entuzjast\u00f3w.<\/p>\n<p>Historycznie rzecz bior\u0105c, r\u00f3d Liechtenstein\u00f3w, wyniesiony do w\u0142adzy suwerennej w 1719 r., ustanowi\u0142 ksi\u0119stwo jako p\u00f3\u0142konstytucyjn\u0105 monarchi\u0119. Panuj\u0105cy ksi\u0105\u017c\u0119 zachowuje znaczn\u0105 w\u0142adz\u0119, w tym weto ustawodawcze, nominacje s\u0105dowe i dymisj\u0119 rz\u0105du \u2014 uprawnienia potwierdzone i rozszerzone w referendum w 2003 r. Stolica, Vaduz, s\u0142u\u017cy jako siedziba rz\u0105du i jest uzupe\u0142niana przez dziesi\u0119\u0107 innych gmin. Schaan, najwi\u0119ksza gmina, \u0142\u0105czy dzia\u0142alno\u015b\u0107 przemys\u0142ow\u0105 z dzielnicami mieszkalnymi, podczas gdy Balzers, Triesen i Triesenberg zajmuj\u0105 tarasy i zbocza, kt\u00f3re wznosz\u0105 si\u0119 w kierunku alpejskich wy\u017cyn.<\/p>\n<p>Jedena\u015bcie gmin Liechtensteinu jest skupionych w dw\u00f3ch okr\u0119gach wyborczych: Oberland (g\u00f3rny kraj) i Unterland (dolny kraj). Oberland obejmuje Vaduz, Schaan, Triesen, Triesenberg i Planken, z kt\u00f3rych ka\u017cda stoi na podwy\u017cszonych zboczach lub pag\u00f3rkach. Unterland, le\u017c\u0105cy bli\u017cej r\u00f3wniny rzecznej, obejmuje Eschen, Gamprin, Mauren, Ruggell i Schellenberg. Ka\u017cda gmina zachowuje odr\u0119bne lokalne tradycje \u2014 od taras\u00f3w winiarskich w Schaan po wsp\u00f3lnoty rolnicze w Ruggell \u2014 ale wszystkie przestrzegaj\u0105 ujednoliconych ram krajowych.<\/p>\n<p>Gospodarka ksi\u0119stwa wyr\u00f3\u017cnia si\u0119 jednym z najwy\u017cszych na \u015bwiecie PKB na mieszka\u0144ca (parytet si\u0142y nabywczej). Silny sektor przemys\u0142owy produkuje precyzyjne instrumenty, elektronarz\u0119dzia i elektronik\u0119, a Hilti \u2014 producent system\u00f3w mocuj\u0105cych \u2014 jest jednym z najwi\u0119kszych pracodawc\u00f3w. Ma\u0142e gospodarstwa i sady przeplataj\u0105 si\u0119 z wioskami, daj\u0105c zbo\u017ce, ziemniaki, produkty mleczne i wino. Cechowa dba\u0142o\u015b\u0107 o rzemios\u0142o trwa w firmach zajmuj\u0105cych si\u0119 obr\u00f3bk\u0105 metali i precyzyjn\u0105 in\u017cynieri\u0105, kt\u00f3re obs\u0142uguj\u0105 rynki globalne.<\/p>\n<p>Us\u0142ugi finansowe stanowi\u0105 kotwic\u0119 krajobrazu gospodarczego. Panoram\u0119 Vaduz wyznaczaj\u0105 siedziby bank\u00f3w, kt\u00f3rych operacje powiernicze zyska\u0142y zar\u00f3wno znaczenie, jak i rozg\u0142os na pocz\u0105tku XXI wieku. Po mi\u0119dzynarodowej kontroli i kosztownej aferze podatkowej w 2008 r. rz\u0105d wprowadzi\u0142 \u015brodki przejrzysto\u015bci, aby dostosowa\u0107 si\u0119 do \u015bwiatowych standard\u00f3w. Obecnie Liechtenstein utrzymuje renomowane \u015brodowisko regulacyjne, zachowuj\u0105c jednocze\u015bnie swoj\u0105 rol\u0119 wyspecjalizowanego centrum zarz\u0105dzania maj\u0105tkiem i us\u0142ug powierniczych.<\/p>\n<p>Turystyka stanowi wa\u017cny sektor trzeciorz\u0119dny, a roczna liczba odwiedzaj\u0105cych zbli\u017ca si\u0119 do 80 000. Go\u015bci przyci\u0105ga mieszanka alpejskich rozrywek i ofert kulturalnych w ksi\u0119stwie. Stoki narciarskie Malbun, po\u0142o\u017cone na wysoko\u015bci od 1600 do 2000 metr\u00f3w, oferuj\u0105 trasy do jazdy na nartach i snowboardzie; szlaki turystyczne krzy\u017cuj\u0105 si\u0119 na g\u00f3rskich \u0142\u0105kach i prowadz\u0105 na szczyty takie jak Grauspitz (2599 m), najwy\u017cszy punkt w rejestrze szczyt\u00f3w Liechtensteinu obejmuj\u0105cym 32 g\u00f3ry powy\u017cej 2000 m.<\/p>\n<p>To\u017csamo\u015b\u0107 kulturowa jest kszta\u0142towana przez wi\u0119kszo\u015b\u0107 populacji m\u00f3wi\u0105cej po alema\u0144sku, z kt\u00f3rej 92 procent podaje niemiecki jako sw\u00f3j g\u0142\u00f3wny j\u0119zyk, podczas gdy dialekty blisko spokrewnione ze szwajcarskimi i austriackimi formami nadal s\u0105 obecne w codziennej mowie. Triesenberg utrzymuje charakterystyczny dialekt walserski, promowany poprzez lokalne inicjatywy. Mieszka\u0144cy urodzeni za granic\u0105, stanowi\u0105cy jedn\u0105 trzeci\u0105 ca\u0142ej populacji, pochodz\u0105 g\u0142\u00f3wnie z Niemiec, Austrii i Szwajcarii, przyczyniaj\u0105c si\u0119 do wieloj\u0119zycznego \u015brodowiska.<\/p>\n<p>Instytucje dziedzictwa i nauki s\u0105 liczne. Kunstmuseum Liechtenstein, uko\u0144czone w 2000 r., prezentuje \u201eczarn\u0105 skrzynk\u0119\u201d z betonu i bazaltu, mieszcz\u0105c\u0105 nowoczesne i wsp\u00f3\u0142czesne dzie\u0142a, kt\u00f3re tworz\u0105 publiczny wizerunek ksi\u0105\u017c\u0119cej kolekcji. Liechtenstein National Museum w Vaduz konserwuje artefakty archeologiczne, kulturowe i przyrodnicze; mniejsze miejsca obejmuj\u0105 muzeum wiejskiego stylu \u017cycia, muzeum narciarskie i wystaw\u0119 filatelistyczn\u0105.<\/p>\n<p>Infrastruktura transportowa podkre\u015bla \u0142\u0105czno\u015b\u0107 Liechtensteinu pomimo braku lotniska. Pojedyncza linia kolejowa \u2014 trasa Feldkirch\u2013Buchs \u2014 przecina jego terytorium, obs\u0142ugiwana przez S-Bahn S2 Vorarlberg. Cztery stacje (Forst Hilti, Nendeln, Schaan-Vaduz i Schaanwald) \u0142\u0105cz\u0105 si\u0119 z sieciami austriackimi i szwajcarskimi, chocia\u017c us\u0142ugi nadal s\u0105 zorientowane na osoby doje\u017cd\u017caj\u0105ce do pracy w godzinach szczytu. Dobrze obs\u0142ugiwana sie\u0107 autobusowa dzia\u0142a w odst\u0119pach pi\u0119tnastominutowych, integruj\u0105c si\u0119 ze szwajcarskimi systemami Postbus i austriackimi \u00d6BB; posiadacze Swiss Travel Pass podr\u00f3\u017cuj\u0105 swobodnie autobusami Liechtenstein.<\/p>\n<p>Drogi rozci\u0105gaj\u0105 si\u0119 na oko\u0142o 250 kilometr\u00f3w, a oznakowane \u015bcie\u017cki rowerowe rozci\u0105gaj\u0105 si\u0119 na 90 kilometr\u00f3w. Przepisy dotycz\u0105ce pr\u0119dko\u015bci odzwierciedlaj\u0105 wymogi w\u0105skich, kr\u0119tych korytarzy przez zamieszkane doliny. Mosty transgraniczne w Balzers i Vaduz \u0142\u0105cz\u0105 si\u0119 ze szwajcarsk\u0105 autostrad\u0105 A13\/E34, u\u0142atwiaj\u0105c transport towar\u00f3w i prywatny tranzyt. Podr\u00f3\u017c pojazdami z Feldkirch lub Buchs umo\u017cliwia wjazd bez op\u0142at autostradowych, jednak szwajcarskie i austriackie systemy winiet wp\u0142ywaj\u0105 na wyb\u00f3r trasy zar\u00f3wno dla mieszka\u0144c\u00f3w, jak i turyst\u00f3w.<\/p>\n<p>Opieka zdrowotna i us\u0142ugi socjalne s\u0105 skoncentrowane w jedynym szpitalu w Vaduz, Liechtensteinisches Landesspital. Plac\u00f3wki edukacyjne oferuj\u0105 wieloj\u0119zyczne programy nauczania na poziomie podstawowym i \u015brednim; studia wy\u017csze cz\u0119sto odbywaj\u0105 si\u0119 za granic\u0105. Biblioteka narodowa w Vaduz przechowuje depozyt prawny wszystkich krajowych publikacji i wspiera badania w zakresie studi\u00f3w kulturowych i historycznych.<\/p>\n<p>Uroczysto\u015bci podkre\u015blaj\u0105 solidarno\u015b\u0107 narodow\u0105. Ka\u017cdego sierpnia ludno\u015b\u0107 gromadzi si\u0119 w zamku Vaduz na obchodach Dnia W\u0142adcy. Poddani s\u0105 zapraszani na ksi\u0105\u017c\u0119ce tereny, aby wys\u0142ucha\u0107 przem\u00f3wie\u0144, wzi\u0105\u0107 udzia\u0142 we wsp\u00f3lnych toastach i spr\u00f3bowa\u0107 darmowego piwa \u2014 rytua\u0142, kt\u00f3ry wzmacnia lojalno\u015b\u0107 wobec monarchii i podkre\u015bla zbiorow\u0105 to\u017csamo\u015b\u0107 piel\u0119gnowan\u0105 przez stulecia.<\/p>\n<p>Zachowanie suwerenno\u015bci i kulturowej odr\u0119bno\u015bci Liechtensteinu po\u015br\u00f3d wi\u0119kszych s\u0105siad\u00f3w \u015bwiadczy o jego odporno\u015bci. Jego p\u00f3\u0142konstytucyjna monarchia r\u00f3wnowa\u017cy tradycj\u0119 i adaptacj\u0119, podczas gdy jego gospodarka \u0142\u0105czy precyzyjn\u0105 sprawno\u015b\u0107 in\u017cynieryjn\u0105 z o\u017cywionym sektorem finansowym. Alpejski teren ksi\u0119stwa kszta\u0142tuje zar\u00f3wno klimat, jak i styl \u017cycia, oferuj\u0105c \u0142\u0105ki, zbocza i szczyty, kt\u00f3re podtrzymywa\u0142y rolnictwo, rekreacj\u0119 i poczucie miejsca. Na zwartym terytorium, na kt\u00f3rym francuskoj\u0119zyczni tury\u015bci rzadko wysiadaj\u0105, niemieckoj\u0119zyczni mieszka\u0144cy podtrzymuj\u0105 zwyczaje zakorzenione w \u017cyciu wiosek w dolinie, przestrzeganiu obrz\u0105dk\u00f3w ko\u015bcielnych i docenianiu cichej godno\u015bci g\u00f3rskich mieszka\u0144. Istnienie narodu, ponad trzy wieki od czasu jego wyniesienia do suwerenno\u015bci, nadal odzwierciedla wywa\u017cone zarz\u0105dzanie zasobami, akceptacj\u0119 mi\u0119dzynarodowego zaanga\u017cowania i zaanga\u017cowanie w zachowanie zar\u00f3wno dziedzictwa, jak i innowacji.<\/p>","protected":false},"excerpt":{"rendered":"<p>Liechtenstein, formalnie nazywany Ksi\u0119stwem Liechtensteinu, jest ma\u0142ym europejskim krajem po\u0142o\u017conym w Alpach. To mikropa\u0144stwo prezentuje interesuj\u0105c\u0105 mieszank\u0119 starej monarchii i wsp\u00f3\u0142czesnej demokracji z bogat\u0105 histori\u0105 i odr\u0119bnym systemem politycznym. Jeden z dw\u00f3ch podw\u00f3jnie \u015br\u00f3dl\u0105dowych kraj\u00f3w na \u015bwiecie, Liechtenstein, le\u017cy mi\u0119dzy Austri\u0105 i Szwajcari\u0105; drugim jest Uzbekistan.<\/p>","protected":false},"author":1,"featured_media":4559,"parent":24078,"menu_order":0,"comment_status":"closed","ping_status":"closed","template":"elementor_theme","meta":{"_eb_attr":"","footnotes":""},"class_list":["post-11538","page","type-page","status-publish","has-post-thumbnail"],"_links":{"self":[{"href":"https:\/\/travelshelper.com\/pl\/wp-json\/wp\/v2\/pages\/11538","targetHints":{"allow":["GET"]}}],"collection":[{"href":"https:\/\/travelshelper.com\/pl\/wp-json\/wp\/v2\/pages"}],"about":[{"href":"https:\/\/travelshelper.com\/pl\/wp-json\/wp\/v2\/types\/page"}],"author":[{"embeddable":true,"href":"https:\/\/travelshelper.com\/pl\/wp-json\/wp\/v2\/users\/1"}],"replies":[{"embeddable":true,"href":"https:\/\/travelshelper.com\/pl\/wp-json\/wp\/v2\/comments?post=11538"}],"version-history":[{"count":0,"href":"https:\/\/travelshelper.com\/pl\/wp-json\/wp\/v2\/pages\/11538\/revisions"}],"up":[{"embeddable":true,"href":"https:\/\/travelshelper.com\/pl\/wp-json\/wp\/v2\/pages\/24078"}],"wp:featuredmedia":[{"embeddable":true,"href":"https:\/\/travelshelper.com\/pl\/wp-json\/wp\/v2\/media\/4559"}],"wp:attachment":[{"href":"https:\/\/travelshelper.com\/pl\/wp-json\/wp\/v2\/media?parent=11538"}],"curies":[{"name":"wp","href":"https:\/\/api.w.org\/{rel}","templated":true}]}}