{"id":11520,"date":"2024-09-13T01:07:08","date_gmt":"2024-09-13T01:07:08","guid":{"rendered":"https:\/\/travelshelper.com\/staging\/?page_id=11520"},"modified":"2026-03-12T18:25:02","modified_gmt":"2026-03-12T18:25:02","slug":"luksemburg","status":"publish","type":"page","link":"https:\/\/travelshelper.com\/pl\/destinations\/europe\/luxembourg\/","title":{"rendered":"Luksemburg"},"content":{"rendered":"<p>Wielkie Ksi\u0119stwo Luksemburga zajmuje 2 586 kilometr\u00f3w kwadratowych w sercu Europy Zachodniej i od 2025 r. zamieszkuje je 681 973 mieszka\u0144c\u00f3w. Po\u0142o\u017cone mi\u0119dzy Belgi\u0105 na zachodzie i p\u00f3\u0142nocy, Niemcami na wschodzie i Francj\u0105 na po\u0142udniu, to suwerenne wielkie ksi\u0119stwo \u0142\u0105czy kompaktowe wymiary z ogromnym znaczeniem. Jego stolica, miasto Luksemburg, znajduje si\u0119 na szczytach dramatycznych dolin rzecznych i jest jedn\u0105 z g\u0142\u00f3wnych siedzib Unii Europejskiej, gdzie mie\u015bci si\u0119 Trybuna\u0142 Sprawiedliwo\u015bci Unii Europejskiej, a tak\u017ce inne instytucje. Na swoim skromnym obszarze Luksemburg \u0142\u0105czy w sobie wieki historii, pr\u0105dy kulturowe zaczerpni\u0119te od s\u0105siad\u00f3w i gospodark\u0119, kt\u00f3ra niezmiennie plasuje si\u0119 w\u015br\u00f3d najbogatszych na \u015bwiecie wed\u0142ug standard\u00f3w si\u0142y nabywczej.<\/p>\n<p>Historia Luksemburga zaczyna si\u0119 w p\u00f3\u017anym \u015bredniowieczu, kiedy hrabstwo Luksemburga powsta\u0142o pod egid\u0105 \u015awi\u0119tego Cesarstwa Rzymskiego w XI wieku. Wzrost jego w\u0142adc\u00f3w osi\u0105gn\u0105\u0142 punkt kulminacyjny w wyniesieniu Henryka VII na cesarza na pocz\u0105tku XIV wieku, ustanawiaj\u0105c precedens dla wp\u0142yw\u00f3w dynastycznych, kt\u00f3re wykracza\u0142y poza jego granice. Dominium Habsburg\u00f3w przyby\u0142o w XV wieku, a po przej\u015bciu przez aneksj\u0119 francusk\u0105 w XVIII wieku terytorium przetrwa\u0142o trzy kolejne rozbiory, kt\u00f3re uszczupla\u0142y jego terytorium. Kongres Wiede\u0144ski w 1815 roku przywr\u00f3ci\u0142 suwerenno\u015b\u0107 Luksemburga, ale dopiero po kryzysie luksemburskim w 1867 roku \u2014 kiedy mocarstwa europejskie stan\u0119\u0142y na kraw\u0119dzi konfliktu o jego los \u2014 zagwarantowano pe\u0142n\u0105 niepodleg\u0142o\u015b\u0107, a jego miasto-twierdz\u0119 rozebrano.<\/p>\n<p>Topografia dzieli Wielkie Ksi\u0119stwo na dwa kontrastuj\u0105ce kr\u00f3lestwa. P\u00f3\u0142nocna trzecia cz\u0119\u015b\u0107, znana jako \u00c9islek lub Oesling, stanowi cz\u0119\u015b\u0107 Arden\u00f3w z jej pag\u00f3rkowatymi terenami i zalesionymi wy\u017cynami. Tutaj wioski skupiaj\u0105 si\u0119 wzd\u0142u\u017c w\u0105skich dolin, a najwy\u017csze wzniesienia \u2014 Kneiff na wysoko\u015bci 560 metr\u00f3w i Buurgplaatz na wysoko\u015bci 559 metr\u00f3w \u2014 wznosz\u0105 si\u0119 tylko na tyle, aby zapewni\u0107 widok, ale nie izolowa\u0107. Natomiast dwie trzecie po\u0142udniowe, Guttland, ukazuj\u0105 \u0142agodniejszy teren i zamieszkuje wi\u0119kszo\u015b\u0107 populacji. P\u0142askowy\u017c z piaskowca, kt\u00f3ry otula miasto Luksemburg, ust\u0119puje na wsch\u00f3d skalistym lasom \u201eMa\u0142ej Szwajcarii\u201d, podczas gdy dolina Mozeli na po\u0142udniowym wschodzie rozwija si\u0119 w winnice. Czerwone Ziemie, niegdy\u015b t\u0119tni\u0105ce \u017cyciem serce przemys\u0142u stalowego, nadal s\u0105 domem dla wielu wi\u0119kszych miast kraju.<\/p>\n<p>Ten zr\u00f3\u017cnicowany krajobraz przecinaj\u0105 rzeki, kt\u00f3re kszta\u0142tuj\u0105 zar\u00f3wno granic\u0119, jak i to\u017csamo\u015b\u0107. Mozela, Sauer i Our wyznaczaj\u0105 wschodni\u0105 granic\u0119 z Niemcami, a ich doliny wyznaczaj\u0105 szlaki handlowe i kulturalne. Wewn\u0105trz kraju dop\u0142ywy takie jak Alzette, Attert, Clerve i Wiltz wyznaczaj\u0105 doliny, kt\u00f3re kiedy\u015b definiowa\u0142y feudalne panowania, a dzi\u015b \u0142\u0105cz\u0105 miasta drog\u0105 i kolej\u0105. \u015arodkowe doliny Sauer i Attert s\u0142u\u017c\u0105 r\u00f3wnie\u017c jako naturalny podzia\u0142 mi\u0119dzy zalesion\u0105 p\u00f3\u0142noc\u0105 a bardziej zaludnionym po\u0142udniem, gdzie \u017cyzne gleby sprzyja\u0142y osadnictwu i przemys\u0142owi.<\/p>\n<p>Wieloj\u0119zyczny charakter Luksemburga odzwierciedla jego pozycj\u0119 pomi\u0119dzy Europ\u0105 roma\u0144sk\u0105 a germa\u0144sk\u0105. Luksemburski \u2014 dialekt franko\u0144ski z Mozeli w j\u0119zyku wysokoniemieckim \u2014 jest j\u0119zykiem narodowym i symbolem lokalnej to\u017csamo\u015bci, podczas gdy francuski ma wy\u0142\u0105czny status w ustawodawstwie, a francuski i niemiecki dziel\u0105 obowi\u0105zki administracyjne. To trio j\u0119zykowe przenika codzienne \u017cycie: rodzice rozmawiaj\u0105 w j\u0119zyku luksemburskim na rynku, urz\u0119dnicy pa\u0144stwowi \u015bledz\u0105 prawa po francusku, a prasa regionalna naprzemiennie podaje niemieckie nag\u0142\u00f3wki i francuskie podpisy. Rezultatem jest kontinuum komunikacji, kt\u00f3re odzwierciedla wieki zmieniaj\u0105cych si\u0119 suwerenno\u015bci i sojuszy.<\/p>\n<p>Ekonomicznie Wielkie Ksi\u0119stwo przeczy jego rozmiarom. Wysokie dochody, zr\u00f3\u017cnicowanie i patrzenie na zewn\u0105trz plasuje si\u0119 w\u015br\u00f3d najbogatszych na \u015bwiecie w przeliczeniu na mieszka\u0144ca. Silne us\u0142ugi finansowe, trwa\u0142e dziedzictwo stali, kt\u00f3ra przekszta\u0142ci\u0142a si\u0119 w zaawansowan\u0105 technologi\u0119, oraz szereg europejskich instytucji stanowi\u0105 podstaw\u0119 umiarkowanego wzrostu i niskiej inflacji. Luksemburg inwestuje r\u00f3wnie\u017c du\u017co w innowacje: jego pozycja w Global Innovation Index, ranking jako\u015bci \u017cycia i wska\u017aniki rozwoju spo\u0142ecznego rutynowo plasuj\u0105 go w czo\u0142\u00f3wce zar\u00f3wno w\u015br\u00f3d pa\u0144stw cz\u0142onkowskich UE, jak i pa\u0144stw OECD. Bezrobocie pozostaje tradycyjnie niskie, chocia\u017c kraj ten ledwo unikn\u0105\u0142 wstrz\u0105s\u00f3w globalnych recesji.<\/p>\n<p>Transport uciele\u015bnia zaanga\u017cowanie Luksemburga w \u0142\u0105czno\u015b\u0107 i dobrostan obywatelski. Infrastruktura drogowa przecina kraj, \u0142\u0105cz\u0105c stolic\u0119 z Bruksel\u0105, Pary\u017cem i Frankfurtem w ci\u0105gu kilku godzin. Od grudnia 2017 r. ponowne wprowadzenie linii tramwajowej uzupe\u0142nia g\u0119st\u0105 sie\u0107 autobusow\u0105 i krajow\u0105 kolej CFL, kt\u00f3rej linie rozchodz\u0105 si\u0119 po ka\u017cdym zak\u0105tku Wielkiego Ksi\u0119stwa i poza nim. W prze\u0142omowej reformie z 29 lutego 2020 r. Luksemburg sta\u0142 si\u0119 pierwszym krajem, kt\u00f3ry udost\u0119pni\u0142 ca\u0142y sw\u00f3j krajowy system transportu publicznego bezp\u0142atnie, zapraszaj\u0105c mieszka\u0144c\u00f3w i turyst\u00f3w do zwiedzania autobusem, poci\u0105giem lub tramwajem bez barier biletowych.<\/p>\n<p>To poczucie otwarto\u015bci rozci\u0105ga si\u0119 na stolic\u0119 kraju. Stare dzielnice miasta Luksemburg, po\u0142o\u017cone na klifach, gdzie zbiegaj\u0105 si\u0119 doliny Alzette i P\u00e9trusse, przesi\u0105kni\u0119te s\u0105 poczuciem warstwowego czasu. Umocnienia wykute w skale przetrwa\u0142y stulecia walk wojskowych i obecnie tworz\u0105 skomplikowan\u0105 sie\u0107 kazamat i bram pod przyl\u0105dkiem Bock. Spacer po Chemin de la Corniche, cz\u0119sto nazywanym \u201enajpi\u0119kniejszym balkonem Europy\u201d, oferuje panoramiczne widoki na dolne miasto, gdzie opactwo Neum\u00fcnster znalaz\u0142o nowe \u017cycie jako centrum kulturalne. W pobli\u017cu wznosz\u0105 si\u0119 gotyckie iglice katedry Notre-Dame, a Pa\u0142ac Wielkiego Ksi\u0119cia z surow\u0105 fasad\u0105 i stra\u017c\u0105 ceremonialn\u0105 jest \u015bwiadectwem jedynego pozosta\u0142ego na \u015bwiecie suwerennego wielkiego ksi\u0119stwa.<\/p>\n<p>Poza stolic\u0105 miasta Luksemburga uosabiaj\u0105 spokojniejsze rytmy i wyj\u0105tkowe uroki. Echternach, za\u0142o\u017cone w VII wieku wok\u00f3\u0142 opactwa benedykty\u0144skiego, nadal nosi bazylik\u0119, w kt\u00f3rej spoczywa \u015bw. Willibrord. Jego coroczna procesja w Zielone \u015awi\u0105tki, wielowiekowy zwyczaj ta\u0144ca i pielgrzymki w\u0105skimi uliczkami, przywo\u0142uje zar\u00f3wno wiar\u0119, jak i wsp\u00f3ln\u0105 pami\u0119\u0107. Vianden, na p\u00f3\u0142nocno-wschodnim kra\u0144cu, otacza wznosz\u0105cy si\u0119 \u015bredniowieczny zamek nad rzek\u0105 Our. Odrestaurowana do dziewi\u0119tnastowiecznej \u015bwietno\u015bci, twierdza przypomina powie\u015bci Victora Hugo, kt\u00f3ry mieszka\u0142 w pobli\u017cu i znalaz\u0142 w jej murach muz\u0119 dla romantycznej wyobra\u017ani. Na po\u0142udniu szlak winiarski Mozeli wije si\u0119 przez wioski takie jak Remich, gdzie domy z dachami z \u0142upka skupiaj\u0105 si\u0119 na brzegu rzeki, a winoro\u015ble Rieslinga zdobi\u0105 zbocza.<\/p>\n<p>\u017bycie kulturalne Luksemburga wykracza poza architektur\u0119 i krajobraz. Muzea w stolicy rozci\u0105gaj\u0105 si\u0119 od Narodowego Muzeum Historii i Sztuki z rzymskimi mozaikami i zbiorami dzie\u0142 sztuki po Muzeum Sztuki Nowoczesnej Wielkiego Ksi\u0119cia Jeana (MU DAM), kt\u00f3rego szklane i betonowe galerie wychodz\u0105 na dolin\u0119 P\u00e9trusse. W Diekirch Narodowe Muzeum Historii Wojskowej dokumentuje bitw\u0119 pod Ardenami za pomoc\u0105 modeli w skali i opowie\u015bci ustnych, zachowuj\u0105c pami\u0119\u0107 o po\u015bwi\u0119ceniu, kt\u00f3re ukszta\u0142towa\u0142o XX wiek. Tradycje ludowe przetrwa\u0142y r\u00f3wnie\u017c na wiejskich festiwalach i koncertach orkiestr d\u0119tych, przypominaj\u0105c o czasach, gdy dominowa\u0142o rolnictwo i wiejskie rzemios\u0142o.<\/p>\n<p>Tradycje kulinarne pod\u0105\u017caj\u0105 tym samym tropem wp\u0142yw\u00f3w. Obfite dania ludowe odzwierciedlaj\u0105 wiejskie dziedzictwo: judd mat gaardebounen, w\u0119dzona kark\u00f3wka wieprzowa z bobem, pozostaje nieoficjalnym daniem narodowym, podczas gdy gromperekichelcher \u2014 chrupi\u0105co sma\u017cone placki ziemniaczane \u2014 pojawiaj\u0105 si\u0119 na targach i festynach. Bistra w stylu francuskim serwuj\u0105 du\u017ce porcje coq au Riesling, a dziedzictwo portugalskiej i w\u0142oskiej imigracji jest widoczne w past\u00e9is de nata i cienkich pizzach obok luksemburskich piw, takich jak Diekirch i Bofferding. Bia\u0142e wina z doliny Mozeli \u2014 Riesling, Auxerrois, Pinot Gris i Elbling \u2014 towarzysz\u0105 jesiennym festiwalom winobrania, kiedy w wioskach odbywaj\u0105 si\u0119 zawsze popularne jarmarki degustacji wina.<\/p>\n<p>Cho\u0107 turystyka odgrywa rol\u0119, Wielkie Ksi\u0119stwo pozostaje zdecydowanie sob\u0105: ma\u0142ym krajem, kt\u00f3ry ma znaczenie. Decyzja o zniesieniu op\u0142at za transport publiczny odzwierciedla warto\u015b\u0107, jak\u0105 przywi\u0105zuje si\u0119 nie do liczby odwiedzaj\u0105cych, ale do dost\u0119pu obywatelskiego. Zaanga\u017cowanie w wieloj\u0119zyczno\u015b\u0107 podkre\u015bla wiar\u0119 w dialog, a nie monolog. A zachowanie fortyfikacji i starych dzielnic ujawnia zrozumienie, \u017ce dziedzictwo nie jest dobrem komercyjnym, ale \u017cywym dialogiem mi\u0119dzy przesz\u0142o\u015bci\u0105 a tera\u017aniejszo\u015bci\u0105.<\/p>\n<p>Przez stulecia zmieniaj\u0105cych si\u0119 dynastii i przesuwaj\u0105cych si\u0119 granic Luksemburg wyku\u0142 to\u017csamo\u015b\u0107, kt\u00f3ra wykracza poza jego rozmiar. Nie jest ani Belgi\u0105, ani Francj\u0105, ani Niemcami, ale odr\u0119bnym kr\u00f3lestwem ukszta\u0142towanym przez wszystkie trzy. Jest wielkim ksi\u0119stwem, demokracj\u0105 parlamentarn\u0105, centrum finansowym, zielon\u0105 sieci\u0105 las\u00f3w i winnic, skrzy\u017cowaniem j\u0119zyk\u00f3w i idei. Dla podr\u00f3\u017cnika, kt\u00f3ry szuka czego\u015b wi\u0119cej ni\u017c tylko zwiedzania \u2014 g\u0142\u0119bszego poczucia miejsca \u2014 Luksemburg oferuje zar\u00f3wno intymno\u015b\u0107, jak i rozleg\u0142o\u015b\u0107: intymny jak wiejska ulica ogrzana po\u0142udniowym s\u0142o\u0144cem, rozleg\u0142y jak idea samej Europy, przesi\u0105kni\u0119ty histori\u0105 i uwa\u017cny na jutro.<\/p>\n<p>Na kontynencie zdefiniowanym przez skal\u0119 i superlatywy Luksemburg potwierdza swoje znaczenie poprzez r\u00f3wnowag\u0119 i sp\u00f3jno\u015b\u0107. Pokazuje, \u017ce bogactwo mo\u017ce le\u017ce\u0107 w ludzkiej skali tak samo jak w ogromie: w klasztornych opactwach i wznosz\u0105cych si\u0119 wiaduktach, w szeptanych dialektach i dudnieniu szybkich poci\u0105g\u00f3w, w miniaturowych zamkach na tle rozleg\u0142ych niebios. Oto kraina, w kt\u00f3rej granice zbiegaj\u0105 si\u0119 nie po to, by dzieli\u0107, ale by si\u0119 przeplata\u0107, gdzie kultura nie jest sprowadzana do slogan\u00f3w, ale \u017cyje w rytmie mowy i smaku lokalnego wina. Na sw\u00f3j cichy spos\u00f3b Luksemburg zaprasza do refleksji nad tym, co mo\u017ce oznacza\u0107 jedno\u015b\u0107 \u2014 i jak ma\u0142a polityka, poznaj\u0105c siebie, mo\u017ce o\u015bwietli\u0107 szerszy \u015bwiat.<\/p>","protected":false},"excerpt":{"rendered":"<p>Luksemburg, formalnie nazywany Wielkim Ksi\u0119stwem Luksemburga, jest ma\u0142ym, ale znacz\u0105cym krajem po\u0142o\u017conym w sercu Europy Zachodniej. Ten kraj \u015br\u00f3dl\u0105dowy, pomimo swoich ograniczonych rozmiar\u00f3w, odgrywa kluczow\u0105 rol\u0119 w sprawach europejskich i ma charakterystyczne po\u0142\u0105czenie wp\u0142yw\u00f3w kulturowych, dobrobytu gospodarczego i znaczenia politycznego. Po\u0142o\u017cony na skrzy\u017cowaniu Europy Zachodniej, Luksemburg graniczy z trzema pa\u0144stwami: Belgi\u0105 na zachodzie i p\u00f3\u0142nocy, Niemcami na wschodzie i Francj\u0105 na po\u0142udniu. Ta strategiczna pozycja wp\u0142yn\u0119\u0142a na histori\u0119, kultur\u0119 i r\u00f3\u017cnorodno\u015b\u0107 j\u0119zykow\u0105 Luksemburga na przestrzeni lat.<\/p>","protected":false},"author":1,"featured_media":3095,"parent":24078,"menu_order":0,"comment_status":"closed","ping_status":"closed","template":"elementor_theme","meta":{"_eb_attr":"","footnotes":""},"class_list":["post-11520","page","type-page","status-publish","has-post-thumbnail"],"_links":{"self":[{"href":"https:\/\/travelshelper.com\/pl\/wp-json\/wp\/v2\/pages\/11520","targetHints":{"allow":["GET"]}}],"collection":[{"href":"https:\/\/travelshelper.com\/pl\/wp-json\/wp\/v2\/pages"}],"about":[{"href":"https:\/\/travelshelper.com\/pl\/wp-json\/wp\/v2\/types\/page"}],"author":[{"embeddable":true,"href":"https:\/\/travelshelper.com\/pl\/wp-json\/wp\/v2\/users\/1"}],"replies":[{"embeddable":true,"href":"https:\/\/travelshelper.com\/pl\/wp-json\/wp\/v2\/comments?post=11520"}],"version-history":[{"count":0,"href":"https:\/\/travelshelper.com\/pl\/wp-json\/wp\/v2\/pages\/11520\/revisions"}],"up":[{"embeddable":true,"href":"https:\/\/travelshelper.com\/pl\/wp-json\/wp\/v2\/pages\/24078"}],"wp:featuredmedia":[{"embeddable":true,"href":"https:\/\/travelshelper.com\/pl\/wp-json\/wp\/v2\/media\/3095"}],"wp:attachment":[{"href":"https:\/\/travelshelper.com\/pl\/wp-json\/wp\/v2\/media?parent=11520"}],"curies":[{"name":"wp","href":"https:\/\/api.w.org\/{rel}","templated":true}]}}