{"id":11481,"date":"2024-09-13T00:27:22","date_gmt":"2024-09-13T00:27:22","guid":{"rendered":"https:\/\/travelshelper.com\/staging\/?page_id=11481"},"modified":"2026-03-12T18:33:09","modified_gmt":"2026-03-12T18:33:09","slug":"monako","status":"publish","type":"page","link":"https:\/\/travelshelper.com\/pl\/destinations\/europe\/monaco\/","title":{"rendered":"Monako"},"content":{"rendered":"<p>Monako, suwerenne miasto-pa\u0144stwo na Francuskiej Riwierze, obejmuje 2,08 km\u00b2 skalistego cypla i odzyskanego l\u0105du. Na pocz\u0105tku 2025 r. jego 38 400 mieszka\u0144c\u00f3w obejmowa\u0142o mniej ni\u017c 10 000 obywateli Monako, a pozostali pochodzili z Francji, W\u0142och, Zjednoczonego Kr\u00f3lestwa i innych miejsc. Otoczone z trzech stron Francj\u0105 i otwarte na Morze \u015ar\u00f3dziemne, to mikropa\u0144stwo \u0142\u0105czy wielowiekowe rz\u0105dy dynastyczne z nowoczesnym luksusem, zyskuj\u0105c miejsce w\u015br\u00f3d najg\u0119\u015bciej zaludnionych i najbogatszych terytori\u00f3w na ziemi.<\/p>\n<p>Od momentu, gdy po raz pierwszy spojrzy si\u0119 na zwart\u0105 lini\u0119 horyzontu Monako, zestawienie \u015bredniowiecznych fortyfikacji i nowoczesnych wie\u017cowc\u00f3w jest nie do pomylenia. W sercu starej dzielnicy, potocznie zwanej Le Rocher, Ska\u0142a Monako stromo wznosi si\u0119 z morza. Tutaj w\u0105skie, brukowane uliczki wij\u0105 si\u0119 mi\u0119dzy bladymi kamiennymi domami, prowadz\u0105c do Pa\u0142acu Ksi\u0105\u017c\u0119cego, kt\u00f3rego fasada pochodzi z XVII wieku. Ka\u017cdego popo\u0142udnia, na d\u0142ugo przed tym, jak s\u0142o\u0144ce skryje si\u0119 za horyzontem, niewielki oddzia\u0142 umundurowanych \u017co\u0142nierzy odbywa majestatyczny marsz wzd\u0142u\u017c wa\u0142\u00f3w pa\u0142acowych, rytualne przypomnienie p\u00f3\u0142konstytucyjnej monarchii ksi\u0119stwa pod rz\u0105dami ksi\u0119cia Alberta II.<\/p>\n<p>Poni\u017cej, stary port La Condamine t\u0119tni zupe\u0142nie inn\u0105 energi\u0105. Jachty ka\u017cdej mo\u017cliwej d\u0142ugo\u015bci stoj\u0105 na kotwicy w Port Hercule, ich l\u015bni\u0105ce kad\u0142uby odbijaj\u0105 si\u0119 w wodzie delikatnie faluj\u0105cej pod \u015br\u00f3dziemnomorskim s\u0142o\u0144cem. Rybacy wyp\u0142ywaj\u0105 o \u015bwicie, aby zaj\u0105\u0107 si\u0119 jedynym naturalnym przemys\u0142em regionu, podczas gdy stragany targowe na Place d&#039;Armes oferuj\u0105 produkty importowane z pobliskiej Prowansji i Ligurii. Dzi\u0119ki mieszance \u015bwie\u017cych warzyw, prowansalskich zi\u00f3\u0142 i w\u0142oskich oliwek, targ ujawnia kulinarn\u0105 to\u017csamo\u015b\u0107 ukszta\u0142towan\u0105 przez wyj\u0105tkow\u0105 pozycj\u0119 Monako na skrzy\u017cowaniu dw\u00f3ch wielkich tradycji.<\/p>\n<p>Ekspansja na zach\u00f3d na dawne dno morskie da\u0142a pocz\u0105tek Fontvieille, dzielnicy szerokich esplanad, lekkiego przemys\u0142u i zielonych promenad. Tutaj drzewa wyznaczaj\u0105 aleje prowadz\u0105ce do Port Fontvieille, gdzie mniejsze statki dziel\u0105 nabrze\u017ce z historycznymi tablicami upami\u0119tniaj\u0105cymi pierwsz\u0105 rekultywacj\u0119 grunt\u00f3w przez rodzin\u0119 Grimaldi w latach 70. Na p\u00f3\u0142nocnym zachodzie Jardin Exotique wznosi si\u0119 nad staro\u017cytnym wapiennym klifem, a jego szklarniane drzwi otwieraj\u0105 si\u0119 na rzadkie sukulenty i kaktusy, kt\u00f3rych kszta\u0142ty nawi\u0105zuj\u0105 do skalistej fasady samego cypla.<\/p>\n<p>Stacja Monaco Monte-Carlo, cz\u0119\u015bciowo zbudowana pod ziemi\u0105 w 1999 r., \u0142\u0105czy ksi\u0119stwo z szersz\u0105 francusk\u0105 sieci\u0105 kolejow\u0105. Szybkie poci\u0105gi TGV \u0142\u0105cz\u0105 si\u0119 z Pary\u017cem, a poci\u0105gi regionalne obs\u0142uguj\u0105 Nice\u0119, Cannes i inne miejsca. Na powierzchni drogi ksi\u0119stwa rozci\u0105gaj\u0105 si\u0119 na zaledwie siedemdziesi\u0105t siedem kilometr\u00f3w, ale sie\u0107 schod\u00f3w ruchomych i wind sprawia, \u017ce \u200b\u200bnawet najbardziej strome podjazdy s\u0105 dost\u0119pne pieszo. Monako, dalekie od bycia miastem zniech\u0119caj\u0105cym do chodzenia, obejmuje swoj\u0105 topografi\u0119, zapraszaj\u0105c pieszych do zatrzymania si\u0119 przy punktach widokowych na kraw\u0119dziach klif\u00f3w lub odpoczynku w jednym z wielu tematycznych ogrod\u00f3w.<\/p>\n<p>\u017badna relacja z Monako nie mo\u017ce pomin\u0105\u0107 kasyna Monte Carlo, budowli w stylu Belle \u00c9poque, uko\u0144czonej w 1879 roku przez Charlesa Garniera. Jej wielobarwna ceramika, ozdobne balkony i wie\u017cyczki na dachach sugeruj\u0105 architektoniczn\u0105 fantazj\u0119, celowe stworzenie luksusu i przyjemno\u015bci. M\u0119\u017cczy\u017ani w ciemnych p\u0142aszczach i krawatach ka\u017cdego wieczoru wchodz\u0105 po szerokich marmurowych schodach, przechodz\u0105c pod witra\u017cowymi baldachimami w stron\u0119 sal gier, gdzie pod freskami na sufitach rozgrywa si\u0119 bakarat i ruletka. Chocia\u017c podatek dochodowy od os\u00f3b fizycznych nie dotyczy mieszka\u0144c\u00f3w, zyski kasyna od dawna stanowi\u0105 podstaw\u0119 finans\u00f3w ksi\u0119stwa i finansuj\u0105 us\u0142ugi publiczne, kt\u00f3re s\u0105 podobne do us\u0142ug znacznie wi\u0119kszych stan\u00f3w.<\/p>\n<p>Klimat Monako kszta\u0142tuje jego morskie otoczenie. Lata s\u0105 ciep\u0142e, ale \u0142agodzone przez morskie bryzy, a temperatury rzadko przekraczaj\u0105 30 \u00b0C. Noce pozostaj\u0105 \u0142agodne, \u0142agodne ciep\u0142o Morza \u015ar\u00f3dziemnego utrzymuje si\u0119 do wczesnych godzin porannych. Zimy r\u00f3wnie\u017c nie s\u0105 zgodne z szeroko\u015bci\u0105 geograficzn\u0105, a mr\u00f3z i \u015bnieg pojawiaj\u0105 si\u0119 by\u0107 mo\u017ce raz na dekad\u0119. 27 lutego 2018 r. rzadkie opady \u015bniegu pokry\u0142y zar\u00f3wno Monaco-Ville, jak i Monte Carlo, pozostawiaj\u0105c jedynie cienk\u0105, przej\u015bciow\u0105 warstw\u0119 na dachach pa\u0142ac\u00f3w i iglicach kasyn.<\/p>\n<p>Takie umiarkowane warunki od dawna przyci\u0105gaj\u0105 turyst\u00f3w szukaj\u0105cych wytchnienia od surowszego klimatu. Pod koniec XIX wieku wprowadzenie po\u0142\u0105czenia kolejowego do Pary\u017ca i otwarcie kasyna przekszta\u0142ci\u0142o ksi\u0119stwo w cel podr\u00f3\u017cy dla elity spo\u0142ecznej Europy. Dzi\u015b Monako nadal przyci\u0105ga \u017ceglarzy, hazardzist\u00f3w i poszukiwaczy s\u0142o\u0144ca, ale zdywersyfikowa\u0142o si\u0119 r\u00f3wnie\u017c pod wzgl\u0119dem gospodarczym. Bankowo\u015b\u0107 i zarz\u0105dzanie maj\u0105tkiem kwitn\u0105 obok ma\u0142ych, warto\u015bciowych przedsi\u0119biorstw produkcyjnych \u2014 kosmetyk\u00f3w, precyzyjnych instrument\u00f3w i firm technologicznych, kt\u00f3re unikaj\u0105 zanieczyszcze\u0144. Niski system podatkowy zach\u0119ca korporacje do utrzymywania regionalnych siedzib w Monako, podczas gdy liczba os\u00f3b doje\u017cd\u017caj\u0105cych do pracy spoza Monako z s\u0105siedniej Francji i W\u0142och przewy\u017csza liczb\u0119 miejscowej si\u0142y roboczej.<\/p>\n<p>Politycznie Monako dzia\u0142a w ramach p\u00f3\u0142konstytucyjnej monarchii. Ksi\u0105\u017c\u0119 Albert II sprawuje znaczn\u0105 w\u0142adz\u0119, zw\u0142aszcza w sprawach zagranicznych i mianowaniu szefa rz\u0105du. Francuscy s\u0119dziowie s\u0142u\u017c\u0105 w s\u0105downictwie, a obrona spoczywa na Francji, chocia\u017c Monako utrzymuje dwie ma\u0142e jednostki wojskowe. Od czasu, gdy r\u00f3d Grimaldi po raz pierwszy zaj\u0105\u0142 Ska\u0142\u0119 w 1297 r., ci\u0105g\u0142o\u015b\u0107 dynastyczna zakotwiczy\u0142a to\u017csamo\u015b\u0107 ksi\u0119stwa, a suwerenno\u015b\u0107 zosta\u0142a skodyfikowana w traktatach, takich jak ten z 1861 r. i potwierdzona przez cz\u0142onkostwo w Organizacji Narod\u00f3w Zjednoczonych w 1993 r.<\/p>\n<p>\u017bycie kulturalne w Monako wykracza poza kasyna i fanfary Grand Prix. Muzeum Oceanograficzne, po\u0142o\u017cone na skraju Le Rocher, mie\u015bci s\u0142ynn\u0105 kolekcj\u0119 okaz\u00f3w morskich, modeli statk\u00f3w badawczych i interaktywnych eksponat\u00f3w, kt\u00f3re przedstawiaj\u0105 pionierskie wyprawy oceanograficzne ksi\u0119cia Alberta I. Niedaleko znajduj\u0105 si\u0119 Laboratoria \u015arodowiska Morskiego Mi\u0119dzynarodowej Agencji Energii Atomowej, b\u0119d\u0105ce jedynym tego typu obiektem ONZ po\u015bwi\u0119conym badaniom morskim. W cieniu pa\u0142acu galerie takie jak Villa Sauber kuratoruj\u0105 wystawy sztuki wsp\u00f3\u0142czesnej, podczas gdy Nowe Muzeum Narodowe Monako bada przeci\u0119cie dziedzictwa i nowoczesno\u015bci w willach Belle \u00c9poque.<\/p>\n<p>Mi\u0142o\u015bnicy motoryzacji co roku zje\u017cd\u017caj\u0105 do Monte Carlo na Grand Prix Formu\u0142y 1, widowisko pod koniec maja, kt\u00f3re zmienia drogi publiczne w najbardziej wymagaj\u0105cy tor w sportach motorowych. Ostre zakr\u0119ty, zmiany wysoko\u015bci i odcinek tunelu testuj\u0105 umiej\u0119tno\u015bci kierowc\u00f3w na 3,34 km ulic miasta. Dwa tygodnie wcze\u015bniej w latach parzystych Historic Grand Prix \u015bwi\u0119tuje zabytkowe maszyny wy\u015bcigowe; w latach naprzemiennych elektryczne Formula E Monaco ePrix zapowiada przysz\u0142o\u015b\u0107 sport\u00f3w motorowych. International Circus Festival w styczniu i Monaco Yacht Show we wrze\u015bniu dodatkowo urozmaicaj\u0105 kalendarz wydarzeniami, kt\u00f3re przyci\u0105gaj\u0105 artyst\u00f3w i patron\u00f3w ze wszystkich kontynent\u00f3w.<\/p>\n<p>Gastronomia odzwierciedla kosmopolityczn\u0105 struktur\u0119 Monako. Kuchnie wyr\u00f3\u017cnione gwiazdkami Michelin dzia\u0142aj\u0105 obok swobodnych kawiarni oferuj\u0105cych pizz\u0119, sa\u0142atki i regionalne specja\u0142y. Le Louis XV, z trzema gwiazdkami, jest uosobieniem haute cuisine, podczas gdy Caf\u00e9 de Paris \u2014 otwarta w 1868 roku obok kasyna \u2014 kontynuuje tradycj\u0119 kultury grand-caf\u00e9. W uliczkach z dala od nabrze\u017ca lokalne bistra oferuj\u0105 dania z prowansalskiej zupy rybnej i makaronu w stylu liguryjskim w bardziej umiarkowanych cenach, serwowane na \u015bwie\u017cym powietrzu pod baldachimami glicynii.<\/p>\n<p>Dzielnice Monako ewoluowa\u0142y zar\u00f3wno poprzez reformy polityczne, jak i kreatywn\u0105 in\u017cynieri\u0119. Tradycyjnie podzielone na Monaco-Ville, Monte Carlo, La Condamine i Fontvieille, ksi\u0119stwo obejmuje obecnie dziewi\u0119\u0107 okr\u0119g\u00f3w administracyjnych. Le Portier, sze\u015bciohektarowy okr\u0119g odzyskany z morza, zosta\u0142 otwarty w grudniu 2024 r., rozszerzaj\u0105c przestrze\u0144 mieszkaln\u0105 i handlow\u0105 na turkusowe Morze \u015ar\u00f3dziemne. Plany dalszej ekspansji odzwierciedlaj\u0105 trwaj\u0105cy dialog mi\u0119dzy ochron\u0105 sektor\u00f3w dziedzictwa a wymaganiami wsp\u00f3\u0142czesnego \u017cycia.<\/p>\n<p>Mimo niewielkich rozmiar\u00f3w Monako oferuje szereg zielonych przestrzeni. Ogr\u00f3d R\u00f3\u017cany Ksi\u0119\u017cniczki Grace, zasadzony w 1984 r. ku pami\u0119ci zmar\u0142ej ksi\u0119\u017cniczki, wype\u0142nia swoje tarasy ponad 4000 kwiat\u00f3w. Ogr\u00f3d Japo\u0144ski, otoczony gajami bambusowymi i kamiennymi latarniami, zapewnia miejsce do spokojnej medytacji w pobli\u017cu Casino Square. Na najwy\u017cszym wzniesieniu miasta grota Ogrodu Egzotycznego ods\u0142ania stalaktyty i stalagmity rze\u017abione przez tysi\u0105clecia, podczas gdy Ogrody Saint-Martin prezentuj\u0105 zacienione \u015bcie\u017cki z widokiem na port.<\/p>\n<p>Transport w Monako \u0142\u0105czy nowoczesn\u0105 wydajno\u015b\u0107 z ograniczeniami terenu. Jedna sie\u0107 autobusowa, obs\u0142ugiwana przez CAM, \u0142\u0105czy 143 przystanki na pi\u0119ciu trasach, podczas gdy autobusy nocne oferuj\u0105 us\u0142ugi do 04:00. Prom przeznaczony wy\u0142\u0105cznie dla pieszych przep\u0142ywa przez Port Hercule co dwadzie\u015bcia minut, a bezp\u0142atny system schod\u00f3w ruchomych przewozi spacerowicz\u00f3w z nisko po\u0142o\u017conych dzielnic do g\u00f3rskich dzielnic. Prywatne pojazdy nie ciesz\u0105 si\u0119 uznaniem mieszka\u0144c\u00f3w i turyst\u00f3w, poniewa\u017c niedob\u00f3r miejsc parkingowych i w\u0105skie drogi sprawiaj\u0105, \u017ce s\u0105 one bardziej uci\u0105\u017cliwe ni\u017c wygodne. Zamiast tego rowery elektryczne, skutery i \u015bcie\u017cki dla pieszych zach\u0119caj\u0105 do eksploracji pieszo lub za po\u015brednictwem wsp\u00f3lnych schemat\u00f3w mobilno\u015bci.<\/p>\n<p>Warto\u015b\u0107 nieruchomo\u015bci plasuje si\u0119 w\u015br\u00f3d najwy\u017cszych na \u015bwiecie, cz\u0119sto przekraczaj\u0105c 100 000 euro za metr kwadratowy. Apartament w penthousie Odeon Tower osi\u0105gn\u0105\u0142 wycen\u0119 335 milion\u00f3w dolar\u00f3w ameryka\u0144skich w 2016 r., co odzwierciedla zar\u00f3wno niedob\u00f3r przestrzeni, jak i presti\u017c ksi\u0119stwa. Ponad trzydzie\u015bci procent mieszka\u0144c\u00f3w to milionerzy, a Monako ma najwy\u017csz\u0105 na \u015bwiecie koncentracj\u0119 miliarder\u00f3w na mieszka\u0144ca. Jednak pod pozorem przepychu urbani\u015bci i ekolodzy stawiaj\u0105 czo\u0142a wyzwaniom zr\u00f3wnowa\u017conego rozwoju, od zu\u017cycia energii po ochron\u0119 \u015brodowiska morskiego.<\/p>\n<p>Edukacja i opieka zdrowotna korzystaj\u0105 z przychod\u00f3w generowanych przez turystyk\u0119 i finanse. Szko\u0142y mi\u0119dzynarodowe stosuj\u0105 brytyjskie, ameryka\u0144skie lub francusko-mon\u00e9gaskowe programy nauczania, podczas gdy system szk\u00f3\u0142 publicznych zapewnia nauk\u0119 w j\u0119zyku francuskim, mon\u00e9gaskowym i innych j\u0119zykach. Ca\u0142odobowy szpital na Boulevard du Jardin Exotique obs\u0142uguje rezydent\u00f3w i personel zagraniczny, ze specjalistycznymi oddzia\u0142ami kardiologii, onkologii i medycyny ratunkowej. \u015arednia d\u0142ugo\u015b\u0107 \u017cycia w Monako wynosi prawie dziewi\u0119\u0107dziesi\u0105t lat, co jest jedn\u0105 z najwy\u017cszych d\u0142ugo\u015bci na \u015bwiecie, co jest zas\u0142ug\u0105 po\u0142\u0105czenia \u015br\u00f3dziemnomorskiej diety, kompleksowych us\u0142ug publicznych i obfitych teren\u00f3w zielonych.<\/p>\n<p>Religia i tradycja zajmuj\u0105 widoczne miejsce w \u017cyciu obywatelskim. Katedra Notre-Dame-Immacul\u00e9e, konsekrowana w 1875 r., mie\u015bci groby dawnych ksi\u0105\u017c\u0105t i ksi\u0119\u017cnej Grace. Ka\u017cdego stycznia panna m\u0142oda ksi\u0119cia Suwerena sk\u0142ada sw\u00f3j bukiet \u015blubny w kaplicy Sainte-D\u00e9vote, kt\u00f3rej patronka przewodniczy kapliczce na rogu ulicy. 27 stycznia mieszka\u0144cy Monako obchodz\u0105 \u015bwi\u0119to Saint Devota, podczas kt\u00f3rego ma\u0142a procesja \u0142odzi podpala emblemat \u015bwi\u0119tej na morzu.<\/p>\n<p>Handel kwitnie w enklawach rozsianych po ca\u0142ym terytorium. Golden Circle \u2014 otoczony przez Avenue Monte Carlo i All\u00e9es Lumi\u00e8res \u2014 jest siedzib\u0105 flagowych sklep\u00f3w Herm\u00e8s, Dior, Gucci i innych luksusowych dom\u00f3w mody. W pobli\u017cu Condamine Market i deptak rue Princess Caroline oferuj\u0105 kontrapunkt w postaci rzemios\u0142a artystycznego, \u015bwie\u017cych produkt\u00f3w i codziennych towar\u00f3w. Centrum handlowe Fontvieille, w kt\u00f3rym znajduje si\u0119 supermarket Carrefour, zapewnia codzienn\u0105 wygod\u0119, podczas gdy dzielnica Carr\u00e9 d&#039;Or zaspokaja potrzeby koneser\u00f3w wysokiej klasy bi\u017cuterii i haute couture.<\/p>\n<p>Dla tych, kt\u00f3rzy szukaj\u0105 wytchnienia od publicznych arterii komunikacyjnych, linia brzegowa Monako rozci\u0105ga si\u0119 wzd\u0142u\u017c szeregu pla\u017c i skalistych zatoczek. Larvotto, g\u0142\u00f3wna pla\u017ca ksi\u0119stwa, zaprasza p\u0142ywak\u00f3w pod palmami na nabrze\u017cach i pastelowymi fasadami. Plany nowych promenad i k\u0142adek dla pieszych obiecuj\u0105 poprawi\u0107 dost\u0119p do morza, wzmacniaj\u0105c wielowiekow\u0105 relacj\u0119 Monako z Morzem \u015ar\u00f3dziemnym.<\/p>\n<p>W ostatnich latach Monako przyj\u0119\u0142o trosk\u0119 o \u015brodowisko jako zasad\u0119 przewodni\u0105. Projekty odnowy koralowc\u00f3w w Oceanographic Museum i inicjatywy Prince Albert II Foundation w zakresie ochrony m\u00f3rz podkre\u015blaj\u0105 zaanga\u017cowanie w r\u00f3wnowag\u0119 ekologiczn\u0105. Panele s\u0142oneczne zdobi\u0105 teraz budynki publiczne, a punkty \u0142adowania pojazd\u00f3w elektrycznych zdobi\u0105 podziemne parkingi. Inicjatywy rozwoju miast d\u0105\u017c\u0105 do integracji zielonych dach\u00f3w i przepuszczalnych powierzchni, \u0142agodz\u0105c wp\u0142yw g\u0119stej zabudowy na odp\u0142yw wody deszczowej i ciep\u0142o miejskie.<\/p>\n<p>Jednak urok Monako wynika nie tylko z jego \u015brodowiska zabudowanego lub statusu ekonomicznego, ale tak\u017ce z ludzkich historii przeplataj\u0105cych si\u0119 z kamieniami i morzem. Rzemie\u015blnicy, kt\u00f3rych rodow\u00f3d si\u0119ga czas\u00f3w Belle \u00c9poque, nadal tworz\u0105 bi\u017cuteri\u0119 na zam\u00f3wienie w w\u0105skich pracowniach. Rybacy i w\u0142a\u015bciciele kawiarni wymieniaj\u0105 si\u0119 sezonowymi pozdrowieniami w prowansalskim dialekcie. In\u017cynierowie i ekolodzy wsp\u00f3\u0142pracuj\u0105 przy projektach, kt\u00f3re rozszerzaj\u0105 terytorium ksi\u0119stwa o zaledwie hektary, jednocze\u015bnie zachowuj\u0105c przejrzysto\u015b\u0107 w\u00f3d przybrze\u017cnych.<\/p>\n<p>Dualizm Monako \u2014 staro\u017cytna ska\u0142a i nowoczesna linia horyzontu, ksi\u0119stwo i plac zabaw \u2014 rozbrzmiewa na ka\u017cdej ulicy i brzegu. Odwiedzaj\u0105cy, kt\u00f3rzy wychodz\u0105 poza blask superjacht\u00f3w i sto\u0142\u00f3w o wysokich stawkach, odkrywaj\u0105 miejsce ukszta\u0142towane przez geografi\u0119 i dynasti\u0119, ambicj\u0119 i pow\u015bci\u0105gliwo\u015b\u0107. Tutaj, gdzie wapienne pod\u0142o\u017ce nosi \u015blady jurajskich m\u00f3rz, a wsp\u00f3\u0142czesne rekultywacje zmieniaj\u0105 kszta\u0142t horyzontu, narracja Monako rozwija si\u0119 nie jako klisza luksusu, ale jako \u015bwiadectwo ludzkiej pomys\u0142owo\u015bci zastosowanej w ramach ogranicze\u0144 kawa\u0142ka suwerennej ziemi.<\/p>\n<p>Ostatecznie Monako jest \u017cywym paradoksem: najmniejszym na \u015bwiecie niezale\u017cnym pa\u0144stwem pod wzgl\u0119dem powierzchni, a jednak rozleg\u0142ym pod wzgl\u0119dem g\u0142\u0119bi kulturowej; przystani\u0105 dla bogatych, a jednak zawsze \u015bwiadomym dziedzictwa wsp\u00f3lnotowego; czaruj\u0105cym miejscem, a jednak oddanym cichemu zarz\u0105dzaniu swoimi zasobami naturalnymi i historycznymi. Na ka\u017cdym nas\u0142onecznionym placu, pod ka\u017cdym barokowym gzymsem i modernistyczn\u0105 wie\u017c\u0105 ksi\u0119stwo potwierdza swoj\u0105 unikaln\u0105 to\u017csamo\u015b\u0107 na ziemi nie wi\u0119kszej ni\u017c Central Park \u2014 i czyni\u0105c to, zaprasza do refleksji nad sposobami, w jakie ma\u0142e pa\u0144stwo mo\u017ce uciele\u015bnia\u0107 zar\u00f3wno ci\u0105g\u0142o\u015b\u0107, jak i zmian\u0119, tradycj\u0119 i innowacj\u0119 w sercu Morza \u015ar\u00f3dziemnego.<\/p>","protected":false},"excerpt":{"rendered":"<p>Monaco, a sovereign city-state on the French Riviera, encompasses 2.08 km\u00b2 of rocky promontory and reclaimed land. As of early 2025, its 38,400 inhabitants include fewer than 10,000 Mon\u00e9gasque nationals, with the remainder drawn from France, Italy, the United Kingdom and beyond.<\/p>","protected":false},"author":1,"featured_media":3559,"parent":24078,"menu_order":0,"comment_status":"closed","ping_status":"closed","template":"elementor_theme","meta":{"_eb_attr":"","footnotes":""},"class_list":["post-11481","page","type-page","status-publish","has-post-thumbnail"],"_links":{"self":[{"href":"https:\/\/travelshelper.com\/pl\/wp-json\/wp\/v2\/pages\/11481","targetHints":{"allow":["GET"]}}],"collection":[{"href":"https:\/\/travelshelper.com\/pl\/wp-json\/wp\/v2\/pages"}],"about":[{"href":"https:\/\/travelshelper.com\/pl\/wp-json\/wp\/v2\/types\/page"}],"author":[{"embeddable":true,"href":"https:\/\/travelshelper.com\/pl\/wp-json\/wp\/v2\/users\/1"}],"replies":[{"embeddable":true,"href":"https:\/\/travelshelper.com\/pl\/wp-json\/wp\/v2\/comments?post=11481"}],"version-history":[{"count":0,"href":"https:\/\/travelshelper.com\/pl\/wp-json\/wp\/v2\/pages\/11481\/revisions"}],"up":[{"embeddable":true,"href":"https:\/\/travelshelper.com\/pl\/wp-json\/wp\/v2\/pages\/24078"}],"wp:featuredmedia":[{"embeddable":true,"href":"https:\/\/travelshelper.com\/pl\/wp-json\/wp\/v2\/media\/3559"}],"wp:attachment":[{"href":"https:\/\/travelshelper.com\/pl\/wp-json\/wp\/v2\/media?parent=11481"}],"curies":[{"name":"wp","href":"https:\/\/api.w.org\/{rel}","templated":true}]}}