{"id":11462,"date":"2024-09-12T23:32:50","date_gmt":"2024-09-12T23:32:50","guid":{"rendered":"https:\/\/travelshelper.com\/staging\/?page_id=11462"},"modified":"2026-03-12T18:21:10","modified_gmt":"2026-03-12T18:21:10","slug":"moldawia","status":"publish","type":"page","link":"https:\/\/travelshelper.com\/pl\/destinations\/europe\/moldova\/","title":{"rendered":"Mo\u0142dawia"},"content":{"rendered":"<p>Republika Mo\u0142dawii to pa\u0144stwo \u015br\u00f3dl\u0105dowe w Europie Wschodniej, obejmuj\u0105ce 33 483 km\u00b2 i zamieszkiwane przez oko\u0142o 2,42 mln mieszka\u0144c\u00f3w. Zajmuje p\u00f3\u0142nocno-wschodni r\u00f3g basenu Morza Ba\u0142tyckiego i Morza Czarnego, granicz\u0105c z Rumuni\u0105 na zachodzie i Ukrain\u0105 na p\u00f3\u0142nocnych, wschodnich i po\u0142udniowych granicach. Kiszyni\u00f3w, stolica i najwi\u0119ksza metropolia, pe\u0142ni funkcj\u0119 politycznego, kulturalnego i handlowego epicentrum kraju.<\/p>\n<p>Najwcze\u015bniejsza odnotowana to\u017csamo\u015b\u0107 Mo\u0142dawii pojawi\u0142a si\u0119 w po\u0142owie XIV wieku jako cz\u0119\u015b\u0107 Ksi\u0119stwa Mo\u0142dawii, lenna dominium osma\u0144skiego. Przez prawie pi\u0119\u0107 stuleci ksi\u0119stwo utrzymywa\u0142o odr\u0119bn\u0105 kultur\u0119 wernakularn\u0105 po\u015br\u00f3d zmieniaj\u0105cych si\u0119 zwierzchnik\u00f3w. W 1812 roku Porta Osma\u0144ska przekaza\u0142a prowincj\u0119 Besarabii, odpowiadaj\u0105c\u0105 wi\u0119kszo\u015bci dzisiejszej Mo\u0142dawii, Imperium Rosyjskiemu. Po\u0142udniowe cz\u0119\u015bci Besarabii ponownie do\u0142\u0105czy\u0142y do \u200b\u200bksi\u0119stw Mo\u0142dawii i Wo\u0142oszczyzny w 1856 roku, tylko po to, aby powr\u00f3ci\u0107 pod panowanie rosyjskie po Kongresie Berli\u0144skim w 1878 roku. Te wahania odcisn\u0119\u0142y pi\u0119tno na strukturach administracyjnych, u\u017cytkowaniu j\u0119zyka i systemach u\u017cytkowania ziemi.<\/p>\n<p>Przewr\u00f3t z 1917 r. w Sankt Petersburgu rozprzestrzeni\u0142 si\u0119 po ca\u0142ej Besarabii, gdzie lokalne zgromadzenia po raz pierwszy proklamowa\u0142y autonomi\u0119 w ramach chwiej\u0105cej si\u0119 Republiki Rosyjskiej. W lutym 1918 r. potwierdzono deklaracj\u0119 niepodleg\u0142o\u015bci, a wkr\u00f3tce potem region zjednoczy\u0142 si\u0119 z Rumuni\u0105 poprzez g\u0142osowanie lokalnego parlamentu. To porozumienie przetrwa\u0142o do 1940 r., kiedy pakt Ribbentrop-Mo\u0142otow zmusi\u0142 Bukareszt do oddania Besarabii i p\u00f3\u0142nocnej Bukowiny Zwi\u0105zkowi Radzieckiemu. W\u0142adze radzieckie utworzy\u0142y Mo\u0142dawsk\u0105 Socjalistyczn\u0105 Republik\u0119 Radzieck\u0105, \u0142\u0105cz\u0105c cz\u0119\u015bci by\u0142ej guberni besarabskiej z terytoriami Ukrai\u0144skiej SRR.<\/p>\n<p>Gdy Zwi\u0105zek Radziecki si\u0119 rozpad\u0142, Mo\u0142dawska SRR proklamowa\u0142a suwerenno\u015b\u0107 27 sierpnia 1991 r., przyjmuj\u0105c nazw\u0119 Republika Mo\u0142dawii. Prawie r\u00f3wnocze\u015bnie Naddniestrze \u2014 w\u0105ski pas wschodni wzd\u0142u\u017c rzeki Dniestr \u2014 ustanowi\u0142o w\u0142asn\u0105 de facto administracj\u0119, status, kt\u00f3ry przetrwa\u0142 poza mi\u0119dzynarodowym uznaniem. Konstytucja republiki z 1994 r. ustanowi\u0142a ramy parlamentarne, przyznaj\u0105c w\u0142adz\u0119 wykonawcz\u0105 premierowi i zastrzegaj\u0105c prezydentur\u0119 dla reprezentacji ceremonialnej, chocia\u017c niedawni urz\u0119dnicy rozszerzyli publiczny profil tej ostatniej.<\/p>\n<p>W ci\u0105gu ostatniej dekady, pod przewodnictwem prezydent Mai Sandu, wybranej pod koniec 2020 r. na platformie uczciwo\u015bci s\u0105downiczej i orientacji zachodniej, Mo\u0142dawia przyspieszy\u0142a starania o cz\u0142onkostwo w Unii Europejskiej. Status kandydata zosta\u0142 przyznany w czerwcu 2022 r., a formalne negocjacje akcesyjne rozpocz\u0119\u0142y si\u0119 13 grudnia 2023 r. Sandu wskaza\u0142a r\u00f3wnie\u017c na mo\u017cliw\u0105 ponown\u0105 ocen\u0119 konstytucyjnej neutralno\u015bci wojskowej na rzecz \u015bci\u015blejszego dostosowania do ustale\u0144 dotycz\u0105cych bezpiecze\u0144stwa zbiorowego, mimo \u017ce stanowczo pot\u0119pi\u0142a rosyjsk\u0105 inwazj\u0119 na s\u0105siedni\u0105 Ukrain\u0119.<\/p>\n<p>Geograficznie Mo\u0142dawia zajmuje pag\u00f3rkowate tereny, szerokie doliny rzeczne i skromn\u0105 r\u00f3wnin\u0119 na po\u0142udniu znan\u0105 jako Bugeac. Wzniesienia osi\u0105gaj\u0105 szczyt 430 metr\u00f3w na szczycie wzg\u00f3rza B\u0103l\u0103ne\u0219ti, w obr\u0119bie p\u0142askowy\u017cu mo\u0142dawskiego, kt\u00f3ry rozci\u0105ga si\u0119 na Ukrain\u0119 i Rumuni\u0119. Podregiony obejmuj\u0105 zalesione masywy Codri w centralnej Mo\u0142dawii, wzg\u00f3rza Dniestru na p\u00f3\u0142nocnym wschodzie i niziny Prutu wzd\u0142u\u017c zachodniej granicy. Gleby czarnoziemu, jedne z najbardziej \u017cyznych na ziemi, pokrywaj\u0105 oko\u0142o trzech czwartych terytorium, piel\u0119gnuj\u0105c d\u0142ugoletni\u0105 tradycj\u0119 rolnicz\u0105, szczeg\u00f3lnie sprzyjaj\u0105c\u0105 uprawie winoro\u015bli. W\u0105ski korytarz w Giurgiule\u0219ti, przej\u0119ty od Ukrainy w 1999 r., zapewnia Mo\u0142dawii 450-metrowy front nad Dunajem, a tym samym po\u015bredni dost\u0119p do Morza Czarnego.<\/p>\n<p>Klimat rejestruje si\u0119 jako umiarkowanie kontynentalny, moderowany przez blisko\u015b\u0107 Morza Czarnego. Lata trwaj\u0105 pi\u0119\u0107 miesi\u0119cy, ze \u015brednimi temperaturami maksymalnymi w pobli\u017cu 20 \u00b0C, podczas gdy zimy pozostaj\u0105 ch\u0142odne, ale rzadko ekstremalne, ze \u015bredni\u0105 temperatur\u0105 \u20134 \u00b0C w styczniu. Roczne opady wahaj\u0105 si\u0119 od oko\u0142o 600 mm na p\u00f3\u0142nocy do 400 mm na po\u0142udniu, koncentruj\u0105c si\u0119 p\u00f3\u017an\u0105 wiosn\u0105 i wczesn\u0105 jesieni\u0105. Ulewne deszcze powoduj\u0105 lokaln\u0105 erozj\u0119, chocia\u017c d\u0142ugotrwa\u0142e susze mog\u0105 przerwa\u0107 cykl rolniczy. Historyczne ekstrema obejmuj\u0105 41,5 \u00b0C 21 lipca 2007 r. w Camenca i \u201335,5 \u00b0C 20 stycznia 1963 r. w Br\u0103tu\u0219eni.<\/p>\n<p>Gospodarka Mo\u0142dawii charakteryzuje si\u0119 skromn\u0105 produkcj\u0105 na mieszka\u0144ca, plasuj\u0105c si\u0119 na drugim miejscu od ko\u0144ca w\u015br\u00f3d kraj\u00f3w europejskich. Dominuje sektor us\u0142ug, podczas gdy rolnictwo pozostaje kamieniem w\u0119gielnym wiejskich \u015brodk\u00f3w do \u017cycia. Wzrost gospodarczy od pocz\u0105tku lat 90. zosta\u0142 zahamowany przez spadek demograficzny, znaczn\u0105 migracj\u0119 i ostatnie wstrz\u0105sy energetyczne spowodowane szerszym konfliktem regionalnym. Zapewnienie opieki spo\u0142ecznej pozostaje kluczowe, poniewa\u017c znaczna cz\u0119\u015b\u0107 populacji utrzymuje si\u0119 z emerytur pa\u0144stwowych lub ukierunkowanej pomocy. Dzia\u0142ania na rzecz dywersyfikacji partnerstw handlowych przesun\u0119\u0142y znaczn\u0105 cz\u0119\u015b\u0107 rynku eksportu wina z Rosji w stron\u0119 Unii Europejskiej, przy czym ponad 120 milion\u00f3w litr\u00f3w trafi\u0142o do pa\u0144stw cz\u0142onkowskich UE w 2021 r. w por\u00f3wnaniu do 8,6 miliona litr\u00f3w sprzedanych Rosji.<\/p>\n<p>Wed\u0142ug danych demograficznych Mo\u0142dawia liczy\u0142a oko\u0142o 2 423 300 mieszka\u0144c\u00f3w w styczniu 2024 r. Mieszka\u0144cy miast stanowi\u0105 43,4 procent populacji, a oko\u0142o jedna trzecia mieszka w obszarze metropolitalnym Kiszyniowa. Bielce, cz\u0119sto okre\u015blane lokalnie jako \u201ep\u00f3\u0142nocna stolica\u201d, s\u0105 drug\u0105 co do wielko\u015bci gmin\u0105, w kt\u00f3rej mieszka ponad 100 000 mieszka\u0144c\u00f3w na falistych brzegach rzeki R\u0103ut. Tyraspol, z populacj\u0105 blisko 150 000, stanowi administracyjne serce nieuznawanego regionu Naddniestrza. Komrat pe\u0142ni funkcj\u0119 centrum Gagauzji, autonomicznej enklawy na po\u0142udniu.<\/p>\n<p>\u015arednia d\u0142ugo\u015b\u0107 \u017cycia wynosi 71,5 lat \u2014 67,2 dla m\u0119\u017cczyzn i 75,7 dla kobiet \u2014 przy stosunku p\u0142ci wynosz\u0105cym oko\u0142o 100 kobiet do 90 m\u0119\u017cczyzn. Poziom wykszta\u0142cenia kobiet w wieku produkcyjnym przewy\u017csza poziom wykszta\u0142cenia m\u0119\u017cczyzn, jednak luka p\u0142acowa wynosi 13,6 procent. J\u0119zykiem pa\u0144stwowym jest rumu\u0144ski, formalnie uznany od 2023 r., chocia\u017c rosyjski pozostaje szeroko rozpowszechniony, szczeg\u00f3lnie na obszarach miejskich i wschodnich. Gagauski, j\u0119zyk turecki, dominuje w cz\u0119\u015bciach regionu autonomicznego nosz\u0105cego jego nazw\u0119. Nauczanie j\u0119zyka angielskiego rozszerzy\u0142o si\u0119 od lat 90., ale p\u0142ynno\u015b\u0107 wystarczaj\u0105ca do d\u0142u\u017cszej konwersacji pozostaje rzadka poza stolic\u0105.<\/p>\n<p>\u017bycie kulturalne w Mo\u0142dawii jest przeplatane bogatym dziedzictwem ko\u015bcielnym i trwa\u0142\u0105 tradycj\u0105 winiarsk\u0105. Ponad 700 ko\u015bcio\u0142\u00f3w i ponad 50 klasztor\u00f3w zdobi wie\u015b. W\u015br\u00f3d nich, Stary kompleks klasztorny jaskiniowy Orhei, wykuty w wapieniu na lewym brzegu R\u0103ut i nadal po\u015bwi\u0119cony do cel\u00f3w kultu, jest symbolem \u015bredniowiecznej pobo\u017cno\u015bci prawos\u0142awnej. Jego kaplice na zboczach klif\u00f3w i przyleg\u0142e stanowisko archeologiczne dostarczaj\u0105 \u015blad\u00f3w osadnictwa datowanych na XII wiek. Klasztor C\u0103priana, ukryty w\u015br\u00f3d gaj\u00f3w d\u0119bowych oko\u0142o 40 kilometr\u00f3w na p\u00f3\u0142noc od Kiszyniowa, pozostaje jednym z najcz\u0119\u015bciej odwiedzanych miejsc duchowych w kraju.<\/p>\n<p>Piwnice winne Mo\u0142dawii nale\u017c\u0105 do najbardziej rozleg\u0142ych na \u015bwiecie. Mile\u0219tii Mici, uznawane przez Ksi\u0119g\u0119 Rekord\u00f3w Guinnessa od 2005 r., obejmuje ponad 200 kilometr\u00f3w podziemnych galerii \u2014 55 kilometr\u00f3w w czynnym u\u017cyciu \u2014 mieszcz\u0105cych ponad dwa miliony butelek. Cricova, rozleg\u0142a sie\u0107 dawnych kamienio\u0142om\u00f3w wapiennych, organizuje swoje roczniki wed\u0142ug pochodzenia i roku na g\u0142\u00f3wnych ulicach galerii, podczas gdy Castel Mimi przywraca do \u017cycia architektur\u0119 zamk\u00f3w z XIX wieku, aby zaprezentowa\u0107 funkcje kolekcji, muzeum i go\u015bcinno\u015bci. Rodziny w odleg\u0142ych wioskach cz\u0119sto utrzymuj\u0105 prywatne winnice i przekazuj\u0105 z pokolenia na pokolenie wiedz\u0119 przodk\u00f3w na temat uprawy winoro\u015bli. Ka\u017cdego pa\u017adziernika Narodowy Dzie\u0144 Wina otwiera publiczny dost\u0119p do posiad\u0142o\u015bci w ca\u0142ym kraju, przewo\u017c\u0105c go\u015bci mi\u0119dzy piwnicami autobusem wahad\u0142owym.<\/p>\n<p>Turystyka, cho\u0107 dopiero raczkuj\u0105ca w por\u00f3wnaniu do zachodnioeuropejskich odpowiednik\u00f3w, odnotowa\u0142a wzrost do 36 100 przyjazd\u00f3w spoza kraju w pierwszym kwartale 2022 r. \u2014 przewy\u017cszaj\u0105c liczby sprzed pandemii. Atrakcje koncentruj\u0105 si\u0119 na obiektach dziedzictwa kulturowego, wiejskich do\u015bwiadczeniach kulturalnych i szlaku winnym, ale pozostaj\u0105 s\u0142abo eksploatowane poza Kiszyniowem. Dzia\u0142ania maj\u0105ce na celu promocj\u0119 sektora pod szyldem Moldova Travel podkre\u015bli\u0142y hojne, s\u0142oneczne pory roku w kraju \u2014 oko\u0142o 300 s\u0142onecznych dni w roku \u2014 konkurencyjne koszty i mozaik\u0119 wp\u0142yw\u00f3w kulturowych na styku tradycji rumu\u0144skich, s\u0142owia\u0144skich i gagauskich.<\/p>\n<p>Mi\u0119dzynarodowy Port Lotniczy w Kiszyniowie zapewnia mi\u0119dzynarodow\u0105 \u0142\u0105czno\u015b\u0107, z regularnymi trasami do g\u0142\u00f3wnych europejskich port\u00f3w lotniczych, w tym Amsterdam Schiphol, Pary\u017c Charles de Gaulle, Londyn Stansted, Rzym Fiumicino, port lotniczy Stambu\u0142 i Tel Awiw. Nocne po\u0142\u0105czenia kolejowe \u0142\u0105cz\u0105 Kiszyni\u00f3w z Bukaresztem, Kijowem i Odess\u0105, podczas gdy bezpo\u015brednie po\u0142\u0105czenia do Moskwy pozostaj\u0105 zawieszone. Wjazd drog\u0105 l\u0105dow\u0105 przez Rumuni\u0119 okazuje si\u0119 ekonomiczny, a codzienne poci\u0105gi sypialne mi\u0119dzy Kiszyniowem a Bukaresztem wymagaj\u0105 oko\u0142o 12 godzin. Sieci autobusowe obejmuj\u0105 wi\u0119kszo\u015b\u0107 miast rumu\u0144skich i ukrai\u0144skich, chocia\u017c tranzyt przez Naddniestrze mo\u017ce wi\u0105za\u0107 si\u0119 z dodatkowymi formalno\u015bciami granicznymi i okazjonalnymi pro\u015bbami o nieoficjalne p\u0142atno\u015bci.<\/p>\n<p>W Mo\u0142dawii transport jest zdominowany przez sie\u0107 autostrad o \u0142\u0105cznej d\u0142ugo\u015bci oko\u0142o 12 730 kilometr\u00f3w, z czego prawie 11 000 kilometr\u00f3w jest utwardzonych, oraz przez 1138 kilometr\u00f3w linii kolejowych. Minibusy, czyli rutiere, nieformalnie kursuj\u0105 mi\u0119dzy miastami i wsiami, oferuj\u0105c elastyczne rozk\u0142ady jazdy za umiarkowane ceny. W Kiszyniowie pa\u0144stwowe trolejbusy i ograniczone linie autobusowe zapewniaj\u0105 miejsk\u0105 mobilno\u015b\u0107, chocia\u017c prywatne marszrutki pozostaj\u0105 najbardziej rozpowszechnionym \u015brodkiem transportu publicznego. Terminal na Dunaju w Giurgiule\u0219ti obs\u0142uguje ma\u0142e frachtowce morskie, \u0142\u0105cz\u0105c Mo\u0142dawi\u0119 z globaln\u0105 \u017ceglug\u0105 przez Morze Czarne.<\/p>\n<p>Odwiedzaj\u0105cy Mo\u0142dawi\u0119 spotykaj\u0105 si\u0119 z kuchni\u0105 charakteryzuj\u0105c\u0105 si\u0119 prostot\u0105 i lokalnymi produktami. Rynki w Kiszyniowie s\u0105 pe\u0142ne \u015bwie\u017cych owoc\u00f3w, warzyw, ser\u00f3w i w\u0119dlin. Ma\u0142e osiedlowe jad\u0142odajnie serwuj\u0105 m\u0103m\u0103lig\u0103 (kasza kukurydziana), br\u00e2nz\u0103 (bia\u0142y ser) i zeama (ros\u00f3\u0142 z kurczaka) obok rosyjskich i ukrai\u0144skich specja\u0142\u00f3w. Napiwki nie s\u0105 ani zwyczajowe, ani oczekiwane. Opcje zakwaterowania obejmuj\u0105 skromne hotele w cenach w euro lub dolarach, po gar\u015b\u0107 powstaj\u0105cych hosteli w stolicy. Noclegi z czas\u00f3w Zwi\u0105zku Radzieckiego w prowincjonalnych miastach mog\u0105 oferowa\u0107 wy\u017csze ni\u017c oczekiwano stawki za minimalne udogodnienia.<\/p>\n<p>W swojej z\u0142o\u017conej warstwie historii, kultury i polityki Republika Mo\u0142dawii jest studium odporno\u015bci. Stulecie zmieniaj\u0105cych si\u0119 suwerenno\u015bci, gospodarczych przeobra\u017ce\u0144 i regionalnych wstrz\u0105s\u00f3w przynios\u0142o spo\u0142ecze\u0144stwo charakteryzuj\u0105ce si\u0119 wytrwa\u0142o\u015bci\u0105 i zaradno\u015bci\u0105. \u017byzna gleba i klimat kraju sprzyjaj\u0105 obfito\u015bci rolnictwa, podczas gdy jego trwa\u0142e tradycje winiarskie i miejsca \u015bwi\u0119te przemawiaj\u0105 do g\u0142\u0119bokiego poczucia to\u017csamo\u015bci. Dzisiaj, gdy nar\u00f3d porusza si\u0119 po integracji europejskiej i globalnych przeobra\u017ceniach, Mo\u0142dawia oferuje uwa\u017cnemu zwiedzaj\u0105cemu teren subtelnych cud\u00f3w, ludzkiego ciep\u0142a i sezonowych rytm\u00f3w, kt\u00f3re rezonuj\u0105 d\u0142ugo po wyje\u017adzie.<\/p>","protected":false},"excerpt":{"rendered":"<p>Mo\u0142dawia, oficjalnie nazywana Republik\u0105 Mo\u0142dawii, jest zwartym krajem \u015br\u00f3dl\u0105dowym po\u0142o\u017conym w Europie Wschodniej, na p\u00f3\u0142nocno-wschodnim kra\u0144cu Ba\u0142kan\u00f3w. Kraj ten, charakteryzuj\u0105cy si\u0119 bogat\u0105 histori\u0105 i r\u00f3\u017cnorodnymi wp\u0142ywami kulturowymi, zajmuje powierzchni\u0119 33 483 kilometr\u00f3w kwadratowych i jest domem dla oko\u0142o 2,42 miliona ludzi (stan na stycze\u0144 2024 r.). Mo\u0142dawia jest po\u0142o\u017cona mi\u0119dzy dwoma wi\u0119kszymi s\u0105siadami: Rumuni\u0105 na zachodzie i Ukrain\u0105 na p\u00f3\u0142nocy, wschodzie i po\u0142udniu. Wschodni\u0105 granic\u0119 kraju wyznacza rzeka Dniestr, a za ni\u0105 znajduje si\u0119 nieuznane pa\u0144stwo separatystyczne Naddniestrze, region, kt\u00f3ry by\u0142 punktem zapalnym napi\u0119\u0107 politycznych od czasu uzyskania przez Mo\u0142dawi\u0119 niepodleg\u0142o\u015bci.<\/p>","protected":false},"author":1,"featured_media":2745,"parent":24078,"menu_order":0,"comment_status":"closed","ping_status":"closed","template":"elementor_theme","meta":{"_eb_attr":"","footnotes":""},"class_list":["post-11462","page","type-page","status-publish","has-post-thumbnail"],"_links":{"self":[{"href":"https:\/\/travelshelper.com\/pl\/wp-json\/wp\/v2\/pages\/11462","targetHints":{"allow":["GET"]}}],"collection":[{"href":"https:\/\/travelshelper.com\/pl\/wp-json\/wp\/v2\/pages"}],"about":[{"href":"https:\/\/travelshelper.com\/pl\/wp-json\/wp\/v2\/types\/page"}],"author":[{"embeddable":true,"href":"https:\/\/travelshelper.com\/pl\/wp-json\/wp\/v2\/users\/1"}],"replies":[{"embeddable":true,"href":"https:\/\/travelshelper.com\/pl\/wp-json\/wp\/v2\/comments?post=11462"}],"version-history":[{"count":0,"href":"https:\/\/travelshelper.com\/pl\/wp-json\/wp\/v2\/pages\/11462\/revisions"}],"up":[{"embeddable":true,"href":"https:\/\/travelshelper.com\/pl\/wp-json\/wp\/v2\/pages\/24078"}],"wp:featuredmedia":[{"embeddable":true,"href":"https:\/\/travelshelper.com\/pl\/wp-json\/wp\/v2\/media\/2745"}],"wp:attachment":[{"href":"https:\/\/travelshelper.com\/pl\/wp-json\/wp\/v2\/media?parent=11462"}],"curies":[{"name":"wp","href":"https:\/\/api.w.org\/{rel}","templated":true}]}}