{"id":11404,"date":"2024-09-12T22:08:35","date_gmt":"2024-09-12T22:08:35","guid":{"rendered":"https:\/\/travelshelper.com\/staging\/?page_id=11404"},"modified":"2026-03-12T15:56:36","modified_gmt":"2026-03-12T15:56:36","slug":"wegry","status":"publish","type":"page","link":"https:\/\/travelshelper.com\/pl\/destinations\/europe\/hungary\/","title":{"rendered":"W\u0119gry"},"content":{"rendered":"<p>W\u0119gry to \u015br\u00f3dl\u0105dowa republika licz\u0105ca oko\u0142o 9,6 miliona mieszka\u0144c\u00f3w, zajmuj\u0105ca oko\u0142o 93 000 kilometr\u00f3w kwadratowych w sercu Kotliny Karpackiej, granicz\u0105ca z siedmioma pa\u0144stwami \u2014 S\u0142owacj\u0105, Ukrain\u0105, Rumuni\u0105, Serbi\u0105, Chorwacj\u0105, S\u0142oweni\u0105 i Austri\u0105 \u2014 przez kt\u00f3re Dunaj i Cisa wyznaczaj\u0105 g\u0142\u00f3wne szlaki wodne. Od za\u0142o\u017cenia ksi\u0119stwa W\u0119gr\u00f3w pod rz\u0105dami \u00c1rp\u00e1da pod koniec IX wieku do wsp\u00f3\u0142czesnej demokracji parlamentarnej i przyst\u0105pienia do Unii Europejskiej w 2004 roku, ewolucja W\u0119gier by\u0142a kszta\u0142towana przez kolejne fale osadnictwa, panowania imperialnego i odrodzenia narodowego.<\/p>\n<p>W\u0119gry s\u0105 w przewa\u017caj\u0105cej mierze nizinne, a ich kontury wyznaczaj\u0105 rytmiczne wznoszenie si\u0119 pag\u00f3rkowatej Transdanubii na zachodzie i rozleg\u0142ej Wielkiej Niziny (Alf\u00f6ld) na wschodzie. Transdanubia rozci\u0105ga si\u0119 od granicy austriackiej przez faliste podn\u00f3\u017ca wschodnich Alp (Alpokalja), G\u00f3ry Transdunajskie oraz pasma Mecsek i Vill\u00e1ny, osi\u0105gaj\u0105c punkt kulminacyjny na \u00cdrott-k\u0151 (882 m). Za Cis\u0105, szeroki pas r\u00f3wniny przerywaj\u0105 podn\u00f3\u017ca Karpat na p\u00f3\u0142nocy, zwie\u0144czone K\u00e9kes (1 014 m), szczytem W\u0119gier, podczas gdy Jezioro Balaton \u2014 najwi\u0119ksze s\u0142odkowodne jezioro Europy \u015arodkowej \u2014 i wody termalne H\u00e9v\u00edz \u015bwiadcz\u0105 o geologicznej r\u00f3\u017cnorodno\u015bci regionu. Klimat jest umiarkowany kontynentalny, ze \u015bredni\u0105 roczn\u0105 temperatur\u0105 wynosz\u0105c\u0105 oko\u0142o 9,7 \u00b0C i \u015brednimi opadami deszczu wynosz\u0105cymi 600 mm, co przyczynia si\u0119 do powstania bogatej mozaiki las\u00f3w mieszanych Panonii w regionie oko\u0142oborealnym Kr\u00f3lestwa Borealnego.<\/p>\n<p>Najwcze\u015bniejsi znani mieszka\u0144cy kotliny to Celtowie, Rzymianie, Hunowie, plemiona germa\u0144skie, Awarowie i S\u0142owianie. Najazdy W\u0119gr\u00f3w pod wodz\u0105 \u00c1lmosa i \u00c1rp\u00e1da pod koniec IX wieku skonsolidowa\u0142y kotlin\u0119 w ksi\u0119stwo, skodyfikowane przez koronacj\u0119 Stefana I na kr\u00f3la w 1000 r. n.e. i ustanowienie instytucji chrze\u015bcija\u0144skich, kt\u00f3re przetrwa\u0142y przez ca\u0142e \u015bredniowieczne Kr\u00f3lestwo W\u0119gier. Pod koniec \u015bredniowiecza kr\u00f3lestwo dojrza\u0142o do pot\u0119gi \u015brodkowoeuropejskiej, a jego wp\u0142ywy rozprzestrzeni\u0142y si\u0119 na Ba\u0142kany i dalej. Podb\u00f3j osma\u0144ski, zapocz\u0105tkowany pora\u017ck\u0105 pod Mohaczem w 1526 r. i upadkiem Budy w 1541 r., podzieli\u0142 kr\u00f3lestwo na rz\u0105dzone przez Habsburg\u00f3w Kr\u00f3lewskie W\u0119gry, prowincje rz\u0105dzone przez Turk\u00f3w i p\u00f3\u0142autonomiczne Ksi\u0119stwo Siedmiogrodu. Pok\u00f3j kar\u0142owicki z 1699 r. po\u0142o\u017cy\u0142 kres panowaniu Imperium Osma\u0144skiego w kotlinie i do XVIII wieku zjednoczy\u0142 wi\u0119kszo\u015b\u0107 terytori\u00f3w pod hegemoni\u0105 Habsburg\u00f3w.<\/p>\n<p>Bunty XVII i XVIII wieku \u2014 zw\u0142aszcza wojna o niepodleg\u0142o\u015b\u0107 Rakoczego (1703\u20131711) \u2014 osi\u0105gn\u0119\u0142y punkt kulminacyjny w austro-w\u0119gierskim kompromisie z 1867 r., inauguruj\u0105cym podw\u00f3jn\u0105 monarchi\u0119, kt\u00f3rej przemys\u0142owy i kulturalny rozkwit naznaczy\u0142 fin-de-si\u00e8cle. Upadek Austro-W\u0119gier po I wojnie \u015bwiatowej i traktat w Trianon z 1920 r. zmniejszy\u0142y kr\u00f3lestwo o siedemdziesi\u0105t jeden procent jego historycznej powierzchni, powoduj\u0105c g\u0142\u0119bokie zaburzenia demograficzne i gospodarcze. W okresie mi\u0119dzywojennym konserwatywna administracja regenta Mikl\u00f3sa Horthyego d\u0105\u017cy\u0142a do stabilizacji po\u015br\u00f3d terytorialnego irredentyzmu. Sprzymierzenie si\u0119 W\u0119gier z Osi\u0105 w II wojnie \u015bwiatowej wywo\u0142a\u0142o dewastacj\u0119 i okupacj\u0119, po kt\u00f3rej nast\u0105pi\u0142o wspierane przez Sowiet\u00f3w utworzenie W\u0119gierskiej Republiki Ludowej. Powstanie z 1956 r., cho\u0107 st\u0142umione, zapowiada\u0142o stopniow\u0105 liberalizacj\u0119. Pokojowa transformacja w latach 1989\u20131990 doprowadzi\u0142a do powstania demokratycznej republiki parlamentarnej, kt\u00f3rej ukoronowaniem by\u0142o cz\u0142onkostwo w Unii Europejskiej w 2004 r. i przyst\u0105pienie do strefy Schengen w 2007 r.<\/p>\n<p>Wsp\u00f3\u0142czesn\u0105 gospodark\u0119 klasyfikuje si\u0119 jako wysokodochodow\u0105, opart\u0105 na powszechnej opiece zdrowotnej i bezp\u0142atnej edukacji \u015bredniej. Us\u0142ugi stanowi\u0105 ponad sze\u015b\u0107dziesi\u0105t procent zatrudnienia, przy czym przemys\u0142 i rolnictwo stanowi\u0105 odpowiednio trzydzie\u015bci i siedem procent, odzwierciedlaj\u0105c postindustrialn\u0105 struktur\u0119 pracy. W\u0119gierski forint pozostaje walut\u0105 narodow\u0105, podczas gdy z\u0142o\u017cono\u015b\u0107 gospodarcza zajmuje dziewi\u0105te miejsce na \u015bwiecie. Infrastruktura jest rozleg\u0142a: nowoczesna sie\u0107 autostrad \u0142\u0105czy Budapeszt z g\u0142\u00f3wnymi miastami; metro w Budapeszcie \u2014 pochodz\u0105ce z 1896 r. \u2014 pozostaje drugim najstarszym systemem metra na \u015bwiecie; a w\u0119z\u0142y kolejowe, takie jak Szolnok i Miszkolc, utrzymuj\u0105 \u0142\u0105czno\u015b\u0107 krajow\u0105 i transgraniczn\u0105. Od marca 2024 r. bezp\u0142atne podr\u00f3\u017ce kolej\u0105 s\u0105 rozszerzone na obywateli poni\u017cej czternastego roku \u017cycia i osoby w wieku sze\u015b\u0107dziesi\u0119ciu pi\u0119ciu lat i starsze.<\/p>\n<p>Administracyjnie W\u0119gry podzielone s\u0105 na dziewi\u0119tna\u015bcie powiat\u00f3w i stolic\u0119 Budapeszt, kt\u00f3ra funkcjonuje niezale\u017cnie. Te dwadzie\u015bcia jednostek tworzy regiony NUTS-3 podzielone na 174 okr\u0119gi, obejmuj\u0105ce 3 152 gminy \u2014 346 miast (w tym dwadzie\u015bcia trzy \u201epowiaty miejskie\u201d) i 2 806 wsi. Urbanizacja przekracza siedemdziesi\u0105t procent, a jedna czwarta mieszka\u0144c\u00f3w zamieszkuje obszar metropolitalny Budapesztu. Sam Budapeszt \u2014 rozci\u0105gaj\u0105cy si\u0119 po obu brzegach Dunaju \u2014 sprawuje kulturowe i gospodarcze pierwsze\u0144stwo, a jego pier\u015bcie\u0144 klasycznych bulwar\u00f3w i zabytk\u00f3w \u015bwiadczy o dziedzictwie baroku, historyzmu i secesji.<\/p>\n<p>J\u0119zyk w\u0119gierski, cz\u0142onek rodziny uralskiej poza g\u0142\u00f3wnym nurtem indoeuropejskim, jest j\u0119zykiem ojczystym dla dziewi\u0119\u0107dziesi\u0119ciu dziewi\u0119ciu procent populacji. Angielski i niemiecki stanowi\u0105 g\u0142\u00f3wne j\u0119zyki obce, podczas gdy uznane j\u0119zyki mniejszo\u015bci obejmuj\u0105 ormia\u0144ski, bu\u0142garski, chorwacki, niemiecki, grecki, rumu\u0144ski, romski, rusi\u0144ski, serbski, s\u0142owacki, s\u0142owe\u0144ski i ukrai\u0144ski. Pod wzgl\u0119dem etnicznym W\u0119grzy stanowi\u0105 ponad dziewi\u0119\u0107dziesi\u0105t procent populacji, a Romowie, S\u0142owacy i inne spo\u0142eczno\u015bci przyczyniaj\u0105 si\u0119 do historycznie zr\u00f3\u017cnicowanej tkanki spo\u0142ecznej, co dodatkowo potwierdza ponad dwa miliony etnicznych W\u0119gr\u00f3w mieszkaj\u0105cych poza obecnymi granicami.<\/p>\n<p>Chrze\u015bcija\u0144stwo od dawna kszta\u0142tuje to\u017csamo\u015b\u0107 W\u0119gier. Przyj\u0119cie zachodniego chrze\u015bcija\u0144stwa przez kr\u00f3la Stefana I w 1000 r. n.e. u\u015bwi\u0119ci\u0142o katolicyzm jako religi\u0119 pa\u0144stwow\u0105, a arcybiskup Esztergomu sta\u0142 si\u0119 ksi\u0119ciem-prymasem. Tradycje lutera\u0144skie i kalwi\u0144skie zyskiwa\u0142y na znaczeniu w kolejnych stuleciach, szczeg\u00f3lnie we wschodnich regionach Wielkiej Niziny. Obecnie W\u0119gry pozostaj\u0105 w du\u017cej mierze \u015bwieckie, a mniej ni\u017c dwadzie\u015bcia procent z nich regularnie ucz\u0119szcza na nabo\u017ce\u0144stwa.<\/p>\n<p>Dziedzictwo architektoniczne si\u0119ga od \u015bredniowiecznych fortyfikacji i renesansowych mistrz\u00f3w po innowacje fin-de-si\u00e8cle \u00d6d\u00f6na Lechnera, kt\u00f3rego synteza azjatyckich i narodowych motyw\u00f3w zapocz\u0105tkowa\u0142a odr\u0119bn\u0105 w\u0119giersk\u0105 secesj\u0119. Jego nast\u0119pcy, w tym K\u00e1roly K\u00f3s, Dezs\u0151 Zrumeczky i B\u00e9la Lajta, zaadaptowali obce pr\u0105dy \u2014 wiede\u0144ski secession, belgijsk\u0105 i francusk\u0105 secesj\u0119, niemiecki secesyjny styl oraz wp\u0142ywy angielskie i fi\u0144skie \u2014 do osobliwego s\u0142ownictwa widocznego w budynkach u\u017cyteczno\u015bci publicznej i muzeach sztuk stosowanych. \u015ar\u00f3dmie\u015bcie Budapesztu ma przewa\u017cnie ponad sto lat, a jego wysokie fasady zdobi\u0105 rze\u017abione medale z minionych epok.<\/p>\n<p>W\u0119giersk\u0105 kuchni\u0119 zakotwicza papryka \u2014 wprowadzona w XVI wieku \u2014 i g\u0119sta \u015bmietana (tejf\u00f6l), kt\u00f3re \u0142agodz\u0105 wyraziste smaki. Guly\u00e1s, w swoich odmianach zupy lub gulaszu, uosabia narodow\u0105 kuchni\u0119 pocieszaj\u0105c\u0105, podczas gdy paprykarz z kurczaka, p\u00f6rk\u00f6lt, hal\u00e1szl\u00e9 i szlachetne przetwory z foie gras \u015bwiadcz\u0105 o regionalnych i klasowych r\u00f3\u017cnicach. Wypieki takie jak tort Dobosa, strudle, nale\u015bniki Gundel i knedle ze \u015bliwkami podkre\u015blaj\u0105 kulinarny kalendarz, a kultura kawiarniana kwitnie w cukr\u00e1szd\u00e1k (cukierniach) i eszpressz\u00f3k (kawiarniach). Tradycyjne zajazdy \u2014 czardak \u2014 i winiarnie \u2014 boroz\u00f3k \u2014 zachowuj\u0105 wiejsk\u0105 towarzysko\u015b\u0107, nawet gdy miejskie bistra i samoobs\u0142ugowe bufety zaspokajaj\u0105 wsp\u00f3\u0142czesne potrzeby.<\/p>\n<p>Turystyka, historycznie pr\u0119\u017cna, przyci\u0105gn\u0119\u0142a 24,5 miliona mi\u0119dzynarodowych go\u015bci w 2019 r., kt\u00f3rych przyci\u0105gn\u0119\u0142y obiekty \u015bwiatowego dziedzictwa UNESCO, takie jak brzegi Dunaju i dzielnica Zamku Kr\u00f3lewskiego w Budapeszcie, tysi\u0105cletnie opactwo benedykty\u0144skie Pannonhalma, Park Narodowy Hortob\u00e1gy z jego rozleg\u0142\u0105 puszt\u0105, jaskinie Aggtelek, wczesnochrze\u015bcija\u0144ska nekropolia w Peczu oraz regiony winiarskie Tokaj i Vill\u00e1ny. Jezioro Balaton pozostaje najwa\u017cniejszym kurortem \u015br\u00f3dl\u0105dowym Europy \u015arodkowej, uzupe\u0142nianym przez miasta uzdrowiskowe z termami, takie jak H\u00e9v\u00edz, Hajd\u00faszoboszl\u00f3 i Hark\u00e1ny. Zjawiska sezonowe i kulturowe \u2014 od pojawienia si\u0119 j\u0119tek (tiszavir\u00e1gz\u00e1s) w po\u0142owie czerwca wzd\u0142u\u017c Cisy po lutowy karnawa\u0142 Bus\u00f3j\u00e1r\u00e1s w Mohaczu \u2014 podkre\u015blaj\u0105 trwa\u0142e wsp\u00f3\u0142dzia\u0142anie natury, rytua\u0142u i spo\u0142eczno\u015bci na W\u0119grzech.<\/p>\n<p>W\u0119gry uczestnicz\u0105 w szerokiej gamie organizacji mi\u0119dzynarodowych, w tym w Organizacji Narod\u00f3w Zjednoczonych, NATO, \u015awiatowej Organizacji Zdrowia, \u015awiatowej Organizacji Handlu, Banku \u015awiatowym, Azjatyckim Banku Inwestycji Infrastrukturalnych, Radzie Europy i Grupie Wyszehradzkiej, co odzwierciedla ich strategiczn\u0105 rol\u0119 w sprawach europejskich. W ramach Unii Europejskiej W\u0119gry r\u00f3wnowa\u017c\u0105 prerogatywy narodowe ze zbiorowym zarz\u0105dzaniem, negocjuj\u0105c ramy fiskalne i projekty infrastrukturalne, kt\u00f3re podtrzymuj\u0105 ich modernizacj\u0119 gospodarcz\u0105.<\/p>\n<p>Podr\u00f3\u017c tego narodu \u2014 od tygla wczesno\u015bredniowiecznej sztuki rz\u0105dzenia przez rozpad Imperium Osma\u0144skiego, dualizm Habsburg\u00f3w, wstrz\u0105sy XX wieku i pluralizm po 1989 roku \u2014 odcisn\u0119\u0142a kulturow\u0105 odporno\u015b\u0107 widoczn\u0105 w j\u0119zyku, sztuce, architekturze i instytucjach spo\u0142ecznych. Dzisiejsze W\u0119gry poruszaj\u0105 si\u0119 mi\u0119dzy tradycj\u0105 a innowacj\u0105, a ich miasta i r\u00f3wniny daj\u0105 wymowne \u015bwiadectwo stuleci ci\u0105g\u0142o\u015bci po\u015br\u00f3d transformacji. Pozostaj\u0105 przede wszystkim terytorium, na kt\u00f3rym geologia, historia i ludzkie przedsi\u0119wzi\u0119cia zbiegaj\u0105 si\u0119, aby ukszta\u0142towa\u0107 odr\u0119bn\u0105 europejsk\u0105 to\u017csamo\u015b\u0107.<\/p>","protected":false},"excerpt":{"rendered":"<p>W\u0119gry, pa\u0144stwo \u015br\u00f3dl\u0105dowe w Europie \u015arodkowej, z g\u0142\u0119bokim dziedzictwem historycznym i kulturowym. W\u0119gry, po\u0142o\u017cone w centrum Kotliny Karpackiej, rozci\u0105gaj\u0105 si\u0119 na powierzchni 93 030 kilometr\u00f3w kwadratowych i maj\u0105 granice z wieloma s\u0105siaduj\u0105cymi pa\u0144stwami. S\u0142owacja znajduje si\u0119 na p\u00f3\u0142nocy, podczas gdy Ukraina graniczy z p\u00f3\u0142nocnym wschodem. Rumunia graniczy z W\u0119grami na wschodzie i po\u0142udniowym wschodzie, a Serbia na po\u0142udniu. Po\u0142udniowo-zachodnia granica przebiega obok Chorwacji i S\u0142owenii, podczas gdy Austria znajduje si\u0119 na zachodzie.<\/p>","protected":false},"author":1,"featured_media":3550,"parent":24078,"menu_order":0,"comment_status":"closed","ping_status":"closed","template":"elementor_theme","meta":{"_eb_attr":"","footnotes":""},"class_list":["post-11404","page","type-page","status-publish","has-post-thumbnail"],"_links":{"self":[{"href":"https:\/\/travelshelper.com\/pl\/wp-json\/wp\/v2\/pages\/11404","targetHints":{"allow":["GET"]}}],"collection":[{"href":"https:\/\/travelshelper.com\/pl\/wp-json\/wp\/v2\/pages"}],"about":[{"href":"https:\/\/travelshelper.com\/pl\/wp-json\/wp\/v2\/types\/page"}],"author":[{"embeddable":true,"href":"https:\/\/travelshelper.com\/pl\/wp-json\/wp\/v2\/users\/1"}],"replies":[{"embeddable":true,"href":"https:\/\/travelshelper.com\/pl\/wp-json\/wp\/v2\/comments?post=11404"}],"version-history":[{"count":0,"href":"https:\/\/travelshelper.com\/pl\/wp-json\/wp\/v2\/pages\/11404\/revisions"}],"up":[{"embeddable":true,"href":"https:\/\/travelshelper.com\/pl\/wp-json\/wp\/v2\/pages\/24078"}],"wp:featuredmedia":[{"embeddable":true,"href":"https:\/\/travelshelper.com\/pl\/wp-json\/wp\/v2\/media\/3550"}],"wp:attachment":[{"href":"https:\/\/travelshelper.com\/pl\/wp-json\/wp\/v2\/media?parent=11404"}],"curies":[{"name":"wp","href":"https:\/\/api.w.org\/{rel}","templated":true}]}}