{"id":10632,"date":"2024-09-10T23:40:13","date_gmt":"2024-09-10T23:40:13","guid":{"rendered":"https:\/\/travelshelper.com\/staging\/?page_id=10632"},"modified":"2026-03-11T19:07:42","modified_gmt":"2026-03-11T19:07:42","slug":"wyspy-swietego-tomasza-i-ksiazeca","status":"publish","type":"page","link":"https:\/\/travelshelper.com\/pl\/destinations\/asia\/sao-tome-and-principe\/","title":{"rendered":"Wyspy \u015awi\u0119tego Tomasza i Ksi\u0105\u017c\u0119ca"},"content":{"rendered":"<p>Wyspy \u015awi\u0119tego Tomasza i Ksi\u0105\u017c\u0119ca zajmuj\u0105 skromny obszar Zatoki Gwinejskiej u zachodniego wybrze\u017ca r\u00f3wnikowego Afryki \u015arodkowej. Sk\u0142adaj\u0105ce si\u0119 z dw\u00f3ch g\u0142\u00f3wnych wysp \u2014 Wyspy \u015awi\u0119tego Tomasza na po\u0142udniowym zachodzie i Ksi\u0105\u017c\u0119cej oko\u0142o 150 kilometr\u00f3w na p\u00f3\u0142nocny wsch\u00f3d \u2014 pa\u0144stwo jest drugim najmniejszym krajem na kontynencie pod wzgl\u0119dem powierzchni i liczby ludno\u015bci, ust\u0119puj\u0105c jedynie Seszelom. Chocia\u017c jej teren i spo\u0142ecze\u0144stwo mog\u0105 wydawa\u0107 si\u0119 dzi\u015b spokojne, historia wysp przeplata wstrz\u0105sy wulkaniczne, traumy imperium, odporne spo\u0142eczno\u015bci i stopniowe dojrzewanie do jednej z najbardziej stabilnych demokracji w Afryce.<\/p>\n\n\n\n<p>Obie wyspy nale\u017c\u0105 do linii g\u00f3r wulkanicznych Kamerunu, \u0142a\u0144cucha powsta\u0142ego w wyniku aktywno\u015bci tektonicznej pod Zatok\u0105 Gwinejsk\u0105. Oko\u0142o trzydzie\u015bci milion\u00f3w lat temu, erupcje g\u0142\u0119binowe wzd\u0142u\u017c tej szczeliny wytworzy\u0142y fundamenty z bazaltu i fonolitu, kt\u00f3re obecnie zwietrza\u0142y i przekszta\u0142ci\u0142y si\u0119 w bogate gleby. Wyspa S\u00e3o Tom\u00e9 rozci\u0105ga si\u0119 na oko\u0142o pi\u0119\u0107dziesi\u0105t kilometr\u00f3w d\u0142ugo\u015bci i trzydzie\u015bci kilometr\u00f3w szeroko\u015bci. Jej grzbiet szczyt\u00f3w osi\u0105ga szczyt w Pico de S\u00e3o Tom\u00e9, wznosz\u0105c si\u0119 2024 metr\u00f3w nad poziomem morza. Pr\u00edncipe, smuklejsza \u2014 trzydzie\u015bci na sze\u015b\u0107 kilometr\u00f3w \u2014 osi\u0105ga sw\u00f3j szczyt w Pico de Pr\u00edncipe (948 metr\u00f3w). R\u00f3wnikowy znacznik przecina wysp\u0119 S\u00e3o Tom\u00e9 na po\u0142udnie od Ilh\u00e9u das Rolas. Jednym z bardziej znanych punkt\u00f3w orientacyjnych jest Pico C\u00e3o Grande, stroma ska\u0142a wulkaniczna, kt\u00f3ra g\u00f3ruje ponad 300 metr\u00f3w nad otaczaj\u0105cymi j\u0105 lasami, a jej szczyt jest zestrojony z warstw\u0105 chmur.<\/p>\n\n\n\n<p>Po\u0142o\u017cone na r\u00f3wniku wyspy do\u015bwiadczaj\u0105 gor\u0105cego, wilgotnego klimatu na poziomie morza, ze \u015bredni\u0105 roczn\u0105 temperatur\u0105 w pobli\u017cu 26 \u00b0C i ograniczonymi dziennymi wahaniami; wewn\u0119trzne wy\u017cyny ciesz\u0105 si\u0119 ch\u0142odniejszymi nocami i \u015bredni\u0105 temperatur\u0105 oko\u0142o 20 \u00b0C. Opady deszczu s\u0105 bardzo zr\u00f3\u017cnicowane \u2014 od oko\u0142o 7000 milimetr\u00f3w na pokrytych chmurami wy\u017cynach do zaledwie 800 milimetr\u00f3w na suchszych p\u00f3\u0142nocnych nizinach \u2014 przy czym deszcze zwykle padaj\u0105 mi\u0119dzy pa\u017adziernikiem a majem. Ro\u015blinno\u015b\u0107 stanowi cz\u0119\u015b\u0107 wilgotnego ekoregionu las\u00f3w nizinnych Wysp \u015awi\u0119tego Tomasza, Ksi\u0105\u017c\u0119cej i Annob\u00f3n. Pomimo skromnej powierzchni l\u0105dowej wyspy s\u0105 domem dla imponuj\u0105cej listy gatunk\u00f3w endemicznych: ibisa \u015awi\u0119tego Tomasza, najmniejszego ptaka tego rodzaju na \u015bwiecie; olbrzymiego nektarnika; i specjalist\u00f3w od las\u00f3w, takich jak ryj\u00f3wka \u015awi\u0119tego Tomasza. Kilka gatunk\u00f3w nietoperzy i ryj\u00f3wka \u015awi\u0119tego Tomasza stanowi\u0105 nieliczne rodzime ssaki. Okoliczne wody, si\u0119gaj\u0105ce do dw\u00f3ch tysi\u0119cy metr\u00f3w, daj\u0105 schronienie rafom koralowym i s\u0142u\u017c\u0105 jako miejsca l\u0119gowe \u017c\u00f3\u0142wi szylkretowych.<\/p>\n\n\n\n<p>Przed ko\u0144cem pi\u0119tnastego wieku nie by\u0142o tam \u017cycia ludzkiego. Portugalscy nawigatorzy Jo\u00e3o de Santar\u00e9m i Pedro Escobar sporz\u0105dzili mapy wysp w 1470 roku, znajduj\u0105c jedynie dziewiczy las. Osadnictwo rozwija\u0142o si\u0119 powoli, a\u017c do XVI wieku, kiedy uprawa trzciny cukrowej przyci\u0105gn\u0119\u0142a przymusowych robotnik\u00f3w z kontynentalnej Afryki. \u017byzne wulkaniczne gleby wysp dawa\u0142y obfite plony, ale kosztem gospodarki \u2014 i spo\u0142ecze\u0144stwa \u2014 zbudowanego na niewolnictwie. W XVII i XVIII wieku kawa i kakao zast\u0105pi\u0142y cukier jako g\u0142\u00f3wne towary eksportowe. Plantacje, czyli ro\u00e7as, rozci\u0105ga\u0142y si\u0119 po ca\u0142ym krajobrazie; ich ruiny, obecnie odzyskane przez las lub odrestaurowane jako domy go\u015bcinne, nadal stoj\u0105 jako pami\u0105tki tamtej epoki.<\/p>\n\n\n\n<p>Przez XIX i XX wiek fale niepokoj\u00f3w spo\u0142ecznych przerywa\u0142y porz\u0105dek plantacyjny. \u017b\u0105dania lepszych warunk\u00f3w \u017cycia i praw pracowniczych przebija\u0142y pozory kolonialnego dobrobytu. 12 lipca 1975 r. pokojowe przekazanie w\u0142adzy ustanowi\u0142o Demokratyczn\u0105 Republik\u0119 S\u00e3o Tom\u00e9 i Ksi\u0105\u017c\u0119c\u0105. Od tego czasu nar\u00f3d utrzymywa\u0142 pluralistyczny system polityczny, przechodz\u0105c demokratyczne reformy ju\u017c w 1990 r. i do\u015bwiadczaj\u0105c jedynie kr\u00f3tkiej przerwy w rz\u0105dach wielopartyjnych.<\/p>\n\n\n\n<p>W po\u0142owie 2018 r. populacja wynosi\u0142a oko\u0142o 201 800 os\u00f3b \u2014 ponad 193 000 na S\u00e3o Tom\u00e9 i oko\u0142o 8400 na Pr\u00edncipe. Prawie wszyscy mieszka\u0144cy S\u00e3o Tom\u00e9 wywodz\u0105 swoje korzenie od afryka\u0144skich przodk\u00f3w lub mieszanych linii luso-afryka\u0144skich; kilka tysi\u0119cy portugalskich osadnik\u00f3w opu\u015bci\u0142o wysp\u0119 po uzyskaniu niepodleg\u0142o\u015bci, podczas gdy uchod\u017acy z Angoli przybyli w latach 70. Klasyfikacje etniczne obejmuj\u0105 Angolares (potomk\u00f3w rozbitk\u00f3w angolskich niewolnik\u00f3w), Forros (potomk\u00f3w wyzwole\u0144c\u00f3w), servi\u00e7ais (robotnik\u00f3w kontraktowych z ca\u0142ej portugalskiej Afryki), Tongas (dzieci servi\u00e7ais urodzone na wyspach), a tak\u017ce ma\u0142e mniejszo\u015bci europejskie i azjatyckie.<\/p>\n\n\n\n<p>Portugalski jest zar\u00f3wno j\u0119zykiem urz\u0119dowym, jak i de facto narodowym, kt\u00f3rym m\u00f3wi p\u0142ynnie 98,4 procent populacji. Kreolskie \u2014 Forro, Principense, Angolar, Cape Verdean \u2014 odzwierciedlaj\u0105 to po\u0142\u0105czenie kultur. Francuski i angielski pojawiaj\u0105 si\u0119 jako j\u0119zyki obce w szko\u0142ach. Dominuje chrze\u015bcija\u0144stwo, podczas gdy lokalne zwyczaje i rytmy \u2014 rytmy \u00fassua, socop\u00e9, d\u00eaxa \u2014 \u0142\u0105cz\u0105 europejskie wp\u0142ywy taneczne z afryka\u0144sk\u0105 perkusj\u0105. Dramatyczne wyst\u0119py, takie jak Tchiloli i dan\u00e7o-Congo, podtrzymuj\u0105 \u015bwi\u0105teczne tradycje opowiadania historii.<\/p>\n\n\n\n<p>Wyspy \u015awi\u0119tego Tomasza i Ksi\u0105\u017c\u0119ca odnotowuj\u0105 \u015bredni wska\u017anik rozwoju spo\u0142ecznego, wyprzedzaj\u0105c wielu swoich subsaharyjskich odpowiednik\u00f3w. Powszechny zapis do szk\u00f3\u0142, rosn\u0105ca \u015brednia d\u0142ugo\u015b\u0107 \u017cycia (oko\u0142o 70 lat), drastycznie zmniejszona \u015bmiertelno\u015b\u0107 niemowl\u0105t, powszechny dost\u0119p do wody i elektryczno\u015bci \u2014 wszystko to \u015bwiadczy o post\u0119pie spo\u0142ecznym. Reformy rz\u0105dowe od 2015 r. u\u0142atwi\u0142y tworzenie przedsi\u0119biorstw i inwestycje zagraniczne. Liczba ma\u0142ych przedsi\u0119biorstw wzros\u0142a, przyczyniaj\u0105c si\u0119 do spadku bezrobocia i wzrostu eksportu \u2014 g\u0142\u00f3wnie kakao (95 procent eksportu produkt\u00f3w rolnych) obok kawy, kopry i pestek palmowych. Utrzymuje si\u0119 umiarkowane przetw\u00f3rstwo przemys\u0142owe produkt\u00f3w lokalnych, ale nadal dominuj\u0105 dzia\u0142ania rolnicze i rybackie.<\/p>\n\n\n\n<p>Bran\u017ca turystyczna rokuje obiecuj\u0105co. Inwestorzy wznie\u015bli kurorty pla\u017cowe; ulepszenia infrastruktury obejmuj\u0105 modernizacj\u0119 portu w S\u00e3o Tom\u00e9 i Neves w 2014 r., ulepszone lotnisko mi\u0119dzynarodowe oraz rozbudowane sieci kom\u00f3rkowe i internetowe. W\u0142adze przewiduj\u0105, \u017ce odpowiedzialnie zarz\u0105dzana turystyka \u2014 k\u0142ad\u0105ca nacisk na obserwacj\u0119 ptak\u00f3w w Parku Narodowym Obo, w\u0119dr\u00f3wki do wodospad\u00f3w, wspinaczki na Pico de S\u00e3o Tom\u00e9 i wycieczki morskie \u2014 zdywersyfikuje strumienie dochod\u00f3w bez po\u015bwi\u0119cania integralno\u015bci ekologicznej.<\/p>\n\n\n\n<p>Po\u0142\u0105czenia drogowe na obu wyspach s\u0105 obs\u0142ugiwane zgodnie ze standardami regionalnymi, chocia\u017c kierowcy musz\u0105 porusza\u0107 si\u0119 w\u0105skimi pasami i sporadycznie napotyka\u0107 na zagro\u017cenia. Bankomaty nie akceptuj\u0105 kart zagranicznych; odwiedzaj\u0105cy przywo\u017c\u0105 euro lub dolary ameryka\u0144skie, wymieniaj\u0105c je w bankach lub hotelach Pestana (te ostatnie pobieraj\u0105 prowizj\u0119 w wysoko\u015bci oko\u0142o 5 procent). Waluta krajowa, nowa dobra (symbol nDb, ISO STN), zast\u0105pi\u0142a star\u0105 w stosunku 1000 do 1 w 2018 r. Monety s\u0105 w obiegu w centimos i nowych dobr\u00e1s, podczas gdy banknoty maj\u0105 nomina\u0142y od 5 do 200 nDb. Import waluty nie podlega ograniczeniom, ale musi zosta\u0107 zadeklarowany; eksport jest ograniczony do zadeklarowanej kwoty.<\/p>\n\n\n\n<p>Lokalna kuchnia koncentruje si\u0119 na rybach \u2014 cz\u0119sto podawanych z chlebowcem lub gotowanymi bananami \u2014 i obfito\u015bci owoc\u00f3w tropikalnych: papai, mango, ananasa, awokado, banana. Pikantne przyprawy podkre\u015blaj\u0105 smak potraw archipelagu. Spo\u0142eczno\u015bci \u015br\u00f3dl\u0105dowe uzupe\u0142niaj\u0105 bia\u0142ko za pomoc\u0105 buzios, du\u017cych \u015blimak\u00f3w l\u0105dowych, podczas gdy gospodarstwa nadmorskie zbieraj\u0105 \u015blimaki morskie. Miejskie hotele mog\u0105 oferowa\u0107 menu w stylu europejskim po wy\u017cszych cenach.<\/p>\n\n\n\n<p>Przest\u0119pstwa z u\u017cyciem przemocy zdarzaj\u0105 si\u0119 rzadko; drobne kradzie\u017ce i celowe oszustwa turystyczne pojawi\u0142y si\u0119 wraz z rozwojem turystyki. Najwi\u0119ksze zagro\u017cenie stwarza ruch drogowy. Zagro\u017cenia ze strony dzikich zwierz\u0105t s\u0105 minimalne, z wyj\u0105tkiem czarnej kobry zamieszkuj\u0105cej po\u0142udniow\u0105 i wschodni\u0105 cz\u0119\u015b\u0107 S\u00e3o Tom\u00e9. Cho\u0107 te jadowite w\u0119\u017ce s\u0105 na og\u00f3\u0142 nie\u015bmia\u0142e, wymagaj\u0105 czujno\u015bci na le\u015bnych szlakach. Surowice przeciwjadowe s\u0105 dost\u0119pne w lokalnych szpitalach, a zgony zdarzaj\u0105 si\u0119 rzadko, je\u015bli leczenie nast\u0105pi w ci\u0105gu dw\u00f3ch godzin od uk\u0105szenia.<\/p>\n\n\n\n<p>Fort S\u00e3o Sebasti\u00e3o w mie\u015bcie S\u00e3o Tom\u00e9 \u2014 wzniesiony w 1575 r. i odnowiony jako muzeum narodowe w 2006 r. \u2014 oferuje okno na warstwow\u0105 przesz\u0142o\u015b\u0107 wysp. Kiedy\u015b g\u00f3ruj\u0105cy bastion przeciwko rywalizuj\u0105cym flotom, obecnie mie\u015bci artefakty, kt\u00f3re pochodz\u0105 od pierwszego kontaktu z Europejczykami, przez kolonialne plantacje, a\u017c do wsp\u00f3\u0142czesnej niepodleg\u0142o\u015bci. Ro\u00e7as \u2014 niekt\u00f3re podupad\u0142e, inne odnowione jako go\u015bcinne kwatery \u2014 zapraszaj\u0105 do kontemplacji \u017cycia, kt\u00f3re kiedy\u015b by\u0142o ograniczone prac\u0105 przymusow\u0105, a teraz zdefiniowane przez odnowion\u0105 autonomi\u0119.<\/p>\n\n\n\n<p>W swojej kompaktowej formie Wyspy \u015awi\u0119tego Tomasza i Ksi\u0105\u017c\u0119ca uosabiaj\u0105 paradoksy ludzkich wysi\u0142k\u00f3w na tle niezwyk\u0142ego bogactwa naturalnego. Gleby wulkaniczne od\u017cywiaj\u0105 drzewa kakaowe, kt\u00f3re podtrzymywa\u0142y stulecia imperium; odporne populacje ukszta\u0142towa\u0142y stabilny ustr\u00f3j polityczny, kt\u00f3ry zaprzecza kolonialnym ranom wysp. Zar\u00f3wno podr\u00f3\u017cnicy, jak i naukowcy napotykaj\u0105 zar\u00f3wno \u017cyw\u0105 bior\u00f3\u017cnorodno\u015b\u0107, jak i echo historii pod rdzewiej\u0105cymi drzwiami plantacji. W tym po\u0142\u0105czeniu jaskrawych kontrast\u00f3w \u2014 \u017cyznego Edenu przy\u0107mionego przesz\u0142o\u015bci\u0105 \u2014 Wyspy \u015awi\u0119tego Tomasza i Ksi\u0105\u017c\u0119ca s\u0105 \u015bwiadectwem odnowy i trwa\u0142ego wsp\u00f3\u0142dzia\u0142ania ziemi i ludzi.<\/p>","protected":false},"excerpt":{"rendered":"<p>Po\u0142o\u017cona w Zatoce Gwinejskiej, u zachodnich wybrze\u017cy r\u00f3wnikowych Afryki \u015arodkowej, znajduje si\u0119 urzekaj\u0105ca wyspa-republika S\u00e3o Tom\u00e9 i Ksi\u0105\u017c\u0119ca. Oficjalnie Demokratyczna Republika S\u00e3o Tom\u00e9 i Ksi\u0105\u017c\u0119ca, ten ma\u0142y kraj sk\u0142ada si\u0119 z dw\u00f3ch g\u0142\u00f3wnych wysp i kilku mniejszych wysepek. Oko\u0142o 150 kilometr\u00f3w dzieli dwie g\u0142\u00f3wne wyspy, S\u00e3o Tom\u00e9 i Ksi\u0105\u017c\u0119c\u0105; S\u00e3o Tom\u00e9 jest wi\u0119ksza z dw\u00f3ch.<\/p>","protected":false},"author":1,"featured_media":4441,"parent":24063,"menu_order":0,"comment_status":"closed","ping_status":"closed","template":"elementor_theme","meta":{"_eb_attr":"","footnotes":""},"class_list":["post-10632","page","type-page","status-publish","has-post-thumbnail"],"_links":{"self":[{"href":"https:\/\/travelshelper.com\/pl\/wp-json\/wp\/v2\/pages\/10632","targetHints":{"allow":["GET"]}}],"collection":[{"href":"https:\/\/travelshelper.com\/pl\/wp-json\/wp\/v2\/pages"}],"about":[{"href":"https:\/\/travelshelper.com\/pl\/wp-json\/wp\/v2\/types\/page"}],"author":[{"embeddable":true,"href":"https:\/\/travelshelper.com\/pl\/wp-json\/wp\/v2\/users\/1"}],"replies":[{"embeddable":true,"href":"https:\/\/travelshelper.com\/pl\/wp-json\/wp\/v2\/comments?post=10632"}],"version-history":[{"count":0,"href":"https:\/\/travelshelper.com\/pl\/wp-json\/wp\/v2\/pages\/10632\/revisions"}],"up":[{"embeddable":true,"href":"https:\/\/travelshelper.com\/pl\/wp-json\/wp\/v2\/pages\/24063"}],"wp:featuredmedia":[{"embeddable":true,"href":"https:\/\/travelshelper.com\/pl\/wp-json\/wp\/v2\/media\/4441"}],"wp:attachment":[{"href":"https:\/\/travelshelper.com\/pl\/wp-json\/wp\/v2\/media?parent=10632"}],"curies":[{"name":"wp","href":"https:\/\/api.w.org\/{rel}","templated":true}]}}