{"id":10220,"date":"2024-09-09T21:31:18","date_gmt":"2024-09-09T21:31:18","guid":{"rendered":"https:\/\/travelshelper.com\/staging\/?page_id=10220"},"modified":"2026-03-13T21:26:57","modified_gmt":"2026-03-13T21:26:57","slug":"alice-springs","status":"publish","type":"page","link":"https:\/\/travelshelper.com\/pl\/destinations\/australia-and-oceania\/australia\/alice-springs\/","title":{"rendered":"Alice Springs"},"content":{"rendered":"<p>Alice Springs to ma\u0142e miasteczko w samym sercu Australii. Jego populacja wynosi zaledwie oko\u0142o 34 000 (30 628 w 2021 r., 33 990 w 2024 r.). Oko\u0142o jedna pi\u0105ta mieszka\u0144c\u00f3w identyfikuje si\u0119 jako Aborygeni lub mieszka\u0144cy wysp Cie\u015bniny Torresa. Gospodarka miasteczka odzwierciedla jego rol\u0119 jako regionalnego centrum: rz\u0105d Terytorium P\u00f3\u0142nocnego jest najwi\u0119kszym pracodawc\u0105 (oko\u0142o 8% miejsc pracy), a edukacja i s\u0142u\u017cba zdrowia zatrudniaj\u0105 po oko\u0142o 7% si\u0142y roboczej. Turystyka jest r\u00f3wnie\u017c znacz\u0105ca (oko\u0142o 4% miejsc pracy), poniewa\u017c Alice Springs zapewnia g\u0142\u00f3wne us\u0142ugi dla odwiedzaj\u0105cych Red Centre. Og\u00f3lnie rzecz bior\u0105c, jest to gospodarka zorientowana na us\u0142ugi: dominuj\u0105 handel detaliczny, hotelarstwo i administracja publiczna. Pomimo odleg\u0142ego po\u0142o\u017cenia, Alice ma nowoczesne udogodnienia: le\u017cy na wysoko\u015bci oko\u0142o 545 m, wi\u0119c chocia\u017c lata s\u0105 wyj\u0105tkowo gor\u0105ce (do 45\u00b0C), noce mog\u0105 by\u0107 zauwa\u017calnie ch\u0142odne, a mr\u00f3z nie jest nieznany zim\u0105. Liczba ludno\u015bci nieznacznie wzrasta, gdy dochodzi do pewnych zdarze\u0144, jednak Alice pozostaje spokojnym miasteczkiem na odludziu.<\/p>\n<p>Alice Springs znajduje si\u0119 niemal w geograficznym centrum Australii. Le\u017cy na Terytorium P\u00f3\u0142nocnym, wzd\u0142u\u017c zwykle suchej rzeki Todd, dop\u0142ywu Finke (nazywanej r\u00f3wnie\u017c Lhere Mparnte). Miasto jest mniej wi\u0119cej w r\u00f3wnej odleg\u0142o\u015bci od Darwin i Adelaide, oko\u0142o 1500 km do ka\u017cdego z nich. Znajduje si\u0119 na wysoko\u015bci oko\u0142o 578 m n.p.m., na r\u00f3wninie otoczonej staro\u017cytnymi wzg\u00f3rzami. Na zachodzie i wschodzie wznosz\u0105 si\u0119 pasma MacDonnell Ranges, seria czerwonoochrowych wzg\u00f3rz, kt\u00f3re oprawiaj\u0105 krajobraz. Jednym ze s\u0142ynnych punkt\u00f3w widokowych miasta jest Anzac Hill, wznosz\u0105cy si\u0119 nad centrum. Klimat jest pustynny: zimy s\u0105 \u0142agodne do ch\u0142odnych (nocne minima mog\u0105 zbli\u017ca\u0107 si\u0119 do zera), podczas gdy lata s\u0105 bardzo gor\u0105ce (w ci\u0105gu dnia temperatury przekraczaj\u0105 40\u00b0C). Opady deszczu s\u0105 rzadkie (maksymalnie kilkaset milimetr\u00f3w rocznie), g\u0142\u00f3wnie podczas letnich burz. Okoliczny teren \u2013 klasyczna czerwona pustynia \u015brodkowej Australii \u2013 jest usiany traw\u0105 spinifex, eukaliptusami, klifami w kolorze ochry i ulotnymi wodopojami. Niebo jest du\u017ce i czyste: Alice Springs ma \u015brednio ponad 300 s\u0142onecznych dni w roku, co sprawia, \u017ce \u200b\u200bnocne niebo jest r\u00f3wnie\u017c spektakularne.<\/p>\n<p>Na d\u0142ugo przed osadnictwem europejskim obszar wok\u00f3\u0142 Alice Springs (znany jako Mparntwe w miejscowym j\u0119zyku Arrernte) by\u0142 domem dla Aborygen\u00f3w przez dziesi\u0105tki tysi\u0119cy lat. Pod koniec XIX wieku, po tym jak odkrywcy zmapowali wn\u0119trze, zbudowano lini\u0119 telegraficzn\u0105 Overland Telegraph Line (uko\u0144czon\u0105 w 1872 r.). Alice Springs rozros\u0142o si\u0119 wok\u00f3\u0142 jednej ze stacji przeka\u017anikowych na tej linii, kt\u00f3ra przekazywa\u0142a wiadomo\u015bci mi\u0119dzy Adelajd\u0105 a Darwin. Stacja znajdowa\u0142a si\u0119 w pobli\u017cu sta\u0142ego \u017ar\u00f3d\u0142a (st\u0105d nazwa \u201eAlice Springs\u201d, nadana przez Charlesa Todda na cze\u015b\u0107 jego \u017cony). Miejscowa osada pierwotnie nazywa\u0142a si\u0119 \u201eStuart\u201d na cze\u015b\u0107 odkrywcy Johna McDoualla Stuarta, ale oficjalnie przemianowano j\u0105 na Alice Springs w 1933 r. Kolej dotar\u0142a do Alice w 1929 r., \u0142\u0105cz\u0105c j\u0105 kolej\u0105 z Adelajd\u0105 i przynosz\u0105c \u015bwie\u017cy wzrost. Podczas II wojny \u015bwiatowej Alice Springs by\u0142o g\u0142\u00f3wn\u0105 baz\u0105 etapow\u0105 (jej w\u0119ze\u0142 kolejowy i obozy obs\u0142ugiwa\u0142y wojska przemieszczaj\u0105ce si\u0119 na p\u00f3\u0142noc). Po wojnie powr\u00f3ci\u0142o do spokojnego tempa, stopniowo rozwijaj\u0105c infrastruktur\u0119 i tworz\u0105c us\u0142ugi turystyczne. Kluczowe daty obejmuj\u0105 stacj\u0119 telegraficzn\u0105 w 1872 r., stanowo\u015b\u0107 Terytorium P\u00f3\u0142nocnego w 1911 r. oraz otwarcie drogi (Stuart Highway) i po\u0142\u0105czenia kolejowego, kt\u00f3re sfinalizowa\u0142y po\u0142\u0105czenia. Dzi\u015b pocz\u0105tki Alice s\u0105 widoczne w jej zabytkowych budynkach, a jej historia jest upami\u0119tniona w Old Telegraph Station Historical Reserve.<\/p>\n<p>Alice Springs to dusza australijskiego Outbacku. Tutaj mieszaj\u0105 si\u0119 kultury aboryge\u0144skie i europejskie. Prawie wszyscy m\u00f3wi\u0105 po angielsku, ale oko\u0142o 21% mieszka\u0144c\u00f3w miasteczka Alice Springs identyfikuje si\u0119 jako Aborygeni lub mieszka\u0144cy Cie\u015bniny Torresa, g\u0142\u00f3wnie lud Arrernte. Sztuka i muzyka aboryge\u0144ska s\u0105 popularne: lokalne galerie cz\u0119sto wystawiaj\u0105 \u017cywe obrazy kropkowane i rze\u017abione artefakty. Tempo \u017cycia jest spokojne; ludzie witaj\u0105 si\u0119 skinieniem g\u0142owy lub u\u015bciskiem d\u0142oni, a palenie papierosa przy drodze lub popijanie herbaty w kawiarni mo\u017ce \u0142atwo przerodzi\u0107 si\u0119 w d\u0142u\u017csz\u0105 pogaw\u0119dk\u0119. Suchy klimat pustyni sprzyja \u017cyciu na \u015bwie\u017cym powietrzu \u2013 wieczorami rodziny mog\u0105 sp\u0119dza\u0107 czas przy ognisku pod gwiazdami. Miasto organizuje jedne z najbardziej osobliwych festiwali w Australii. Co roku w lipcu odbywa si\u0119 Camel Cup, gdzie wielb\u0142\u0105dy \u015bcigaj\u0105 si\u0119 na torze wy\u015bcigowym. W sierpniu koryto rzeki Todd Mall organizuje coroczne regaty Henley-on-Todd, podczas kt\u00f3rych \u201e\u0142odzie\u201d na ko\u0142ach s\u0105 przepychane przez wyschni\u0119te koryto rzeki. Inne wydarzenia (jak festiwal \u015bwiate\u0142 Parrtjima i festiwal czapek) celebruj\u0105 zar\u00f3wno sztuk\u0119 tubylcz\u0105, jak i kicz z pogranicza. Te festiwale, cho\u0107 zabawne, odzwierciedlaj\u0105 lokalnego ducha: zorientowanego na spo\u0142eczno\u015b\u0107, kreatywnego i odpornego. W \u017cyciu codziennym miejscowi mog\u0105 pracowa\u0107 w kamizelkach odblaskowych na budowach lub w kowbojskich kapeluszach dogl\u0105da\u0107 byd\u0142a. Pracownicy obs\u0142ugi cz\u0119sto ucz\u0105 si\u0119 kilku s\u0142\u00f3w z j\u0119zyka Arrernte jako grzeczno\u015bci. Alice ma go\u015bcinno\u015b\u0107 ma\u0142ego miasteczka \u2013 wszyscy w ko\u0144cu znaj\u0105 swoje imiona \u2013 po\u0142\u0105czon\u0105 ze zdrow\u0105 nut\u0105 indywidualizmu i niezale\u017cno\u015bci. Czasami mo\u017cna us\u0142ysze\u0107 unikalny lokalny slang (\u201earvo\u201d na popo\u0142udnie, \u201eno dramas\u201d na brak problem\u00f3w) i dobroduszne przekomarzanie si\u0119 (kole\u017ce\u0144stwo), kt\u00f3re charakteryzuje australijsk\u0105 kultur\u0119 nieformaln\u0105.<\/p>\n<p>Alice Springs oferuje mieszank\u0119 atrakcji kulturalnych i dzikiej przyrody. W obr\u0119bie miasta, Alice Springs Desert Park jest obowi\u0105zkowym punktem zwiedzania. Ten wielokrotnie nagradzany park obejmuje 1300 hektar\u00f3w siedliska pustynnego i prezentuje rodzime ro\u015bliny, zwierz\u0119ta nocne i kultur\u0119 aboryge\u0144sk\u0105. Zwiedzaj\u0105cy mog\u0105 spacerowa\u0107 po odtworzonych \u015brodowiskach pustynnych, ogl\u0105da\u0107 kangury i emu z bliska i uczestniczy\u0107 w codziennym pokazie swobodnie lataj\u0105cych ptak\u00f3w drapie\u017cnych. W pobli\u017cu znajduje si\u0119 zabytkowa stacja telegraficzna Old Alice Springs Telegraph Station, oryginalne miejsce przeka\u017anikowe z 1872 r., kt\u00f3re opowiada histori\u0119 wczesnego \u017cycia w outbacku. Je\u015bli chodzi o widoki, Anzac Hill (dost\u0119pne drog\u0105) oferuje panoram\u0119 zachodu s\u0142o\u0144ca nad miastem i okolicznymi pasmami g\u00f3rskimi.<\/p>\n<p>Poza miastem natura wabi. West MacDonnell Ranges le\u017cy tu\u017c na zach\u00f3d od Alice Springs, seria nier\u00f3wnych wzg\u00f3rz i w\u0105skich w\u0105woz\u00f3w, kt\u00f3re \u015bwiec\u0105 na czerwono o wschodzie s\u0142o\u0144ca. Wizyta w Simpsons Gap lub Standley Chasm zapewnia do\u015bwiadczenie spaceru mi\u0119dzy wysokimi \u015bcianami skalnymi, kt\u00f3re kryj\u0105 sta\u0142e wodopoje. Dalej na zach\u00f3d, Ormiston Gorge i Glen Helen Gorge oferuj\u0105 ch\u0142odne baseny w suchym kraju. Na wschodzie, Emily i Jessie Gaps prezentuj\u0105 wysokie klify ze sztuk\u0105 naskaln\u0105 Aborygen\u00f3w. Samo odosobnienie jest atrakcj\u0105: po prostu jazda autostrad\u0105 Stuart na p\u00f3\u0142noc lub po\u0142udnie z Alice to spotkanie z niesko\u0144czonymi horyzontami i (je\u015bli dobrze wyliczysz czas) widokami kangur\u00f3w o \u015bwicie. Wycieczki poza miasto do kultowych miejsc, takich jak Uluru-Kata Tjuta i Kings Canyon, r\u00f3wnie\u017c wyruszaj\u0105 z Alice Springs, co czyni je zwyk\u0142\u0105 baz\u0105 wypadow\u0105 do zwiedzania cud\u00f3w Red Centre. W nocy rozleg\u0142e niebo Outbacku, wolne od zanieczyszcze\u0144 \u015bwietlnych, ukazuje Drog\u0119 Mleczn\u0105 w niezwyk\u0142ej przejrzysto\u015bci \u2013 przypominaj\u0105c o staro\u017cytnych kulturach, kt\u00f3re jako pierwsze interpretowa\u0142y te konstelacje.<\/p>\n<p>Do Alice Springs najlepiej dotrze\u0107 drog\u0105 lotnicz\u0105 lub l\u0105dow\u0105. Lotnisko Alice Springs (ASP) oferuje regularne loty do i z Darwin, Adelaide, a czasami tak\u017ce z Sydney lub Melbourne. Drog\u0105 l\u0105dow\u0105 Stuart Highway biegnie na p\u00f3\u0142noc do Darwin i na po\u0142udnie do Adelaide; podr\u00f3\u017ce te zajmuj\u0105 wiele godzin (lub dni) jazdy samochodem. Po dotarciu do miasta wszystko jest do\u015b\u0107 kompaktowe: wi\u0119kszo\u015b\u0107 odwiedzaj\u0105cych korzysta z wypo\u017cyczonych samochod\u00f3w lub autobus\u00f3w wycieczkowych. Istnieje niewielka sie\u0107 lokalnych autobus\u00f3w, ale zaleca si\u0119 posiadanie samochodu. S\u0142ynne wielb\u0142\u0105dy w mie\u015bcie s\u0105 nadal wykorzystywane g\u0142\u00f3wnie do przeja\u017cd\u017cek turystycznych, a nie transportu.<\/p>\n<p>Lokalne zwyczaje s\u0105 proste. Walut\u0105 jest dolar australijski, a powszechnie u\u017cywany jest j\u0119zyk angielski. Obowi\u0105zuje standardowa australijska etykieta: ludzie s\u0105 generalnie nieformalni, ale uprzejmi \u2013 u\u017cywaj\u0105 imion (lub \u201eSir\/Ma&#039;am\u201d w sklepie) i przyja\u017anie \u017cartuj\u0105. Bezpiecze\u0144stwo jest dobre, ale pami\u0119taj, \u017ce to pustynia: zawsze no\u015b przy sobie wod\u0119 podczas podr\u00f3\u017cy, unikaj samotnych w\u0119dr\u00f3wek w po\u0142udniowym upale i jed\u017a ostro\u017cnie (dzikie zwierz\u0119ta mog\u0105 pojawi\u0107 si\u0119 na drogach outback o zmierzchu). Ochrona przeciws\u0142oneczna (kapelusz, krem \u200b\u200bz filtrem) i du\u017ca ilo\u015b\u0107 wody pitnej s\u0105 niezb\u0119dne, poniewa\u017c indeks UV jest wysoki przez ca\u0142y rok. Wa\u017cny jest szacunek dla kultury aboryge\u0144skiej (wielu tradycyjnych w\u0142a\u015bcicieli nadal mieszka w Alice Springs i okolicach); je\u015bli odwiedzasz miejsca rdzennych mieszka\u0144c\u00f3w, post\u0119puj zgodnie z lokalnymi wskaz\u00f3wkami. Og\u00f3lnie rzecz bior\u0105c, przy odpowiednim przygotowaniu i poczuciu przygody, odwiedzaj\u0105cy uznaj\u0105 Alice Springs za niezapomnian\u0105 bram\u0119 do dramatycznego wn\u0119trza Australii.<\/p>","protected":false},"excerpt":{"rendered":"<p>Po\u0142o\u017cone na Terytorium P\u00f3\u0142nocnym Australii, Alice Springs, czasami nazywane Mparntwe, w j\u0119zyku Eastern Arrernte, jest fascynuj\u0105cym miastem pe\u0142nym warto\u015bci kulturowych. Po Darwin i Palmerston, to strategicznie po\u0142o\u017cone, niemal w r\u00f3wnej odleg\u0142o\u015bci od Adelaide i Darwin, stanowi trzeci\u0105 co do wielko\u015bci osad\u0119 w okolicy. Geodeta William Whitfield Mills po\u015bwi\u0119ci\u0142 to niezwyk\u0142e miasto Alice, Lady Todd, \u017conie pioniera telegrafu Sir Charlesa Todda.<\/p>","protected":false},"author":1,"featured_media":3256,"parent":9806,"menu_order":0,"comment_status":"closed","ping_status":"closed","template":"elementor_theme","meta":{"_eb_attr":"","footnotes":""},"class_list":["post-10220","page","type-page","status-publish","has-post-thumbnail"],"_links":{"self":[{"href":"https:\/\/travelshelper.com\/pl\/wp-json\/wp\/v2\/pages\/10220","targetHints":{"allow":["GET"]}}],"collection":[{"href":"https:\/\/travelshelper.com\/pl\/wp-json\/wp\/v2\/pages"}],"about":[{"href":"https:\/\/travelshelper.com\/pl\/wp-json\/wp\/v2\/types\/page"}],"author":[{"embeddable":true,"href":"https:\/\/travelshelper.com\/pl\/wp-json\/wp\/v2\/users\/1"}],"replies":[{"embeddable":true,"href":"https:\/\/travelshelper.com\/pl\/wp-json\/wp\/v2\/comments?post=10220"}],"version-history":[{"count":0,"href":"https:\/\/travelshelper.com\/pl\/wp-json\/wp\/v2\/pages\/10220\/revisions"}],"up":[{"embeddable":true,"href":"https:\/\/travelshelper.com\/pl\/wp-json\/wp\/v2\/pages\/9806"}],"wp:featuredmedia":[{"embeddable":true,"href":"https:\/\/travelshelper.com\/pl\/wp-json\/wp\/v2\/media\/3256"}],"wp:attachment":[{"href":"https:\/\/travelshelper.com\/pl\/wp-json\/wp\/v2\/media?parent=10220"}],"curies":[{"name":"wp","href":"https:\/\/api.w.org\/{rel}","templated":true}]}}