{"id":10153,"date":"2024-09-09T20:29:48","date_gmt":"2024-09-09T20:29:48","guid":{"rendered":"https:\/\/travelshelper.com\/staging\/?page_id=10153"},"modified":"2026-03-13T21:26:12","modified_gmt":"2026-03-13T21:26:12","slug":"canberra","status":"publish","type":"page","link":"https:\/\/travelshelper.com\/pl\/destinations\/australia-and-oceania\/australia\/canberra\/","title":{"rendered":"Canberra"},"content":{"rendered":"<p>Canberra, specjalnie wybudowana stolica Australii, prezentuje inne oblicze kraju. Po\u0142o\u017cone w g\u0142\u0119bi l\u0105du na Australijskim Terytorium Sto\u0142ecznym, to miasto licz\u0105ce oko\u0142o 474 000 mieszka\u0144c\u00f3w (czerwiec 2024 r.) \u0142\u0105czy zaplanowany projekt urbanistyczny z otoczeniem buszu. Canberra zosta\u0142a stworzona w mi\u0119dzynarodowym konkursie projektowym na pocz\u0105tku XX wieku (pierwsze\u0144stwo w 1913 r.) jako kompromis mi\u0119dzy Sydney a Melbourne. Obecnie jest politycznym centrum Australii, w kt\u00f3rym mie\u015bci si\u0119 parlament, departamenty rz\u0105dowe i ambasady. Ka\u017cdego dnia d\u0142ugie rz\u0119dy bia\u0142ych budynk\u00f3w rz\u0105dowych i szerokie, zielone aleje ukazuj\u0105 charakter Canberry jako siedziby demokracji i wiedzy fachowej. Miasto jest do\u015b\u0107 zielone i otwarte \u2013 z mn\u00f3stwem park\u00f3w i stosunkowo niskimi budynkami \u2013 i le\u017cy na p\u0142askowy\u017cu na wysoko\u015bci oko\u0142o 578 m. Lata s\u0105 ciep\u0142e (cz\u0119sto suche i z frontami burzowymi), podczas gdy zimy s\u0105 zimne jak na australijskie standardy (przymrozki s\u0105 powszechne, a odleg\u0142y pasmo Brindabella jest cz\u0119sto pokryte \u015bniegiem). Canberra le\u017cy oko\u0142o 280 km na po\u0142udniowy zach\u00f3d od Sydney i 660 km na po\u0142udnie od Brisbane drog\u0105 l\u0105dow\u0105, po\u0142o\u017cona w\u015br\u00f3d las\u00f3w eukaliptusowych i pag\u00f3rk\u00f3w. Jej oficjalne powstanie datuje si\u0119 na 1913 r. (kiedy wybrano \u201eCanberr\u0119\u201d); najwa\u017cniejsze rocznice to 1927 r. (siedziba parlamentu) i 1988 r. (inauguracja nowego budynku parlamentu). Miasto obecnie mie\u015bci oko\u0142o 170 ambasad i jest znane ze swoich instytucji kulturalnych i festiwali narodowych.<\/p>\n<p>Liczba ludno\u015bci Canberry (473 855 w po\u0142owie 2024 r.) sprawia, \u017ce \u200b\u200bjest ona mniejsza ni\u017c du\u017ce nadmorskie miasta Australii, ale jest najwi\u0119kszym miastem \u015br\u00f3dl\u0105dowym w kraju. Region Canberry (w tym okoliczne gminy) obejmuje oko\u0142o 814 km\u00b2. Gospodarka jest zdominowana przez sektor publiczny: oko\u0142o 29% zatrudnionych os\u00f3b pracuje w agencjach rz\u0105du federalnego. Inne znacz\u0105ce sektory to edukacja (Australijski Uniwersytet Narodowy i inne uczelnie), opieka zdrowotna i us\u0142ugi profesjonalne. Stopa bezrobocia w regionie Canberry jest zazwyczaj ni\u017csza ni\u017c \u015brednia krajowa, co odzwierciedla popyt na wykwalifikowan\u0105 si\u0142\u0119 robocz\u0105. Poziom dochod\u00f3w jest stosunkowo wysoki (wielu mieszka\u0144c\u00f3w to dobrze wykszta\u0142ceni urz\u0119dnicy pa\u0144stwowi lub profesjonali\u015bci), a ceny nieruchomo\u015bci \u2013 zw\u0142aszcza na zielonych przedmie\u015bciach \u2013 s\u0105 wy\u017csze od krajowej mediany. \u017bycie codzienne w Canberze kr\u0119ci si\u0119 wok\u00f3\u0142 jeziora, park\u00f3w i \u017cycia kulturalnego: ludzie cz\u0119sto je\u017cd\u017c\u0105 na rowerze, \u017cegluj\u0105 lub biegaj\u0105 wok\u00f3\u0142 jeziora Burley Griffin. Uk\u0142ad miasta (z rondami i geometrycznymi alejami) zach\u0119ca do refleksyjnego, zorganizowanego tempa \u2013 Canberra kiedy\u015b \u017cartobliwie nazywana by\u0142a \u201emiejscem spotka\u0144\u201d w j\u0119zyku aboryge\u0144skim lub \u201estolic\u0105 buszu\u201d. Prawie po\u0142owa populacji urodzi\u0142a si\u0119 za granic\u0105, a angielski jest powszechnie u\u017cywany. Strefa czasowa to czas standardowy wschodnioaustralijski, a podobnie jak w reszcie Australii ruch odbywa si\u0119 lew\u0105 stron\u0105.<\/p>\n<p>Canberra le\u017cy w po\u0142udniowo-wschodniej cz\u0119\u015bci kontynentu australijskiego, oko\u0142o dwie godziny jazdy w g\u0142\u0105b l\u0105du od Sydney. Otacza j\u0105 pasmo Brindabella (na zachodzie) i pobliskie Wielkie G\u00f3ry Wododzia\u0142owe, kt\u00f3re zapewniaj\u0105 miastu malownicze widoki \u2013 zim\u0105 cz\u0119sto mo\u017cna zobaczy\u0107 ich o\u015bnie\u017cone czapy z brzegu jeziora. Miasto jest po\u0142o\u017cone na wysoko\u015bci oko\u0142o 580 metr\u00f3w nad poziomem morza. Klimat jest kontynentalny: lata mog\u0105 przekracza\u0107 30\u00b0C w wiele dni, podczas gdy zimowe noce cz\u0119sto spadaj\u0105 poni\u017cej zera (mr\u00f3z, a nawet lekki \u015bnieg na ziemi nie s\u0105 niczym niezwyk\u0142ym). W Canberze spada oko\u0142o 636 mm deszczu rocznie, r\u00f3wnomiernie roz\u0142o\u017conego, ale wyst\u0119puj\u0105 tam r\u00f3wnie\u017c cz\u0119ste \u201ewiatry fenowe\u201d (ciep\u0142e, suche wiatry), kt\u00f3re mog\u0105 szybko podnie\u015b\u0107 zimowe temperatury. W przeciwie\u0144stwie do wilgotno\u015bci Brisbane, suche zimy i umiarkowane lata w Canberze daj\u0105 jej cztery wyra\u017ane pory roku: jesienne li\u015bcie w kolorze czerwonym i z\u0142otym s\u0105 tutaj popularnym widowiskiem. Miasto rozci\u0105ga si\u0119 wok\u00f3\u0142 jeziora Burley Griffin, sztucznego jeziora, kt\u00f3re dzieli je na g\u0142\u00f3wne dzielnice. Na brzegach jeziora i przyleg\u0142ych wzg\u00f3rzach (Black Mountain, Mount Ainslie) mo\u017cna znale\u017a\u0107 szlaki spacerowe i otwarte widoki. Pomimo tego, \u017ce Canberra le\u017cy w g\u0142\u0119bi l\u0105du, ma bujne plantacje sosen, otwarte trawiaste r\u00f3wniny i enklawy buszu w mie\u015bcie \u2013 przypomnienie krajobrazu regionu sprzed powstania miast. Jej klimat i \u015brodowisko sprzyjaj\u0105 sezonowym wydarzeniom na \u015bwie\u017cym powietrzu (takim jak kwitnienie wi\u015bni wiosn\u0105 na Floriade, najwa\u017cniejszym festiwalu kwiatowym w kraju).<\/p>\n<p>Historia Canberry jako miasta jest do\u015b\u0107 wsp\u00f3\u0142czesna. W 1908 roku australijski parlament zdecydowa\u0142, \u017ce nowa stolica kraju musi zosta\u0107 zbudowana w kompromisowej lokalizacji mi\u0119dzy Sydney i Melbourne. Miejsce wybrano w 1909 roku, a projekt ameryka\u0144skiego architekta Waltera Burleya Griffina wybrano w 1913 roku. Budowa przebiega\u0142a powoli; nazwa \u201eCanberra\u201d zosta\u0142a oficjalnie opublikowana w 1913 roku, ale pierwszy Parlament nie zosta\u0142 otwarty a\u017c do 1927 roku. Miasto zosta\u0142o zaplanowane z geometrycznymi bulwarami i du\u017cymi parkami i do dzi\u015b zachowuje t\u0119 uporz\u0105dkowan\u0105 elegancj\u0119. Kluczowe kamienie milowe obejmuj\u0105 utworzenie Australijskiego Uniwersytetu Narodowego w 1946 roku (czyni\u0105c Canberr\u0119 o\u015brodkiem badawczym) i otwarcie nowego sta\u0142ego Parlamentu w 1988 roku (w celu zast\u0105pienia tymczasowego budynku). W po\u0142owie wieku Canberra sta\u0142a si\u0119 czym\u015b wi\u0119cej ni\u017c biurami rz\u0105dowymi \u2013 rozwija\u0142y si\u0119 przedmie\u015bcia, przemys\u0142 i kultura. W latach 1926\u201331 by\u0142o kr\u00f3tko stolic\u0105 nieistniej\u0105cego ju\u017c Terytorium Centralnej Australii, zanim powr\u00f3ci\u0142o do zjednoczonego Terytorium P\u00f3\u0142nocnego w 1933 r. Canberra pe\u0142ni\u0142a r\u00f3wnie\u017c funkcj\u0119 tymczasowej stolicy Australii w czasie II wojny \u015bwiatowej, gdy rz\u0105d ewakuowa\u0142 si\u0119 z Darwin. Podczas gdy Canberra ma niewiele bardzo starych budynk\u00f3w (z powodu swojej kr\u00f3tkiej historii), archiwa, pomniki i wystawy muzealne miasta starannie zaznaczaj\u0105 te historie za\u0142o\u017cycielskie. Podw\u00f3jne pochodzenie miasta \u2013 zaprojektowane miasto i demokratyczne centrum \u2013 oznacza, \u017ce \u200b\u200bka\u017cde og\u0142oszenie bud\u017cetu narodowego lub wybory s\u0105 tutaj do\u015bwiadczane, co daje Canberrze wyj\u0105tkowe miejsce w osi czasu Australii.<\/p>\n<p>Lokalny charakter Canberry \u0142\u0105czy biurokratyczn\u0105 formalno\u015b\u0107 z zaskakuj\u0105co kreatywnym podtekstem. W mie\u015bcie znajduje si\u0119 wiele urz\u0119d\u00f3w rz\u0105dowych (rzeczywi\u015bcie, federalni urz\u0119dnicy publiczni s\u0105 czasami nazywani \u201eCanberrans\u201d), co nadaje mu stonowan\u0105, uporz\u0105dkowan\u0105 atmosfer\u0119. Jednak obecno\u015b\u0107 krajowych galerii sztuki, uniwersytet\u00f3w i o\u015brodk\u00f3w analitycznych nape\u0142nia \u017cycie kulturalne intelektem i innowacj\u0105. Mieszka\u0144cy s\u0105 zazwyczaj dobrze wykszta\u0142conymi profesjonalistami; rozmowy w lokalnych kawiarniach cz\u0119sto kr\u0105\u017c\u0105 wok\u00f3\u0142 polityki, nauki lub sztuki. Mimo to rytm spo\u0142eczny miasta jest zrelaksowany: ludzie grzecznie ustawiaj\u0105 si\u0119 w kolejkach do kawiarni na George Street, a koledzy z urz\u0119d\u00f3w rz\u0105dowych cz\u0119sto zwracaj\u0105 si\u0119 do siebie po imieniu. Australijczycy cz\u0119sto zauwa\u017caj\u0105, \u017ce Canberra wydaje si\u0119 \u201ecelowa\u201d, ale nie zat\u0142oczona \u2013 mi\u0119dzy budynkami s\u0105 szerokie przestrzenie, a nawet centrum miasta wydaje si\u0119 przestronne. Jej styl \u017cycia ma nuty plenerowe: jazda na rowerze jest popularna (z wydzielonymi \u015bcie\u017ckami), wios\u0142owanie po jeziorze jest powszechne, a przedmie\u015bcia takie jak Braddon maj\u0105 modne restauracje. Canberra ma r\u00f3wnie\u017c siln\u0105 kultur\u0119 festiwali i wydarze\u0144. Do najwa\u017cniejszych wydarze\u0144 rocznych nale\u017c\u0105 Floriade (wiosenny festiwal kwiat\u00f3w przyci\u0105gaj\u0105cy setki tysi\u0119cy os\u00f3b) i Enlighten (zimowy festiwal \u015bwiate\u0142 i muzyki prezentuj\u0105cy o\u015bwietlony parlament i inne budynki). Wydarzenia sportowe (test krykieta na Manuka Oval lub festiwal samochodowy Summernats) jednocz\u0105 spo\u0142eczno\u015b\u0107.<\/p>\n<p>Co wa\u017cne, w Canberze znajduj\u0105 si\u0119 praktycznie wszystkie najwa\u017cniejsze instytucje kulturalne Australii: Muzeum Narodowe, Biblioteka Narodowa, Galeria Narodowa i centrum nauki Questacon, \u017ceby wymieni\u0107 tylko kilka. Oznacza to, \u017ce mieszka\u0144cy maj\u0105 \u0142atwy dost\u0119p do wystaw \u015bwiatowej klasy, archiw\u00f3w narodowych i for\u00f3w. Obecno\u015b\u0107 dyplomat\u00f3w i student\u00f3w zagranicznych dodaje r\u00f3wnie\u017c kosmopolitycznego charakteru: na ulicach Civic cz\u0119sto s\u0142ycha\u0107 wiele j\u0119zyk\u00f3w. Pomimo biurokratycznych korzeni, serce miasta jest pomys\u0142owe i obywatelskie \u2013 miejscowi cz\u0119sto szczyc\u0105 si\u0119 tym, \u017ce sprawiaj\u0105, \u017ce Canberra jest \u201egodna\u201d bycia stolic\u0105. Daje to subtelne osobliwo\u015bci: na przyk\u0142ad godziny otwarcia parku i miejsca dla palaczy s\u0105 sztywno okre\u015blone, ale mo\u017cna te\u017c zobaczy\u0107 muzyk\u00f3w-partyzant\u00f3w graj\u0105cych na ulicy w parku lub improwizowane wyk\u0142ady publiczne na placach. W \u017cyciu codziennym mieszka\u0144cy Canberry ceni\u0105 sobie przebywanie na \u015bwie\u017cym powietrzu (liczne parki w mie\u015bcie i malownicze jezioro to popularne miejsca na piknik) i og\u00f3lnie dbaj\u0105 o zdrowie. W dowolny dzie\u0144 mo\u017cesz zobaczy\u0107 ludzi wyprowadzaj\u0105cych psy na szlak szczytowy Telstra Tower lub kupuj\u0105cych \u015bwie\u017ce produkty na targu rolniczym. Politycznie ludno\u015b\u0107 sk\u0142ania si\u0119 lekko na lewo od centrum, odzwierciedlaj\u0105c wielu urz\u0119dnik\u00f3w pa\u0144stwowych. Jednak jak w ca\u0142ej Australii, przewa\u017ca swobodna \u017cyczliwo\u015b\u0107 \u2013 otrzymasz \u201eG&#039;day\u201d od sklepikarzy, a kierowcy pozwol\u0105 ci przejecha\u0107, je\u015bli wska\u017cesz, \u017ce chcesz wysi\u0105\u015b\u0107. Canberra sprawia wi\u0119c wra\u017cenie zar\u00f3wno biznesu rz\u0105dowego, jak i \u017cywego, ma\u0142ego miasta \u2013 interesuj\u0105cego dualizmu uroczystej instytucji i codziennego ciep\u0142a.<\/p>\n<p>Dominuj\u0105cy nad Tr\u00f3jk\u0105tem Parlamentarnym, Parliament House (z masztem ze z\u0142ot\u0105 flag\u0105) jest symboliczn\u0105 i dos\u0142own\u0105 siedzib\u0105 rz\u0105du Australii. Zwiedzanie budynku to jedna z g\u0142\u00f3wnych atrakcji: odwiedzaj\u0105cy mog\u0105 przej\u015b\u0107 si\u0119 po izbach Senatu i Izby Reprezentant\u00f3w, ogl\u0105da\u0107 dzie\u0142a sztuki i ogl\u0105da\u0107 sesj\u0119 Question Time. Poza polityk\u0105, atrakcje Canberry skupiaj\u0105 si\u0119 na dziedzictwie narodowym. Tu\u017c pod Parlamentem znajduje si\u0119 Australian War Memorial, po\u0142\u0105czone muzeum i sanktuarium ku czci australijskich \u017co\u0142nierzy; oferuje poruszaj\u0105ce wystawy i wzruszaj\u0105c\u0105 codzienn\u0105 ceremoni\u0119 ho\u0142du. W pobli\u017cu znajduj\u0105 si\u0119 National Gallery (gromadz\u0105ca sztuk\u0119 aboryge\u0144sk\u0105 i mi\u0119dzynarodowe zbiory), National Library (w kt\u00f3rej znajduj\u0105 si\u0119 historyczne dokumenty, takie jak dzienniki kolonialne) i National Museum of Australia (po\u015bwi\u0119cone historii spo\u0142ecznej i kulturalnej) \u2013 wszystkie z nich zaliczaj\u0105 si\u0119 do obowi\u0105zkowych do zobaczenia instytucji w mie\u015bcie. Wzg\u00f3rze City Hill i Anzac Parade w Civic s\u0105 otoczone pomnikami postaci historycznych i wydarze\u0144, odzwierciedlaj\u0105cymi rol\u0119 stolicy w kszta\u0142towaniu to\u017csamo\u015bci narodowej.<\/p>\n<p>Poza centrum, naturalne pi\u0119kno miasta samo w sobie jest atrakcj\u0105. Jezioro Burley Griffin \u2013 powsta\u0142e w wyniku spi\u0119trzenia rzeki Molonglo \u2013 oferuje malownicze spacery wzd\u0142u\u017c brzegu, \u017ceglarstwo i widoki na g\u00f3ry w pogodne dni. Na wschodzie znajduje si\u0119 Mount Ainslie, a na zachodzie Black Mountain (gdzie znajduje si\u0119 Telstra Tower) \u2013 oba s\u0105 \u0142atwe do zdobycia i nagradzaj\u0105 w\u0119drowc\u00f3w rozleg\u0142ymi widokami miasta. Canberra ma wi\u0119cej ni\u017c sw\u00f3j udzia\u0142 w parkach i rezerwatach: Australian National Botanic Gardens eksponuje rodzime ro\u015bliny, podczas gdy Namadgi National Park (na po\u0142udniowy zach\u00f3d) chroni busz i aboryge\u0144skie miejsca dziedzictwa. Sezonowe wydarzenia przyci\u0105gaj\u0105 turyst\u00f3w: wiosn\u0105 stolica jest pokryta kwiatami (Floriade), a zim\u0105 fajerwerki Skyfire z okazji Sylwestra o\u015bwietlaj\u0105 jezioro i budynki nad jeziorem (cz\u0119\u015b\u0107 Enlighten Canberra). Wreszcie, ka\u017cdego 25 kwietnia, obchody Dnia Anzac przyci\u0105gaj\u0105 ogromne t\u0142umy, a kulminacj\u0105 s\u0105 nabo\u017ce\u0144stwa o \u015bwicie przy pomnikach wojennych \u2013 g\u0142\u0119boka tradycja w stolicy. Podsumowuj\u0105c, atrakcje Canberry \u0142\u0105cz\u0105 w sobie walory edukacyjne i krajobrazowe: zwiedzaj\u0105c jej zabytki, mo\u017cna dowiedzie\u0107 si\u0119 wi\u0119cej o historii Australii, a jej otoczenie \u2013 parki, lasy eukaliptusowe i starannie zaplanowane widoki \u2013 zapewnia \u0142agodny, refleksyjny kontrast z \u017cyciem w mie\u015bcie.<\/p>\n<p>Canberra ma w\u0142asne lotnisko (Canberra Airport, CBR) zaledwie 8 km od centrum miasta, z bezpo\u015brednimi lotami do wszystkich g\u0142\u00f3wnych miast Australii. Podr\u00f3\u017c samochodem z Sydney trwa oko\u0142o 3\u20133,5 godziny autostrad\u0105 Hume Highway, a Canberra jest oddalona od Brisbane o oko\u0142o 660 km autostrad\u0105 \u015br\u00f3dl\u0105dow\u0105 (podr\u00f3\u017c trwa oko\u0142o 7 godzin). Istniej\u0105 r\u00f3wnie\u017c codzienne po\u0142\u0105czenia kolejowe (NSW TrainLink) i autokarowe \u0142\u0105cz\u0105ce Canberr\u0119 z Sydney i Melbourne.<\/p>\n<p>Projekt miasta sprawia, \u017ce \u200b\u200bjest ono stosunkowo przyjazne dla samochod\u00f3w. Drogi s\u0105 szerokie (cz\u0119sto z rondami i pasami rozdzielaj\u0105cymi), a parking\u00f3w jest pod dostatkiem i zazwyczaj s\u0105 bezp\u0142atne. Dobrze skomunikowany system autobus\u00f3w publicznych (autobusy ACTION) obs\u0142uguje wszystkie przedmie\u015bcia, a linia tramwajowa (otwarta w 2019 r.) biegnie mi\u0119dzy centrum miasta a Gungahlin. Popularna jest jazda na rowerze: \u015bcie\u017cki rowerowe krzy\u017cuj\u0105 si\u0119 w mie\u015bcie, a \u015bcie\u017cki biegn\u0105 wzd\u0142u\u017c jeziora. Je\u015bli prowadzisz samoch\u00f3d, pami\u0119taj, aby trzyma\u0107 si\u0119 lewej strony i uwa\u017ca\u0107 na ronda. Uk\u0142ad miasta \u2013 z osiami i okr\u0119gami \u2013 mo\u017ce wydawa\u0107 si\u0119 siatkowy w centrum, ale podmiejski na obszarach zewn\u0119trznych, wi\u0119c aplikacje nawigacyjne lub mapa s\u0105 pomocne dla os\u00f3b odwiedzaj\u0105cych je po raz pierwszy.<\/p>\n<p>Walut\u0105 Canberry jest dolar australijski. Napiwki nie s\u0105 wymagane (personel obs\u0142ugi otrzymuje standardowe wynagrodzenie) \u2013 wszelkie gratyfikacje s\u0105 ca\u0142kowicie dobrowolne. Wsz\u0119dzie m\u00f3wi si\u0119 po angielsku; policjanci, bari\u015bci i miejscowi zazwyczaj odpowiadaj\u0105 na przyjazne pytania. Canberra ma opini\u0119 czystego i uporz\u0105dkowanego: powszechnie dost\u0119pne s\u0105 pojemniki na odpady do recyklingu, a mieszka\u0144cy przypominaj\u0105 (oznakowanie lub miejscowi) o konieczno\u015bci recyklingu i oszcz\u0119dzania wody. Latem s\u0142o\u0144ce mo\u017ce by\u0107 mocne, wi\u0119c zaleca si\u0119 stosowanie kremu przeciws\u0142onecznego nawet podczas jasnych zim w Canberze. Numer alarmowy w Canberze to 000, jak zwykle.<\/p>\n<p>Mieszka\u0144cy Canberry s\u0105 zazwyczaj prostolinijni i bezstronni. Zwyk\u0142a uprzejmo\u015b\u0107 \u2013 czekanie w kolejce, u\u015bcisk d\u0142oni, przytrzymanie drzwi \u2013 ma du\u017ce znaczenie. Bior\u0105c pod uwag\u0119 koncentracj\u0119 personelu ambasady i polityk\u00f3w, str\u00f3j na wydarzenia lub do eleganckiej restauracji mo\u017ce by\u0107 bardziej formalny ni\u017c w innych miastach Australii (garnitury biznesowe lub schludny, swobodny str\u00f3j). Z drugiej strony, w porze lunchu lub w weekendy zobaczysz r\u00f3wnie\u017c garnitury w po\u0142\u0105czeniu z odzie\u017c\u0105 rowerow\u0105 lub butami trekkingowymi; swobodna kultura miasta na \u015bwie\u017cym powietrzu oznacza, \u017ce \u200b\u200bwidzisz jedno i drugie. Obowi\u0105zuj\u0105 tutaj r\u00f3wnie\u017c australijskie zasady (zapinanie pas\u00f3w bezpiecze\u0144stwa, zakaz palenia w zamkni\u0119tych przestrzeniach publicznych, zakaz picia alkoholu w parkach, z wyj\u0105tkiem wyznaczonych miejsc). Na koniec pami\u0119taj, \u017ce wiele atrakcji to instytucje rz\u0105dowe: obchodz\u0105 australijskie \u015bwi\u0119ta publiczne. Na przyk\u0142ad w Dniu ANZAC (25 kwietnia) ca\u0142e miasto obchodzi uroczyste nabo\u017ce\u0144stwo o \u015bwicie, a urz\u0119dy publiczne s\u0105 zamkni\u0119te. Jednak w wi\u0119kszo\u015b\u0107 innych dni rutyna Canberry toczy si\u0119 jak zwykle, a odwiedzaj\u0105cy z \u0142atwo\u015bci\u0105 b\u0119d\u0105 mogli cieszy\u0107 si\u0119 muzeami, kawiarniami i plenerem.<\/p>","protected":false},"excerpt":{"rendered":"<p>Stolica Australii, Canberra, umiej\u0119tnie \u0142\u0105czy modernizm z histori\u0105 i kultur\u0105. Powsta\u0142a z federacji kolonii australijskich, sta\u0142a si\u0119 siedzib\u0105 rz\u0105du dla w\u0142a\u015bnie utworzonego kraju. Obecnie jest nie tylko najwi\u0119kszym miastem \u015br\u00f3dl\u0105dowym Australii, ale tak\u017ce \u00f3smym co do wielko\u015bci w og\u00f3le. Wznosz\u0105ca si\u0119 w najbardziej wysuni\u0119tym na p\u00f3\u0142noc punkcie Alp Australijskich, najwy\u017cszego pasma g\u00f3rskiego w kraju, Canberra jest dumnie widoczna w czerwcu 2023 r. z szacowan\u0105 liczb\u0105 466 566 mieszka\u0144c\u00f3w.<\/p>","protected":false},"author":1,"featured_media":4498,"parent":9806,"menu_order":0,"comment_status":"closed","ping_status":"closed","template":"elementor_theme","meta":{"_eb_attr":"","footnotes":""},"class_list":["post-10153","page","type-page","status-publish","has-post-thumbnail"],"_links":{"self":[{"href":"https:\/\/travelshelper.com\/pl\/wp-json\/wp\/v2\/pages\/10153","targetHints":{"allow":["GET"]}}],"collection":[{"href":"https:\/\/travelshelper.com\/pl\/wp-json\/wp\/v2\/pages"}],"about":[{"href":"https:\/\/travelshelper.com\/pl\/wp-json\/wp\/v2\/types\/page"}],"author":[{"embeddable":true,"href":"https:\/\/travelshelper.com\/pl\/wp-json\/wp\/v2\/users\/1"}],"replies":[{"embeddable":true,"href":"https:\/\/travelshelper.com\/pl\/wp-json\/wp\/v2\/comments?post=10153"}],"version-history":[{"count":0,"href":"https:\/\/travelshelper.com\/pl\/wp-json\/wp\/v2\/pages\/10153\/revisions"}],"up":[{"embeddable":true,"href":"https:\/\/travelshelper.com\/pl\/wp-json\/wp\/v2\/pages\/9806"}],"wp:featuredmedia":[{"embeddable":true,"href":"https:\/\/travelshelper.com\/pl\/wp-json\/wp\/v2\/media\/4498"}],"wp:attachment":[{"href":"https:\/\/travelshelper.com\/pl\/wp-json\/wp\/v2\/media?parent=10153"}],"curies":[{"name":"wp","href":"https:\/\/api.w.org\/{rel}","templated":true}]}}