{"id":10119,"date":"2024-09-09T19:24:20","date_gmt":"2024-09-09T19:24:20","guid":{"rendered":"https:\/\/travelshelper.com\/staging\/?page_id=10119"},"modified":"2026-03-13T21:44:12","modified_gmt":"2026-03-13T21:44:12","slug":"falls-creek","status":"publish","type":"page","link":"https:\/\/travelshelper.com\/pl\/destinations\/australia-and-oceania\/australia\/falls-creek\/","title":{"rendered":"Falls Creek"},"content":{"rendered":"<p>Falls Creek to male\u0144ka ca\u0142oroczna alpejska wioska z bardzo ma\u0142\u0105 sta\u0142\u0105 spo\u0142eczno\u015bci\u0105. W rzeczywisto\u015bci latem na sta\u0142e mieszka tam tylko oko\u0142o 200 os\u00f3b, ale liczba ta gwa\u0142townie ro\u015bnie ka\u017cdej zimy: o\u015brodek mo\u017ce pomie\u015bci\u0107 do oko\u0142o 5600 mieszka\u0144c\u00f3w w szczycie sezonu. Ten wzrost odzwierciedla 4500 \u0142\u00f3\u017cek noclegowych i zimowych kwater we wsi. W zwi\u0105zku z tym jej gospodarka jest nap\u0119dzana niemal wy\u0142\u0105cznie przez turystyk\u0119. Raport rz\u0105dowy zauwa\u017ca, \u017ce \u200b\u200bFalls Creek \u201eznacznie przyczynia si\u0119 do gospodarki regionu\u201d i generuje znaczne zatrudnienie sezonowe. W typowym (przed pandemi\u0105) roku ca\u0142kowity doch\u00f3d z turystyki w Falls Creek wyni\u00f3s\u0142 oko\u0142o 12 milion\u00f3w dolar\u00f3w australijskich. Jest tylko niewielka sta\u0142a populacja (wliczaj\u0105c uczni\u00f3w ca\u0142orocznej szko\u0142y podstawowej), wi\u0119c lokalna gospodarka kr\u0119ci si\u0119 wok\u00f3\u0142 schronisk narciarskich, restauracji i wynajmu nocleg\u00f3w. W szczycie zimy o\u015brodek t\u0119tni \u017cyciem tysi\u0119cy narciarzy i snowboardzist\u00f3w; latem wpada w spokojniejszy rytm pieszych w\u0119dr\u00f3wek i rowerzyst\u00f3w g\u00f3rskich.<\/p>\n<p>Falls Creek le\u017cy g\u0142\u0119boko w Alpach Wiktoria\u0144skich w po\u0142udniowo-wschodniej Australii. Wie\u015b znajduje si\u0119 w Parku Narodowym Alp, oko\u0142o 350 km na p\u00f3\u0142nocny wsch\u00f3d od Melbourne (oko\u0142o 5-6 godzin jazdy samochodem). Zajmuje wysoki p\u0142askowy\u017c na wysoko\u015bci oko\u0142o 1600 m n.p.m. (wysoko\u015b\u0107 podstawy 1500 m, wysoko\u015b\u0107 szczytu 1780 m). Najbli\u017cszym ma\u0142ym miastem jest Mount Beauty, oko\u0142o 30 km dalej. Geograficznie Falls Creek jest cz\u0119\u015bci\u0105 regionu Hume w Victorii i jest otoczony surowymi pasmami g\u00f3rskimi. O\u015brodek graniczy z za\u015bnie\u017conymi r\u00f3wninami i lasami alpejskimi. Klimat jest zimny i \u015bnie\u017cny przez wiele miesi\u0119cy: jest klasyfikowany jako zimna strefa oceaniczna\/subpolarna, z kr\u00f3tkimi ch\u0142odnymi latami i bardzo \u015bnie\u017cnymi zimami. Falls Creek notuje \u015brednio oko\u0142o czterech metr\u00f3w opad\u00f3w \u015bniegu ka\u017cdej zimy, dzi\u0119ki czemu stoki narciarskie s\u0105 zazwyczaj otwarte od czerwca do wrze\u015bnia. Letnie dni s\u0105 \u0142agodne, cz\u0119sto bezchmurne i s\u0142oneczne, ale noce mog\u0105 by\u0107 nadal do\u015b\u0107 ch\u0142odne. Kr\u00f3tko m\u00f3wi\u0105c, Falls Creek to prawdziwie wysokog\u00f3rskie \u015brodowisko na kontynencie australijskim, gdzie lasy sosnowe i zamarzni\u0119te jeziora zim\u0105 zamieniaj\u0105 si\u0119 w szerokie pola \u015bniegu.<\/p>\n<p>Pocz\u0105tki Falls Creek si\u0119gaj\u0105 okresu powojennego, po\u0142owy XX wieku. Po II wojnie \u015bwiatowej i budowie pobliskiego projektu hydroelektrowni Kiewa tury\u015bci i \u017co\u0142nierze zacz\u0119li je\u017adzi\u0107 na nartach w g\u00f3rach. W 1948 roku in\u017cynierowie zbudowali tam pierwsz\u0105 prymitywn\u0105 chat\u0119 narciarsk\u0105. W 1951 roku zainstalowano wyci\u0105g linowy, a w 1957 roku Falls Creek szczyci\u0142o si\u0119 pierwszym w Australii wyci\u0105giem krzese\u0142kowym. \u201eWie\u015b\u201d rozrasta\u0142a si\u0119 powoli: w czerwcu 1958 roku otwarto urz\u0105d pocztowy, co oznacza\u0142o jej oficjalne uznanie. Przez dziesi\u0119ciolecia Falls Creek by\u0142o zasadniczo letnim terenem dla byd\u0142a, wykorzystywanym do wypasu w ciep\u0142ych miesi\u0105cach. Zmieni\u0142o si\u0119 to na pocz\u0105tku XXI wieku, kiedy wypas zosta\u0142 ostatecznie zakazany w celu ochrony delikatnego \u015brodowiska alpejskiego. Od tego czasu profil o\u015brodka wzr\u00f3s\u0142. Istotny punkt zwrotny nast\u0105pi\u0142 w 2019 r., kiedy globalny operator narciarski Vail Resorts (znany z posiadania Perisher w Nowej Po\u0142udniowej Walii) kupi\u0142 Falls Creek (z Mt. Hotham) za oko\u0142o 174 mln dolar\u00f3w australijskich. Dzi\u015b, chocia\u017c Falls Creek ma charakter nowoczesnej wioski narciarskiej, pozosta\u0142y pewne wczesne \u015blady (na przyk\u0142ad ma\u0142e muzeum i \u201echaty dziedzictwa\u201d poni\u017cej stok\u00f3w), kt\u00f3re przypominaj\u0105 pionierskie dni chat i wyci\u0105g\u00f3w linowych.<\/p>\n<p>Kultura Falls Creek jest bardzo podobna do alpejskich wiosek narciarskich. Dominuj\u0105cym j\u0119zykiem jest angielski, a spo\u0142eczno\u015b\u0107 sk\u0142ada si\u0119 g\u0142\u00f3wnie z Australijczyk\u00f3w (cz\u0119sto z Wiktorii, kt\u00f3rzy pracuj\u0105 jako instruktorzy narciarstwa i personel o\u015brodka). Styl \u017cycia \u201enarciarzy\u201d jest \u0142agodzony przez \u017cycie rodzinne \u2013 we wsi dzia\u0142a nawet szko\u0142a podstawowa przez ca\u0142y rok. Zim\u0105 tempo jest skupione na g\u00f3rach, ale po zmroku scena jest o\u017cywiona: w centrum wsi znajduj\u0105 si\u0119 bary i kilka klub\u00f3w nocnych, kt\u00f3re bawi\u0105 narciarzy i snowboardzist\u00f3w. Odwiedzaj\u0105cy cz\u0119sto wyczuwaj\u0105 przyjazn\u0105, bezpretensjonaln\u0105 atmosfer\u0119; miejscowi Australijczycy mieszaj\u0105 si\u0119 z zagranicznymi go\u015b\u0107mi, kt\u00f3rzy przyje\u017cd\u017caj\u0105 dla puchu. Tradycje spo\u0142eczno\u015bci obejmuj\u0105 obchody ko\u0144ca roku i wy\u015bcigi narciarskie. Dwa charakterystyczne wydarzenia ilustruj\u0105 klimat: Kangaroo Hoppet to 42-kilometrowy maraton narciarstwa biegowego odbywaj\u0105cy si\u0119 ka\u017cdego sierpnia, przyci\u0105gaj\u0105cy tysi\u0105ce narciarzy z Australii i zagranicy. Na pocz\u0105tku wrze\u015bnia o\u015brodek organizuje \u201eStylewars\u201d \u2013 zawody snowboardowe slopestyle, kt\u00f3re przyci\u0105gaj\u0105 do swoich park\u00f3w terenowych australijskich i mi\u0119dzynarodowych snowboardzist\u00f3w. Oba wydarzenia tworz\u0105 \u015bwi\u0105teczny nastr\u00f3j we wsi. Latem atmosfera si\u0119 zmienia: w por\u00f3wnaniu do tego robi si\u0119 bardzo cicho, a go\u015bcie zamieniaj\u0105 narty na buty do w\u0119dr\u00f3wek i rowery. Podsumowuj\u0105c, Falls Creek sprawia wra\u017cenie przyziemnej spo\u0142eczno\u015bci g\u00f3rskiej, z kultur\u0105 aktywno\u015bci na \u015bwie\u017cym powietrzu i kr\u00f3tkim, ale t\u0119tni\u0105cym \u017cyciem sezonem turystycznym.<\/p>\n<p>Zdecydowanie g\u0142\u00f3wn\u0105 atrakcj\u0105 Falls Creek jest sam g\u00f3rski teren. O\u015brodek szczyci si\u0119 oko\u0142o 76 trasami narciarskimi obs\u0142ugiwanymi przez 16 wyci\u0105g\u00f3w. Te pasma przygotowanych stok\u00f3w (od \u0142agodnych tras dla pocz\u0105tkuj\u0105cych po strome czarne trasy) przyci\u0105gaj\u0105 narciarzy o r\u00f3\u017cnych umiej\u0119tno\u015bciach. Zim\u0105, po prostu jazda na nartach lub snowboardzie na trasach Falls Creek \u2013 w tym 3-kilometrowej trasie zwanej \u201eWishing Well\u201d \u2013 jest g\u0142\u00f3wnym do\u015bwiadczeniem. Dla wielu odwiedzaj\u0105cych to w\u0142a\u015bnie jest Falls Creek. W miesi\u0105cach letnich zamarzni\u0119te stoki przechodz\u0105 w inny krajobraz: Falls Creek sta\u0142o si\u0119 znane ze swojego parku rowerowego, kt\u00f3ry jest wysoko oceniany. O\u015brodek oferuje dziesi\u0105tki kilometr\u00f3w tras rowerowych wij\u0105cych si\u0119 przez alpejski las. W rzeczywisto\u015bci, oficjalne broszury o\u015brodk\u00f3w nazywaj\u0105 Falls Creek \u201emekk\u0105 plenerow\u0105\u201d dla sport\u00f3w letnich, z mo\u017cliwo\u015bciami uprawiania turystyki pieszej, biegania po szlakach i jazdy na rowerze wok\u00f3\u0142 Rocky Valley Lake i pobliskich grzbiet\u00f3w. Inne atrakcje obejmuj\u0105 zabytkowe chaty hodowc\u00f3w byd\u0142a (takie jak Wallace&#039;s Hut i Johanna&#039;s Hut) u podn\u00f3\u017ca g\u00f3ry McKay \u2013 pozosta\u0142o\u015bci dawnej ery wypasu, gdzie odwiedzaj\u0105cy mog\u0105 cofn\u0105\u0107 si\u0119 do \u017cycia w Alpach w po\u0142owie XIX wieku. W samej wiosce kompleks Falls Creek Alpine Resort \u2013 kompleks hoteli, schronisk i sklep\u00f3w z bezpo\u015brednim dost\u0119pem do stok\u00f3w narciarskich \u2013 jest cz\u0119sto centrum aktywno\u015bci. Lokalne trasy narciarstwa biegowego (65 km przygotowanych p\u0119tli wok\u00f3\u0142 wioski i pobliskich szczyt\u00f3w) s\u0105 \u015bwiatowej klasy, wi\u0119c wielu odwiedzaj\u0105cych pr\u00f3buje tutaj uprawia\u0107 narciarstwo biegowe lub w\u0119dr\u00f3wki na rakietach \u015bnie\u017cnych. Kr\u00f3tko m\u00f3wi\u0105c, obowi\u0105zkowymi atrakcjami Falls Creek s\u0105 w\u0142asne pola \u015bnie\u017cne zim\u0105 i szlaki turystyczne\/g\u00f3rskie latem \u2013 zasadniczo g\u00f3rski krajobraz jest atrakcj\u0105.<\/p>\n<p>Dotarcie do Falls Creek wymaga pewnego planowania. Najbli\u017cszym du\u017cym lotniskiem jest Albury (w po\u0142udniowej Nowej Po\u0142udniowej Walii, oko\u0142o 130 km), ale wielu odwiedzaj\u0105cych przylatuje do Melbourne (lotnisko Tullamarine), a nast\u0119pnie jedzie samochodem lub autokarem do o\u015brodka. Podr\u00f3\u017c samochodem z Melbourne wynosi oko\u0142o 350 km (oko\u0142o 5\u20136 godzin samochodem) przez Hume Freeway i Alpine Road. Do samej wioski mo\u017cna dojecha\u0107 drog\u0105 Bogong High Plains Road z miasta Mount Beauty. Co wa\u017cne, ta wysokog\u00f3rska droga jest otwarta przez ca\u0142y rok, ale zim\u0105 odwiedzaj\u0105cy musz\u0105 mie\u0107 przy sobie i u\u017cywa\u0107 \u0142a\u0144cuch\u00f3w \u015bnie\u017cnych w warunkach lodu lub g\u0142\u0119bokiego \u015bniegu. W rzeczywisto\u015bci drogi wiejskie w Falls Creek s\u0105 ca\u0142kowicie wolne od samochod\u00f3w przez wi\u0119kszo\u015b\u0107 sezonu narciarskiego (o\u015brodek poinformowa\u0142, \u017ce zim\u0105 drogi wiejskie by\u0142y zamkni\u0119te dla pojazd\u00f3w przez 93 dni w 2022 r.), co oznacza, \u017ce \u200b\u200bludzie parkuj\u0105 u podstawy i je\u017cd\u017c\u0105 na nartach lub pieszo do wioski. W lodowate dni kursuje bezp\u0142atny autobus wahad\u0142owy, kt\u00f3ry pomaga w transporcie ludzi do schronisk. W obr\u0119bie wioski wszystko jest dost\u0119pne pieszo lub na nartach. (Warto zauwa\u017cy\u0107, \u017ce latem zar\u00f3wno Bogong High Plains Road z Omeo, jak i Bogong Road ciesz\u0105 si\u0119 popularno\u015bci\u0105 w\u015br\u00f3d rowerzyst\u00f3w, a w okolicy odbywaj\u0105 si\u0119 takie wydarzenia jak coroczny Peaks Challenge.) Podstawowe wskaz\u00f3wki dla zwiedzaj\u0105cych: w Falls Creek u\u017cywa si\u0119 dolar\u00f3w australijskich, a wsz\u0119dzie m\u00f3wi si\u0119 po angielsku. Zim\u0105 obowi\u0105zuje dress code, czyli warstwowe ubranie wierzchnie; latem na wzg\u00f3rzu mo\u017ce by\u0107 ch\u0142odno w nocy. Obowi\u0105zuje zdrowy rozs\u0105dek w kwestii bezpiecze\u0144stwa w g\u00f3rach: zim\u0105 trzymaj si\u0119 wyznaczonych szlak\u00f3w, uwa\u017caj na zmiany pogody, a latem u\u017cywaj ochrony przeciws\u0142onecznej. Zasi\u0119g sieci kom\u00f3rkowej jest nier\u00f3wnomierny na najwy\u017cszych wysoko\u015bciach, wi\u0119c planuj z wyprzedzeniem. Og\u00f3lnie rzecz bior\u0105c, zwiedzaj\u0105cy powinni pami\u0119ta\u0107, \u017ce Falls Creek jest odleg\u0142y i wysoko po\u0142o\u017cony \u2013 warto przeznaczy\u0107 wi\u0119cej czasu na podr\u00f3\u017c zim\u0105 i przygotowa\u0107 si\u0119 na zimne warunki.<\/p>","protected":false},"excerpt":{"rendered":"<p>Ukryty w\u015br\u00f3d wspania\u0142ych Alp Wiktoria\u0144skich, Falls Creek Alpine Resort jest najlepszym schronieniem dla alpejskich przyg\u00f3d w Australii. Po\u0142o\u017cony w obszarze Hume w Parku Narodowym Alp w p\u00f3\u0142nocno-wschodniej Wiktorii, ten o\u015brodek znajduje si\u0119 oko\u0142o 350 kilometr\u00f3w (220 mil) od Melbourne; Mount Beauty jest najbli\u017cszym miastem, zaledwie 30 kilometr\u00f3w (20 mil). Wznosz\u0105cy si\u0119 od 1500 do 1830 metr\u00f3w (4921 do 6004 st\u00f3p) najwy\u017cszy podniesiony punkt o\u015brodka wynosi 1780 metr\u00f3w (5840 st\u00f3p). Dla tych, kt\u00f3rzy szukaj\u0105 wi\u0119kszych wyzwa\u0144 w pionie, s\u0105siedni szczyt Mount McKay, wznosz\u0105cy si\u0119 na 1842 metry (6043 stopy), wzywa i jest dost\u0119pny z o\u015brodka ratrakiem.<\/p>","protected":false},"author":1,"featured_media":2902,"parent":9806,"menu_order":0,"comment_status":"closed","ping_status":"closed","template":"elementor_theme","meta":{"_eb_attr":"","footnotes":""},"class_list":["post-10119","page","type-page","status-publish","has-post-thumbnail"],"_links":{"self":[{"href":"https:\/\/travelshelper.com\/pl\/wp-json\/wp\/v2\/pages\/10119","targetHints":{"allow":["GET"]}}],"collection":[{"href":"https:\/\/travelshelper.com\/pl\/wp-json\/wp\/v2\/pages"}],"about":[{"href":"https:\/\/travelshelper.com\/pl\/wp-json\/wp\/v2\/types\/page"}],"author":[{"embeddable":true,"href":"https:\/\/travelshelper.com\/pl\/wp-json\/wp\/v2\/users\/1"}],"replies":[{"embeddable":true,"href":"https:\/\/travelshelper.com\/pl\/wp-json\/wp\/v2\/comments?post=10119"}],"version-history":[{"count":0,"href":"https:\/\/travelshelper.com\/pl\/wp-json\/wp\/v2\/pages\/10119\/revisions"}],"up":[{"embeddable":true,"href":"https:\/\/travelshelper.com\/pl\/wp-json\/wp\/v2\/pages\/9806"}],"wp:featuredmedia":[{"embeddable":true,"href":"https:\/\/travelshelper.com\/pl\/wp-json\/wp\/v2\/media\/2902"}],"wp:attachment":[{"href":"https:\/\/travelshelper.com\/pl\/wp-json\/wp\/v2\/media?parent=10119"}],"curies":[{"name":"wp","href":"https:\/\/api.w.org\/{rel}","templated":true}]}}