{"id":7628,"date":"2024-08-27T21:07:30","date_gmt":"2024-08-27T21:07:30","guid":{"rendered":"https:\/\/travelshelper.com\/staging\/?page_id=7628"},"modified":"2026-03-13T23:47:54","modified_gmt":"2026-03-13T23:47:54","slug":"brasilia","status":"publish","type":"page","link":"https:\/\/travelshelper.com\/nl\/destinations\/south-america\/brazil\/brasilia\/","title":{"rendered":"Bras\u00edlia"},"content":{"rendered":"<p>In de uitgestrekte hooglanden van Brazili\u00eb snijdt een bleek lint van lanen door perfect onderhouden gazons en aangelegde tuinen. Hier staat Bras\u00edlia, een stad met betonnen rondingen en open luchten, niet ontstaan \u200b\u200bdoor eeuwenlange groei, maar door \u00e9\u00e9n enkele, ambitieuze planningsslag. Sinds de opening op 21 april 1960, onder president Juscelino Kubitschek, heeft Bras\u00edlia de druk van de verwachting gedragen: een uitgestrekt land samenbrengen, de belofte van de moderniteit waarmaken en dienen als een levend symbool van de Braziliaanse aspiraties. Tegenwoordig is de stad de derde meest bevolkte stad van het land \u2013 na S\u00e3o Paulo en Rio de Janeiro \u2013 en heeft ze het hoogste bbp per hoofd van de bevolking van alle grote Latijns-Amerikaanse metropolen, wat getuigt van zowel haar politieke centraliteit als haar economische dynamiek.<\/p>\n<p>Eind jaren vijftig besloot de Braziliaanse regering dat de hoofdstad moest verschuiven van de drukke kust naar een meer centrale locatie, om zo een gevoel van eenheid tussen de verschillende regio&#039;s te bevorderen. President Kubitscheks gedurfde zet schakelde drie visionairs in: stedenbouwkundige L\u00facio Costa, architect Oscar Niemeyer en constructeur Joaquim Cardozo. Costa&#039;s masterplan schetste een stad in de vorm van een vliegtuig \u2013 de romp een brede hoofdas, de cockpit de zetel van de macht \u2013 en verdeeld in verschillende sectoren voor hotels, financi\u00ebn, ambassades, huisvesting en meer. In dit skelet beeldhouwde Niemeyer witte, eigentijdse vormen uit, terwijl landschapsarchitect Roberto Burle Marx weelderige stroken inheemse vegetatie toevoegde, waardoor de glinsterende stad verankerd werd in de context van tropische savanne.<\/p>\n<p>Het algehele effect was ronduit revolutionair. Bras\u00edlia belichaamde een nieuwe stedelijke ethos: een heldere doelstelling, functionele bestemmingsplannen en architectonische zuiverheid. Elke ronding, zuil en spiegelvijver droeg een betekenis, een bewuste omkering van de organische uitbreiding die eerdere hoofdsteden had gekenmerkt. Door overheidsministeries te situeren langs nauwkeurig genummerde superblokken en speciale stroken te reserveren voor handel en cultuur, cre\u00eberde Costa een logica die even rationeel als po\u00ebtisch was.<\/p>\n<p>Wandel onder de indrukwekkende parabolische bogen van de kathedraal van Bras\u00edlia \u2013 de hyperbolo\u00efde structuur gedragen door zestien slanke zuilen \u2013 en je voelt een stille gratie, alsof de lucht zelf door licht is gevormd. Deze heilige ruimte, voltooid in 1970, legt Niemeyers talent vast om monumentaliteit te combineren met gewichtloze elegantie. Elders rijst het gebouw van het Nationaal Congres op als twee enorme kommen, waarvan \u00e9\u00e9n omgekeerd, geflankeerd door twee torens: een visuele afkorting voor de wetgevende machtsverhoudingen.<\/p>\n<p>In het hart van het &#034;vliegtuig&#034; fungeert Pra\u00e7a dos Tr\u00eas Poderes als de cockpit van Bras\u00edlia. Rond een brede, spiegelende vijver staan \u200b\u200bhet Pal\u00e1cio do Planalto (uitvoerend orgaan), het Congres (wetgevend orgaan) en het Hooggerechtshof (rechterlijk orgaan) in stilzwijgende dialoog. Verderop langs de Monumentale As \u2013 de romp \u2013 omarmen twee brede, parallelle lanen de Esplanada dos Minist\u00e9rios, waar elk ministerie zijn eigen strook gazon en glas inneemt, als individuele vleugels die uit een centrale ruggengraat ontspringen.<\/p>\n<p>De woonvleugels van de stad, de zogenaamde &#034;vleugel A&#034; en &#034;vleugel B&#034;, herbergen superblokken met appartementen, ontworpen voor overheidsmedewerkers en hun gezinnen. Elk superblok nestelt clusters van gebouwen rond gemeenschappelijke groene ruimtes en speeltuinen, wat Costa&#039;s overtuiging weerspiegelt dat architectuur zowel collectieve behoeften als persoonlijk comfort moet dienen. De beplanting van Burle Marx \u2013 hoog gras, vuurrode crotons en kronkelende paden \u2013 verzacht de betonnen horizon en biedt beschutting tegen de middagzon.<\/p>\n<ul>\n<li>Kathedraal van Bras\u00edlia: Beroemd om zijn hyperbolo\u00efde vorm en gebrandschilderde ramen die van de vloer tot het plafond reiken. De slanke zuilen van de kathedraal zijn naar de hemel gericht, waardoor het zonlicht op de marmeren vloer speelt.<\/li>\n<li>Pal\u00e1cio da Alvorada: De offici\u00eble residentie van de president, bescheiden maar indrukwekkend, zweeft boven een spiegelende vijver, waarvan het silhouet in de vorm van een zuilengalerij wordt weerspiegeld in het stille water.<\/li>\n<li>Nationaal Congres: De twee torens en de komvormige wetgevende kamers belichamen de spanning en het evenwicht die inherent zijn aan democratisch bestuur.<\/li>\n<li>Supreme Federal Court: Een compacter, gebogen gebouw, dat de drie gebouwen op Pra\u00e7a dos Tr\u00eas Poderes completeert. De sobere glazen gevel straalt transparantie en overleg uit.<\/li>\n<\/ul>\n<p>Bras\u00edlia&#039;s gedurfde experiment bleef niet onopgemerkt. In 1987 plaatste UNESCO de stad op de Werelderfgoedlijst en prees haar als &#034;een uitstekend voorbeeld van de modernistische beweging in architectuur en stedenbouw&#034;. Drie decennia later, in 2017, eerde UNESCO Bras\u00edlia opnieuw als &#034;Stad van Design&#034;, waarmee de aanhoudende invloed op de creatieve industrie en het architectuurdiscours werd erkend. Deze benoemingen hebben de identiteit van de stad als laboratorium voor innovatie versterkt, waar galerie\u00ebn, ateliers en festivals een vruchtbare bodem vinden te midden van overheidsgebouwen.<\/p>\n<p>Naast haar rol als politiek zenuwcentrum van Brazili\u00eb, fungeert Bras\u00edlia als een belangrijk knooppunt voor internationale betrekkingen. Meer dan 120 buitenlandse ambassades bevinden zich in de ambassadesector en vormen een microkosmos van wereldwijde diplomatie. Gezanten wandelen van de ene kanselarij naar de andere in de schaduw van acaciabomen, terwijl cultureel attach\u00e9s tentoonstellingen co\u00f6rdineren die fragmenten van verre culturen naar deze geplande hoofdstad brengen.<\/p>\n<p>Reizigers komen aan via de op twee na drukste luchthaven van Brazili\u00eb, die Bras\u00edlia verbindt met alle belangrijke binnenlandse bestemmingen en een groeiend aantal internationale routes. Dagelijks vervoeren vliegtuigen ambtenaren, zakenmensen en toeristen naar de stad, wat de dubbele identiteit van Bras\u00edlia als bestuurlijke zetel en kruispunt van wereldwijde uitwisseling onderstreept.<\/p>\n<p>Bras\u00edlia heeft zijn waarde bewezen op het internationale sporttoneel. In 2013 organiseerde de stad wedstrijden van de FIFA Confederations Cup en een jaar later verwelkomde de stad duizenden voetbalfans voor het WK 2014, waar het stadion schitterde onder de equatoriale hemel. Tijdens de Olympische Zomerspelen van 2016 in Rio organiseerde de stad voorrondes van de voetbalwedstrijden, waarmee ze aantoonde dat ze evenementen van wereldformaat kan ondersteunen. Deze gebeurtenissen hebben een erfenis nagelaten van verbeterde infrastructuur \u2013 nieuwe wegen, uitgebreide openbaarvervoerslijnen en gerenoveerde sportlocaties \u2013 waar inwoners nog lang na het laatste fluitsignaal profijt van hebben.<\/p>\n<p>Juridisch gezien is Bras\u00edlia geen gemeente, maar maakt het deel uit van het Federaal District, een bestuurlijk gebied met een eigen gouverneur en een wetgevende kamer. Het district omvat 33 bestuurlijke regio&#039;s, elk met een zekere mate van lokale autonomie. De kern ervan wordt gevormd door het Plano Piloto, het oorspronkelijke &#039;pilotplan&#039; van Costa. Dit slanke, kruisvormige gebied bevat overheidsgebouwen, woonblokken en culturele instellingen \u2013 het kloppende hart van de hoofdstad. Bezoekers die buiten de grenzen treden, vinden kleinere steden en landelijke landschappen, een herinnering dat Bras\u00edlia zowel een metropool als een ode aan het Braziliaanse achterland is.<\/p>\n<p>Door Bras\u00edlia reizen is een ontmoeting met de wisselwerking tussen schaal en intimiteit. Sta op een van de voetgangersbruggen over de Monumentale As en je voelt je nietig tussen de eindeloze boulevards. Maar wanneer je een van de schaduwrijke parken instapt of stopt voor een tapiocapannekoek bij een kraampje langs de straat, sijpelt de warmte van de stad naar binnen. De nachten worden hier getemperd door een koele bries en onderbroken door het zachte schijnsel van straatlantaarns op gebogen gevels. Muzikanten verzamelen zich op het gazon voor het Nationaal Museum en spelen akkoorden terwijl gezinnen picknicken. Een gevoel van rust overheerst, zelfs terwijl het verkeer in de verte ruisend is.<\/p>\n<p>Bras\u00edlia laat zich niet gemakkelijk vergelijken. Het is noch antiek noch generiek; het is de fysieke manifestatie van de vastberadenheid van een land om zijn lot vorm te geven. Voor reizigers die zich aangetrokken voelen tot plekken waar architectuur boekdelen spreekt, waar planning po\u00ebzie wordt, biedt de hoofdstad zowel lessen als verrukkingen. Wandel door de lanen, sta stil onder de bogen van Niemeyer en u zult niet alleen het gewicht van ideologie voelen, maar ook de fragiele schoonheid van menselijke ambitie, weergegeven in steen en lucht. In Bras\u00edlia herbergt elke hoek een verhaal \u2013 en elk verhaal herinnert ons eraan dat zelfs de meest zorgvuldig geplande stad degenen die de tijd nemen om te luisteren, kan verrassen.<\/p>","protected":false},"excerpt":{"rendered":"<p>Bras\u00edlia, which stands in the Brazilian highlands, epitomizes modernist architectural ideas and creative urban planning. Originally founded on April 21, 1960, under President Juscelino Kubitschek, this city was meant to replace Rio de Janeiro as the next capital of Brazil. After S\u00e3o Paulo and Rio de Janeiro, Bras\u00edlia is today the third most populous city in Brazil as well as the seat of government. Its economic relevance is shown by its greatest GDP per capita among big Latin American cities.<\/p>","protected":false},"author":1,"featured_media":4060,"parent":7508,"menu_order":0,"comment_status":"closed","ping_status":"closed","template":"elementor_theme","meta":{"_eb_attr":"","footnotes":""},"class_list":["post-7628","page","type-page","status-publish","has-post-thumbnail"],"_links":{"self":[{"href":"https:\/\/travelshelper.com\/nl\/wp-json\/wp\/v2\/pages\/7628","targetHints":{"allow":["GET"]}}],"collection":[{"href":"https:\/\/travelshelper.com\/nl\/wp-json\/wp\/v2\/pages"}],"about":[{"href":"https:\/\/travelshelper.com\/nl\/wp-json\/wp\/v2\/types\/page"}],"author":[{"embeddable":true,"href":"https:\/\/travelshelper.com\/nl\/wp-json\/wp\/v2\/users\/1"}],"replies":[{"embeddable":true,"href":"https:\/\/travelshelper.com\/nl\/wp-json\/wp\/v2\/comments?post=7628"}],"version-history":[{"count":0,"href":"https:\/\/travelshelper.com\/nl\/wp-json\/wp\/v2\/pages\/7628\/revisions"}],"up":[{"embeddable":true,"href":"https:\/\/travelshelper.com\/nl\/wp-json\/wp\/v2\/pages\/7508"}],"wp:featuredmedia":[{"embeddable":true,"href":"https:\/\/travelshelper.com\/nl\/wp-json\/wp\/v2\/media\/4060"}],"wp:attachment":[{"href":"https:\/\/travelshelper.com\/nl\/wp-json\/wp\/v2\/media?parent=7628"}],"curies":[{"name":"wp","href":"https:\/\/api.w.org\/{rel}","templated":true}]}}