{"id":7405,"date":"2024-08-25T17:42:51","date_gmt":"2024-08-25T17:42:51","guid":{"rendered":"https:\/\/travelshelper.com\/staging\/?page_id=7405"},"modified":"2026-03-13T23:55:37","modified_gmt":"2026-03-13T23:55:37","slug":"colombia","status":"publish","type":"page","link":"https:\/\/travelshelper.com\/nl\/destinations\/south-america\/colombia\/","title":{"rendered":"Colombia"},"content":{"rendered":"<p>Colombia ontvouwt zich als een land van fascinerende contrasten: hoge Andesplateaus die bruisen van stedelijke energie; dampende laaglandjungles waar de groene stilte van de Amazone heerst; Caribische kusten omspoeld door warme zee\u00ebn; en Pacifische kusten gehuld in mist en dichte mangrovebossen. Met een oppervlakte van 1.141.748 vierkante kilometer claimt het een unieke plek op twee continenten, met zijn insulaire eilanden grenzend aan Noord-Amerikaanse wateren en zijn vasteland verankerd in Zuid-Amerika. De grenzen \u2013 gedeeld met Panama, Venezuela, Brazili\u00eb, Peru en Ecuador \u2013 schetsen een natie waarvan de identiteit evenzeer is gevormd door geografie als door geschiedenis, cultuur en een zich ontwikkelend burgerschap.<\/p>\n<p>In het hart van Colombia ligt de Andes, verdeeld in drie bergketens die de ruggengraat van het land vormen en de meest bevolkte steden herbergen. In het westen grenst de Cordillera Occidental aan de Stille Oceaan, met toppen die uittorenen boven dichtbegroeide kustvlaktes vol regenwoud en vaak in mist gehuld. Cali, doorsneden door de Cauca-rivier, ligt aan de oostelijke uitlopers ervan. Tussen de Cauca- en Magdalena-valleien ligt de Cordillera Central, met hoogtes boven de 5000 meter. Hier klampen de onrustige straten en koffiestadjes van Medell\u00edn zich vast aan hellingen, vol van de geur van orchidee\u00ebn en geroosterde bonen. De Cordillera Oriental strekt zich uit in noordoostelijke richting naar het schiereiland Guajira, met Bogot\u00e1 op zo&#039;n 2600 meter hoogte \u2013 een van &#039;s werelds hoogste hoofdsteden \u2013 en strekt zich uit tot Bucaramanga en C\u00facuta.<\/p>\n<p>Ten oosten van de bergen strekken de brede Llanos-graslanden zich uit tot in het Orinocobekken, waar hun seizoensgebonden overstromingen veeboerderijen en wildcorridors voeden. Verder naar het zuiden manifesteert het Amazonewoud zich als een groene kathedraal van biodiversiteit. De kustvlakten verschillen aanzienlijk: de noordelijke Caribische kust ligt grotendeels onder zonovergoten struikgewas, met uitzondering van de Sierra Nevada de Santa Marta \u2013 een kustgebergte dat abrupt oprijst tot meer dan 5700 meter \u2013 terwijl de Pacifische kust smal, regendoorweekt en dunbevolkt is. Colombia&#039;s dubbele kustlijn, aan de Atlantische en de Stille Oceaan, onderscheidt het van het continent; de maritieme grenzen liggen vlak bij die van Costa Rica, Nicaragua, Honduras, Jamaica, Ha\u00efti en de Dominicaanse Republiek.<\/p>\n<p>De menselijke aanwezigheid in dit gebied gaat minstens 14.000 jaar terug, toen jagers-verzamelaars de gevarieerde ecosystemen doorkruisten. Tegen de tijd dat de Europeanen arriveerden \u2013 Spaanse ontdekkingsreizigers die in 1499 bij La Guajira aan land gingen \u2013 floreerden er geavanceerde inheemse gemeenschappen in de hoog- en laaglanden. De Spaanse kroon vormde halverwege de zestiende eeuw het Nieuwe Koninkrijk Granada, met Santa Fe de Bogot\u00e1 als bestuurlijk hart. Gedurende eeuwen van koloniale overheersing stortten de bevolkingen in door ziektes en veroveringen, om zich vervolgens langzaam te herstellen toen er creoolse samenlevingen ontstonden.<\/p>\n<p>De onafhankelijkheid werd uitgeroepen in 1810, maar de strijd ging door tot Sim\u00f3n Bol\u00edvars campagnes in 1819 de bevrijding veiligstelden en de kortstondige republiek Groot-Colombia vorm kreeg. Experimenten met federalisme en centralisme volgden via de Granadijnse Confederatie (1858), de Verenigde Staten van Colombia (1863) en uiteindelijk de Republiek Colombia in 1886. Het verlies van Panama in 1903, onder internationale druk, hertekende de grenzen. Gedurende de twintigste eeuw tekenden interne conflicten en politiek geweld \u2013 die in de jaren zestig en negentig heviger werden \u2013 de nationale geschiedenis. Sinds het midden van de jaren 2000 begonnen verbeteringen op het gebied van veiligheid, institutionele hervormingen en economische groei het sociale landschap te veranderen.<\/p>\n<p>Het moderne Colombia is verdeeld in 32 departementen en een hoofdstedelijk district \u2013 Bogot\u00e1 \u2013 elk geleid door een gekozen gouverneur en een parlement. De departementen zijn onderverdeeld in gemeenten, verder onderverdeeld in corregimientos (plattelandsdistricten) en comunas (stedelijke districten), elk met lokale raden. Speciale districten \u2013 Barranquilla, Cartagena, Santa Marta en Buenaventura \u2013 genieten een administratieve status die hun maritieme, culturele of strategische prominentie weerspiegelt. Deze gelaagde bestuursstructuur streeft naar een evenwicht tussen regionale diversiteit en nationale samenhang.<\/p>\n<p>Colombia, met zo&#039;n 52 miljoen inwoners, staat qua bevolkingsomvang op de derde plaats in Latijns-Amerika. De demografische ontwikkeling \u2013 van vier miljoen aan het begin van de twintigste eeuw tot meer dan vijftig miljoen nu \u2013 weerspiegelt de daling van de vruchtbaarheid en het sterftecijfer en een verschuiving van het platteland naar de stad. Zesenzeventig procent woont nu in steden, voornamelijk in de Andescorridors. De bevolking van Bogot\u00e1 zelf is gegroeid van een paar honderdduizend in de jaren dertig tot bijna acht miljoen. Halverwege de eeuw vergrijst de bevolking: het aandeel boven de vijfenzestig is merkbaar begonnen te stijgen. Een bonte verzameling etniciteiten \u2013 afstammelingen van inheemse gemeenschappen, Spaanse en andere Europese kolonisten, Afrikaanse diasporagemeenschappen en golven van immigranten uit het Midden-Oosten en andere landen \u2013 voedt de culturele dynamiek van Colombia. Spaans bindt de natie, hoewel Engels, Creools en zo&#039;n vierenzestig inheemse talen regionale erkenning genieten.<\/p>\n<p>Colombia, aangewezen als een van de zeventien &#039;megadiverse&#039; landen, herbergt meer soorten per vierkante kilometer dan welk ander land dan ook. Het Amazonewoud, de Andes-p\u00e1ramo, de Pacifische mangrovebossen en het Caribische droge woud herbergen talloze planten en dieren die nergens anders voorkomen. Zes belangrijke natuurlijke regio&#039;s \u2013 de Andes, de Pacifische kust, de Caribische kust, de Llanos, de Amazone en de insulaire gebieden \u2013 vormen een moza\u00efek van habitats. Rivieren zoals de Magdalena en de Cauca kerven valleien uit die zowel dienen als ecologische corridors als handelsaders. Aardbevingen en vulkanen trillen onder het oppervlak, herinneringen aan de plaats van het land op de Ring van Vuur van de Stille Oceaan.<\/p>\n<p>De Colombiaanse economie, de op twee na grootste van Zuid-Amerika, combineert traditionele exportproducten \u2013 olie, steenkool, koffie en snijbloemen \u2013 met opkomende hightech-, diensten- en toerismesectoren. De macro-economische stabiliteit van de afgelopen decennia heeft buitenlandse investeringen aangetrokken, terwijl de armoedecijfers zijn gedaald en er een groeiende middenklasse is ontstaan. De gezondheidszorg, door de Wereldgezondheidsorganisatie geprezen als de sterkste van Latijns-Amerika, ondersteunt de ontwikkeling van menselijk kapitaal. Grote stedelijke centra \u2013 Bogota, Medell\u00edn, Cali, Barranquilla en Cartagena \u2013 fungeren als financi\u00eble, industri\u00eble en culturele motoren.<\/p>\n<p>De Colombiaanse cultuur resoneert met echo&#039;s van precolumbiaanse beschavingen, Spaanse koloniale instellingen, Afrikaans erfgoed en invloeden van immigranten uit Europa en het Midden-Oosten. Muziek varieert van Andes-bambucos tot Afro-Caribische cumbia; literatuur omvat inheemse orale tradities tot de magisch-realistische verhalen van Nobelprijswinnaar Gabriel Garc\u00eda M\u00e1rquez. Festivals \u2013 Carnaval de Barranquilla, Feria de las Flores in Medell\u00edn \u2013 combineren muziek, dans en rituelen in levendige openbare vertoningen.<\/p>\n<p>De keuken getuigt van regionale bijzonderheden. In de hooglanden verwarmt ajiaco \u2013 soep van aardappel, ma\u00efs en kip \u2013 de koele berglucht; aan de Caribische kust herinneren kokosrijst en gebakken vis aan zowel inheemse als Afrikaanse wortels. Arepas \u2013 ma\u00efskoekjes, puur of gevuld \u2013 zijn bij elke maaltijd te vinden, terwijl bonen, bakbananen en tropisch fruit zoals guan\u00e1bana, lulo en maracuy\u00e1 de tafels in het hele land opfleuren. Straatstalletjes serveren empanadas, aborrajados (zoete bakbananen met kaas) en bu\u00f1uelos; thuiskeukens produceren desserts zoals natillas en tres leches cake. Dranken vari\u00ebren van sterke tinto koffie tot suikerriet aguardiente, van champ\u00fas (fruit- en ma\u00efsdrank) tot verse vruchtensappen die de rijkdom van de boomgaarden van het land vieren.<\/p>\n<p>De geschiedenis van Colombia is noch statisch noch uniform. Het is een land dat voortdurend onderhandelt over zijn hooggebergtehoofdsteden en rivierachtige achterlanden, zijn herinneringen aan conflicten en zijn streven naar vrede, zijn rijke biodiversiteit en de druk van ontwikkeling. Bestuurlijke hervormingen, infrastructuurprojecten, natuurbehoudsinspanningen en culturele heroplevingsbewegingen getuigen allemaal van een samenleving die zowel terugkijkt als vooruitkijkt \u2013 die ernaar streeft haar voorouderlijke wortels te eren en tegelijkertijd nieuwe wegen te banen in een onderling verbonden wereld. In zijn uitgestrektheid en verscheidenheid blijft Colombia tegelijk vertrouwd en verrassend, een blijvend onderwerp van reflectie voor degenen die de wegen bewandelen, de rivieren bevaren en luisteren naar de vele stemmen die samen het zich ontvouwende verhaal vormen.<\/p>","protected":false},"excerpt":{"rendered":"<p>Located at the northwestern extremity of South America,\u00a0Colombia\u00a0is characterized by significant\u00a0diversity\u00a0and striking contrasts. Officially the\u00a0Republic of Colombia, this colorful nation covers more than 1.1 million square kilometers, ranking 26th among all the countries in the globe.\u00a0Colombia\u00a0acts as a\u00a0geographical\u00a0and\u00a0cultural link\u00a0between\u00a0South and Central America\u00a0with its strategic position between the\u00a0Pacific and Caribbean Seas.<\/p>","protected":false},"author":1,"featured_media":3844,"parent":24096,"menu_order":0,"comment_status":"closed","ping_status":"closed","template":"elementor_theme","meta":{"_eb_attr":"","footnotes":""},"class_list":["post-7405","page","type-page","status-publish","has-post-thumbnail"],"_links":{"self":[{"href":"https:\/\/travelshelper.com\/nl\/wp-json\/wp\/v2\/pages\/7405","targetHints":{"allow":["GET"]}}],"collection":[{"href":"https:\/\/travelshelper.com\/nl\/wp-json\/wp\/v2\/pages"}],"about":[{"href":"https:\/\/travelshelper.com\/nl\/wp-json\/wp\/v2\/types\/page"}],"author":[{"embeddable":true,"href":"https:\/\/travelshelper.com\/nl\/wp-json\/wp\/v2\/users\/1"}],"replies":[{"embeddable":true,"href":"https:\/\/travelshelper.com\/nl\/wp-json\/wp\/v2\/comments?post=7405"}],"version-history":[{"count":0,"href":"https:\/\/travelshelper.com\/nl\/wp-json\/wp\/v2\/pages\/7405\/revisions"}],"up":[{"embeddable":true,"href":"https:\/\/travelshelper.com\/nl\/wp-json\/wp\/v2\/pages\/24096"}],"wp:featuredmedia":[{"embeddable":true,"href":"https:\/\/travelshelper.com\/nl\/wp-json\/wp\/v2\/media\/3844"}],"wp:attachment":[{"href":"https:\/\/travelshelper.com\/nl\/wp-json\/wp\/v2\/media?parent=7405"}],"curies":[{"name":"wp","href":"https:\/\/api.w.org\/{rel}","templated":true}]}}