{"id":17423,"date":"2024-09-26T13:36:25","date_gmt":"2024-09-26T13:36:25","guid":{"rendered":"https:\/\/travelshelper.com\/staging\/?page_id=17423"},"modified":"2026-03-13T23:32:26","modified_gmt":"2026-03-13T23:32:26","slug":"araxa","status":"publish","type":"page","link":"https:\/\/travelshelper.com\/nl\/destinations\/south-america\/brazil\/araxa\/","title":{"rendered":"Arax\u00e1"},"content":{"rendered":"<p>Arax\u00e1, gelegen in de glooiende hooglanden van Minas Gerais, strekt zich uit over 1283 vierkante kilometer aan savanneplateaus en beboste heuvels. In 2022 telde de regio 111.691 inwoners en vormt het het middelpunt van een regio met acht gemeenten en 176.736 zielen (cijfers uit 2017). Hoewel de stadsgrens slechts 3,45 vierkante kilometer beslaat, beslaat Arax\u00e1 een landschap van bijna 10.000 vierkante kilometer, dat kleine steden en landgoederen tot \u00e9\u00e9n tapijt samenvoegt.<\/p>\n<p>Lang voordat de eerste boeren arriveerden, behoorde het verhaal van Arax\u00e1 toe aan het volk onder leiding van krijger Andaia-Aru. De Arax\u00e1s scheidden zich in de 16e eeuw af van de stam van de Cataguases en vestigden zich langs de Rio Grande en in de schaduw van de Serra da Canastra. Ongeveer een eeuw lang leefden ze in evenwicht met het land, totdat golf na golf van Europese expedities overspoelde, hunkerend naar hout en water. De spanningen liepen op, verdragen werden verbroken en halverwege de 17e eeuw werden de Arax\u00e1s verdreven van het land dat ze hadden gevormd.<\/p>\n<p>Onder de vlag van de Kapiteinschap van Minas Gerais stuurden de koloniale autoriteiten de bandeira van Campo In\u00e1cio Correia de Pamplona eropuit om het gebied in kaart te brengen en te claimen. In de daaropvolgende decennia verrezen er voorzichtig nederzettingen tussen de beken en heuvels, waar boeren een toekomst zochten in de dichte bossen. In 1791, toen een kleine groep boerderijen zich rond een kapel verzamelde, ontstond de parochie S\u00e3o Domingos de Arax\u00e1 \u2013 vernoemd naar de stichter van de Dominicanen. Veertig jaar later kreeg het de status van vila (stad) en op 19 december 1865 droeg het de naam Arax\u00e1 als erkende stad.<\/p>\n<p>Geografisch gezien ligt Arax\u00e1 op 973 meter boven zeeniveau, met rivieren en stroompjes door de aderen. In het noorden en noordwesten liggen Perdizes, terwijl Ibi\u00e1 in het oosten grenst, Tapira in het zuiden en Sacramento in het zuidwesten. Serra da Bocaina domineert de horizon met 1359 meter \u2013 de hoogste bergtop van de gemeente \u2013 terwijl het land tot 910 meter daalt bij de rivier de Capivara. Een gemiddelde jaartemperatuur van 20,98 \u00b0C en bijna twee meter regen per jaar zorgen voor zowel weelderige bossen als vruchtbare weilanden, een klimaat dat aangenaam genoeg is voor ontspannen middagen onder een weidse hemel.<\/p>\n<p>Toen het Barreiro Hydrothermale en Hotelcomplex in de jaren 40 zijn deuren opende, transformeerden de mineraalrijke bronnen van Arax\u00e1 de economie. Bezoekers kwamen baden in water waarvan men geloofde dat het reuma en huidaandoeningen verlichtte; overdag genoten ze van therapeutische modderbehandelingen en &#039;s avonds dansten ze onder kroonluchters.<\/p>\n<p>Het Grande Hotel, geopend in 1944 door gouverneur Benedito Valadares samen met president Get\u00falio Vargas, belichaamde dit tijdperk van roem. Met zijn indrukwekkende art-decogevels en terrassen die uitkijken over de kuurtuinen, werd het al snel het decor voor politieke bijeenkomsten, artistieke avonden en gala&#039;s. Zelfs vandaag de dag herinneren de marmeren gangen en hoge balzalen aan een tijdperk van elegantie dat de Braziliaanse elite naar dit kuuroord in het binnenland trok.<\/p>\n<p>De allure van het zilveren scherm: \u201cDona Beija\u201d en verder<br \/>\nArax\u00e1&#039;s bredere bekendheid bereikte televisieschermen in de jaren 80 met de telenovela &#034;Dona Beija&#034;. De serie, die draaide om het leven van een legendarische lokale heldin \u2013 naar verluidt had ze schaafwonden van de thermale baden op haar huid \u2013 schilderde de koloniale huizen, zonovergoten pleinen en kronkelende beekjes van Arax\u00e1 tot in de woonkamers van het hele land. Toeristen, verleid door de geromantiseerde vergezichten van de serie, begonnen de straten en fonteinen te verkennen waar het drama zich afspeelde.<\/p>\n<p>Onder het oppervlak herbergt Arax\u00e1 een van de rijkste niobiumreserves ter wereld \u2013 genoeg om bijna vijf eeuwen lang aan de wereldwijde vraag te voldoen. Companhia Brasileira de Metalurgia e Minera\u00e7\u00e3o (CBMM) leidt de winning en verwerking en voorziet de lucht- en ruimtevaartindustrie van gespecialiseerde staalsoorten en legeringen voor straalmotoren, raketten en hogetemperatuurapparatuur. Vlakbij exploiteert Vale Fertilizantes SA de grootste superfosfaatfabriek van Brazili\u00eb, die fosfaatconcentraten produceert die essentieel zijn voor meststoffen.<\/p>\n<p>In 2005 bereikte het bbp van Arax\u00e1 1,439 miljard real, vrijwel gelijk verdeeld over de industrie en de dienstensector. Dat jaar werkten 2865 mensen in de industrie, 1498 in de bouw, 7636 in de handel, 1296 in de horeca en 2691 in het openbaar bestuur \u2013 cijfers die wijzen op een evenwichtige economie.<\/p>\n<p>Wie vandaag de dag het centrum van Arax\u00e1 binnenstapt, ziet heldere gevels langs geplaveide straten. Het middagzonlicht schijnt door de takken van eeuwenoude bomen in Pra\u00e7a Governador Valadares, waar ouderen koffie drinken in caf\u00e9s op de hoek en kinderen duiven jagen bij de fontein. Verkopers verkopen vers gebrande koffiebonen \u2013 een andere regionale specialiteit \u2013 en pastelaria&#039;s bieden pastel de queijo aan die lang warm blijven nadat ze uit de frituurpan zijn gehaald.<\/p>\n<p>Buiten de stadsgrenzen strekken zo&#039;n 405 landgoederen zich uit over 68.000 hectare, waar zo&#039;n 1.500 mensen het land bewerken. Zo&#039;n 65.000 stuks vee produceren dagelijks een half miljoen liter melk (cijfers uit 2004), terwijl varkens- en pluimveehouderijen de lokale markt bevoorraden. Sojabonen-, ma\u00efs- en koffievelden zorgen voor een gevarieerde oogst, en 22 kleine distilleerderijen maken cacha\u00e7a \u2013 een krachtige suikerrietlikeur die verweven is met het Braziliaanse culturele erfgoed.<\/p>\n<p>Het verhaal van Arax\u00e1 blijft in beweging: het kuuroord innoveert met nieuwe therapie\u00ebn; CBMM ontwikkelt geavanceerde materialen; boeren testen duurzame praktijken. Nieuwe festivals vieren het prekoloniale erfgoed en de kunsten, terwijl galerie\u00ebn en ambachtsmarkten lokale schilders en beeldhouwers in de schijnwerpers zetten. Maar onder elke moderne vooruitgang schuilt het gezoem van die minerale bronnen en de herinnering aan de beschaduwde rivieren waar de Arax\u00e1s voor het eerst hun claim legden.<\/p>\n<p>In deze stad van geneeskrachtig water, industri\u00eble wonderen en landelijke rust lijkt de tijd zich op twee sporen te bewegen: \u00e9\u00e9n spoor dat oeroude bronnen en inheemse moed eert, en het andere dat Brazili\u00eb naar nieuwe grenzen van wetenschap en handel stuwt. De stille kracht van Arax\u00e1 blijft bestaan, zowel in de stoom die opstijgt uit de thermale baden als in de polsslag van een gemeenschap gevormd door het land, de geschiedenis en de mensen die het aandurfden te blijven.<\/p>","protected":false},"excerpt":{"rendered":"<p>With a population of 111,691 as of 2022 Arax\u00e1 is a colorful municipality tucked away in the Minas Gerais state in Western Brazil. Situated about 370 kilometers northwest of the state capital Belo Horizonte, this vibrant metropolis covers an amazing 1,283 square kilometres, with 3.45 square kilometres set aside as the urban boundary. Comprising eight municipalities and spanning an area of 9,493.902 square kilometers with a combined population of 176,736 as of 2017, Arax\u00e1 forms the center point of the Immediate Geographic Region.<\/p>","protected":false},"author":1,"featured_media":17461,"parent":7508,"menu_order":0,"comment_status":"closed","ping_status":"closed","template":"elementor_theme","meta":{"_eb_attr":"","footnotes":""},"class_list":["post-17423","page","type-page","status-publish","has-post-thumbnail"],"_links":{"self":[{"href":"https:\/\/travelshelper.com\/nl\/wp-json\/wp\/v2\/pages\/17423","targetHints":{"allow":["GET"]}}],"collection":[{"href":"https:\/\/travelshelper.com\/nl\/wp-json\/wp\/v2\/pages"}],"about":[{"href":"https:\/\/travelshelper.com\/nl\/wp-json\/wp\/v2\/types\/page"}],"author":[{"embeddable":true,"href":"https:\/\/travelshelper.com\/nl\/wp-json\/wp\/v2\/users\/1"}],"replies":[{"embeddable":true,"href":"https:\/\/travelshelper.com\/nl\/wp-json\/wp\/v2\/comments?post=17423"}],"version-history":[{"count":0,"href":"https:\/\/travelshelper.com\/nl\/wp-json\/wp\/v2\/pages\/17423\/revisions"}],"up":[{"embeddable":true,"href":"https:\/\/travelshelper.com\/nl\/wp-json\/wp\/v2\/pages\/7508"}],"wp:featuredmedia":[{"embeddable":true,"href":"https:\/\/travelshelper.com\/nl\/wp-json\/wp\/v2\/media\/17461"}],"wp:attachment":[{"href":"https:\/\/travelshelper.com\/nl\/wp-json\/wp\/v2\/media?parent=17423"}],"curies":[{"name":"wp","href":"https:\/\/api.w.org\/{rel}","templated":true}]}}