{"id":17047,"date":"2024-09-25T13:00:33","date_gmt":"2024-09-25T13:00:33","guid":{"rendered":"https:\/\/travelshelper.com\/staging\/?page_id=17047"},"modified":"2026-03-12T20:59:37","modified_gmt":"2026-03-12T20:59:37","slug":"calimanesti","status":"publish","type":"page","link":"https:\/\/travelshelper.com\/nl\/destinations\/europe\/romania\/calimanesti\/","title":{"rendered":"C\u0103lim\u0103ne\u0219ti"},"content":{"rendered":"<p>C\u0103lim\u0103ne\u0219ti-C\u0103ciulata is een klein kuuroord met 7348 inwoners (volkstelling 2021) in het district V\u00e2lcea in het zuiden van Roemeni\u00eb. Het omvat het noordelijke deel van het district langs beide oevers van de Olt en grenst aan de lagere hellingen van de Zuidelijke Karpaten. Het ligt aan het zuidelijke uiteinde van de vallei van de Olt en vormt een historische doorgangsroute tussen de vlakten van Olteni\u00eb en de hoogten van Transsylvani\u00eb. De stedelijke voetafdruk strekt zich uit van de minerale bronnen van C\u0103ciulata tot de oude stadskern van Cozia.<\/p>\n<p>De oorsprong van C\u0103lim\u0103ne\u0219ti ligt diep in de oudheid, waar Dacische herders voor het eerst de therapeutische eigenschappen van het thermale water herkenden. Het vroegst gedocumenteerde hoofdstuk van de plaats dateert uit de laat-Romeinse tijd, toen keizerlijke legioenen in 138 n.Chr. het fort Arutela in Bivolari stichtten \u2013 Arutela is de Romeinse benaming voor de Olt. Deze vesting vormde de basis voor een bloeiende nederzetting op het platteland, die de contouren van de rivier en de steile helling van wat volgens de inheemse traditie de heilige Dacische berg Kogaionon (de huidige berg Cozia) werd genoemd, weerspiegelde. Toen de keizerlijke grens verdween, bleef die nederzetting bestaan, gevormd door migratiegolven, de opkomst en ondergang van vorstendommen en het blijvende magnetisme van de bronnen.<\/p>\n<p>In 1388 wijdde voivode Mircea de Oudere het Cozia-klooster in het hart van C\u0103lim\u0103ne\u0219ti in, waarmee hij 20 mei markeerde als de stichtingsdatum van de gemeenschap. Mircea&#039;s schenking, opgericht op het voormalige landgoed van zijn bojaar Nan Udob\u0103, getuigde van meer dan alleen vroomheid: het verweefde de plek met het ontluikende tapijt van de Walachijse staat. Onder opeenvolgende heersers, waaronder Matei Basarab, werd het klooster zowel een dynastiek mausoleum als een herkenningspunt voor de gelovigen. Legenden vertellen dat Mircea zelf verkoeling zocht in het zwavelhoudende water vlak bij zijn stichting; eeuwen later zou de entourage van zijn opvolger volgen.<\/p>\n<p>Het middeleeuwse dorp dat zich rond Cozia ontwikkelde, was slechts een van de vijf landelijke gehuchten die tegenwoordig door de stad worden bestuurd: naast C\u0103ciulata liggen Jiblea Nou\u0103, Jiblea Veche, Seaca en P\u0103u\u0219a. Van deze vijf groeide C\u0103ciulata uit tot de badplaats, aangetrokken door een overvloed aan warmwaterbronnen en de nabijheid van de heilige plaatsen van Cozia. Halverwege de 19e eeuw omzeilde C\u0103lim\u0103ne\u0219ti de gebruikelijke evolutie van gehucht naar stad en verwierf het direct de status van badplaats \u2013 een bewijs van de faam van het water. Toen Dr. Carol Davila Bron nr. 1 aan keizer Napoleon III in Parijs prees, bracht de keizerlijke koerier mineraalwater in flessen naar de Tuilerie\u00ebn. Op zijn beurt maakte Frans Jozef van Oostenrijk-Hongarije gebruik van de balneotherapie.<\/p>\n<p>In de loop van de 20e eeuw ontstonden aan de voet van C\u0103ciulata oevers van hotels, sanatoria en een paviljoenachtig Centraal Hotel, elk uitgerust voor zowel externe baden als interne kuren. Villa&#039;s en casino&#039;s in Zwitserse stijl sierden ooit het enige eiland in het binnenland van de Olt, Ostrov, waar de popic\u0103rie (bowlingbaan) aan de rivier en het podium aan de rivier de lokale festiviteiten omlijstten. Zelfs de kluizenaarswoning van het eiland, gesticht door Neagoe Basarab, ontving bezoekers te midden van eeuwenoude sparren. Waterbouwkundige werken in de jaren 70 verhoogden het aanzien van het eiland, maar kapten het eerbiedwaardige bos; het casino raakte in verval en vervangende aanplant heeft de oorspronkelijke grandeur van het bos nog niet teruggevonden.<\/p>\n<p>De bevolkingsontwikkeling van C\u0103lim\u0103ne\u0219ti weerspiegelt bredere maatschappelijke stromingen. De volkstelling van 1930 telde 2876 inwoners; in 1956 was dat aantal verdubbeld tot 6651, aangewakkerd door de naoorlogse ontwikkeling. Een groei halverwege de vorige eeuw bracht het aantal inwoners in 1977 op 8095 en in 1992 op een postcommunistisch hoogtepunt van 9131. Sindsdien is de stad gekrompen: 8923 in 2002, 7622 in 2011 en 7348 in 2021. Etnisch gezien vormen Roemenen 82,5 procent van de bevolking, de Roma zo&#039;n 5,4 procent en is 12,0 procent niet-geregistreerd; religieus gezien is 86,3 procent orthodox en 12,9 procent onbekend.<\/p>\n<p>De gelaagde sporen van geloof en rijk doordringen de omgeving van C\u0103lim\u0103ne\u0219ti. Het Romeinse fort Arutela is in fragmentarische steen bewaard gebleven in Bivolari, met zijn kampement grenzend aan de moderne waterkrachtcentrale van Cozia. Daarvoor klommen Dacische en Romeinse gelovigen naar de hoogten van Cozia; in het beboste massief liggen het St\u0103ni\u0219oara-klooster, zo&#039;n zes kilometer van de stad, en het Turnu-klooster, verscholen in de indrukwekkende hooglanden. De Hermitage van Sint-Jan \u2013 &#034;De Kerk onder de Rots&#034; \u2013 staat op een richel, terwijl de Hermitage van Ostrov het oudste nonnenklooster van Walachije is. Op de flank van Cozia bewaart een rotsachtige kaap, de Tafel van Trajanus, de overlevering van het bivak van de keizer tijdens zijn Dacische veldtocht \u2013 en inspireerde Dimitrie Bolintineanu tot zijn gedichten.<\/p>\n<p>Natuurlijke taferelen zijn er in overvloed. De waterval van Lotri\u0219or stort zich in een nauwe kloof, amper zes kilometer oostwaarts. De waterval van Urzicii, of Gardului, stort zeventien meter naar beneden langs een zijrivier van de P\u0103u\u0219a. Daarachter beslaat het Cozia Nationaal Park zo&#039;n 17.000 hectare bos in de Zuidelijke Karpaten \u2013 beuken, dennen, sparren en eiken die in lagen afdalen naar de Olt, waar tulpen, de endemische Cozia-roos (Centaurea stoebe coziensis) en andere alpiene Balkansoorten floreren. Bruine beren, wolven, lynxen, wilde katten, herten en steenbokken uit de Karpaten zwerven over de hoogten; gewone en gehoornde adders zonnen op de zonovergoten rotsen.<\/p>\n<p>Culturele grootheden hebben even stilgestaan \u200b\u200bin de schaduw van C\u0103lim\u0103ne\u0219ti. In september 1882 betreurde Mihai Eminescu het verval van Cozia&#039;s basiliek en kloostercomplex \u2013 &#034;een historisch monument bijna zo oud als het land&#034; \u2013 en meldde in Timpul dat de laatste rustplaats van Walachije&#039;s grootste woiwode was omgebouwd tot &#034;een gevangenis&#034;. In de winter van 1909 overwinterde Octavian Goga in C\u0103ciulata, waar hij zijn boek &#034;La \u00abP\u0103m\u00e2ntul ne cheam\u0103\u00bb voorbereidde, terwijl hij uitkeek over de bevroren Olt.<\/p>\n<p>De sociale structuur van het resort was ooit voelbaar in de studentenkampen van C\u0103ciulata, waar generaties schoolkinderen samenkwamen voor hun wandelingen naar Turnu, St\u0103ni\u0219oara, de Hermitage van St. Johannes of de Cozia-berg. Dansende terrassen zorgden voor levendige avonden onder de sterrenhemel \u2013 herinneringen vervagen nu veel villa&#039;s stilvallen.<\/p>\n<p>Tegenwoordig is kuurtoerisme de kernactiviteit van C\u0103lim\u0103ne\u0219ti, waarvan de faciliteiten wachten op renovatie in het kader van nieuwe investeringen. Het treinstation van de stad, gebouwd in 1899, heeft zijn historische gevel behouden, zelfs nu moderne wagons op het perron stoppen. De stadsbibliotheek van AE Baconschi, ooit een casino op het eiland Ostrov, staat op de lijst van historische monumenten van Roemeni\u00eb, een herinnering dat recreatie en rust hier al lang onlosmakelijk met elkaar verbonden zijn.<\/p>\n<p>Voor een reiziger die aankomt via DN7 \u2013 de op \u00e9\u00e9n na drukste weg in Roemeni\u00eb, die de Walachijse vlakte verbindt met Transsylvani\u00eb en verder naar Centraal-Europa \u2013 ontvouwt de stad zich als een palimpsest van geologie, geschiedenis en devotie. De warmwaterbronnen, door de eeuwen heen uitgehouwen door ondergrondse warmte; de \u200b\u200bkloosterfundamenten, gewijd door middeleeuwse voivodes; het Romeinse metselwerk, verweerd door de tijd; de bosrijke parken, weelderig met endemische flora en fauna: alles komt samen langs de rustige stroming van de Olt. Hier, tussen de rotspartijen in het hoogland en de rivieren, kan een bezoeker de gelaagde continu\u00efteit van de plek voelen: een continu\u00efteit die, zelfs met veranderende bevolkingsaantallen en een wisselend doel, verbonden blijft met de bronnen die oorspronkelijk zowel herders als heiligen aantrokken.<\/p>\n<p>In de 21e eeuw staat C\u0103lim\u0103ne\u0219ti-C\u0103ciulata op het kruispunt van behoud en vernieuwing. De vervallen sanatoria en stille casino&#039;s wachten op restauratie; de \u200b\u200bbosjes en kluizenaarshuizen verdienen een beschermde zorg; het water vereist dezelfde wetenschappelijke nauwkeurigheid die de Dacische nieuwsgierigheid wekte. Nu de stad op zoek is naar nieuwe klanten voor haar kuuroord, is de uitdaging om commercie en zorg in evenwicht te brengen, tradities van genezing te eren zonder ze te reduceren tot spektakel, en de stille diepgang van de plek te beschermen die weerklinkt in elke steen, elk beekje van Cozia en elke ademtocht te midden van de Karpaten. Zo kan C\u0103lim\u0103ne\u0219ti haar eeuwenoude verbond tussen cultuur en geneeskunde in stand houden en ervoor zorgen dat haar verhaal blijft voortbestaan \u200b\u200bals levend monument en levend kuuroord.<\/p>","protected":false},"excerpt":{"rendered":"<p>C\u0103lim\u0103ne\u0219ti, ook wel bekend als C\u0103lim\u0103ne\u0219ti-C\u0103ciulata, is een schilderachtig stadje in het zuiden van Roemeni\u00eb, met name in de provincie V\u00e2lcea. Genesteld in het historische Oltenia, geniet dit stadje een dominante ligging aan de noordkant van de provincie. Met 7348 inwoners (volgens de volkstelling van 2021) vertoont C\u0103lim\u0103ne\u0219ti een lichte daling ten opzichte van voorgaande jaren. De geschiedenis en groei van de stad zijn sterk be\u00efnvloed door de bijzondere ligging aan het zuidelijke uiteinde van de vallei van de Olt, die de Zuidelijke Karpaten passeert en langs de oude weg die Oltenia met Transsylvani\u00eb verbindt.<\/p>","protected":false},"author":1,"featured_media":17584,"parent":11908,"menu_order":0,"comment_status":"closed","ping_status":"closed","template":"elementor_theme","meta":{"_eb_attr":"","footnotes":""},"class_list":["post-17047","page","type-page","status-publish","has-post-thumbnail"],"_links":{"self":[{"href":"https:\/\/travelshelper.com\/nl\/wp-json\/wp\/v2\/pages\/17047","targetHints":{"allow":["GET"]}}],"collection":[{"href":"https:\/\/travelshelper.com\/nl\/wp-json\/wp\/v2\/pages"}],"about":[{"href":"https:\/\/travelshelper.com\/nl\/wp-json\/wp\/v2\/types\/page"}],"author":[{"embeddable":true,"href":"https:\/\/travelshelper.com\/nl\/wp-json\/wp\/v2\/users\/1"}],"replies":[{"embeddable":true,"href":"https:\/\/travelshelper.com\/nl\/wp-json\/wp\/v2\/comments?post=17047"}],"version-history":[{"count":0,"href":"https:\/\/travelshelper.com\/nl\/wp-json\/wp\/v2\/pages\/17047\/revisions"}],"up":[{"embeddable":true,"href":"https:\/\/travelshelper.com\/nl\/wp-json\/wp\/v2\/pages\/11908"}],"wp:featuredmedia":[{"embeddable":true,"href":"https:\/\/travelshelper.com\/nl\/wp-json\/wp\/v2\/media\/17584"}],"wp:attachment":[{"href":"https:\/\/travelshelper.com\/nl\/wp-json\/wp\/v2\/media?parent=17047"}],"curies":[{"name":"wp","href":"https:\/\/api.w.org\/{rel}","templated":true}]}}