{"id":16242,"date":"2024-09-22T19:00:46","date_gmt":"2024-09-22T19:00:46","guid":{"rendered":"https:\/\/travelshelper.com\/staging\/?page_id=16242"},"modified":"2026-03-11T23:15:39","modified_gmt":"2026-03-11T23:15:39","slug":"podebrady","status":"publish","type":"page","link":"https:\/\/travelshelper.com\/nl\/destinations\/europe\/czech-republic\/podebrady\/","title":{"rendered":"Pod\u011bbrady"},"content":{"rendered":"<p>Pod\u011bbrady ligt in een flauwe bocht van de Elbe, met zijn compacte kuuroord en historische kern op slechts zo&#039;n veertig kilometer ten oosten van Praag langs de moderne snelweg D11. Het kadastrale oppervlak van de stad, zo&#039;n 33,7 vierkante kilometer, ligt in het brede Polabische Laagland, met een hoogteverschil van nauwelijks 184 tot 190 meter boven zeeniveau. Deze uitgestrekte vlakte, intensief bewerkt maar onderbroken door fragmenten ooibos, heeft sinds de vroegste paleolithische jagers, die het wild langs de meanderende oevers van de rivier volgden, menselijke nederzettingen gevormd.<\/p>\n<p>Van die verre millennia tot op de dag van vandaag is het lot van Pod\u011bbrady nauw verbonden met zijn waterlopen. In 1262 erkende koning P\u0159emysl Otakar II zowel de strategische als de esthetische waarde van deze locatie. Hij gaf opdracht tot de bouw van een stenen waterkasteel op de plaats waar voorheen een eenvoudig versterkt landhuis had gestaan, als ankerpunt voor een nederzetting aan de oever van de rivier. In de loop der eeuwen werd de oorspronkelijke vesting omgebouwd tot het elegante kasteel van Pod\u011bbrady, waarbij het statige metselwerk en de sierlijke binnenplaatsen de kern vormden waarrond de identiteit van de stad zich ontwikkelde.<\/p>\n<p>Het huis Kun\u0161t\u00e1t, later Kun\u0161t\u00e1t\u2011Pod\u011bbrad\u0161t\u00ed genoemd, verwierf hier een blijvende erfenis. Onder hun leiding, met name die van George van Pod\u011bbrady, bloeide het landgoed op. In 1472 gaven Georges zonen de nederzetting officieel de status van een stad en verleenden haar de privileges en verantwoordelijkheden van een stad. Na Georges aantreden als koning van Bohemen verwierf Pod\u011bbrady zowel aanzien als een zekere mate van koninklijke bescherming, wat de welvaart tot in de late middeleeuwen ondersteunde. Het bestuur ging in 1495 over naar de koninklijke kamer en in 1839 naar particuliere handen onder de Weense financier Georg von Sina.<\/p>\n<p>Toch was het het jaar 1905 dat de bestemming van Pod\u011bbrady onherroepelijk veranderde. Een minerale bron, die op een diepte van bijna 98 meter op de binnenplaats van het kasteel ontsprong, onthulde koolzuurhoudend, ijzerrijk water met een vermaarde therapeutische werking. In 1908 stond het eerste kuurpaviljoen er al, en in de decennia die volgden ontwikkelde de stad zich tot een centrum voor cardiovasculaire behandelingen. Het met pijnbomen beschaduwde park, aangelegd in de jaren 30 naar ontwerpen van Vojt\u011bch Kerhart, breidde zich uit richting het treinstation, dat in 1932 het eerste functionalistische eindpunt van Bohemen werd.<\/p>\n<p>Tegenwoordig is het kuurpark nog steeds het middelpunt van het stadsleven, een uitgestrekte vlakte waar gietijzeren zuilengalerijen mineraalwaterfonteinen herbergen en een beroemde bloemenklok de verstrijkende uren aangeeft naast een grillige bronzen dwerg die de tijd aangeeft. Rondom het park verrijzen villa&#039;s en guesthouses van Josef Fanta, voorzieningen zoals het kuurhuis Libensk\u00fd en de gebouwen van het Centrale en Zomerkuuroord, waarvan de strakke lijnen getuigen van de omarming van de moderniteit tijdens het interbellum.<\/p>\n<p>Het historische centrum van Pod\u011bbrady, sinds 1992 beschermd als stedelijk beschermd gebied, bewaart de kenmerken van de middeleeuwse en vroegmoderne ontwikkeling. Op het Ji\u0159\u00edplein bevinden zich nog steeds het poortgebouw van het kasteel en het 19e-eeuwse monument voor Koning George, gemaakt door Bohuslav Schnirch, een van de hoogtepunten van de Tsjechische monumentale beeldhouwkunst. De Mariazuil uit 1765 getuigt als een sobere getuige van de pest van 1714. Aan de rand van het plein staan \u200b\u200bbezienswaardigheden uit de tijd van de stad: het renaissancestadhuis, nu de stadsbibliotheek; het neorenaissancestadhuis uit 1906; en het gebouw van de spaarbank uit 1899, waarvan de elegante gevel herinnert aan de fin-de-si\u00e8cle-zelfvertrouwen van het Oostenrijks-Hongaarse rijk.<\/p>\n<p>Buiten deze kernlocaties vertoont de stad opeenvolgende groeifasen. De wijk B\u011blidla ontstond ten oosten van de Kerk van de Verheffing van het Heilige Kruis halverwege de 18e eeuw, terwijl de buitenwijk Hr\u00e1z ontstond op de drooggelegde bedding van de oude voorstadsvijver. De komst van de spoorlijn in 1870, en de daaropvolgende verdubbeling van het spoor en elektrificatie, leidden tot een uitbreiding tot een moderne tuinwijk, ontworpen door Franti\u0161ek Janda, nu bekend als \u017di\u017ekov. Ook het neofunctionalisme liet zijn sporen na, van de landbouwschool en het postkantoor van Kerhart tot de Tsjechoslowaakse Hussietenkerk van Josef Semer\u00e1d.<\/p>\n<p>De natuur is overvloedig aanwezig in de wijdere omgeving. Een blinde arm van de Elbe, plaatselijk bekend als de Skupice, herinnert aan de vroegere loop van de rivier v\u00f3\u00f3r de regulering. Oostelijk langs de Cidlina ligt het nationale natuurreservaat Libick\u00fd luh, een overgebleven fragment van de uitgestrekte vloedbossen die ooit het laagland bedekten. In de buurt liggen reservaten bij \u017dehu\u0148sk\u00e1 obora, de zandbanken van P\u00edse\u010dn\u00fd presyp, het beboste B\u00e1\u0148 en de wijnheuvel Vinn\u00fd vrch. Het relatief warme klimaat van de regio \u2013 met een gemiddelde jaartemperatuur rond de 9 \u00b0C \u2013 brengt een vroege lente en een laat aanhoudende herfst; sneeuw blijft zelden langer dan een paar dagen liggen, terwijl winterse inversies en bevroren mist een strenge charme geven aan het rivierlandschap.<\/p>\n<p>Demografisch gezien is Pod\u011bbrady lange tijd bescheiden gebleven. De bevolking van ongeveer vijftienduizend inwoners beslaat vijf kadastrale gebieden \u2013 Pod\u011bbrady zelf, Polabec, Velk\u00e9 Zbo\u017e\u00ed, Kluk en P\u0159edn\u00ed Lhota \u2013 verspreid over 3.369,7 hectare. Volgens de volkstelling van 2001 gaf bijna twee derde van de inwoners aan geen religieuze overtuiging te hebben; van degenen die dat wel hadden, bleef de Rooms-Katholieke Kerk de belangrijkste. Ooit de thuisbasis van een kleine Joodse gemeenschap, zag Pod\u011bbrady, net als veel steden in Midden-Europa, die aanwezigheid tijdens de Holocaust verdwijnen.<\/p>\n<p>De cultuur in Pod\u011bbrady speelt zich af op een intiem, lokaal podium. Het Na Kov\u00e1rn\u011b Theater en de Kasteelbioscoop bevinden zich op de binnenplaatsen van het kasteel. Het voormalige theater biedt plaats aan 233 bezoekers in een ruimte die is gerestaureerd naar de 19e-eeuwse stijl. Het Polabsk\u00e9 Museum is gevestigd in het voormalige middeleeuwse ziekenhuis, gesticht door Kunhuta van \u0160ternberk. De barokke voorgevel doet denken aan de gebouwen binnenin: een kapel waar de geboortezaal van Koning George nu Schnirchs originele monument tentoonstelt, naast houten monoxylboten uit de 10e eeuw. Satellietcollecties \u2013 in Lys\u00e1 nad Labem, Ro\u017e\u010falovice, Sadsk\u00e1 en M\u011bstec Kr\u00e1lov\u00e9 \u2013 breiden het bereik van de instelling uit naar de hele regio.<\/p>\n<p>De stadsbibliotheek van Pod\u011bbrady zet de burgerlijke tradities voort die sinds 1930 in het renaissancestadhuis zijn gevestigd, en de Ludv\u00edk Kuba-galerij aan de rand van het kuurpark toont werken die de landschappen en ritmes van de Polabische vlakte weerspiegelen. Jaarlijkse festivals kenmerken de kalender: het Historisch Festival van Koning George brengt middeleeuwse pracht en praal; Po\u00ebziedagen brengen schrijvers en voorlezers bijeen in de nazomer; de Europe Plays Kmocha-blaaswedstrijd trekt internationale ensembles; het FEMAD-jeugdtheaterfestival, majorettekampioenschappen en het muziekevenement Barvy l\u00e9ta brengen leven in de brouwerij op pleinen en in parken. De Prix Bohemia Radio in oktober viert de kunst van het hoorspel en sinds 2016 presenteert het Soundtrack Pod\u011bbrady-festival filmmuziek en multimediavoorstellingen.<\/p>\n<p>Transportwegen volgen zowel oude als moderne routes. Pod\u011bbrady&#039;s oorsprong ligt bij een doorwaadbare plaats in de Kladsk\u00e1-weg, een handelsroute die Praag met Silezi\u00eb en Polen verbond. Begin 19e eeuw verbonden rijkswegen de stad met Hradec Kr\u00e1lov\u00e9 via de P\u0159edm\u011bstsk\u00fd rybn\u00edk-dam en met Kol\u00edn, Nymburk en verder, waar de snelwegen D11 en de hoofdwegen I\/38, II\/611, I\/32 en II\/329 ontspringen die de stad tegenwoordig bedienen. Binnen de gemeentegrenzen overspannen zeven bruggen de Elbe, van de stenen overstromingsbrug uit 1828-1831 en de stalen opvolger uit 2008 in het midden, tot de gaspijpleidingbrug bij Velk\u00e9 Zbo\u017e\u00ed. Voetgangers steken de brug over via een 122 meter lange voetgangersbrug die in 2002 bij de waterkrachtcentrale werd gebouwd. Deze brug is eveneens een ontwerp van Anton\u00edn Engel en is inmiddels beschermd als nationaal cultureel monument.<\/p>\n<p>Spoorwegverbindingen onderhouden de verbindingen van Pod\u011bbrady al sinds 1870. De dubbelsporige, ge\u00eblektrificeerde lijn 231 van de Oostenrijkse Nordwestbahn verzorgt snel- en streekdiensten naar Praag, Kol\u00edn, Hradec Kr\u00e1lov\u00e9 en verder. Elke werkdag stoppen er zo&#039;n vijftig treinen bij het centraal station van de stad en de halte Velk\u00e9 Zbo\u017e\u00ed. Ooit beladen met kolen voor de elektriciteitscentrale Chvaletice, heeft de commerci\u00eble vaart op de Elbe plaatsgemaakt voor pleziervaartuigen \u2013 van het cruiseschip Kr\u00e1l Ji\u0159\u00ed tot particuliere sportboten \u2013 en voor de dorpsveerboot in Ose\u010dek.<\/p>\n<p>Bustouringcars rijden over lange afstanden naar hoofdsteden en kuuroorden in Tsjechi\u00eb en de aangrenzende landen Slowakije en Polen. Het openbaar vervoer in de stad beperkt zich echter tot de seniorentaxidienst die in 2016 werd ge\u00efntroduceerd voor burgers van 65 jaar en ouder of met een mobiliteitsbeperking.<\/p>\n<p>Het karakter van Pod\u011bbrady komt niet voort uit imposante vestingwerken of dramatische bergtoppen, maar uit de rustige samenhang van de bebouwde omgeving, de constante puls van de rivier en de veerkracht van een gemeenschap die de ru\u00efnes uit de oudheid heeft omgevormd tot moderne geneeskrachtige plekken. Hier, onder de weidse hemel van de vlakte, vindt men geen spektakel, maar een afgemeten gratie: de stilte van het kuurpark bij zonsopgang, de stilte van de Elbe tegen de versleten kadestenen, de stilte van de geschiedenis die door zowel steen als water wordt uitgesproken. In deze samenvloeiing van verleden en heden blijft Pod\u011bbrady bestaan \u200b\u200bals een plek van bezinning en vernieuwing, waarbij de zachte ritmes reizigers uitnodigen om zich te verplaatsen in het tempo van de rivier zelf.<\/p>","protected":false},"excerpt":{"rendered":"<p>Pod\u011bbrady, een kuuroord in de regio Midden-Bohemen in Tsjechi\u00eb, telt ongeveer 15.000 inwoners. Gelegen aan de Elbe, combineert dit gebied historisch belang met moderne wellnessvoorzieningen. De strategische ligging van de stad, ongeveer 39 kilometer ten oosten van Praag en 7 kilometer ten zuidoosten van Nymburk, maakt het een toegankelijk toevluchtsoord voor zowel inwoners als bezoekers die de stedelijke omgeving willen ontvluchten.<\/p>","protected":false},"author":1,"featured_media":18769,"parent":14322,"menu_order":0,"comment_status":"closed","ping_status":"closed","template":"elementor_theme","meta":{"_eb_attr":"","footnotes":""},"class_list":["post-16242","page","type-page","status-publish","has-post-thumbnail"],"_links":{"self":[{"href":"https:\/\/travelshelper.com\/nl\/wp-json\/wp\/v2\/pages\/16242","targetHints":{"allow":["GET"]}}],"collection":[{"href":"https:\/\/travelshelper.com\/nl\/wp-json\/wp\/v2\/pages"}],"about":[{"href":"https:\/\/travelshelper.com\/nl\/wp-json\/wp\/v2\/types\/page"}],"author":[{"embeddable":true,"href":"https:\/\/travelshelper.com\/nl\/wp-json\/wp\/v2\/users\/1"}],"replies":[{"embeddable":true,"href":"https:\/\/travelshelper.com\/nl\/wp-json\/wp\/v2\/comments?post=16242"}],"version-history":[{"count":0,"href":"https:\/\/travelshelper.com\/nl\/wp-json\/wp\/v2\/pages\/16242\/revisions"}],"up":[{"embeddable":true,"href":"https:\/\/travelshelper.com\/nl\/wp-json\/wp\/v2\/pages\/14322"}],"wp:featuredmedia":[{"embeddable":true,"href":"https:\/\/travelshelper.com\/nl\/wp-json\/wp\/v2\/media\/18769"}],"wp:attachment":[{"href":"https:\/\/travelshelper.com\/nl\/wp-json\/wp\/v2\/media?parent=16242"}],"curies":[{"name":"wp","href":"https:\/\/api.w.org\/{rel}","templated":true}]}}