{"id":15411,"date":"2024-09-20T23:46:15","date_gmt":"2024-09-20T23:46:15","guid":{"rendered":"https:\/\/travelshelper.com\/staging\/?page_id=15411"},"modified":"2026-03-11T18:34:23","modified_gmt":"2026-03-11T18:34:23","slug":"mongolie","status":"publish","type":"page","link":"https:\/\/travelshelper.com\/nl\/destinations\/asia\/mongolia\/","title":{"rendered":"Mongoli\u00eb"},"content":{"rendered":"<p>Mongoli\u00eb beslaat een uitgestrekt deel van het Aziatische binnenland, een soeverein gebied van ongeveer 1.564.116 vierkante kilometer zonder toegang tot zee of meer. In het noorden grenst het aan Rusland en in het zuiden en zuidoosten aan China, en het is de grootste door land ingesloten natie die niet aan een binnenzee grenst. Het landschap is breed: glooiende graslanden strekken zich uit over het centrale plateau, terwijl bergketens zich in het noorden en westen verheffen, en de Gobiwoestijn \u2013 meer een weidegrond dan een kale zandzee \u2013 strekt zich uit langs de zuidelijke uithoeken. Met een totale bevolking van nauwelijks meer dan 3,5 miljoen heeft Mongoli\u00eb het record voor de laagste bevolkingsdichtheid onder onafhankelijke staten. De helft van de inwoners woont in Ulaanbaatar, de koudste hoofdstad ter wereld, waardoor het resterende gebied opmerkelijk open en dunbevolkt is.<\/p>\n\n\n\n<p>Het oostelijkste puntje van Mongoli\u00eb ligt nabij 120\u00b0 oosterlengte, ongeveer gelijk aan Hangzhou in China, terwijl de westelijke grens 87\u00b0 oosterlengte nadert \u2013 bijna de lengtegraad van Kolkata. De breedtegraad, van ongeveer 41\u00b0 noorderbreedte tot iets voorbij 52\u00b0 noorderbreedte, plaatst het land tussen de parallellen van Rome en Berlijn, of tussen Chicago en Saskatoon. Toch verhullen deze geografische referenties de klimatologische extremen die het leven op deze hoogvlakte kenmerken. De jaarlijkse neerslag neemt van noord naar zuid af, van zo&#039;n 200\u2013350 millimeter in de beboste hooglanden tot slechts 40 millimeter in delen van de Gobi. De winters brengen een meedogenloze Siberische anticycloon met zich mee, waardoor de temperaturen in sommige valleien onder de \u201330 \u00b0C dalen, terwijl de zomers intense hitte en, buiten de woestijn, regenbuien kunnen opleveren.<\/p>\n\n\n\n<p>De menselijke geschiedenis van Mongoli\u00eb gaat terug over millennia van nomadische confederaties. V\u00f3\u00f3r de opkomst van Dzjengis Khan in 1206 werden de steppen op verschillende momenten geregeerd door de Xiongnu, de Xianbei, de Rouran en opeenvolgende Turkse en Oeigoerse khaganaten. Toen Tem\u00fcjin \u2013 later Dzjengis Khan \u2013 de Mongolen verenigde, zette hij de creatie in gang van wat het grootste aaneengesloten landrijk in de geschiedenis zou worden. Onder zijn kleinzoon Koeblai Khan viel China zelf en werd de Yuan-dynastie gevestigd. Na de val van de Yuan in 1368 keerden de Mongoolse facties terug naar onderlinge rivaliteit, totdat de tijdperken van Dayan Khan en Tumen Zasagt Khan in de zestiende eeuw voor relatieve cohesie zorgden.<\/p>\n\n\n\n<p>Het was ook in de zestiende eeuw dat het Tibetaans boeddhisme wortel schoot onder de Mongolen. Onder het patronaat van de Qing-dynastie, die in de zeventiende eeuw Buiten-Mongoli\u00eb annexeerde, bloeiden kloosters op: aan het begin van de twintigste eeuw leefde \u00e9\u00e9n op de drie volwassen mannen als boeddhistische monnik. De val van de Qing in 1911 maakte een onafhankelijkheidsverklaring mogelijk; volledige autonomie werd verkregen in 1921, gevolgd door de oprichting van een socialistische republiek, die zich aansloot bij de Sovjet-Unie, in 1924. Met de vreedzame democratische revolutie van 1990 en de afkondiging van een nieuwe grondwet twee jaar later omarmde Mongoli\u00eb een meerpartijenstelsel en begon de overgang naar een markteconomie.<\/p>\n\n\n\n<p>Tegenwoordig leidt ongeveer dertig procent van de Mongolen een nomadisch of semi-nomadisch bestaan. Paarden blijven de hoeksteen van mobiliteit en cultuur; traditionele vilten gers (in het Engels bekend als yurts) huisvesten trekkende families, vastgebonden aan kuddes schapen, geiten, runderen, paarden of kamelen. Hoewel gertempels zich in de zestiende en zeventiende eeuw ontwikkelden tot grote kloosters met bakstenen en balken, blijven de cilindrische vorm en de vilten bedekking het symbool van het Mongoolse leven. Lamaseries begonnen vaak als clusters van gers en breidden zich later uit tot zeshoekige of twaalfzijdige hallen met piramidevormige daken \u2013 benaderingen van de kromming van een ger \u2013 voordat ze zich ontwikkelden tot vierhoekige bases en marqu\u00e9e-vormige kappen.<\/p>\n\n\n\n<p>Etnisch gezien is Mongoli\u00eb grotendeels homogeen: etnische Mongolen vormen ongeveer vijfennegentig procent van de bevolking, waarbij de Khalkha-subgroep zesentachtig procent van die meerderheid uitmaakt. Turkse minderheden \u2013 waaronder Kazachen en Toevanen \u2013 vormen ongeveer viereneenhalf procent, terwijl Russen, Chinezen, Koreanen en Amerikanen kleinere contingenten vormen. Taalkundig is de staatstaal Mongools, een lid van de Mongoolse taalfamilie, gestandaardiseerd op het Khalkha-dialect. Kazachs overheerst in Bayan-\u00d6lgii aimag en Toevans in delen van Kh\u00f6vsg\u00f6l. Sinds de jaren 1940 wordt het Mongools in het Cyrillisch geschreven; na de democratische overgang is er een bescheiden heropleving van het traditionele verticale schrift, officieel hersteld in 2025 voor juridisch en administratief gebruik naast het Cyrillisch, hoewel dagelijks gebruik grotendeels beperkt blijft tot ceremoni\u00eble contexten.<\/p>\n\n\n\n<p>Religie in Mongoli\u00eb weerspiegelt verschillende geloofslagen: het Vajrayana-boeddhisme wordt beleden door iets meer dan vijftig procent van de volwassen bevolking, terwijl veertig procent zich als niet-religieus identificeert. Sjamanistische praktijken blijven bestaan \u200b\u200bals cultureel substraat, en de islam, voornamelijk onder etnische Kazachen, vertegenwoordigt zo&#039;n drie procent. De vermenging van boeddhistische en sjamanistische rituelen blijft gemeenschappelijke en individuele ceremonies vormgeven, van seizoensgebonden offers tot hemelbegrafenissen in afgelegen valleien.<\/p>\n\n\n\n<p>De Mongoolse economie is gebaseerd op haar pastorale erfgoed en haar minerale rijkdom. Veeteelt en landbouw vertegenwoordigen samen zo&#039;n zestien procent van het bbp; mijnbouw \u2013 gericht op koper, steenkool, molybdeen, tin, wolfraam en goud \u2013 draagt \u200b\u200bzo&#039;n twee\u00ebntwintig procent bij. De kasjmierproductie alleen al is goed voor een vijfde van de wereldwijde ruwe productie. Groot- en detailhandel, dienstverlening, transport, opslag en onroerend goed nemen eveneens een aanzienlijk deel van de economische samenstelling in. Naast deze formele sectoren is er echter ook een informele economie \u2013 naar schatting goed voor minstens een derde van het offici\u00eble bbp \u2013 die het platteland en de stad doordringt.<\/p>\n\n\n\n<p>De buitenlandse handel van het land is sterk gericht op China, dat bijna tachtig procent van de export absorbeert en iets meer dan een derde van de import levert. In 2023 bereikte de re\u00eble bbp-groei van Mongoli\u00eb zeven procent, grotendeels gedreven door een recordproductie van steenkool voor de Chinese markt; lagere wereldwijde voedsel- en brandstofkosten hielpen de inflatie te beteugelen tot ongeveer zeven procent begin 2024. Ondanks een robuuste toename van de importvolumes werd een overschot op de lopende rekening geregistreerd, hoewel dalingen van de grondstoffenprijzen de balans in de komende jaren kunnen verschuiven. De Wereldbank beschouwt de vooruitzichten van Mongoli\u00eb op middellange termijn als veelbelovend, getemperd door inflatiedruk, schommelingen in de buitenlandse vraag en begrotingsrisico&#039;s die verband houden met voorwaardelijke verplichtingen. Volgens de Aziatische Ontwikkelingsbank leefde ongeveer zevenentwintig procent van de Mongolen in 2022 onder de nationale armoedegrens, terwijl het bbp per hoofd van de bevolking bijna twaalfduizend dollar bedroeg.<\/p>\n\n\n\n<p>Financi\u00eble infrastructuur omvat de Mongoolse effectenbeurs, opgericht in 1991. In 2024 noteerde de beurs ongeveer 180 bedrijven met een gezamenlijke marktkapitalisatie van ongeveer 3,2 miljard dollar. De International Finance Corporation (IFC) plaatst Mongoli\u00eb wereldwijd op de 81e plaats wat betreft gemak van zakendoen. Krediet- en bankdiensten zijn geconcentreerd in Ulaanbaatar en een aantal provinciale centra, waardoor veel regionale gemeenschappen afhankelijk zijn van informele leningen of ruilhandel.<\/p>\n\n\n\n<p>Transportwegen doorkruisen de uitgestrektheid van het land. De Trans-Mongoolse spoorlijn verbindt de Trans-Siberische lijn in Oelan-Oede in Rusland, loopt door Ulaanbaatar en loopt zuidwaarts om aan te sluiten op het Chinese spoorwegnet in Erenhot. Een aparte goederenverbinding van de Tavan Tolgoi-kolenvelden naar de Chinese grens beslaat zo&#039;n 233 kilometer. Wegen buiten de verharde corridors van Ulaanbaatar neigen naar grind of eenvoudige paden; verharde routes lopen westwaarts en oostwaarts langs de Millenniumweg, naar de Russische en Chinese grens en tussen grote steden. Wegenbouwprojecten zijn gericht op het verbeteren van de bereikbaarheid, maar er bestaat slechts zo&#039;n 4800 kilometer aan verharde weg, waarvan 1800 kilometer alleen al in 2013 werd voltooid.<\/p>\n\n\n\n<p>Luchtvaartmaatschappijen bedienen zowel binnenlandse als internationale behoeften. Chinggis Khaan International Airport, zo&#039;n 52 kilometer ten zuiden van Ulaanbaatar, is de belangrijkste toegangspoort. Directe vluchten verbinden Mongoli\u00eb met Zuid-Korea, China, Thailand, Hongkong, Japan, Rusland, Duitsland en Turkije. MIAT Mongolian Airlines exploiteert internationale routes; luchtvaartmaatschappijen zoals Aero Mongolia en Hunnu Airlines bieden binnenlandse en regionale vluchten.<\/p>\n\n\n\n<p>Administratief gezien is Mongoli\u00eb verdeeld in eenentwintig aimags (provincies) en \u00e9\u00e9n provinciegemeente, Ulaanbaatar. Elke aimag bestaat uit meerdere soums (subprovincies), die doorgaans vijftien tot twee\u00ebntwintig per provincie tellen. Cultureel en geografisch gezien kan het land worden onderverdeeld in vijf regio&#039;s: Centraal-Mongoli\u00eb (Ulaanbaatar en Arkhangai), Oost-Mongoli\u00eb (het hart van de steppe en de geboorteplaats van Dzjengis Khan), de Gobi-woestijn, Noord-Mongoli\u00eb (beboste hoogten en het Kh\u00f6vsg\u00f6lmeer) en West-Mongoli\u00eb (diverse stammen rond het Uvsmeer en het Tavan Bogd-massief).<\/p>\n\n\n\n<p>Het Tavan Bogd-massief, in het uiterste westen van Mongoli\u00eb, bereikt zijn hoogtepunt bij de bergtop van de Kh\u00fciten (4374 m). Het nabijgelegen Uvs-meer en het omliggende bekken \u2013 dat gedeeld wordt met de Russische republiek Tuva \u2013 staan \u200b\u200bop de Werelderfgoedlijst van UNESCO. Het Kh\u00f6vsg\u00f6l-meer, een uitgestrekt zoetwatermeer in het noorden, biedt een alpien landschap en is de thuisbasis van unieke waterdieren zoals de Siberische garnaal. De Onon en de Cherlen, de oostelijke zijrivieren van het Amoerbekken, herbergen de oostelijke beekprik, de Daurische rivierkreeft en de pareloester. Perioden van extreme kou, plaatselijk bekend als zud, decimeren periodiek de veestapel, wat de kwetsbaarheid van weidegronden en de economische belangen van veehouderij onderstreept.<\/p>\n\n\n\n<p>De Mongoolse vlag draagt \u200b\u200bhet Soyombo-symbool: een gestileerd vuur-en-zon-embleem dat zon, maan, sterren en hemel voorstelt, ontleend aan de boeddhistische kosmologie. Dit symbool is ook te vinden op deurposten van ger&#039;s, valuta en openbare gebouwen. Over geld gesproken: de Mongoolse t\u00f6gr\u00f6g (ISO-code MNT, teken \u20ae) circuleert in coupures van 1 tot 20.000. Buiten het land is het wisselen van t\u00f6gr\u00f6g zeldzaam; reizigers wordt aangeraden Amerikaanse dollars mee te nemen voor grotere uitgaven, hoewel t\u00f6gr\u00f6g in kleine coupures essentieel blijft voor transacties op het platteland.<\/p>\n\n\n\n<p>Culinaire gebruiken weerspiegelen het klimaat en de veehouderij. Zuivelproducten \u2013 byaslag (verse kaas), \u00f6r\u00f6m (clotted cream) en aaruul (gedroogde wrongel) \u2013 en vlees domineren het dieet. Buuz (gestoomde vleesdumplings), khuushuur (gefrituurde platbroden gevuld met vlees) en tsuivan (gebakken noedels met vlees) vormen de stedelijke basisproducten, elk met een prijskaartje van een paar duizend t\u00f6gr\u00f6g. Plattelandsherders bereiden boodog, een gebraden geit of marmot die in de huid van het dier wordt gegaard met behulp van verhitte stenen, of khorkhog, waarbij schapenvlees, groenten en hete stenen in een afgesloten ketel boven een open vuur sudderen. Airag \u2013 gefermenteerde paardenmelk \u2013 is de traditionele drank, terwijl arkhi \u2013 gedistilleerde melklikeur \u2013 zowel medicinale als sociale functies vervult. Mongoolse wodkamerken zoals Chinggis Khaan, Soyombo en Golden Chinggis zijn overal verkrijgbaar, evenals ge\u00efmporteerde en lokale bieren.<\/p>\n\n\n\n<p>Toeristen komen buiten de grote steden weinig offici\u00eble wegen tegen; reizen over land omvat vaak tochten over open steppe, paardrijden, kameelkaravanen in de Gobi of zelfs het volgen van delen van de oude Zijderoute. Accommodatie varieert van gerkampen in de buurt van Ulaanbaatar tot eenvoudige verblijven in provinciestadjes. Veel reizigers kiezen ervoor om te overnachten bij nomadenfamilies \u2013 een kans om te delen in maaltijden van gekookt schapenvlees en melkthee en om keelzang, adelaarsjacht of sjamanistische ceremonies bij te wonen. Liefhebbers van wilde dieren kunnen terecht bij het Przewalskipaard in Nationaal Park Khustain Nuruu, de Siberische steenbok in Altai Tavan Bogd of vogeltrektochten bij Uvs Nuur.<\/p>\n\n\n\n<p>Veiligheidsoverwegingen omvatten onvoorspelbaar weer, vooral in de winter, en rondzwervende waakhonden op het platteland. Ontbrekende putdeksels in stedelijke en voorstedelijke gebieden vormen verborgen gevaren, vooral bij slecht zicht. Bezoekers dienen rekening te houden met de lokale gevoeligheden, met name een uitgesproken anti-Chinese sentiment: verwijzingen naar Binnen-Mongoli\u00eb als Zuid-Mongoli\u00eb of kritiek op het Chinese beleid kunnen aanstootgevend zijn.<\/p>\n\n\n\n<p>Mongoli\u00eb is nog steeds een van de laatste uitgestrekte open vlaktes waar nomadische tradities op grote schaal voortbestaan. De bergtoppen en woestijnen, de met gerbera&#039;s bezaaide steppen en de stad, half verloren in winterse inversielagen, vormen samen een natie die zowel oud als adaptief is, gevormd door het klimaat, veroveringen en de veerkrachtige culturen van de steppe. Hier, onder het &#034;Land van de Blauwe Lucht&#034;, bestaan \u200b\u200bmoderne aspiraties en eeuwenoude ritmes naast elkaar in een landschap dat even indrukwekkend als uitgestrekt is.<\/p>","protected":false},"excerpt":{"rendered":"<p>Mongoli\u00eb, gelegen in Oost-Azi\u00eb, is een geheel door land omgeven land met een bevolking van 3,5 miljoen. Het is de dunstbevolkte soevereine staat ter wereld en beslaat een uitgestrekt gebied van 1.564.116 vierkante kilometer. Dit uitgestrekte land, gelegen tussen Rusland in het noorden en China in het zuiden, heeft een gevarieerd landschap met grassige steppen, bergachtige gebieden en de beroemde Gobiwoestijn. Mongoli\u00eb, het grootste land zonder toegang tot een afgesloten zee, heeft een uniek geografisch profiel dat zijn geschiedenis, cultuur en ontwikkeling heeft be\u00efnvloed.<\/p>","protected":false},"author":1,"featured_media":4234,"parent":24063,"menu_order":0,"comment_status":"closed","ping_status":"closed","template":"elementor_theme","meta":{"_eb_attr":"","footnotes":""},"class_list":["post-15411","page","type-page","status-publish","has-post-thumbnail"],"_links":{"self":[{"href":"https:\/\/travelshelper.com\/nl\/wp-json\/wp\/v2\/pages\/15411","targetHints":{"allow":["GET"]}}],"collection":[{"href":"https:\/\/travelshelper.com\/nl\/wp-json\/wp\/v2\/pages"}],"about":[{"href":"https:\/\/travelshelper.com\/nl\/wp-json\/wp\/v2\/types\/page"}],"author":[{"embeddable":true,"href":"https:\/\/travelshelper.com\/nl\/wp-json\/wp\/v2\/users\/1"}],"replies":[{"embeddable":true,"href":"https:\/\/travelshelper.com\/nl\/wp-json\/wp\/v2\/comments?post=15411"}],"version-history":[{"count":0,"href":"https:\/\/travelshelper.com\/nl\/wp-json\/wp\/v2\/pages\/15411\/revisions"}],"up":[{"embeddable":true,"href":"https:\/\/travelshelper.com\/nl\/wp-json\/wp\/v2\/pages\/24063"}],"wp:featuredmedia":[{"embeddable":true,"href":"https:\/\/travelshelper.com\/nl\/wp-json\/wp\/v2\/media\/4234"}],"wp:attachment":[{"href":"https:\/\/travelshelper.com\/nl\/wp-json\/wp\/v2\/media?parent=15411"}],"curies":[{"name":"wp","href":"https:\/\/api.w.org\/{rel}","templated":true}]}}