{"id":14191,"date":"2024-09-18T21:59:59","date_gmt":"2024-09-18T21:59:59","guid":{"rendered":"https:\/\/travelshelper.com\/staging\/?page_id=14191"},"modified":"2026-03-11T23:49:09","modified_gmt":"2026-03-11T23:49:09","slug":"cannes","status":"publish","type":"page","link":"https:\/\/travelshelper.com\/nl\/destinations\/europe\/france\/cannes\/","title":{"rendered":"Cannes"},"content":{"rendered":"<p>Cannes is een kustgemeente met ongeveer 73.000 inwoners en beslaat zo&#039;n 19,62 vierkante kilometer langs de oostkust van de Baie de Cannes aan de Franse Rivi\u00e8ra, in het Franse departement Alpes-Maritimes. Als gastheer van een reeks internationale bijeenkomsten \u2013 het jaarlijkse Filmfestival van Cannes, de muziekconferentie Midem en het Cannes Lions International Festival of Creativity \u2013 heeft de stad zich ontwikkeld van een bescheiden vissersdorp tot een brandpunt voor de film-, muziek- en reclame-industrie. Luxehotels liggen aan de beroemde waterkant, terwijl de economie van de stad floreert dankzij een mix van toerisme, zakelijke beurzen, handel en een sterke aanwezigheid in de lucht- en ruimtevaart, gecentreerd rond het Cannes Mandelieu Space Center.<\/p>\n<p>Van december tot en met februari schommelt de gemiddelde dagtemperatuur net boven de 10 \u00b0C, waardoor de wintermaanden een zacht karakter hebben dat contrasteert met de felle zon van de zomer, wanneer de temperaturen overdag vaak oplopen tot 30 \u00b0C. Juli biedt gemiddeld elf uur zonlicht per dag, terwijl de neerslag het hele jaar door bescheiden blijft, met een piek in oktober en november, wanneer de maandelijkse neerslag meer dan 100 mm kan bedragen. De warme seizoenen strekken zich uit van juni tot en met september, waarin de bevolking toeneemt met bezoekers die worden aangetrokken door de turquoise zee van de Middellandse Zee en de festivals die de kalender kenmerken. Opmerkelijke extremen hebben het lokale klimaat gekenmerkt: op 19 juli 2023 steeg het kwik tot 39,2 \u00b0C en daalde het, tijdens een strenge winter op 9 januari 1985, tot -12,0 \u00b0C.<\/p>\n<p>De Promenade de la Croisette, een elegant gebogen laan versierd met palmbomen, bepaalt de identiteit van Cannes aan de kust. Het stuk is omzoomd met exclusieve stranden \u2013 zowel openbaar als priv\u00e9 \u2013, gastronomische terrassen en de gevels van luxe boetieks en statige hotels. Voorbij de laan onthult Le Suquet, de middeleeuwse wijk van de stad, een geplaveid netwerk van smalle straatjes dat oploopt naar de kapel Notre-Dame d&#039;Esp\u00e9rance op de heuveltop. Vanaf dat uitkijkpunt overziet men de Corniche en de azuurblauwe baai, terwijl het Mus\u00e9e des Explorations du Monde \u2013 gehuisvest in een versterkte toren en de Chapelle Sainte-Anne \u2013 overblijfselen van verre reizen presenteert. Het silhouet van de Russisch-orthodoxe kathedraal accentueert deze heuvel met zijn vergulde uivormige koepels.<\/p>\n<p>Het erfgoed van Cannes is duidelijk zichtbaar in de statige villa&#039;s uit de 19e eeuw, die nog steeds staan \u200b\u200bals monumenten van de rijkdom die de stad voor het eerst aanzien verleende. Veel villa&#039;s doen denken aan Romeinse villa&#039;s of middeleeuwse donjons, hoewel ze niet toegankelijk zijn voor het publiek. Een daarvan is Lord Broughams Villa \u00c9l\u00e9onore Louise, gebouwd tussen 1835 en 1839 in het Quartier des Anglais \u2013 tegenwoordig de oudste woonwijk van de stad \u2013 en verwelkomde ooit Britse aristocraten. Jean-Gabriel Domergues Villa Domergue, oorspronkelijk bekend als Villa Fi\u00e9sole, doet denken aan de weelderige vormen van Fiesole nabij Florence en kan op afspraak worden bezocht. De tuinen en interieurs getuigen van de verfijnde smaak van vroege klanten.<\/p>\n<p>Voor de kust ligt de archipel van de \u00celes de L\u00e9rins, bestaande uit twee hoofdeilanden. \u00cele Sainte-Marguerite, een bebost toevluchtsoord op slechts een kilometer van de kust, herbergt de cel waar de legendarische &#034;Man met het ijzeren masker&#034; elf jaar lang werd vastgehouden; deze kamer maakt nu deel uit van het Mus\u00e9e de la Mer, waar ook keramiek wordt tentoongesteld dat is geborgen uit oude scheepswrakken, vari\u00ebrend van Romeinse amforen tot Saraceense fragmenten. Zuidelijker ligt \u00cele Saint-Honorat, sinds 410 n.Chr. bewoond door cisterci\u00ebnzer monniken, wier abdij ooit de omliggende regio bestuurde. Bezoekers kunnen de sobere kerk en de ru\u00efnes van het 11e-eeuwse klooster bezichtigen, terwijl de monniken hun eeuwenoude wijnbouwpraktijk voortzetten door op kleine schaal rode en witte wijnen te produceren.<\/p>\n<p>In de stad biedt een verzameling musea inzicht in de prehistorie van de Provence, de mediterrane scheepvaart en andere culturen. Het Mus\u00e9e d&#039;Art et d&#039;Histoire de Provence, gevestigd in een 18e-eeuws herenhuis, volgt het lokale leven van de prehistorie tot nu aan de hand van werktuigen, kostuums en santons die voor kerststallen zijn gebeeldhouwd. Het Mus\u00e9e de la Castre presenteert artefacten afkomstig uit Pacifische atollen, precolumbiaans Peru en Meso-Amerika, gehuisvest in de overblijfselen van een middeleeuws kasteel bovenop Le Suquet. Andere locaties \u2013 zoals het Mus\u00e9e de la Marine, het Mus\u00e9e de la Mer, het Mus\u00e9e de la Photographie en het Mus\u00e9e International de la Parfumerie \u2013 behandelen zeevaarttradities, onderwaterarcheologie, fotografische kunst en het parfumerfgoed van de regio.<\/p>\n<p>Het theater- en muziekleven van Cannes speelt zich af in intieme ruimtes waar het jaarlijkse Internationale Acteursfestival korte sketches opvoert te midden van lokale theaters zoals Th\u00e9\u00e2tre Debussy, Espace Miramar en Alexandre III. Toeschouwers beleven momenten van humor en drama die losstaan \u200b\u200bvan de grandeur van de rode loper, wat de toewijding van de stad aan de podiumkunsten, die verder reikt dan de grote evenementen, onderstreept.<\/p>\n<p>De kalender van Cannes staat bol van de festivals en professionele bijeenkomsten. Naast het filmfestival half mei, wordt in juni het Lions Festival voor creativiteit in de reclame gevierd, terwijl de Baai van Cannes schittert met zomers vuurwerk tijdens het jaarlijkse Festival d&#039;art pyrotechnique. Midem brengt elk jaar in juni topmanagers uit de muziekindustrie bijeen; in april en oktober zijn MIPTV en MIPCOM te gast, de belangrijkste handelsmarkten voor televisiecontent; MIPIM brengt in maart vastgoedprofessionals bijeen; en het Cannes Yachting Festival in september trekt maritieme liefhebbers naar de Vieux Port. Andere hoogtepunten zijn het Pan-Afrikaanse Filmfestival begin april, het International Festival of Games elk jaar in februari en het springconcours van de Global Champions Tour in de haven. De NRJ Music Awards versterken de rol van de stad als knooppunt voor entertainment en commercie.<\/p>\n<p>De economie van Cannes verweeft toerisme met een groeiend hightechcluster. Naast de glamour van de film- en reclamefestivals, herbergen de heuvels boven de stad de technopolis Sophia Antipolis, en het Cannes Mandelieu Space Center huisvest de satellietproductie van Thales Alenia Space in de buurt. Zo&#039;n 6500 bedrijven zijn actief binnen de stadsgrenzen, waaronder 3000 handelaren, ambachtslieden en dienstverleners. De dynamische omgeving stimuleert een gestage stroom nieuwe bedrijven \u2013 in 2006 werden er 421 geregistreerd \u2013 en onderstreept Cannes&#039;s dubbele identiteit als sociaal podium \u00e9n centrum voor innovatie.<\/p>\n<p>Verbindingen met de regio worden mogelijk gemaakt door lucht, spoor, weg en zee. Luchthaven Nice C\u00f4te d&#039;Azur, op vierentwintig kilometer ten noordoosten, verwerkt internationale aankomsten, terwijl de nabijgelegen luchthaven Cannes-Mandelieu kleinere schepen afhandelt. Het centraal station verbindt Parijs met de TGV, Marseille met de TER, en Italiaanse steden via diensten zoals die voorheen door Thello werden ge\u00ebxploiteerd. Vijf extra lokale haltes op de lijn naar Grasse bedienen de voorsteden, en er is een speciale trein-veerverbinding op station Cannes-la-Bocca. Nationale en regionale busdiensten stoppen op het Gare Routi\u00e8re de Cannes, terwijl veerboten vanuit Corsica via Bastia en Calvi de Middellandse Zee oversteken in reizen van twee tot vier uur.<\/p>\n<p>De jachthavens van Cannes \u2013 Vieux Port de Cannes naast het Palais des Festivals en Port Pierre Canto aan de oostpunt van La Croisette \u2013 bieden plaats aan wel 800 schepen, van pleziervaartuigen tot transatlantische lijnboten. De Vieux Port fungeert ook regelmatig als tussenstop voor cruiseschepen, wat het maritieme erfgoed van de stad versterkt.<\/p>\n<p>Te voet kunnen bezoekers een scala aan winkelervaringen beleven. Tussen La Croisette en de Rue d&#039;Antibes liggen luxe boetieks van internationale modehuizen naast meer toegankelijke outlets, terwijl de kronkelende straatjes van de oude stad ambachtelijk handwerk aanbieden. De overdekte markt van de Rue Meynadier, March\u00e9 Forville, presenteert een levendig tableau van Proven\u00e7aalse producten \u2013 kazen, olijven en verse vis \u2013 tegen een achtergrond van rijen kraampjes. In de historische wijk Le Cannet nodigt Place Bellevue uit tot dineren in de openlucht, omlijst door 19e-eeuwse gevels, en herbergt ateliers waar schilders en beeldhouwers regionale tradities voortzetten. De standaard winkeltijden zijn van 10:00 tot 12:00 uur en van 14:30 tot 19:30 uur, en veel etablissementen blijven in het hoogseizoen tot aan de lunch open.<\/p>\n<p>De gastronomische scene weerspiegelt zowel lokale ingredi\u00ebnten als de kosmopolitische stromingen die Cannes hebben gevormd. Aan tafeltjes langs de kade worden visschotels geserveerd met mediterrane ingredi\u00ebnten, terwijl bistro&#039;s in Le Suquet Proven\u00e7aals ge\u00efnspireerde gerechten serveren met uitzicht op terracotta daken. In de Rue d&#039;Antibes vind je chocolatiers zoals Maiffret en ambachtelijke delicatessen bij Chez Bruno, en fijnproevers kunnen genieten van regionale wijnen bij La Cave Forville. Hoewel het centrum van Cannes hoge prijzen hanteert, biedt het netwerk van zijstraten en restaurants in de buitenwijken van Le Cannet meer bescheiden opties, waarvan de sfeer meer wordt gevormd door het ritme van het dagelijks leven dan door feestelijke glamour.<\/p>\n<p>Cannes blijft een plek van samenvloeiingen \u2013 waar het licht van de Middellandse Zee weerkaatst door palmbladeren, waar kunst en commercie samenkomen op \u00e9\u00e9n podium, en waar eeuwen geschiedenis resoneren in stenen muren en kloosterwijngaarden. Het biedt een indruk die zowel scherp als ongrijpbaar is: het schrapen van kielvlakken van boten tegen de kade, de zachte echo van filmrollen in een donkere zaal en de nagalmende geur van jasmijn in een zomerbriesje. Hier leven moderniteit en herinnering samen, en nodigen ze toeschouwers uit om verder te kijken dan het script van beroemdheid en zich te begeven naar de texturen van alledaagse gratie.<\/p>","protected":false},"excerpt":{"rendered":"<p>Cannes, een idyllische gemeente aan de Franse Rivi\u00e8ra, is een pareltje in het departement Alpes-Maritimes in de regio Provence-Alpes-C\u00f4te d&#039;Azur. Deze beroemde badplaats, gelegen op ongeveer 45 kilometer ten zuidwesten van Nice, telt meer dan 74.000 inwoners, Cannois in het Frans of canenc in het Proven\u00e7aals-Occitaans. De gunstige ligging aan de Middellandse Zee heeft de geschiedenis, cultuur en economie van de stad be\u00efnvloed en heeft haar van een bescheiden vissersdorpje tot een prestigieus luxe resort en cultureel centrum ontwikkeld.<\/p>","protected":false},"author":1,"featured_media":3017,"parent":13952,"menu_order":0,"comment_status":"closed","ping_status":"closed","template":"elementor_theme","meta":{"_eb_attr":"","footnotes":""},"class_list":["post-14191","page","type-page","status-publish","has-post-thumbnail"],"_links":{"self":[{"href":"https:\/\/travelshelper.com\/nl\/wp-json\/wp\/v2\/pages\/14191","targetHints":{"allow":["GET"]}}],"collection":[{"href":"https:\/\/travelshelper.com\/nl\/wp-json\/wp\/v2\/pages"}],"about":[{"href":"https:\/\/travelshelper.com\/nl\/wp-json\/wp\/v2\/types\/page"}],"author":[{"embeddable":true,"href":"https:\/\/travelshelper.com\/nl\/wp-json\/wp\/v2\/users\/1"}],"replies":[{"embeddable":true,"href":"https:\/\/travelshelper.com\/nl\/wp-json\/wp\/v2\/comments?post=14191"}],"version-history":[{"count":0,"href":"https:\/\/travelshelper.com\/nl\/wp-json\/wp\/v2\/pages\/14191\/revisions"}],"up":[{"embeddable":true,"href":"https:\/\/travelshelper.com\/nl\/wp-json\/wp\/v2\/pages\/13952"}],"wp:featuredmedia":[{"embeddable":true,"href":"https:\/\/travelshelper.com\/nl\/wp-json\/wp\/v2\/media\/3017"}],"wp:attachment":[{"href":"https:\/\/travelshelper.com\/nl\/wp-json\/wp\/v2\/media?parent=14191"}],"curies":[{"name":"wp","href":"https:\/\/api.w.org\/{rel}","templated":true}]}}