{"id":13186,"date":"2024-09-17T14:12:55","date_gmt":"2024-09-17T14:12:55","guid":{"rendered":"https:\/\/travelshelper.com\/staging\/?page_id=13186"},"modified":"2026-03-12T23:41:48","modified_gmt":"2026-03-12T23:41:48","slug":"sevilla","status":"publish","type":"page","link":"https:\/\/travelshelper.com\/nl\/destinations\/europe\/spain\/seville\/","title":{"rendered":"Sevilla"},"content":{"rendered":"<p>Sevilla, de majestueuze hoofdstad van Andalusi\u00eb, trekt de aandacht aan de benedenloop van de rivier de Guadalquivir. De 141 vierkante kilometer grote vruchtbare vallei telt zo&#039;n 701.000 inwoners en vormt de basis voor een metropool met 1,5 miljoen inwoners. De skyline \u2013 gedomineerd door de torenhoge Giralda, ooit een Almohadenminaret en nu bekroond door de Giraldillo-windwijzer \u2013 getuigt van verschillende lagen Romeinse, islamitische en Castiliaanse overheersing. Toch overstijgt deze stad, met een historische wijk die vier vierkante kilometer beslaat en onderdak biedt aan de UNESCO-triade van het Alcazar, de kathedraal Santa Maria del S\u00e3o Paulo en het Algemeen Archief van de Indische Oceaan, louter monumentaliteit en ontvouwt zich als een levend palimpsest van de Middellandse Zee en de Atlantische Oceaan. Sevilla ligt tachtig kilometer landinwaarts vanaf de Atlantische Oceaan en is nog steeds de enige rivierhaven van Spanje. Dit is een bewijs van de historische rol die de stad speelde als maritieme toegangspoort. De handelsplaatsen trokken ooit galjoenen aan, beladen met schatten uit de Nieuwe Wereld.<\/p>\n<p>Vanaf haar ontstaan \u200b\u200bals het Romeinse Hispalis tot aan haar heropleving onder de vroegmoderne Casa de Contrataci\u00f3n, bloeide Sevilla op als een van de grootste stedelijke centra van Europa in de zestiende eeuw. De droogte in de Guadalquivir zou later transatlantische goederen naar de Baai van C\u00e1diz leiden, maar de stad bleef haar aanzien behouden, onderstreept door de aristocratische pracht van de mudejarbinnenplaatsen van het Alcazar en het enorme gotische schip van de kathedraal, dat in 1401 werd gebouwd. In de twintigste eeuw \u2013 gekenmerkt door de beproevingen van de Spaanse Burgeroorlog, de pracht en praal van de Ibero-Amerikaanse tentoonstelling van 1929 en het transformerende optimisme van Expo &#039;92 \u2013 bevestigde Sevilla haar regionale superioriteit, wat culmineerde in haar benoeming tot hoofdstad van de Autonome Regio in 1983.<\/p>\n<p>Sevilla, laag gelegen op een gemiddelde hoogte van zeven meter boven zeeniveau, wordt doorsneden door de Guadalquivir, die de historische kern aan de oostoever scheidt van Triana, La Cartuja en Los Remedios in het westen. Deze wijken, samen met de Aljarafe in het westen en gemeenten zoals La Rinconada, Alcal\u00e1 de Guada\u00edra en Dos Hermanas in de periferie, vormen een agglomeratie die stedelijke dynamiek combineert met agrarisch achterland. De breedtegraad van de stad is gelijk aan die van San Jos\u00e9 in Californi\u00eb en Catania op Sicili\u00eb, en de stad ligt ten zuiden van Athene en vlakbij de parallelle lijn van Seoul. Toch geeft de ligging van Sevilla in het binnenland een uitgesproken continentaal karakter: de zomers overschrijden er regelmatig de 35\u00b0C en genereren meer dan zestig dagen per jaar temperaturen boven de 35\u00b0C, wat de Guadalquivirvallei de bijnaam &#034;de koekenpan van Spanje&#034; oplevert.<\/p>\n<p>Klimatologische gegevens tonen extreme temperaturen aan van de piek van 46,6 \u00b0C op 23 juli 1995 op de luchthaven van San Pablo tot een dieptepunt van -5,5 \u00b0C op 12 februari 1956, terwijl de betwiste 50,0 \u00b0C van augustus 1881 de status van Sevilla als warmste grote Europese metropool onderstreept. De gemiddelde jaartemperaturen schommelen rond de 19,6 \u00b0C, met een daggemiddelde van 25,7 \u00b0C overdag en 13,3 \u00b0C &#039;s nachts; de totale neerslag bedraagt \u200b\u200b502 mm verspreid over vijftig dagen, met december goed voor zo&#039;n tachtig millimeter. Het is een klimaat dat vrijwel geen sneeuwval kent \u2013 \u200b\u200bslechts tien keer sinds 1500, twee keer in de vorige eeuw \u2013 en dat de winters een milde afwisseling vormen van de hete zomers van juli tot en met augustus.<\/p>\n<p>In de sfeervolle uitgestrektheid van Sevilla ontpopt de stedelijke architectuur zich als zowel bewaarder van de herinnering als katalysator voor het moderne leven. De platereske gevels van het stadhuis, ontworpen door Diego de Ria\u00f1o tussen 1527 en 1534 en in 1867 in neoclassicistische vorm heringericht door Demetrio de los R\u00edos, staan \u200b\u200bnaast de Koninklijke Gevangenis waar ooit Cervantes in opgesloten zat. Het Archivo General de Indias, gebouwd naar de plannen van Herrera in 1572 en voltooid in 1646, belichaamt de briefwisseling van het keizerrijk, terwijl het Palacio de San Telmo barokke uitbundigheid uitstraalt in voluten en pilasters en het Andalusische bestuur beschermt binnen de door Leonaro de Figueroa ontworpen portiek. De Real F\u00e1brica de Tabacos, ooit het grootste industri\u00eble gebouw ter wereld, en de stierenvechtersarena Real Maestranza, die in 1761 werd geopend en plaats biedt aan 14.000 toeschouwers, weerspiegelen de dubbele identiteit van Sevilla: arbeid en vrije tijd.<\/p>\n<p>Onder de huiselijke toevluchtsoorden onthullen de Sal\u00f3n de Embajadores en de Patio de las Doncellas van het Alcazar de samenvloeiing van Nasridisch vakmanschap en Castiliaans mecenaat, terwijl het Isabellin-portaal van het Casa de Pilatos herinnert aan een pelgrimstocht uit 1520 die het een nomenclatuur verleende die doet denken aan de Via Crucis in Jeruzalem. In het Casco Antiguo komen herenhuizen zoals het paleis van de gravin van Lebrija en de oude cisterne van Cruz del Campo samen, en versterkte overblijfselen \u2013 met name de Almohaden Torre del Oro en restanten van muren die onder Abd ar-Rahm\u00e1n II werden aangelegd en door de Almohaden werden uitgebreid \u2013 de krijgsgeografie van de stad in beeld.<\/p>\n<p>Naast steen en staal komt het groen van Sevilla tot uiting in het Parque de Mar\u00eda Luisa, het decor van An\u00edbal Gonz\u00e1lez voor de tentoonstelling van 1929. De Plaza de Espa\u00f1a kronkelt in een halfronde grandeur, die tot uiting komt in de tegels die elke provincie verheerlijken. Het aangrenzende Plaza de Am\u00e9rica en zijn drie paviljoens \u2013 het gotische Paviljoen Koninklijk, het Paviljoen in neomud\u00e9jarstijl en het Paviljoen Bellas Artes uit de Renaissance \u2013 cre\u00ebren een elegant intermezzo te midden van een metropool die grenst aan de hartslag van het 21e-eeuwse Spanje.<\/p>\n<p>Sevilla&#039;s economische levensader is gebaseerd op haar status als belangrijkste bijdrage aan het BBP van Andalusi\u00eb, goed voor een kwart van het regionale totaal. De stad reikt tot agrarische gebieden buiten Camas en Tomares en tot industrieterreinen die de Ottomaanse warmte van de stad temperen met gemechaniseerde bedrijvigheid. De Diputaci\u00f3n de Sevilla beheert de diensten vanuit haar 19e-eeuwse cavaleriekazerne en zorgt ervoor dat afgelegen dorpen verbonden blijven met de hoofdstad.<\/p>\n<p>In het dagelijks leven zorgt het gezellige eten van tapas voor een onuitwisbare gezelligheid in de wirwar van straatjes en pleinen van Sevilla: gasten proeven jam\u00f3n ib\u00e9rico, espinacas con garbanzos (garbanzos) op basis van kikkererwten en ortiguillas met gekoelde gazpacho; ze genieten van pesti\u00f1os en torrijas in de schaduw van bittere sinaasappelbomen, waarvan de citrusgeur \u2013 die in de tiende eeuw door Andalusische ambachtslieden werd ge\u00efntroduceerd \u2013 door de lucht dwarrelt; ze pauzeren bij de haven van Sevici om de route door de groene straatjes van de stad te overdenken.<\/p>\n<p>Busvervoer valt onder de verantwoordelijkheid van TUSSAM en verbindt Serra Street met San Bernardo en verbindt de routes van het Consorcio met Dos Hermanas. Lijn 1 van de metro, ingehuldigd v\u00f3\u00f3r het aantal reizigers van 22 miljoen in 2024, zal binnenkort de uitbreiding van lijn 3 goedkeuren, terwijl lijnen 2 en 4 nog in de planningsfase zitten. Mobiliteit op de grond komt tot uiting in de MetroCentro-tram, in Sevici-fietsen die over verhoogde rijstroken rijden en in Cercan\u00edas-treinen die forenzen naar Santa Justa brengen, vanwaar hogesnelheidstreinen (AVE) naar Madrid, Valencia en verder rijden.<\/p>\n<p>Luchthaven San Pablo, de op \u00e9\u00e9n na drukste luchthaven van Andalusi\u00eb met meer dan 7,5 miljoen passagiers in 2019 en bijna tienduizend ton vracht, vormt de ankerplaats van Sevilla&#039;s luchtroute; lowcostmaatschappijen en onderhoudsfaciliteiten getuigen van de internationaliteit. De subtiele sensatie schuilt echter in de Muelle de las Delicias van de rivierhaven, waar oceaanstomers cruisepassagiers afzetten in het centrum van Sevilla \u2013 een welkom in het binnenland dat uniek is in Spanje.<\/p>\n<p>Dankzij deze samensmelting van oudheid en moderniteit ontpopt Sevilla zich niet als een statisch monument, maar als een stad van voortdurende wisselwerking tussen hitte en schaduw, geschiedenis en innovatie, rust en feestvreugde. Haar structuur \u2013 getekend door Romeinen, Omajjaden, Castilianen en hedendaagse bewakers \u2013 nodigt niet uit tot spektakel, maar tot kritische beschouwing: voor wie zich waagt langs de zonovergoten lanen en door de schaduwrijke nissen, biedt Sevilla een bewijs van de veerkrachtige welsprekendheid van de stad.<\/p>","protected":false},"excerpt":{"rendered":"<p>Sevilla, de hoofdstad en grootste stad van de Spaanse autonome regio Andalusi\u00eb, is een toonbeeld van het culturele erfgoed en de hedendaagse levendigheid van Spanje. Gelegen aan de benedenloop van de rivier de Guadalquivir in het zuidwesten van het Iberisch Schiereiland, telde deze prachtige stad in 2022 ongeveer 701.000 inwoners, met een stedelijk gebied van bijna 1,5 miljoen inwoners. Met deze demografische kracht is Sevilla de vierde grootste stad van Spanje, de grootste gemeente van de Europese Unie en de grootste stad van Andalusi\u00eb.<\/p>","protected":false},"author":1,"featured_media":4633,"parent":13090,"menu_order":0,"comment_status":"closed","ping_status":"closed","template":"elementor_theme","meta":{"_eb_attr":"","footnotes":""},"class_list":["post-13186","page","type-page","status-publish","has-post-thumbnail"],"_links":{"self":[{"href":"https:\/\/travelshelper.com\/nl\/wp-json\/wp\/v2\/pages\/13186","targetHints":{"allow":["GET"]}}],"collection":[{"href":"https:\/\/travelshelper.com\/nl\/wp-json\/wp\/v2\/pages"}],"about":[{"href":"https:\/\/travelshelper.com\/nl\/wp-json\/wp\/v2\/types\/page"}],"author":[{"embeddable":true,"href":"https:\/\/travelshelper.com\/nl\/wp-json\/wp\/v2\/users\/1"}],"replies":[{"embeddable":true,"href":"https:\/\/travelshelper.com\/nl\/wp-json\/wp\/v2\/comments?post=13186"}],"version-history":[{"count":0,"href":"https:\/\/travelshelper.com\/nl\/wp-json\/wp\/v2\/pages\/13186\/revisions"}],"up":[{"embeddable":true,"href":"https:\/\/travelshelper.com\/nl\/wp-json\/wp\/v2\/pages\/13090"}],"wp:featuredmedia":[{"embeddable":true,"href":"https:\/\/travelshelper.com\/nl\/wp-json\/wp\/v2\/media\/4633"}],"wp:attachment":[{"href":"https:\/\/travelshelper.com\/nl\/wp-json\/wp\/v2\/media?parent=13186"}],"curies":[{"name":"wp","href":"https:\/\/api.w.org\/{rel}","templated":true}]}}