{"id":13177,"date":"2024-09-17T13:51:22","date_gmt":"2024-09-17T13:51:22","guid":{"rendered":"https:\/\/travelshelper.com\/staging\/?page_id=13177"},"modified":"2026-03-12T23:41:20","modified_gmt":"2026-03-12T23:41:20","slug":"sierra-nevada","status":"publish","type":"page","link":"https:\/\/travelshelper.com\/nl\/destinations\/europe\/spain\/sierra-nevada\/","title":{"rendered":"Sierra Nevada"},"content":{"rendered":"<p>De Sierra Nevada neemt een unieke plaats in in de zuidelijke uithoeken van het Iberisch Schiereiland: een uitgestrekt massief van bijna 80 kilometer lang, met een breedte vari\u00ebrend van 15 tot 30 kilometer, en een oppervlakte van meer dan 2000 vierkante kilometer. Deze legendarische bergketen, die oprijst uit de Andalusische provincies Granada en Almer\u00eda, biedt een ononderbroken profiel van bergtoppen die \u2013 over een aanzienlijke west-zuidwestelijke tot oost-noordoostelijke bergrug \u2013 het grootste deel van het jaar onwrikbaar bedekt blijven met sneeuw. Op zijn hoogtepunt staat de Mulhac\u00e9n, met zijn 3479 meter hoogte, het hoogste punt van continentaal Spanje en het Iberisch Schiereiland. De hoogste punten van de bergketen vormen een opvallend contrast met de zonovergoten mediterrane kust die slechts enkele tientallen kilometers verderop ligt, wat de Sierra Nevada tot een gebied van klimatologische, geologische en historische contrasten maakt die nauwgezette wetenschappelijke aandacht en po\u00ebtische reflectie vereisen.<\/p>\n<p>Van de oudheid tot nu zijn de hellingen van de Sierra Nevada getuige geweest van tektonische convulsies en gletsjersculptuur. Ontstaan \u200b\u200buit de alpiene orogenese tijdens het Tertiair, manifesteert het gebergte zich voornamelijk door zachte glimmerachtige schist die steil naar het noorden helt, maar plaats maakt voor meer geleidelijke afdalingen naar het zuiden en zuidoosten. Boven ongeveer 2400 meter \u2013 ooit de grens van eeuwig ijs tot het Holoceen \u2013 hebben oude gletsjers U-vormige valleien uitgehouwen en een constellatie van hooggelegen lagunes nagelaten, waaronder de Laguna de Aguas Verdes en de bescheiden Laguna de la Mosca. Deze bergmeertjes, genesteld in de zuidelijke keteldalen, kanaliseren smeltwater naar het Guadalfeo-systeem, evenals eerbiedwaardige fluviale aders die zowel de Middellandse Zee als de Atlantische Oceaan doorkruisen: de Genil, ontsprongen nabij Mulhac\u00e9n en essentieel voor het Guadalquivir-bekken; de D\u00farcal en \u00cdzbor; de Trev\u00e9lez en de Poqueira, samen met de zijrivieren van de rivieren Andarax en Adra.<\/p>\n<p>Geografisch gezien wordt de Sierra Nevada begrensd door de Lecr\u00edn-vallei in het westen, de Guadalfeo-vallei in het zuiden, de B\u00e9tica-depressie in het noorden, de Nacimiento-rivier in het oosten en de Andarax-vallei in het zuidoosten. De geografische co\u00f6rdinaten \u2013 ongeveer 36\u00b055\u2032 tot 37\u00b015\u2032 noorderbreedte en 2\u00b056\u2032 tot 3\u00b038\u2032 westerlengte \u2013 verankeren de Sierra Nevada stevig in het legendarische landschap van Andalusi\u00eb. Aan de zuidelijke uitlopers liggen de legendarische stad Granada en, verder naar het oosten, de kustenclaves Motril en Almer\u00eda, waarvan het mediterrane klimaat een dramatisch thermisch contrast vormt met de sneeuwrijke hoogten daarboven.<\/p>\n<p>Het klimatologische profiel van de Sierra Nevada laat zich niet eenvoudig classificeren. Binnen het K\u00f6ppen-systeem valt het massief overwegend binnen de mediterrane Csa\/Csb-categorie\u00ebn; boven de 2500 meter schommelt de gemiddelde zomertemperatuur echter rond de 10 \u00b0C, waardoor de hoge hellingen een subarctisch Dsc-karakter krijgen. Op iets lagere hoogten zorgen de korte, koele zomers en de geringe neerslag voor een vochtig continentaal Dsa\/Dsb-regime, terwijl bij verdere daling de koele zomers van het Middellandse Zeegebied geleidelijk overgaan in de warme zomers van de omliggende laaglanden. De gemiddelde jaartemperatuur in Pradollano \u2013 gemiddeld 3,9 \u00b0C \u2013 staat in schril contrast met de 15,7 \u00b0C in Granada en de 18,5 \u00b0C aan de kust van M\u00e1laga. De temperaturen in de zomer en winter liggen in het resort overdag doorgaans zo&#039;n 12 \u00b0C lager dan in de lager gelegen stad. Vooral in de periode tussen de lente en de zomer komt de temperatuur later dan normaal, aangezien de maximumtemperaturen in mei in de hooglanden rond de 4 \u00b0C liggen, terwijl de gemiddelde temperatuur in Granada 24 \u00b0C bedraagt.<\/p>\n<p>Wetenschappelijk onderzoek heeft op deze hoogten een opmerkelijke haven gevonden. Het Sierra Nevada Observatorium, het Calar Alto Observatorium en de 30-meter telescoop van het Institut de Radioastronomie Millim\u00e9trique (IRAM) bevinden zich op de noordelijke hellingen op ongeveer 2800 meter boven zeeniveau. Hun telescopische openingen turen in kosmische diepten, ongehinderd door de stedelijke gloed en profiterend van het hoge, droge plateau. De ecologische betekenis van het massief wordt inmiddels al lang erkend: in 1986 riep UNESCO het uit tot biosfeerreservaat en in 1989 en vervolgens in 1999 riep de Spaanse regering uitgestrekte gebieden uit, eerst tot natuurpark en later tot nationaal park, die samen zo&#039;n 169.239 hectare land beschermden.<\/p>\n<p>Binnen dit beschermde gebied bevindt zich een buitengewone biodiversiteit, die deels te danken is aan de ge\u00efsoleerde ligging en de postglaciale refugia van het gebied. Het Spaanse Ministerie van Milieu registreert 66 endemische vaatplantensoorten \u2013 bijna een vijfde van de endemische soorten binnen het gebied in Europa \u2013 en ongeveer 80 inheemse faunataxa. De totale vaatflora omvat zo&#039;n 2100 hogere planten, goed voor een kwart van de botanische rijkdom van Spanje. Om dit botanische erfgoed te beschermen, is een reeks natuurbeschermingsinstallaties opgericht: de Botanische Tuin van Cortijuela op de lagere helling van de Mont Trevenque op 1600 meter hoogte, belast met de vermeerdering en studie van ongeveer 100 kwetsbare of bedreigde soorten, waaronder Pinus sylvestris nevadensis; het Hoya de Pedraza-centrum (ge\u00efnitieerd in 2007) op 1980 meter; en de botanische tuin van de universiteit in Hoya de la Mora, opgericht in 1965 op ongeveer 2.500 meter hoogte, die geheel gewijd is aan de inheemse flora van de Sierra Nevada.<\/p>\n<p>Het menselijk tapijt dat rond de bergen is geweven, onthult een cadans van traditioneel levensonderhoud en moderne recreatie. Generaties lang hebben lokale bewoners terrasvormige percelen bewerkt \u2013 borreguiles, weidegronden zelfs boven de 2000 meter \u2013 en kuddes gehoed in transhumant-patronen die zich uitstrekken tot seizoensgebonden alpenweiden. Landbouwmechanisatie bleek onmogelijk op steile hellingen, waardoor de voorouderlijke kennis van irrigatiekanalen en olijf-, perzik- en amandelboomgaarden in stand werd gehouden. Toch is er de afgelopen decennia een voelbare verschuiving naar toerisme te zien geweest, aangewakkerd door de oprichting van het zuidelijkste skigebied van Europa en het hoogstgelegen skigebied van het Iberisch Schiereiland. Pradollano, de urbanisatie op 2100 meter hoogte, vormt de hoogste nederzetting van Andalusi\u00eb, afgezien van de enclaves in de Pyrenee\u00ebn. De skiliften en pistes trekken wintersporters aan die op zoek zijn naar betrouwbare sneeuw en overvloedige zonneschijn.<\/p>\n<p>De transportgeschiedenis in de hoge bergketens is eveneens opmerkelijk. In 1935 werd een autoweg naar de top van de Veleta geopend, die de titel van hoogste berijdbare route van Spanje \u2013 en een tijdlang van Europa \u2013 opleverde, totdat het bovenste deel van de Hoya de la Mora in 1999 werd afgesloten voor verkeer. Tegelijkertijd is er, afhankelijk van het weer, tussen juni en oktober een seizoensgebonden Interpretatiedienst voor de Hoge Toppen actief, die minibusjes en gidsen inzet om bezoekers van een universitaire herberg op 2500 meter hoogte naar het Veleta-platform op 3100 meter hoogte te brengen, en om wandelaars op de zuidelijke helling van Capileira naar Alto del Chorrillo op 2740 meter hoogte te brengen.<\/p>\n<p>Als aanvulling op het alpineski\u00ebn biedt Puerto de la Ragua, dat op 2000 meter hoogte ligt en de provincies Granada en Almer\u00eda overspant, langlauffaciliteiten, evenals de minder bekende Ragua-corridor aan de A-337. Wandelliefhebbers kunnen de Vereda de la Estrella doorkruisen, langs de bovenloop van de rivier de Genil, of de Integral de la Pescadores dei 3000i (Integrale van de 3000m-toppen) ondernemen, een inspannende tocht vanuit J\u00e9rez del Marquesado over bijna elke top boven de 3000m, die zowel uithoudingsvermogen als voorzichtigheid vereist te midden van nog resterende sneeuwvelden, zelfs midden in de zomer. De Sulayr-route, een 340 kilometer lange lus rond het massief, herleeft historische veepaden en voetpaden in een route die door openbare instellingen is ontworpen om zowel de natuur als het erfgoed te vieren.<\/p>\n<p>Voor wie een toevluchtsoord zoekt onder de sterrenhemel, biedt het gebied drie bemande berghutten: de Poqueira-berghut op 2500 meter hoogte, met plaats voor 87 gasten aan de samenvloeiing van de Mulhac\u00e9n en de R\u00edo Seco; de Postero Alto op 1880 meter hoogte, met ruimte voor 68 gasten op de Loma de Enmedio; en de herberg Puerto de la Ragua op 2000 meter hoogte met 32 \u200b\u200bslaapplaatsen. Verspreide schuilplaatsen en bivakken \u2013 waaronder La Carihuela, Elorrieta en Pe\u00f1a Partida \u2013 bevinden zich in wisselende staat van onderhoud, terwijl natuurlijke grotten zoals de Cueva Secreta en de Siete Lagunas-alcove getuigen van de geologische intrige van de berg.<\/p>\n<p>Ook fietsers vinden uitdaging en verleiding in de duizelingwekkende beklimmingen van de Sierra Nevada. De beroemde klim vanuit Monachil \u2013 een stijging van 2627 meter over 45,3 kilometer met een gemiddeld stijgingspercentage van 5,8 procent, met hellingen tot 15 procent \u2013 \u200b\u200bvormt een formidabele test voordat hij eindigt in Pradollano of Pico Veleta (3367 meter). De G\u00fc\u00e9jar Sierra-route naar Veleta beslaat 44,3 kilometer en stijgt 2557 meter met een gemiddeld stijgingspercentage van 5,77 procent. Tussenliggende doelen zijn onder andere de botanische tuin van de universiteit van Hoya de la Mora en het IRAM-observatorium op 2850 meter, elk een bewijs van de wetenschappelijke en esthetische aantrekkingskracht van het gebergte.<\/p>\n<p>Mythen en legenden ontvouwen zich net zo rijk als de bergpanorama&#039;s. Het verhaal van de Duivelsbezem roept een lawine op, veroorzaakt door een duivels geschenk, waarvan nog steeds wordt gezegd dat deze de hellingen van de Alcazaba-piek met sneeuw bedekt. \u200b\u200bDe overlevering van de Vacares-lagune verhaalt over de misdaad van een Moorse prins en de tranen van een prinses, vereeuwigd in rotsen, hun geweeklaag zou echo\u00ebn vanuit de bevroren diepten. Zulke verhalen \u2013 verteld door herders, dorpelingen en pelgrims \u2013 geven een buitenaardse dimensie aan een landschap dat al gevormd is door millennia van geologische en culturele krachten.<\/p>\n<p>Uiteindelijk omvat de Sierra Nevada veel meer dan alleen cartografische omvang en ecologische registers. Het is een arena waar klimaatgradi\u00ebnten, biotische refugia en menselijke activiteit samenkomen. Van de oude schist, vervormd door continentale botsingen, tot de stralende helderheid boven de 2800 meter, van de endemische dennenbomen die zich vastklampen aan rotsen tot het labyrint van paden die zich door bergkammen en valleien slingeren, biedt de bergketen een continu\u00fcm van onderzoek \u2013 geografisch, wetenschappelijk en humanistisch. Hierin ligt niet alleen een verhevenheid van rots en ijs, maar ook van intellect en verbeelding: een toppunt van natuurlijke geschiedenis en menselijke aspiratie, verweven onder de Andalusische hemel.<\/p>","protected":false},"excerpt":{"rendered":"<p>Het skioord Sierra Nevada, gelegen in het indrukwekkende Sierra Nevada-gebergte in het zuidoosten van Spanje, is het bewijs van de harmonieuze mix tussen menselijke creativiteit en natuurlijke schoonheid. Dit bekende skioord, gelegen in de provincie Granada, geniet een indrukwekkende ligging op de noordwestelijke hellingen van de Veleta, de op twee na hoogste berg van het Spaanse schiereiland. De badplaats Pradollano is het bruisende centrum van deze bergachtige omgeving en verwelkomt het hele jaar door honderden wintersporters en natuurliefhebbers, ondanks de seizoensgebonden drukte.<\/p>","protected":false},"author":1,"featured_media":4260,"parent":13090,"menu_order":0,"comment_status":"closed","ping_status":"closed","template":"elementor_theme","meta":{"_eb_attr":"","footnotes":""},"class_list":["post-13177","page","type-page","status-publish","has-post-thumbnail"],"_links":{"self":[{"href":"https:\/\/travelshelper.com\/nl\/wp-json\/wp\/v2\/pages\/13177","targetHints":{"allow":["GET"]}}],"collection":[{"href":"https:\/\/travelshelper.com\/nl\/wp-json\/wp\/v2\/pages"}],"about":[{"href":"https:\/\/travelshelper.com\/nl\/wp-json\/wp\/v2\/types\/page"}],"author":[{"embeddable":true,"href":"https:\/\/travelshelper.com\/nl\/wp-json\/wp\/v2\/users\/1"}],"replies":[{"embeddable":true,"href":"https:\/\/travelshelper.com\/nl\/wp-json\/wp\/v2\/comments?post=13177"}],"version-history":[{"count":0,"href":"https:\/\/travelshelper.com\/nl\/wp-json\/wp\/v2\/pages\/13177\/revisions"}],"up":[{"embeddable":true,"href":"https:\/\/travelshelper.com\/nl\/wp-json\/wp\/v2\/pages\/13090"}],"wp:featuredmedia":[{"embeddable":true,"href":"https:\/\/travelshelper.com\/nl\/wp-json\/wp\/v2\/media\/4260"}],"wp:attachment":[{"href":"https:\/\/travelshelper.com\/nl\/wp-json\/wp\/v2\/media?parent=13177"}],"curies":[{"name":"wp","href":"https:\/\/api.w.org\/{rel}","templated":true}]}}