{"id":11967,"date":"2024-09-15T11:03:38","date_gmt":"2024-09-15T11:03:38","guid":{"rendered":"https:\/\/travelshelper.com\/staging\/?page_id=11967"},"modified":"2026-03-12T21:00:26","modified_gmt":"2026-03-12T21:00:26","slug":"boekarest","status":"publish","type":"page","link":"https:\/\/travelshelper.com\/nl\/destinations\/europe\/romania\/bucharest\/","title":{"rendered":"Boekarest"},"content":{"rendered":"<p>Boekarest, de hoofdstad en grootste gemeente van Roemeni\u00eb, ligt aan de oevers van de rivier de D\u00e2mbovi\u021ba in het zuidoosten van het land. Met zo&#039;n 1,76 miljoen inwoners binnen een stedelijke oppervlakte van 240 vierkante kilometer en een grotere metropoolbevolking van 2,3 miljoen verspreid over 1.811 vierkante kilometer, is de stad de achtste stad van de Europese Unie qua inwonertal. Als regeringszetel, centrum van de regio Muntenia en draaischijf van culturele, politieke en economische activiteit reikt de betekenis van de stad veel verder dan haar bestuurlijke grenzen.<\/p>\n<p>De vroegste schriftelijke vermelding van de nederzetting dateert uit 1459, maar pas in 1862 werd Boekarest officieel aangewezen als hoofdstad van de prille Roemeense staat. Vanaf dat moment breidde de stad zich gestaag uit met culturele instellingen, media en artistieke kringen. In de loop van decennia ontwikkelde de stad een architectonisch vocabulaire dat eclectische negentiende-eeuwse bouwwerken combineert met neoclassicistische gevels en kronkelige art nouveau-ornamenten. Tijdens het interbellum omarmde een nieuwe generatie bouwers het Bauhaus-minimalisme, de art-decogeometrie en een nationaal-romantische neostijl. In deze jaren zorgden de elegante straten en de kosmopolitische samenleving ervoor dat bezoekers de stad &#034;Klein Parijs&#034; of &#034;Parijs van het Oosten&#034; noemden.<\/p>\n<p>De twintigste eeuw stelde Boekarest op de proef. Bombardementen, seismische omwentelingen en een ideologische campagne van &#039;systematisering&#039; onder Nicolae Ceau\u0219escu verwoestten grote delen van de historische kern, en statige gebouwen stortten in of werden gesloopt. Desondanks hebben veel overlevenden \u2013 Frans ge\u00efnspireerde herenhuizen, landhuizen op paleisniveau en met bomen omzoomde boulevards \u2013 een zorgvuldige restauratie ondergaan. Een culturele heropleving in de eenentwintigste eeuw heeft een economische en creatieve opleving teweeggebracht, waardoor de stad is getransformeerd tot een van Europa&#039;s snelst groeiende centra voor investeringen en innovatie in hightech.<\/p>\n<p>In januari 2023 telde de gemeente 1,74 miljoen inwoners, met een informeel aantal van 2,3 miljoen wanneer satellietsteden worden meegerekend. Tijdens de COVID-19-pandemie werd in offici\u00eble rapporten melding gemaakt van 2,5 miljoen mensen in gezondheidsmonitoringcijfers, wat de logistieke complexiteit van het beheer van zo&#039;n dichtbevolkt knooppunt onderstreepte. In 2017 werd Boekarest volgens een wereldwijde index aangemerkt als Europa&#039;s snelstgroeiende toeristische bestemming voor overnachtingen, en in de daaropvolgende twee jaar stond het bovenaan de ranglijst met ontwikkelingsmogelijkheden. Toch laten censusgegevens een lichte daling zien in het aantal permanente inwoners van de stad, een fenomeen dat deels wordt toegeschreven aan de migratie naar de voorsteden.<\/p>\n<p>Geografisch gezien beslaat Boekarest een min of meer cirkelvormig gebied met een straal van 10 tot 12 kilometer van het Universiteitsplein tot de gemeentegrenzen. De rivier de D\u00e2mbovi\u021ba doorsnijdt de stad voordat hij uitmondt in de Arge\u0219 en uiteindelijk in de Donau. In het noorden volgen vier met elkaar verbonden stuwmeren \u2013 Her\u0103str\u0103u, Floreasca, Tei en Colentina \u2013 de loop van de Colentina, terwijl een kleiner sierlijk bekken, het Cicmigiumeer, zich nestelt te midden van de groene Cicmigiutuinen. Een symbolische kilometermarkering staat net ten zuiden van het Universiteitsplein, op het St. Georgeplein, v\u00f3\u00f3r de Nieuwe St. Georgekerk.<\/p>\n<p>De hoogte van de stad schommelt tussen ongeveer 56 meter bij de D\u00e2mbovi\u021ba-brug in het zuidoosten en 91,5 meter op een heuvel bekroond door een militaire kerk in het westen. Traditioneel zou Boekarest op zeven heuvels rusten \u2013 Mihai Vod\u0103, Dealul Mitropoliei, Radu Vod\u0103, Cotroceni, Dealul Spirii, V\u0103c\u0103re\u015fti en Sf\u00e2ntu Gheorghe Nou \u2013 een po\u00ebtische echo van Rome die zijn premoderne oorsprong onderstreept te midden van de vruchtbare vlakte die ooit werd bedekt door het Vl\u0103siei-woud.<\/p>\n<p>Een complex lappendeken van groene ruimtes accentueert het stedelijk weefsel. De Ci\u0219migiu-tuinen, aangelegd in 1847 naar een ontwerp van de Duitse architect Carl F.W. Meyer, bieden een lommerrijk toevluchtsoord vlakbij het stadscentrum en hebben van oudsher dichters en romanschrijvers aangetrokken. Het Her\u0103str\u0103u-park, dat de noordelijke oever van het gelijknamige meer omsluit, integreert het Roemeense Dorpsmuseum in het park. Het Tineretului-park, geopend in 1965, dient als het belangrijkste recreatiegebied voor de zuidelijke districten en beschikt over een op schaal gemaakte &#034;ministad&#034; voor kinderen.<\/p>\n<p>De Botanische Tuin in de wijk Cotroceni herbergt meer dan 10.000 plantensoorten in kassen en open perken; oorspronkelijk was het een koninklijk lusthof. Andere opmerkelijke parken zijn het Koning Micha\u00ebl I Park, het Carol Park, het Alexandru Ioan Cuza Park (in de volksmond bekend als het Titanenpark), het Kiseleff Park, het Izvor Park, het Gr\u0103dina Icoanei Park, het Circului Park en het Moghioro\u0219 Park. Andere parken zoals het Nationaal Park, het Tei Park, het Eroilor Park en het Cr\u00e2nga\u0219i Park, compleet met het Morii-meer, bieden extra rust aan de rand van de stad.<\/p>\n<p>Van deze gebieden verdient het V\u0103c\u0103re\u0219ti-meer bijzondere aandacht. Het meer, dat onder het regime van Ceau\u0219escu werd geopend als een betonnen bassin, maar na de revolutie van 1989 werd verlaten, onderging in de loop van twintig jaar een feitelijke herinrichting van de natuur. Sinds mei 2016 is het beschermd als natuurpark V\u0103c\u0103re\u0219ti, dat 190 hectare beslaat \u2013 waarvan de helft open water is \u2013 en waar zevenennegentig vogelsoorten, zeven zoogdiersoorten en een groot aantal amfibie\u00ebn en insecten leven. Het meer, informeel de &#034;Delta van Boekarest&#034; genoemd, blijft een opvallend bewijs van de heropleving van de natuur te midden van dichtbevolkte stedelijke bebouwing.<\/p>\n<p>Het gebied direct rond de hoofdstad was tot eind twintigste eeuw grotendeels agrarisch. Sinds de val van het communisme is het district Ilfov snel verstedelijkt: de bevolking steeg tot 542.686 in 2021, een toename die alle andere districten in Roemeni\u00eb tussen 2011 en 2021 overtrof. Dorpen zoals Pope\u0219ti-Leordeni, Voluntari, Chiajna, Bragadiru, Pantelimon, Buftea en Otopeni zijn getransformeerd tot welvarende forensensteden, waardoor de stad een bredere metropool is geworden.<\/p>\n<p>Het klimaat van Boekarest varieert van vochtig continentaal tot vochtig subtropisch, met hete, benauwde zomers en koude, sneeuwrijke winters. Midden in de zomer liggen de dagelijkse maxima gemiddeld op 29,8 \u00b0C, met frequente pieken van 35-40 \u00b0C in de centrale districten. In de winter dalen de temperaturen vaak onder het vriespunt en kunnen ze dalen tot -10 \u00b0C, geholpen door de wind die over de vlakte waait. De temperaturen in de lente en herfst schommelen tussen de 17 en 22 \u00b0C; de regenval is doorgaans heviger in de lente, afgewisseld met plotselinge maar korte buien in de zomer.<\/p>\n<p>Demografisch gezien telde de stad zelf 1.716.961 inwoners volgens de volkstelling van 2021, een lichte krimp ten opzichte van 2011. Lage geboortecijfers en migratie naar de buitenwijken waren de oorzaak van deze trend. Een onderzoek van de Verenigde Naties plaatste Boekarest op de negentiende plaats van de achtentwintig Europese hoofdsteden die tussen 1990 en medio 2010 een bevolkingsafname van bijna vier procent kenden; de uittocht van gezinnen en jonge professionals naar satellietgemeenschappen droeg hier aanzienlijk aan bij.<\/p>\n<p>Economisch gezien genereert Boekarest ongeveer 24 procent van het bruto binnenlands product van Roemeni\u00eb en bijna een kwart van de industri\u00eble productie, ondanks het feit dat er minder dan tien procent van de nationale bevolking woont. Bijna een derde van alle nationale belastinginkomsten is afkomstig uit de hoofdstad. Het voor koopkracht gecorrigeerde bbp per hoofd van de bevolking van de regio Boekarest-Ilfov bereikte in 2017 145 procent van het gemiddelde van de Europese Unie, waarmee vergelijkbare cijfers voor Boedapest (139 procent), Madrid (125 procent), Berlijn (118 procent), Rome (110 procent), Lissabon (102 procent) en Sofia (79 procent) werden overtroffen.<\/p>\n<p>Na een periode van relatieve stagnatie in de jaren negentig herstelde de stad zich krachtig: vernieuwing van de infrastructuur, commerci\u00eble complexen, woonwijken en met glas beklede hoogbouw hebben de skyline een nieuwe vorm gegeven. In januari 2013 bedroeg de lokale werkloosheid 2,1 procent, aanzienlijk lager dan het landelijk gemiddelde van 5,8 procent. Tegenwoordig domineren de dienstensectoren de economie en zijn de hoofdkantoren van zo&#039;n 186.000 bedrijven \u2013 waaronder vrijwel alle grote Roemeense bedrijven \u2013 hier gevestigd. De vastgoed- en bouwsector heeft een groot deel van de expansie na het millennium aangestuurd, terwijl Boekarest zich ook heeft ontwikkeld tot het belangrijkste centrum voor informatietechnologie en communicatie; talloze internationale softwarebedrijven exploiteren offshore distributiefaciliteiten in de stad.<\/p>\n<p>De effectenbeurs van Boekarest, die eind 2005 fuseerde met het elektronische Rasdaq-platform, vormt het hart van de financi\u00eble sector. Sinds eind jaren negentig zijn er meer dan twintig winkelcentra en malls verrezen: opvallende voorbeelden zijn B\u0103neasa Shopping City, AFI Palace Cotroceni, Mega Mall, Bucure\u0219ti Mall, ParkLake Shopping Centre, Sun Plaza, Promenada Mall en Unirea Shopping Centre. Wereldwijde bedrijven zoals Amazon, Microsoft, Ubisoft, Oracle en IBM hebben er lokale vestigingen. De stad huisvest ook grote olie- en gas-, automobiel-, telecommunicatie- en consumentengoederenbedrijven, waaronder Petrom, het grootste energieconcern van Roemeni\u00eb. In 2023 stond Boekarest op de zesde plaats wereldwijd voor vastebreedbandsnelheid, met een gemiddelde snelheid van 250 Mbps.<\/p>\n<p>De transportinfrastructuur bestaat uit een metronetwerk van vijf lijnen \u2013 M1 tot en met M5 \u2013 ge\u00ebxploiteerd door Metrorex, dat 64 stations bedient. Het eerste deel werd geopend in 1979 en de nieuwste lijn is in 2020 in gebruik genomen; een zesde lijn is in aanbouw. \u200b\u200bOp maaiveldniveau exploiteert Societatea de Transport Bucure\u0219ti bussen, trams, trolleybussen en lightrailvoertuigen, aangevuld met priv\u00e9minibussen en een beperkte vloot van maximaal 10.000 taxi&#039;s.<\/p>\n<p>Treinverbindingen vertrekken vanaf Gara de Nord, het hoofdstation van C\u0103ile Ferate Rom\u00e2ne, en verbinden Boekarest met belangrijke binnenlandse en internationale bestemmingen, waaronder Belgrado, Sofia, Wenen, Boedapest, Istanbul en Kiev. Secundaire stations \u2013 Basarab, Obor, B\u0103neasa en Progresul \u2013 worden ge\u00efntegreerd in een forenzenspoornetwerk dat de gemeente en het district Ilfov bedient. Het oudste eindpunt van de stad, Filaret, werd in 1869 geopend en later onder het communistische regime omgebouwd tot busstation.<\/p>\n<p>Het zwaartepunt van de luchtvaart ligt op Henri Coand\u0103 International Airport (OTP), gelegen 16,5 kilometer ten noorden van de stadskern in Otopeni. In 2017 verwerkte deze luchthaven meer dan 12,8 miljoen passagiers, waarmee het de drukste luchthaven van Roemeni\u00eb is. Aurel Vlaicu International Airport (BBU), acht kilometer noordelijker binnen de stadsgrenzen, wordt gebruikt voor executive- en chartervluchten.<\/p>\n<p>Over de weg is Boekarest de ankerplaats van belangrijke verkeersaders van het nationale netwerk en de pan-Europese corridors IV en IX. Belangrijke snelwegen \u2013 de A1 naar Pite\u0219ti (vervolg richting Hongarije), de A2 Zonne-snelweg naar Constan\u021ba en de A3 naar Ploie\u0219ti \u2013 beginnen hier. De snelwegafstanden omvatten 183 kilometer naar Bra\u0219ov, 203 kilometer naar Constan\u021ba, 408 kilometer naar Ia\u0219i, 451 kilometer naar Cluj-Napoca en 544 kilometer naar Timi\u0219oara. Een binnen- en buitenring vormen een aanvulling op een netwerk van radiale boulevards. De files tijdens de spits blijven endemisch, toe te schrijven aan het toenemende autobezit \u2013 1,13 miljoen geregistreerde voertuigen in 2013 \u2013 hoewel systematische wegonderhoud veel verslechterde verkeersaders heeft aangepakt. Kentekenplaten zijn in 2010 overgegaan op een driecijferig nummer om het volume te kunnen verwerken. Op 17 juni 2011 werd de Basarab Overpass geopend, de langste tuibrug in Roemeni\u00eb en de breedste van het continent. Hierdoor verbeterde de verkeersstroom in de buurt van de Grant Bridge en het Noordstation aanzienlijk.<\/p>\n<p>Het culturele leven in Boekarest is de afgelopen jaren sterk gegroeid, met name op het gebied van beeldende kunst, podiumkunsten en het nachtleven. In tegenstelling tot andere Roemeense regio&#039;s ontbeert de creatieve omgeving van de stad een uniek karakter, maar combineert ze lokale traditie met wereldwijde invloeden. Galerie\u00ebn, concertzalen, theaters en clubs zijn er in overvloed en spreken een breed spectrum aan inwoners en bezoekers aan.<\/p>\n<p>Monumentale architectuur kenmerkt veel van de bezienswaardigheden van Boekarest. Het Parlementspaleis, gebouwd in de jaren 80 onder het regime van Ceau\u0219escu, is het grootste parlementaire gebouw ter wereld; de enorme volumes bevatten kamers voor zowel de wetgevende macht als het Nationaal Museum voor Hedendaagse Kunst, evenals een van de grootste congrescentra ter wereld. De Arcul de Triumf, in zijn huidige vorm gebouwd in 1935 en gemodelleerd naar de Arc de Triomphe in Parijs, herdenkt de Roemeense militaire prestaties. Het Monument voor de Wedergeboorte \u2013 een gepolijste marmeren obelisk die in 2005 werd onthuld ter ere van de slachtoffers van de Revolutie van 1989 \u2013 leidde tot een publiek debat over de abstracte vorm en politieke connotaties.<\/p>\n<p>Het Roemeense Atheneum, voltooid tussen 1886 en 1888 via openbare inschrijving, geldt als een symbool van de nationale cultuur en draagt \u200b\u200bhet Label van Europees Erfgoed. Het InterContinental Bucharest, een hoogbouw vijfsterrenhotel vlakbij het Universiteitsplein, biedt een panoramisch uitzicht vanuit elke uniek ingerichte kamer. Het Casa Sc\u00e2nteii \u2013 voltooid in 1957 en in de stijl van de Staatsuniversiteit van Moskou \u2013 huisvestte ooit de offici\u00eble persorganen van de Communistische Partij; de gevel is nog steeds het enige gebouw in de stad met hamer-en-sikkelmotieven in de ornamenten.<\/p>\n<p>Er zijn talloze museale instellingen: het Nationaal Kunstmuseum, het Grigore Antipa Nationaal Natuurhistorisch Museum, het Museum van de Roemeense Boer, het Nationaal Historisch Museum en het Militair Museum bewaren en presenteren gezamenlijk het Roemeense erfgoed. Het stadscentrum zelf is een palimpsest van middeleeuwse overblijfselen, neoklassieke paleizen, art-decoblokken, art-nouveauvilla&#039;s en neo-Roemeense prototypes uit het begin van de twintigste eeuw, afgewisseld met utilitaire appartementencomplexen uit het communistische tijdperk en een aantal hedendaagse wolkenkrabbers.<\/p>\n<p>In het eerste kwart van de 21e eeuw onderging Boekarest een transformatie dankzij subsidies van de Europese Unie en binnenlandse investeringen. De heropgeleefde oude binnenstad pronkt met gerestaureerde gevels en een nieuwe bestemming gegeven interieurs, terwijl infrastructurele projecten \u2013 waaronder de kolossale Basarab-brug \u2013 de veranderende contouren van de stad schetsen. Wat ooit werd gevierd als &#034;Het Kleine Parijs&#034; ontvouwt zich nu als een metropool van dynamische contrasten: een levende kroniek van geschiedenis, moderniteit en de voortdurende wisselwerking daartussen. In de historische straten, parken en doorgaande wegen blijft Boekarest zijn rol als bruisende hoofdstad op het kruispunt van verleden en toekomst bevestigen.<\/p>","protected":false},"excerpt":{"rendered":"<p>Boekarest, de hoofdstad en grootste stad van Roemeni\u00eb, is een bloeiende metropool met naar schatting 1,76 miljoen inwoners. Gelegen aan de oevers van de rivier de D\u00e2mbovi\u021ba in het zuidoosten van Roemeni\u00eb, vormt dit energieke stedelijke knooppunt het centrum van een groter grootstedelijk gebied met zo&#039;n 2,3 miljoen inwoners. Met deze uitzonderlijke bevolkingsomvang staat Boekarest op de achtste plaats qua bevolkingsdichtheid in de Europese Unie, wat haar belang op het continentale toneel onderstreept.<\/p>","protected":false},"author":1,"featured_media":3400,"parent":11908,"menu_order":0,"comment_status":"closed","ping_status":"closed","template":"elementor_theme","meta":{"_eb_attr":"","footnotes":""},"class_list":["post-11967","page","type-page","status-publish","has-post-thumbnail"],"_links":{"self":[{"href":"https:\/\/travelshelper.com\/nl\/wp-json\/wp\/v2\/pages\/11967","targetHints":{"allow":["GET"]}}],"collection":[{"href":"https:\/\/travelshelper.com\/nl\/wp-json\/wp\/v2\/pages"}],"about":[{"href":"https:\/\/travelshelper.com\/nl\/wp-json\/wp\/v2\/types\/page"}],"author":[{"embeddable":true,"href":"https:\/\/travelshelper.com\/nl\/wp-json\/wp\/v2\/users\/1"}],"replies":[{"embeddable":true,"href":"https:\/\/travelshelper.com\/nl\/wp-json\/wp\/v2\/comments?post=11967"}],"version-history":[{"count":0,"href":"https:\/\/travelshelper.com\/nl\/wp-json\/wp\/v2\/pages\/11967\/revisions"}],"up":[{"embeddable":true,"href":"https:\/\/travelshelper.com\/nl\/wp-json\/wp\/v2\/pages\/11908"}],"wp:featuredmedia":[{"embeddable":true,"href":"https:\/\/travelshelper.com\/nl\/wp-json\/wp\/v2\/media\/3400"}],"wp:attachment":[{"href":"https:\/\/travelshelper.com\/nl\/wp-json\/wp\/v2\/media?parent=11967"}],"curies":[{"name":"wp","href":"https:\/\/api.w.org\/{rel}","templated":true}]}}