{"id":11404,"date":"2024-09-12T22:08:35","date_gmt":"2024-09-12T22:08:35","guid":{"rendered":"https:\/\/travelshelper.com\/staging\/?page_id=11404"},"modified":"2026-03-12T15:56:36","modified_gmt":"2026-03-12T15:56:36","slug":"hongarije","status":"publish","type":"page","link":"https:\/\/travelshelper.com\/nl\/destinations\/europe\/hungary\/","title":{"rendered":"Hongarije"},"content":{"rendered":"<p>Hongarije is een geheel door land omgeven republiek met ongeveer 9,6 miljoen inwoners en een oppervlakte van zo&#039;n 93.000 vierkante kilometer in het hart van het Karpatenbekken. Het land grenst aan zeven landen \u2013 Slowakije, Oekra\u00efne, Roemeni\u00eb, Servi\u00eb, Kroati\u00eb, Sloveni\u00eb en Oostenrijk \u2013 en wordt doorkruist door de rivieren de Donau en de Tisza. Vanaf de stichting van het vorstendom der Magyaren onder \u00c1rp\u00e1d aan het einde van de negende eeuw tot aan de moderne parlementaire democratie en de toetreding tot de Europese Unie in 2004, is de evolutie van Hongarije gekenmerkt door opeenvolgende golven van kolonisatie, imperiale heerschappij en nationale wedergeboorte.<\/p>\n<p>Het Hongaarse landschap bestaat voornamelijk uit laagland, met contouren die worden bepaald door de ritmische stijging van het heuvelachtige Transdanubi\u00eb in het westen en de uitgestrekte Grote Laagvlakte (Alf\u00f6ld) in het oosten. Transdanubi\u00eb strekt zich uit van de Oostenrijkse grens over de glooiende uitlopers van de oostelijke Alpen (Alpokalja), het Transdanubische gebergte en de Mecsek- en Vill\u00e1ny-gebergten, met als hoogtepunt \u00cdrott-k\u0151 (882 m). Voorbij de Tisza wordt de brede vlakte in het noorden onderbroken door de Karpaten, met als hoogtepunt de K\u00e9kes (1014 m), de hoogste berg van Hongarije. Het Balatonmeer \u2013 het grootste zoetwatermeer van Midden-Europa \u2013 en het thermale water van H\u00e9v\u00edz getuigen van de geologische diversiteit van de regio. Het klimaat is gematigd continentaal, met gemiddelde jaartemperaturen rond de 9,7 \u00b0C en een gemiddelde neerslag van 600 mm. Hierdoor is er een rijke mix van Pannonische gemengde bossen in de Circumboreale regio van het Boreale Koninkrijk.<\/p>\n<p>De vroegst bekende bewoners van het bekken waren Kelten, Romeinen, Hunnen, Germaanse stammen, Avaren en Slaven. Magyaarse invallen onder \u00c1lmos en \u00c1rp\u00e1d aan het einde van de negende eeuw consolideerden het bekken tot een vorstendom, gecodificeerd door de kroning van Stefanus I tot koning in 1000 n.Chr. en de oprichting van christelijke instellingen die voortduurden tot het middeleeuwse koninkrijk Hongarije. Tegen de late middeleeuwen was het koninkrijk uitgegroeid tot een Centraal-Europese macht, waarvan de invloed zich uitstrekte tot op de Balkan en daarbuiten. De Ottomaanse verovering, ingeluid met de nederlaag bij Moh\u00e1cs in 1526 en de val van Boeda in 1541, verdeelde het rijk in het door Habsburg geregeerde Koninklijk Hongarije, door Ottomanen geregeerde provincies en het semi-autonome vorstendom Transsylvani\u00eb. Het Verdrag van Karlowitz uit 1699 maakte een einde aan de Ottomaanse heerschappij in het bekken. In de achttiende eeuw werden de meeste gebieden weer onder Habsburgse heerschappij verenigd.<\/p>\n<p>Opstanden in de zeventiende en achttiende eeuw \u2013 met name R\u00e1k\u00f3czi&#039;s Onafhankelijkheidsoorlog (1703-1711) \u2013 culmineerden in het Oostenrijks-Hongaarse Compromis van 1867, waarmee een dubbelmonarchie werd ingeluid waarvan de industri\u00eble en culturele bloei het fin de si\u00e8cle markeerde. De val van Oostenrijk-Hongarije na de Eerste Wereldoorlog en het Verdrag van Trianon in 1920 verkleinden het koninkrijk met 71 procent van zijn historische landoppervlak, wat leidde tot een diepgaande demografische en economische ontwrichting. Tijdens het interbellum streefde de conservatieve regering van regent Mikl\u00f3s Horthy naar stabiliteit te midden van territoriaal irredentisme. Hongarijes aansluiting bij de asmogendheden in de Tweede Wereldoorlog leidde tot verwoesting en bezetting, gevolgd door de door de Sovjet-Unie gesteunde oprichting van de Hongaarse Volksrepubliek. De opstand van 1956, hoewel onderdrukt, was een voorbode van geleidelijke liberalisering. De vreedzame overgangsperiode van 1989-1990 leidde tot een democratische parlementaire republiek, die culmineerde in het lidmaatschap van de Europese Unie in 2004 en de toetreding tot Schengen in 2007.<\/p>\n<p>De hedendaagse economie wordt geclassificeerd als een economie met een hoog inkomen, ondersteund door universele gezondheidszorg en gratis voortgezet onderwijs. Diensten vormen meer dan zestig procent van de werkgelegenheid, terwijl de industrie en landbouw respectievelijk dertig en zeven procent vertegenwoordigen, wat een postindustri\u00eble arbeidsstructuur weerspiegelt. De Hongaarse forint blijft de nationale munteenheid, terwijl economische complexiteit wereldwijd op de negende plaats staat. De infrastructuur is uitgebreid: een modern snelwegennet verbindt Boedapest met grote steden; de metro van Boedapest \u2013 daterend uit 1896 \u2013 is nog steeds &#039;s werelds op \u00e9\u00e9n na oudste metrosysteem; en spoorwegknooppunten zoals Szolnok en Miskolc ondersteunen binnenlandse en grensoverschrijdende verbindingen. Vanaf maart 2024 is gratis treinreizen uitgebreid naar burgers jonger dan veertien en personen van vijfenzestig jaar en ouder.<\/p>\n<p>Administratief gezien is Hongarije verdeeld in negentien districten en de hoofdstad Boedapest, die onafhankelijk functioneert. Deze twintig entiteiten vormen NUTS-3-regio&#039;s, die verder zijn onderverdeeld in 174 districten, die 3152 gemeenten omvatten \u2013 346 steden (waaronder drie\u00ebntwintig &#034;stedelijke districten&#034;) en 2806 dorpen. De verstedelijking bedraagt \u200b\u200bmeer dan zeventig procent, met een kwart van de inwoners woonachtig in het grootstedelijk gebied van Boedapest. Boedapest zelf \u2013 gelegen aan beide oevers van de Donau \u2013 heeft een culturele en economische voorrang, met een ring van klassieke boulevards en monumenten die getuigen van de erfenis van barok, historicisme en art nouveau.<\/p>\n<p>De Hongaarse taal, een lid van de Oeraalse taalfamilie buiten de Indo-Europese hoofdstroom, wordt door negenennegentig procent van de bevolking als moedertaal gesproken. Engels en Duits zijn de belangrijkste vreemde talen, terwijl erkende minderheidstalen het Armeens, Bulgaars, Kroatisch, Duits, Grieks, Roemeens, Romani, Roetheens, Servisch, Slowaaks, Sloveens en Oekra\u00efens zijn. Etnisch gezien vormen de Magyaren meer dan negentig procent van de bevolking, waarbij Romani, Slowaakse en andere gemeenschappen bijdragen aan een historisch diverse sociale structuur, wat verder wordt bevestigd door het feit dat er meer dan twee miljoen etnische Hongaren buiten de huidige grenzen wonen.<\/p>\n<p>Het christendom heeft de Hongaarse identiteit lange tijd gevormd. Koning Stefanus I nam het westerse christendom over in 1000 en wijdde het katholicisme tot staatsgodsdienst, waarna de aartsbisschop van Esztergom zich ontpopte tot prins-primaat. Lutherse en calvinistische tradities wonnen in de daaropvolgende eeuwen terrein, met name in de oostelijke Grote Laagvlakte. Tegenwoordig is Hongarije grotendeels seculier, met minder dan twintig procent die regelmatig kerkdiensten bezoekt.<\/p>\n<p>Architectonisch erfgoed varieert van middeleeuwse vestingwerken en renaissancemeesters tot de fin-de-si\u00e8cle-innovaties van \u00d6d\u00f6n Lechner, wiens synthese van Aziatische en nationale motieven de aanzet gaf tot een eigenzinnige Hongaarse art nouveau. Zijn opvolgers, waaronder K\u00e1roly K\u00f3s, Dezs\u0151 Zrumeczky en B\u00e9la Lajta, verwerkten buitenlandse stromingen \u2013 Weense Sezession, Belgische en Franse art nouveau, Duitse Jugendstil en Engelse en Finse invloeden \u2013 in een eigenzinnige taal die terug te vinden is in stadsgebouwen en musea voor toegepaste kunst. De binnenstad van Boedapest is grotendeels een eeuw oud, met hoge gevels met gebeeldhouwde medailles uit vervlogen tijden.<\/p>\n<p>De Hongaarse keuken is verankerd in paprika \u2013 ge\u00efntroduceerd in de zestiende eeuw \u2013 en dikke zure room (tejf\u00f6l), die robuuste smaken temperen. Guly\u00e1s, met zijn soep- of stoofschotelvariaties, belichaamt de nationale comfort food, terwijl kippaprikash, p\u00f6rk\u00f6lt, hal\u00e1szl\u00e9 en nobele foie gras-bereidingen getuigen van regionale en klassenonderscheidingen. Gebak zoals Dobos-taart, strudels, Gundel-pannenkoeken en pruimenknoedels kenmerken de culinaire kalender, met een bloeiende caf\u00e9cultuur in cukr\u00e1szd\u00e1k (banketbakkerijen) en eszpressz\u00f3k (koffiehuizen). Traditionele herbergen \u2013 cs\u00e1rd\u00e1k \u2013 en wijnlokalen \u2013 boroz\u00f3k \u2013 behouden de landelijke gezelligheid, terwijl stedelijke bistro&#039;s en zelfbedieningsrestaurants inspelen op moderne eisen.<\/p>\n<p>Het historisch bloeiende toerisme trok in 2019 24,5 miljoen internationale bezoekers, aangetrokken door UNESCO-werelderfgoedlocaties zoals de oevers van de Donau en de Burchtwijk van Boeda in Boedapest, de eeuwenoude Benedictijnse abdij van Pannonhalma, het Nationaal Park Hortob\u00e1gy met zijn uitgestrekte poesta, de grotten van Aggtelek, de vroegchristelijke necropolis van P\u00e9cs en de wijngebieden Tokaj en Vill\u00e1ny. Het Balatonmeer blijft de belangrijkste badplaats in het binnenland van Centraal-Europa, aangevuld met kuuroorden zoals H\u00e9v\u00edz, Hajd\u00faszoboszl\u00f3 en Hark\u00e1ny. Seizoensgebonden en culturele fenomenen \u2013 van de opkomst van eendagsvliegen (tiszavir\u00e1gz\u00e1s) half juni langs de Tisza tot het Bus\u00f3j\u00e1r\u00e1s-carnaval in Moh\u00e1cs in februari \u2013 onderstrepen de blijvende wisselwerking tussen natuur, rituelen en gemeenschap in Hongarije.<\/p>\n<p>Hongarije neemt deel aan een breed scala aan internationale organisaties, waaronder de Verenigde Naties, de NAVO, de Wereldgezondheidsorganisatie, de Wereldhandelsorganisatie, de Wereldbank, de Aziatische Investeringsbank voor Infrastructuur, de Raad van Europa en de Visegr\u00e1dgroep, wat zijn strategische rol in Europese aangelegenheden weerspiegelt. Binnen de Europese Unie combineert Hongarije nationale bevoegdheden met collectief bestuur en onderhandelt het over fiscale kaders en infrastructuurprojecten die de economische modernisering ondersteunen.<\/p>\n<p>De reis van dit land \u2013 van een smeltkroes van vroegmiddeleeuwse staatkunde via de Ottomaanse ontbinding, het Habsburgse dualisme, de twintigste-eeuwse omwentelingen en het pluralisme na 1989 \u2013 heeft een culturele veerkracht gecre\u00eberd die zichtbaar is in taal, kunst, architectuur en sociale instellingen. Het hedendaagse Hongarije laveert tussen traditie en innovatie, waarbij de steden en vlaktes welsprekende getuigenissen afleggen van eeuwenlange continu\u00efteit te midden van transformatie. Het blijft bovenal een gebied waar geologie, geschiedenis en menselijk initiatief samenkomen om een \u200b\u200beigen Europese identiteit te vormen.<\/p>","protected":false},"excerpt":{"rendered":"<p>Hongarije, een land zonder zeekust in Centraal-Europa, met een rijk historisch en cultureel erfgoed. Hongarije, gelegen in het centrum van het Karpatenbekken, beslaat 93.030 vierkante kilometer en grenst aan vele aangrenzende landen. Slowakije ligt in het noorden, Oekra\u00efne grenst in het noordoosten. Roemeni\u00eb grenst in het oosten en zuidoosten aan Hongarije en in het zuiden aan Servi\u00eb. De zuidwestelijke grens grenst aan Kroati\u00eb en Sloveni\u00eb, terwijl Oostenrijk in het westen ligt.<\/p>","protected":false},"author":1,"featured_media":3550,"parent":24078,"menu_order":0,"comment_status":"closed","ping_status":"closed","template":"elementor_theme","meta":{"_eb_attr":"","footnotes":""},"class_list":["post-11404","page","type-page","status-publish","has-post-thumbnail"],"_links":{"self":[{"href":"https:\/\/travelshelper.com\/nl\/wp-json\/wp\/v2\/pages\/11404","targetHints":{"allow":["GET"]}}],"collection":[{"href":"https:\/\/travelshelper.com\/nl\/wp-json\/wp\/v2\/pages"}],"about":[{"href":"https:\/\/travelshelper.com\/nl\/wp-json\/wp\/v2\/types\/page"}],"author":[{"embeddable":true,"href":"https:\/\/travelshelper.com\/nl\/wp-json\/wp\/v2\/users\/1"}],"replies":[{"embeddable":true,"href":"https:\/\/travelshelper.com\/nl\/wp-json\/wp\/v2\/comments?post=11404"}],"version-history":[{"count":0,"href":"https:\/\/travelshelper.com\/nl\/wp-json\/wp\/v2\/pages\/11404\/revisions"}],"up":[{"embeddable":true,"href":"https:\/\/travelshelper.com\/nl\/wp-json\/wp\/v2\/pages\/24078"}],"wp:featuredmedia":[{"embeddable":true,"href":"https:\/\/travelshelper.com\/nl\/wp-json\/wp\/v2\/media\/3550"}],"wp:attachment":[{"href":"https:\/\/travelshelper.com\/nl\/wp-json\/wp\/v2\/media?parent=11404"}],"curies":[{"name":"wp","href":"https:\/\/api.w.org\/{rel}","templated":true}]}}