{"id":10632,"date":"2024-09-10T23:40:13","date_gmt":"2024-09-10T23:40:13","guid":{"rendered":"https:\/\/travelshelper.com\/staging\/?page_id=10632"},"modified":"2026-03-11T19:07:42","modified_gmt":"2026-03-11T19:07:42","slug":"sao-tome-en-principe","status":"publish","type":"page","link":"https:\/\/travelshelper.com\/nl\/destinations\/asia\/sao-tome-and-principe\/","title":{"rendered":"Sao Tom\u00e9 en Principe"},"content":{"rendered":"<p>S\u00e3o Tom\u00e9 en Pr\u00edncipe beslaat een bescheiden deel van de Golf van Guinee voor de westelijke equatoriale kust van Centraal-Afrika. Het eiland bestaat uit twee hoofdeilanden \u2013 S\u00e3o Tom\u00e9 in het zuidwesten en Pr\u00edncipe, zo&#039;n 150 kilometer ten noordoosten \u2013 en is qua oppervlakte en bevolkingsomvang het op \u00e9\u00e9n na kleinste eiland van het continent, alleen de Seychellen overtreffen het. Hoewel het landschap en de samenleving er vandaag de dag misschien vredig uitzien, is de geschiedenis van de eilanden verweven met vulkanische uitbarstingen, de trauma&#039;s van het rijk, veerkrachtige gemeenschappen en een geleidelijke ontwikkeling tot een van Afrika&#039;s meest stabiele democratie\u00ebn.<\/p>\n\n\n\n<p>Beide eilanden behoren tot de vulkanische bergketen van Kameroen, een keten ontstaan \u200b\u200bdoor tektonische activiteit onder de Golf van Guinee. Ongeveer dertig miljoen jaar geleden hebben diepzee-uitbarstingen langs deze breuk basalt- en fonolietfunderingen gevormd die nu verweerd zijn tot rijke bodems. S\u00e3o Tom\u00e9 strekt zich uit over een lengte van ongeveer vijftig kilometer en een breedte van dertig kilometer. De ruggengraat van bergtoppen bereikt zijn hoogtepunt bij Pico de S\u00e3o Tom\u00e9, die 2024 meter boven zeeniveau uitsteekt. Pr\u00edncipe, slanker \u2013 dertig bij zes kilometer \u2013 bereikt zijn top bij Pico de Pr\u00edncipe (948 meter). Een equatoriale markering doorsnijdt het eiland S\u00e3o Tom\u00e9 net ten zuiden van Ilh\u00e9u das Rolas. Een van de bekendste herkenningspunten is Pico C\u00e3o Grande, een steile vulkanische prop die meer dan 300 meter boven de omringende bossen uittorent, met zijn top in de wolkenlaag.<\/p>\n\n\n\n<p>De eilanden, gelegen op de evenaar, ervaren een warm, vochtig klimaat op zeeniveau, met gemiddelde jaartemperaturen van rond de 26 \u00b0C en beperkte dagelijkse schommelingen; de binnenlandse hooglanden genieten van koelere nachten en gemiddelden rond de 20 \u00b0C. De regenval varieert enorm - van zo&#039;n 7.000 millimeter in de in wolken gehulde hooglanden tot slechts 800 millimeter in de drogere noordelijke laaglanden - met regenval die doorgaans valt tussen oktober en mei. De vegetatie maakt deel uit van de ecoregio van de vochtige laaglandbossen van S\u00e3o Tom\u00e9, Pr\u00edncipe en Annob\u00f3n. Ondanks een bescheiden landoppervlakte herbergen de eilanden een indrukwekkende lijst van endemische soorten: de S\u00e3o Tom\u00e9-ibis, &#039;s werelds kleinste in zijn soort; de reuzenhoningzuiger; en bosspecialisten zoals de S\u00e3o Tom\u00e9-fiscus. Verschillende vleermuissoorten en de S\u00e3o Tom\u00e9-spitsmuis vertegenwoordigen de schaarse inheemse zoogdieren. De omringende wateren, die tot wel tweeduizend meter diep zijn, bieden onderdak aan koraalriffen en dienen als broedplaats voor karetschildpadden.<\/p>\n\n\n\n<p>V\u00f3\u00f3r het einde van de vijftiende eeuw was er geen menselijk leven. De Portugese zeevaarders Jo\u00e3o de Santar\u00e9m en Pedro Escobar brachten de eilanden in 1470 in kaart en troffen er alleen oerbos aan. De kolonisatie verliep traag totdat de suikerteelt in de zestiende eeuw dwangarbeiders van het Afrikaanse vasteland aantrok. De vruchtbare vulkanische bodem van de eilanden leverde recordoogsten op, maar ten koste van een economie \u2013 en maatschappij \u2013 die op slavernij was gebouwd. In de zeventiende en achttiende eeuw vervingen koffie en cacao suiker als belangrijkste exportproducten. Plantages, of ro\u00e7a&#039;s, strekten zich uit over het landschap; hun ru\u00efnes, nu teruggewonnen door het bos of gerestaureerd tot guesthouses, staan \u200b\u200ber nog steeds als herinnering aan dat tijdperk.<\/p>\n\n\n\n<p>In de negentiende en twintigste eeuw werd de orde op de plantages geteisterd door golven van sociale onrust. De roep om betere leefomstandigheden en arbeidsrechten doorbrak de schijn van koloniale welvaart. Op 12 juli 1975 werd na een vreedzame machtsoverdracht de Democratische Republiek S\u00e3o Tom\u00e9 en Pr\u00edncipe gesticht. Sindsdien heeft het land een pluralistisch politiek systeem in stand gehouden, met al in 1990 democratische hervormingen en slechts een korte onderbreking in het meerpartijenstelsel.<\/p>\n\n\n\n<p>Medio 2018 telde de bevolking ongeveer 201.800 inwoners \u2013 meer dan 193.000 op S\u00e3o Tom\u00e9 en zo&#039;n 8.400 op Pr\u00edncipe. Bijna alle inwoners van S\u00e3o Tom\u00e9 vinden hun oorsprong in Afrikaanse voorouders of gemengde Luso-Afrikaanse stammen; een paar duizend Portugese kolonisten vertrokken na de onafhankelijkheid, terwijl vluchtelingen uit Angola in de jaren 70 arriveerden. Etnische groepen omvatten Angolares (afstammelingen van schipbreukelingen van Angolese slaven), Forros (afstammelingen van vrijgelatenen), servi\u00e7ais (contractarbeiders uit heel Portugees Afrika), Tongas (kinderen van servi\u00e7ais geboren op de eilanden), evenals kleine Europese en Aziatische minderheden.<\/p>\n\n\n\n<p>Portugees is zowel de offici\u00eble als de facto nationale taal en wordt vloeiend gesproken door 98,4 procent van de bevolking. Creools \u2013 Forro, Principense, Angola, Kaapverdiaans \u2013 weerspiegelen deze fusie van culturen. Frans en Engels worden op scholen als vreemde talen gesproken. Het christendom voert de boventoon, terwijl lokale gebruiken en ritmes \u2013 de \u00fassua, socop\u00e9 en dexa \u2013 Europese ballroominvloeden combineren met Afrikaanse percussie. Dramatische voorstellingen zoals Tchiloli en de dan\u00e7o-Congo houden de feestelijke verteltradities in ere.<\/p>\n\n\n\n<p>S\u00e3o Tom\u00e9 en Pr\u00edncipe heeft een gemiddelde Human Development Index (HDI), die veel landen in Sub-Sahara-Sumatra overtreft. Het aantal schoolgaande kinderen, de stijgende levensverwachting (ongeveer 70 jaar), de sterk gedaalde kindersterfte en de brede toegang tot stromend water en elektriciteit getuigen allemaal van maatschappelijke vooruitgang. Overheidshervormingen sinds 2015 hebben de oprichting van bedrijven en buitenlandse investeringen vergemakkelijkt. Het aantal kleine ondernemingen is toegenomen, wat heeft bijgedragen aan een lagere werkloosheid en een stijgende export \u2013 voornamelijk cacao (95 procent van de agrarische export), naast koffie, kopra en palmpitten. De matige industri\u00eble verwerking van lokale producten blijft bestaan, maar landbouw en visserij domineren nog steeds.<\/p>\n\n\n\n<p>De toeristische sector is veelbelovend. Investeerders hebben strandresorts gebouwd; infrastructuurverbeteringen omvatten onder meer de modernisering van de havens van S\u00e3o Tom\u00e9 en Neves in 2014, een verbeterde internationale luchthaven en uitgebreide mobiele en internetnetwerken. De autoriteiten verwachten dat verantwoord beheerd toerisme \u2013 met de nadruk op vogelspotten in Nationaal Park Obo, watervallen, beklimmingen van de Pico de S\u00e3o Tom\u00e9 en excursies op zee \u2013 de inkomstenstromen zal diversifi\u00ebren zonder dat dit ten koste gaat van de ecologische integriteit.<\/p>\n\n\n\n<p>De wegverbindingen op beide eilanden zijn naar regionale maatstaven goed te berijden, hoewel automobilisten smalle wegen en af \u200b\u200ben toe gevaarlijke situaties moeten vermijden. Geldautomaten accepteren geen buitenlandse kaarten; bezoekers nemen euro&#039;s of Amerikaanse dollars mee en wisselen deze bij banken of Pestana-hotels (deze laatste rekenen ongeveer 5 procent commissie). De nationale munteenheid, de nieuwe dobra (symbool nDb, ISO STN), verving de oude in een verhouding van 1.000 op 1 in 2018. Munten circuleren in centimos en nieuwe dobras, terwijl bankbiljetten vari\u00ebren in waarde van 5 tot 200 nDb. De invoer van valuta is onbeperkt, maar moet worden aangegeven; de uitvoer is beperkt tot het aangegeven bedrag.<\/p>\n\n\n\n<p>De lokale keuken draait om vis \u2013 vaak geserveerd met broodvrucht of gekookte bananen \u2013 en een overvloed aan tropisch fruit: papaja, mango, ananas, avocado en banaan. Pittige kruiden accentueren de gerechten van de archipel. Gemeenschappen in het binnenland vullen hun eiwitbehoefte aan met buzios, grote landslakken, terwijl huishoudens aan de kust zeeslakken oogsten. Hotels in de stad bieden soms menu&#039;s in Europese stijl aan tegen premiumprijzen.<\/p>\n\n\n\n<p>Gewelddadige criminaliteit is zeldzaam; kleine diefstallen en gerichte toeristenfraude zijn met de opkomst van het toerisme toegenomen. Het wegverkeer vormt het grootste gevaar. De gevaren voor wilde dieren zijn minimaal, afgezien van de zwarte cobra die in het zuiden en oosten van S\u00e3o Tom\u00e9 leeft. Hoewel ze over het algemeen schuw zijn, vereisen deze giftige slangen waakzaamheid op bospaden. Lokale ziekenhuizen hebben antigif op voorraad en dodelijke slachtoffers komen zelden voor als de behandeling binnen twee uur na een beet plaatsvindt.<\/p>\n\n\n\n<p>Fort S\u00e3o Sebasti\u00e3o in S\u00e3o Tom\u00e9-stad \u2013 gebouwd in 1575 en in 2006 gerenoveerd tot nationaal museum \u2013 biedt een kijkje in het gelaagde verleden van de eilanden. Ooit een dreigend bastion tegen rivaliserende marines, herbergt het nu artefacten die de sporen nalaten van het eerste Europese contact via koloniale plantages tot de hedendaagse onafhankelijkheid. De ro\u00e7a&#039;s \u2013 sommige vervallen, andere gerenoveerd tot gastvrije verblijven \u2013 nodigen uit tot bezinning op levens die ooit beperkt werden door dwangarbeid en nu gekenmerkt worden door hernieuwde autonomie.<\/p>\n\n\n\n<p>In zijn compacte vorm vat S\u00e3o Tom\u00e9 en Pr\u00edncipe de paradoxen van menselijk streven samen tegen een achtergrond van buitengewone natuurlijke rijkdom. Vulkaanachtige bodems voeden cacaobomen die eeuwenlang rijk hebben ondersteund; veerkrachtige bevolkingen hebben een stabiele staat gevormd die de koloniale wonden van de eilanden verhult. Reizigers en wetenschappers ontmoeten zowel een levendige biodiversiteit als de echo van de geschiedenis onder roestige plantagedeuren. In deze versmelting van sterke contrasten \u2013 een vruchtbaar Eden overschaduwd door het verleden \u2013 staat S\u00e3o Tom\u00e9 en Pr\u00edncipe symbool voor vernieuwing en de blijvende wisselwerking tussen land en mensen.<\/p>","protected":false},"excerpt":{"rendered":"<p>Gelegen in de Golf van Guinee, voor de westelijke equatoriale kust van Centraal-Afrika, ligt de betoverende eilandrepubliek S\u00e3o Tom\u00e9 en Pr\u00edncipe. Officieel de Democratische Republiek S\u00e3o Tom\u00e9 en Pr\u00edncipe, bestaat dit kleine land uit twee hoofdeilanden en een aantal kleinere eilandjes. De twee hoofdeilanden, S\u00e3o Tom\u00e9 en Pr\u00edncipe, liggen ongeveer 150 kilometer van elkaar; S\u00e3o Tom\u00e9 is het grootste van de twee.<\/p>","protected":false},"author":1,"featured_media":4441,"parent":24063,"menu_order":0,"comment_status":"closed","ping_status":"closed","template":"elementor_theme","meta":{"_eb_attr":"","footnotes":""},"class_list":["post-10632","page","type-page","status-publish","has-post-thumbnail"],"_links":{"self":[{"href":"https:\/\/travelshelper.com\/nl\/wp-json\/wp\/v2\/pages\/10632","targetHints":{"allow":["GET"]}}],"collection":[{"href":"https:\/\/travelshelper.com\/nl\/wp-json\/wp\/v2\/pages"}],"about":[{"href":"https:\/\/travelshelper.com\/nl\/wp-json\/wp\/v2\/types\/page"}],"author":[{"embeddable":true,"href":"https:\/\/travelshelper.com\/nl\/wp-json\/wp\/v2\/users\/1"}],"replies":[{"embeddable":true,"href":"https:\/\/travelshelper.com\/nl\/wp-json\/wp\/v2\/comments?post=10632"}],"version-history":[{"count":0,"href":"https:\/\/travelshelper.com\/nl\/wp-json\/wp\/v2\/pages\/10632\/revisions"}],"up":[{"embeddable":true,"href":"https:\/\/travelshelper.com\/nl\/wp-json\/wp\/v2\/pages\/24063"}],"wp:featuredmedia":[{"embeddable":true,"href":"https:\/\/travelshelper.com\/nl\/wp-json\/wp\/v2\/media\/4441"}],"wp:attachment":[{"href":"https:\/\/travelshelper.com\/nl\/wp-json\/wp\/v2\/media?parent=10632"}],"curies":[{"name":"wp","href":"https:\/\/api.w.org\/{rel}","templated":true}]}}