{"id":17035,"date":"2024-09-25T12:28:10","date_gmt":"2024-09-25T12:28:10","guid":{"rendered":"https:\/\/travelshelper.com\/staging\/?page_id=17035"},"modified":"2026-03-12T21:02:12","modified_gmt":"2026-03-12T21:02:12","slug":"%eb%b0%94%ec%9d%bc%eb%a0%88-%ed%88%ac%ec%8a%88%eb%82%98%eb%93%9c","status":"publish","type":"page","link":"https:\/\/travelshelper.com\/ko\/destinations\/europe\/romania\/baile-tusnad\/","title":{"rendered":"\ubc14\uc77c\ub808 \ud22c\uc288\ub098\ub4dc"},"content":{"rendered":"<p>\ubc14\uc77c\ub808 \ud22c\uc2a4\ub098\ub4dc\ub294 \uc0b0\uacfc \uacc4\uace1\uc774 \ub9cc\ub098\ub294 \uc9c0\uc810\uc5d0 \uc790\ub9ac \uc7a1\uace0 \uc788\uc73c\uba70, \ub04a\uc784\uc5c6\uc774 \ud750\ub974\ub294 \ubbf8\ub124\ub784\uc774 \ud48d\ubd80\ud55c \uc0d8\ubb3c\uacfc \ub2e4\uce35\uc801\uc778 \ud2b8\ub780\uc2e4\ubc14\ub2c8\uc544 \uc5ed\uc0ac\uc758 \ud750\ub984\uc774 \uc774 \ub3c4\uc2dc\uc758 \uc874\uc7ac\uac10\uc744 \ud615\uc131\ud588\uc2b5\ub2c8\ub2e4. 2021\ub144 \uae30\uc900 \uc778\uad6c\ub294 1,372\uba85\uc73c\ub85c \ub8e8\ub9c8\ub2c8\uc544\uc5d0\uc11c \uac00\uc7a5 \uc791\uc740 \ub9c8\uc744\uc774\ub77c\ub294 \uba85\uc131\uc744 \uc5bb\uc5c8\uc9c0\ub9cc, \uc778\uad6c \ud1b5\uacc4\ud559\uc801 \ubd84\ud3ec\ub97c \ud6e8\uc52c \ub6f0\uc5b4\ub118\ub294 \uae4a\uc740 \uc6b8\ub9bc\uc744 \uc120\uc0ac\ud569\ub2c8\ub2e4. \uce58\uc6b0\ud06c \uc800\uc9c0\ub300 \ub0a8\ucabd \ud574\ubc1c 650m\uc5d0 \uc704\uce58\ud55c \uc774 \ub9c8\uc744\uc740 \ud558\ub974\uae30\ud0c0 \uc0b0\ub9e5\uacfc \ubcf4\ub3c5 \uc0b0\ub9e5 \uc0ac\uc774, \uad6c\ubd88\uad6c\ubd88\ud55c \uc62c\ud2b8 \uac15\uc744 \ud488\uace0 \uc788\uc2b5\ub2c8\ub2e4. \uc778\uadfc \uce74\ub974\ud53c\ud22c\uc2a4 \ub9c8\uc744\uae4c\uc9c0 \uad00\ud560\ud558\ub294 \ubc14\uc77c\ub808 \ud22c\uc2a4\ub098\ub4dc\ub294 \ub2e8\uc21c\ud55c \uc9c0\ub9ac\uc801 \uc2e4\uccb4\uac00 \uc544\ub2c8\ub77c, \uc2a4\ud30c \uc804\ud1b5, \uacbd\uc774\ub85c\uc6b4 \uc9c0\uc9c8\ud559\uc801 \uacbd\uad00, \uadf8\ub9ac\uace0 \ubb38\ud654\uc801 \uc5f0\uc18d\uc131\uc744 \uac04\uc9c1\ud55c \uc0b4\uc544\uc788\ub294 \ubcf4\uace0\uc785\ub2c8\ub2e4.<\/p>\n<p>\ubc14\uc77c\ub808 \ud22c\uc2a4\ub098\ub4dc \uc9c0\uc5ed\uc758 \uad11\ubb3c \uc720\uc0b0\uc740 19\uc138\uae30 \ucd08 \uc9c0\uc5ed \uc8fc\ubbfc\ub4e4\uc758 \uae30\uc5b5 \uc18d\uc5d0\uc11c \uc810\ucc28 \ubaa8\uc2b5\uc744 \ub4dc\ub7ec\ub0b4 \uacf5\uc2dd\uc801\uc778 \uc778\uc815\uc744 \ubc1b\uac8c \ub418\uc5c8\uc2b5\ub2c8\ub2e4. \uae30\ub85d\uc5d0\ub294 18\uc138\uae30 \ucd08\ubd80\ud130 \ud22c\uc2a4\ub098\ub4dc \uc9c0\uc5ed\uc5d0 \uc0d8\ubb3c\uc774 \uc788\uc5c8\ub2e4\ub294 \uae30\ub85d\uc774 \ub0a8\uc544 \uc788\uc9c0\ub9cc, \uc18c\ubb38\uc774 \uc804\uc124\ub85c \uad73\uc5b4\uc9c4 \uac83\uc740 1842\ub144, \ud55c \uc591\uce58\uae30 \uc544\ub4e4\uc774 \uc0d8\ubb3c\uc5d0 \ubab8\uc744 \ub2f4\uadfc \ud6c4 \uc644\uace0\ud55c \ubc1c\uc9c4\uc774 \uc644\ud654\ub418\uc5c8\ub2e4\ub294 \uc774\uc57c\uae30\uac00 \uc804\ud574\uc9c4 \uc774\ud6c4\uc600\uc2b5\ub2c8\ub2e4. \uc138\ucf00\uc774\uc871\uc758 \uc5b8\uc5b4\ub85c \uc804\ud574\uc9c4 \uc774\ub7ec\ud55c \uc774\uc57c\uae30\ub294 \uc9c0\uc5ed \uc8fc\ubbfc\ub4e4\uc758 \ud638\uae30\uc2ec\uc744 \uc870\uc9c1\uc801\uc778 \ub178\ub825\uc73c\ub85c \ubc1c\uc804\uc2dc\ud0a4\ub294 \uacc4\uae30\uac00 \ub418\uc5c8\uc2b5\ub2c8\ub2e4. 1845\ub144\uc5d0\ub294 \uc77c\uacf1 \uac1c\uc758 \uc0d8\ubb3c\uc744 \ud65c\uc6a9\ud558\ub824\ub294 \uba85\ud655\ud55c \ubaa9\uc801\uc744 \uac00\uc9c4 \ud68c\uc0ac\uac00 \uc124\ub9bd\ub418\uc5c8\uc2b5\ub2c8\ub2e4. \uc9c0\ud558\uc5d0\uc11c \ud0c4\uc0b0\ud654 \uacfc\uc815\uc744 \uac70\uccd0 \uc0dd\uc131\ub41c \uc0d8\ubb3c\uc5d0\ub294 \ub098\ud2b8\ub968, \uc911\ud0c4\uc0b0\uc5fc, \uc5fc\uc18c, \uadf8\ub9ac\uace0 \ubbf8\ub7c9\uc758 \ucca0 \uc6d0\uc18c\uac00 \ud3ec\ud568\ub41c \ubcf5\uc7a1\ud55c \ud654\ud559 \uc131\ubd84\uc774 \ud568\uc720\ub418\uc5b4 \uc788\uc5c8\uc2b5\ub2c8\ub2e4. \uc218\uce58\ub8cc\uc5d0 \ub300\ud55c \uc774\ub7ec\ud55c \ucd08\uae30 \ud22c\uc790\ub294 \uacfc\ud559\uc801 \uc811\uadfc\uc744 \uc608\uc0c1\ud588\uc9c0\ub9cc, \uc815\uce58\uc801 \uaca9\ubcc0\uc744 \ud53c\ud560 \uc218\ub294 \uc5c6\uc5c8\uc2b5\ub2c8\ub2e4. 1848~1849\ub144 \ud601\uba85 \uae30\uac04 \ub3d9\uc548 \ubc1c\uc0dd\ud55c \uc5ec\ub7ec \ucc28\ub840\uc758 \ucda9\ub3cc\ub85c \uc778\ud574 \uc2e0\uc0dd \uc628\ucc9c\uc7a5\uc740 \ud3d0\ud5c8\uac00 \ub418\uc5c8\uc9c0\ub9cc, 1852\ub144 \ud504\ub780\uce20 \uc694\uc81c\ud504 \ud669\uc81c\uac00 \ubc29\ubb38\ud558\uc5ec \uc9c1\uc811 \uc7ac\uac74\uc744 \uba85\ub839\ud568\uc73c\ub85c\uc368 \uc774 \uc2e0\uc0dd \uc628\ucc9c \ub3c4\uc2dc\uc5d0 \ub300\ud55c \ud669\uc81c\uc758 \uc778\uac00\ub97c \ud655\uace0\ud788 \ud588\uc2b5\ub2c8\ub2e4.<\/p>\n<p>1860\ub144 \uc774\ud6c4 10\ub144 \ub3d9\uc548 \ubc14\uc77c\ub808 \ud22c\uc2a4\ub098\ub4dc\ub294 \ud604\ub300\uc801\uc778 \uc815\uccb4\uc131\uc744 \ud5a5\ud574 \ube60\ub974\uac8c \ubc1c\uc804\ud588\uc2b5\ub2c8\ub2e4. \uc628\ucc9c \uc704\uc6d0\ud68c \uc704\uc6d0\uc7a5\uc774\uc5c8\ub358 \ubca0\ub124\ub371 \ub9c8\uc774\ud06c\uc2a4 \ubc31\uc791\uc758 \uc774\ub984\uc744 \ub534 \ub9c8\uc774\ud06c\uc2a4 \uc628\ucc9c\uc740 \ub9c8\uc774\ud06c\uc2a4\uac00 \uc9c1\uc811 \uc790\uae08\uc744 \uc9c0\uc6d0\ud558\uc5ec \ud654\ud559 \ubd84\uc11d\uc744 \uac70\uce5c \ucd5c\ucd08\uc758 \uc628\ucc9c\uc774 \ub418\uc5c8\uc2b5\ub2c8\ub2e4. \uc774 \uc21c\uac04\uc740 \uc18d\uc138\uc758 \uc9c0\uc2dd\uc5d0\uc11c \uc2e4\ud5d8\uc2e4\uc758 \uc815\ubc00 \uac80\uc0ac\ub85c \uc804\ud658\ub418\ub294 \uc804\ud658\uc810\uc744 \uc758\ubbf8\ud588\uc73c\uba70, \ud22c\uc2a4\ub098\ub4dc\uc758 \uad11\ucc9c\uc218\ub294 \uacbd\ud5d8\uc801 \uce21\uc815\uc5d0 \uae30\ubc18\ud55c \uba85\uc131\uc744 \uc5bb\uac8c \ub418\uc5c8\uc2b5\ub2c8\ub2e4. \ubca8\ub77c \ucfe0\ud074\ub77c\uc774\uac00 \uc124\uacc4\ud558\uace0 \ub098\uc911\uc5d0\ub294 &#034;\uc2a4\ud310\ud0c0 \uc544\ub098&#034;\ub85c \uc54c\ub824\uc9c0\uac8c \ub41c \uc2a4\ud14c\ud30c\ub2c8\uc544 \uc758\ub8cc \uc13c\ud130\uac00 1890\ub144\uc5d0 \uac1c\uc6d0\ud558\uba74\uc11c \uc81c\ub3c4\ud654\ub41c \uce58\ub8cc \uc2dc\uc124\uc774 \ub9c8\ub828\ub418\uc5c8\uc2b5\ub2c8\ub2e4. \uc774\uacf3\uc5d0\uc11c \ud658\uc790\ub4e4\uc740 \uc2ec\ud608\uad00 \uc9c8\ud658, \uc2e0\uacbd\uacc4 \uc7a5\uc560, \uc18c\ud654\uae30 \uc9c8\ud658, \ub0b4\ubd84\ube44\uacc4 \uc9c8\ud658\uc5d0 \ub300\ud55c \uce58\ub8cc\ub97c \ubc1b\uc558\uc73c\uba70, \uc774 \ubaa8\ub4e0 \uce58\ub8cc\ub294 \ud0c4\uc0b0 \uc695\uc870, \uac08\ubc14\ub2c9 \ubc0f \ud30c\ub77c\ud540 \uc694\ubc95, \uc218\uae30 \ubc18\uc0ac \ub9c8\uc0ac\uc9c0, \uadf8\ub9ac\uace0 \uc9d1\uc911\uc801\uc778 \uad11\ucc9c\uc218 \uc12d\ucde8\ub97c \uae30\ubc18\uc73c\ub85c \uc774\ub8e8\uc5b4\uc84c\uc2b5\ub2c8\ub2e4.<\/p>\n<p>1900\ub144 \uc778\uacf5 \ud638\uc218\uc778 \uce58\uc6b0\uce74\uc2a4(Ciuca\u015f)\uac00 \uac74\uc124\ub418\uba74\uc11c \ub3c4\uc2dc \uacbd\uad00\uc5d0 \uc0c8\ub85c\uc6b4 \uc694\uc18c\uac00 \ub3c4\uc785\ub418\uc5c8\ub294\ub370, \uc774\ub294 \ud6c4\uc5d0 \uc790\uc5f0\uc758 \uacbd\uc774\ub85c\uc6c0\uc744 \uac04\uc9c1\ud55c \uc2a4\ud310\ud0c0 \uc544\ub098(Sf\u00e2nta Ana) \ud638\uc218\uc5d0 \uac00\ub824\uc9c0\uac8c \ub429\ub2c8\ub2e4. \ud574\ubc1c 950m\uc758 \ud654\uc0b0 \ubd84\ud654\uad6c\uc5d0\uc11c \ub0a8\ub3d9\ucabd\uc73c\ub85c \ubd88\uacfc 2km \ub5a8\uc5b4\uc9c4 \uacf3\uc5d0 \uc704\uce58\ud55c \uc774 \uc5d0\uba54\ub784\ub4dc\ube5b \ud638\uc218\ub294 \ub8e8\ub9c8\ub2c8\uc544\uc5d0\uc11c \uc720\uc77c\ubb34\uc774\ud55c \uacf3\uc785\ub2c8\ub2e4. \ub9c8\uadf8\ub9c8 \ucc54\ubc84\uc5d0\uc11c \ubb3c\ub85c \uac00\ub4dd \ucc2c \ubd84\uc9c0\ub85c \ubcc0\ubaa8\ud558\ub294 \uacfc\uc815\uc740 \ub3c5\ud2b9\ud55c \uc9c0\uc9c8\ud559\uc801 \uacbd\uad00\uc744 \ub9cc\ub4e4\uc5b4\ub0b4\uba70, \ud638\uc218\uc758 \ubc18\uc0ac\uba74\uacfc \uc778\uadfc \ud2f0\ub178\ubd88 \ubaa8\ud638\uc2a4(Tinovul Mohos)\uc5d0 \ubcf4\uc874\ub41c \ud76c\uadc0 \uc2dd\ubb3c\uad70\uc9d1\uc73c\ub85c \ubc29\ubb38\uac1d\uc744 \ub04c\uc5b4\ub4e4\uc785\ub2c8\ub2e4. \ud2f0\ub178\ubd88 \ubaa8\ud638\uc2a4\ub294 \uc790\uc5f0\ubcf4\ud638\uad6c\uc5ed\uc73c\ub85c \uc9c0\uc815\ub41c \uc774\ub07c\uac00 \ud48d\ubd80\ud55c \ud1a0\ud0c4 \uc2b5\uc9c0\uc785\ub2c8\ub2e4.<\/p>\n<p>19\uc138\uae30 \ud6c4\ubc18\uacfc 20\uc138\uae30 \ucd08, \ubc14\uc77c\ub808 \ud22c\uc2a4\ub098\ub4dc\uc758 \uc815\uccb4\uc131\uc740 \uc815\uce58\uc801 \uc9c0\ud615\uc758 \ubcc0\ud654\uc640 \uc5bd\ud600 \uc788\uc5c8\uc2b5\ub2c8\ub2e4. \uc5ed\uc0ac\uc801\uc778 \ud2b8\ub780\uc2e4\ubc14\ub2c8\uc544\uc758 \uc138\ucf00\uc774 \ub545\uc5d0 \uc704\uce58\ud55c \ubc14\uc77c\ub808 \ud22c\uc2a4\ub098\ub4dc\ub294 1876\ub144 \ud589\uc815 \uac1c\ud601\uc73c\ub85c \uce58\ud06c \uc8fc\uc5d0 \ud3b8\uc785\ub420 \ub54c\uae4c\uc9c0 \ud5dd\uac00\ub9ac \uc655\uad6d\uc758 \uce58\ud06c\uc170\ud06c \ud604\uc5d0 \uc18d\ud588\uc2b5\ub2c8\ub2e4. \uc81c1\ucc28 \uc138\uacc4 \ub300\uc804\uc758 \uc5ec\ud30c, \ud2b9\ud788 1918\ub144 12\uc6d4 \ud2b8\ub780\uc2e4\ubc14\ub2c8\uc544\uc640 \ub8e8\ub9c8\ub2c8\uc544\uc758 \ud569\ubcd1\uc73c\ub85c \ud589\uc815\uad8c\uc740 \ubd80\ucfe0\ub808\uc288\ud2f0\ub85c \uc774\uc591\ub418\uc5c8\uc2b5\ub2c8\ub2e4. 1918\ub144\uc5d0\uc11c 1919\ub144 \uc0ac\uc774\uc5d0 \ubc8c\uc5b4\uc9c4 \ud5dd\uac00\ub9ac-\ub8e8\ub9c8\ub2c8\uc544 \uc804\uc7c1\uc73c\ub85c \ub8e8\ub9c8\ub2c8\uc544\uc758 \ud1b5\uce58\uac00 \uc7ac\ud655\uc778\ub418\uc5c8\uace0, 1920\ub144 \ud2b8\ub9ac\uc544\ub18d \uc870\uc57d\uc73c\ub85c \uc774\ub7ec\ud55c \ubcc0\ud654\uac00 \ube44\uc900\ub418\uc5b4 \uc804\uac04\uae30\uc5d0\ub294 \ubc14\uc77c\ub808 \ud22c\uc2a4\ub098\ub4dc\uac00 \uce58\uc6b0\ud06c \uc8fc\uc5d0 \uc18d\ud558\uac8c \ub418\uc5c8\uc2b5\ub2c8\ub2e4. 1940\ub144 \uc81c2\ucc28 \ube48 \uc870\uc57d\uc740 \uc774\ub7ec\ud55c \uc0c1\ud669\uc744 \uc5ed\uc804\uc2dc\ucf1c \ubd81\ubd80 \ud2b8\ub780\uc2e4\ubc14\ub2c8\uc544\ub97c 1944\ub144 \ub9d0\uae4c\uc9c0 \ud5dd\uac00\ub9ac\uc758 \uad00\ud560\ub85c \ub418\ub3cc\ub838\uc2b5\ub2c8\ub2e4. \uc774\ud6c4 \ub8e8\ub9c8\ub2c8\uc544\uc640 \uc18c\ub828\uad70\uc774 \uc9c4\uaca9\ud558\uc5ec \ud2b8\ub780\uc2e4\ubc14\ub2c8\uc544\ub97c \ud574\ubc29\uc2dc\ucf30\uc2b5\ub2c8\ub2e4. \uc18c\ub828\uad70 \ud1b5\uce58\ub294 1945\ub144 3\uc6d4 9\uc77c\uae4c\uc9c0 \uc9c0\uc18d\ub418\uc5c8\uace0, \uadf8 \ud6c4 \ub2e4\uc2dc \ub8e8\ub9c8\ub2c8\uc544\uc758 \uad00\ud560\uad8c\uc5d0 \uc18d\ud558\uac8c \ub418\uc5c8\uc2b5\ub2c8\ub2e4. \uc804\ud6c4 \uc7ac\ud3b8\uc744 \ud1b5\ud574 \ubc14\uc77c\ub808 \ud22c\uc2a4\ub098\ub4dc\ub294 1952\ub144\ubd80\ud130 1960\ub144\uae4c\uc9c0 \ub9c8\uc790\ub974 \uc790\uce58\uc8fc\uc5d0 \uc18d\ud558\uac8c \ub418\uc5c8\uace0, \uc774\ud6c4 \ubb34\ub808\uc288 \ub9c8\uc790\ub974 \uc790\uce58\uc8fc\uc5d0 \uc18d\ud588\ub2e4\uac00 1968\ub144 \ud574\uccb4\ub418\uc5c8\uc2b5\ub2c8\ub2e4. \uadf8 \uc774\ud6c4\ub85c\ub294 \ud558\ub974\uae30\ud0c0 \uc8fc\uc758 \uc77c\ubd80\ub85c \uad00\ub9ac\ub418\uc5c8\uc2b5\ub2c8\ub2e4.<\/p>\n<p>\ucd5c\uadfc \uc218\uc2ed \ub144\uac04\uc758 \uc778\uad6c \ud1b5\uacc4\ud559\uc801 \ubcc0\ud654\ub294 \ub18d\ucd0c \uc778\uad6c \uac10\uc18c\uc640 \ubbfc\uc871\uc801 \uc5f0\uc18d\uc131\uc758 \ub354 \uad11\ubc94\uc704\ud55c \ud328\ud134\uc744 \ubc18\uc601\ud569\ub2c8\ub2e4. 2011\ub144 \uc778\uad6c \uc870\uc0ac\uc5d0 \ub530\ub974\uba74 \uc138\ucf00\uc774 \ud5dd\uac00\ub9ac\uc778\uc740 1,617\uba85\uc774\uc5c8\uc73c\uba70, \uadf8\uc911 90.3%\ub294 \uc138\ucf00\uc774 \ud5dd\uac00\ub9ac\uc778\uc774\uc5c8\uace0, \ub8e8\ub9c8\ub2c8\uc544\uc778(6.9%)\uacfc \ub85c\ub9c8\ub2c8(2.6%)\ub3c4 \uc788\uc5c8\uc2b5\ub2c8\ub2e4. 2021\ub144\uc5d0\ub294 \uc778\uad6c\uac00 1,372\uba85\uc73c\ub85c \uac10\uc18c\ud588\uc9c0\ub9cc, \ubbfc\uc871 \uad6c\uc131\uc740 \uc5ec\uc804\ud788 \u200b\u200b\uc555\ub3c4\uc801\uc73c\ub85c \ud5dd\uac00\ub9ac\uc778\uc774\uc5c8\uc2b5\ub2c8\ub2e4. \uc2e0\uc559 \uace0\ubc31\uc801 \ud2b9\uc9d5\uc740 \uc5ed\uc0ac\uc801 \uad00\uacc4\ub97c \ub354\uc6b1 \uac15\uc870\ud569\ub2c8\ub2e4. \ub85c\ub9c8 \uac00\ud1a8\ub9ad \uc2e0\uc790\uac00 \uc2e0\ub3c4\uc758 4\ubd84\uc758 3\uc744 \ucc28\uc9c0\ud558\uace0, \ub098\uba38\uc9c0\ub294 \uc815\uad50\ud68c, \uac1c\ud601\uad50\ud68c, \uc5ec\ud638\uc640\uc758 \uc99d\uc778 \ubc0f \uae30\ud0c0 \uad50\ud30c\uc774\uba70, \uc77c\ubd80 \uc8fc\ubbfc\ub4e4\uc740 \uc885\uad50\uc801 \uc815\uccb4\uc131\uc744 \ubc1d\ud788\uc9c0 \uc54a\uc558\uc2b5\ub2c8\ub2e4.<\/p>\n<p>\uc774\ub7ec\ud55c \uc778\uad6c\ud559\uc801 \ubc30\uacbd \uc18d\uc5d0\uc11c\ub3c4, \uc2a4\ud30c \ud0c0\uc6b4\uc740 \uc790\uc5f0\uacfc \ubb38\ud654\uc758 \ub9e4\ub825\uc744 \uafb8\uc900\ud788 \ubc1c\uc0b0\ud558\uace0 \uc788\uc2b5\ub2c8\ub2e4. \ubc29\ubb38\uac1d\ub4e4\uc744 \uc704\ud55c \uce58\ub8cc\uc801 \uc801\uc751\uc99d\uc740 \ub2e4\uc591\ud55c \uc9c8\ud658\uc744 \uc544\uc6b0\ub974\ub294\ub370, \ud2b9\ud788 \uc2ec\uadfc\uacbd\uc0c9 \ud6c4 \ud68c\ubcf5, \uace0\ud608\uc555, \ud310\ub9c9 \uc9c8\ud658\uacfc \uac19\uc740 \uc2ec\ud608\uad00 \uc9c8\ud658\ubfd0 \uc544\ub2c8\ub77c \uc2e0\uacbd\uc2dd\ubb3c\uc131 \uc99d\ud6c4\uad70, \ub9cc\uc131 \uc18c\ud654 \uc7a5\uc560, \uac11\uc0c1\uc120 \uae30\ub2a5 \ud56d\uc9c4\uc99d\uacfc \uac19\uc740 \uacbd\ubbf8\ud55c \ub0b4\ubd84\ube44 \ubd88\uade0\ud615\uc744 \ud3ec\ud568\ud569\ub2c8\ub2e4. 7~14\u00b0C\uc758 \ud0c4\uc0b0\uc218, \ucca0\ubd84 \ud568\uc720\uc218, \uc800\uc7a5\uc131\uc218\ub97c \uc774\uc6a9\ud55c \uc218\uce58\ub8cc\ubc95\uacfc \uc804\ub958, \uc790\uae30 \uc694\ubc95, \ud30c\ub77c\ud540 \uc694\ubc95, \ud5c8\ube0c \ucc28, \uadf8\ub9ac\uace0 \uc218\ub3d9 \ubc18\uc0ac\uc694\ubc95\uc744 \uacb0\ud569\ud55c \ub2e4\uc591\ud55c \uce58\ub8cc\ubc95\uc774 \uac1c\ubc1c\ub418\uace0 \uc788\uc2b5\ub2c8\ub2e4. \uc5f0\ud3c9\uade0 \uae30\uc628 8\u00b0C, \uac04\ud5d0\uc801\uc778 \ucd94\uc6b4 \uaca8\uc6b8, \uad6c\ub984\uc774 \uc801\uace0 \uc218\uc9c0\uc131 \uc5d0\uc5b4\ub85c\uc878\uacfc \uc74c\uc774\uc628\uc774 \ud48d\ubd80\ud55c \uc544\uace0\uc0b0\ub300 \uae30\ud6c4\ub294 \uc774\ub7ec\ud55c \uce58\ub8cc\ubc95\uc744 \ubcf4\uc644\ud558\uc5ec, \ub9c8\uc744\uc774 \uc2e0\uccb4\uc801, \uc815\uc2e0\uc801 \ud68c\ucd98\uc5d0 \ub3c4\uc6c0\uc774 \ub41c\ub2e4\uace0 \ud64d\ubcf4\ud558\ub294 \uac15\uc7a5 \uc0dd\ubb3c\uae30\ud6c4\ub97c \uc81c\uacf5\ud569\ub2c8\ub2e4.<\/p>\n<p>\uce58\ub8cc \uc778\ud504\ub77c \ub108\uba38, \uc8fc\ubcc0 \uacbd\uad00\uc740 \ubc29\ubb38\uac1d\uc758 \uacbd\ud5d8\uc744 \ud655\uc7a5\ud558\ub294 \ub2e4\uc591\ud55c \ub9e4\ub825\uc744 \uc81c\uacf5\ud569\ub2c8\ub2e4.\ud574\ubc1c 701m\uc758 \uc544\ud3ec\ub974 \ud0c0\uc6cc\ub294 \ud0c1 \ud2b8\uc778 \uc804\ub9dd\uc744 \uc81c\uacf5\ud569\ub2c8\ub2e4.1883\ub144\uc5d0 \ucc98\uc74c \uc138\uc6cc\uc84c\uace0 2008\ub144\uc5d0 \uc138\uc2ec\ud558\uac8c \ubcf5\uc6d0\ub418\uc5c8\uc73c\uba70 19\uc138\uae30 \ub0ad\ub9cc\uc8fc\uc758\uc640 \ud604\ub300 \ubcf4\uc874\uc758 \uc99d\uac70\ub85c \ub0a8\uc544 \uc788\uc2b5\ub2c8\ub2e4.\uadfc\ucc98\uc758 \ud314\ucf58\uc2a4 \ub85d\uc740 \uc774 \uc9c0\uc5ed\uc758 \ud48d\ubd80\ud55c \uc870\ub958\ud559\uc744 \uc99d\uba85\ud558\uace0 \uc2a4\ud310\ud0c0 \uc544\ub098 \ud638\uc218\uc758 \ud654\uc0b0 \ubd84\uc9c0\ub294 \uc790\uc5f0\uc758 \uacbd\uc774\ub85c\uc6c0\uc758 \uc655\uad00 \ubcf4\uc11d\uc73c\ub85c \ub0a8\uc544 \uc788\uc2b5\ub2c8\ub2e4.\uc774\ub07c \uc2b5\uc9c0 \ud638\uc218 \ub610\ub294 \ud2f0\ub178\ubd88 \ubaa8\ud638\uc2a4\uc5d0\ub294 \ud76c\uadc0\ud55c \ud608\uad00 \uc2dd\ubb3c\uacfc \uc774\ub07c \uc885\uc774 \ubcf4\uc874\ub418\uc5b4 \uc788\uc73c\uba70, \ubd80\ub4dc\ub7ec\uc6b4 \uc735\uae30\ubd80\ub294 \uc0b0\ucc45\ub85c\ub97c \ub530\ub77c \uc870\uc2ec\uc2a4\ub7fd\uac8c \ud0d0\ud5d8\ud558\ub3c4\ub85d \uc720\ub3c4\ud569\ub2c8\ub2e4.\ubc18\uacbd 30~40km \uc774\ub0b4\uc5d0 \ubbfc\uc871\uc9c0\ud559\uc801 \ubc0f \uc885\uad50\uc801 \uc720\uc801\uc9c0\uac00 \uc788\uc2b5\ub2c8\ub2e4.\ubbf8\uc5d0\ub974\ucfe0\ub808\uc544\uce58\uc6b0\ud06c\uc758 \ubbf8\ucf54 \uc694\uc0c8\uc5d0\ub294 \ubbfc\uc871\uc9c0\ud559 \ubc15\ubb3c\uad00\uc774 \uc788\uc2b5\ub2c8\ub2e4. \uc26c\ubb3c\ub808\uc6b0\uce58\uc6b0\ud06c\uc5d0 \uc788\ub294 \ud504\ub780\uccb4\uc2a4\ucf54 \uc218\ub3c4\uc6d0\uc740 \ud2b8\ub780\uc2e4\ubc14\ub2c8\uc544\uc5d0\uc11c \uba87 \uc548 \ub418\ub294 \uace0\ub515 \uc591\uc2dd \ud30c\uc774\ud504 \uc624\ub974\uac04\uc744 \ubcf4\uc874\ud558\uace0 \uc788\uc73c\uba70, \uc2dc\ucfe8\ub808\ub2c8\uc758 \uc138\ud074\ub7ec \uae30\ub150\ubb3c\uc740 \uc9c0\uc5ed \uc720\uc0b0\uc744 \uae30\ub150\ud558\uace0 \uc788\uc2b5\ub2c8\ub2e4. \uc624\ub3c4\ub974\ud5e4\uc774\uc6b0 \uc138\ucfe0\uc774\uc5d0\uc2a4\ud06c\ub294 16\uc138\uae30 \uc694\uc0c8\uc758 \ud3d0\ud5c8\ub97c \ubcf4\uc5ec\uc90d\ub2c8\ub2e4. \uadf8\ub9ac\uace0 \uc2a4\ud310\ud22c \uac8c\uc624\ub974\uac8c\ub294 \uad6d\ub9bd \ubbf8\uc220 \ubc0f \ubbfc\uc871\uc9c0\ud559 \ubc15\ubb3c\uad00\uacfc \ud568\uaed8 \uac1c\ud601 \uad50\ud68c\uc5d0\uc11c \uace0\ub515 \uc591\uc2dd\uc758 \uac74\ucd95\ubb3c\uc744 \uc120\ubcf4\uc785\ub2c8\ub2e4.<\/p>\n<p>\ubb38\ud654 \ub2ec\ub825\uc740 \ubbfc\uc18d \ucd95\uc81c\uc640 \ud589\ub82c\ub85c \uacc4\uc808\uc758 \ub9ac\ub4ec\uc744 \uac15\uc870\ud569\ub2c8\ub2e4. \ub9e4\ub144 6\uc6d4, \ubc1c\ubc14\ub1e8\uc2a4 \ub178\ub798, \ucda4, \ubbfc\uc18d \uc758\uc0c1 \ucd95\uc81c\ub294 \uc804\ud1b5 \uc548\ubb34\uc640 \uc758\uc0c1\uc744 \ub418\uc0b4\ub9ac\uace0, 7\uc6d4\uc5d0\ub294 \uccb4\ub974\ub098\ud2b8 \ub9c8\uc744\uc758 \uc774\uce74 \uc694\uc0c8\uc5d0\uc11c \ubbfc\uc18d \ucd95\uc81c\uac00 \uc5f4\ub9bd\ub2c8\ub2e4. 12\uc6d4\uc5d0\ub294 \uccb4\ub974\ub098\ud2b8\uc758 \uac00\uba74 \ud589\ub82c\uc774 \uc815\uad50\ud55c \uc758\uc0c1\uacfc \uc758\uc2dd\uc744 \ud1b5\ud574 \uae30\ub3c5\uad50 \uc774\uc804\uc758 \uad00\uc2b5\uc744 \ub5a0\uc62c\ub9ac\uac8c \ud569\ub2c8\ub2e4. \ucf54\ub7f0\ub364 \uc7a5\uc2e0\uad6c, \uccad\ub85d\uc0c9 \uaf43\ubb34\ub2ac \ub3c4\uc790\uae30, \uadf8\ub9ac\uace0 \uace0\ub9ac\ubc84\ub4e4 \uc138\uacf5\ud488\uc744 \uc0dd\uc0b0\ud558\ub294 \uacf5\ubc29\uc5d0\uc11c\ub294 \uc218\uacf5\uc608 \uc804\ud1b5\uc774 \uc774\uc5b4\uc9c0\uace0 \uc788\uc73c\uba70, \uac01\uac01\uc758 \uc791\ud488\uc740 \uc774 \uc9c0\uc5ed\uc758 \uc7a5\uc778 \uc815\uc2e0\uc744 \ubc18\uc601\ud569\ub2c8\ub2e4.<\/p>\n<p>\ud5dd\uac00\ub9ac\uc640 \ub8e8\ub9c8\ub2c8\uc544\uc758 \ubbf8\uc2dd \ubb38\ud654\uac00 \uc5b4\uc6b0\ub7ec\uc9c4 \ubbf8\uc2dd \uacbd\ud5d8\uc744 \uc120\uc0ac\ud569\ub2c8\ub2e4. \uce90\ub7ec\uc6e8\uc774\uc758 \ub530\uc2a4\ud568\uc774 \ub290\uaef4\uc9c0\ub294 \ucee4\ubbfc \uc218\ud504\uac00 \uae40\uc774 \ubaa8\ub77d\ubaa8\ub77d \ud53c\uc5b4\uc624\ub974\uace0, \ud6c8\uc81c \ud30c\ud504\ub9ac\uce74\uc640 \uc740\uc740\ud558\uac8c \ubcf6\uc740 \uace0\uae30\ub97c \ud568\uaed8 \uacc1\ub4e4\uc778 \ud30c\ud504\ub9ac\uce74\uc2dc\uc640 \uad74\ub77c\uc2dc\uac00 \uc774\uc5b4\uc9d1\ub2c8\ub2e4. \ubb34\uc0ac\uce74\uc640 \ud3ec\uac00\uce58\uac00 \uc2dd\ud0c1\uc744 \uc7a5\uc2dd\ud558\uace0, \uc22f\ubd88\uc5d0 \uad6c\uc6b4 \ucfe0\ub974\ud1f4\uc2a4\uce7c\ub77c\uce58(k\u00fcrt\u0151skal\u00e1cs)\ub294 \ubc14\ub2d0\ub77c\uc640 \uacc4\ud53c \ud5a5\uc744 \uc740\uc740\ud558\uac8c \ud48d\uae41\ub2c8\ub2e4. \uc0ac\uc6cc\ud06c\ub9bc\uacfc \ubc84\uc12f\uc744 \ucc44\uc6b4 \ud770 \uc591\ubc30\ucd94 \uc218\ud504\ub294 \uc0b0\uc545 \ubaa9\ucd08\uc9c0\uc5d0\uc11c \uc790\ub780 \uc9c0\uc5ed \ub18d\uc0b0\ubb3c\uc744 \uc0dd\uc0dd\ud558\uac8c \ubcf4\uc5ec\uc90d\ub2c8\ub2e4.<\/p>\n<p>\ubc14\uc77c\ub808 \ud22c\uc2a4\ub098\ub4dc\uae4c\uc9c0\ub294 \ub3c4\ub85c\ub4e0 \ucca0\ub3c4\ub4e0 \uc27d\uac8c \uc811\uadfc\ud560 \uc218 \uc788\uc2b5\ub2c8\ub2e4. DN 12 \uace0\uc18d\ub3c4\ub85c\ub294 \ube0c\ub77c\uc1fc\ube0c\uc5d0\uc11c \uc2a4\ud310\ud22c \uac8c\uc624\ub974\uac8c\ub97c \uac70\uccd0 \ubbf8\uc5d0\ub974\ucfe0\ub808\uc544 \uce58\uc6b0\ud06c\uae4c\uc9c0 \uc774\uc5b4\uc9c0\uba70, \ube0c\ub77c\uc1fc\ube0c\uc5d0\uc11c 67km, \uc2a4\ud310\ud22c \uac8c\uc624\ub974\uac8c\uc5d0\uc11c 37km, \ubbf8\uc5d0\ub974\ucfe0\ub808\uc544 \uce58\uc6b0\ud06c\uc5d0\uc11c 32km\ub97c \uc774\ub3d9\ud569\ub2c8\ub2e4. \ubc14\ucee4\uc6b0\uc5d0\uc11c \ucf54\uba38\ub124\uc288\ud2f0\ub97c \uacbd\uc720\ud558\ub294 \ubcf4\uc870 \ub178\uc120\uc740 DN 12A \uace0\uc18d\ub3c4\ub85c\uc758 \ubbf8\uc5d0\ub974\ucfe0\ub808\uc544 \uce58\uc6b0\ud06c\uc5d0\uc11c \ud569\ub958\ud569\ub2c8\ub2e4. \uc8fc\uc694 \ucca0\ub3c4 \ub178\uc120\uc740 \ubd80\ucfe0\ub808\uc288\ud2f0\uc640 \ubc14\uc774\uc544 \ub9c8\ub808\ub97c \uc5f0\uacb0\ud558\uba70, \ubc14\uc77c\ub808 \ud22c\uc2a4\ub098\ub4dc \uc5ed\uc5d0\uc11c \uc815\ucc28\ud558\uc9c0\ub9cc, \uc6b4\ud589 \ube48\ub3c4\ub294 \ub3c4\uc2dc\uc758 \uaddc\ubaa8\uac00 \uc791\uc74c\uc744 \ubc18\uc601\ud569\ub2c8\ub2e4.<\/p>\n<p>\ubc14\uc77c\ub808 \ud22c\uc2a4\ub098\ub4dc\uc758 \uc774\uc57c\uae30\ub294 \uadf8 \uc81c\ub3c4\ub97c \ud615\uc131\ud55c \uc0ac\ub78c\ub4e4\uc758 \uc0b6\uacfc \ub5bc\ub824\uc57c \ub5c4 \uc218 \uc5c6\ub294 \uad00\uacc4\uc785\ub2c8\ub2e4. \uc774\uc624\uc2dc\ud504 \ube14\ub77c\uac00(1864~1937)\ub294 \uc2a4\ud30c \ud611\ud68c \ud68c\uc7a5\uc73c\ub85c\uc11c \ucd08\uae30 \uac1c\ubc1c\uc744 \uc774\ub04c\uba70 \ub9ac\ub354\uc2ed\uc744 \ubc1c\ud718\ud588\uace0, \ubbf8\ud558\uc774 \uc138\ub974\ubc18(1877~1947)\uc740 \uc774 \ub9c8\uc744\uc5d0 \ucd5c\ucd08\uc758 \ub8e8\ub9c8\ub2c8\uc544 \uc815\uad50\ud68c \uc131\ub2f9\uc744 \uc124\ub9bd\ud558\uc5ec \uc138\ucf00\uc774 \ud5dd\uac00\ub9ac \uc804\ud1b5\uc5d0 \ubfcc\ub9ac\ub97c \ub454 \uacf5\ub3d9\uccb4\uc758 \ubb38\ud654\uc801, \uc815\uc2e0\uc801 \ucc28\uc6d0\uc744 \ud655\uc7a5\ud588\uc2b5\ub2c8\ub2e4. \uadf8\ub4e4\uc758 \uc720\uc0b0\uc740 \uc624\ub298\ub0a0\uae4c\uc9c0 \ub0a8\uc544 \uc788\ub294 \uac74\ubb3c\ub4e4\uacfc \uc77c\uc0c1\uc0dd\ud65c\uc744 \uaddc\uc815\ud558\ub294 \uc608\ubc30 \ubc0f \uc6f0\ube59 \uc758\uc2dd \uc18d\uc5d0 \uc0b4\uc544 \uc228 \uc26c\uace0 \uc788\uc2b5\ub2c8\ub2e4.<\/p>\n<p>\uc694\uc57d\ud558\uc790\uba74, \ubc14\uc77c\ub808 \ud22c\uc2a4\ub098\ub4dc\ub294 \ub2e8\uc21c\ud55c \uc5ec\uac00\ub098 \uce58\uc720\uc758 \ud734\uc2dd\ucc98\ub97c \ub118\uc5b4, \uc778\uac04\uc774 \ud658\uacbd, \uacfc\ud559, \uadf8\ub9ac\uace0 \uc804\ud1b5\uc5d0 \uc5b4\ub5bb\uac8c \ucc38\uc5ec\ud558\ub294\uc9c0\ub97c \ubcf4\uc5ec\uc8fc\ub294 \uc885\ud569\uc801\uc778 \ubaa8\uc2b5\uc744 \ubcf4\uc5ec\uc90d\ub2c8\ub2e4. \uc778\uad6c, \ubbfc\uc871 \ube44\uc728, \uadf8\ub9ac\uace0 \uc885\uad50\uc801 \uc18c\uc18d\uc740 \uc548\uc815\uc801\uc774\uba74\uc11c\ub3c4 \ub3d9\uc2dc\uc5d0 \uc9c4\ud654\ud558\ub294 \uacf5\ub3d9\uccb4\uc758 \ubaa8\uc2b5\uc744 \ubcf4\uc5ec\uc90d\ub2c8\ub2e4. \ud654\uc0b0 \uc9c0\ud615\uc5d0 \ub458\ub7ec\uc2f8\uc778 \uad11\ucc9c\uc218\ub294 \uacbd\ud5d8\uc801 \ubd84\uc11d\uacfc \uc218\uc138\uae30 \ub3d9\uc548 \uc774\uc5b4\uc838 \uc628 \uce58\ub8cc\ubc95\uc758 \uadfc\ubcf8\uc801\uc778 \ud1a0\ub300\ub97c \uc81c\uacf5\ud569\ub2c8\ub2e4. \uace0\ub3c4\uc640 \uc0bc\ub9bc\uc5d0 \uc758\ud574 \uc815\uad50\ud558\uac8c \uc870\uc808\ub41c \uc0dd\ubb3c\uae30\ud6c4\ub294 \uc2e0\uccb4\uc801 \ud68c\ubcf5\uc744 \ucd09\uc9c4\ud558\ub294 \ub3d9\uc2dc\uc5d0 \uc0ac\uc0c9\uc744 \ubd88\ub7ec\uc77c\uc73c\ud0b5\ub2c8\ub2e4. \uc8fc\ubcc0\uc758 \ud0d1, \ud638\uc218, \ud611\uace1\uc740 \uc774\uc57c\uae30\ub97c \uc790\uc5f0\uc0ac \uc601\uc5ed\uc73c\ub85c \ud655\uc7a5\ud558\ub294 \ubc18\uba74, \ucd95\uc81c, \uc218\uacf5\uc608\ud488, \uadf8\ub9ac\uace0 \uc694\ub9ac \uc758\uc2dd\uc740 \ubb38\ud654\uc801 \uc5f0\uc18d\uc131\uc744 \uc720\uc9c0\ud569\ub2c8\ub2e4. \ud569\uc2a4\ubd80\ub974\ud06c \uce59\ub839, 20\uc138\uae30 \uc870\uc57d, \uc790\uce58\uc8fc, \uadf8\ub9ac\uace0 \ud604\ub300 \uc8fc(county) \ub4f1 \ub04a\uc784\uc5c6\uc774 \uc774\uc5b4\uc9c0\ub294 \uc815\uce58\uc801 \ubcc0\ud654\ub4e4\uc740 \ub3c4\uc2dc \uacbd\uad00\uc5d0 \uad8c\uc704\uc640 \uc815\uccb4\uc131\uc758 \ud314\ub9bc\ud504\uc138\uc2a4\ud2b8(palimpsest)\ub97c \ubd88\uc5b4\ub123\uc2b5\ub2c8\ub2e4. \ud558\uc9c0\ub9cc \ubaa8\ub4e0 \ubcc0\ud654 \uc18d\uc5d0\uc11c\ub3c4 \ubb3c\uc758 \ud750\ub984\uc740 \ubcc0\ud568\uc5c6\uc774 \uc720\uc9c0\ub418\uba70, \uc591\uce58\uae30\ub4e4\uc758 \uc774\uc57c\uae30\uc640 \uc2e4\ud5d8\uc2e4 \ubcf4\uace0\uc11c, \ud669\uc81c\uc758 \uce59\ub839\uacfc \ud604\ub300\uc758 \uc6f0\ube59 \ud504\ub85c\ud1a0\ucf5c\uc744 \uc5f0\uacb0\ud558\ub294 \uc2e4\uacfc \uac19\uc2b5\ub2c8\ub2e4. \uc11d\ud68c\uc554\uacfc \uc778\uac04\uc758 \uae30\uc5b5\uc744 \ubaa8\ub450 \uad00\ud1b5\ud558\ub294 \uc774\ub7ec\ud55c \ubd88\ubcc0\uc131 \uc18d\uc5d0\uc11c \ubc14\uc77c\ub808 \ud22c\uc2a4\ub098\ub4dc\ub294 \uadf8 \ubcf8\uc9c8\uc801\uc778 \ud2b9\uc9d5\uc744 \ub4dc\ub7ec\ub0c5\ub2c8\ub2e4. \ub545\uc758 \ubbf8\ubb18\ud55c \ud654\ud559 \uc791\uc6a9\uacfc \uc138\uc2ec\ud55c \ubc30\ub824\uac00 \uc5b4\uc6b0\ub7ec\uc838 \ubc29\ubb38\uac1d \ubaa8\ub450\ub97c \uc790\uc5f0, \uc5ed\uc0ac, \uadf8\ub9ac\uace0 \uac74\uac15 \uc0ac\uc774\uc758 \ub300\ud654\uc5d0 \ucc38\uc5ec\ud558\ub3c4\ub85d \ucd08\ub300\ud558\ub294 \uacf3\uc785\ub2c8\ub2e4.<\/p>","protected":false},"excerpt":{"rendered":"<p>\ub8e8\ub9c8\ub2c8\uc544 \ub3d9\ubd80 \ud2b8\ub780\uc2e4\ubc14\ub2c8\uc544 \uc9c0\uc5ed\uc5d0 \uc790\ub9ac \uc7a1\uc740 \uadf8\ub9bc \uac19\uc740 \ub9c8\uc744 \ubc14\uc77c\ub808 \ud22c\ub098\ub4dc\ub294 2021\ub144 \uae30\uc900 \uc778\uad6c 1,372\uba85\uc73c\ub85c, \ub8e8\ub9c8\ub2c8\uc544\uc5d0\uc11c \uc778\uad6c \uae30\uc900 \uac00\uc7a5 \uc791\uc740 \ub9c8\uc744\uc785\ub2c8\ub2e4. \uc62c\ud2b8 \uac15 \uacc4\uace1\uc758 \ud558\ub974\uae30\ud0c0 \uc0b0\ub9e5\uacfc \ubcf4\ub3c5 \uc0b0\ub9e5 \uc0ac\uc774\uc5d0 \uc790\ub9ac \uc7a1\uc740 \uc774 \uc791\uc740 \ub9c8\uc744\uc740 \uce58\uc6b0\ud06c \uc800\uc9c0\ub300 \ub0a8\ucabd \ud574\ubc1c 650m \uc9c0\uc810\uc5d0 \uc704\uce58\ud574 \uc788\uc5b4 \uc815\ub9d0 \uc544\ub984\ub2e4\uc6b4 \uacf3\uc785\ub2c8\ub2e4.<\/p>","protected":false},"author":1,"featured_media":17485,"parent":11908,"menu_order":0,"comment_status":"closed","ping_status":"closed","template":"elementor_theme","meta":{"_eb_attr":"","footnotes":""},"class_list":["post-17035","page","type-page","status-publish","has-post-thumbnail"],"_links":{"self":[{"href":"https:\/\/travelshelper.com\/ko\/wp-json\/wp\/v2\/pages\/17035","targetHints":{"allow":["GET"]}}],"collection":[{"href":"https:\/\/travelshelper.com\/ko\/wp-json\/wp\/v2\/pages"}],"about":[{"href":"https:\/\/travelshelper.com\/ko\/wp-json\/wp\/v2\/types\/page"}],"author":[{"embeddable":true,"href":"https:\/\/travelshelper.com\/ko\/wp-json\/wp\/v2\/users\/1"}],"replies":[{"embeddable":true,"href":"https:\/\/travelshelper.com\/ko\/wp-json\/wp\/v2\/comments?post=17035"}],"version-history":[{"count":0,"href":"https:\/\/travelshelper.com\/ko\/wp-json\/wp\/v2\/pages\/17035\/revisions"}],"up":[{"embeddable":true,"href":"https:\/\/travelshelper.com\/ko\/wp-json\/wp\/v2\/pages\/11908"}],"wp:featuredmedia":[{"embeddable":true,"href":"https:\/\/travelshelper.com\/ko\/wp-json\/wp\/v2\/media\/17485"}],"wp:attachment":[{"href":"https:\/\/travelshelper.com\/ko\/wp-json\/wp\/v2\/media?parent=17035"}],"curies":[{"name":"wp","href":"https:\/\/api.w.org\/{rel}","templated":true}]}}