{"id":16545,"date":"2024-09-23T12:31:13","date_gmt":"2024-09-23T12:31:13","guid":{"rendered":"https:\/\/travelshelper.com\/staging\/?page_id=16545"},"modified":"2026-03-12T00:13:07","modified_gmt":"2026-03-12T00:13:07","slug":"%eb%b0%94%ed%8a%b8-%ec%95%84%ec%9d%b4%eb%b8%94%eb%a7%81","status":"publish","type":"page","link":"https:\/\/travelshelper.com\/ko\/destinations\/europe\/germany\/bad-aibling\/","title":{"rendered":"\ubc14\ud2b8 \uc544\uc774\ube14\ub9c1"},"content":{"rendered":"<p>\ubb8c\ud5e8\uc5d0\uc11c \ub0a8\ub3d9\ucabd\uc73c\ub85c \uc57d 56km \ub5a8\uc5b4\uc9c4 \ub9dd\ud314 \uac15\ubcc0\uc5d0 \uc704\uce58\ud55c \ubc14\ud2b8 \uc544\uc774\ube14\ub9c1\uc740 \ud574\ubc1c 498m\uc5d0 41.55km\u00b2\uc758 \uba74\uc801\uc744 \uc790\ub791\ud558\uba70 \uc57d 18,000\uba85\uc758 \uc8fc\ubbfc\uc774 \uac70\uc8fc\ud558\uace0 \uc788\uc2b5\ub2c8\ub2e4. 804\ub144 \uc5f0\ub300\uae30\uc5d0 &#034;\uc5d0\ud53c\ub2dd\uac00&#034;\ub77c\ub294 \uc774\ub984\uc73c\ub85c \ucc98\uc74c \ub4f1\uc7a5\ud55c \uc774 \ubc14\uc774\uc5d0\ub978\uc758 \uc628\ucc9c \ub9c8\uc744\uc740 \uc218\ucc9c \ub144\uc5d0 \uac78\uce5c \uc778\ub958\uc758 \uc815\ucc29\uc744 \ud1b5\ud574 \ud48d\ubd80\ud55c \uc9c0\uc9c8\ud559\uc801 \uc790\uc6d0, \uac74\ucd95 \uc720\uc0b0, \uadf8\ub9ac\uace0 \uc5ed\uc0ac\uc758 \ud754\uc801\uc774 \uc5b4\uc6b0\ub7ec\uc9c4 \uacf3\uc73c\ub85c \ubc1c\uc804\ud588\uc2b5\ub2c8\ub2e4.<\/p>\n<p>\uae30\uc6d0\uc804 500\ub144\uacbd\ubd80\ud130 \uae30\uc6d0\uc804 15\ub144\uae4c\uc9c0 \ucf08\ud2b8\uc871\uc740 \ub9dd\ud314(Mangfall) \uc8fc\ubcc0\uc758 \ube44\uc625\ud55c \ud3c9\uc57c\uc640 \uc0bc\ub9bc \uc9c0\ub300\ub97c \uacbd\uc791\ud558\uba70 \ub18d\uc5c5\uacfc \uc758\ub840 \uc0dd\ud65c\uc758 \ud754\uc801\uc744 \ub0a8\uacbc\uc2b5\ub2c8\ub2e4. \uae30\uc6d0\uc804 1\uc138\uae30\uc5d0 \ub85c\ub9c8 \uc815\ubcf5\uc790\ub4e4\uc774 \ub3c4\ucc29\ud558\uba74\uc11c \uc0c8\ub85c\uc6b4 \ub3c4\ub85c\uc640 \uae30\ucd08\uc801\uc778 \uae30\ubc18 \uc2dc\uc124\uc774 \uac74\uc124\ub418\uc5c8\uc9c0\ub9cc, \uc11c\uae30 5\uc138\uae30\uc5d0 \ubc14\uc774\uc5d0\ub978\uc871\uc774 \uc774\uc8fc\ud558\uba74\uc11c \ub3c4\uc2dc\uc758 \ubc29\uc5b8\uacfc \uad00\uc2b5\uc5d0\uc11c \uc5ec\uc804\ud788 \ub69c\ub837\ud558\uac8c \ub290\ub084 \uc218 \uc788\ub294 \ubb38\ud654\uc801 \ud1a0\ub300\uac00 \ub9c8\ub828\ub418\uc5c8\uc2b5\ub2c8\ub2e4. \uc911\uc138 \uc2dc\ub300\uc5d0 \uc774 \uc815\ucc29\uc9c0\ub294 1166\ub144 Codex diplomaticus Falkensteinensis\uc5d0 &#034;Aibilingen&#034;\uc73c\ub85c \uae30\ub85d\ub418\uc5c8\uc73c\uba70, \ud314\ucf04\uc288\ud0c0\uc778 \ubc31\uc791\ub839\uc758 \ud589\uc815 \uc911\uc2ec\uc9c0 \uc5ed\ud560\uc744 \ud588\uc2b5\ub2c8\ub2e4. \ub178\uc774\ubd80\ub974\ud06c-\ud314\ucf04\uc288\ud0c0\uc778 \uacc4\ud1b5\uc774 \ub2e8\uc808\ub41c \ud6c4, \uc774 \uc9c0\uc5ed\uc740 \ube44\ud154\uc2a4\ubc14\ud750 \uc655\uc870\ub85c \ub118\uc5b4\uac14\uace0, \uadf8 \uc601\ud5a5\uc73c\ub85c \uc774\ud6c4 \ubc14\uc774\uc5d0\ub978\uc758 \uc815\uce58\uc801, \uac74\ucd95\uc801 \ud48d\uacbd\uc774 \ud06c\uac8c \ud615\uc131\ub418\uc5c8\uc2b5\ub2c8\ub2e4.<\/p>\n<p>\ubc14\ud2b8 \uc544\uc774\ube14\ub9c1\uc774 \uac74\uac15\uacfc \uc6f0\ube59\uc758 \uba85\uc18c\ub85c \uba85\uc131\uc744 \uc313\uae30 \uc2dc\uc791\ud55c \uac83\uc740 19\uc138\uae30 \uc911\ubc18\uc774 \ub418\uc5b4\uc11c\uc600\uc2b5\ub2c8\ub2e4. 1845\ub144, \uc758\uc0ac \ub370\uc2dc\ub370\ub9ac\uc6b0\uc2a4 \ubca0\ud06c\ub294 \ub9c8\uc744\uc758 \ud48d\ubd80\ud55c \ud1a0\ud0c4\uc744 \uc774\uc6a9\ud55c \uce58\ub8cc\ubc95\uc744 \uac1c\ucc99\ud558\uc5ec \ud1a0\ud0c4 \ud384\ud504 \ubaa9\uc695\uc744 \uc81c\uacf5\ud588\ub294\ub370, \uc774\ub294 \uc758\ub8cc \uad00\uad11\uc758 \ucd08\uc11d\uc774 \ub418\uc5c8\uc2b5\ub2c8\ub2e4. 50\ub144 \ub9cc\uc5d0 \uc774\ub7ec\ud55c \uce58\ub8cc\ubc95\uc5d0 \ub300\ud55c \uc778\uc2dd\uc774 \ub192\uc544\uc9c0\uc790 \ubc14\uc774\uc5d0\ub978 \uc8fc\ub294 \uc774 \ub9c8\uc744\uc5d0 &#034;\ubc14\ud2b8(Bad)&#034;\ub77c\ub294 \uc811\ub450\uc0ac\ub97c \ubd80\uc5ec\ud588\uace0, 1895\ub144\uc5d0\ub294 \ub3c5\uc77c\uc758 \uc628\ucc9c \ub3c4\uc2dc\ub85c \uacf5\uc2dd \uc778\uc815\ud588\uc2b5\ub2c8\ub2e4. \ud55c \uc138\ub300 \ud6c4\uc778 1933\ub144, \ubc14\ud2b8 \uc544\uc774\ube14\ub9c1\uc740 \uc644\uc804\ud55c \uc2dc(\u5e02) \uc9c0\uc704\ub97c \ud68d\ub4dd\ud558\uc5ec \ud604\ub300 \ub3c4\uc2dc\uc5d0 \uac78\ub9de\uc740 \ud589\uc815 \uad6c\uc870\uc640 \uc2dc\ubbfc\uc801 \uc815\uccb4\uc131\uc744 \uac16\ucd94\uac8c \ub418\uc5c8\uc2b5\ub2c8\ub2e4.<\/p>\n<p>2\ucc28 \uc138\uacc4\ub300\uc804\uc758 \uaca9\ub3d9\uc758 \uc138\uc6d4\uacfc \uadf8 \uc5ec\ud30c\ub294 \ubc14\ud2b8 \uc544\uc774\ube14\ub9c1\uc5d0 \uadf8 \ud754\uc801\uc744 \ub0a8\uacbc\uc2b5\ub2c8\ub2e4. 1945\ub144\uc5d0 \uc774 \ub9c8\uc744\uc5d0\ub294 \ub3c5\uc77c \uc804\uc7c1 \ud3ec\ub85c\uac00 \uc5f0\ud569\uad70 \ud3ec\ub85c \uc0dd\ud65c\uc5d0\uc11c \ub3cc\uc544\uc628 \ud3ec\ub85c \ubc29\ucd9c \uc13c\ud130 #26\uc774 \uc788\uc5c8\uc2b5\ub2c8\ub2e4. 1946\ub144\uae4c\uc9c0 \uc774 \uacf5\uad70 \uae30\uc9c0\ub294 UNRRA\uc640 \uc774\ud6c4 IRO \ud589\uc815\ubd80\uc5d0\uc11c \uc655\ub9bd \uc720\uace0\uc2ac\ub77c\ube44\uc544 \uad70\ub300 \uad6c\uc131\uc6d0\uc744 \uc704\ud55c \uc2e4\ud5a5\ubbfc \uc218\uc6a9\uc18c\uac00 \ub418\uc5c8\uc2b5\ub2c8\ub2e4. 1948\ub144\ubd80\ud130 1951\ub144 \ud6c4\ubc18\uae4c\uc9c0 IRO \uc5b4\ub9b0\uc774 \ub9c8\uc744\uc740 20\uac1c \uc774\uc0c1\uc758 \uad6d\uc801\uc744 \ub300\ud45c\ud558\ub294 2,300\uba85 \uc774\uc0c1\uc758 \ubcf4\ud638\uc790\uac00 \uc5c6\ub294 \uc5b4\ub9b0\uc774\uc640 \uccad\uc18c\ub144\uc744 \ubcf4\ud638\ud588\uc2b5\ub2c8\ub2e4. \uc774\ub294 \ubbf8\uad6d \uc810\ub839 \uc9c0\uc5ed\uc5d0\uc11c \uac00\uc7a5 \ud070 \uc2dc\uc124\uc774\uc5c8\uc2b5\ub2c8\ub2e4. \uadf8 \ud6c4 \uc218\uc2ed \ub144 \ub3d9\uc548 \uc774\uc804 \uad70\uc0ac \ub2e8\uc9c0\ub294 \uc815\ubcf4 \uae30\uad00\uc758 \uc911\uc2ec\uc9c0\ub85c \ubc1c\uc804\ud588\uc2b5\ub2c8\ub2e4. \uc774 \uc7a5\uc758 \uac00\uc7a5 \ub208\uc5d0 \ub744\ub294 \uc794\uc7ac\ub294 \ubbf8\uad70\uc774 \uc6b4\uc601\ud558\ub294 ECHELON \uc2e0\ud638 \uc815\ubcf4\uad6d\uc774\uc5c8\uc2b5\ub2c8\ub2e4. \uc804 \uc138\uacc4 \uac10\uc2dc\uc758 \uae34 \uc0c1\uc9d5\uc778 \ub808\uc774\ub3d4\uc740 2005\ub144\uc5d0 \uc5f0\ubc29\uc815\ubcf4\ubcf4\ud638\uccad(BND)\uc73c\ub85c \uc774\uad00\ub418\uc5c8\uc73c\uba70, BND\ub294 \uad6d\uac00\uc548\ubcf4\uad6d\uacfc \ud611\ub825\ud558\uc5ec \ud604\uc7ac\ub3c4 \ub808\uc774\ub3d4\uc744 \uc0ac\uc6a9\ud558\uace0 \uc788\uc2b5\ub2c8\ub2e4.<\/p>\n<p>\ubc14\ud2b8 \uc544\uc774\ube14\ub9c1\uc758 \uc5ed\uc0ac\uc801\uc778 \uc704\uc5c4\uc744 \ub354\uc6b1 \ub3cb\ubcf4\uc774\uac8c \ud558\ub294 \ud604\ub300\uc801\uc778 \uc2a4\ud30c \uc2dc\uc124\uc740 \ub3c4\uc2dc\uc758 \uacbd\uc81c\uc640 \uc77c\uc0c1\uc0dd\ud65c\uc758 \uc911\uc2ec\uc5d0 \uc790\ub9ac \uc7a1\uace0 \uc788\uc2b5\ub2c8\ub2e4. 2002\ub144 \uc628\ucc9c\uc218 \uc2dc\ucd94\uc5d0 \uc131\uacf5\ud55c \ud6c4, 2007\ub144 9\uc6d4, \uc288\ud22c\ud2b8\uac00\ub974\ud2b8\uc758 \ubca0\ub2c8\uc26c \uac74\ucd95(Behnisch Architekten)\uc774 \uc124\uacc4\ud55c \ubbf8\ub124\ub784\uc774 \ud48d\ubd80\ud55c \uc628\ucc9c\uacfc \uc885\ud569 \uc0ac\uc6b0\ub098 \ub2e8\uc9c0\ub97c \uac16\ucd98 \ub3d4\ud615 \uc548\uc2dd\ucc98\uc778 \ud14c\ub974\ub9c8(Thermae)\uac00 \uac1c\uc7a5\ud588\uc2b5\ub2c8\ub2e4. \uc720\uce7c\ub9bd\ud22c\uc2a4 \ud5a5\uc774 \uac00\ub4dd\ud55c \ubc29\ubd80\ud130 \ud1b5\ub098\ubb34\uc9d1 \ud615\ud0dc\uc758 \ud734\uc2dd \uacf5\uac04\uae4c\uc9c0, 8\uac00\uc9c0\uc758 \ub3c5\ud2b9\ud55c \uc0ac\uc6b0\ub098\ub97c \uacbd\ud5d8\ud560 \uc218 \uc788\uc73c\uba70, 2017\ub144 9\uc6d4\uc5d0\ub294 \ud2b8\ub9ac\ud504\ud2b8\ubc14\ud750(Triftbach)\uc5d0 \uc815\ubc15\ud55c \ud558\uc6b0\uc2a4\ubcf4\ud2b8 \ud615\ud0dc\uc758 \uc0ac\uc6b0\ub098\uac00 \ucd94\uac00\ub418\uc5b4 \ub9e4\ub144 \uc57d 30\ub9cc \uba85\uc758 \ubc29\ubb38\uac1d\uc744 \ub9de\uc774\ud558\uace0 \uc788\uc2b5\ub2c8\ub2e4. \uc815\uc218 \ucc98\ub9ac\ub97c \uc704\ud55c \ucd08\ubbf8\uc138\uc5ec\uacfc \uae30\uc220 \ub3c4\uc785, 2008\ub144 \ub370\uc2dc\ub370\ub9ac\uc6b0\uc2a4(Desiderius) \uc628\ucc9c\uc758 \uce58\uc720\ub825 \uc778\uc815, \uadf8\ub9ac\uace0 2015\ub144 12\uc6d4 \uc870\uc6a9\ud55c \uac1d\uc2e4 \ud655\uc7a5\uc740 \ubc14\ud2b8 \uc544\uc774\ube14\ub9c1\uc774 \ucd5c\ucca8\ub2e8 \uc6f0\ube59\uc744 \uc9c0\ud5a5\ud55c\ub2e4\ub294 \uac83\uc744 \ubcf4\uc5ec\uc90d\ub2c8\ub2e4. 2015\ub144 10\uc6d4 \uc5fc\uc18c\uac00\uc2a4 \uc0ac\uace0\ub85c 10\uba85\uc758 \ud22c\uc219\uac1d\uc774 \uc77c\uc2dc\uc801\uc73c\ub85c \ubd80\uc0c1\uc744 \uc785\uc5c8\ub358 \uc704\uae30 \uc0c1\ud669\uc5d0\uc11c\ub3c4 \uc2e0\uc18d\ud55c \uc870\uc0ac\uac00 \uc774\ub8e8\uc5b4\uc9c0\uace0 \uc548\uc804 \ud504\ub85c\ud1a0\ucf5c\uc774 \uac15\ud654\ub418\uc5c8\uc2b5\ub2c8\ub2e4.<\/p>\n<p>\uc774 \ub9c8\uc744\uc758 \ub808\uc800 \ud65c\ub3d9\uc740 \uc628\ucc9c\uc218 \uadf8 \uc774\uc0c1\uc73c\ub85c \ud655\uc7a5\ub429\ub2c8\ub2e4. 2008\ub144 \ubd04, \ub7a9 \ud480, \uc5b4\ub4dc\ubca4\ucc98 \ubca0\uc774\uc2e0, \uadf8\ub9ac\uace0 \ub180\uc774\ud130 \uc2dc\uc124\uc744 \uac16\ucd98 \uc5b4\ub9b0\uc774 \uc218\uc601\uc7a5\uc73c\ub85c \uad6c\uc131\ub41c \uc57c\uc678 \uc218\uc601\uc7a5\uc774 \uc2a4\ud30c \uc606\uc5d0 \ubb38\uc744 \uc5f4\uc5c8\uc2b5\ub2c8\ub2e4. \ubc14\ud2b8 \uc544\uc774\ube14\ub9c1 \uc9c0\uc5ed \uc911 \ud558\ub098\uc778 \ud558\ub974\ud2b8\ud558\uc6b0\uc820\uc740 \uc790\uccb4 \uc218\uc601\uc7a5 \ub2e8\uc9c0\ub97c \uc6b4\uc601\ud558\uace0 \uc788\uc73c\uba70, \ud5e4\ub974\ub9cc \ubd88 \ud6c8\ub828 \ubc0f \uc5f0\uad6c \uc13c\ud130\uc758 \uc218\uc601\uc7a5\uc740 \uc6b4\ub3d9 \ud074\ub7fd\uacfc \uc9c0\uc5ed \ud559\uad50 \ubaa8\ub450\uc5d0 \uc774\uc6a9\ub429\ub2c8\ub2e4. \ub9e4\ub144 \uaca8\uc6b8, 10\uc6d4\ubd80\ud130 3\uc6d4\uae4c\uc9c0\ub294 \uc544\uc774\uc2a4\ub9c1\ud06c\uc5d0\uc11c \uc2a4\ucf00\uc774\ud2b8\uc640 \ud558\ud0a4 \uacbd\uae30\ub97c \uc990\uae38 \uc218 \uc788\uc73c\uba70, \ub0a8\uc11c\ubd80 \uc9c0\uc5ed \ub9ac\uadf8\uc5d0 \ucc38\uac00\ud558\ub294 \uc9c0\uc5ed \ud300 EHC \ubc14\ud2b8 \uc544\uc774\ube14\ub9c1\uc774 \uacbd\uae30\ub97c \ud3bc\uce69\ub2c8\ub2e4. \ud14c\ub974\ub9c8\uc774 \uc778\uadfc \ud2b8\ub9ac\ud504\ud2b8\ubc14\ud750 \uc606\uc5d0\ub294 31\ub300\uc758 \ucc28\ub7c9\uc744 \uc218\uc6a9\ud560 \uc218 \uc788\ub294 \ucea0\ud551\uce74 \uc8fc\ucc28\uc7a5\uc774 \uc788\uc5b4 \uc232 \uc18d\uc5d0\uc11c 24\uc2dc\uac04 \ud734\uc2dd\uc744 \ucde8\ud560 \uc218 \uc788\uc2b5\ub2c8\ub2e4. TuS \ubc14\ud2b8 \uc544\uc774\ube14\ub9c1\uc758 \ucf54\ud2b8\uc640 \uacbd\uae30\uc7a5\uc5d0\uc11c\ub294 \uc6b4\ub3d9 \uacbd\uae30\ub3c4 \ud65c\ubc1c\ud558\uac8c \uc9c4\ud589\ub429\ub2c8\ub2e4. 2014\/15 \uc2dc\uc98c\uc5d0 \ud30c\uc774\uc5b4\ubcfc\uc774\ub77c\ub294 \uc774\ub984\uc73c\ub85c \uc54c\ub824\uc9c4 \uc5ec\uc790 \ub18d\uad6c\ud300\uc740 \uc7a0\uc2dc \ud504\ub77c\uc6b0\uc5d4-\ubd84\ub370\uc2a4\ub9ac\uac00\ub85c \uc2b9\uaca9\ud55c \ud6c4, 2015\/16 \uc2dc\uc98c \ubb34\ud328\uc758 \uc131\uc801\uc73c\ub85c \ucd5c\uc0c1\uc704 \ub9ac\uadf8 \uc790\ub9ac\ub97c \ub418\ucc3e\uc558\uc2b5\ub2c8\ub2e4. \ud55c\ud3b8, \uc5ec\uc790 \ucd95\uad6c\ud300\uc740 \ubc14\uc774\uc5d0\ub978\ub9ac\uac00\uc5d0\uc11c \ud65c\uc57d\ud558\uace0 \uc788\uc2b5\ub2c8\ub2e4.<\/p>\n<p>\ubc14\ud2b8 \uc544\uc774\ube14\ub9c1\uc758 \uc0b0\uc5c5\uc740 \uad11\ucc9c\uc218\uc5d0 \ubfcc\ub9ac\ub97c \ub450\uace0 \uc788\uc9c0\ub9cc, \ub2e4\uc591\ud55c \ubd84\uc57c\ub85c \ubed7\uc5b4 \ub098\uac11\ub2c8\ub2e4. \uc2a4\ud30c \ud638\ud154\uacfc \uc7ac\ud65c \ud074\ub9ac\ub2c9\uc774 \uc758\ub8cc \uc0b0\uc5c5\uc744 \uc9c0\ud0f1\ud558\ub294 \ud55c\ud3b8, \uc81c\uc57d, \uc12c\uc720 \uc81c\uc870, \uc804\uae30 \uacf5\ud559, \ud50c\ub77c\uc2a4\ud2f1 \uc0dd\uc0b0, \uc720\uc81c\ud488 \uac00\uacf5 \uae30\uc5c5\ub4e4\uc774 \ub9c8\uc744\uc758 \uc0c1\uc5c5\uc801 \ud65c\ub825\uc744 \ucd09\uc9c4\ud569\ub2c8\ub2e4. 2009\ub144\ubd80\ud130 \ub9e4\ub144 8\uc6d4 \uc5f4\ub9ac\ub294 \uc5d0\uc15c\ub860 \uc57c\uc678 \ubc0f \uc2e4\ub0b4 \ud398\uc2a4\ud2f0\ubc8c(Echelon Open Air &amp; Indoor Festival)\uc740 \uc77c\ub809\ud2b8\ub85c\ub2c9, \ud14c\ud06c\ub178, \ud558\uc6b0\uc2a4 \uc74c\uc545 \ud32c\ub4e4\uc758 \ucd95\uc81c\ub85c, \ud3d0\uc1c4\ub41c \uc5d0\uc15c\ub860 \uc5ed \uad6c\ub0b4\uc5d0 \uc57d 2\ub9cc 5\ucc9c \uba85\uc758 \ubc29\ubb38\uac1d\uc744 \uc720\uce58\ud558\uba70, \ube44\ubc00 \uac10\uc2dc\uc758 \uc7a5\uc18c\uc600\ub358 \uc5d0\uc15c\ub860 \uc5ed\uc744 \uacf5\ub3d9\uccb4\uc758 \ucd95\uc81c \uacf5\uac04\uc73c\ub85c \ud0c8\ubc14\uafc8\uc2dc\ucf30\uc2b5\ub2c8\ub2e4.<\/p>\n<p>\uc5ec\ud589\uac1d\ub4e4\uc740 \ub3c4\ub85c\ub098 \ucca0\ub3c4\ub97c \ud1b5\ud574 \ub3c4\ucc29\ud569\ub2c8\ub2e4. A8 \uace0\uc18d\ub3c4\ub85c\uc758 \ubc14\ud2b8 \uc544\uc774\ube14\ub9c1 \ucd9c\uad6c\uc640 2078\ubc88 \uc8fc\ub3c4\ub294 \uc774 \ub3c4\uc2dc\ub97c \ubb8c\ud5e8\uacfc \ub85c\uc820\ud558\uc784\uc73c\ub85c \uc5f0\uacb0\ud569\ub2c8\ub2e4. 2000\ub144\uc5d0 \uac1c\ud1b5\ub41c \ub0a8\ubd80 \uc6b0\ud68c \ub3c4\ub85c(\uc77c\ubd80 \ud130\ub110 \ud3ec\ud568)\ub294 \ud1b5\ud589 \uad50\ud1b5\ub7c9\uc744 \uc904\uc774\uae30 \uc704\ud574 \uc5ec\uc804\ud788 \ub17c\uc7c1\uc758 \uc5ec\uc9c0\uac00 \uc788\uc73c\uba70, \uc77c\ubc29\ud1b5\ud589 \ub3c4\ub85c\uc640 \uc8fc\ud0dd\uac00 \uc6b0\ud68c\ub85c \ub54c\ubb38\uc5d0 \ubd81\ubd80 \uc6b0\ud68c \ub3c4\ub85c \uac74\uc124\uc744 \uc694\uad6c\ud558\ub294 \ubaa9\uc18c\ub9ac\uac00 \ub192\uc544\uc9c0\uace0 \uc788\uc2b5\ub2c8\ub2e4. 2012\ub144 \ub9c8\ub9ac\uc5d4\ud50c\ub77c\uce20\ub294 \uacf5\uc720 \uacf5\uac04(shared space)\uc744 \uae30\ubc18\uc73c\ub85c \uc7ac\uc124\uacc4\ub418\uc5b4 \ucc28\ub7c9\uacfc \ubcf4\ud589\uc790\uc758 \uc694\uad6c\ub97c \uade0\ud615 \uc788\uac8c \ucda9\uc871\ud558\uace0\uc790 \ud588\uc9c0\ub9cc, \uacf5\uc2dd\uc801\uc778 \uad50\ud1b5 \uc6b0\uc120\uad8c\uc740 \uc5ec\uc804\ud788 \u200b\u200b\uc790\ub3d9\ucc28\uc5d0 \uc788\uc2b5\ub2c8\ub2e4. \ub9dd\ud314 \ubc38\ub9ac \ucca0\ub3c4(Mangfall Valley Railway)\uc758 \uacbd\uc6b0, \uc911\uc2ec\ubd80\uc5d0 \uc704\uce58\ud55c \ubc14\ud2b8 \uc544\uc774\ube14\ub9c1 \uc5ed\uacfc 2009\ub144 9\uc6d4 \uac1c\ud1b5\ud55c \uc0c8\ub85c\uc6b4 \ubc14\ud2b8 \uc544\uc774\ube14\ub9c1 \ucfe0\ub974\ud30c\ud06c(Bad Aibling Kurpark) \uc5ed\uc740 \uc8fc\ubbfc\uacfc \ubc29\ubb38\uac1d\uc744 \ubb8c\ud5e8, \ud640\uce20\ud0a4\ub974\ud5e8, \ub85c\uc820\ud558\uc784\uc73c\ub85c \uc5f0\uacb0\ud569\ub2c8\ub2e4. \uc774 \ub178\uc120\uc5d0\uc11c 1945\ub144\uacfc 2016\ub144 2\uc6d4 9\uc77c\uc5d0 \ubc1c\uc0dd\ud55c \ub450 \uac74\uc758 \uc2ec\uac01\ud55c \ucd94\ub3cc \uc0ac\uace0\ub85c \ucd1d 17\uba85\uc774 \uc0ac\ub9dd\ud558\uace0 90\uba85 \uc774\uc0c1\uc774 \ubd80\uc0c1\ub2f9\ud588\uc73c\uba70, \uc774\ub85c \uc778\ud574 \uc548\uc804 \uc810\uac80\uc774 \ud544\uc694\ud558\uac8c \ub418\uc5c8\uc2b5\ub2c8\ub2e4. \uc9c0\uc5ed \ub300\uc911\uad50\ud1b5\uc73c\ub85c\ub294 \ubcd1\uc6d0, \ud638\ud154, \ud14c\ub974\uba54\ub97c \uc5f0\uacb0\ud558\ub294 \ubb34\uc5b4\uc775\uc2a4\ud504\ub808\uc2a4(Moorexpress) \uc804\ud1b5 \uc2a4\ud0c0\uc77c\uc758 \uc11c\ube44\uc2a4\uc640 276, 277, 343\ubc88 \ub4f1\uc758 RVO \ubc84\uc2a4 \ub178\uc120, \uadf8\ub9ac\uace0 341, 344, 345, 346\ubc88 \ub178\uc120\uc744 \uc6b4\ud589\ud558\ub294 \ub9e5\uc2a4 \ud640\ub9c1\uac70(Max Hollinger) \ubc84\uc2a4\uac00 \uc788\uc2b5\ub2c8\ub2e4. 2023\ub144 12\uc6d4\ubd80\ud130 \ub3c4\uc2dc \uc804\uccb4\uac00 MVV \uc694\uae08 \uad6c\uc5ed 6\uc5d0 \uc18d\ud558\uac8c \ub418\uc5c8\uc2b5\ub2c8\ub2e4.<\/p>\n<p>\ub3c4\uc2dc\uc758 \uacbd\uacc4 \ub0b4\uc5d0\ub294 Abel, Adlfurt, Bad Aibling Mitte, Berbling, Ellmosen, Fachendorf, Gr\u00f6ben, Harthausen, Haslach, Heimathsberg, Heinrichsdorf, Holzhausen, K\u00f6ckbrunn, Markfeld, Mietraching, Mitterham, Moos, Natternberg, Thalacker, Th\u00fcrham, Unterheufeld, Weg, Westen, Westerham, Willing \ubc0f Zell\uc740 \uc8fc\ubcc0 \uc2dc\uace8\uacfc \uc870\ud654\ub97c \uc774\ub8e8\ub294 \uc791\uc740 \ub9c8\uc744, \uc2a4\ud30c \uacf5\uc6d0 \ubc0f \uc2dc\uace8 \ub9c8\uc744\uc758 \ud328\uce58\uc6cc\ud06c\ub97c \ub9e4\ud551\ud569\ub2c8\ub2e4.<\/p>\n<p>\ubc14\ud2b8 \uc544\uc774\ube14\ub9c1\uc740 \uc2dc\uac04 \uc18d\uc5d0 \ubb38\ud654\uc801 \ub79c\ub4dc\ub9c8\ud06c\ub97c \ud488\uace0 \uc788\uc2b5\ub2c8\ub2e4. \uc5ed\ubcd1\uc73c\ub85c\ubd80\ud130\uc758 \uad6c\uc6d0\uc5d0 \ub300\ud55c \uac10\uc0ac\uc758 \ud45c\uc2dc\ub85c \uc138\uc6cc\uc9c4 \uc6b0\uc544\ud55c \ub9c8\ub9ac\uc544 \uae30\ub465\uc774 \ud2b9\uc9d5\uc778 \ub9c8\ub9ac\uc5d4\ud50c\ub77c\uce20\ub294 \uc11c\ucabd\uc73c\ub85c\ub294 \uc720\uc11c \uae4a\uc740 \uc2dc\uccad, \ub3d9\ucabd\uc73c\ub85c\ub294 \ud0a4\ub974\ud788\ucc28\uc77c\ub808\uc640 \ub9de\ub2ff\uc544 \uc788\uc2b5\ub2c8\ub2e4. \ud0a4\ub974\ud788\ucc28\uc77c\ub808\uc5d0\ub294 \ud504\ub780\uccb4\ud06c \uc131\uacfc \uc131 \uc138\ubc14\uc2a4\ucc2c \uad50\ud68c\uac00 \ub098\ubb34 \uadf8\ub298 \uc544\ub798 \ubcf5\uc6d0\ub41c \ud0c0\uc6b4\ud558\uc6b0\uc2a4\ub4e4 \uc0ac\uc774\uc5d0 \uc790\ub9ac \uc7a1\uace0 \uc788\uc2b5\ub2c8\ub2e4. \uc591\ud30c \ubaa8\uc591\uc758 \ub3d4\uc774 \uc788\ub294 \uc2dc\ub9bd \uad50\uad6c \uad50\ud68c\uac00 \uc6b0\ub69d \uc19f\uc740 \ud638\ud504\ubca0\ub974\ud06c \uc0b0\ub4f1\uc131\uc774\ub294 \uad11\uc7a5\uc758 \ubd81\ucabd \uacbd\uacc4\ub97c \uc774\ub8f9\ub2c8\ub2e4. \ub0a8\ucabd\uc73c\ub85c\ub294 \ud615\uc2dd\uc801\uc778 \uad6c\ud68d \uc5c6\uc774 \uc870\uc131\ub41c \uc2a4\ud30c \uc815\uc6d0\uc774 \uc794\ub514\ubc2d, \ubb34\uc5b4 \uac00\ub4e0, \uadf8\ub9ac\uace0 \uace0\uc694\ud55c \uc77c\ub77c\ud750\ubc14\uc774\ud5c8 \uc5f0\ubabb \uc8fc\ubcc0\uc758 \ud5a5\uae30\uc640 \ucd09\uac01\uc744 \ub290\ub084 \uc218 \uc788\ub294 \uc815\uc6d0\uacfc \uc5b4\uc6b0\ub7ec\uc838 \uc788\uc2b5\ub2c8\ub2e4. \uc774\uacf3\uc5d0\ub294 \uc5ec\ub7ec \uc138\ub300\uac00 \ud568\uaed8 \uc774\uc6a9\ud560 \uc218 \uc788\ub294 \ud53c\ud2b8\ub2c8\uc2a4 \uc13c\ud130, \ud14c\ub2c8\uc2a4 \ucf54\ud2b8, \uadf8\ub9ac\uace0 \ubbf8\ub2c8 \uace8\ud504\uc7a5\uc774 \uc788\uc5b4 \uc5ec\ub984 \ucd95\uc81c, \ucf58\uc11c\ud2b8, \uadf8\ub9ac\uace0 \uc9c0\uc5ed \uc0ac\ud68c\uc640 \uc9c0\uc5ed \uc0ac\ud68c\ub97c \uc5f0\uacb0\ud558\ub294 \ubb38\ud654 \ud589\uc0ac\uac00 \uc5f4\ub9bd\ub2c8\ub2e4.<\/p>\n<p>1931\ub144\ubd80\ud130 \uc5ed\uc0ac\ud559\ud68c\uac00 \ud050\ub808\uc774\ud305\ud574 \uc628 \uc9c0\uc5ed \uc5ed\uc0ac \ubc15\ubb3c\uad00\uc740 \ub9c8\uc744\uc758 \uc774\uc57c\uae30\ub97c \uac04\uc9c1\ud558\uace0 \uc788\uc2b5\ub2c8\ub2e4. \uc18c\ubc15\ud55c \uac00\uad6c, \uc2dc\ub300\ubcc4 \uc218\uacf5\uc608\ud488, \uadf8\ub9ac\uace0 \uc815\uad50\ud558\uac8c \uc7ac\ud604\ub41c \ud1b5\uc870\ub9bc \uc81c\uc870 \ubc0f \uc591\ucca0 \uc81c\uc870 \uc791\uc5c5\uc7a5\uc740 \uc0b0\uc5c5\ud654 \uc774\uc804 \uc2dc\ub300\uc758 \uc0b6\uc744 \ub5a0\uc62c\ub9ac\uac8c \ud558\uba70, \ub974\ub124\uc0c1\uc2a4\ud48d\uc758 \ud328\ub110\uacfc \uaca9\uc790 \ucc9c\uc7a5\uc774 \ud2b9\uc9d5\uc778 \ub9c8\ub974\ubc14\ud5c8 \uc288\ud22c\ubca0\ub294 \ubc29\ubb38\uac1d\ub4e4\uc744 \uadfc\ub300 \ucd08\uae30 \uc0b4\ub871\uc73c\ub85c \uc548\ub0b4\ud569\ub2c8\ub2e4. \ud2b9\ud788 1873\ub144\ubd80\ud130 \ubca0\ub974\ube14\ub9c1\uacfc \ubc14\ud2b8 \uc544\uc774\ube14\ub9c1\uc5d0 \uc0b4\uc558\ub358 \uc0ac\uc2e4\uc8fc\uc758 \ud654\uac00 \ube4c\ud5ec\ub984 \ub77c\uc774\ube14\uc758 \uc791\uc5c5\uc2e4\uc740 \ucfb0\ub978 \uc2dc\uc7a5 \ucf58\ub77c\ud2b8 \uc544\ub370\ub098\uc6cc\uc5d0 \uc758\ud574 \ub9c8\uc744\ub85c \ubc18\ud658\ub418\uc5c8\uc73c\uba70, \uc608\uc220\uc801 \uc720\uc0b0\uacfc \uacf5\ub3d9\uccb4\uc758 \uc790\ubd80\uc2ec\uc744 \ubaa8\ub450 \ubc18\uc601\ud558\ub294 \uacf5\uac04\uc785\ub2c8\ub2e4.<\/p>\n<p>\ubc14\ud2b8 \uc544\uc774\ube14\ub9c1 \uacf3\uacf3\uc5d0\ub294 \uacfc\uac70\uc758 \ud754\uc801\uc774 \uacf3\uacf3\uc5d0 \ub0a8\uc544 \uc788\uc2b5\ub2c8\ub2e4. 2007\ub144 \ud654\uc7ac\ub85c \uc18c\uc2e4\ub418\uc5b4 2011\ub144\uc5d0 \ucca0\uac70\ub41c \ub8e8\ud2b8\ube44\ud788\uc2a4\ubc14\ud2b8 \uc2a4\ud30c \ud638\ud154 \ud3d0\ud5c8, \uba54\uac90\ub3c4\ub974\ud37c\uc288\ud2b8\ub77c\uc138\uc758 \uc544\ub974\ub204\ubcf4 \uc591\uc2dd \uac74\ucd95\ubb3c, \uadf8\ub9ac\uc2a4\uc758 \uc624\ud1a0 1\uc138\uc5d0\uac8c \uc791\ubcc4\uc744 \uace0\ud55c \ud14c\ub808\uc9c0\uc544 \uc5ec\uc655\uc758 \uc5b4\uba38\ub2c8\ub97c \uae30\ub9ac\ub294 \ud14c\ub808\uc9c0\uc544 \uae30\ub150\ube44, \ub9c8\ub9ac\uc5d4\ud50c\ub77c\uce20\uc5d0 \uc788\ub294 \ud504\ub780\uce20\ud558\uc6b0\uc820 \uc131, \uadf8\ub9ac\uace0 \uc2dc\uace8 \ub9c8\uc744 \ub9c9\uc2a4\ub77c\uc774\ub108 \ud638\ud504 \ub4f1\uc774 \uadf8 \uc608\uc785\ub2c8\ub2e4. \ud48d\ud654\ub418\uc5c8\uac70\ub098 \ubcf5\uc6d0\ub41c \uac01\uac01\uc758 \uac74\ucd95\ubb3c\uc740 \uc911\uc138 \uc2dc\ub300\uc758 \uc11d\uc870\uc640 \ud604\ub300 \uc720\ub9ac\uac00 \uacf5\uc874\ud558\ub294 \ub2e4\uce35\uc801\uc778 \ub3c4\uc2dc \uacbd\uad00\uc744 \ub9cc\ub4e4\uc5b4\ub0c5\ub2c8\ub2e4.<\/p>\n<p>\ucf08\ud2b8\uc871\uc758 \uac1c\uac04\uc9c0\uc5d0\uc11c \ub85c\ub9c8\uc758 \uc804\ucd08\uae30\uc9c0\ub85c, \uc911\uc138 \ud589\uc815 \uc911\uc2ec\uc9c0\uc5d0\uc11c \ud604\ub300\uc758 \uc628\ucc9c \ub9c8\uc744\ub85c \ubcc0\ubaa8\ud558\ub294 \ub3d9\uc548, \ubc14\ud2b8 \uc544\uc774\ube14\ub9c1\uc740 \ubcfc\uac70\ub9ac\ubcf4\ub2e4\ub294 \uad00\ucc30\uc5d0 \ubfcc\ub9ac\ub97c \ub454 \ud0d0\ud5d8\uc758 \uc758\ubbf8\ub97c \uac04\uc9c1\ud574 \uc654\uc2b5\ub2c8\ub2e4. \uc774\ud0c4\uc774 \uac00\ub4dd\ud55c \ubb3c\uacfc \uad11\ucc9c\uc218\ub294 \ubab8\uacfc \ub9c8\uc74c\uc5d0 \uc2e4\uc9c8\uc801\uc778 \uc548\ub3c4\uac10\uc744 \uc120\uc0ac\ud558\uace0, \uac74\ucd95\ubb3c\uacfc \uacf5\uacf5\uc7a5\uc18c\ub294 \uc870\uc6a9\ud788 \uc131\ucc30\ud560 \uc218 \uc788\ub294 \uc2dc\uac04\uc744 \uc120\uc0ac\ud558\uba70, \ucd95\uc81c\uc640 \uc2a4\ud3ec\uce20 \ud589\uc0ac\ub294 \uc678\ubd80\uc758 \uacfc\ub300\uad11\uace0\uac00 \uc544\ub2cc \uc9c0\uc5ed \uc8fc\ubbfc\ub4e4\uc758 \uc790\ubc1c\uc801\uc778 \ucc38\uc5ec\ub85c \uc774\ub8e8\uc5b4\uc9d1\ub2c8\ub2e4. \ubaa8\ub4e0 \ub3d9\ub124\uc640 \uc0b0\ucc45\ub85c\uc5d0\ub294 \uc720\uc0b0\uacfc \ubbf8\ub798 \uc804\ub9dd\uc5d0 \ubaa8\ub450 \ubc1c\ub9de\ucd98 \uc774\uacf3\uc758 \uafb8\uc900\ud55c \ud15c\ud3ec\uac00 \ud750\ub985\ub2c8\ub2e4. \ubc14\ud2b8 \uc544\uc774\ube14\ub9c1\uc740 \ub2e8\uc21c\ud788 \uc544\ub984\ub2e4\uc6c0\uc744 \uc678\uce58\uc9c0 \uc54a\uc2b5\ub2c8\ub2e4. \uc5ed\uc0ac, \uc790\uc5f0, \uadf8\ub9ac\uace0 \uacf5\ub3d9\uccb4\uc758 \ub178\ub825\uc774 \uc758\ub3c4\uc801\uc73c\ub85c \ud3bc\uccd0\uc9d0\uc73c\ub85c\uc368 \uadf8 \uc544\ub984\ub2e4\uc6c0\uc744 \ub4dc\ub7ec\ub0b4\uba70, \ubc29\ubb38\uac1d\ub4e4\uc5d0\uac8c \ud765\ubd84\uc744 \ucad3\ub294 \uac83\uc774 \uc544\ub2c8\ub77c \ubc14\uc774\uc5d0\ub978\uc758 \uc774 \uc9c0\uc5ed\uc744 \ud2b9\uc9d5\uc9d3\ub294 \ub300\uc9c0, \ubb38\ud654, \uadf8\ub9ac\uace0 \uc6f0\ube59\uc758 \ubbf8\ubb18\ud55c \uc0c1\ud638\uc791\uc6a9\uc744 \ubaa9\uaca9\ud558\ub3c4\ub85d \ucd08\ub300\ud569\ub2c8\ub2e4.<\/p>","protected":false},"excerpt":{"rendered":"<p>\ub3c5\uc77c \ubc14\uc774\uc5d0\ub978\uc8fc\uc5d0 \uc704\uce58\ud55c \ub9e4\ub825\uc801\uc778 \uc628\ucc9c \ub9c8\uc744, \ubc14\ud2b8 \uc544\uc774\ube14\ub9c1\uc740 \uc57d 18,000\uba85\uc758 \uc8fc\ubbfc\uc774 \uc0b4\uace0 \uc788\uc2b5\ub2c8\ub2e4. \ubb8c\ud5e8\uc5d0\uc11c \ub0a8\ub3d9\ucabd\uc73c\ub85c 56km \ub5a8\uc5b4\uc9c4 \uc774 \uc544\ub984\ub2e4\uc6b4 \uc9c0\uc5ed\uc740 \ud574\ubc1c 498m\uc758 \uace0\ub3c4\uc5d0 \uc790\ub9ac \uc7a1\uace0 \uc788\uc73c\uba70, 41.55km\u00b2\uc5d0 \ub2ec\ud558\ub294 \uba74\uc801\uc744 \uc790\ub791\ud569\ub2c8\ub2e4. \ub9dd\ud314 \uac15\uc744 \ub530\ub77c \uc704\uce58\ud55c \uc774 \ub9c8\uc744\uc758 \uc720\ub9ac\ud55c \uc785\uc9c0\ub294 \uac74\uac15\uacfc \uc6f0\ube59\uc744 \ucd94\uad6c\ud558\ub294 \uc0ac\ub78c\ub4e4\uc5d0\uac8c \ub9e4\ub825\uc801\uc778 \uc5ec\ud589\uc9c0\ub85c \ub354\uc6b1 \ub9e4\ub825\uc801\uc785\ub2c8\ub2e4.<\/p>","protected":false},"author":1,"featured_media":17527,"parent":13736,"menu_order":0,"comment_status":"closed","ping_status":"closed","template":"elementor_theme","meta":{"_eb_attr":"","footnotes":""},"class_list":["post-16545","page","type-page","status-publish","has-post-thumbnail"],"_links":{"self":[{"href":"https:\/\/travelshelper.com\/ko\/wp-json\/wp\/v2\/pages\/16545","targetHints":{"allow":["GET"]}}],"collection":[{"href":"https:\/\/travelshelper.com\/ko\/wp-json\/wp\/v2\/pages"}],"about":[{"href":"https:\/\/travelshelper.com\/ko\/wp-json\/wp\/v2\/types\/page"}],"author":[{"embeddable":true,"href":"https:\/\/travelshelper.com\/ko\/wp-json\/wp\/v2\/users\/1"}],"replies":[{"embeddable":true,"href":"https:\/\/travelshelper.com\/ko\/wp-json\/wp\/v2\/comments?post=16545"}],"version-history":[{"count":0,"href":"https:\/\/travelshelper.com\/ko\/wp-json\/wp\/v2\/pages\/16545\/revisions"}],"up":[{"embeddable":true,"href":"https:\/\/travelshelper.com\/ko\/wp-json\/wp\/v2\/pages\/13736"}],"wp:featuredmedia":[{"embeddable":true,"href":"https:\/\/travelshelper.com\/ko\/wp-json\/wp\/v2\/media\/17527"}],"wp:attachment":[{"href":"https:\/\/travelshelper.com\/ko\/wp-json\/wp\/v2\/media?parent=16545"}],"curies":[{"name":"wp","href":"https:\/\/api.w.org\/{rel}","templated":true}]}}