{"id":16242,"date":"2024-09-22T19:00:46","date_gmt":"2024-09-22T19:00:46","guid":{"rendered":"https:\/\/travelshelper.com\/staging\/?page_id=16242"},"modified":"2026-03-11T23:15:39","modified_gmt":"2026-03-11T23:15:39","slug":"%ed%8f%ac%eb%8d%b0%eb%b8%8c%eb%9d%bc%eb%94%94","status":"publish","type":"page","link":"https:\/\/travelshelper.com\/ko\/destinations\/europe\/czech-republic\/podebrady\/","title":{"rendered":"\ud3ec\ub370\ube0c\ub77c\ub514"},"content":{"rendered":"<p>\ud3ec\ub370\ube0c\ub77c\ub514\ub294 \uc5d8\ubca0 \uac15\uc758 \uc644\ub9cc\ud55c \uace1\uc120\uc744 \ub530\ub77c \uc790\ub9ac \uc7a1\uace0 \uc788\uc73c\uba70, \ud504\ub77c\ud558\uc5d0\uc11c D11 \uace0\uc18d\ub3c4\ub85c\ub97c \ub530\ub77c \ub3d9\ucabd\uc73c\ub85c 40\uc5ec \ud0ac\ub85c\ubbf8\ud130 \ub5a8\uc5b4\uc9c4 \uacf3\uc5d0 \uc704\uce58\ud55c \uc544\ub2f4\ud55c \uc628\ucc9c \uc9c0\uad6c\uc774\uc790 \uc720\uc11c \uae4a\uc740 \uc911\uc2ec\uc9c0\uc785\ub2c8\ub2e4. \uc57d 33.7\u33a2\uc5d0 \ub2ec\ud558\ub294 \uc774 \ub3c4\uc2dc\uc758 \uc9c0\uc801 \uba74\uc801\uc740 \ub113\uc740 \ud3f4\ub77c\ube44\uc544 \uc800\uc9c0\ub300\uc5d0 \uc790\ub9ac \uc7a1\uace0 \uc788\uc73c\uba70, \uace0\ub3c4\ub294 \ud574\ubc1c 184~190m \uc0ac\uc774\uc5d0\uc11c \uac70\uc758 \ubcc0\ub3d9\uc774 \uc5c6\uc2b5\ub2c8\ub2e4. \uc9d1\uc57d\uc801\uc778 \ub18d\uacbd\uc9c0\uc774\uba74\uc11c\ub3c4 \ubc94\ub78c\uc6d0 \uc232\uc758 \uc77c\ubd80\uac00 \uac04\uac04\uc774 \ub098\ud0c0\ub098\ub294 \uc774 \ud3c9\uc57c\ub294 \uad6c\uc11d\uae30 \uc2dc\ub300 \uc0ac\ub0e5\uafbc\ub4e4\uc774 \uad6c\ubd88\uad6c\ubd88\ud55c \uac15\ub451\uc744 \ub530\ub77c \uc0ac\ub0e5\uac10\uc744 \ucd94\uc801\ud558\ub358 \uc2dc\uc808\ubd80\ud130 \uc778\ub958\uc758 \uc815\ucc29\uc9c0\ub97c \ud615\uc131\ud574 \uc654\uc2b5\ub2c8\ub2e4.<\/p>\n<p>\uba3c \uc61b\ub0a0\ubd80\ud130 \uc624\ub298\ub0a0\uae4c\uc9c0 \ud3ec\ub370\ube0c\ub77c\ub514\uc758 \uc6b4\uba85\uc740 \uc218\ub85c\uc640 \ubc00\uc811\ud558\uac8c \uc5f0\uad00\ub418\uc5b4 \uc654\uc2b5\ub2c8\ub2e4. 1262\ub144, \ud504\ub974\uc81c\ubbf8\uc2ac \uc624\ud0c0\uce74\ub974 2\uc138\ub294 \uc774\uacf3\uc758 \uc804\ub7b5\uc801 \uac00\uce58\uc640 \ubbf8\uc801 \uac00\uce58\ub97c \ubaa8\ub450 \uc778\uc9c0\ud588\uc2b5\ub2c8\ub2e4. \uadf8\ub294 \uac15\ubcc0\uc5d0 \uc815\ucc29\uc9c0\ub97c \uc138\uc6b0\uace0, \uc18c\ubc15\ud55c \uc694\uc0c8 \uc800\ud0dd\uc774 \uc788\ub358 \uc790\ub9ac\uc5d0 \uc11d\uc870 \uc218\uc0c1 \uc131 \uac74\uc124\uc744 \uba85\ub839\ud588\uc2b5\ub2c8\ub2e4. \uc774\ud6c4 \uc218\uc138\uae30\uc5d0 \uac78\uccd0 \uc6d0\ub798\uc758 \uc694\uc0c8\ub294 \uc6b0\uc544\ud55c \ud3ec\ub370\ube0c\ub77c\ub514 \uc131\uc73c\ub85c \uc7ac\uac74\ucd95\ub418\uc5c8\uace0, \uacac\uace0\ud55c \uc11d\uc870 \uac74\ubb3c\uacfc \uc6b0\uc544\ud55c \uc548\ub730\uc740 \ub3c4\uc2dc\uc758 \uc815\uccb4\uc131\uc744 \ud615\uc131\ud558\ub294 \ud575\uc2ec\uc774 \ub418\uc5c8\uc2b5\ub2c8\ub2e4.<\/p>\n<p>\ucfe4\uc288\ud0c0\ud2b8 \uac00\ubb38\uc740 \ud6c4\uc5d0 \ucfe4\uc288\ud0c0\ud2b8\u2011\ud3ec\ub370\ube0c\ub77c\ub4dc\uc288\ud2f0(Kun\u0161t\u00e1t\u2011Pod\u011bbrad\u0161t\u00ed)\ub85c \uac1c\uce6d\ub418\uc5c8\uc73c\uba70, \uc774\uacf3\uc5d0\ub294 \uc624\ub79c \uc720\uc0b0\uc774 \ub0a8\uc544 \uc788\uc2b5\ub2c8\ub2e4. \ud2b9\ud788 \ud3ec\ub370\ube0c\ub77c\ub514\uc758 \uac8c\uc624\ub974\ud06c\ub97c \ube44\ub86f\ud55c \uadf8\ub4e4\uc758 \uad00\ub9ac \uc544\ub798, \uc774 \uc601\uc9c0\ub294 \ubc88\uc601\ud588\uc2b5\ub2c8\ub2e4. 1472\ub144, \uac8c\uc624\ub974\ud06c\uc758 \uc544\ub4e4\ub4e4\uc740 \uc774 \uc815\ucc29\uc9c0\ub97c \uc2dc(\u5e02)\ub85c \uacf5\uc2dd\ud654\ud558\uc5ec \ub3c4\uc2dc\ub85c\uc11c\uc758 \ud2b9\uad8c\uacfc \ucc45\uc784\uc744 \ubd80\uc5ec\ud588\uc2b5\ub2c8\ub2e4. \uac8c\uc624\ub974\ud06c\uac00 \ubcf4\ud5e4\ubbf8\uc544\uc758 \uc655\uc73c\ub85c \uc989\uc704\ud55c \ud6c4, \ud3ec\ub370\ube0c\ub77c\ub514\ub294 \uba85\uc131\uacfc \uc655\uc2e4\uc758 \ud6c4\uc6d0\uc744 \ud655\ubcf4\ud558\uc5ec \uc911\uc138 \ud6c4\uae30\uae4c\uc9c0 \ubc88\uc601\uc744 \uc774\uc5b4\uac14\uc2b5\ub2c8\ub2e4. 1495\ub144\uc5d0\ub294 \uc655\uc2e4\ub85c \uc774\uad00\ub418\uc5c8\uace0, 1839\ub144\uc5d0\ub294 \ube48\uc758 \uae08\uc735\uac00 \uac8c\uc624\ub974\ud06c \ud3f0 \uc9c0\ub098(Georg von Sina)\uc758 \uc0ac\uc720\uc9c0\ub85c \ub118\uc5b4\uac14\uc2b5\ub2c8\ub2e4.<\/p>\n<p>\ud558\uc9c0\ub9cc \ud3ec\ub370\ube0c\ub77c\ub514\uc758 \ubaa9\uc801\uc744 \ub3cc\uc774\ud0ac \uc218 \uc5c6\uac8c \ubc14\uafbc \uac83\uc740 1905\ub144\uc774\uc5c8\uc2b5\ub2c8\ub2e4. \uc131 \uc548\ub730\uc758 \uc57d 98\ubbf8\ud130 \uae4a\uc774\uc5d0\uc11c \uc19f\uc544\ub098\ub294 \uad11\ucc9c\uc218\ub294 \ud0c4\uc0b0\uacfc \ucca0\ubd84\uc774 \ud48d\ubd80\ud558\uc5ec \uce58\ub8cc \ud6a8\uacfc\uac00 \uc788\ub2e4\uace0 \uc804\ud574\uc84c\uc2b5\ub2c8\ub2e4. 1908\ub144\uc5d0\ub294 \ucd5c\ucd08\uc758 \uc2a4\ud30c \ud30c\ube4c\ub9ac\uc628\uc774 \uc138\uc6cc\uc84c\uace0, \uadf8 \ud6c4 \uc218\uc2ed \ub144 \ub3d9\uc548 \uc774 \ub3c4\uc2dc\ub294 \uc2ec\ud608\uad00 \uce58\ub8cc\uc758 \uc911\uc2ec\uc9c0\ub85c \uc131\uc7a5\ud588\uc2b5\ub2c8\ub2e4. 1930\ub144\ub300 \ubcf4\uc774\ud14c\ud750 \ucf00\ub974\ud558\ub974\ud2b8\uc758 \uc124\uacc4\ub85c \uc870\uc131\ub41c \uc18c\ub098\ubb34 \uadf8\ub298\uc9c4 \uacf5\uc6d0\uc740 \uae30\ucc28\uc5ed\uae4c\uc9c0 \ud655\uc7a5\ub418\uc5c8\uace0, \uae30\ucc28\uc5ed\uc740 1932\ub144 \ubcf4\ud5e4\ubbf8\uc544 \ucd5c\ucd08\uc758 \uae30\ub2a5\uc8fc\uc758\uc801 \uc885\ucc29\uc5ed\uc73c\ub85c \uc790\ub9ac \uc7a1\uc558\uc2b5\ub2c8\ub2e4.<\/p>\n<p>\uc624\ub298\ub0a0 \uc2a4\ud30c \uacf5\uc6d0\uc740 \uc2dc\ubbfc \uc0dd\ud65c\uc758 \uc911\uc2ec\uc9c0\ub85c \ub0a8\uc544 \uc788\uc73c\uba70, \uc8fc\ucca0 \uae30\ub465\uc774 \ubbf8\ub124\ub784 \uc6cc\ud130 \ubd84\uc218\ub97c \uac10\uc2f8\uace0 \uc788\uace0, \uc720\uba85\ud55c \uaf43\uc2dc\uacc4\uac00 \uc2dc\uac04\uc744 \uc54c\ub824\uc8fc\ub294 \uae30\ubc1c\ud55c \uccad\ub3d9 \ub09c\uc7c1\uc774 \uc870\uac01\uc0c1 \uc606\uc5d0 \uc790\ub9ac \uc7a1\uc740 \uad11\ud65c\ud55c \uacf5\uac04\uc785\ub2c8\ub2e4. \uacf5\uc6d0 \uc8fc\ubcc0\uc5d0\ub294 \uc694\uc81c\ud504 \ud310\ud0c0\uac00 \uc124\uacc4\ud55c \ube4c\ub77c\uc640 \uac8c\uc2a4\ud2b8\ud558\uc6b0\uc2a4, \ub9ac\ubca4\uc2a4\ud0a4 \uc2a4\ud30c \ud558\uc6b0\uc2a4\uc640 \uac19\uc740 \ud3b8\uc758\uc2dc\uc124, \uadf8\ub9ac\uace0 \uc13c\ud2b8\ub7f4 \uc2a4\ud30c\uc640 \uc11c\uba38 \uc2a4\ud30c \uac74\ubb3c\ub4e4\uc774 \uc19f\uc544 \uc788\uc2b5\ub2c8\ub2e4. \uc13c\ud2b8\ub7f4 \uc2a4\ud30c\uc640 \uc11c\uba38 \uc2a4\ud30c\uc758 \uae54\ub054\ud55c \ub77c\uc778\uc740 \uc804\uac04\uae30 \uc2dc\ub300\uc758 \ud604\ub300\uc131\uc744 \uc798 \ubcf4\uc5ec\uc90d\ub2c8\ub2e4.<\/p>\n<p>1992\ub144\ubd80\ud130 \ub3c4\uc2dc \ubcf4\uc874 \uad6c\uc5ed\uc73c\ub85c \uc9c0\uc815\ub41c \ud3ec\ub370\ube0c\ub77c\ub514 \uc5ed\uc0ac \uc9c0\uad6c\ub294 \uc911\uc138\uc640 \uadfc\ub300 \ucd08\uae30 \ubc1c\uc804\uc758 \ud2b9\uc9d5\uc744 \uadf8\ub300\ub85c \ubcf4\uc874\ud558\uace0 \uc788\uc2b5\ub2c8\ub2e4. \uc9c0\ub9ac \uad11\uc7a5\uc5d0\ub294 \uc131\uc758 \uc815\ubb38\uacfc \ubcf4\ud6c4\uc2ac\ub77c\ud504 \uc288\ub2c8\ub974\ud788\uac00 \uc81c\uc791\ud55c 19\uc138\uae30 \uc870\uc9c0 \uc655 \uae30\ub150\ube44\uac00 \uc5ec\uc804\ud788 \ub0a8\uc544 \uc788\ub294\ub370, \uc774\ub294 \uccb4\ucf54 \uae30\ub150\ube44\uc801 \uc870\uac01\uc758 \uc815\uc218 \uc911 \ud558\ub098\uc785\ub2c8\ub2e4. 1765\ub144\uc5d0 \uc138\uc6cc\uc9c4 \ub9c8\ub9ac\uc544 \uae30\ub465\uc740 1714\ub144 \uc804\uc5fc\ubcd1 \ucc3d\uad90\uc744 \ub0c9\uc815\ud558\uac8c \uc99d\uc5b8\ud558\ub294 \ub4ef \uc11c \uc788\uc2b5\ub2c8\ub2e4. \uad11\uc7a5 \uc591\ud3b8\uc5d0\ub294 \ub974\ub124\uc0c1\uc2a4 \uc591\uc2dd\uc758 \uad6c\uc2dc\uccad\uc0ac(\ud604\uc7ac\ub294 \uc2dc\ub9bd \ub3c4\uc11c\uad00), 1906\ub144\uc5d0 \uc9c0\uc5b4\uc9c4 \ub124\uc624 \ub974\ub124\uc0c1\uc2a4 \uc591\uc2dd\uc758 \uc2dc\uccad\uc0ac, \uadf8\ub9ac\uace0 1899\ub144\uc5d0 \uc9c0\uc5b4\uc9c4 \uc2dc\ub9bd \uc800\ucd95\uc740\ud589 \uac74\ubb3c \ub4f1 \ub3c4\uc2dc\uc758 \ub79c\ub4dc\ub9c8\ud06c\ub4e4\uc774 \uc788\uc2b5\ub2c8\ub2e4. \uc6b0\uc544\ud55c \uc678\uad00\uc740 \uc624\uc2a4\ud2b8\ub9ac\uc544-\ud5dd\uac00\ub9ac \uc81c\uad6d\uc758 19\uc138\uae30 \ub9d0 \uc790\uc2e0\uac10\uc744 \ub5a0\uc62c\ub9ac\uac8c \ud569\ub2c8\ub2e4.<\/p>\n<p>\uc774\ub7ec\ud55c \ud575\uc2ec \uc720\uc801\uc9c0 \ub108\uba38\ub85c, \uc774 \ub3c4\uc2dc\ub294 \uc5f0\uc774\uc740 \uc131\uc7a5 \ub2e8\uacc4\ub97c \ubcf4\uc5ec\uc90d\ub2c8\ub2e4. \ubca8\ub9ac\ub4e4\ub77c(B\u011blidla) \uc9c0\uad6c\ub294 18\uc138\uae30 \uc911\ubc18 \uc131\uc2ed\uc790\uac00 \uc2b9\ucc9c \uad50\ud68c(Church of the Exaltation of the Holy Cross) \ub3d9\ucabd\uc5d0\uc11c \ud615\uc131\ub418\uc5c8\uace0, \ud750\ub77c\uc988(Hr\u00e1z) \uad50\uc678\ub294 \uc61b \uad50\uc678 \uc5f0\ubabb\uc758 \ubb3c\uc774 \ube60\uc9c4 \ubc14\ub2e5\uc5d0\uc11c \ud615\uc131\ub418\uc5c8\uc2b5\ub2c8\ub2e4. 1870\ub144 \ucca0\ub3c4\uac00 \uac1c\ud1b5\ub418\uace0 \ubcf5\uc120\ud654 \ubc0f \uc804\ucca0\ud654\uac00 \uc9c4\ud589\ub418\uba74\uc11c, \ud604\uc7ac\ub294 \uc9c0\uc988\ucf54\ud504(\u017di\u017ekov)\ub85c \uc54c\ub824\uc9c4 \ud504\ub780\ud2f0\uc170\ud06c \uc580\ub2e4(Franti\u0161ek Janda)\uac00 \uc124\uacc4\ud55c \ud604\ub300\uc801\uc778 \uc804\uc6d0 \ub3c4\uc2dc\ub85c \ud655\uc7a5\ub418\uc5c8\uc2b5\ub2c8\ub2e4. \ucf00\ub974\ud558\ub974\ud2b8(Kerhart)\uac00 \uc124\uacc4\ud55c \ub18d\uc5c5\ud559\uad50\uc640 \uc6b0\uccb4\uad6d \uac74\ubb3c\ubd80\ud130 \uc694\uc81c\ud504 \uc138\uba54\ub77c\ub4dc(Josef Semer\u00e1d)\uac00 \uc124\uacc4\ud55c \uccb4\ucf54\uc2ac\ub85c\ubc14\ud0a4\uc544 \ud6c4\uc2a4\ud30c \uad50\ud68c\uae4c\uc9c0, \uc2e0\uae30\ub2a5\uc8fc\uc758 \ub610\ud55c \uadf8 \ud754\uc801\uc744 \ub0a8\uacbc\uc2b5\ub2c8\ub2e4.<\/p>\n<p>\ub113\uc740 \uc8fc\ubcc0 \uc9c0\uc5ed\uc5d0\ub294 \uc790\uc5f0\uc774 \ud48d\ubd80\ud569\ub2c8\ub2e4. \uc5d8\ubca0 \uac15\uc758 \ub9c9\ub2e4\ub978 \uc9c0\ub958\uc778 \uc2a4\ucfe0\ud53c\uccb4(Skupice)\ub294 \uac15\uc774 \uaddc\uc81c\ub418\uae30 \uc804\uc758 \uc61b \ud750\ub984\uc744 \ub5a0\uc62c\ub9ac\uac8c \ud569\ub2c8\ub2e4. \uce58\ub4e4\ub9ac\ub098 \uac15 \ub3d9\ucabd\uc5d0\ub294 \ub9ac\ube44\uce20\ud0a4 \ub8e8\ud750(Libick\u00fd luh) \uad6d\ub9bd \uc790\uc5f0\ubcf4\ud638\uad6c\uc5ed\uc774 \uc788\ub294\ub370, \ud55c\ub54c \uc800\uc9c0\ub300\ub97c \ub4a4\ub36e\uc5c8\ub358 \uad11\ud65c\ud55c \ubc94\ub78c\uc6d0 \uc232\uc758 \uc77c\ubd80\uac00 \ud604\uc7ac\uae4c\uc9c0 \ub0a8\uc544 \uc788\uc2b5\ub2c8\ub2e4. \uc778\uadfc\uc5d0\ub294 \uc81c\ud6c8\uc2a4\uce74 \uc624\ubcf4\ub77c(\u017dehu\u0148sk\u00e1 obora), \ud53c\uc138\uce58\ub2c8 \ud504\ub808\uc2ed(P\u00edse\u010dn\u00fd presyp)\uc758 \ubaa8\ub798\ud1b1, \uc232\uc774 \uc6b0\uac70\uc9c4 \ubc18(B\u00e1\u0148), \uadf8\ub9ac\uace0 \ud3ec\ub3c4\uc6d0 \uc5b8\ub355 \ube44\ub2c8 \ube0c\ub974\ud750(Vinn\u00fd vrch)\uac00 \uc788\uc2b5\ub2c8\ub2e4. \uc5f0\ud3c9\uade0 \uae30\uc628\uc774 \uc57d 9\u00b0C\uc5d0 \ub2ec\ud558\ub294 \ube44\uad50\uc801 \ub530\ub73b\ud55c \uae30\ud6c4 \ub355\ubd84\uc5d0 \uc774\ub978 \ubd04\uacfc \ub2a6\uac00\uc744\uc774 \uc774\uc5b4\uc9d1\ub2c8\ub2e4. \ub208\uc740 \uba70\uce60 \uc774\uc0c1 \uba38\ubb34\ub974\ub294 \uacbd\uc6b0\uac00 \ub4dc\ubb3c\uace0, \uaca8\uc6b8\uc758 \uc5ed\uc804 \ud604\uc0c1\uacfc \uc5bc\uc5b4\ubd99\uc740 \uc548\uac1c\ub294 \uac15\ubcc0 \ud48d\uacbd\uc5d0 \uc18c\ubc15\ud55c \ub9e4\ub825\uc744 \ub354\ud569\ub2c8\ub2e4.<\/p>\n<p>\uc778\uad6c \ud1b5\uacc4\ud559\uc801\uc73c\ub85c \ud3ec\ub370\ube0c\ub77c\ub514\ub294 \uc624\ub7ab\ub3d9\uc548 \uaddc\ubaa8\uac00 \uc791\uc558\uc2b5\ub2c8\ub2e4. \uc57d 1\ub9cc 5\ucc9c \uba85\uc758 \uc778\uad6c\ub294 \ud3ec\ub370\ube0c\ub77c\ub514 \ubcf8\ud1a0, \ud3f4\ub77c\ubca0\uce20, \ubca8\ucf00 \uc988\ubcf4\uc9c0, \ud074\ub8e9, \ud504\ub808\ub4dc\ub2c8 \ub85c\ud0c0\uc758 5\uac1c \uc9c0\uc801 \uad6c\uc5ed\uc5d0 \uac78\uccd0 3,369.7\ud5e5\ud0c0\ub974\uc5d0 \uac78\uccd0 \ubd84\ud3ec\ub418\uc5b4 \uc788\uc2b5\ub2c8\ub2e4. 2001\ub144 \uc778\uad6c \uc870\uc0ac\uc5d0 \ub530\ub974\uba74 \uc8fc\ubbfc\uc758 \uac70\uc758 3\ubd84\uc758 2\uac00 \uc885\uad50\uac00 \uc5c6\ub2e4\uace0 \ub2f5\ud588\uc73c\uba70, \uc885\uad50\uac00 \uc788\ub294 \uc8fc\ubbfc \uc911\uc5d0\uc11c\ub3c4 \ub85c\ub9c8 \uac00\ud1a8\ub9ad \uad50\ud68c\uac00 \uc5ec\uc804\ud788 \uc6b0\uc704\ub97c \uc810\ud558\uace0 \uc788\uc5c8\uc2b5\ub2c8\ub2e4. \ud55c\ub54c \uc18c\uaddc\ubaa8 \uc720\ub300\uc778 \uacf5\ub3d9\uccb4\uac00 \uc788\uc5c8\ub358 \ud3ec\ub370\ube0c\ub77c\ub514\ub294 \uc911\ubd80 \uc720\ub7fd\uc758 \ub2e4\ub978 \ub3c4\uc2dc\ub4e4\uacfc \ub9c8\ucc2c\uac00\uc9c0\ub85c \ud640\ub85c\ucf54\uc2a4\ud2b8\ub85c \uc778\ud574 \uadf8 \uc874\uc7ac\uac10\uc774 \uc0ac\ub77c\uc84c\uc2b5\ub2c8\ub2e4.<\/p>\n<p>\ud3ec\ub370\ube0c\ub77c\ub514\uc758 \ubb38\ud654\ub294 \uc544\ub291\ud55c \uc9c0\uc5ed \ubb34\ub300\ub97c \ubc30\uacbd\uc73c\ub85c \ud3bc\uccd0\uc9d1\ub2c8\ub2e4. \ub098 \ucf54\ubc14\ub974\ub124 \uadf9\uc7a5\uacfc \uc131 \uc601\ud654\uad00\uc740 \uc131 \uc548\ub730\uc5d0 \uc790\ub9ac \uc7a1\uace0 \uc788\uc73c\uba70, 19\uc138\uae30 \uc591\uc2dd\uc73c\ub85c \ubcf5\uc6d0\ub41c \uacf5\uac04\uc5d0\ub294 233\uba85\uc758 \uad00\uac1d\uc744 \uc218\uc6a9\ud560 \uc218 \uc788\uc2b5\ub2c8\ub2e4. \ud3f4\ub78d\uc2a4\ucf00 \ubc15\ubb3c\uad00\uc740 \uc288\ud14c\ub978\ubca0\ub974\ud06c\uc758 \ucfe4\ud6c4\ud0c0\uac00 \uc124\ub9bd\ud55c \uc911\uc138 \ubcd1\uc6d0 \uac74\ubb3c\uc5d0 \uc790\ub9ac \uc7a1\uace0 \uc788\uc2b5\ub2c8\ub2e4. \ubc14\ub85c\ud06c \uc591\uc2dd\uc758 \uc678\uad00\uc740 \ub0b4\ubd80 \uad6c\uc870\uc640\ub294 \ub300\uc870\uc801\uc785\ub2c8\ub2e4. \ud604\uc7ac \uc870\uc9c0 \uc655\uc758 \uc0dd\uac00\uc5d0\ub294 \uc288\ub2c8\ub974\ud788\uc758 \uae30\ub150\ube44\uac00 \uc804\uc2dc\ub418\uc5b4 \uc788\uace0, \uc608\ubc30\ub2f9\uc5d0\ub294 10\uc138\uae30 \ubaa9\uc870 \ubaa8\ub178\uc625\uc2e4 \ubcf4\ud2b8\uac00 \uc804\uc2dc\ub418\uc5b4 \uc788\uc2b5\ub2c8\ub2e4. \ub9ac\uc0ac \ub098\ud2b8 \ub77c\ubcb0, \ub85c\uc798\ub85c\ube44\uccb4, \uc0ac\ub4dc\uc2a4\uce74, \uba54\uc2a4\ud14c\uce20 \ud06c\ub784\ub85c\ubca0\uc5d0 \uc788\ub294 \uc704\uc131 \ubc15\ubb3c\uad00\uc740 \uc774 \uae30\uad00\uc758 \uc601\ud5a5\ub825\uc744 \uc9c0\uc5ed \uc804\uc5ed\uc73c\ub85c \ud655\ub300\ud558\uace0 \uc788\uc2b5\ub2c8\ub2e4.<\/p>\n<p>\ud3ec\ub370\ube0c\ub77c\ub514 \uc2dc\ub9bd \ub3c4\uc11c\uad00\uc740 1930\ub144\ubd80\ud130 \ub974\ub124\uc0c1\uc2a4 \uc591\uc2dd\uc73c\ub85c \uc9c0\uc5b4\uc9c4 \uc2dc\uccad\uc5d0 \uc790\ub9ac \uc7a1\uc740 \uc2dc\ubbfc \uc804\ud1b5\uc744 \uc774\uc5b4\uac00\uace0 \uc788\uc73c\uba70, \uc2a4\ud30c \uacf5\uc6d0 \uc678\uacfd\uc5d0 \uc704\uce58\ud55c \ub8e8\ub4dc\ube44\ud06c \ucfe0\ubc14 \uac24\ub7ec\ub9ac\ub294 \ud3f4\ub77c\ube44\uc544 \ud3c9\uc6d0\uc758 \ud48d\uacbd\uacfc \ub9ac\ub4ec\uc744 \ubc18\uc601\ud558\ub294 \uc791\ud488\ub4e4\uc744 \uc804\uc2dc\ud558\uace0 \uc788\uc2b5\ub2c8\ub2e4. \ub9e4\ub144 \uc5f4\ub9ac\ub294 \ucd95\uc81c\uac00 \ub2ec\ub825\uc744 \uc7a5\uc2dd\ud569\ub2c8\ub2e4. \uc870\uc9c0 \uc655\uc758 \uc5ed\uc0ac \ucd95\uc81c\ub294 \uc911\uc138 \uc2dc\ub300\uc758 \ud654\ub824\ud55c \ud589\uc0ac\ub97c \uc120\ubcf4\uc774\uace0, \ub2a6\uc5ec\ub984\uc5d0\ub294 \uc2dc\uc758 \ub0a0(Poetry Days) \ud589\uc0ac\uac00 \uc791\uac00\uc640 \ub3c5\uc790\ub4e4\uc744 \ubd88\ub7ec\ubaa8\uc73c\uace0, \uc720\ub7fd \ud50c\ub808\uc774\uc2a4 \ud06c\ubaa8\ucc28(Europe Plays Kmocha) \uae08\uad00\uc545\uae30 \uacbd\uc5f0 \ub300\ud68c\uc5d0\ub294 \uad6d\uc81c \uc559\uc0c1\ube14\uc774 \ucc38\uc5ec\ud569\ub2c8\ub2e4. FEMAD \uccad\uc18c\ub144 \uc5f0\uadf9\uc81c, \ub9c8\uc870\ub808\ud2b8 \ucc54\ud53c\uc5b8\uc2ed, \ubc14\ub974\ube44 \ub808\ud0c0(Barvy l\u00e9ta) \uc74c\uc545 \ud589\uc0ac\ub294 \ub9c8\uc744 \uad11\uc7a5\uacfc \uacf5\uc6d0\uc744 \ud65c\uae30\ucc28\uac8c \uc7a5\uc2dd\ud569\ub2c8\ub2e4. 10\uc6d4\uc5d0 \uc5f4\ub9ac\ub294 \ud504\ub9ac \ubcf4\ud5e4\ubbf8\uc544 \ub77c\ub514\uc624(Prix Bohemia Radio)\ub294 \ub77c\ub514\uc624 \ub4dc\ub77c\ub9c8 \uc608\uc220\uc744 \uae30\ub150\ud558\uba70, 2016\ub144\ubd80\ud130\ub294 \uc0ac\uc6b4\ub4dc\ud2b8\ub799 \ud3ec\ub370\ube0c\ub77c\ub514(Soundtrack Pod\u011bbrady) \ucd95\uc81c\uc5d0\uc11c \uc601\ud654 \uc74c\uc545\uacfc \uba40\ud2f0\ubbf8\ub514\uc5b4 \uacf5\uc5f0\uc744 \uc120\ubcf4\uc774\uace0 \uc788\uc2b5\ub2c8\ub2e4.<\/p>\n<p>\uad50\ud1b5\uc758 \uc911\uc2ec\uc9c0\ub294 \uace0\ub300\uc640 \ud604\ub300\uc758 \uae38\uc744 \ubaa8\ub450 \ud488\uace0 \uc788\uc2b5\ub2c8\ub2e4. \ud3ec\ub370\ube0c\ub77c\ub514\ub294 \ud504\ub77c\ud558\uc640 \uc2e4\ub808\uc2dc\uc544, \ud3f4\ub780\ub4dc\ub97c \uc5f0\uacb0\ud558\ub294 \ubb34\uc5ed\ub85c\uc778 \ud074\ub77c\uce20\uce74 \uac00\ub3c4\uc758 \uc5ec\uc6b8\ubaa9\uc5d0 \uc790\ub9ac \uc7a1\uace0 \uc788\uc5c8\uc2b5\ub2c8\ub2e4. 19\uc138\uae30 \ucd08, \uc81c\uad6d\uc758 \ub3c4\ub85c\ub4e4\uc774 \ud504\ub808\ub4dc\uba54\uc2a4\ud2b8\uc2a4\ud0a4 \ub9ac\ube0c\ub2c8\ud06c \ub310\uc744 \ud1b5\ud574 \ud750\ub77c\ub370\uce20\ud06c\ub784\ub85c\ubca0\uc640 \uc5f0\uacb0\ub418\uc5c8\uace0, \ucf5c\ub9b0, \ub2d8\ubd80\ub974\ud06c \ub4f1 \uadf8 \ub108\uba38\uae4c\uc9c0 \uc774\uc5b4\uc84c\uc2b5\ub2c8\ub2e4. \uc774 \ub3c4\ub85c\ub4e4\uc740 \uc624\ub298\ub0a0 \ub3c4\uc2dc\ub97c \uad00\ud1b5\ud558\ub294 D11 \uace0\uc18d\ub3c4\ub85c\uc640 I\/38, II\/611, I\/32, II\/329 \uac04\uc120\ub3c4\ub85c\uc758 \uc218\uc6d0\uc9c0\uc600\uc2b5\ub2c8\ub2e4. \ub3c4\uc2dc \uacbd\uacc4 \ub0b4\uc5d0\ub294 \uc5d8\ubca0 \uac15\uc744 \uac00\ub85c\uc9c0\ub974\ub294 \uc77c\uacf1 \uac1c\uc758 \ub2e4\ub9ac\uac00 \uc788\ub294\ub370, 1828\ub144\ubd80\ud130 1831\ub144\uae4c\uc9c0 \uac74\uc124\ub41c \uc11d\uc870 \uce68\uc218\uad50\uc640 2008\ub144\uc5d0 \uac74\uc124\ub41c \uc911\uc2ec\ubd80\uc758 \uac15\ucca0 \ub2e4\ub9ac, \uadf8\ub9ac\uace0 \ubca8\ucf00 \uc988\ubcf4\uc9c0\uc758 \uac00\uc2a4 \ud30c\uc774\ud504\ub77c\uc778 \ub2e4\ub9ac\uae4c\uc9c0 \uc788\uc2b5\ub2c8\ub2e4. \ubcf4\ud589\uc790\ub294 2002\ub144 \uc218\ub825 \ubc1c\uc804\uc18c\uc5d0 \uac74\uc124\ub41c 122m \uae38\uc774\uc758 \uc721\uad50\ub97c \uac74\ub108\uace0 \uc788\uc2b5\ub2c8\ub2e4. \uc774 \uc721\uad50\ub294 \uc548\ud1a0\ub2cc \uc5e5\uac94\uc774 \ub514\uc790\uc778\ud55c \ub610 \ub2e4\ub978 \uc791\ud488\uc73c\ub85c, \ud604\uc7ac\ub294 \uad6d\uac00 \ubb38\ud654 \uae30\ub150\ubb3c\ub85c \ubcf4\ud638\ubc1b\uace0 \uc788\uc2b5\ub2c8\ub2e4.<\/p>\n<p>1870\ub144\ubd80\ud130 \ucca0\ub3c4\ub9dd\uc774 \ud3ec\ub370\ube0c\ub77c\ub514\uc758 \uc5f0\uacb0 \uace0\ub9ac\ub97c \uc9c0\ud0f1\ud574 \uc654\uc2b5\ub2c8\ub2e4. \uc624\uc2a4\ud2b8\ub9ac\uc544 \ubd81\uc11c\ubd80 \ucca0\ub3c4\uc758 \ubcf5\uc120 \uc804\ucca0 231\ubc88 \ub178\uc120\uc740 \ud504\ub77c\ud558, \ucf5c\ub9b0, \ud750\ub77c\ub370\uce20\ud06c\ub784\ub85c\ubca0 \ub4f1\uc9c0\ub85c \uac00\ub294 \uae09\ud589 \ubc0f \uc644\ud589 \uc5f4\ucc28\ub97c \uc6b4\ud589\ud558\uba70, \ud3c9\uc77c\uc5d0\ub294 \uc57d 50\uc5ec \ub300\uc758 \uc5f4\ucc28\uac00 \ub9c8\uc744\uc758 \uc911\uc559\uc5ed\uacfc \ubca8\ucf00 \uc988\ubcf4\uc9c0(Velk\u00e9 Zbo\u017e\u00ed) \uc815\ub958\uc7a5\uc5d0 \uc815\ucc28\ud569\ub2c8\ub2e4. \ud55c\ub54c \ud750\ubc1c\ub808\ud2f0\uccb4(Hvaletice) \ubc1c\uc804\uc18c\ub85c \uc11d\ud0c4\uc744 \uc2e4\uc5b4 \ub098\ub974\ub358 \uc5d8\ubca0 \uac15\uc740 \uc774\uc81c \uc720\ub78c\uc120 \ud06c\ub784 \uc774\ub9ac(Kr\u00e1l Ji\u0159\u00ed)\ubd80\ud130 \uac1c\uc778 \uc2a4\ud3ec\uce20 \ubcf4\ud2b8\uae4c\uc9c0 \ub808\uc800 \uc120\ubc15\uacfc \uc624\uc138\uccb4\ud06c(Ose\u010dek)\uc758 \ub9c8\uc744 \ud398\ub9ac\ub85c \ub300\uccb4\ub418\uc5c8\uc2b5\ub2c8\ub2e4.<\/p>\n<p>\ubc84\uc2a4 \ucf54\uce58\ub294 \uccb4\ucf54 \uacf5\ud654\uad6d\uacfc \uc774\uc6c3 \uad6d\uac00\uc778 \uc2ac\ub85c\ubc14\ud0a4\uc544, \ud3f4\ub780\ub4dc\uc758 \uc218\ub3c4\uc640 \uc628\ucc9c \ub3c4\uc2dc\uae4c\uc9c0 \uc7a5\uac70\ub9ac \ub178\uc120\uc744 \uc6b4\ud589\ud569\ub2c8\ub2e4. \ud558\uc9c0\ub9cc \ub3c4\uc2dc \ub300\uc911\uad50\ud1b5\uc740 2016\ub144\uc5d0 \ub3c4\uc785\ub41c 65\uc138 \uc774\uc0c1 \uc2dc\ubbfc\uc774\ub098 \uc774\ub3d9 \uc7a5\uc560\uac00 \uc788\ub294 \uc2dc\ubbfc\uc744 \uc704\ud55c \uc2dc\ub2c8\uc5b4 \ud0dd\uc2dc \uc11c\ube44\uc2a4\uc5d0\ub9cc \uad6d\ud55c\ub429\ub2c8\ub2e4.<\/p>\n<p>\ud3ec\ub370\ube0c\ub77c\ub514\uc758 \ud2b9\uc9d5\uc740 \uc704\ud48d\ub2f9\ub2f9\ud55c \uc694\uc0c8\ub098 \uadf9\uc801\uc778 \ubd09\uc6b0\ub9ac\uc5d0\uc11c \ub4dc\ub7ec\ub098\ub294 \uac83\uc774 \uc544\ub2c8\ub77c, \uace0\uc694\ud55c \uc870\ud654\ub97c \uc774\ub8e8\ub294 \uac74\ucd95 \ud658\uacbd, \ub04a\uc784\uc5c6\uc774 \ud750\ub974\ub294 \uac15\ubb3c, \uadf8\ub9ac\uace0 \uace0\ub300 \uc720\uc801\uc744 \ud604\ub300\uc801\uc778 \uce58\uc720 \uacf5\uac04\uc73c\ub85c \ud0c8\ubc14\uafc8\uc2dc\ud0a8 \uacf5\ub3d9\uccb4\uc758 \ud68c\ubcf5\ub825\uc5d0\uc11c \ub4dc\ub7ec\ub0a9\ub2c8\ub2e4. \ub4dc\ub113\uc740 \ud3c9\uc6d0 \uc544\ub798, \uc7a5\uad00\uc774 \uc544\ub2cc \uc808\uc81c\ub41c \uc6b0\uc544\ud568\uc774 \ud3bc\uccd0\uc9d1\ub2c8\ub2e4. \uc0c8\ubcbd\ub158 \uc2a4\ud30c \uacf5\uc6d0\uc758 \uace0\uc694\ud568, \ub0a1\uc740 \ubc29\ud30c\uc81c\uc5d0 \ubd80\ub52a\ud788\ub294 \uc5d8\ubca0 \uac15\uc758 \uace0\uc694\ud568, \ub3cc\uacfc \ubb3c\uae38\uc744 \ud1b5\ud574 \uc804\ud574\uc9c0\ub294 \uc5ed\uc0ac\uc758 \uace0\uc694\ud568. \uacfc\uac70\uc640 \ud604\uc7ac\uac00 \ub9cc\ub098\ub294 \uc774 \uacf3\uc5d0\uc11c \ud3ec\ub370\ube0c\ub77c\ub514\ub294 \uc131\ucc30\uacfc \uc7ac\uc0dd\uc758 \uc7a5\uc18c\ub85c \uc790\ub9ac\ub9e4\uae40\ud558\uba70, \uadf8 \uc794\uc794\ud55c \ub9ac\ub4ec\uc740 \uc5ec\ud589\uac1d\ub4e4\uc5d0\uac8c \uac15\uc758 \uc18d\ub3c4\uc5d0 \ub9de\ucdb0 \uc6c0\uc9c1\uc774\ub3c4\ub85d \ucd08\ub300\ud569\ub2c8\ub2e4.<\/p>","protected":false},"excerpt":{"rendered":"<p>\uccb4\ucf54 \uc911\ubd80 \ubcf4\ud5e4\ubbf8\uc544 \uc9c0\uc5ed\uc5d0 \uc704\uce58\ud55c \uc2a4\ud30c \ud0c0\uc6b4\uc778 \ud3ec\ub370\ube0c\ub77c\ub514\ub294 \uc57d 15,000\uba85\uc758 \uc8fc\ubbfc\uc774 \uac70\uc8fc\ud558\uace0 \uc788\uc2b5\ub2c8\ub2e4. \uc5d8\ubca0 \uac15\ubcc0\uc5d0 \uc704\uce58\ud55c \uc774 \uc9c0\uc5ed\uc740 \uc5ed\uc0ac\uc801 \uc911\uc694\uc131\uacfc \ud604\ub300\uc801\uc778 \uc6f0\ub2c8\uc2a4 \uc2dc\uc124\uc774 \uc870\ud654\ub97c \uc774\ub8e8\uace0 \uc788\uc2b5\ub2c8\ub2e4. \ud504\ub77c\ud558\uc5d0\uc11c \ub3d9\ucabd\uc73c\ub85c \uc57d 39km, \ub2d8\ubd80\ub974\ud06c\uc5d0\uc11c \ub0a8\ub3d9\ucabd\uc73c\ub85c 7km \ub5a8\uc5b4\uc9c4 \uc804\ub7b5\uc801 \uc704\uce58\uc5d0 \uc790\ub9ac \uc7a1\uc740 \ud3ec\ub370\ube0c\ub77c\ub514\ub294 \ub3c4\uc2dc \uc0dd\ud65c\uc5d0\uc11c \ubc97\uc5b4\ub098 \ud734\uc2dd\uc744 \uc6d0\ud558\ub294 \uc8fc\ubbfc\uacfc \ubc29\ubb38\uac1d \ubaa8\ub450\uc5d0\uac8c \ud3b8\ub9ac\ud55c \ud734\uc2dd\ucc98\ub97c \uc81c\uacf5\ud569\ub2c8\ub2e4.<\/p>","protected":false},"author":1,"featured_media":18769,"parent":14322,"menu_order":0,"comment_status":"closed","ping_status":"closed","template":"elementor_theme","meta":{"_eb_attr":"","footnotes":""},"class_list":["post-16242","page","type-page","status-publish","has-post-thumbnail"],"_links":{"self":[{"href":"https:\/\/travelshelper.com\/ko\/wp-json\/wp\/v2\/pages\/16242","targetHints":{"allow":["GET"]}}],"collection":[{"href":"https:\/\/travelshelper.com\/ko\/wp-json\/wp\/v2\/pages"}],"about":[{"href":"https:\/\/travelshelper.com\/ko\/wp-json\/wp\/v2\/types\/page"}],"author":[{"embeddable":true,"href":"https:\/\/travelshelper.com\/ko\/wp-json\/wp\/v2\/users\/1"}],"replies":[{"embeddable":true,"href":"https:\/\/travelshelper.com\/ko\/wp-json\/wp\/v2\/comments?post=16242"}],"version-history":[{"count":0,"href":"https:\/\/travelshelper.com\/ko\/wp-json\/wp\/v2\/pages\/16242\/revisions"}],"up":[{"embeddable":true,"href":"https:\/\/travelshelper.com\/ko\/wp-json\/wp\/v2\/pages\/14322"}],"wp:featuredmedia":[{"embeddable":true,"href":"https:\/\/travelshelper.com\/ko\/wp-json\/wp\/v2\/media\/18769"}],"wp:attachment":[{"href":"https:\/\/travelshelper.com\/ko\/wp-json\/wp\/v2\/media?parent=16242"}],"curies":[{"name":"wp","href":"https:\/\/api.w.org\/{rel}","templated":true}]}}