{"id":16212,"date":"2024-09-22T18:15:28","date_gmt":"2024-09-22T18:15:28","guid":{"rendered":"https:\/\/travelshelper.com\/staging\/?page_id=16212"},"modified":"2026-03-11T22:53:19","modified_gmt":"2026-03-11T22:53:19","slug":"%ed%94%84%eb%9e%80%ed%8b%b0%ec%8a%88%ec%bd%94%eb%b9%84-%eb%9d%bc%ec%a6%88%eb%84%a4","status":"publish","type":"page","link":"https:\/\/travelshelper.com\/ko\/destinations\/europe\/czech-republic\/frantiskovy-lazne\/","title":{"rendered":"\ud504\ub780\ud2f0\uc288\ucf54\ube44 \ub77c\uc988\ub124"},"content":{"rendered":"<p>Franti\u0161kovy L\u00e1zn\u011b\ub294 Cheb \ubd84\uc9c0\uc758 \uac00\uc7a5 \uc11c\ucabd\uc5d0 \uc788\ub294 Cheb\uc5d0\uc11c \ubd81\ucabd\uc73c\ub85c 5km \ub5a8\uc5b4\uc9c4 West Bohemia\uc758 \uc870\uc6a9\ud55c \ubaa8\ud241\uc774\uc5d0 \uc790\ub9ac\uc7a1\uace0 \uc788\uc2b5\ub2c8\ub2e4. Na Sk\u00e1le\uc758 \uc644\ub9cc \ud55c \uc5b8\ub355\uc740 \ud574\ubc1c 483m\ub97c \ub118\uc9c0 \uc54a\uc9c0\ub9cc \uacfc\uac70 \uc218\uc138\uae30 \ub3d9\uc548 \uba85\uc131\uc774 \uc774\uc5b4\uc9c4 \ud48d\ubd80\ud55c \uad11\ucc9c\uc744 \ubcf4\ud638\ud569\ub2c8\ub2e4. \uc624\ub974\uc81c \uac15\uc758 \uc9c0\ub958\uc778 \uc2ac\ub77c\ud2f0\ub2c8 \ud3ec\ud1a0\ud06c(Slatinn\u00fd potok)\ub294 \uc2dc\uc815\ucd0c\uc744 \ud1b5\uacfc\ud558\uc5ec 8\uac1c\uc758 \uc815\ucc29\uc9c0 \uc9d1\ud569\uc744 \ud1b5\uacfc\ud569\ub2c8\ub2e4. Franti\u0161kovy L\u00e1zn\u011b \uace0\uc720(2,986\uba85 \uc8fc\ubbfc), Aleje\u2011Z\u00e1ti\u0161\u00ed(59), Dlouh\u00e9 Mosty(44), Doln\u00ed Lomany(235), Horn\u00ed Lomany(890), Krapice(47), Slatina (416) \ubc0f \u017d\u00edrovice (355) - \uc800\uc9c0\ub300\ub85c \uc0ac\ub77c\uc9c0\uae30 \uc804. \uc544\uba54\ub9ac\uce74\ub77c\uace0 \ubd88\ub9ac\ub294 \uac00\uc7a5 \ud070 \uc5f0\ubabb\uc774 \uc5ec\ub7ec \uac1c \uc788\ub294 \uc774 \uc12c\uc740 \ud48d\uacbd\uc744 \uc7a5\uc2dd\ud558\uace0 \uc788\uc73c\uba70, \uc11c\ucabd \uc12c\uc740 \ucca0\uc0c8\ub4e4\uc758 \uc548\uc804\ud55c \uc548\uc2dd\ucc98\uc774\uace0, \ub3d9\ucabd \ud574\uc548\uc740 \uc5ec\ub984\ucca0 \ub808\ud06c\ub9ac\uc5d0\uc774\uc158\uc5d0 \uc801\ud569\ud569\ub2c8\ub2e4.<\/p>\n<p>\uc774 \uc9c0\uc5ed\uc758 \ubb3c\uc740 \uc801\uc5b4\ub3c4 14\uc138\uae30 \ud6c4\ubc18, \uac8c\uc624\ub974\uae30\uc6b0\uc2a4 \uc544\uadf8\ub9ac\ucf5c\ub77c(1494\u20131555)\uac00 \ud5e4\ud504 \uc8fc\ubbfc\ub4e4\uc774 \uc0ac\uc6a9\ud55c \uc5fc\uc218 \uc0d8\uc5d0 \ub300\ud574 \uae30\ub85d\ud55c \uc774\ub798\ub85c \uc18c\uc911\ud558\uac8c \uc5ec\uaca8\uc838 \uc654\uc2b5\ub2c8\ub2e4. \uadf8 \ucd08\ucc3d\uae30\uc5d0\ub294 \uc9c0\uc5ed \uc804\ud1b5\uc5d0 \ub530\ub77c \uc2dc\ubbfc\ub4e4\uc774 \uc774 \uc0d8\uc5d0 \ub4e4\uc5b4\uac08 \uc218 \uc788\uc5c8\uace0, \ubb3c\uc740 \ud1a0\uae30 \uadf8\ub987\uc5d0 \ub2f4\uaca8 \uc81c\uad6d \uc804\uc5ed\uc73c\ub85c \ubc30\uc1a1\ub418\uc5c8\uc2b5\ub2c8\ub2e4. 1700\ub144 \ubb34\ub835, \uc774 \uc0d8\uc758 \ub9e4\ucd9c\uc740 \ub2f9\uc2dc \ubaa8\ub4e0 \uc628\ucc9c\uc758 \ub9e4\ucd9c\uc744 \ud569\uce5c \uac83\ubcf4\ub2e4 \ub354 \ub9ce\uc558\ub2e4\uace0 \ud569\ub2c8\ub2e4. 1705\ub144\uacbd, \ud6d7\ub0a0 \ud504\ub780\uccb8\uc2a4\ucf08\ub808(Franzensquelle)\ub85c \uc54c\ub824\uc9c0\uac8c \ub41c \uc0d8 \uc606\uc5d0 \uc5ec\uad00\uc774 \uc138\uc6cc\uc9c0\uba74\uc11c \uc815\uc2dd \ud734\uc591\uc9c0\ub85c \ub098\uc544\uac00\ub294 \uccab\uac78\uc74c\uc744 \ub0b4\ub514\ub3a0\uc2b5\ub2c8\ub2e4.<\/p>\n<p>\uacf5\uc2dd\uc801\uc778 \uc124\ub9bd\uc740 1793\ub144 4\uc6d4 27\uc77c, \uc5d0\uac8c\ub974(\uc9c0\uae08\uc758 \ud5e4\ud504) \ucd9c\uc2e0 \uc758\uc0ac \ubca0\ub978\ud558\ub974\ud2b8 \uc544\ub4e4\ub7ec(1753\u20131810)\uac00 \ud669\uc81c \ud504\ub780\uce20 2\uc138\ub97c \uae30\ub9ac\uae30 \uc704\ud574 \uce74\uc774\uc800 \ud504\ub780\uccb8\uc2a4\ub3c4\ub974\ud504(\uace7 \ud504\ub780\uccb8\uc2a4\ubc14\ud2b8\ub85c \uc54c\ub824\uc9d0)\ub97c \uac74\uc124\ud560 \uc218 \uc788\ub3c4\ub85d \uc81c\uad6d\uc758 \ud5c8\uac00\ub97c \ubc1b\uc73c\uba74\uc11c \uc774\ub8e8\uc5b4\uc84c\uc2b5\ub2c8\ub2e4. \uc544\ub4e4\ub7ec\ub294 \uc2b5\uc9c0\uc758 \ubc30\uc218, \ubcf4\ud589\uad50 \uac74\uc124, \ud504\ub780\uccb8\uc2a4\ucf08\ub808(Franzensquelle)\uc5d0 \ud30c\ube4c\ub9ac\uc628\uacfc \ubb3c\ud1b5 \uac74\ub9bd\uc744 \uac10\ub3c5\ud588\uc73c\uba70, \ud30c\ube4c\ub9ac\uc628 \uc8fc\ubcc0\uc5d0 \uc9c1\uad50 \uaca9\uc790 \ud615\ud0dc\ub85c 24\uac1c\uc758 \uc0d8\uc744 \ubc30\uce58\ud588\uc2b5\ub2c8\ub2e4. \uadf8\uc758 \ube44\uc804\uc740 \uc5d0\uac8c\ub7ec \ubc14\uc774\ubc84\uc288\ud22c\ub984(Egerer Weibersturm)\uc5d0\uc11c \uaca9\ub82c\ud55c \uc800\ud56d\uc5d0 \ubd80\ub52a\ud614\uc2b5\ub2c8\ub2e4. \uc0dd\uacc4\ub97c \uc0d8\ubb3c \ud310\ub9e4\uc5d0 \uc758\uc874\ud558\ub358 \uc9c0\uc5ed \uc5ec\uc131\ub4e4\uc774 \uadf8\uc758 \ucd08\uae30 \uc2dc\uc124\uc744 \ucca0\uac70\ud588\uae30 \ub54c\ubb38\uc785\ub2c8\ub2e4. \ud5e4\ud504 \uc2dc\uc758\ud68c\uc758 \uac1c\uc785\uc73c\ub85c \ubd88\uc548\uc740 \uac00\ub77c\uc549\uc558\uace0, 18\uc138\uae30 \uc911\ubc18\uc5d0\ub294 \ud504\ub780\uccb8\uc2a4\ubc14\ud2b8\uac00 \ub3c5\ub9bd\ub41c \uc790\uce58\uad6c(1852)\uac00 \ub418\uc5c8\uace0, \uc0d8\ubb3c\uc758 \ud68c\ubcf5\ub825\uc744 \ucc3e\ub294 \ubc29\ubb38\uac1d\ub4e4\uc744 \uc704\ud55c \uad11\ubc94\uc704\ud55c \uc0b0\ucc45\ub85c, \ud30c\ube4c\ub9ac\uc628, \uc219\ubc15 \uc2dc\uc124 \ub124\ud2b8\uc6cc\ud06c\ub97c \uac16\ucd94\uac8c \ub418\uc5c8\uc2b5\ub2c8\ub2e4.<\/p>\n<p>\ucd08\ucc3d\uae30 \uc774 \ub9ac\uc870\ud2b8\ub294 \ub2f9\ub300 \ucd5c\uace0\uc758 \uba85\uc0ac\ub4e4\uc774 \uc990\uaca8 \ucc3e\uc558\uc2b5\ub2c8\ub2e4. \uc694\ud55c \ubcfc\ud504\uac15 \ud3f0 \uad34\ud14c\uac00 \uc5ec\ub7ec \ucc28\ub840 \uc774\uacf3\uc744 \ubc29\ubb38\ud588\uace0, \uadf8\uc758 \uc778\uc0c1\uc740 \ud6d7\ub0a0 \uc694\ud558\ub124\uc2a4 \uc6b0\ub974\uc9c0\ub51c\uc758 1932\ub144 \ud68c\uace0\ub85d \u300e\ubd48\uba58\uc758 \uad34\ud14c\u300f\uc5d0 \ub4dc\ub7ec\ub0ac\uc2b5\ub2c8\ub2e4. \ub8e8\ud2b8\ube44\ud788 \ud310 \ubca0\ud1a0\ubca4\uc740 \ube0c\ub80c\ud0c0\ub178 \uac00\uc871\uacfc \ud568\uaed8 \uc774\uacf3\uc744 \ubc29\ubb38\ud588\uace0, \uc694\ud55c \uc288\ud2b8\ub77c\uc6b0\uc2a4 2\uc138\ub294 \uc9c1\uc811 \uc791\uace1\ud55c \uc648\uce20 \uc120\uc728\uc744 \ub4e4\uc73c\uba70 \uc815\uc6d0\uc744 \uac70\ub2d0\uc5c8\uc2b5\ub2c8\ub2e4. \ubcf4\uc81c\ub098 \ub134\ucf54\ubc14\uc640 \ub9c8\ub9ac \ud3f0 \uc5d0\ube0c\ub108 \uc5d0\uc174\ubc14\ud750\uc758 \ubb38\ud559 \uc21c\ub840\ub294 \ub9ac\uc870\ud2b8\uc758 \uba85\uc131\uc744 \ub354\uc6b1 \ube5b\ub098\uac8c \ud588\uc2b5\ub2c8\ub2e4. 1858\ub144 \uc911\ud3b8\uc18c\uc124 \u300e\ud504\ub780\uccb8\uc2a4\ubc14\ud2b8\uc5d0\uc11c\u300f\ub294 \ub9ac\uc870\ud2b8\uc758 \uc0ac\ud68c\uc0dd\ud65c\uc744 \uc0dd\uc0dd\ud558\uac8c \ubb18\uc0ac\ud588\uc2b5\ub2c8\ub2e4. \uce74\ub97c \ub300\uacf5 1\uc138\uc640 \ud504\ub780\uce20 \uc694\uc81c\ud504 1\uc138 \ud669\uc81c\ub294 \uc774\uacf3\uc744 \uc81c\uad6d\uc758 \ud6c4\uc6d0\uc790\ub85c \uc0bc\uc558\uace0, \ud6c4\uc790\ub294 1865\ub144 \ud504\ub780\uccb8\uc2a4\ubc14\ud2b8\ub97c \ub3c4\uc2dc\ub85c \uc2b9\uaca9\uc2dc\ucf30\uc2b5\ub2c8\ub2e4.<\/p>\n<p>19\uc138\uae30 \ub0b4\ub0b4 \ub7ec\uc2dc\uc544 \uadc0\uc871\ub4e4\uacfc \uc720\ub7fd \uadc0\uc871\ub4e4\uc740 \uc720\ub7fd \ub300\ub959 \ucd5c\ucd08\uc758 \ud1a0\ud0c4 \ud384\ud504 \ubaa9\uc695\uacfc \uac19\uc740 \uc120\uad6c\uc801\uc778 \uce58\ub8cc\ubc95\uc5d0 \ub9e4\ub8cc\ub418\uc5b4 \ud504\ub780\uccb8\uc2a4\ubc14\ud2b8\ub85c \ubab0\ub824\ub4e4\uc5c8\uc2b5\ub2c8\ub2e4. 1827\ub144\uc5d0 \uac74\ub9bd\ub41c \uacf5\uacf5 \uc628\ucc9c\uc740 \uacf5\ub3d9 \uc2dc\uc124\uc744 \uc81c\uacf5\ud588\uace0, \uc8fc\uc694 \ub3c4\ub85c\ub97c \ub530\ub77c \uac1c\uc778 \ube4c\ub77c\uc640 \ud638\ud154\ub4e4\uc774 \uc0dd\uaca8\ub0ac\uc2b5\ub2c8\ub2e4. \uc138\uae30\uac00 \ubc14\ub00c\uba74\uc11c \uc5f0\uac04 \ubc29\ubb38\uac1d \uc218\ub294 \uc57d 2\ub9cc \uba85\uc758 \ud658\uc790\uc640 8\ub9cc \uba85\uc758 \uad00\uad11\uac1d\uc73c\ub85c \uc99d\uac00\ud588\ub294\ub370, \uc774\ub4e4\uc740 \ub9c8\ucc28\ub97c \ud0c0\uace0, \ub098\uc911\uc5d0\ub294 \ud5e4\ud504-\ud638\ud504 \ub178\uc120\uc758 \uae30\ucc28\ub97c \ud0c0\uace0 \uc774\uacf3\uc744 \ucc3e\uc558\uc2b5\ub2c8\ub2e4. \uadf8\ub298\uc9c4 \uace8\ubaa9\uae38\uacfc \uc2e0\uace0\uc804\uc8fc\uc758 \uc591\uc2dd\uc758 \ud30c\ube4c\ub9ac\uc628\uc774 \uc5b4\uc6b0\ub7ec\uc9c4 \uc774 \ub9ac\uc870\ud2b8\uc758 \uc9c1\uad50\uc801\uc778 \ud3c9\uba74\uc740 \uc9c8\uc11c\uc640 \ubcf5\uc9c0\uc5d0 \ub300\ud55c \uacc4\ubabd\uc8fc\uc758\uc801 \uc774\uc0c1\uc744 \uc99d\uba85\ud588\uc2b5\ub2c8\ub2e4.<\/p>\n<p>1918\ub144 \uc624\uc2a4\ud2b8\ub9ac\uc544-\ud5dd\uac00\ub9ac \uc81c\uad6d\uc758 \ubd95\uad34\ub294 \ubd88\ud655\uc2e4\ud55c \uc2dc\ub300\ub97c \uc608\uace0\ud588\uc2b5\ub2c8\ub2e4. \uccb4\ucf54\uc2ac\ub85c\ubc14\ud0a4\uc544\uc758 \uc77c\ubd80\uc600\ub358 \uc774 \ub3c4\uc2dc\ub294 \uae30\uc874 \uace0\uac1d\uce35\uc774 \uc904\uc5b4\ub4e4\uc5c8\uace0, 1929\ub144 \ub300\uacf5\ud669\uc740 \uc2a4\ud30c \uacbd\uc81c\uc5d0 \ub354 \ud070 \ud0c0\uaca9\uc744 \uc785\ud614\uc2b5\ub2c8\ub2e4. \uc81c2\ucc28 \uc138\uacc4 \ub300\uc804 \uc774\ud6c4, \ubca0\ub124\uc2dc \uce59\ub839\uc5d0 \ub530\ub77c \ub3c5\uc77c\uc5b4\uad8c \uc8fc\ubbfc\ub4e4\uc740 \ucd94\ubc29\ub418\uc5c8\uace0, \uacf5\uc2dd\uc801\uc73c\ub85c \ud504\ub780\ud2f0\uc288\ucf54\ube44 \ub77c\uc988\ub124(Franti\u0161kovy L\u00e1zn\u011b)\ub85c \uac1c\uce6d\ub41c \uc774 \ub9ac\uc870\ud2b8\ub294 \uacf5\uc0b0\uc8fc\uc758 \uc815\uad8c \ud558\uc5d0\uc11c \uad6d\uc720\ud654\ub418\uc5c8\uc2b5\ub2c8\ub2e4. \uad6d\uc601 \uc2a4\ud30c \uae30\uc5c5\uc774 \uc124\ub9bd\ub418\uc5b4 \uc57d 1,500\uac1c\uc758 \uce68\ub300\ub97c \uac16\ucd98 8\uac1c\uc758 \uc2a4\ud30c \ud558\uc6b0\uc2a4\uc640 \ud638\ud154\uc744 \ud1b5\ud569\ud558\uace0 24\uac1c\uc758 \uc628\ucc9c\uc744 \uc6b4\uc601\ud588\ub294\ub370, \uadf8\uc911 12\uac1c\uac00 \ud604\uc7ac\uae4c\uc9c0 \uc6b4\uc601\ub418\uace0 \uc788\uc2b5\ub2c8\ub2e4.<\/p>\n<p>1989\ub144 \ubca8\ubcb3 \ud601\uba85\uc740 \uc0c8\ub85c\uc6b4 \ubcc0\ud654\ub97c \uac00\uc838\uc654\uc2b5\ub2c8\ub2e4. \uc2a4\ud30c \uc790\uc0b0\uc740 \uad6d\uc81c \uc0ac\ud68c\uc758 \uad00\uc2ec\uc744 \ub418\uc0b4\ub9ac\ub824\ub294 \uc8fc\uc2dd\ud68c\uc0ac\ub85c \uc774\uc804\ub418\uc5c8\uc2b5\ub2c8\ub2e4. \uc81c\uad6d \uc2dc\ub300 \uac74\ubb3c\uc758 \uc678\uad00 \ubcf5\uc6d0, \uc720\uc11c \uae4a\uc740 \uc628\ucc9c \ud30c\ube4c\ub9ac\uc628\uc758 \uac1c\ubcf4\uc218, \uadf8\ub9ac\uace0 \uce58\ub8cc \uc2dc\uc124\uc758 \ud604\ub300\ud654\ub294 \uc624\ub298\ub0a0\uae4c\uc9c0 \uc774\uc5b4\uc9c0\uace0 \uc788\uc2b5\ub2c8\ub2e4. 1992\ub144, \ub3c4\uc2ec\uc740 \ub3c4\uc2dc \uae30\ub150\ubb3c \ubcf4\ud638\uad6c\uc5ed\uc73c\ub85c \uc9c0\uc815\ub418\uc5b4 \ubcf4\ud638\ub97c \ubc1b\uc558\uc2b5\ub2c8\ub2e4. 2021\ub144, \uc720\ub124\uc2a4\ucf54\ub294 \ud504\ub780\ud2f0\uc288\ucf54\ube44 \ub77c\uc988\ub124\ub97c \uce74\ub97c\ub85c\ube44 \ubc14\ub9ac, \ub9c8\ub9ac\uc548\uc2a4\ucf00 \ub77c\uc988\ub124\uc640 \ud568\uaed8 \uc720\ub7fd\uc758 \uc704\ub300\ud55c \uc628\ucc9c \ub3c4\uc2dc \uc138\uacc4\ubb38\ud654\uc720\uc0b0\uc73c\ub85c \ub4f1\uc7ac\ud588\uc2b5\ub2c8\ub2e4. \uc774\ub294 \ucc9c\uc5f0 \uc628\ucc9c\uacfc 18\uc138\uae30\ubd80\ud130 20\uc138\uae30\uae4c\uc9c0 \uc720\ub7fd \ub300\ub959\uc758 \uac74\uac15\uacfc \uc5ec\uac00\uc5d0 \ub300\ud55c \uc22d\ubc30\ub97c \ubcf4\uc5ec\uc8fc\ub294 \uace0\ub3c4 \ubc14\ub85c\ud06c \uc591\uc2dd\uc5d0\uc11c \uc544\ub974\ub204\ubcf4 \uc591\uc2dd\uae4c\uc9c0\uc758 \uac74\ucd95 \uc591\uc2dd\uc744 \uc778\uc815\ud55c \uac83\uc785\ub2c8\ub2e4.<\/p>\n<p>\uc624\ub298\ub0a0\uc758 \uce58\ub8cc\ubc95\uc740 \uc9c0\uc5ed \uc9c0\uc9c8\ud559\uc801 \ud2b9\uc131\uc5d0 \ubfcc\ub9ac\ub97c \ub450\uace0 \uc788\uc2b5\ub2c8\ub2e4. \uac15\uc218\ub294 \uccb4\ube0c \ubd84\uc9c0\uc758 \ud1f4\uc801\uce35\uc73c\ub85c \uc2a4\uba70\ub4e4\uc5b4 \uc774\uc0b0\ud654\ud0c4\uc18c\uc640 \ubb34\uae30\uc5fc\uc744 \uc6a9\ud574\ud55c \ud6c4 23\uac1c\uc758 \ud65c\uc131 \uc0d8\uc73c\ub85c \ub098\uc635\ub2c8\ub2e4. \ud654\ud559\uc801 \uc870\uc131\uc740 \ub2e4\ub974\uc9c0\ub9cc \ubaa8\ub4e0 \ubb3c\uc740 \ub192\uc740 \ud568\ub7c9\uc758 \uc6a9\uc874 \ud0c4\uc0b0\uc744 \uacf5\uc720\ud569\ub2c8\ub2e4. \uc815\uc218 \uc695\uc870\ub294 \uc774\ub7ec\ud55c \ud2b9\uc131\uc744 \ud65c\uc6a9\ud558\uc5ec \uc2ec\ud608\uad00 \uae30\ub2a5\uc744 \ud5a5\uc0c1\uc2dc\ud0a4\uace0, \ud608\uc555\uc744 \uc57d\uac04 \ub0ae\ucd94\uba70, \ud608\uc561 \uc21c\ud658\uc744 \ucd09\uc9c4\ud558\ub294 \ub3d9\uc2dc\uc5d0 \ub9cc\uc131 \uc5fc\uc99d\uc744 \uc644\ud654\ud558\uace0 \ub958\uba38\ud2f0\uc998 \uc9c8\ud658\uc744 \uc644\ud654\ud569\ub2c8\ub2e4. \uad6d\uc18c \uc9c4\ud759 \uce58\ub8cc\ub294 \uc5f4, \ud654\ud559, \uae30\uacc4\uc801 \uc790\uadf9\uc744 \uacb0\ud569\ud569\ub2c8\ub2e4. \uc9c4\ud759\uacfc \ubbf8\ub124\ub784\uc6cc\ud130\ub97c \ub530\ub73b\ud558\uac8c \uc11e\uc5b4 \uadfc\uc721\uc5d0 \ubc14\ub974\uba74 \uc810\uc9c4\uc801\uc778 \uc5f4 \uc804\ub2ec\uacfc \ubbf8\ub124\ub784 \ud761\uc218\ub97c \ud1b5\ud574 \uc6b4\ub3d9\uc131\uc744 \ud5a5\uc0c1\uc2dc\ud0a4\uace0 \ud1b5\uc99d\uc744 \uc644\ud654\ud569\ub2c8\ub2e4.<\/p>\n<p>\uc2a4\ud30c \uc2dc\uc124 \uc678\uc5d0\ub3c4 \ud504\ub780\ud2f0\uc288\ucf54\ube44 \ub77c\uc988\ub124\uc758 \uac74\ucd95 \uc720\uc0b0\uc740 \ud0d0\ud5d8\uc744 \uc720\ud639\ud569\ub2c8\ub2e4. \ub124\uc624 \ub974\ub124\uc0c1\uc2a4\ud48d\uc758 \uc0ac\uad50\uc7a5(1877)\uc740 \uc2a4\ud30c \uc13c\ud130\uc758 \uc911\uc2ec\uc774 \ub418\uc5b4, \uae30\ub465\uc774 \uc788\ub294 \uc815\uba74\uacfc \uc544\uce58\ud615 \ub0b4\ubd80\uc5d0\uc11c \ud68c\uc758, \uacf5\uc2dd \ubb34\ub3c4\ud68c, \uce74\uc9c0\ub178 \ub4f1\uc744 \uac1c\ucd5c\ud569\ub2c8\ub2e4. \uc11c\ucabd\uc73c\ub85c \uc870\uae08\ub9cc \uac78\uc5b4\uac00\uba74 \uc131\uc2ed\uc790\uac00 \uc2b9\ucc9c \uad50\ud68c(1815\u20131820)\uac00 \ub098\ud0c0\ub0a9\ub2c8\ub2e4. \uc5c4\uc219\ud55c \ud604\uad00\uacfc \uc138\ub828\ub41c \uc7a5\uc2dd\uc774 \ub3cb\ubcf4\uc774\ub294 \uc81c\uad6d \uc591\uc2dd\uc758 \uc131\uc2a4\ub7ec\uc6b4 \uac74\ucd95\uc758 \uc815\uc218\ub97c \ubcf4\uc5ec\uc8fc\ub294 \uacf3\uc785\ub2c8\ub2e4. \uadfc\ucc98\uc5d0\ub294 \uc591\ud30c\ud615 \ub3d4\uacfc \uae08\ubc15\uc744 \uc785\ud78c \uc131\uc0c1\ubcbd\uc73c\ub85c \ub7ec\uc2dc\uc544 \ubc14\ub85c\ud06c \uc591\uc2dd\uc744 \ub5a0\uc62c\ub9ac\uac8c \ud558\ub294 \uc131 \uc62c\uac00 \uad50\ud68c(1887)\uac00 \uc788\ub294\ub370, \ud55c\ub54c \uc774\uacf3\uc5d0\uc11c \ud734\uc2dd\uc744 \ucde8\ud588\ub358 \ucc28\ub974 \uc601\ud1a0\uc758 \ubc29\ubb38\uac1d\ub4e4\uc744 \ubcf4\uc5ec\uc90d\ub2c8\ub2e4. \uc131 \ubca0\ub4dc\ub85c\uc640 \uc131 \ubc14\uc6b8 \ubcf5\uc74c \uad50\ud68c(1875~1880)\ub294 \ub124\uc624\ub85c\ub9c8\ub124\uc2a4\ud06c \uc591\uc2dd\uc758 \ub369\uc5b4\ub9ac\uc640 1920\ub144\ub300\uc5d0 \ucd94\uac00\ub41c \ud050\ube44\uc998 \uc601\ud5a5\uc744 \ubc1b\uc740 \ud0d1\uc774 \uc870\ud654\ub97c \uc774\ub8e8\uace0 \uc788\uc73c\uba70, \ud638\ub974\ub2c8 \ub85c\ub9c8\ub2c8\uc5d0 \uc788\ub294 \ubc14\ub85c\ud06c \uc591\uc2dd\uc758 \uc131 \uc57c\uace0\ubcf4 \uad50\ud68c(1739~1741)\ub294 \uc2a4\ud30c \uc774\uc804 \ub18d\ucd0c \uad50\uad6c \uc0dd\ud65c\uc744 \uc0c1\uae30\uc2dc\ucf1c\uc90d\ub2c8\ub2e4.<\/p>\n<p>\ubb38\ud654 \uc5ec\ud589\uc740 \uacf5\uc5f0\uacfc \uc804\uc2dc\ub85c \uc774\uc5b4\uc9d1\ub2c8\ub2e4. 1868\ub144\uc5d0 \uac1c\uad00\ud558\uc5ec 1927\ub144\uc5d0\uc11c 1928\ub144 \uc0ac\uc774\uc5d0 \uc2e0\uace0\uc804\uc8fc\uc758 \uc591\uc2dd\uc73c\ub85c \uc7ac\uac74\ucd95\ub41c \ubcf4\uc81c\ub098 \ub134\ucd08\ubc14 \uadf9\uc7a5\uc740 \uc544\ub974\ub370\ucf54 \uc591\uc2dd\uc758 \uc778\ud14c\ub9ac\uc5b4\ub97c \uc790\ub791\ud558\uba70, \ud504\ub808\uc2a4\ucf54\ud654 \ucc9c\uc7a5 \uc544\ub798\uc5d0\uc11c \ucf58\uc11c\ud2b8\uc640 \uc9c0\uc5ed \uc5f0\uadf9\uc744 \uacf5\uc5f0\ud569\ub2c8\ub2e4. \uc2dc\ub9bd \ubc15\ubb3c\uad00\uc740 \ub2aa\uc9c0\ub300\uc758 \uc0d8\ud130\uc5d0\uc11c \ubca8 \uc5d0\ud3ec\ud06c \uc2dc\ub300\uc758 \uba85\uc18c\ub85c \ubcc0\ubaa8\ud55c \ub3c4\uc2dc\uc758 \uc5ed\uc0ac\ub97c \uae30\ub85d\ud558\uace0 \uc788\uc73c\uba70, \uc0ac\ub9bd \uc624\ud1a0\ubc14\uc774 \ubc0f \uc790\ub3d9\ucc28 \ubc15\ubb3c\uad00\uc740 \uae30\uacc4 \uacf5\uc608\uc640 \ub514\uc790\uc778\uc5d0 \ub300\ud55c \ud2b9\ubcc4\ud55c \ub9e4\ub825\uc744 \uc120\uc0ac\ud569\ub2c8\ub2e4. \uac00\ubcbc\uc6b4 \ub808\ud06c\ub9ac\uc5d0\uc774\uc158\uc744 \uc6d0\ud55c\ub2e4\uba74 \uc544\ucfe0\uc544\ud3ec\ub7fc \uc6cc\ud130\ud30c\ud06c\ub97c \ucd94\ucc9c\ud569\ub2c8\ub2e4. \uc544\ucfe0\uc544\ud3ec\ub7fc\uc740 \ud604\ub300\uc801\uc778 \uc218\uc601\uc7a5, \uc2ac\ub77c\uc774\ub4dc, \uc6f0\ub2c8\uc2a4 \uc2a4\uc704\ud2b8\ub97c \uac16\ucd94\uace0 \uc788\uc5b4 \uc218\uc0c1 \ub808\uc800\ub97c \ud1b5\ud574 \uacfc\uac70\uc640 \ud604\uc7ac\ub97c \uc5f0\uacb0\ud569\ub2c8\ub2e4.<\/p>\n<p>\ud504\ub780\ud2f0\uc288\ucf54\ube44 \ub77c\uc988\ub124(Franti\u0161kovy L\u00e1zn\u011b)\ub85c \uac00\ub294 \ud604\ub300\uc801\uc778 \uc811\uadfc\uc740 \ub9e4\uc6b0 \ud3b8\ub9ac\ud569\ub2c8\ub2e4. 21\ubc88 \uace0\uc18d\ub3c4\ub85c\ub294 \ud5e4\ud504(Heb)\uc640 D6 \uace0\uc18d\ub3c4\ub85c\ub97c \uac70\uccd0 \ubcf4\uc774\ud0c0\ub178\ud504(Vojtanov)\uc758 \ub3c5\uc77c \uad6d\uacbd\uae4c\uc9c0 \uc5f0\uacb0\ub418\uace0, 64\ubc88 \uace0\uc18d\ub3c4\ub85c\ub294 \uc544\uc2dc(A\u0161) \ubc29\ud5a5\uc73c\ub85c, 6\ubc88 \uace0\uc18d\ub3c4\ub85c\ub294 D6 \uace0\uc18d\ub3c4\ub85c\ub97c \ub530\ub77c \ub0a8\ucabd\uc73c\ub85c \ud3ec\uba54\uc9c0\ub098\ud2b8\uc624\ud750\ub9ac(Pomez\u00ed nad Oh\u0159\u00ed) \ubc29\ud5a5\uc73c\ub85c \uc774\uc5b4\uc9d1\ub2c8\ub2e4. \ud5e4\ud504-\ud638\ud504(Heb-Hof) \ub178\uc120\uc5d0\ub294 \uc815\uae30 \uc5f4\ucc28\uac00 \uc6b4\ud589\ub418\uc5b4 \uc2a4\ud30c \uc774\uc6a9\uac1d\uacfc \ub2f9\uc77c\uce58\uae30 \uc5ec\ud589\uac1d \ubaa8\ub450\ub97c \ub9c8\uc744 \uc911\uc2ec\ubd80\ub85c \ubaa8\uc154\ub2e4 \ub4dc\ub9bd\ub2c8\ub2e4.<\/p>\n<p>5,600\uba85\uc5d0 \ubd88\uacfc\ud55c \uc8fc\ubbfc\uc774 \uc0b4\uace0 \uc788\uc9c0\ub9cc, \ud504\ub780\ud2f0\uc288\ucf54\ube44 \ub77c\uc988\ub124\ub294 \ud48d\uacbd\uacfc \uac74\ucd95, \uacfc\ud559\uacfc \uc0ac\ud68c\uc0dd\ud65c\uc774 \uad50\ucc28\ud558\ub294 \uc9c0\uc810\uc744 \ubcf4\uc5ec\uc8fc\ub294 \uc99d\uac70\ub85c \uc790\ub9ac \uc7a1\uace0 \uc788\uc2b5\ub2c8\ub2e4. \uc798 \uac00\uafb8\uc5b4\uc9c4 \uc0b0\ucc45\ub85c\uc640 \uae30\ub465\uc774 \ub298\uc5b4\uc120 \uc8fc\ub791\uc5d0\uc11c\ub294 \uc790\uc5f0\uc758 \uce58\uc720\ub825\uc5d0 \ub300\ud55c \uacc4\ubabd\uc8fc\uc758\uc801 \ubbff\uc74c\uc744 \uc5ff\ubcfc \uc218 \uc788\uc2b5\ub2c8\ub2e4. \uad11\ucc9c\uc218\uc758 \ud488\uc5d0 \uc548\uae34 \uc0c8\ub85c\uc6b4 \uc138\ub300\ub294 5\uc138\uae30 \uc804 \uac8c\uc624\ub974\uae30\uc6b0\uc2a4 \uc544\uadf8\ub9ac\ucf5c\ub77c\uc758 \ud638\uae30\uc2ec\uc744 \ubd88\ub7ec\uc77c\uc73c\ucf30\ub358 \uadf8 \uace0\uc694\ud55c \uac15\ub82c\ud568\uc744 \ub2e4\uc2dc\uae08 \ubc1c\uacac\ud569\ub2c8\ub2e4. \uace0\uc694\ud55c \uc5f0\ubabb\uacfc 18\uc138\uae30 \ud30c\ube4c\ub9ac\uc628\uc774 \uc788\ub294 \uc774\uacf3\uc5d0\uc11c\ub294 \uacfc\uac70\uc640 \ud604\uc7ac\uc758 \ub9ac\ub4ec\uc774 \uc870\ud654\ub86d\uac8c \uc5b4\uc6b0\ub7ec\uc838 \uc6f0\ube59\uc758 \uc9c4\uc218\ub97c \uc120\uc0ac\ud569\ub2c8\ub2e4.<\/p>","protected":false},"excerpt":{"rendered":"<p>\ud504\ub780\ud2f0\uc288\ucf54\ube44 \ub77c\uc988\ub124\ub294 \uccb4\ucf54 \uce74\ub97c\ub85c\ube44\ubc14\ub9ac \uc9c0\uc5ed\uc758 \ud5e4\ud504 \uc9c0\uad6c\uc5d0 \uc704\uce58\ud55c \uc2a4\ud30c \ud0c0\uc6b4\uc73c\ub85c, \uc778\uad6c\ub294 \uc57d 5,800\uba85\uc785\ub2c8\ub2e4. Egerland \uc9c0\uc5ed\uc758 Cheb\uc5d0\uc11c \ubd81\ucabd\uc73c\ub85c \uc57d 5km \ub5a8\uc5b4\uc9c4 \uc774 \uc704\uce58\ub294 Karlovy Vary \ubc0f Mari\u00e1nsk\u00e9 L\u00e1zn\u011b \ub9c8\uc744\uacfc \ud568\uaed8 West Bohemian Spa Triangle\uc758 \uc911\uc694\ud55c \uad6c\uc131 \uc694\uc18c\uc785\ub2c8\ub2e4.<\/p>","protected":false},"author":1,"featured_media":18720,"parent":14322,"menu_order":0,"comment_status":"closed","ping_status":"closed","template":"elementor_theme","meta":{"_eb_attr":"","footnotes":""},"class_list":["post-16212","page","type-page","status-publish","has-post-thumbnail"],"_links":{"self":[{"href":"https:\/\/travelshelper.com\/ko\/wp-json\/wp\/v2\/pages\/16212","targetHints":{"allow":["GET"]}}],"collection":[{"href":"https:\/\/travelshelper.com\/ko\/wp-json\/wp\/v2\/pages"}],"about":[{"href":"https:\/\/travelshelper.com\/ko\/wp-json\/wp\/v2\/types\/page"}],"author":[{"embeddable":true,"href":"https:\/\/travelshelper.com\/ko\/wp-json\/wp\/v2\/users\/1"}],"replies":[{"embeddable":true,"href":"https:\/\/travelshelper.com\/ko\/wp-json\/wp\/v2\/comments?post=16212"}],"version-history":[{"count":0,"href":"https:\/\/travelshelper.com\/ko\/wp-json\/wp\/v2\/pages\/16212\/revisions"}],"up":[{"embeddable":true,"href":"https:\/\/travelshelper.com\/ko\/wp-json\/wp\/v2\/pages\/14322"}],"wp:featuredmedia":[{"embeddable":true,"href":"https:\/\/travelshelper.com\/ko\/wp-json\/wp\/v2\/media\/18720"}],"wp:attachment":[{"href":"https:\/\/travelshelper.com\/ko\/wp-json\/wp\/v2\/media?parent=16212"}],"curies":[{"name":"wp","href":"https:\/\/api.w.org\/{rel}","templated":true}]}}