{"id":15420,"date":"2024-09-20T23:51:22","date_gmt":"2024-09-20T23:51:22","guid":{"rendered":"https:\/\/travelshelper.com\/staging\/?page_id=15420"},"modified":"2026-03-11T18:34:32","modified_gmt":"2026-03-11T18:34:32","slug":"%ec%9a%b8%eb%9e%80%eb%b0%94%ed%86%a0%eb%a5%b4","status":"publish","type":"page","link":"https:\/\/travelshelper.com\/ko\/destinations\/asia\/mongolia\/ulaanbaatar\/","title":{"rendered":"\uc6b8\ub780\ubc14\ud1a0\ub974"},"content":{"rendered":"<p>\uc6b8\ub780\ubc14\ud1a0\ub974\ub294 \uace0\uc9c0\ub300\uc758 \uacf5\uae30\uac00 \uad11\ud65c\ud55c \ubabd\uace8 \ucd08\uc6d0\uacfc \ub9cc\ub098\ub294 \uc9c0\uc810\uc5d0 \uc790\ub9ac \uc7a1\uace0 \uc788\uc2b5\ub2c8\ub2e4. \ud574\ubc1c \uc57d 1,350m\uc5d0 \uc704\uce58\ud55c \uc6b8\ub780\ubc14\ud1a0\ub974\ub294 \uc140\ub81d\uac8c \uac15\uc758 \uc9c0\ub958\uc778 \ud234 \uac15\uc774 \uae4e\uc544 \ub9cc\ub4e0 \uacc4\uace1\uc5d0 \uc790\ub9ac \uc7a1\uace0 \uc788\uc2b5\ub2c8\ub2e4. \uc11c\ucabd\uc73c\ub85c\ub294 \uc1a1\uae30\ub178 \uce74\uc774\ub974\ud55c, \ubd81\ucabd\uc73c\ub85c\ub294 \uce6d\uac94\ud14c\uc774\uc640 \ubc14\uc580\uc8fc\ub974\ud750, \ub0a8\ucabd\uc73c\ub85c\ub294 \uc232\uc774 \uc6b0\uac70\uc9c4 \ubcf5\ub4dc \uce78 \uc0b0 \ub4f1 \ub124 \uac1c\uc758 \ubd09\uc6b0\ub9ac\uc5d0 \ub458\ub7ec\uc2f8\uc778 \uc774 \ub3c4\uc2dc\ub294 \uc2dc\ubca0\ub9ac\uc544 \uace0\uae30\uc555\uc758 \uc601\ud5a5\uc744 \ubc1b\uc544 \ud639\ub3c5\ud55c \uaca8\uc6b8\uacfc \uc9e7\uace0 \ub530\ub73b\ud55c \uc5ec\ub984\uc744 \ub9de\uc774\ud569\ub2c8\ub2e4. \uc601\ud558 40\ub3c4\uc758 \ucd94\uc704\uac00 \ucc3e\uc544\uc624\ub294 \uc544\uce68 \ub0a0\uc528\uc5d0\ub3c4 \ubd88\uad6c\ud558\uace0, \uc6b8\ub780\ubc14\ud1a0\ub974\uc758 \uc5f0\ud3c9\uade0 \uae30\uc628\uc740 0.2\ub3c4\uc5d0 \ubd88\uacfc\ud558\uc5ec \uc138\uacc4\uc5d0\uc11c \uac00\uc7a5 \ucd94\uc6b4 \uc218\ub3c4\ub85c, \uadf8\ub9b0\ub780\ub4dc\uc758 \ub204\ud06c\uc640 \uac19\uc740 \uadf9\ud55c\uc758 \ucd94\uc704\ub97c \uc790\ub791\ud569\ub2c8\ub2e4. \uae30\ud6c4\ub294 \ud55c\ub7ad \ubc18\uac74\uc870(BSk)\uc640 \uc544\ubd81\uadf9(Dwc) \uae30\ud6c4\uc758 \uacbd\uacc4\uc5d0 \uac78\uccd0 \uc788\uc73c\uba70, 7\uc6d4\uc758 39\u00b0C\uc5d0 \ub2ec\ud558\ub294 \ub728\uac70\uc6b4 \ucd5c\uace0 \uae30\uc628\uacfc 1\uc6d4\uc758 \ubd81\uadf9\uc758 \uc815\uc801 \uc0ac\uc774\uc758 \uae09\uaca9\ud55c \ubcc0\ud654\uac00 \uac74\ucd95\uacfc \uc0dd\ud65c \ubc29\uc2dd\uc744 \ud615\uc131\ud588\uc2b5\ub2c8\ub2e4.<\/p>\n\n\n\n<p>\ud604\ub300 \uc6b8\ub780\ubc14\ud1a0\ub974\ub294 1639\ub144 \ubabd\uace8 \ubd88\uad50 \ucd5c\ucd08\uc758 \uc601\uc801 \uc9c0\ub3c4\uc790 \uc790\ub098\ubc14\uc790\ub974\uac00 \uc678\ub974\uad34(\u00d6rg\u00f6\u00f6)\ub77c\ub294 \uc774\ub3d9\uc2dd \uc218\ub3c4\uc6d0\uc744 \uc124\ub9bd\ud55c \ub370\uc11c \uadf8 \ubfcc\ub9ac\ub97c \ucc3e\uc744 \uc218 \uc788\uc2b5\ub2c8\ub2e4. \uc720\ubaa9\ubbfc\uc774\uc5c8\ub358 \uc774 \uc885\uad50 \uc911\uc2ec\uc9c0\ub294 \uac70\uc758 140\ub144 \ub3d9\uc548 29\ubc88\uc774\ub098 \uc62e\uaca8 \ub2e4\ub2c8\uba70 \ubabd\uace8 \uc720\ubaa9 \uc0ac\ud68c\uc758 \ud750\ub984\uc5d0 \uc5bd\ub9e4\uc600\uc2b5\ub2c8\ub2e4. \uc678\ub974\uad34\ub294 1778\ub144\uc5d0\uc57c \ube44\ub85c\uc18c \uc774\ub3d9\uc758 \ub2aa\uc5d0\uc11c \ubc97\uc5b4\ub098 \ub7ec\uc911 \uad6d\uacbd\uc758 \uceac\ud750\ud0c0\uc640 \ubca0\uc774\uc9d5\uc744 \uc787\ub294 \ub300\uc0c1\ub85c\ub97c \ub530\ub77c \ud234 \uac15 \uadfc\ucc98\uc5d0 \uc815\ubc15\ud588\uc2b5\ub2c8\ub2e4. 1911\ub144 \uccad\ub098\ub77c\uac00 \uba78\ub9dd\ud558\uc790, \uc774 \ub3c4\uc2dc\ub294 \uc885\uad50\uc801 \uae30\uc6d0\uc744 \ub118\uc5b4 \ub3c5\ub9bd\uc758 \ub3c4\uac00\ub2c8\ub85c \uae09\ubd80\uc0c1\ud588\uc2b5\ub2c8\ub2e4. \uc774\uacf3\uc740 \uc81c8\ub300 \uc81c\ube0c\ucd98\ub2f4\ubc14 \ucfe0\ud22d\ud22c \uce58\ud558\uc5d0\uc11c \ub2e8\uba85\ud55c \ubcf4\uadf8\ub4dc \uce78\uad6d\uc758 \uc218\ub3c4\uac00 \ub418\uc5c8\uace0, 1921\ub144 \uacf5\uc0b0\uc8fc\uc758 \ud601\uba85 \uc774\ud6c4 1924\ub144 \ubabd\uace8 \uc778\ubbfc \uacf5\ud654\uad6d\uc774 \ud0c4\uc0dd\ud558\uba74\uc11c \uc6b8\ub780\ubc14\ud1a0\ub974(\ubd89\uc740 \uc601\uc6c5)\ub85c \uac1c\uce6d\ub418\uc5c8\uc2b5\ub2c8\ub2e4.<\/p>\n\n\n\n<p>1950\ub144\ub300 \uc18c\ub828 \uc2dc\ub300\uc758 \ub3c4\uc2dc \uacc4\ud68d\uc740 \uc6b8\ub780\ubc14\ud1a0\ub974\uc758 \ubaa8\uc2b5\uc744 \uc644\uc804\ud788 \ubc14\uafb8\uc5b4 \ub193\uc558\uc2b5\ub2c8\ub2e4. \ubaa9\uc870 \uac8c\ub974\uac00 \ud68d\uc77c\uc801\uc778 \uc544\ud30c\ud2b8 \ub2e8\uc9c0\ub85c \ubcc0\ubaa8\ud558\uace0, \ub300\ub85c\uac00 \ub113\uc5b4\uc84c\uc73c\uba70, \uad11\uc7a5\uc740 \uc0c8\ub85c\uc6b4 \uc704\uc6a9\uc744 \ub4dc\ub7ec\ub0c8\uc2b5\ub2c8\ub2e4. \ub3c4\uc2dc\uc758 \uc911\uc2ec\ubd80\uc5d0 \uc788\ub294 \uc218\ud750\ubc14\ud0c0\ub974 \uad11\uc7a5\uc5d0\ub294 \uc774 \ub3c4\uc2dc\uc758 \uc601\uc6c5\ub4e4\uc774 \uc0dd\uc0dd\ud558\uac8c \uc804\uc2dc\ub418\uc5b4 \uc788\uc2b5\ub2c8\ub2e4. \ub9d0\uc744 \ud0c4 \ub2f4\ub518 \uc218\ud750\ubc14\ud0c0\ub974\uc640, \uc815\ubd80 \uad81\uacfc \ud3c9\ud654\ub85c\ub97c \uc0ac\uc774\uc5d0 \ub450\uace0 \ubd81\ucabd\uc744 \ubc14\ub77c\ubcf4\ub294 \uce6d\uae30\uc988\uce78\uc758 \ubaa8\uc2b5\uc774 \uadf8 \uc608\uc785\ub2c8\ub2e4. \ud558\uc9c0\ub9cc \uacfc\uac70\uc758 \uc720\ubb3c\ub4e4\uc740 \uc5ec\uc804\ud788 \u200b\u200b\ub0a8\uc544 \uc788\uc2b5\ub2c8\ub2e4. \uac04\ub2e8\ud14c\uadf8\uce5c\ub80c \uc0ac\uc6d0, \ubcf5\ub4dc \uce78\uc758 \uaca8\uc6b8 \uad81\uc804, \ucd08\uc774\uc9c4 \ub77c\ub9c8 \uc0ac\uc6d0\uc740 \ud55c\ub54c \uc21c\ub840\uc790\ub4e4\uc758 \uc21c\ub840\uae38\uc774\uc5c8\ub358 \uc774 \uc218\ub3c4\uc6d0 \ub3c4\uc2dc\uc758 \ud754\uc801\uc744 \uac04\uc9c1\ud558\uace0 \uc788\uc73c\uba70, \ud604\uc7ac\ub294 \ub3c4\ub85c\ub9dd\uc5d0 \uc0c8\uaca8\uc838 \uc788\uc2b5\ub2c8\ub2e4. 1990\ub144 \ubbfc\uc8fc\ud654 \uc2dc\uc704\ub85c \uc77c\ub2f9 \ub3c5\uc7ac\uac00 \ubb34\ub108\uc9c4 \uc774\ud6c4, \uc6b8\ub780\ubc14\ud1a0\ub974\ub294 \uc804\ub840 \uc5c6\ub294 \uaddc\ubaa8\uc758 \uc774\uc8fc\ubbfc\uc744 \ubc1b\uc544\ub4e4\uc600\uc73c\uba70, 2007\ub144 100\ub9cc \uba85 \ubbf8\ub9cc\uc774\uc5c8\ub358 \uc778\uad6c\ub294 2022\ub144 \ub9d0\uae4c\uc9c0 \uc57d 160\ub9cc \uba85\uc73c\ub85c \ub450 \ubc30\ub85c \ub298\uc5b4\ub0ac\uc2b5\ub2c8\ub2e4.<\/p>\n\n\n\n<p>\uae09\uc18d\ud55c \uc131\uc7a5\uc740 \uc0ac\ud68c \uae30\ubc18 \uc2dc\uc124\uc744 \uc55e\uc9c0\ub974\uba70, \ubd81\ubd80 \uc678\uacfd\uc758 \uac8c\ub974 \uc9c0\uc5ed\uc5d0 \uac70\uc8fc\ud558\ub294 \uc8fc\ubbfc\uc758 3\ubd84\uc758 2\ub97c \ub0a8\uaca8\ub450\uace0 \uc788\uc2b5\ub2c8\ub2e4. \uc548\uc815\uc801\uc778 \ubb3c\uacfc \u200b\u200b\uc704\uc0dd \uc2dc\uc124, \ud3ec\uc7a5\ub3c4\ub85c\uac00 \ubd80\uc871\ud55c \uc774 \uc9c0\uc5ed \uc8fc\ubbfc\ub4e4\uc740 \uc9c1\uc811 \uc9c0\uc740 \uac8c\ub974\uc640 \uc11d\ud0c4 \ub09c\ub85c\uc5d0 \uc758\uc874\ud569\ub2c8\ub2e4. \uaca8\uc6b8\uc5d0\ub294 \uc6b8\ub780\ubc14\ud1a0\ub974\uac00 \uc138\uacc4 \ucd5c\uc545\uc758 \ub300\uae30 \uc9c8 \uc21c\uc704\ub97c \uae30\ub85d\ud558\uba74\uc11c \ub3c4\uc2dc \uc804\uccb4\uac00 \uc9c8\uc2dd\ud560 \ub4ef\ud55c \uc548\uac1c\uc5d0 \ud729\uc2f8\uc785\ub2c8\ub2e4. \uc18c\uc544 \ud3d0\ub834 \ubc1c\uc0dd\ub960\uc774 \uc99d\uac00\ud558\uace0, \uc2e4\ud5d8\uc2e4\uc5d0\uc11c \uce21\uc815\ud55c \ubbf8\uc138\uba3c\uc9c0 \uc218\uce58\ub97c \ubcf4\uba74 \uacf5\uc911 \ubcf4\uac74\uc758 \ubd80\ub2f4\uc774 \uac00\uc2dc\ud654\ub429\ub2c8\ub2e4. \ud55c\ud3b8, \ub0b4\ub959 \uc9c0\uc5ed\uc5d0\uc11c\ub294 \uac74\uc124 \ubd90\uc73c\ub85c \uc0c8\ub85c\uc6b4 \uace0\uce35 \ube4c\ub529\ub4e4\uc774 \ud558\ub298 \ub192\uc774 \uce58\uc19f\uace0 \uc788\uc2b5\ub2c8\ub2e4. \uc77c\ubd80\ub294 \ud5c8\uac00\ub97c \ubc1b\uc558\uace0, \uc77c\ubd80\ub294 \ubc95\uc801\uc73c\ub85c \ubbf8\ube44\ud55c \uc0c1\ud0dc\ub85c \uac74\uc124\ub418\uace0 \uc788\uc2b5\ub2c8\ub2e4. \uc774\ub294 \uacbd\uc81c\uac00 \ud65c\ubc1c\ud558\uba74\uc11c\ub3c4 \uaddc\uc81c\uac00 \uc5c6\ub2e4\ub294 \uac83\uc744 \ubcf4\uc5ec\uc90d\ub2c8\ub2e4.<\/p>\n\n\n\n<p>\ubabd\uace8\uc758 \uc815\uce58 \ubc0f \uae08\uc735 \uc911\uc2ec\uc9c0\uc778 \uc6b8\ub780\ubc14\ud1a0\ub974\ub294 \uc2dc \uacbd\uacc4 \ub0b4\uc5d0 \ubabd\uace8 \uc778\uad6c\uc758 \uac70\uc758 \uc808\ubc18\uc774 \uac70\uc8fc\ud558\uace0 \uc788\uc2b5\ub2c8\ub2e4. \uc218\ub3c4\uc778 \uc900\ubaa8\ub4dc\uac00 \ub0a8\ucabd\uc73c\ub85c 43km \ub5a8\uc5b4\uc9c4 \uc778\uadfc \ud1f4\ube0c \uc8fc\uc640 \ubcc4\ub3c4\ub85c \ud1b5\uce58\ub418\ub294 \uc774 \ub3c4\uc2dc\uc5d0\ub294 \ubabd\uace8\uc758 \ubb38\ud654 \uae30\uad00, \uae30\uc5c5 \ubcf8\uc0ac, \uad50\ud1b5\ub9dd\uc774 \uc9d1\uc911\ub418\uc5b4 \uc788\uc2b5\ub2c8\ub2e4. MCS \uadf8\ub8f9, \ud0c0\ubc18 \ubcf5\ub4dc, \ubaa8\ube44\ucf64\uc740 \uc774\uacf3\uc5d0 \uae30\ubc18\uc744 \ub454 \uad6d\ub0b4 \ub300\uae30\uc5c5\uc73c\ub85c \uaf3d\ud788\uba70, \ubcf4\ub8e8\uc640 \uadf8 \ub108\uba38\uc758 \uc778\uadfc \uae08\uad11\uc744 \uac1c\ubc1c\ud558\ub294 \uc678\uad6d \uad11\uc0b0 \uae30\uc5c5\ub4e4\ub3c4 \uc5ec\uae30\uc5d0 \uc788\uc2b5\ub2c8\ub2e4. \uc11c\ube44\uc2a4 \uc0b0\uc5c5\uc740 \ub3c4\uc2dc GDP\uc758 \uc57d 43%\ub97c \ucc28\uc9c0\ud558\uace0, \uad11\uc5c5\uc740 25%\ub97c \ucc28\uc9c0\ud569\ub2c8\ub2e4. \uadf8\ub7ec\ub098 2008\ub144 \uacbd\uae30 \uce68\uccb4\uc5d0\uc11c \ub098\ud0c0\ub0ac\ub4ef\uc774 \uc6d0\uc790\uc7ac \uac00\uaca9 \ubcc0\ub3d9\uc131\uc740 \uae30\uc220, \uae08\uc735, \uad00\uad11 \ubd84\uc57c\uc758 \uc2a4\ud0c0\ud2b8\uc5c5\uc744 \ud0c4\uc0dd\uc2dc\ud0a4\uba70 \ub2e4\uac01\ud654 \ub178\ub825\uc744 \ucd09\uc9c4\ud558\uace0 \uc788\uc2b5\ub2c8\ub2e4.<\/p>\n\n\n\n<p>\uc774 \ub3c4\uc2dc\uc801\uc778 \ud0dc\ud53c\uc2a4\ud2b8\ub9ac \uc548\uc5d0\ub294 \uace0\ub300\uc640 \ud604\ub300\uc758 \uc608\uc220 \uc591\uc2dd\uc774 \ubc88\uc131\ud569\ub2c8\ub2e4. \uc218\ub3c4\uc6d0\ub4e4\uc740 \ubcf4\ubb3c\ub4e4\uc744 \ubcf4\ud638\ud569\ub2c8\ub2e4. \uac04\ub2e8 \uc0ac\uc6d0\uc758 26.5\ubbf8\ud130 \uae08\ubc15 \uad00\uc138\uc74c\ubcf4\uc0b4\uc0c1\uacfc \ucd08\uc774\uc9c4 \ub77c\ub9c8 \uc0ac\uc6d0\uc758 \uc9c4\uadc0\ud55c \uc720\ubb3c\ub85c \uac00\ub4dd \ucc2c \uac24\ub7ec\ub9ac\ub294 \uc218\ub9ce\uc740 \uc885\uad50 \uc720\uc801\uc9c0\ub97c \ud30c\uad34\ud588\ub358 \uc219\uccad \uc18d\uc5d0\uc11c\ub3c4 \uc0b4\uc544\ub0a8\uc558\uc2b5\ub2c8\ub2e4. \uc790\ub098\ubc14\uc790\ub974 \ubbf8\uc220\uad00\uc5d0\ub294 \ubabd\uace8\uc5d0\uc11c \uac00\uc7a5 \uc800\uba85\ud55c \uc608\uc220\uac00\uc774\uc790 \uc131\uc778\uc758 \uac78\uc791\ub4e4\uc774 \uc18c\uc7a5\ub418\uc5b4 \uc788\uc73c\uba70, \uad6d\ub9bd \ubc15\ubb3c\uad00\uc740 \uc120\uc0ac \uc2dc\ub300\ubd80\ud130 \ubabd\uace8 \uc81c\uad6d\uc5d0 \uc774\ub974\uae30\uae4c\uc9c0 \uc778\ub958\uc758 \ubc1c\uc790\ucde8\ub97c \ub530\ub77c\uac11\ub2c8\ub2e4. \uc6b8\ub780\ubc14\ud1a0\ub974 \uc624\ud398\ub77c \ud558\uc6b0\uc2a4\ub294 \ubcf4\uc2a4\ud134 \uacf5\uc5f0 \uc608\uc220\ub2e8\uacfc \uac19\uc740 \uae30\uad00\ub4e4\uacfc \ud611\ub825\ud558\uc5ec \ubc1c\ub808\uc640 \uad50\ud5a5\uace1\uc744 \uacf5\uc5f0\ud569\ub2c8\ub2e4. \ud22c\uba58 \uc5d0\ud750, \ubaa8\ub9b0 \ud6c4\ub974 \uc559\uc0c1\ube14, \uad6d\ub9bd \uadf8\ub79c\ub4dc \uad6d\ub9bd \uc624\ucf00\uc2a4\ud2b8\ub77c \ub4f1\uc758 \ubbfc\uc18d \uc559\uc0c1\ube14\uc740 \uc804 \uc138\uacc4\ub97c \uc21c\ud68c\ud558\uba70 \uc7a5\uac00, \ub9c8\ub450\uae08, \ucc38 \uac00\uba74\uadf9\uc758 \uc6b8\ub9bc\uc744 \uba3c \ubb34\ub300\uae4c\uc9c0 \uc804\ud569\ub2c8\ub2e4.<\/p>\n\n\n\n<p>\uacf5\uc6d0\uacfc \ubcf4\ud638\uad6c\uc5ed\uc774 \ub3c4\uc2dc\ub97c \ub458\ub7ec\uc2fc \ud638\ub97c \ud615\uc131\ud569\ub2c8\ub2e4. 12\uc138\uae30 \ubcf4\uc874 \uc9c0\uc5ed\uc758 \uc720\ubb3c\uc778 6\ub9cc 7,300\ud5e5\ud0c0\ub974 \uaddc\ubaa8\uc758 \ubcf5\ub4dc \uce78 \uc6b8 \ubcf4\ud638\uad6c\uc5ed\uc740 \uce21\uba74\uc5d0 \ub099\uc5fd\uc1a1\uacfc \uc18c\ub098\ubb34 \uc232\uc744 \ubcf4\ud638\ud558\uace0 \uc788\uc73c\uba70, 12\uc138\uae30 \ub9cc\uc8fc\uc2a4\ub9ac \uc0ac\uc6d0 \uc720\uc801\uacfc \uc5b4\uc6b0\ub7ec\uc838 \uc788\uc2b5\ub2c8\ub2e4. \ub3d9\ucabd\uc73c\ub85c 70km \ub5a8\uc5b4\uc9c4 \uace0\ub974\ud0a4 \ud14c\ub810\uc9c0 \uad6d\ub9bd\uacf5\uc6d0\uc740 \ub2f9\uc77c\uce58\uae30 \uc5ec\ud589\uac1d\uc744 \uc704\ud55c \ud558\uc774\ud0b9 \ucf54\uc2a4\uc640 40\ubbf8\ud130 \ub192\uc774\uc758 \uc9d5\uae30\uc2a4\uce78 \uae30\ub9c8\uc0c1\uc744 \uac16\ucd94\uace0 \uc788\uc73c\uba70, \uae30\ub2e8\uc5d0\ub294 \uae30\ub150\ud488 \uac00\ud310\ub300\uac00 \ube7d\ube7d\ud558\uac8c \ub4e4\uc5b4\uc11c \uc788\uc2b5\ub2c8\ub2e4. \ub3c4\uc2dc \uacbd\uacc4 \ub0b4\uc5d0\ub294 10\ub9cc \uadf8\ub8e8\uac00 \ub118\ub294 \ub098\ubb34\uac00 \uc2ec\uc5b4\uc9c4 55\ud5e5\ud0c0\ub974 \uaddc\ubaa8\uc758 \uad6d\ub9bd\uc815\uc6d0\uacf5\uc6d0\uc774 \uc788\uc73c\uba70, \uc2dc\ubbfc\ub4e4\uc5d0\uac8c \ud658\uacbd \ubcf4\ud638 \uad50\uc721\uc744 \uc81c\uacf5\ud558\uace0 \uc788\uc2b5\ub2c8\ub2e4. \ub610\ud55c, \uc791\uc740 \uc232\ub4e4\uc740 \uc61b \uc778\ubb3c\ub4e4\uc744 \uae30\ub9ac\uac70\ub098 \ud55c\uad6d\uacfc \ubabd\uace8\uc758 \uc6b0\ud638 \uad00\uacc4\ub97c \uc99d\uc9c4\ud558\ub294 \ub370 \uae30\uc5ec\ud558\uace0 \uc788\uc2b5\ub2c8\ub2e4.<\/p>\n\n\n\n<p>\uc6b8\ub780\ubc14\ud1a0\ub974\uc758 \uac70\ub9ac\ub294 \uc61b\uac83\uacfc \uc0c8\uac83\uc774 \ub4a4\uc11e\uc5ec \uc788\uc2b5\ub2c8\ub2e4. \ud55c\ub54c \uc678\ub974\uad34(\u00d6rg\u00f6\u00f6)\uc758 \ucd10\ub8b0(Ch\u00f6l\u00f6\u00f6)\uc600\ub358 \ud3c9\ud654\ub85c(Peace Avenue)\ub294 \uc911\uc559 \uad11\uc7a5\uc744 \ub3d9\uc11c\ub85c \uac00\ub85c\uc9c0\ub974\uba70, \ubcf4\ub3c4\uc5d0\ub294 \uad6d\ub9bd \ubc31\ud654\uc810\uacfc \ucc10 \ubd80\uc988(buuz)\uc640 \uacfc\uc790\ub97c \ud30c\ub294 \uce74\ud398\ub4e4\uc774 \ub298\uc5b4\uc11c \uc788\uc2b5\ub2c8\ub2e4. \uc774\ud06c \ud1a0\uc774\ub8e8(Ikh Toiruu) \uc21c\ud658\ub3c4\ub85c\ub294 \uc0ac\ub77c\uc9c4 \uc0ac\uc6d0\ub4e4\uc744 \ub458\ub7ec\uc2fc \uc21c\ub840\uc790\ub4e4\uc758 \uae30\ub3c4\ub85c\ub97c \ub530\ub77c \uc774\uc5b4\uc9c0\uba70, \uc77c\ubcf8\uc758 \uc9c0\uc6d0\uc73c\ub85c \uac74\uc124\ub41c \ud0dc\uc591\uc758 \uae38, \ub098\ub974\ub2c8 \uc7a0(Narnii Zam)\uacfc \uad50\ucc28\ud569\ub2c8\ub2e4. \ubc14\ub85c \ub108\uba38\ub85c \ubd81\ucabd \uac8c\ub974(ger) \uad6c\uc5ed\uc774 \uc19f\uc544 \uc788\uc73c\uba70, \ube44\uacf5\uc2dd\uc801\uc778 \uc2dc\uc7a5\ub4e4\uc774 \uaca9\uc790\ucc98\ub7fc \uc990\ube44\ud55c \ud759\uae38\uc744 \ub530\ub77c \ub298\uc5b4\uc11c \uc788\uc2b5\ub2c8\ub2e4. \ub0a8\ucabd\uc73c\ub85c\ub294 \ud22c\uc6b8(Tuul) \uc9c0\uc5ed\uc73c\ub85c \uc774\uc5b4\uc9c0\ub294 \ubd80\uc720\ud55c \ub3d9\ub124\ub4e4\uc774 \ud3bc\uccd0\uc838 \uc788\uc2b5\ub2c8\ub2e4. \ub7ec\uc2dc\uc544 \ub2e4\ucc28\ub97c \uc5f0\uc0c1\uc2dc\ud0a4\ub294 \uc8fc\uc2ac\ub780(zuslan)\uc774\ub77c\ub294 \uc774\ub984\uc758 \uc5ec\ub984 \ub2e4\ucc28\ub4e4\uc774 \uc0ac\uc2dc\ub098\ubb34\uc640 \ubc84\ub4dc\ub098\ubb34 \uc0ac\uc774\uc5d0 \uc790\ub9ac \uc7a1\uace0 \uc788\uc5b4 \uc8fc\ub9d0\uc5d0\ub294 \ubc14\ube44\ud050 \ud30c\ud2f0\uac00 \uc5f4\ub9ac\uace0, \uac00\ub054\uc740 \ud558\ub8e8\uac00 \ub05d\ub0a0 \ubb34\ub835 \ubaa9\ub3d9\uc758 \ub9d0\uc774 \ud480\uc744 \ub72f\ub294 \ubaa8\uc2b5\uc744 \ubcfc \uc218 \uc788\uc2b5\ub2c8\ub2e4.<\/p>\n\n\n\n<p>66\ub9cc \ub300\uac00 \ub118\ub294 \ub4f1\ub85d \ucc28\ub7c9\uc774 \uc788\ub294 \uc774 \ub3c4\uc2dc\ub294 \ub300\uc911\uad50\ud1b5\uc73c\ub85c \uc6b4\uc601\ub418\uace0 \uc788\uc2b5\ub2c8\ub2e4. \ubc84\uc2a4\uac00 \uac00\uc7a5 \ub9ce\uc774 \uc774\uc6a9\ub418\ub294\ub370, 19\uac1c \ud68c\uc0ac\uc758 950\ub300 \ucc28\ub7c9\uc774 105\uac1c \ub178\uc120\uc744 \uc6b4\ud589\ud558\uba70 \ub9e4\uc77c \uc57d 50\ub9cc \uba85\uc758 \uc2b9\uac1d\uc744 \uc218\uc1a1\ud569\ub2c8\ub2e4. 2015\ub144\uc5d0\ub294 &#034;U \uba38\ub2c8&#034; \uc2a4\ub9c8\ud2b8\uce74\ub4dc \uc694\uae08 \uc2dc\uc2a4\ud15c\uc774 \ucc28\uc7a5\uc744 \ub300\uccb4\ud558\uc5ec \uc131\uc778 1\uc778\ub2f9 300~500\ud22c\uadf8\ub9ad(\uc57d 100~150\uc6d0)\uc758 \uc694\uae08\uc744 \uc808\uac10\ud560 \uc218 \uc788\uc5c8\uc2b5\ub2c8\ub2e4. \ud2b8\ub864\ub9ac\ubc84\uc2a4\uc640 \ubbf8\ub2c8\ubc84\uc2a4\uac00 \ube48\uc790\ub9ac\ub97c \uba54\uc6b0\uace0 \uc788\uc73c\uba70, \ud604\uc7ac 372\ub300\uc5d0 \ub2ec\ud558\ub294 \uacf5\uc2dd \ud0dd\uc2dc\uac00 \uc9c0\uc815\ub41c \ub178\uc120\uc744 \uc6b4\ud589\ud558\ub294 \ubc18\uba74, \ubb34\uba74\ud5c8 \ud0dd\uc2dc\uc640 UBCab\uacfc \uac19\uc740 \uc2b9\ucc28 \uacf5\uc720 \uc571\uc740 \uadf8\ub298\uc5d0\uc11c \ubc88\uc131\ud558\uace0 \uc788\uc2b5\ub2c8\ub2e4. \ud53c\uc2a4 \uc560\ube44\ub274, \uc774\ud06c \ud1a0\uc774\ub8e8, \ub098\ub974\ub2c8 \uc7a0, \uce6d\uae30\uc988 \uc560\ube44\ub274\ub97c \ub530\ub77c \uad50\ud1b5\ub7c9\uc774 \uac10\uc18c\ud558\uace0 \uc788\uc73c\uba70, 2021\ub144 \ub7ec\uc2dc\uc544\uc6cc \ud3c9\uade0 \uc18d\ub3c4\ub294 \uc2dc\uc18d 9km \ubbf8\ub9cc\uc73c\ub85c \ub5a8\uc5b4\uc9c8 \uac83\uc73c\ub85c \uc608\uc0c1\ub418\uba70, \uad50\ud1b5 \uccb4\uc99d\uc774 \uc2ec\ud654\ub428\uc5d0 \ub530\ub77c \ub354\uc6b1 \ub454\ud654\ub420 \uac83\uc73c\ub85c \uc608\uc0c1\ub429\ub2c8\ub2e4.<\/p>\n\n\n\n<p>\ucca0\ub3c4\ub294 \ubabd\uace8 \ud6a1\ub2e8 \ucca0\ub3c4\ub97c \ud1b5\ud574 \uc6b8\ub780\ubc14\ud1a0\ub974\uc640 \ub7ec\uc2dc\uc544, \uc911\uad6d\uc744 \uc5f0\uacb0\ud558\uba70, \ub2e4\uc12f \uac1c\uc758 \ud5ec\ub9ac\ud328\ub4dc\uac00 \ub3c4\uc2dc \uc2a4\uce74\uc774\ub77c\uc778\uc744 \uc7a5\uc2dd\ud569\ub2c8\ub2e4. 2021\ub144 \ud1f4\ube0c \uc8fc \uc138\ub974\uac94\ub80c\uc5d0 \uac1c\ud56d\ud55c \uce6d\uae30\uc988\uce78 \uad6d\uc81c\uacf5\ud56d\uc740 \uae30\uc874\uc758 \ubd80\uc580\ud2b8-\uc6b0\ud558 \uacf5\ud56d\uc744 \ub300\uccb4\ud588\uc2b5\ub2c8\ub2e4. \uce6d\uae30\uc988\uce78 \uad6d\uc81c\uacf5\ud56d \ud130\ubbf8\ub110\uc5d0\ub294 \uc720\ub7fd, \ub3d9\uc544\uc2dc\uc544, \uadf8\ub9ac\uace0 \uad6d\ub0b4 \uc544\uc774\ub9c9 \uc13c\ud130\ub85c \uac00\ub294 \ub178\uc120\ub4e4\uc774 \uc788\uc73c\uba70, \uc154\ud2c0\ubc84\uc2a4\uc640 \uace0\uc18d\ub3c4\ub85c\ub85c \ub3c4\uc2dc\uc640 \uc5f0\uacb0\ub429\ub2c8\ub2e4. \uc2dc\ub0b4 \uad50\ud1b5 \uacc4\ud68d \ub2f4\ub2f9\uc790\ub4e4\uc740 \ud64d\uc218 \ubb38\uc81c\uc5d0 \uc5b4\ub824\uc6c0\uc744 \uacaa\uace0 \uc788\uc2b5\ub2c8\ub2e4. \ud3ec\uc7a5\ub3c4\ub85c\uc758 \ubc30\uc218 \uc2dc\uc124\uc774 16%\uc5d0 \ubd88\uacfc\ud558\uc5ec \ubd04\ucca0 \ud574\ube59\uc73c\ub85c \uac8c\ub974 \ub9c8\uc744\uc5d0 \ubb3c\uc774 \ucc28\ub294 \uc704\ud5d8\uc774 \uc788\uc2b5\ub2c8\ub2e4.<\/p>\n\n\n\n<p>\ubc29\ubb38\uac1d\ub4e4\uc5d0\uac8c\ub294 \uc2e4\uc6a9\uc131\uacfc \uc5ed\uc0ac\uac00 \uacf5\uc874\ud569\ub2c8\ub2e4. ATM\ub3c4 \ud48d\ubd80\ud569\ub2c8\ub2e4. \uace8\ub86c\ud2b8\uc640 TDB \uc740\ud589\uc740 \uad6d\uc81c \uce74\ub4dc\ub85c \ud1f4\uadf8\ub8b0(t\u00f6gr\u00f6g)\ub97c \ubc1c\uae09\ud558\uc9c0\ub9cc, \uc218\uc218\ub8cc\ub294 \uc57d 3%\uc774\uba70, \uacf5\ud56d ATM\uc5d0\uc11c\ub9cc \uc2dc\ub7ec\uc2a4(Cirrus)\ub97c \uc0ac\uc6a9\ud560 \uc218 \uc788\uc2b5\ub2c8\ub2e4. \ud53c\uc2a4 \uc560\ube44\ub274(Peace Avenue)\ub97c \ub530\ub77c \ub298\uc5b4\uc120 \ud658\uc804\uc18c\ub294 \uacbd\uc7c1\ub825 \uc788\ub294 \ud658\uc728\uc744 \uc81c\uacf5\ud558\uba70, \uc8fc\uc694 \ud638\ud154\uc5d0\uc11c\ub294 24\uc2dc\uac04 \ud658\uc804 \uc11c\ube44\uc2a4\ub97c \uc81c\uacf5\ud569\ub2c8\ub2e4. \ubc94\uc8c4\ub294 \uc678\uacfd \uc9c0\uc5ed\uc5d0 \uc9d1\uc911\ub418\uc5b4 \uc788\uc2b5\ub2c8\ub2e4. \uac8c\ub974(ger) \uc9c0\uc5ed, \ubd88\ube5b\uc774 \uc5c6\ub294 \uace8\ubaa9\uae38, \ubd90\ube44\ub294 \uc2dc\uc7a5\uc740 \uc18c\ub9e4\uce58\uae30\uc5d0 \ub300\ud55c \uacbd\uacc4\ub97c \uc694\ud569\ub2c8\ub2e4. \uc2dc\ub0b4 \uc911\uc2ec\uac00\ub294 \ube44\uad50\uc801 \uc548\uc804\ud569\ub2c8\ub2e4. \uc220\uc5d0 \ucde8\ud55c \ud589\uc778\uc774 \uad00\ub828\ub41c \uc678\uad6d\uc778 \ud610\uc624 \uc0ac\uac74\uc774 \uac00\ub054 \ubc1c\uc0dd\ud558\uc9c0\ub9cc, \uc220\uc9d1\uacfc \ud0dd\uc2dc\ub97c \uc774\uc6a9\ud560 \ub54c\ub294 \uc2e0\uc911\ud574\uc57c \ud558\uace0, \ubc24\uc5d0\ub294 \ub2e8\uccb4\ub85c \uc774\ub3d9\ud558\uba74 \ub300\ubd80\ubd84\uc758 \uc704\ud5d8\uc744 \uc904\uc77c \uc218 \uc788\uc2b5\ub2c8\ub2e4.<\/p>\n\n\n\n<p>\uc5ec\uc12f \ubc88\uc9f8 \ub2e8\uacc4, \uc989 1639\ub144\ubd80\ud130 1778\ub144\uae4c\uc9c0\uc758 \uc218\ub3c4\uc6d0 \uc774\ub3d9, 1778\ub144\ubd80\ud130 1924\ub144\uae4c\uc9c0\uc758 \uccad\ub098\ub77c \uc6b0\ub974\uac00, 1924\ub144\ubd80\ud130 1990\ub144\uae4c\uc9c0\uc758 \uc0ac\ud68c\uc8fc\uc758 \uacf5\ud654\uad6d, 1990\ub144\ub300\uc758 \ubd88\ud669, \uadf8\ub9ac\uace0 2000\ub144\ub300 \uc774\ud6c4\uc758 \ud3ed\ubc1c\uc801\uc778 \uc131\uc7a5\uc5d0 \uc774\ub974\uae30\uae4c\uc9c0 \uc6b8\ub780\ubc14\ud1a0\ub974\ub294 \ub2e4\uc591\ud55c \uc815\uccb4\uc131\uc744 \ub4dc\ub7ec\ub0c5\ub2c8\ub2e4. \uac01 \ub2e8\uacc4\ub294 \ud754\uc801\uc744 \ub0a8\uae41\ub2c8\ub2e4. \uc0ac\uc6d0\uc758 \uc6b8\ud0c0\ub9ac\ub97c \ub5a0\uc62c\ub9ac\uac8c \ud558\ub294 \ub098\ubb34 \uc6b8\ud0c0\ub9ac, \uc720\ub9ac \uac19\uc740 \ud0d1\uc73c\ub85c \uc774\uc5b4\uc9c0\ub294 \uc18c\ub828 \uc2dc\ub300\uc758 \uc544\ud30c\ud2b8, \ub124\uc628\uc0ac\uc778\uc73c\ub85c \uac00\ub824\uc9c4 \uc9c4\ud759\ud22c\uc131\uc774 \uac8c\ub974. \uadf9\uc2ec\ud55c \uae30\uc628\uacfc \ubd88\ud3c9\ub4f1 \uc18d\uc5d0\uc11c\ub3c4 \uc6b8\ub780\ubc14\ud1a0\ub974\ub294 \ubabd\uace8\uc758 \uc911\ucd94\ub85c \ub0a8\uc544 \uc720\ubaa9\ubbfc\uc758 \uad00\uc2b5, \ubd88\uad50 \ud559\uc2b5, \uadf8\ub9ac\uace0 \uace0\ub09c\uc5d0 \ub300\ud55c \ud68c\ubcf5\ub825\uc744 \ubc14\ud0d5\uc73c\ub85c \ud604\ub300\uc131\uc744 \uad6c\ucd95\ud569\ub2c8\ub2e4. \ub04a\uc784\uc5c6\uc774 \ubcc0\ud654\ud558\ub294 \uc6b8\ub780\ubc14\ud1a0\ub974\uc758 \uc2a4\uce74\uc774\ub77c\uc778\uc740 \uadf8 \ub108\uba38\uc758 \ub300\ucd08\uc6d0\uc744 \ubc18\uc601\ud569\ub2c8\ub2e4. \ud558\ub298\ub85c \uc5f4\ub824 \uc788\uace0, \ubc14\ub78c\uc5d0 \uc758\ud574 \ud615\uc131\ub418\uace0, \uc774 \ucc28\uac00\uc6b4 \uacc4\uace1\uc744 \uace0\ud5a5\uc73c\ub85c \uc5ec\uae30\ub294 \uc0ac\ub78c\ub4e4\uc5d0 \uc758\ud574 \ud65c\uae30\ub97c \ub771\ub2c8\ub2e4.<\/p>","protected":false},"excerpt":{"rendered":"<p>\ubabd\uace8\uc758 \uc218\ub3c4\uc774\uc790 \ucd5c\ub300 \ub3c4\uc2dc\uc778 \uc6b8\ub780\ubc14\ud1a0\ub974\ub294 160\ub9cc \uba85\uc758 \uc778\uad6c\ub97c \uc790\ub791\ud558\uba70, \uc5f0\ud3c9\uade0 \uae30\uc628 \uae30\uc900\uc73c\ub85c \uc138\uacc4\uc5d0\uc11c \uac00\uc7a5 \ucd94\uc6b4 \uc218\ub3c4\ub85c \uc54c\ub824\uc838 \uc788\uc2b5\ub2c8\ub2e4. \ubabd\uace8 \ubd81\uc911\ubd80, \ud574\ubc1c \uc57d 1,300m\uc5d0 \uc704\uce58\ud55c \uc774 \ud65c\uae30 \ub118\uce58\ub294 \ub3c4\uc2dc\ub294 \uac70\uc758 4\uc138\uae30\uc5d0 \ub2ec\ud558\ub294 \ub9e4\ud639\uc801\uc778 \uc5ed\uc0ac\ub97c \uc790\ub791\ud569\ub2c8\ub2e4. \uc720\ubaa9 \ubd88\uad50 \uc0ac\uc6d0\uc758 \uc911\uc2ec\uc9c0\uc600\ub358 \uc6b8\ub780\ubc14\ud1a0\ub974\uac00 \ud604\ub300\uc801\uc778 \ub3c4\uc2dc \uc911\uc2ec\uc9c0\ub85c \ubcc0\ubaa8\ud55c \uac83\uc740 \ubabd\uace8\uc758 \ud48d\ubd80\ud55c \ubb38\ud654 \uc720\uc0b0\uacfc \uad6d\uac00\ub85c\uc11c\uc758 \ubc1c\uc804\uc744 \ubc18\uc601\ud569\ub2c8\ub2e4.<\/p>","protected":false},"author":1,"featured_media":3043,"parent":15411,"menu_order":0,"comment_status":"closed","ping_status":"closed","template":"elementor_theme","meta":{"_eb_attr":"","footnotes":""},"class_list":["post-15420","page","type-page","status-publish","has-post-thumbnail"],"_links":{"self":[{"href":"https:\/\/travelshelper.com\/ko\/wp-json\/wp\/v2\/pages\/15420","targetHints":{"allow":["GET"]}}],"collection":[{"href":"https:\/\/travelshelper.com\/ko\/wp-json\/wp\/v2\/pages"}],"about":[{"href":"https:\/\/travelshelper.com\/ko\/wp-json\/wp\/v2\/types\/page"}],"author":[{"embeddable":true,"href":"https:\/\/travelshelper.com\/ko\/wp-json\/wp\/v2\/users\/1"}],"replies":[{"embeddable":true,"href":"https:\/\/travelshelper.com\/ko\/wp-json\/wp\/v2\/comments?post=15420"}],"version-history":[{"count":0,"href":"https:\/\/travelshelper.com\/ko\/wp-json\/wp\/v2\/pages\/15420\/revisions"}],"up":[{"embeddable":true,"href":"https:\/\/travelshelper.com\/ko\/wp-json\/wp\/v2\/pages\/15411"}],"wp:featuredmedia":[{"embeddable":true,"href":"https:\/\/travelshelper.com\/ko\/wp-json\/wp\/v2\/media\/3043"}],"wp:attachment":[{"href":"https:\/\/travelshelper.com\/ko\/wp-json\/wp\/v2\/media?parent=15420"}],"curies":[{"name":"wp","href":"https:\/\/api.w.org\/{rel}","templated":true}]}}