{"id":14355,"date":"2024-09-19T09:05:58","date_gmt":"2024-09-19T09:05:58","guid":{"rendered":"https:\/\/travelshelper.com\/staging\/?page_id=14355"},"modified":"2026-03-11T23:15:53","modified_gmt":"2026-03-11T23:15:53","slug":"%ed%94%8c%ec%a0%a0","status":"publish","type":"page","link":"https:\/\/travelshelper.com\/ko\/destinations\/europe\/czech-republic\/plzen\/","title":{"rendered":"\ud50c\uc820"},"content":{"rendered":"<p>\ud50c\uc820\uc740 \ubbc0\uc81c \uac15, \uc6b8\ub77c\ubc14 \uac15, \uc6b8\uc2ac\ub77c\ubc14 \uac15, \ub77c\ub4dc\ubd80\uc790 \uac15, \ub124 \uac15\uc774 \ud569\ub958\ud558\ub294 \ub3c5\ud2b9\ud55c \uc704\uce58\ub97c \ucc28\uc9c0\ud558\uace0 \uc788\uc73c\uba70, \uc774 \ub124 \uac15\uc774 \ud569\uccd0\uc838 \ubca0\ub85c\uc6b4\uce74 \uac15\uc744 \ud615\uc131\ud569\ub2c8\ub2e4. \ud504\ub77c\ud558\uc5d0\uc11c \uc11c\ucabd\uc73c\ub85c \uc57d 78km \ub5a8\uc5b4\uc9c4 \uacf3\uc5d0 \uc704\uce58\ud55c \uc57d 18\ub9cc 8\ucc9c \uba85\uc758 \uc778\uad6c\ub97c \uac00\uc9c4 \uc774 \ub3c4\uc2dc\ub294 \uad6c\ub989\uc9c4 \ud50c\ub77c\uc2dc \uace0\uc6d0 \uc9c0\ub300\uc5d0 \uc790\ub9ac \uc7a1\uace0 \uc788\uc73c\uba70, \uadf8 \ubc1c\uc790\ucde8\ub294 \ub3d9\ucabd\uacfc \ub0a8\ucabd\uc73c\ub85c \uc288\ube44\ud638\ud504 \uace0\uc6d0\uae4c\uc9c0 \ubed7\uc5b4 \uc788\uc2b5\ub2c8\ub2e4. \ub3c4\uc2dc \uacbd\uacc4 \ub0b4\uc5d0\uc11c \uac00\uc7a5 \ub192\uc740 \uacf3\uc740 \ud574\ubc1c 416m\uc758 \ud074\ub8f8 \uc5b8\ub355\uc774\uba70, \ubca0\ub85c\uc6b4\uce74 \uac15 \ud558\uad6c\ub294 293m\uc5d0 \uc788\uc2b5\ub2c8\ub2e4. \ubd81\ucabd\uc73c\ub85c\ub294 \uc591\uc5b4\uc7a5\uc774 \ub3c4\uc2dc \uacbd\uacc4\ub97c \uc774\ub8e8\uace0 \uc788\uc73c\uba70, \ub77c\ub4dc\ubd80\uc790 \uac15\ubcc0\uc5d0 \uc788\ub294 \uccb4\uc2a4\ucf00\uc6b0\ub3cc\ub9ac \uc800\uc218\uc9c0\ub294 \ud50c\uc820\uc5d0\uc11c \uac00\uc7a5 \ud070 \uc218\uc5ed\uc785\ub2c8\ub2e4. \uc774\ub7ec\ud55c \uc9c0\ud615\uc740 7\uc138\uae30 \uc774\uc0c1 \uc774\uacf3\uc758 \uc815\ucc29\uacfc \uc0b0\uc5c5 \ubc1c\uc804\uc5d0 \uc601\ud5a5\uc744 \ubbf8\ucce4\uc2b5\ub2c8\ub2e4.<\/p>\n<p>\ud50c\uc820\uc758 \uae30\uc6d0\uc740 13\uc138\uae30 \ud6c4\ubc18, \ud504\ub808\ubbf8\uc2ac \uc655\uc870\uc758 \ud1b5\uce58 \uc544\ub798 \uc655\ub9bd \ub3c4\uc2dc\ub85c \uc778\uac00\ubc1b\uc73c\uba74\uc11c \uc2dc\uc791\ub418\uc5c8\uc2b5\ub2c8\ub2e4. \ubcf4\ud5e4\ubbf8\uc544\uc640 \ubc14\uc774\uc5d0\ub978\uc744 \uc5f0\uacb0\ud558\ub294 \uc911\uc694\ud55c \ubb34\uc5ed\ub85c\uc5d0 \uc704\uce58\ud55c \ud50c\uc820\uc740 \ube60\ub974\uac8c \ubc88\uc601\ud558\uc5ec 14\uc138\uae30 \uc911\ubc18\uc5d0\ub294 \ubcf4\ud5e4\ubbf8\uc544\uc5d0\uc11c \uc138 \ubc88\uc9f8\ub85c \ud070 \ub3c4\uc2dc\ub85c \uc790\ub9ac \uc7a1\uc558\uc2b5\ub2c8\ub2e4. \uadf8\ub7ec\ub098 \ud50c\uc820\uc758 \uc804\ub7b5\uc801 \uc911\uc694\uc131\uc740 \uc591\ub0a0\uc758 \uac80\uc774\uc5c8\uc2b5\ub2c8\ub2e4. 15\uc138\uae30 \ud6c4\uc2a4 \uc804\uc7c1 \ub2f9\uc2dc, \ud50c\uc820\uc740 \uc138 \ucc28\ub840\uc758 \ud3ec\uc704\ub97c \uacac\ub38c\ub0b4\uba70 \uc655\uad6d\uc744 \ub4a4\ud754\ub4e0 \uac1c\ud601 \uc138\ub825\uc5d0 \ub300\ud55c \uc800\ud56d\uc758 \uc694\uc0c8\ub85c \ub5a0\uc62c\ub790\uc2b5\ub2c8\ub2e4. \ud55c \uc138\uae30 \ud6c4, 30\ub144 \uc804\uc7c1 \ucd08\uae30\uc5d0 \ud50c\uc820\uc740 \ub2e4\uc2dc \ud55c\ubc88 \ud3ec\uc704 \uacf5\uaca9\uc744 \ubc1b\uc558\uace0, \uacb0\uad6d \uc81c\uad6d\uad70\uc5d0\uac8c \ud568\ub77d\ub418\uc5c8\uc2b5\ub2c8\ub2e4.<\/p>\n<p>19\uc138\uae30\uc5d0\ub294 \ub610 \ub2e4\ub978 \ubcc0\ud654\uac00 \uc2dc\uc791\ub418\uc5c8\uc2b5\ub2c8\ub2e4. \uc720\ub7fd\uc758 \uc815\uce58\uc801 \uc9c0\ud615\uc774 \ubcc0\ud654\ud558\uba74\uc11c \ud50c\uc820\uc740 \ub180\ub77c\uc6b4 \uc18d\ub3c4\ub85c \uc0b0\uc5c5\ud654\ub418\uc5c8\uc2b5\ub2c8\ub2e4. 1869\ub144, \uc288\ucf54\ub2e4 \uacf5\uc7a5\uc774 \uc124\ub9bd\ub418\uc5b4 \uc624\uc2a4\ud2b8\ub9ac\uc544-\ud5dd\uac00\ub9ac \uc81c\uad6d\uacfc \uc774\ud6c4 \uccb4\ucf54\uc2ac\ub85c\ubc14\ud0a4\uc544\uc758 \uc8fc\uc694 \uc5d4\uc9c0\ub2c8\uc5b4\ub9c1 \ud68c\uc0ac \uc911 \ud558\ub098\ub85c \uc790\ub9ac\ub9e4\uae40\ud588\uc2b5\ub2c8\ub2e4. \ub3c4\uc2dc \uacf3\uacf3\uc5d0 \uae30\uacc4 \uacf5\uc7a5, \uc8fc\ubb3c \uacf5\uc7a5, \ucca0\ub3c4 \uc791\uc5c5\uc7a5\uc774 \ub4e4\uc5b4\uc11c\uba74\uc11c \ub18d\ucd0c \uc9c0\uc5ed\uc758 \ub178\ub3d9\uc790\ub4e4\uc774 \ubaa8\uc5ec \ud50c\uc820\uc744 \ud604\ub300 \uc0b0\uc5c5 \uacbd\uc81c\ub85c \uc774\ub04c\uc5c8\uc2b5\ub2c8\ub2e4. \ubc14\ub85c \uc774 \uc2dc\uae30\uc778 1842\ub144, \ubc14\uc774\uc5d0\ub978\uc758 \uc591\uc870\uc5c5\uc790 \uc694\uc81c\ud504 \uadf8\ub864\uc740 \ud398\uc77c \ubab0\ud2b8 \uc591\uc870\uc5d0 \uc0c8\ub85c\uc6b4 \uae30\ubc95\uc744 \ub3c4\uc785\ud558\uc5ec \ucd5c\ucd08\uc758 &#034;\ud544\uc2a4\ub108&#034; \ub9e5\uc8fc\ub97c \uc0dd\uc0b0\ud588\uc2b5\ub2c8\ub2e4. \uc624\ub298\ub0a0 \ud544\uc2a4\ub108 \uc6b0\ub974\ucf08 \uc591\uc870\uc7a5\uc740 \uc5ec\uc804\ud788 \u200b\u200b\ub3c5\uc77c \ucd5c\ub300 \uaddc\ubaa8\ub97c \uc790\ub791\ud558\uba70, 1869\ub144\uc5d0 \uc124\ub9bd\ub41c \uc790\ub9e4 \ud68c\uc0ac \uac10\ube0c\ub9ac\ub204\uc2a4 \ub610\ud55c \uba85\uc131\uc744 \uc5bb\uace0 \uc788\uc2b5\ub2c8\ub2e4. \ub450 \ube0c\ub79c\ub4dc \ubaa8\ub450 \ud604\uc7ac \uc544\uc0ac\ud788 \uadf8\ub8f9 \ud640\ub529\uc2a4\uc758 \uc77c\ubd80\uc785\ub2c8\ub2e4.<\/p>\n<p>\ud50c\uc820\uc740 \uc0b0\uc5c5\uc801 \uc815\uccb4\uc131 \uc678\uc5d0\ub3c4 \uc11c\ubcf4\ud5e4\ubbf8\uc544 \uc9c0\uc5ed\uc758 \uc0c1\uc5c5 \uc911\uc2ec\uc9c0 \uc5ed\ud560\uc744 \ud569\ub2c8\ub2e4. \uc9c0\uc5ed \uc778\uad6c\uc758 30%\uc5d0 \ubd88\uacfc\ud558\uc9c0\ub9cc, GDP\uc758 \uc57d 3\ubd84\uc758 2\ub97c \ucc3d\ucd9c\ud569\ub2c8\ub2e4. \uc774\ub7ec\ud55c \ubd88\uade0\ud615\uc740 \uc77c\uc77c \ud1b5\uadfc \uc778\uad6c \uc99d\uac00\ub85c \ubd80\ubd84\uc801\uc73c\ub85c \uc124\uba85\ub418\uc9c0\ub9cc, \uc8fc\ub85c \uae30\uc5c5, \uc5f0\uad6c\uc18c, \uc11c\ube44\uc2a4 \uc81c\uacf5\uc5c5\uccb4\uac00 \ub3c4\uc2dc \ub0b4\uc5d0 \uc9d1\uc911\ub418\uc5b4 \uc788\uae30 \ub54c\ubb38\uc785\ub2c8\ub2e4. 2015\ub144, \ud50c\uc820\uc740 \uc720\ub7fd \ubb38\ud654 \uc218\ub3c4\ub85c \uc9c0\uc815\ub418\uba74\uc11c \ubb38\ud654 \uc720\uc0b0\uc744 \uc778\uc815\ubc1b\uc558\uc2b5\ub2c8\ub2e4. \ubb38\ud654 \uc720\uc0b0 \uad6c\uc5ed\uc73c\ub85c \ubcf4\ud638\ub418\ub294 \ud50c\uc820\uc758 \ub3c4\uc2ec\uc5d0\ub294 \ubc14\ub85c\ud06c \uc591\uc2dd\uc758 \uad50\ud68c, \uace0\ub515 \uc591\uc2dd\uc758 \ub300\uc131\ub2f9, \ub974\ub124\uc0c1\uc2a4 \uc591\uc2dd\uc758 \uc2dc\ubbfc \uac74\ucd95\ubb3c\ub4e4\uc774 \uc544\ub984\ub2f5\uac8c \uc870\ud654\ub97c \uc774\ub8e8\uace0 \uc788\uc2b5\ub2c8\ub2e4.<\/p>\n<p>\uad6c\uc2dc\uac00\uc9c0 \uc911\uc2ec\ubd80\uc5d0\ub294 \uc131 \ubc14\ub974\ud1a8\ub85c\ubba4 \ub300\uc131\ub2f9\uc774 \uc6b0\ub69d \uc19f\uc544 \uc788\uc2b5\ub2c8\ub2e4. 13\uc138\uae30 \ud6c4\ubc18\uc5d0 \ucc29\uacf5\ub41c \uace0\ub515 \uc591\uc2dd\uc758 \ubcf8\ub2f9\uacfc 102m \ub192\uc774\uc758 \ud0d1\uc740 \uccb4\ucf54\uc5d0\uc11c \uac00\uc7a5 \ub192\uc740 \uad50\ud68c \ucca8\ud0d1\uc785\ub2c8\ub2e4. \uadfc\ucc98\uc5d0\ub294 \uc774\ud0c8\ub9ac\uc544 \uac74\ucd95\uac00 \uc870\ubc18\ub2c8 \ub370 \uc2a4\ud0c0\ud2f0\uc544\uc758 \uc791\ud488\uc73c\ub85c \ucd94\uc815\ub418\ub294 \ub974\ub124\uc0c1\uc2a4 \uc591\uc2dd\uc758 \uc2dc\uccad\uc0ac(1554~59\ub144)\uac00 \uc788\ub294\ub370, \ud654\ub824\ud55c \uae30\ub465\uacfc \uc544\ucf00\uc774\ub4dc\uac00 \uc788\ub294 \ub85c\uc9c0\uc544\uac00 \ub3cb\ubcf4\uc774\ub294 \uc18c\ubc15\ud55c \uc678\uad00\uc744 \uc790\ub791\ud569\ub2c8\ub2e4. \ud558\uc9c0\ub9cc \ub300\ubd80\ubd84\uc758 \ubc29\ubb38\uac1d\uc744 \ub180\ub77c\uac8c \ud558\ub294 \uac83\uc740 1893\ub144\uc5d0 \uc644\uacf5\ub41c \ubb34\uc5b4 \uc591\uc2dd\uc758 \ubd80\ud765 \uc591\uc2dd \ub300\uc2dc\ub098\uace0\uadf8\uc785\ub2c8\ub2e4. \ub9d0\uad7d \ubaa8\uc591\uc758 \uc544\uce58\uc640 \ub2e4\ucc44\ub85c\uc6b4 \uc0c9\uc0c1\uc758 \ubcbd\ub3cc\ub85c \uc9c0\uc5b4\uc9c4 \uc774 \uc2dc\ub098\uace0\uadf8\ub294 \uc720\ub7fd\uc5d0\uc11c \ub450 \ubc88\uc9f8\ub85c \ud070 \uaddc\ubaa8\ub97c \uc790\ub791\ud558\uba70, \ubd80\ub2e4\ud398\uc2a4\ud2b8\uc758 \ub3c4\ud558\ub2c8 \uac70\ub9ac \uc2dc\ub098\uace0\uadf8\uc5d0 \uc774\uc5b4 \ub450 \ubc88\uc9f8\ub85c \ud070 \uaddc\ubaa8\ub97c \uc790\ub791\ud569\ub2c8\ub2e4.<\/p>\n<p>\uc774 \ub79c\ub4dc\ub9c8\ud06c\ub4e4 \uc544\ub798\uc5d0\ub294 \ub610 \ub2e4\ub978 \uc138\uacc4\uac00 \uc788\uc2b5\ub2c8\ub2e4. \uc218 \uc138\uae30\uc5d0 \uac78\uccd0 \ub9cc\ub4e4\uc5b4\uc9c4 \ud50c\uc820\uc758 \uc5ed\uc0ac\uc801\uc778 \uc9c0\ud558 \ub124\ud2b8\uc6cc\ud06c\ub294 \uc57d 20km\uc5d0 \ub2ec\ud558\uc9c0\ub9cc, \uadf8\uc911 12m \uae4a\uc774\uc758 \ud130\ub110\uc740 \uc57d 750m\uc5d0 \ubd88\uacfc\ud558\uc5ec \uac00\uc774\ub4dc \ud22c\uc5b4\uac00 \uac00\ub2a5\ud569\ub2c8\ub2e4. \uc774 \uc544\uce58\ud615 \uc9c0\ud558 \uc800\uc7a5\uace0\ub294 \ud55c\ub54c \uc591\uc870\uc7a5, \uc0c1\uc778, \uadf8\ub9ac\uace0 \uc2dc\ub9bd \uc0c1\uc810\ub4e4\uc774 \uc790\ub9ac \uc7a1\uace0 \uc788\uc5b4 \uc911\uc138 \ub3c4\uc2dc\uac00 \uc5b4\ub5bb\uac8c \uc0c1\uc5c5\uacfc \uc694\uc0c8\uc758 \uade0\ud615\uc744 \uc720\uc9c0\ud588\ub294\uc9c0 \uc5ff\ubcfc \uc218 \uc788\uac8c \ud574\uc90d\ub2c8\ub2e4. \ud504\ub77c\ud558 \ubb38\uc5d0 \uc788\ub294 \uc61b \uae09\uc218\ud0d1\uc740 1532\ub144\uc5d0 \uac74\ucd95\ub418\uc5b4 1822\ub144 \ud504\ub791\uc2a4 \uc81c\uad6d \uc591\uc2dd\uc73c\ub85c \uac1c\ucd95\ub418\uc5c8\ub294\ub370, \uc6d0\ub798 \uace0\ub515 \uc591\uc2dd\uc758 \uc815\ubb38\uc744 \uadf8\ub300\ub85c \ubcf4\uc874\ud558\uace0 \uc788\uc73c\uba70, 1805\ub144 \ubc14\ub85c \uc606\uc5d0\uc11c \ud0dc\uc5b4\ub098 \ub3c4\uc2dc\uc758 \uc6b4\uba85\uc744 \ubc14\uafbc \uc694\uc81c\ud504 \uc288\ucf54\ub2e4 \ubc15\uc0ac\ub97c \uae30\ub9ac\ub294 \uba85\ud310\uc774 \uc788\uc2b5\ub2c8\ub2e4.<\/p>\n<p>\ud50c\uc820\uc758 \uc77c\uc0c1\uc0dd\ud65c\uc740 \uc218\ub85c\uc640 \uc0b0\uc5c5\uc758 \ubc14\ud034\uc5d0 \uc5bd\ub9e4\uc5ec \uc788\uc9c0\ub9cc, \ub300\uc911\uad50\ud1b5\uc758 \ub9e5\ubc15\uc5d0\ub3c4 \uc601\ud5a5\uc744 \ubc1b\uc2b5\ub2c8\ub2e4. \ud50c\uc820 \uc218\ub3c4\uad8c\uc740 PMDP\uc5d0\uc11c \uc6b4\uc601\ud558\ub294 \ud2b8\ub7a8, \ud2b8\ub864\ub9ac\ubc84\uc2a4, \ubc84\uc2a4 \ub124\ud2b8\uc6cc\ud06c\ub97c \uc720\uc9c0\ud558\uace0 \uc788\uc2b5\ub2c8\ub2e4. \ud2f0\ucf13\uc740 \uc790\ud310\uae30, \uc9c0\uc5ed \uc0c1\uc810 \ub610\ub294 \ucc28\ub7c9 \ub0b4 \ube44\uc811\ucd09\uc2dd \uc2a4\ub9c8\ud2b8\uce74\ub4dc\ub85c \uad6c\ub9e4 \uac00\ub2a5\ud558\uba70, \ub2e4\uc591\ud55c \uad50\ud1b5\uc218\ub2e8\uc744 \uc774\uc6a9\ud560 \uc218 \uc788\uc2b5\ub2c8\ub2e4. \uc790\uc8fc \uc5ec\ud589\ud558\ub294 \uc5ec\ud589\uac1d\uc5d0\uac8c\ub294 \ucda9\uc804\uc2dd \ud50c\uc820 \uce74\ub4dc\uac00 \uc720\ud6a8 \uae30\uac04 \ub3d9\uc548 \ubb34\uc81c\ud55c \ud0d1\uc2b9\uc744 \uc81c\uacf5\ud569\ub2c8\ub2e4. \ub3c4\uc2dc \uad50\ud1b5 \uc678\uc5d0\ub3c4 \ub2e4\uc12f \uac1c\uc758 \uc8fc\uc694 \ucca0\ub3c4 \ub178\uc120\uc774 \uc774\uacf3\uc5d0\uc11c \uad50\ucc28\ud569\ub2c8\ub2e4. \ud504\ub77c\ud558, \ubca0\ub85c\uc6b4, \ud5e4\ud504\ud589 170\ubc88 \ub178\uc120, \ub3c4\ub9c8\uc990\ub9ac\uccb4\uc640 \ub3c5\uc77c \ud478\ub974\ud2b8 \uc784 \ubc1c\ud2b8\ud589 180\ubc88 \ub178\uc120, \ud074\ub77c\ud1a0\ube44\uc640 \uc824\ub808\uc988\ub098 \ub8e8\ub2e4\ud589 183\ubc88 \ub178\uc120, \uc790\ud14c\uce20\ud589 160\ubc88 \ub178\uc120, \uccb4\uc2a4\ucf00\ubd80\ub370\uc694\ube44\uccb4\ud589 190\ubc88 \ub178\uc120\uc774 \ubaa8\ub450 \ud50c\uc820 \uc911\uc559\uc5ed(Plze\u0148 hlavn\u00ed n\u00e1dra\u017e\u00ed)\uc5d0\uc11c \ud569\ub958\ud569\ub2c8\ub2e4. \uc790\ub3d9\ucc28\ub85c \uc5ec\ud589\ud558\ub294 \uc0ac\ub78c\ub4e4\uc740 \ud504\ub77c\ud558\uc640 \ub258\ub978\ubca0\ub974\ud06c\ub97c \uc5f0\uacb0\ud558\ub294 D5 \uace0\uc18d\ub3c4\ub85c\ub97c \uc774\uc6a9\ud560 \uc218 \uc788\uc73c\uba70, \ub0a8\uc11c\ucabd\uc73c\ub85c 11km \ub5a8\uc5b4\uc9c4 \ub9ac\ub124 \uacf5\ud56d\uc740 \uad6d\ub0b4\uc120\uacfc \uac1c\uc778 \uad6d\uc81c\uc120\uc744 \ucc98\ub9ac\ud569\ub2c8\ub2e4.<\/p>\n<p>\ud50c\uc820\uc758 \uae30\ud6c4\ub294 \uc628\ud654\ud55c \uc5ec\ub984\uacfc \uc2dc\uc6d0\ud55c \uaca8\uc6b8\uc774 \ud2b9\uc9d5\uc778 \ud574\uc591\uc131 \uae30\ud6c4(Cfb)\ub85c \ubd84\ub958\ub429\ub2c8\ub2e4. \uc5f0\ud3c9\uade0 \uac15\uc218\ub7c9\uc740 525mm\uc774\uace0, \uc5f0\ud3c9\uade0 \uae30\uc628\uc740 8.4\u00b0C\uc5d0 \uba38\ubb3c\ub7ec \uc788\uc2b5\ub2c8\ub2e4. 1985\ub144 2\uc6d4 12\uc77c \uc601\ud558 28.0\u00b0C\uc5d0\uc11c 1983\ub144 7\uc6d4 27\uc77c 40.1\u00b0C\uae4c\uc9c0 \uadf9\ud55c \uae30\uc628\uc744 \uae30\ub85d\ud588\ub294\ub370, \uc774\ub294 \uc774 \uc9c0\uc5ed\uc774 \ud574\uc591 \uae30\uc800\uc120\uc5d0 \ub300\ub959\uc758 \uc601\ud5a5\uc744 \ubc1b\uc558\uc74c\uc744 \ubcf4\uc5ec\uc90d\ub2c8\ub2e4. \uc774\ub7ec\ud55c \uae30\ud6c4 \uc870\uac74 \ub355\ubd84\uc5d0 \uc6b8\ucc3d\ud55c \uac00\ub85c\uc218\uae38\uacfc \uc5ed\uc0ac\uc801 \uc911\uc2ec\uc9c0\ub97c \ub458\ub7ec\uc2fc \uc218\ub9ce\uc740 \uacf5\uc6d0\ub4e4\uc774 \uc790\ub9ac \uc7a1\uace0 \uc788\uc73c\uba70, \uc774\ub294 \uc8fc\ubbfc\uacfc \ubc29\ubb38\uac1d \ubaa8\ub450\uc5d0\uac8c \uc18c\uc911\ud55c \ub179\uc9c0\uc785\ub2c8\ub2e4.<\/p>\n<p>\ud50c\uc820\uc758 \uc2dc\ubbfc \uc0dd\ud65c\uc740 \uc0c1\uc5c5\uacfc \ubb38\ud654\ub97c \ub118\uc5b4 \uc2e0\uc559\uacfc \uacf5\ub3d9\uccb4\ub85c \ud655\uc7a5\ub429\ub2c8\ub2e4. 1993\ub144 5\uc6d4 31\uc77c\ubd80\ud130 \uc774 \ub3c4\uc2dc\ub294 \ub85c\ub9c8 \uac00\ud1a8\ub9ad \ud50c\uc820 \uad50\uad6c\uc758 \uc18c\uc7ac\uc9c0\uac00 \ub418\uc5b4 10\uac1c \ub300\ub9ac\uad6c \ub0b4 72\uac1c \ubcf8\ub2f9\uc5d0 818,700\uba85\uc758 \uc2e0\ub3c4\ub97c \ub450\uace0 \uc788\uc2b5\ub2c8\ub2e4. \ucd08\ub300 \uc8fc\uad50 \ud504\ub780\ud2f0\uc170\ud06c \ub77c\ub4dc\ucf54\ud504\uc2a4\ud0a4\uc5d0 \uc774\uc5b4 \ud604 \uc8fc\uad50 \ud1a0\ub9c8\uc2dc \ud640\ub8f9\uc774 \ud50c\uc820 \uad50\uad6c\ub97c \uc774\ub04c\uc5c8\uc73c\uba70, \uadf8\ub4e4\uc758 \uc8fc\uad50\uc88c\ub294 \uc131 \ubc14\ub974\ud1a8\ub85c\uba54\uc624 \uc131\ub2f9\uc5d0 \uc788\uc2b5\ub2c8\ub2e4. \uac1c\uc2e0\uad50 \uc804\ud1b5 \ub610\ud55c \ubc88\uc131\ud569\ub2c8\ub2e4. \uccb4\ucf54 \ud615\uc81c\ud68c \ubcf5\uc74c \uad50\ud68c\ub294 \ucf54\ub780\ub2e4 \uc218\ub3c4\ud68c\uc758 \ubbf8\ub85c\uc2ac\ub77c\ud504 \ud558\ub9c8\ub9ac \uc6d0\ub85c\uc640 \uc694\uc81c\ud504 \ubca0\ub124\uc2dc \uad50\uad6c\uc7a5\uc758 \uc9c0\ud718 \uc544\ub798 \uc11c\ubcf4\ud5e4\ubbf8\uc544 \uc9c0\uc5ed\uc758 \uc218\uc11d \uad50\uad6c\ub97c \uc720\uc9c0\ud558\uace0 \uc788\uc73c\uba70, \ub2e4\ub978 \ub450 \uac1c\uc758 \ud615\uc81c\ud68c \ubcf8\ub2f9\uc740 \uc9c0\uc988\ub2c8 \ud504\ub808\ub4dc\uba54\uc2a4\ud2f0\uc640 \uc778\uadfc \ud06c\ub77c\uc2a4\ud2b8\ub97c \uc12c\uae41\ub2c8\ub2e4. \uc774 \ub3c4\uc2dc\uc5d0\ub294 \ud544\ub9bd \uc288\ud1a0\uc774\ub4e4 \uc8fc\uad50\uac00 \uc774\ub044\ub294 \uccb4\ucf54\uc2ac\ub85c\ubc14\ud0a4\uc544 \ud6c4\uc2a4\ud30c \uad50\ud68c\uc758 \ud50c\uc820 \uad50\uad6c\uac00 \uc788\uc2b5\ub2c8\ub2e4. \ub2e4\ub9cc \uc8fc\uad50 \uad00\uc800\ub294 \uc77c\uc2dc\uc801\uc73c\ub85c \ubbf8\ub85c\ube44\uccb4\ub85c \uc774\uc804\ub418\uc5c8\uc2b5\ub2c8\ub2e4. \uccb4\ucf54 \ubcf5\uc74c \ub8e8\ud130\uad50\ud68c \ub610\ud55c \uc774\uacf3\uc5d0 \ubcf8\ubd80\ub97c \ub450\uace0 \uc788\uc73c\uba70, \uc131 \ubc14\uc624\ub85c \ub8e8\ud130\uad50\ud68c\ub294 \uc9c0\uc5ed \uc2e0\ub3c4\ub4e4\uc744 \uc704\ud574 \ubd09\uc0ac\ud558\uace0 \uc788\uc2b5\ub2c8\ub2e4. \uc544\uc6b0\ud06c\uc2a4\ubd80\ub974\ud06c \uc2e0\uc559\uace0\ubc31 \ub8e8\ud130\uad50, \uac10\ub9ac\uad50, \uc81c\uce60\uc77c\uc548\uc2dd\uc77c\uc608\uc218\uc7ac\ub9bc\uad50, \ud615\uc81c\uad50, \uc815\uad50\ud68c, \uadf8\ub9ac\uc2a4 \uac00\ud1a8\ub9ad \ub4f1 \ub2e4\ub978 \uad50\ud30c\ub4e4\ub3c4 \ud50c\uc820\uc758 \uc885\uad50\uc801 \ud48d\uc131\ud568\uc744 \uc774\ub8e8\ub294 \ub370 \uae30\uc5ec\ud558\uace0 \uc788\uc2b5\ub2c8\ub2e4.<\/p>\n<p>\ubc15\ubb3c\uad00\uacfc \ubbf8\uc220\uad00\uc740 \uc774 \ub3c4\uc2dc\uc758 \uc9c0\uc801 \ud3ed\uc744 \ub354\uc6b1 \ub3cb\ubcf4\uc774\uac8c \ud569\ub2c8\ub2e4. \ucf54\ud398\uce20\ucf00\ud638 \uc0ac\ub514(Kopeck\u00e9ho sady)\uc5d0 \uc788\ub294 \uc11c\ubcf4\ud5e4\ubbf8\uc544 \ubc15\ubb3c\uad00(West Bohemian Museum)\uc740 \uace0\uace0\ud559, \ubbf8\uc220, \uc5ed\uc0ac \uad00\ub828 \uc804\uc2dc\ub97c \uc21c\ud68c \uc804\uc2dc\ud558\uace0 \uc788\uc73c\uba70, \uc2dc\ub9bd \ubb34\uae30\uace0(Municipal Armoury)\uc5d0\ub294 14\uc138\uae30\ubd80\ud130 17\uc138\uae30\uae4c\uc9c0\uc758 \ucd1d\uae30\uc640 \uac11\uc637\uc774 \ubcf4\uad00\ub418\uc5b4 \uc788\uc2b5\ub2c8\ub2e4. \uc778\uadfc \ud544\uc820 \uc9c0\uc5ed \ubbfc\uc18d\ud559 \ubc15\ubb3c\uad00(Ethnography Museum of the Pilsen Region)\uc740 \ub18d\ucd0c \ud48d\uc2b5\uc744 \uae30\ub85d\ud558\uace0 \uc788\uc73c\uba70, \uc591\uc870\uc7a5 \ubc15\ubb3c\uad00(Brewery Museum)\uc740 1375\ub144 \uce74\ub97c 4\uc138(Karl IV)\uac00 \uc218\uc5ec\ud55c \uc911\uc138 \uc218\ub3c4\uc6d0 \uad8c\ub9ac(monster rights)\ubd80\ud130 \ud604\ub300 \uc0dd\uc0b0\uc5d0 \uc774\ub974\uae30\uae4c\uc9c0 \uc9c0\uc5ed \uc591\uc870\uc5c5\uc758 \uc5ed\uc0ac\ub97c \ucd94\uc801\ud569\ub2c8\ub2e4. \uc61b \uc288\ucf54\ub2e4(\u0160koda) \uacf5\uc7a5 \ub2e8\uc9c0 \ub0b4\uc5d0 \uc704\uce58\ud55c \ud14c\ud06c\ub9c8\ub2c8\uc544 \uacfc\ud559 \uc13c\ud130(Techmania Science Center)\ub294 \ubb3c\ub9ac\ud559\uacfc \uacf5\ud559\uc744 \uccb4\ud5d8\ud615\uc73c\ub85c \ud0d0\uad6c\ud560 \uc218 \uc788\ub294 \uae30\ud68c\ub97c \uc81c\uacf5\ud569\ub2c8\ub2e4. 1945\ub144 5\uc6d4 \ubbf8 \uc81c3\uad70\uc758 \ud574\ubc29\uc744 \uae30\ub150\ud558\ub294 \ud328\ud2bc \uae30\ub150 \ud544\uc820(Patton Memorial Pilsen)\uc740 \uad70\uc0ac \uc5ed\uc0ac\ub97c \ub2f4\uace0 \uc788\uc2b5\ub2c8\ub2e4. \ubbfc\uc18d \uc790\ub8cc\ub97c \uc804\uc2dc\ud558\ub294 \uc720\ub839 \ubc15\ubb3c\uad00(Ghost Museum)\uacfc \ud50c\uc820\uc758 \uc720\uc11c \uae4a\uc740 \ub9c8\ub9ac\uc624\ub124\ud2b8 \uc804\ud1b5\uc744 \uae30\ub9ac\ub294 \uc778\ud615 \ubc15\ubb3c\uad00(Puppet Museum)\uc5d0\uc11c\ub294 \uac00\ubcbc\uc6b4 \uc2dd\uc0ac\ub97c \uc990\uae38 \uc218 \uc788\uc2b5\ub2c8\ub2e4. \ud504\ub780\uce58\uc2a4\ucf54\ud68c \uc218\ub3c4\uc6d0\uc5d0 \uc704\uce58\ud55c \uad50\uad6c \ubc15\ubb3c\uad00\uc740 \uace0\ub515\uc5d0\uc11c \ubc14\ub85c\ud06c\uae4c\uc9c0\uc758 \uc870\uac01\ud488\uc744 \uc804\uc2dc\ud558\uace0 \uc788\uc9c0\ub9cc, \uac24\ub7ec\ub9ac\ub294 \ud604\uc7ac \ubb38\uc744 \ub2eb\uc558\uc2b5\ub2c8\ub2e4.<\/p>\n<p>\uc608\uc220 \uc560\ud638\uac00\ub4e4\uc740 \ud544\uc820 \uc2dc\ub9bd \ubbf8\uc220\uad00\uacfc \ub9c8\uc2a4\ub124 \ud06c\ub77c\ubbf8(\uc11c\ubcf4\ud5e4\ubbf8\uc544 \ubbf8\uc220\uad00)\uc5d0 \ubaa8\uc5ec\ub4e4\uba70, \uc9c0\uc5ed \uc720\uba85 \uc778\ud615\uadf9 \uc791\uac00\uc774\uc790 \uc0bd\ud654\uac00\uc778 \uc9c0\ub9ac \ud2b8\ub978\uce74\uc758 \uc774\ub984\uc744 \ub534 \ubbf8\uc220\uad00\ub3c4 \ud568\uaed8 \uad00\ub78c\ud569\ub2c8\ub2e4. \ub3c4\uc2dc \uc678\uacfd \ub124\ube0c\ub974\ud638\ube44\uccb4\uc5d0\ub294 \uc57d 50\ub300\uc758 \ud56d\uacf5\uae30\uac00 \uc804\uc2dc\ub41c \uc57c\uc678 \uacf5\uc6d0\uc774 \uc788\uc5b4 \ud50c\uc820\uc758 \ud56d\uacf5\uc6b0\uc8fc \uc0b0\uc5c5 \ubc1c\uc804\uc744 \ub5a0\uc62c\ub9ac\uac8c \ud569\ub2c8\ub2e4.<\/p>\n<p>\ud50c\uc820\uc744 \uacbd\ud5d8\ud55c\ub2e4\ub294 \uac83\uc740 \ud3c9\ubc94\ud568\uacfc \ube44\ubc94\ud568\uc744 \ubaa8\ub450 \uc74c\ubbf8\ud558\ub294 \uac83\uc785\ub2c8\ub2e4. \ub3c4\uc2dc \uacf5\uc6d0\uc744 \uac70\ub2d0\ub2e4 \ubcf4\uba74 \uae30\uc640 \uc9c0\ubd95\uacfc \uad50\ud68c \ucca8\ud0d1\uc758 \ud48d\uacbd\uc774 \ud3bc\uccd0\uc9c0\uace0, \uc131 \ubc14\ub974\ud1a8\ub85c\ubba4 \uc131\ub2f9 \uc885\ud0d1 \uacc4\ub2e8\uc744 \uc624\ub974\uba74 \uc9c0\ubd95\uacfc \uad7d\uc774\uce58\ub294 \uac15\uc758 \ud0c1 \ud2b8\uc778 \uc804\ub9dd\uc774 \ud3bc\uccd0\uc9d1\ub2c8\ub2e4. \ub300\uc2dc\ub098\uace0\uadf8 \uadfc\ucc98 \uc120\uc220\uc9d1\uc774\ub098 \ub77c\ub4dc\ubd80\uc790 \uac70\ub9ac(Quai of Radbuza)\ub97c \ub530\ub77c \ub298\uc5b4\uc120 \uc120\uc220\uc9d1\uc5d0\uc11c \uc5ec\uacfc\ub418\uc9c0 \uc54a\uc740 \ud544\uc2a4\ub108 \uc6b0\ub974\ucf08 \ud55c \uc794\uc740 \ub3c4\uc2dc\uc758 \uc591\uc870 \uc5ed\uc0ac\ub97c \ub5a0\uc62c\ub9ac\uac8c \ud569\ub2c8\ub2e4. \ud2b9\ubcc4\ud55c \uc2a4\ub9b4\uc744 \ucc3e\ub294 \uc0ac\ub78c\ub4e4\uc744 \uc704\ud574 MiGFlug &amp; Adventure\uc640 \uac19\uc740 \ubbfc\uac04 \uc5c5\uccb4\ub294 \ud50c\uc820 \uc778\uadfc \uae30\uc9c0\uc5d0\uc11c \uc81c\ud2b8 \uc804\ud22c\uae30\ub97c \uc870\uc885\ud560 \uae30\ud68c\ub97c \uc81c\uacf5\ud569\ub2c8\ub2e4. \ube44\ub85d \ube44\uc6a9\uc774 \ub9ce\uc774 \ub4e4\uc9c0\ub9cc, \uc774 \uacbd\ud5d8\uc740 \ud50c\uc820\uc774 \uc18d\ub3c4\uc640 \uc815\ubc00\uc131\uc5d0 \ub300\ud55c \uc624\ub79c \uc720\ub300\uac10\uc744 \ubcf4\uc5ec\uc8fc\ub294 \uc88b\uc740 \uc608\uc785\ub2c8\ub2e4.<\/p>\n<p>\ud50c\uc820\uc758 \uc2a4\ud3ec\uce20 \uc5f4\ud48d\uc740 FC \ube45\ud1a0\ub9ac\uc544 \ud50c\uc820\uc5d0 \uc9d1\uc911\ub418\uc5b4 \uc788\uc73c\uba70, \ucc54\ud53c\uc5b8\uc2ed \ud300\uc740 \uacf5\ud654\uad6d \uad11\uc7a5\uc5d0\uc11c \uac00\uae4c\uc6b4 12,000\uc11d \uaddc\ubaa8\uc758 \ub450\uc0b0 \uc544\ub808\ub098\uc5d0\uc11c \uacbd\uae30\ub97c \ud3bc\uce69\ub2c8\ub2e4. \uc544\uc774\uc2a4\ud558\ud0a4 \ub9c8\ub2c8\uc544\ub4e4\uc740 \ub9e4\ub144 \uaca8\uc6b8\uc774\uba74 \ube59\ud310 \uc704\uc5d0\uc11c \uc2a4\ucf00\uc774\ud2b8\ub97c \ud0c0\ub294 \uc18c\ub9ac\uac00 \uc6b8\ub824 \ud37c\uc9c0\ub294 \ub85c\uadf8\uc2a4\ud53c\ub4dc CZ \uc544\ub808\ub098\uc5d0\uc11c HC \uc288\ucf54\ub2e4 \ud50c\uc820\uc758 \uacbd\uae30\ub97c \uad00\ub78c\ud569\ub2c8\ub2e4.<\/p>\n<p>\ud50c\uc820\uc758 \ub2ec\ub825\uc740 \ud50c\uc820\uc758 \ub2e4\uce35\uc801\uc778 \uacfc\uac70\uc640 \uc5ed\ub3d9\uc801\uc778 \ud604\uc7ac\ub97c \ubc18\uc601\ud569\ub2c8\ub2e4. \ub9e4\ub144 5\uc6d4, 1945\ub144 5\uc6d4 6\uc77c \ud574\ubc29 \uae30\ub150\uc77c\uc744 \uc804\ud6c4\ud558\uc5ec \uc5f4\ub9ac\ub294 \ud574\ubc29 \ucd95\uc81c\ub294 \uac70\ub9ac\ub97c \uc74c\uc545\uacfc \ucd94\uc5b5\uc73c\ub85c \uac00\ub4dd \ucc44\uc6c1\ub2c8\ub2e4. \uc5ec\ub984\uc5d0\ub294 7\uc6d4 \ub9c8\uc9c0\ub9c9 \uc8fc\ub9d0\uc5d0 \ud50c\uc820 \uad11\uc7a5 \uacf5\uc6d0\uc5d0\uc11c \uc74c\uc545\uacfc \uc778\ud615\uadf9\uc774 \uc57c\uc678\uc5d0\uc11c \uc5b4\uc6b0\ub7ec\uc9c0\ub294 \ud37c\ud3ab \ub85d \ud398\uc2a4\ud2f0\ubc8c\uc774 \uc5f4\ub9ac\uace0, 8\uc6d4 \ucd08\uc5d0\ub294 \uacf5\ud654\uad6d \uad11\uc7a5\uc758 \uac70\ub300\ud55c \ud50c\ub7ab\ud3fc\uacfc \uacf3\uacf3\uc5d0 \ud769\uc5b4\uc838 \uc788\ub294 \ubb34\ub300\uc5d0\uc11c \uc5f0\uadf9, \ubb34\uc6a9, \uac70\ub9ac \uacf5\uc5f0\uc774 \ud3bc\uccd0\uc9c0\ub294 \uc778 \ub354 \uc2a4\ud2b8\ub9ac\ud2b8 \ud398\uc2a4\ud2f0\ubc8c\uc774 \uc5f4\ub9bd\ub2c8\ub2e4. \uac00\uc744\uc758 \ud558\uc774\ub77c\uc774\ud2b8\ub294 \ub9e4\ub144 9\uc6d4 \ud544\uc2a4\ub108 \ud398\uc2a4\ud2b8\uc785\ub2c8\ub2e4. 1842\ub144 \uc124\ub9bd\ub41c \ud50c\uc820 \uc591\uc870\uc7a5\uc774 \ub9e5\uc8fc \uc560\ud638\uac00\ub4e4\uc744 \ucd08\ub300\ud558\uc5ec \ub9e5\uc8fc\ub97c \uc990\uae30\ub294 \ucd95\uc81c\uc785\ub2c8\ub2e4.<\/p>\n<p>\ud50c\uc820\uc5d0\uc11c\ub294 \uc5ed\uc0ac\uc640 \ud604\ub300\uac00 \ub4a4\uc11e\uc785\ub2c8\ub2e4. \uace0\ub515 \uc591\uc2dd\uc758 \uc11d\uc870, \ub974\ub124\uc0c1\uc2a4 \uc544\uce58, \ubb34\uc5b4 \uc591\uc2dd\uc758 \uc7a5\uc2dd\uc774 \ub3cb\ubcf4\uc774\ub294 \uace8\ubaa9\uae38\uc5d0\ub294 \uc804\ucc28\uc640 \uc2a4\ucfe0\ud130\uac00 \ud65c\uae30\ub97c \ub771\ub2c8\ub2e4. \uac15\ub4e4\uc774 \uc11c\ub85c \ub9cc\ub098\uace0, \uadf8 \ud569\ub958 \uc9c0\uc810\uc5d0\uc11c \ub3c4\uc2dc\ub294 \uc0c1\uc5c5\uacfc \uad50\ub958\uc758 \uc7a5\uc744 \ucc3e\uc2b5\ub2c8\ub2e4. \uc774\uacf3\uc5d0\uc11c \uacfc\uac70\ub294 \ud654\uc11d\ud654\ub418\uac70\ub098 \uc78a\ud600\uc9c0\uc9c0 \uc54a\uace0, \ubca0\ub85c\uc6b4\uce74 \uac15\ucc98\ub7fc \uc0c8\ub85c\uc6b4 \uc9c0\ud3c9\uc744 \ud5a5\ud574 \ub04a\uc784\uc5c6\uc774 \ud758\ub7ec\uac11\ub2c8\ub2e4.<\/p>","protected":false},"excerpt":{"rendered":"<p>\uc5ed\uc0ac\uc801, \ubb38\ud654\uc801 \uc911\uc694\uc131\uc774 \ud070 \ub3c4\uc2dc\uc778 \ud50c\uc820\uc740 \uccb4\ucf54 \uc11c\ubd80 \uc9c0\uc5ed, \ud504\ub77c\ud558\uc5d0\uc11c \uc11c\ucabd\uc73c\ub85c \uc57d 78km \ub5a8\uc5b4\uc9c4 \uacf3\uc5d0 \uc704\uce58\ud574 \uc788\uc2b5\ub2c8\ub2e4. \ud50c\uc820\uc758 \uc778\uad6c\ub294 \uc2dc\ub0b4\uc5d0 \uc57d 18\ub9cc 6\ucc9c \uba85, \ub3c4\uc2ec \uc9c0\uc5ed\uc5d0\ub294 \uc57d 32\ub9cc 3\ucc9c 184\uba85\uc73c\ub85c \uccb4\ucf54\uc5d0\uc11c \ub124 \ubc88\uc9f8\ub85c \uc778\uad6c\uac00 \ub9ce\uc740 \ub3c4\uc2dc\uc785\ub2c8\ub2e4. \uc11c\ubd80 \ubcf4\ud5e4\ubbf8\uc544\uc5d0 \uc704\uce58\ud55c \uc774 \ub3c4\uc2dc\ub294 \uc218 \uc138\uae30 \ub3d9\uc548 \uc911\uc138 \uad50\uc5ed\uc18c\uc5d0\uc11c \ud604\ub300 \uc0b0\uc5c5 \ubc0f \ubb38\ud654 \uc911\uc2ec\uc9c0\ub85c \ubcc0\ubaa8\ud558\uba70 \uc9c0\uc5ed \ubc1c\uc804\uc5d0 \ud06c\uac8c \uae30\uc5ec\ud574 \uc654\uc2b5\ub2c8\ub2e4.<\/p>","protected":false},"author":1,"featured_media":2986,"parent":14322,"menu_order":0,"comment_status":"closed","ping_status":"closed","template":"elementor_theme","meta":{"_eb_attr":"","footnotes":""},"class_list":["post-14355","page","type-page","status-publish","has-post-thumbnail"],"_links":{"self":[{"href":"https:\/\/travelshelper.com\/ko\/wp-json\/wp\/v2\/pages\/14355","targetHints":{"allow":["GET"]}}],"collection":[{"href":"https:\/\/travelshelper.com\/ko\/wp-json\/wp\/v2\/pages"}],"about":[{"href":"https:\/\/travelshelper.com\/ko\/wp-json\/wp\/v2\/types\/page"}],"author":[{"embeddable":true,"href":"https:\/\/travelshelper.com\/ko\/wp-json\/wp\/v2\/users\/1"}],"replies":[{"embeddable":true,"href":"https:\/\/travelshelper.com\/ko\/wp-json\/wp\/v2\/comments?post=14355"}],"version-history":[{"count":0,"href":"https:\/\/travelshelper.com\/ko\/wp-json\/wp\/v2\/pages\/14355\/revisions"}],"up":[{"embeddable":true,"href":"https:\/\/travelshelper.com\/ko\/wp-json\/wp\/v2\/pages\/14322"}],"wp:featuredmedia":[{"embeddable":true,"href":"https:\/\/travelshelper.com\/ko\/wp-json\/wp\/v2\/media\/2986"}],"wp:attachment":[{"href":"https:\/\/travelshelper.com\/ko\/wp-json\/wp\/v2\/media?parent=14355"}],"curies":[{"name":"wp","href":"https:\/\/api.w.org\/{rel}","templated":true}]}}