{"id":13435,"date":"2024-09-17T17:49:30","date_gmt":"2024-09-17T17:49:30","guid":{"rendered":"https:\/\/travelshelper.com\/staging\/?page_id=13435"},"modified":"2026-03-12T22:53:35","modified_gmt":"2026-03-12T22:53:35","slug":"%eb%b8%94%eb%a0%88%eb%93%9c","status":"publish","type":"page","link":"https:\/\/travelshelper.com\/ko\/destinations\/europe\/slovenia\/bled\/","title":{"rendered":"\ube14\ub808\ub4dc"},"content":{"rendered":"<p>\uc2ac\ub85c\ubca0\ub2c8\uc544 \ubd81\uc11c\ubd80, \uc5b4\ud37c \uce74\ub974\ub2c8\uc62c\ub780 \uc9c0\uc5ed\uc758 \uacb8\uc190\ud55c \ub9c8\uc744\uc778 \ube14\ub808\ub4dc\ub294 \uadf8 \uc8fc\uc694 \ud2b9\uc9d5\uc744 \uba85\ubc31\ud558\uac8c \ub4dc\ub7ec\ub0c5\ub2c8\ub2e4. \ub958\ube14\ub7b4\ub098\uc5d0\uc11c \ubd81\uc11c\ucabd\uc73c\ub85c \uc57d 50km \ub5a8\uc5b4\uc9c4 \uce74\ub77c\uc644\ud06c\uc2a4 \ub0a8\ucabd \uae30\uc2ad\uc5d0 \uc790\ub9ac \uc7a1\uc740 \ube14\ub808\ub4dc\ub294 \ube14\ub808\ub4dc \uc2dc\uc758 \ud589\uc815 \uc911\uc2ec\uc9c0 \uc5ed\ud560\uc744 \ud558\uba70 \uae38\uc774\uac00 2.12km, \ub108\ube44\uac00 0.5~1km\uc778 \ube59\ud558 \ud638\uc218\ub97c \ub458\ub7ec\uc2f8\uace0 \uc788\uc2b5\ub2c8\ub2e4. \uc5ec\ub984 \ud55c\uac00\uc6b4\ub370\uc5d0 25\u00b0C\uc5d0 \ub2ec\ud558\ub294 \uc218\uc628\uc774 \uc788\uace0 \uac00\uc744\uae4c\uc9c0 18\u00b0C\ub97c \uc720\uc9c0\ud558\ub294 \uc774 \ud638\uc218\uc758 \uc218\uc628\uc740 \uccab \uc11c\ub9ac\uac00 \ub0b4\ub9b4 \ub54c\uae4c\uc9c0 \uc218\uc601\uc744 \uc990\uae30\uae30\uc5d0 \uc88b\uc2b5\ub2c8\ub2e4. \uc11c\ub9ac\uac00 \ub0b4\ub9ac\uba74 \ud45c\uba74\uc774 \uad73\uc5b4 \uc2a4\ucf00\uc774\ud2b8\ub97c \ud0c0\uac70\ub098 \uac78\uc5b4\uc11c \uac08 \uc218 \uc788\ub294 \uc720\uc11c \uae4a\uc740 \uc791\uc740 \uc12c\uae4c\uc9c0 \uac78\uc5b4\uac08 \uc218 \uc788\uc2b5\ub2c8\ub2e4.<\/p>\n<p>Grad(599m), Stra\u017ea(646m), Kozarca(558m), Osojnica(756m), Ravnica(729m)\uc758 \uac00\ud30c\ub978 \uacbd\uc0ac\uc5d0 \uc790\ub9ac \uc7a1\uc740 Bled\uc758 \uad6c\uc131 \ub9c8\uc744\uc740 \ud55c\ub54c Grad, Mlino, Re\u010dica, Zagorice, \u017dele\u010de\ub85c \uc54c\ub824\uc9c4 \ub3c5\ub9bd\ub41c \ub9c8\uc744\uc774\uc5c8\uc9c0\ub9cc, \ub9c8\uc744\uc758 \uc751\uc9d1\ub825 \uc788\ub294 \uc804\uccb4\uc5d0 \uc644\ubcbd\ud558\uac8c \ud1b5\ud569\ub418\uba74\uc11c\ub3c4 \ub69c\ub837\ud55c \uc815\uccb4\uc131\uc744 \uc720\uc9c0\ud558\uace0 \uc788\uc2b5\ub2c8\ub2e4. \ub0a8\ucabd\uc73c\ub85c\ub294 Pokljuka\uc640 Jelovica\uc758 \uc6b8\ucc3d\ud55c \uc232\uc774 \uc6b0\uac70\uc9c4 \uace0\uc6d0\uc774 \uc5b4\ub450\uc6b4 \uc804\ub098\ubb34\uc640 \ub108\ub3c4\ubc24\ub098\ubb34\ub85c \uc19f\uc544 \uc788\uc73c\uba70, Julian Alps\uc758 \ub3d9\ucabd \ub05d\uc73c\ub85c \uc774\uc5b4\uc9c0\uace0, \uadf8\uacf3\uc5d0\uc11c Sava Bohinjka\ub294 Bohinj \ucca0\ub3c4\ub97c \ud1b5\ud574 Bohinj \ubd84\uc9c0\uc640 Triglav \uc0b0\uad34\ub85c \uc774\uc5b4\uc9d1\ub2c8\ub2e4. \uc774 \ucca0\ub3c4 \uc790\uccb4\uac00 \uc790\uc5f0\uacfc \uc778\uac04\uc758 \ub178\ub825\uc774 \uc774 \uc9c0\uc5ed\uc5d0\uc11c \uc9c4\uc9c0\ud558\uac8c \ud1b5\ud569\ub418\uc5c8\uc74c\uc744 \ubcf4\uc5ec\uc8fc\ub294 \uacf5\ud559\uc801 \uc99d\uac70\uc785\ub2c8\ub2e4.<\/p>\n<p>\uc2e0\uc131 \ub85c\ub9c8 \uc81c\uad6d \uc5f0\ub300\uae30\uc5d0\uc11c \uac00\uc7a5 \uc624\ub798\ub41c \uae30\ub85d\uc774 \ubc1c\uacac\ub418\uc9c0\ub9cc(1004\ub144 \ubb38\uc11c\uc5d0\ub294 Ueldes, 1011\ub144 \ubb38\uc11c\uc5d0\ub294 Veldes\ub85c \uae30\ub85d\ub428), \uc774 \ub3c4\uc2dc\uc758 \uc774\ub984\uc740 \uba85\ud655\ud55c \uc5b4\uc6d0\ud559\uc801 \ud574\uba85\uc744 \ucc3e\uae30 \uc5b4\ub835\uc2b5\ub2c8\ub2e4. \ud559\uc790\ub4e4\uc740 \uc2ac\ub77c\ube0c\uc5b4 \uc774\uc804\uc758 \uae30\uc6d0\uc744 \ucd94\uc815\ud558\ub294\ub370, \uc774\ub294 \uc9c1\uc811 \ubb3c\ub824\ubc1b\uc558\uac70\ub098 \uace0\ub300 \uc2ac\ub85c\ubca0\ub2c8\uc544\uc5b4 \ud615\ud0dc\uc778 *Beld\u044a\ub97c \ud1b5\ud574 \uac04\uc811\uc801\uc73c\ub85c \uc720\ub798\ud588\uc744 \uac00\ub2a5\uc131\uc774 \uc788\uc2b5\ub2c8\ub2e4. \uc774 \ud615\ud0dc\ub294 \ub3c5\uc77c\uc5b4 \uba85\uce6d\uc778 Veldes\ubcf4\ub2e4 \uc55e\uc120 \uac83\uc73c\ub85c, \ud604\uc874\ud558\ub294 \ubb38\ud5cc\ubcf4\ub2e4 \ud6e8\uc52c \uc624\ub79c \uc5ed\uc0ac\ub97c \uc9c0\ub2cc \uc9c0\uba85\uc744 \ubcf4\uc5ec\uc90d\ub2c8\ub2e4. \uc774\ub7ec\ud55c \uc5b8\uc5b4\uc801 \ubaa8\ud638\uc131\uc740 \ube14\ub808\ub4dc\uac00 \ub354 \uc624\ub79c \uc5ed\uc0ac\ub97c \uc9c0\ub154\uc74c\uc744 \ubcf4\uc5ec\uc90d\ub2c8\ub2e4. \uc12c\uc5d0 \uc778\ub958\uc758 \ud754\uc801\uc774 \ub85c\ub9c8\ub124\uc2a4\ud06c \uc591\uc2dd \uc608\ubc30\ub2f9\ubcf4\ub2e4 \uba3c\uc800 \uc874\uc7ac\ud558\uc5ec \uc120\uc0ac \uc2dc\ub300 \uc9c0\uce35\uc73c\ub85c \uc774\uc5b4\uc84c\uace0, \uc2ac\ub77c\ube0c \uc5ec\uc2e0 \uc9c0\ubc14\ub294 \uae30\ub3c5\uad50\uac00 \ud0dc\ub3d9\ud558\uae30 \uc804\uc5d0\ub3c4 \uac19\uc740 \ubc14\uc704\uc5d0\uc11c \ubd09\ud5cc \uc758\uc2dd\uc744 \uce58\ub800\uc2b5\ub2c8\ub2e4.<\/p>\n<p>\ube14\ub808\ub4dc\uc758 \uba85\uc131\uc744 \uc88c\uc6b0\ud558\ub294 \ubcf4\uc11d\uc740 \ube59\ud558\uae30 \ud6c4\ud1f4\uc5d0\uc11c \ud0c4\uc0dd\ud55c \uc218\uc815\ucc98\ub7fc \ub9d1\uc740 \ud638\uc218\uc785\ub2c8\ub2e4. \uc9c0\ud558 \uc0d8\uacfc \uc791\uc740 \uc9c0\ub958\uc5d0\uc11c \ud758\ub7ec\ub098\uc624\ub294 \ub9d1\uace0 \ud22c\uba85\ud55c \ubb3c\uc758 \uc628\ub3c4\uc640 \uadf8 \uc544\ub984\ub2e4\uc6c0\uc740 \ube59\ud558\uae30 \ud6c4\ud1f4\uc5d0\uc11c \ube44\ub86f\ub418\uc5c8\uc2b5\ub2c8\ub2e4. \uaca8\uc6b8\uc774 \ub05d\ub098\uace0 \uc5bc\uc74c\uc774 \ud45c\uba74\uc744 \ub36e\uace0 \uace0\uc694\ud55c \uc815\uc801\uc774 \ud750\ub974\ub294 \uc2dc\uae30\uc5d0\ub294 \uc9c0\uc5ed \uc8fc\ubbfc\uacfc \ubc29\ubb38\uac1d \ubaa8\ub450 \uac78\uc5b4\uc11c \uc774 \uc12c\uc744 \ucc3e\uc544 \uc790\uc5f0\uc758 \uacbd\uc774\ub85c\uc6c0\uc744 \uc2dc\ud5d8\ud569\ub2c8\ub2e4. \uc804\uc124\uc801\uc778 \ube14\ub808\ub4dc \ub2e8\uce35 \uadfc\ucc98\uc5d0 \uc788\ub294 \uc12d\uc528 23\ub3c4\uc758 \uc628\ucc9c\uc218\ub294 \uc778\uadfc \ub450 \uacf3\uc758 \ud638\ud154\uc5d0 \uc2e4\ub0b4 \uc218\uc601\uc7a5\uc744 \uacf5\uae09\ud558\ub294\ub370, \uc774\ub294 \ud734\uc2dd\uacfc \uac74\uac15\uc758 \uc7a5\uc18c\ub85c\uc11c \ube14\ub808\ub4dc\uac00 \uc624\ub7ab\ub3d9\uc548 \uc9c0\ucf1c\uc628 \uc704\uc0c1\uc744 \uc740\uc740\ud558\uac8c \ub4dc\ub7ec\ub0b4\ub294 \ubaa8\uc2b5\uc785\ub2c8\ub2e4.<\/p>\n<p>\ube14\ub808\ub4dc\uc758 \uba85\uc131\uc740 19\uc138\uae30 \uc911\ubc18 \uc2a4\uc704\uc2a4 \uc790\uc5f0\uc694\ubc95\uc0ac \uc544\ub974\ub180\ud2b8 \ub9ac\ud074\ub9ac\uc758 \ube44\uc804\uc5d0 \ud06c\uac8c \uae30\uc778\ud569\ub2c8\ub2e4. \uadf8\ub294 \ud5ec\ub9ac\uc624\ud14c\ub77c\ud53c\uc640 \uae30\ud6c4 \uc694\ubc95\uc744 \uc8fc\ucc3d\ud558\uba70 \ube14\ub808\ub4dc\ub97c \uc720\ub7fd\uc758 \uba85\uc131\uc744 \uc790\ub791\ud558\ub294 \uac74\uac15 \ud734\uc591\uc9c0\ub85c \ud0c8\ubc14\uafc8\uc2dc\ucf30\uc2b5\ub2c8\ub2e4. \uadf8\uc758 \ub4a4\ub97c \uc774\uc5b4 \uba3c \uad81\uc815\uc758 \uadc0\uc871\ub4e4\uc774 \ube14\ub808\ub4dc\uc758 \uc628\ud654\ud55c \uacf5\uae30\ub97c \ub9c8\uc2dc\uace0, \ub9d1\uc740 \ubc14\ub2f7\ubb3c\uc5d0\uc11c \uc218\uc601\ud558\uace0, \ub9ac\ud074\ub9ac\uac00 \uadf9\ucc2c\ud588\ub358 \uc628\ud654\ud55c \uc9c0\uc911\ud574\uc640 \uc54c\ud504\uc2a4\uc758 \ud569\ub958\uc9c0\ud615\uc744 \ub9cc\ub07d\ud558\uae30 \uc704\ud574 \ube14\ub808\ub4dc\ub97c \ucc3e\uc558\uc2b5\ub2c8\ub2e4. \uc624\ub298\ub0a0 \ube14\ub808\ub4dc\ub294 \ucee8\ubca4\uc158 \uc13c\ud130\uc774\uc790 \uc2a4\ud3ec\uce20 \ud5c8\ube0c\ub85c\uc11c \uc774\ub7ec\ud55c \uc720\uc0b0\uc744 \uc774\uc5b4\uac00\uace0 \uc788\uc73c\uba70, \ud478\ub978 \ud398\uc5b4\uc6e8\uc774\uc5d0\uc11c \uace8\ud504\ub97c \uce58\uace0, \ud55c\uc801\ud55c \ub9cc\uc5d0\uc11c \uc1a1\uc5b4\uc640 \ud30c\uc774\ud06c \ub09a\uc2dc\ub97c \uc990\uae30\uace0, \ubaa9\ucd08\uc9c0\uc640 \uc0bc\ub9bc \uc9c0\ub300\ub97c \ub204\ube44\ub294 \uc2b9\ub9c8\ub97c \uc990\uae38 \uc218 \uc788\uc2b5\ub2c8\ub2e4.<\/p>\n<p>\ube14\ub808\ub4dc \ud638\uc218 \uc911\uc559\uc5d0 \uc788\ub294 \uc774 \uc791\uc740 \uc12c\uc740 1698\ub144\uc5d0 \uc9c0\uc5b4\uc9c4 \ubc14\ub85c\ud06c \uc591\uc2dd\uc758 \uc131\ubaa8 \uc2b9\ucc9c \uad50\ud68c\ub85c, \uc131\ubaa8 \ub9c8\ub9ac\uc544\uc758 \uc0b6\uc744 \uc808\uc81c\ub41c \uba85\uc554\ubc95\uc73c\ub85c \ubb18\uc0ac\ud55c \ud504\ub808\uc2a4\ucf54\ud654\ub85c \uc7a5\uc2dd\ub418\uc5b4 \uc788\uc2b5\ub2c8\ub2e4. 1534\ub144\uc5d0 \uc138\uc6cc\uc9c4 \uace0\ub515 \uc591\uc2dd\uc758 \uc885\uc740 \uace0\uc694\ud788 \uc6b8\ub824 \ud37c\uc9c0\uba70 \uc21c\ub840\uc790\ub4e4\uc5d0\uac8c \ud589\uc6b4\uc744 \uae30\uc6d0\ud558\ub294 \uc885\uc18c\ub9ac\ub97c \uc6b8\ub9bd\ub2c8\ub2e4. 99\uac1c\uc758 \ub3cc\uacc4\ub2e8\uc744 \uc624\ub974\ub294 \uad00\ub840\ub294 \uc2e0\ud63c\ubd80\ubd80\ub4e4\uc5d0\uac8c \ud5cc\uc2e0\uc801\uc778 \ubaa8\uc2b5\uc744 \ubcf4\uc5ec\uc8fc\ub3c4\ub85d \ud569\ub2c8\ub2e4. \uc2e0\ubd80\ub294 \ud488\uc5d0 \uc548\uae30\uace0, \ub0a8\ud3b8\uc740 \ubb35\ubb35\ud788 \ubc1c\uac78\uc74c\uc744 \uc62e\uae30\uba70, \ud55c \uac78\uc74c \ud55c \uac78\uc74c \ub0b4\ub51b\ub294 \ubc1c\uac78\uc74c\ub9c8\ub2e4 \uc870\ud654\ub85c\uc6b4 \uacb0\ud569\uc758 \uc57d\uc18d\uc744 \ud655\uc778\uc2dc\ucf1c \uc90d\ub2c8\ub2e4.<\/p>\n<p>\ube14\ub808\ub4dc\uc5d0\ub294 \ud604\ub300\uc801\uc778 \ud6a8\uc728\uc131\uacfc \uc804\uc6d0\uc801\uc778 \ub9e4\ub825\uc774 \uc5b4\uc6b0\ub7ec\uc9c4 \uad50\ud1b5\ub9dd\uc774 \uc798 \uac16\ucdb0\uc838 \uc788\uc2b5\ub2c8\ub2e4. \uad6d\uc81c\uc120 \uad00\ubb38\uc778 \ub958\ube14\ub7b4\ub098 \uc694\uc81c \ud478\uce58\ub2c8\ud06c \uacf5\ud56d\uc740 \ub0a8\ub3d9\ucabd\uc73c\ub85c \uc57d 34km \ub5a8\uc5b4\uc838 \uc788\uc73c\uba70, \uc2dc\uac04\ub2f9 7\uc720\ub85c\uc758 \ubc84\uc2a4 \ub610\ub294 40\uc720\ub85c\ubd80\ud130 \uc2dc\uc791\ud558\ub294 \ud0dd\uc2dc\ub97c \uc774\uc6a9\ud558\uc5ec \uac08 \uc218 \uc788\uc2b5\ub2c8\ub2e4. \uc77c\ubc18 \ud56d\uacf5\ud3b8\uc740 \uc778\uadfc \ub808\uc2a4\uccb4-\ube14\ub808\ub4dc \uacf5\ud56d\uc5d0\uc11c \ud558\ucc28\ud569\ub2c8\ub2e4. \ucca0\ub3c4\ub294 \ub958\ube14\ub7b4\ub098-\ube4c\ub77c\ud750 \ub178\uc120\uc758 \ub808\uc2a4\uccb4-\ube14\ub808\ub4dc \uc5ed\uc5d0 \uc815\ucc28\ud558\uba70, \uc774\uacf3\uc5d0\uc11c \uc9c0\uc5ed \uc5f4\ucc28\ub97c \uc774\uc6a9\ud558\uba74 1\uc2dc\uac04 \uc774\ub0b4\uc5d0 \ub3c4\ucc29\ud560 \uc218 \uc788\uc2b5\ub2c8\ub2e4. \ud658\uc2b9 \ubc84\uc2a4\ub098 \ud0dd\uc2dc\ub97c \uc774\uc6a9\ud558\uba74 \ub9c8\uc9c0\ub9c9 4km\ub97c \uc774\ub3d9\ud558\uba70 \uc2dc\ub0b4\uae4c\uc9c0 \uc774\ub3d9\ud560 \uc218 \uc788\uc2b5\ub2c8\ub2e4. \ub354 \uac00\uae4c\uc6b4 \ubcf4\ud78c \ucca0\ub3c4\uc758 \ube14\ub808\ub4dc \uc608\uc81c\ub85c \uc5ed\uc740 \ud638\uc218 \uc11c\ucabd \uae30\uc2ad \ub9de\uc740\ud3b8\uc5d0 \uc704\uce58\ud558\uba70, \uc608\uc138\ub2c8\uccb4\uc640 \ub178\ubc14 \uace0\ub9ac\ucc28\ub85c \uac00\ub294 \ub178\uc120\uc744 2\uc2dc\uac04 \uac04\uaca9\uc73c\ub85c \uc6b4\ud589\ud569\ub2c8\ub2e4.<\/p>\n<p>\ub9c8\uc744 \uc678\uacfd\uc744 \ub530\ub77c \uac77\ub2e4 \ubcf4\uba74 \uc5b4\ub5a4 \uae30\uacc4\uc2dd \uc774\ub3d9 \uc218\ub2e8\ub3c4 \ubcf4\ud589\uc790\uc758 \ud0d0\ud5d8\uc744 \ub2a5\uac00\ud558\uc9c0 \ubabb\ud569\ub2c8\ub2e4. \ud638\uc218\ub97c \ud55c \ubc14\ud034 \ub3c4\ub294 \ub370\ub294 \ud55c \uc2dc\uac04 \uc815\ub3c4\uba74 \ucda9\ubd84\ud569\ub2c8\ub2e4. \ud558\uc9c0\ub9cc 18\uc138\uae30\ubd80\ud130 \uac00\uc871\uc774 \uc6b4\uc601\ud574 \uc628 \uc720\uc11c \uae4a\uc740 \ud50c\ub808\ud2b8\ub098 \ubcf4\ud2b8(\ud3c9\uc800\uc120)\ub294 \uc218\uc0dd \uc0dd\ubb3c\uc758 \uccad\uc815\ud568\uc744 \uc720\uc9c0\ud558\uae30 \uc704\ud574 23\ucc99\uc73c\ub85c \uace0\uc815\ub418\uc5b4 \uc788\uc2b5\ub2c8\ub2e4. \ud50c\ub808\ud2b8\ub098 \ubcf4\ud2b8\ub294 \uc804\ud1b5\uc801\uc778 \uc870\uc815 \ud55c \uc2dc\uac04\uacfc \uc0c1\ub959 30\ubd84\uc744 \ud3ec\ud568\ud558\uc5ec 90\ubd84 \ub3d9\uc548 \uc5ec\uc720\ub86d\uac8c \uc655\ubcf5\ud558\ub294 \uc218\uc0c1 \uad50\ud1b5\uc758 \ub300\uc548\uc744 \uc81c\uacf5\ud569\ub2c8\ub2e4. \uc790\uac00 \ucd94\uc9c4 \ubc29\uc2dd\uc744 \uc120\ud638\ud558\ub294 \uc0ac\ub78c\ub4e4\uc744 \uc704\ud574 \uc870\uc815 \ubcf4\ud2b8\ub97c \ub300\uc5ec\ud560 \uc218 \uc788\uc73c\uba70, \uc9c0\uc815\ub41c \ucc28\uc120\uc740 \uc5c6\uc9c0\ub9cc \uc5ec\ub7ec \uc5ec\ud589\uc0ac\uc5d0\uc11c \uc790\uc804\uac70\ub97c \ub300\uc5ec\ud558\uc5ec \uc870\uc6a9\ud55c \uc2dc\uace8\uae38\uc744 \ub530\ub77c \ub098\ub4e4\uc774\ub97c \uc990\uae38 \uc218 \uc788\uc2b5\ub2c8\ub2e4. \uc2b9\ub9c8\uac1d\ub4e4\uc740 \ub9c8\ucc28\ub97c \ud0c0\uace0 \uace0\uac2f\uae38\uc744 \ub2ec\ub9ac\uac70\ub098 \uac00\uc774\ub4dc\uac00 \uc548\ub0b4\ud558\ub294 \ub9c8\ucc28\ub97c \ud0c0\uace0 \ub9c8\uc744\uc758 \uc804\uc6d0\uc801\uc778 \ud734\uc2dd\uacfc \ubaa8\ud5d8\uc744 \ub9cc\ub07d\ud560 \uc218 \uc788\ub294 \uade0\ud615\uc744 \ub354\uc6b1 \uac15\ud654\ud569\ub2c8\ub2e4.<\/p>\n<p>\ub192\uc740 \ud574\uc548\uc744 \uc555\ub3c4\ud558\ub294 \ube14\ub808\ub4dc \uc131\uc740 \uac00\ud30c\ub978 \uc808\ubcbd \uc704\uc5d0 \uc6b0\ub69d \uc19f\uc544 \uc788\uc73c\uba70, \ub85c\ub9c8\ub124\uc2a4\ud06c \uc591\uc2dd\uc758 \uc131\ubcbd, \ub09c\uac04, \ud0d1\uc740 \uc911\uc138 \uc2dc\ub300\ubd80\ud130 \uc774\uc5b4\uc838 \uc628 \uc131\uc758 \ubaa8\uc2b5\uc744 \ubcf4\uc5ec\uc90d\ub2c8\ub2e4. 16\uc138\uae30\uc5d0 \uc9c0\uc5b4\uc84c\ub2e4\uac00 1950\ub144\ub300\uc5d0 \ubcf5\uc6d0\ub41c \ud604\uc7ac\uc758 \uac74\ubb3c\uc740 1700\ub144\uc5d0 \uadf8\ub824\uc9c4 \ud504\ub808\uc2a4\ucf54\ud654 \uc608\ubc30\ub2f9\uc774 \uc788\ub294 \uc717\ub730\uc744 \ud3ec\ud568\ud558\uace0 \uc788\uc2b5\ub2c8\ub2e4. \uc774 \uc608\ubc30\ub2f9\uc5d0\ub294 \ud5e8\ub9ac 2\uc138\uac00 \ube14\ub808\ub4dc\ub97c \uc54c\ubd80\uc778 \uc8fc\uad50\uc5d0\uac8c \uae30\uc99d\ud558\ub294 \ubaa8\uc2b5\uc774 \ubb18\uc0ac\ub418\uc5b4 \uc788\uc2b5\ub2c8\ub2e4. \ubb34\uae30\uc640 \uc720\ubb3c\uc744 \uc18c\uc7a5\ud55c \uc18c\ubc15\ud55c \ubc15\ubb3c\uad00, \uadf8\ub9ac\uace0 \uc218\ub3c4\uc0ac \uc559\ub4dc\ub808\uac00 \uc6b4\uc601\ud558\ub294 \uc640\uc778 \uc13c\ud130\uac00 \uc788\uc2b5\ub2c8\ub2e4. \uc559\ub4dc\ub808\ub294 15\uc720\ub85c\uc9dc\ub9ac \uc0f4\ud398\uc778 \ud55c \ubcd1\uc5d0 \uc0ac\ube0c\ub77c\uc8fc \uae30\ubc95\uc744 \uc804\uc218\ud558\uace0, \uc190\ub2d8\ub4e4\uc5d0\uac8c \uc9c1\uc811 \uc640\uc778\uc744 \ubcd1\uc785\ud558\uace0 \ub77c\ubca8\uc744 \ubd99\uc774\uace0 \uc641\uc2a4 \ub3c4\uc7a5\uc744 \ucc0d\ub3c4\ub85d \ucd08\ub300\ud569\ub2c8\ub2e4. \uc9c0\ud558 \uc800\uc7a5\uace0\uc5d0\uc11c \uc881\uc740 \uacc4\ub2e8\uc744 \ub530\ub77c \ub0b4\ub824\uac00\uba74 \ud5c8\ube0c\uc640 \uc5d0\uc13c\uc15c \uc624\uc77c \ud5a5\uc774 \uac00\ub4dd\ud55c \uac00\uac8c\uac00 \ub098\uc624\ub294\ub370, \uc774\ub294 \uc131\uc758 \uc2dc\uac01\uc801 \uc7a5\uc5c4\ud568\uc744 \ud6c4\uac01\uc801\uc73c\ub85c \ubcf4\uc5ec\uc8fc\ub294 \uc5d0\ud544\ub85c\uadf8\uc785\ub2c8\ub2e4. \uc785\uc7a5\ub8cc\ub294 \uc131\uc778 15\uc720\ub85c, \ud559\uc0dd 9.50\uc720\ub85c, \uc5b4\ub9b0\uc774 6\uc720\ub85c\uc774\uba70, \ub178\uc778\uacfc \uc7a5\uc560\uc778\uc740 20% \ud560\uc778\uc744 \ubc1b\uc2b5\ub2c8\ub2e4.<\/p>\n<p>\ub9c8\uc744\uc5d0\uc11c \uac00\uae4c\uc6b4 \uacf3\uc5d0\ub294 \uc790\uc5f0\uc758 \uacbd\uc774\ub85c\uc6c0\uc774 \uc6a9\uac10\ud55c \uc774\ub4e4\uc744 \uc720\ud639\ud569\ub2c8\ub2e4. \ubcf4\ud78c\uc2a4\uce74 \ubca8\ub77c \uadfc\ucc98 \ud398\ub984\uae30 \uc11d\ud68c\uc554 \ubcbd\uc744 \ub530\ub77c 18\ubbf8\ud130 \ub192\uc774\ub85c \uad7d\uc774\uce58\ub294 \uc774\uae00\ub9ac\ucc28 \ud3ed\ud3ec\ub294 \ub2e4\ub9ac \uc704\uc5d0\uc11c \uc544\ucc14\ud55c \uc808\uacbd\uc744 \uc120\uc0ac\ud560 \ubfd0\ub9cc \uc544\ub2c8\ub77c, \uac00\ud30c\ub978 \uc554\ubcbd\uc744 \uc624\ub974\ub294 \ub4f1\ubc18\uac00\ub4e4\uc5d0\uac8c \ub3c4\uc804\uc801\uc778 \uacbd\ud5d8\uc744 \uc120\uc0ac\ud569\ub2c8\ub2e4. \uadfc\ucc98\uc5d0\ub294 \uc57d 300\ubbf8\ud130 \uae38\uc774\ub85c \ubed7\uc5b4 \uc788\uace0 \ud76c\uadc0\ud55c \ud5ec\ub9ac\ud0c0\uc774\ud2b8\ub85c \uc7a5\uc2dd\ub41c \ubc14\ube0c\uc9c0 \uc870\ube0c \ub3d9\uad74\uc774 \uc788\ub294\ub370, \ubcf4\ud78c\uc2a4\uce74 \ubca8\ub77c\uc5d0\uc11c \uc2dc\uc791\ud558\uc5ec 1,128\ubbf8\ud130 \ub192\uc774\uc758 \ubd09\uc6b0\ub9ac \uc815\uc0c1\uae4c\uc9c0 \uc774\uc5b4\uc9c0\ub294 \uc8fc 3\ud68c \uc5ec\ub984 \ud22c\uc5b4\ub85c \ub3d9\uad74 \ud0d0\ud5d8\uac00\ub4e4\uc744 \uc720\ud639\ud569\ub2c8\ub2e4.<\/p>\n<p>\ud2b8\ub9ac\uae00\ub77c\ube0c \uad6d\ub9bd\uacf5\uc6d0\uc758 \ub354 \ub113\uc740 \uc601\uc5ed\uae4c\uc9c0 \uad00\uc2ec \uc788\ub294 \ubd84\ub4e4\uc744 \uc704\ud574, \uc5ec\ub7ec \uc804\ubb38 \uc5ec\ud589\uc0ac\ub4e4\uc774 \ub9de\ucda4\ud615 \uc5ec\ud589\uc744 \uc81c\uacf5\ud569\ub2c8\ub2e4. \uc544\uc6cc\uc5b4\uc6e8\uc774(HourAway)\ub294 \uace0\uc131\ub2a5 \uc804\uae30 \uc790\uc804\uac70\uc640 \uc790\uac08\uae38 \ucc28\ub7c9\uc744 \uac16\ucd98 \uc790\uc804\uac70 \ub610\ub294 \ud558\uc774\ud0b9 \ub4f1 \uba70\uce60 \ub610\ub294 \uba70\uce60 \uc77c\uc815\uc758 \uc5ec\ud589\uc744 \uae30\ud68d\ud558\uace0, \uc30d\ub465\uc774 \ud615\uc81c\uac00 \uc6b4\uc601\ud558\ub294 \uc54c\ud2f0\ud29c\ub4dc \uc561\ud2f0\ube44\ud2f0(Altitude Activities)\ub294 \ud328\ub7ec\uae00\ub77c\uc774\ub529, \uc2a4\uce74\uc774\ub2e4\uc774\ube59, \uce90\ub2c8\uc5b4\ub9c1, \ub798\ud504\ud305, \ube44\uc544 \ud398\ub77c\ud0c0\ub97c \uc81c\uacf5\ud569\ub2c8\ub2e4. \uc5b4\ub4dc\ubca4\ucc98 \ud329\ud1a0\ub9ac(Adventure Factory)\ub294 \uc228\uaca8\uc9c4 \uacc4\uace1\uacfc \uc232\uae38\uc744 \ud0d0\ud5d8\ud558\ub294 \uc804\uc9c0\ud615 \ucc28\ub7c9(ATV) \ud22c\uc5b4\ub97c \uc81c\uacf5\ud569\ub2c8\ub2e4. \uac01 \uc5ec\ud589\uc0ac\ub294 \ube14\ub808\ub4dc\uac00 \uc54c\ud504\uc2a4 \uc0b0\ub9e5\uc758 \uc911\uc2ec\uc9c0\ub77c\ub294 \uba85\uc131\uc744 \uc720\uc9c0\ud558\ub294 \ub370 \uae30\uc5ec\ud558\uace0 \uc788\uc73c\uba70, \uac00\uc774\ub4dc\uc640 \uc7a5\ube44\ub294 \ube14\ub808\ub4dc\uc758 \ud48d\ubd80\ud55c \uc790\uc5f0\uc744 \ud6fc\uc190 \uc5c6\uc774 \uacbd\ud5d8\ud560 \uc218 \uc788\ub3c4\ub85d \ub3d5\uc2b5\ub2c8\ub2e4.<\/p>\n<p>\ud558\uc9c0\ub9cc \ubaa8\ud5d8\uc740 \uc5c4\uccad\ub09c \ub178\ub825\uc744 \ud544\uc694\ub85c \ud558\uc9c0 \uc54a\uc2b5\ub2c8\ub2e4. \ucea0\ud504 \uc790\uce74(Camp Zaka) \uadfc\ucc98 \ub9d0\ub77c \uc624\uc18c\uc774\ub2c8\ucc28(Mala Osojnica)\uc758 \uc804\ub9dd\ub300\uc640 \uc131 \ud14c\ub77c\uc2a4\uc5d0\uc11c\ub294 \ubc15\ubb3c\uad00 \uc6b4\uc601 \uc2dc\uac04 \uc678\uc5d0\ub294 \uc5d0\uba54\ub784\ub4dc\ube5b \ud638\uc218\uc640 \uadf8 \uc12c\uc758 \ud0c1 \ud2b8\uc778 \uc804\ub9dd\uc744 \ubb34\ub8cc\ub85c \uac10\uc0c1\ud560 \uc218 \uc788\uc2b5\ub2c8\ub2e4. \uc131 \uadf8\ub298 \uc544\ub798 \uc704\uce58\ud55c \uadf8\ub77c\uc774\uc2a4\ucf54 \ucf54\ud314\ub9ac\uc288\uccb4(Grajsko kopali\u0161\u010de) \uc218\uc601 \uad6c\uc5ed\uc740 6\uc6d4 \uc911\uc21c\ubd80\ud130 9\uc6d4\uae4c\uc9c0 \uc218\uc601\uc7a5, \uc6cc\ud130\uc2ac\ub77c\uc774\ub4dc, \ud2b8\ub7a8\ud384\ub9b0, \uac00\uc871 \ud3b8\uc758\uc2dc\uc124\uc744 \uac16\ucd94\uace0 \uc788\uc73c\uba70, \ud558\ub8e8 6\uc720\ub85c\uc758 \uc774\uc6a9\ub8cc\ub85c \uc774\uc6a9 \uac00\ub2a5\ud569\ub2c8\ub2e4. \uc815\uc624 \uc774\ud6c4\uc5d0\ub294 3\uc720\ub85c\ub85c \ud560\uc778\ub429\ub2c8\ub2e4. \ud63c\uc790\ub9cc\uc758 \uc2dc\uac04\uc744 \uc120\ud638\ud558\ub294 \ubd84\ub4e4\uc744 \uc704\ud574 \uc2a4\ud2b8\ub810 \uc2a4\uc704\ubc0d \uc5b4\ub4dc\ubca4\ucc98\uc2a4(Strel Swimming Adventures)\ub294 \uc219\ub828\ub41c \uc624\ud508 \uc6cc\ud130 \uc218\uc601 \uc120\uc218\ub4e4\uc774 \uc12c\uc744 \uc77c\uc8fc\ud558\ub294 \ud504\ub85c\uadf8\ub7a8\uc744 \uc6b4\uc601\ud558\uba70, \uc288\ud3ec\ub974\ud2b8\ub098 \ub4dc\ubcf4\ub77c\ub098(\u0160portna Dvorana)\uc758 \uc2e4\ub0b4 \uc544\uc774\uc2a4\ub9c1\ud06c\ub294 \uc2a4\ucf00\uc774\ud2b8 \ub300\uc5ec\ub8cc\ub97c \ud3ec\ud568\ud574 4.50\uc720\ub85c\uc5d0 \uaca8\uc6b8 \uc6b4\ub3d9\uc744 \uc990\uae38 \uc218 \uc788\uc2b5\ub2c8\ub2e4. \uace8\ud37c\ub4e4\uc740 9\ud640 \ube14\ub808\ub4dc \uace8\ud504 &amp; \ucee8\ud2b8\ub9ac \ud074\ub7fd(Bled Golf &amp; Country Club)\uc744 30\uc720\ub85c, 18\ud640\uc740 60\uc720\ub85c\uc5d0 \uc774\uc6a9\ud558\uace0, \uc778\uadfc \ubbf8\ub2c8 \uace8\ud504 \ucf54\uc2a4\uc5d0\uc11c\ub294 \ub2a6\uc740 \uc800\ub141\uae4c\uc9c0 \ud1a0\ub108\uba3c\ud2b8\uac00 \uc9c4\ud589\ub429\ub2c8\ub2e4. \uace8\ud504 \ud638\ud154\uc758 \uc9c0\ubc14 \uc6f0\ub2c8\uc2a4 \uc13c\ud130\ub97c \ube44\ub86f\ud55c \uc2a4\ud30c\uc640 \uc6f0\ub2c8\uc2a4 \uc13c\ud130\ub294 \ub9ac\ud074\ub9ac\uc758 \uac74\uac15 \uad00\uad11 \ubcf8\uac70\uc9c0\ub97c \uc7ac\ud604\ud55c \uc628\ucc9c, \uc0ac\uc6b0\ub098, \ud2b8\ub9ac\ud2b8\uba3c\ud2b8\ub97c \uc81c\uacf5\ud569\ub2c8\ub2e4. 520m \uae38\uc774\uc758 \ud2b8\ub799\uc5d0\uc11c \uc990\uae30\ub294 \uc5ec\ub984 \uc370\ub9e4\ub294 \ucd5c\ub300 \uc2dc\uc18d 40km\uc758 \uc18d\ub3c4\ub97c \uc790\ub791\ud558\uba70, \uba54\uae30, \ud30c\uc774\ud06c, \uc789\uc5b4, \uc1a1\uc5b4\ub97c \uc7a1\uc73c\ub824\ub294 \ub09a\uc2dc\uafbc\uc740 \uad00\uad11\uccad\uc5d0\uc11c \ud558\ub8e8 20\uc720\ub85c\uc5d0 \ud5c8\uac00\ub97c \ubc1b\uc744 \uc218 \uc788\uc2b5\ub2c8\ub2e4. \uc0c8\ubcbd\uc5d0 \ub728\ub294 \uc0ac\ub78c\ub4e4\uc740 \ubc8c\ub8ec\uc789 \uc13c\ud130 \ubc14\ub974\uc81c(Ballooning Center Barje)\ub97c \ud1b5\ud574 \uc5f4\uae30\uad6c \ud0d1\uc2b9\uc744 \uc608\uc57d\ud560 \uc218 \uc788\uc2b5\ub2c8\ub2e4. \ub0a0\uc528\uc5d0 \ub530\ub77c \uc774\uc6a9 \uac00\ub2a5 \uc5ec\ubd80\uac00 \ub2ec\ub77c\uc9c8 \uc218 \uc788\uc73c\uba70, \uc0c8\ubcbd \ub3d9\uc774 \ud2b8\uc790\ub9c8\uc790 \ucd9c\ubc1c\ud558\uc5ec 3~4\uc2dc\uac04 \ub3d9\uc548 \uc9c4\ud589\ub429\ub2c8\ub2e4.<\/p>\n<p>\ube14\ub808\ub4dc\uc758 \ubb38\ud654 \ud589\uc0ac\ub294 \uc77c \ub144 \ub0b4\ub0b4 \uc790\uc5f0\uc758 \ub9e4\ub825\uc744 \ubf50\ub0c5\ub2c8\ub2e4. 7\uc6d4 \ub137\uc9f8 \uc8fc\ub9d0\uc5d0\ub294 \ube14\ub808\ub4dc \ub370\uc774\uc988(Bled Days)\uac00 \uc5f4\ub9ac\uace0, \ubc15\ub78c\ud68c\uc640 \ucf58\uc11c\ud2b8\uac00 \ud3bc\uccd0\uc9c0\uba70, \ubd88\uaf43\ub180\uc774\uc640 \ubb3c \uc704\uc5d0 \ube44\uce5c \ucd1b\ubd88\uc758 \uc544\ub984\ub2e4\uc6c0\uc73c\ub85c \uc808\uc815\uc744 \uc774\ub8f9\ub2c8\ub2e4. 7\uc6d4 \ucd08\uc5d0\ub294 \ube14\ub808\ub4dc \uad6d\uc81c \uc74c\uc545 \ucd95\uc81c(International Music Festival Bled)\uac00 \uc5f4\ub9ac\uace0, 8\uc6d4 \uccab\uc9f8 \uc8fc\ub9d0\uc5d0\ub294 \ubbfc\uc18d \uc804\ud1b5\uc744 \uc8fc\uc81c\ub85c \ud55c \uc624\uce74\ub9ac\ub098 \uc5d0\ud2b8\ub178 \ucd95\uc81c(Okarina Etno Festival)\uac00 \uc5f4\ub9ac\uba70, \uc5ec\ub7ec \ubbfc\uc871 \uc74c\uc545\uac00\ub4e4\uc774 \ubaa8\uc5ec \uacf5\uc5f0\uc744 \ud3bc\uce69\ub2c8\ub2e4. 6\uc6d4 \uccab\uc9f8 \uc8fc\ub9d0\uc5d0\ub294 \uc131\uc5d0\uc11c \uc5ed\uc0ac\uc801\uc778 \ud589\uc0ac\ub97c \uc7ac\ud604\ud558\ub294 \uc911\uc138 \ub370\uc774\uc988(Medieval Days)\uac00 \uc5f4\ub9ac\uba70, \ubc29\ubb38\uac1d\ub4e4\uc740 \uae30\uc0ac\ub3c4 \uc815\uc2e0\uacfc \uc7a5\uc778 \uc815\uc2e0\uc774 \uae43\ub4e0 \uc61b \uc138\uacc4\ub85c \ucd08\ub300\ub429\ub2c8\ub2e4.<\/p>\n<p>\ube14\ub808\ub4dc\uc758 \uacb0\uc815\uc801\uc778 \ub9e4\ub825\uc740 \uc6d0\ucd08\uc801\uc778 \uc6c5\uc7a5\ud568\uacfc \uc778\uac04\uc758 \uc7a5\uc778\uc815\uc2e0\uc774 \uc870\ud654\ub86d\uac8c \uc5b4\uc6b0\ub7ec\uc9c4 \ub370 \uc788\uc2b5\ub2c8\ub2e4. \ube59\ud558 \ud1f4\uac01\uc73c\ub85c \uc0dd\uaca8\ub09c \uc605\uc740 \ub179\uc0c9 \ud638\uc218\uc640 \uc218\ucc9c \ub144\uc758 \uc5b8\uc5b4\ub85c \uadf8 \uc774\ub984\uc774 \uc804\ud574\uc9c0\ub294 \ub9c8\uc744, \uc2e0\ud654 \uc18d\uc5d0 \uae43\ub4e0 \uc12c\uacfc \uac00\ud30c\ub978 \ubc14\uc704\ub97c \uae4e\uc544 \ub9cc\ub4e0 \uc131, \uadf8\ub9ac\uace0 \uadf9\ud55c\uc758 \ud65c\ub3d9\uacfc \ucc28\ubd84\ud55c \ud65c\ub3d9 \ubaa8\ub450\ub97c \uc544\uc6b0\ub974\ub294 \uc6f0\ube59 \uc2e4\ucc9c\uacfc \uadf8 \uae30\uc81c\ub97c \uc9c0\uc18d\uc2dc\ud0a4\ub294 \uc628\ucc9c\uae4c\uc9c0, \ube14\ub808\ub4dc\uc5d0\uc11c \ud604\uc7ac\ub294 \uc720\uc11c \uae4a\uc740 \uacfc\uac70\uc640 \uc870\ud654\ub97c \uc774\ub8e8\uba70, \uc218\uc138\uae30\uc5d0 \uac78\uce5c \uad00\ucc30, \ud5cc\uc2e0, \uadf8\ub9ac\uace0 \uc608\uc220\uc801 \uad00\ub9ac\uac00 \uc6d0\ucd08\uc801\uc774\uba74\uc11c\ub3c4 \ud48d\ubd80\ud558\uac8c \uc5b4\uc6b0\ub7ec\uc9c4 \uacbd\ud5d8\uc744 \uc120\uc0ac\ud569\ub2c8\ub2e4.<\/p>","protected":false},"excerpt":{"rendered":"<p>\uc2ac\ub85c\ubca0\ub2c8\uc544 \ubd81\uc11c\ubd80 \uc5b4\ud37c \uce74\ub974\ub2c8\uc62c\ub780 \uc9c0\uc5ed\uc758 \uc544\ub984\ub2e4\uc6b4 \ub9c8\uc744 \ube14\ub808\ub4dc\ub294 \uc778\uad6c \uc57d 8,000\uba85\uc785\ub2c8\ub2e4. \uc2ac\ub85c\ubca0\ub2c8\uc544\uc5d0\uc11c \uac00\uc7a5 \uc720\uba85\ud55c \uad00\uad11\uc9c0 \uc911 \ud558\ub098\uc778 \ube14\ub808\ub4dc \ud638\uc218\uc758 \uc544\ub984\ub2e4\uc6b4 \ub0a8\ucabd \ud574\uc548\uc740 \ud48d\ubd80\ud55c \uc5ed\uc0ac\uc801 \uc720\uc0b0\uacfc \uc544\ub984\ub2e4\uc6b4 \uc790\uc5f0 \uacbd\uad00\uc73c\ub85c \ubc29\ubb38\uac1d\uc744 \ub04c\uc5b4\ub4e4\uc785\ub2c8\ub2e4. \ube14\ub808\ub4dc \uc2dc\uc758 \ud589\uc815 \uc911\uc2ec\uc9c0\uc778 \ube14\ub808\ub4dc\ub294 \uc9c0\uc5ed \uad00\uad11\uacfc \uc2dc\uc815\uc758 \uc911\uc2ec\uc9c0\uc785\ub2c8\ub2e4.<\/p>","protected":false},"author":1,"featured_media":2952,"parent":13345,"menu_order":0,"comment_status":"closed","ping_status":"closed","template":"elementor_theme","meta":{"_eb_attr":"","footnotes":""},"class_list":["post-13435","page","type-page","status-publish","has-post-thumbnail"],"_links":{"self":[{"href":"https:\/\/travelshelper.com\/ko\/wp-json\/wp\/v2\/pages\/13435","targetHints":{"allow":["GET"]}}],"collection":[{"href":"https:\/\/travelshelper.com\/ko\/wp-json\/wp\/v2\/pages"}],"about":[{"href":"https:\/\/travelshelper.com\/ko\/wp-json\/wp\/v2\/types\/page"}],"author":[{"embeddable":true,"href":"https:\/\/travelshelper.com\/ko\/wp-json\/wp\/v2\/users\/1"}],"replies":[{"embeddable":true,"href":"https:\/\/travelshelper.com\/ko\/wp-json\/wp\/v2\/comments?post=13435"}],"version-history":[{"count":0,"href":"https:\/\/travelshelper.com\/ko\/wp-json\/wp\/v2\/pages\/13435\/revisions"}],"up":[{"embeddable":true,"href":"https:\/\/travelshelper.com\/ko\/wp-json\/wp\/v2\/pages\/13345"}],"wp:featuredmedia":[{"embeddable":true,"href":"https:\/\/travelshelper.com\/ko\/wp-json\/wp\/v2\/media\/2952"}],"wp:attachment":[{"href":"https:\/\/travelshelper.com\/ko\/wp-json\/wp\/v2\/media?parent=13435"}],"curies":[{"name":"wp","href":"https:\/\/api.w.org\/{rel}","templated":true}]}}