{"id":13108,"date":"2024-09-17T12:53:58","date_gmt":"2024-09-17T12:53:58","guid":{"rendered":"https:\/\/travelshelper.com\/staging\/?page_id=13108"},"modified":"2026-03-12T23:34:08","modified_gmt":"2026-03-12T23:34:08","slug":"%eb%9d%bc%ec%bd%94%eb%a3%a8%eb%83%90","status":"publish","type":"page","link":"https:\/\/travelshelper.com\/ko\/destinations\/europe\/spain\/la-coruna\/","title":{"rendered":"\ub77c\ucf54\ub8e8\ub0d0"},"content":{"rendered":"<p>\uc544 \ucf54\ub8e8\ub0d0\ub294 \uac08\ub9ac\uc2dc\uc544\uc5d0\uc11c \ub450 \ubc88\uc9f8\ub85c \uc778\uad6c\uac00 \ub9ce\uc740 \ub3c4\uc2dc\ub85c, \uc8fc\ubbfc\uc740 \uc57d 246,000\uba85\uc785\ub2c8\ub2e4. \uc2a4\ud398\uc778 \ub300\uc11c\uc591 \uc5f0\uc548\uc758 \uace8\ud3ec \uc544\ub974\ud0c0\ube0c\ub85c \uc11c\ucabd \ub05d\uc5d0 \uc788\ub294 \uacf6\uc5d0 \uc704\uce58\ud574 \uc788\uc2b5\ub2c8\ub2e4. \uc774 \uc9c0\ud615\uc758 \uac00\ub290\ub2e4\ub780 \uc9c0\ud611\uc740 \ud55c\ub54c \ubaa8\ub798\ub760\uc5d0 \ubd88\uacfc\ud588\uc9c0\ub9cc \uc218 \uc138\uae30\ub97c \uac70\uce58\uba74\uc11c \uc313\uc5ec\uc11c \uc624\ub298\ub0a0\uc758 \ub3c4\uc2dc \ubc18\ub3c4\uac00 \ub418\uc5c8\uc2b5\ub2c8\ub2e4.<\/p>\n<p>\ud604\ub300\uc801 \ubaa8\uc2b5\uc744 \uac16\ucd98 \uc544 \ucf54\ub8e8\ub0d0\ub294 \ubd81\ubd80 \uac08\ub9ac\uc2dc\uc544\uc758 \uc8fc\uc694 \uc0b0\uc5c5 \ubc0f \uae08\uc735 \uc911\uc2ec\uc9c0\ub85c \uc790\ub9ac \uc7a1\uace0 \uc788\uc2b5\ub2c8\ub2e4. \uad6d\ub0b4\uc5d0\uc11c \uac00\uc7a5 \ub192\uc740 \ud3c9\uade0 \uac74\ubb3c \ub192\uc774\ub97c \uc790\ub791\ud558\ub294 \uc544 \ucf54\ub8e8\ub0d0\uc758 \uc2a4\uce74\uc774\ub77c\uc778\uc740 \ub04a\uc784\uc5c6\uc774 \ubcc0\ud654\ud558\ub294 \ub300\uc11c\uc591\uc758 \ud30c\ub3c4\ub97c \ubc30\uacbd\uc73c\ub85c \ub2e8\uc815\ud55c \uc2e4\ub8e8\uc5e3\uc744 \ub4dc\ub7ec\ub0c5\ub2c8\ub2e4. \ucf54\ub8e8\ub0d0 \ub300\ud559\uad50\uac00 \uc774 \ub3c4\uc2dc \uacbd\uad00\uc744 \uad00\uc7a5\ud558\uba70, \ucea0\ud37c\uc2a4\ub294 \ub3c4\uc2dc \uad6c\uc870\uc5d0 \uae4a\uc774 \ubfcc\ub9ac\ub0b4\ub9ac\uace0 \uc788\uc2b5\ub2c8\ub2e4. \ud56d\ub9cc \uc2dc\uc124\uc740 \uc5b4\ub958, \uc6d0\uc720, \uadf8\ub9ac\uace0 \ubc8c\ud06c \ud654\ubb3c \uc6b4\uc1a1\uc73c\ub85c \ubd81\uc801\uc785\ub2c8\ub2e4. \uc774\ub7ec\ud55c \ud654\ubb3c\ub4e4\uc740 \uc9c0\uc5ed \ud574\uc0c1 \uad50\ud1b5\ub7c9\uc758 4\ubd84\uc758 3\uc744 \ucc28\uc9c0\ud569\ub2c8\ub2e4. \uadf8\ub7ec\ub098 \uc774\ub7ec\ud55c \ud604\ub300\uc801\uc778 \ubaa8\uc2b5 \uc774\uba74\uc5d0\ub294 \uae30\uc6d0\uc804 3\uc138\uae30 \ub3c4\uc2dc \uc911\uc2ec\ubd80 \ub0a8\ucabd\uc5d0 \uc790\ucde8\ub97c \ub0a8\uae34 \uce74\uc2a4\ud2b8\ub85c\ubd80\ud130, \uc11c\uae30 2\uc138\uae30 \ub85c\ub9c8 \uc5d4\uc9c0\ub2c8\uc5b4\ub4e4\uc774 \uc138\uc6b4 \ud5e4\ub77c\ud074\ub808\uc2a4\uc758 \ud0d1, \uadf8\ub9ac\uace0 16\uc138\uae30 \ud574\uc0c1 \uacf5\uaca9\uc5d0 \ub9de\uc120 \uac08\ub9ac\uc2dc\uc544 \uc2dc\ubbfc\ub4e4\uc758 \uc800\ud56d, \uadf8\ub9ac\uace0 1809\ub144 \uc601\uad6d\uad70\uc758 \uadf9\uc801\uc778 \ucca0\uc218\uae4c\uc9c0, \uc778\uac04\uc758 \uac70\uc8fc\uc640 \ud68c\ubcf5\ub825\uc758 \uc5f0\uc18d\uc131\uc774 \uc790\ub9ac \uc7a1\uace0 \uc788\uc2b5\ub2c8\ub2e4.<\/p>\n<p>\uaca8\uc6b8\uacfc \uc5ec\ub984\uc758 \uae30\uc628 \ucc28\uc774\uac00 \uc12d\uc528 9\ub3c4\ub97c \ub118\ub294 \uacbd\uc6b0\ub294 \ub4dc\ubb3c\uc9c0\ub9cc, \uc544 \ucf54\ub8e8\ub0d0\uc758 \uacc4\uc808 \ub9ac\ub4ec\uc740 \uacb0\ucf54 \ubb34\ubbf8\uac74\uc870\ud558\uc9c0 \uc54a\uc2b5\ub2c8\ub2e4. \uc9c0\uc911\ud574\uc758 \uc601\ud5a5\uc744 \ubc1b\uc740 \uae30\ud6c4\ub294 \ub300\uc11c\uc591\uc758 \uc628\ud654\ud55c \uc601\ud5a5\uc73c\ub85c \uc628\ud654\ud574\uc838 \uac00\uc744\uc5d0\ub294 \ud6c8\ud6c8\ud55c \uae30\uc6b4\uc744, \ubd04\uc5d0\ub294 \uc2f1\uadf8\ub7ec\uc6b4 \ud65c\ub825\uc744 \ubd88\uc5b4\ub123\uc2b5\ub2c8\ub2e4. \uaca8\uc6b8\uc740 \ube44\ubc14\ub78c\uc774 \ubab0\uc544\uce58\uc9c0\ub9cc \uc11c\ub9ac\ub294 \uac70\uc758 \ub0b4\ub9ac\uc9c0 \uc54a\uc2b5\ub2c8\ub2e4. \ub9c8\uc9c0\ub9c9\uc73c\ub85c \ub208\uc5d0 \ub744\ub294 \ub208\uc740 1987\ub144 1\uc6d4\uc5d0 \ub0b4\ub9b0 \uac83\uc774\uc5c8\uc2b5\ub2c8\ub2e4. \ubc18\uba74 \uc5ec\ub984\uc740 \ud587\uc0b4\uc774 \ub0b4\ub9ac\ucb10\ub294 \uacc4\uc808\uacfc \uac04\ud5d0\uc801\uc778 \uc774\uc2ac\ube44\ub85c \uad6c\ubd84\ub429\ub2c8\ub2e4. 7\uc6d4\ubd80\ud130 9\uc6d4\uae4c\uc9c0 \uae30\uc628\uc740 \uc12d\uc528 22\ub3c4(\ud654\uc528 72\ub3c4) \uc815\ub3c4\uc774\uba70, \uc12d\uc528 30\ub3c4\ub97c \ub118\ub294 \ub0a0\uc740 \uac70\uc758 \uc5c6\uc2b5\ub2c8\ub2e4.<\/p>\n<p>\ub3c4\uc2dc\uc758 \uace0\ub300 \uc911\uc2ec\uc9c0\uc778 \uc2dc\ub2e4\ub370 \ubca8\ub77c(Cidade Vella)\uc5d0\ub294 14\uc138\uae30\uc5d0 \uac74\uc124\ub41c \uc911\uc138 \uc131\ubcbd\uc758 \ud754\uc801\uacfc \ud55c\ub54c \uc138 \uac1c\uc758 \ud56d\uad6c\ub97c \ub458\ub7ec\uc2f8\uace0 \uc788\ub358 \uc11d\uc870 \uc544\uce58\uac00 \uadf8\ub300\ub85c \ubcf4\uc874\ub418\uc5b4 \uc788\uc2b5\ub2c8\ub2e4. \uc881\uc740 \uace8\ubaa9\uae38\uc5d0\ub294 \uace0\uadc0\ud55c \uc800\ud0dd\uacfc \uad50\ud68c \uac74\ubb3c\ub4e4\uc774 \ub298\uc5b4\uc11c \uc788\uc2b5\ub2c8\ub2e4. \ub85c\ub9c8\ub124\uc2a4\ud06c \uc591\uc2dd\uc758 \uc0b0\ud2f0\uc544\uace0 \uc131\ub2f9\uacfc \uc0b0\ud0c0 \ub9c8\ub9ac\uc544 \uc131\ub2f9, \uc544\uc2a4 \ubc14\ub974\ubc14\ub77c\uc2a4 \uc218\ub3c4\uc6d0 \ub2e8\uc9c0, \uadf8\ub9ac\uace0 \uac08\ub9ac\uc2dc\uc544\uc5b4\uc640 \ubb38\ud654\ub97c \uc218\ud638\ud558\ub294 \uc0ac\uba85\uc744 \uac00\uc9c4 \uc655\ub9bd \uac08\ub9ac\uc2dc\uc544 \uc544\uce74\ub370\ubbf8\ub294 \uc774 \uc9c0\uc5ed\uc758 \uc624\ub79c \uc815\uc2e0\uacfc \uacf5\uba85\ud569\ub2c8\ub2e4. \ud574\uc9c8\ub158\uc5d0\ub294 \ubc29\ubb38\uac1d\ub4e4\uc774 \uc0b0 \uce74\ub97c\ub85c\uc2a4 \uc815\uc6d0\uc73c\ub85c \ud5a5\ud558\ub294 \uce68\uc6b8\ud55c \uc21c\ub840\uc758 \ubc1c\uc790\ucde8\ub97c \ub530\ub77c\uac08 \uc218 \uc788\uc2b5\ub2c8\ub2e4. \uc61b \uc694\uc0c8 \uc548\uc5d0\ub294 \uc874 \ubb34\uc5b4 \uacbd\uc758 \ubb34\ub364\uc774 \uc788\ub294\ub370, \uc774\ub294 \ubc18\ub3c4 \uc804\uc7c1\uc758 \uc720\ud608 \uc0ac\ud0dc\uc640 1809\ub144 1\uc6d4 16\uc77c \uc601\uad6d\uad70\uc774 \uc774 \ud574\uc548\uc73c\ub85c \uc6a9\uac10\ud558\uac8c \ucca0\uc218\ud55c \uac83\uc744 \ubcf4\uc5ec\uc90d\ub2c8\ub2e4.<\/p>\n<p>\ubd81\ucabd \uc2a4\uce74\uc774\ub77c\uc778\uc744 \uc555\ub3c4\ud558\ub294 \ud5e4\ub77c\ud074\ub808\uc2a4\uc758 \ud0d1\uc740 \ud56d\ud574\uc758 \ub4f1\ub300\uc774\uc790 \uc544 \ucf54\ub8e8\ub0d0\uc758 \uc2dc\uac04\uc801 \uae4a\uc774\ub97c \uc0c1\uc9d5\ud558\ub294 \uc874\uc7ac\ub85c \uc790\ub9ac \uc7a1\uace0 \uc788\uc2b5\ub2c8\ub2e4. \uace0\ub300\ubd80\ud130 \ub04a\uc784\uc5c6\uc774 \uc0ac\uc6a9\ub418\uc5b4 \uc628 \uc774 \uc6d0\ud1b5\ud615 \ud0d1\uc740 18\ud640 \uace8\ud504 \ucf54\uc2a4\uc640 \uc18c\uc704 \ubb34\uc5b4\uc758 \ubb18\uc9c0(Moor&#039;s Graveyard)\ub85c \ub458\ub7ec\uc2f8\uc778 \ub113\uc740 \uc794\ub514\ubc2d\uacfc \ud574\uc548 \uad00\ubaa9 \uc9c0\ub300\uc5d0\uc11c \uc19f\uc544 \uc788\uc2b5\ub2c8\ub2e4. \ubb34\uc5b4\uc758 \ubb18\uc9c0\ub294 \ub9e4\uc7a5 \uc7a5\uc18c\ub85c \uc0ac\uc6a9\ub418\uc9c0 \uc54a\ub2e4\uac00 \ud604\uc7ac\ub294 \uce74\uc0ac \ub2e4\uc2a4 \ud314\ub77c\ube0c\ub77c\uc2a4 \ubc15\ubb3c\uad00\uc73c\ub85c \uac1c\uc870\ub418\uc5b4 \ub3c4\uc2dc\uc758 \ub2e4\uce35\uc801\uc778 \uc774\uc57c\uae30\ub97c \uae30\ub150\ud558\ub294 \uc544\uc774\ub7ec\ub2c8\ud55c \uba85\uce6d\uc785\ub2c8\ub2e4. \uc720\ub124\uc2a4\ucf54\uac00 \uc774 \ud0d1\uc744 \uc138\uacc4\ubb38\ud654\uc720\uc0b0\uc73c\ub85c \uc9c0\uc815\ud55c \uac83\uc740 \uc774 \ub79c\ub4dc\ub9c8\ud06c\ub97c \ud2b9\uc9d5\uc9d3\ub294 \uae30\ub2a5\uc801 \uacf5\ud559\uacfc \uc2e0\ud654\uc801 \uc6b8\ub9bc\uc774 \uc5bd\ud788\uace0\uc124\ud0a4\ub294 \ubaa8\uc2b5\uc744 \ubcf4\uc5ec\uc90d\ub2c8\ub2e4.<\/p>\n<p>18\uc138\uae30 \ub0b4\ub0b4 \ud398\ub864 \ucd9c\uc2e0\uc758 \uc870\uc120 \uae30\uc220\uc790\ub4e4\uc774 \uad70\ud568 \uc120\uccb4\uc758 \uace1\uc120\uc801\uc778 \uc724\uacfd\uc744 \uc720\ub9ac\ub85c \ub458\ub7ec\uc2f8\uc778 \ubc1c\ucf54\ub2c8\uc5d0 \uc801\uc6a9\ud558\uba74\uc11c, \uc544 \ucf54\ub8e8\ub0d0\uc758 \uac70\ub9ac\uc5d0\ub294 \uc218\ub9ce\uc740 \uc8fc\ud0dd\uc758 \uc678\uad00\uc744 \uad6c\uc131\ud558\ub294 \ub098\ubb34\uc640 \uc720\ub9ac\ub85c \uc774\ub8e8\uc5b4\uc9c4 \ubc1d\uc740 \ud604\uad00\uc778 \uac08\ub808\ub9ac\uc544(galer\u00edas)\uac00 \uc313\uc774\uae30 \uc2dc\uc791\ud588\uc2b5\ub2c8\ub2e4. \uac08\ub808\ub9ac\uc544\ub294 \ub04a\uc784\uc5c6\uc774 \uc3df\uc544\uc9c0\ub294 \ub300\uc11c\uc591\uc758 \ube44\ub97c \ud53c\ud558\uba74\uc11c\ub3c4 \uc740\uc740\ud55c \ube5b\uc744 \ubc1c\uc0b0\ud588\uc2b5\ub2c8\ub2e4. \ud574\uc591 \ub514\uc790\uc778 \uc6d0\uce59\uc744 \uc8fc\ud0dd \uac74\ucd95\uc5d0 \uc811\ubaa9\ud568\uc73c\ub85c\uc368, \ub3c4\uc2dc\ub294 \ud3ec\uc7a5\ub3c4\ub85c\uc640 \ubc14\ub2f7\ubb3c \uc704\ub85c \uc19f\uc544\uc624\ub978 \ud587\uc0b4 \uac00\ub4dd\ud55c \ubcf5\ub3c4\ub85c \uc774\ub8e8\uc5b4\uc9c4 \ub3c4\uc2dc \uacbd\uad00\uc744 \ub9cc\ub4e4\uc5b4\ub0c8\uc2b5\ub2c8\ub2e4. \uc774\ub294 \ubc14\ub2e4\uc640\uc758 \ubd88\uac00\ubd84\uc758 \uad00\uacc4\uc5d0 \ub300\ud55c \ubb35\ubb35\ud55c \uacbd\uc758\ub97c \ud45c\ud558\ub294 \uac83\uc774\uc5c8\uc2b5\ub2c8\ub2e4.<\/p>\n<p>\uacf6\uc744 \ub530\ub77c \uc57d 9km \ubed7\uc5b4 \uc788\ub294 \ud30c\uc138\uc624 \ub9c8\ub9ac\ud2f0\ubaa8\ub294 \uc2dc\ubbfc\uacfc \uc5ec\uac00 \ud65c\ub3d9\uc744 \uc5f0\uacb0\ud558\ub294 \uae38\uc785\ub2c8\ub2e4. \ub3d9\ucabd\uc73c\ub85c\ub294 \uc218\uc871\uad00\uacfc \uc2a4\ud3ec\uce20 \uacbd\uae30\uc7a5, \uc11c\ucabd\uc73c\ub85c\ub294 \ud5e4\ub77c\ud074\ub808\uc2a4\uc758 \ud0d1\uc774 \uc788\uc73c\uba70, \uc5ec\ub984 \uc800\ub141\uc774\uba74 \uc624\ub974\uc0b0\uacfc \ub9ac\uc544\uc18c\ub974 \ud574\ubcc0\uc758 \uc605\uc740 \ubaa8\ub798\uc0ac\uc7a5\uacfc \uc870\uc218 \uc6c5\ub369\uc774\uac00 \ud3bc\uccd0\uc9d1\ub2c8\ub2e4. 8\uc6d4\uc5d0\ub294 16\uc138\uae30 \uc601\uad6d\uc758 \uacf5\uaca9\uc744 \uc6a9\ub9f9\ud558\uac8c \ub9c9\uc544\ub0b8 \uc601\uc6c5 \ub9c8\ub9ac\uc544 \ud53c\ud0c0\uc758 \uc774\ub984\uc744 \ub534 \ucd95\uc81c \uae30\uac04 \ub3d9\uc548 \ub9ac\uc544\uc18c\ub974\uc5d0\uc11c \ub178\ub85c\uc5d0\uc2a4\ud14c \ud31d \ub85d \ud398\uc2a4\ud2f0\ubc8c\uc774 \uc5f4\ub9bd\ub2c8\ub2e4. \uc774 \ud398\uc2a4\ud2f0\ubc8c\uc740 \ub2e4\ube44\ub4dc \ube44\uc2a4\ubc1c\ubd80\ud130 \uc2a4\ud14c\uc774\ud130\uc2a4 \ucffc\uae4c\uc9c0 \ub2e4\uc591\ud55c \uc544\ud2f0\uc2a4\ud2b8\ub4e4\uc774 \ucc38\uc5ec\ud55c \uc57c\uc678 \uc74c\uc545 \ucd95\uc81c\uc785\ub2c8\ub2e4.<\/p>\n<p>\ud558\uc9c0\ub9cc \uc544 \ucf54\ub8e8\ub0d0\uc5d0\uc11c\uc758 \uc5ec\uc720\ub294 \ud587\uc0b4\uacfc \ub178\ub798\uc5d0\ub9cc \uad6d\ud55c\ub418\uc9c0 \uc54a\uc2b5\ub2c8\ub2e4. 6\uc6d4, \uc0b0 \uc18c\uc548(\uc131 \uc694\ud55c)\uc758 \ubc24\uc774\uba74 \ubaa8\ub2e5\ubd88\uc774 \ud0c0\uc624\ub974\uace0 \ubd88\uaf43\ub180\uc774\ub294 \uc0c8\ubcbd\ub158\uc73c\ub85c \ud76c\ubbf8\ud574\uc9c0\uba70, \ud574\ubcc0\uc744 \ucc3e\uc740 \uc0ac\ub78c\ub4e4\uc740 \uc778\uc801 \uc5c6\ub294 \ucd08\uc2b9\ub2ec \ubaa8\uc591\uc758 \ubaa8\ub798\uc0ac\uc7a5\uc5d0\uc11c \uc815\ud654\uc640 \uc7ac\uc0dd\uc758 \uc758\uc2dd\uc744 \uac70\ud589\ud569\ub2c8\ub2e4. \ub610\ud55c, \uc774 \ub3c4\uc2dc\uc758 \ubb38\ud654 \uc5ec\uc815\uc5d0\ub294 \ub9e4\ub144 7\uc6d4 \uad6c\uc2dc\uac00\uc9c0\uc5d0\uc11c \uc5f4\ub9ac\ub294 \uc911\uc138 \ucd95\uc81c\uac00 \ud3ec\ud568\ub429\ub2c8\ub2e4. \uc774 \ucd95\uc81c\uc5d0\uc11c\ub294 \uc758\uc0c1\uc744 \ucc28\ub824\uc785\uc740 \uc7a5\uc778\ub4e4\uc774 \uacf5\uc608\uc640 \uc804\ud22c\ub97c \uc7ac\ud604\ud558\uba70, \ubbf8\uc220\uad00\uc5d0\ub294 \uac08\ub9ac\uc2dc\uc544\uc758 \uc608\uc220\uc801 \uacc4\ubcf4\ub97c \ubcf4\uc5ec\uc8fc\ub294 \uc791\ud488\ub4e4\uc774 \uc18c\uc7a5\ub418\uc5b4 \uc788\uace0, \uc0b0 \uc548\ud1a4 \uc131\uc740 \uc131\ubcbd \uc544\ub798\uc5d0\uc11c \uace0\uace0\ud559\uc801 \uc720\ubb3c\ub4e4\uc744 \ubc1c\uad74\ud569\ub2c8\ub2e4. \uce74\uc0ac \ub2e4\uc2a4 \uc2dc\uc5d4\uc2dc\uc544\uc2a4\uc758 \ucc9c\ubb38\uad00\ubd80\ud130 \uc544\ub77c\ud0c0 \uc774\uc18c\uc790\ud0a4\uc758 \uc870\uac01 \uc791\ud488\uc778 \ub3c4\ubb34\uc2a4\uae4c\uc9c0, \ub2e4\uc591\ud55c \uacfc\ud559 \uae30\uad00\ub4e4\uc740 \uc544 \ucf54\ub8e8\ub0d0\ub97c \uacfc\ud559\uacfc \ub300\uc911\uc758 \uc18c\ud1b5\uc758 \uc120\ub450\uc5d0 \uc11c\uac8c \ud569\ub2c8\ub2e4.<\/p>\n<p>\ud55c\ub54c \uc12c\uc720\uc640 \ub300\uc11c\uc591 \ud574\uc0c1 \uc6b4\uc1a1\uc5d0 \uc9d1\uc911\ub418\uc5c8\ub358 \uacbd\uc81c \ud65c\ub825\uc740 \uae08\uc735, \ud1b5\uc2e0, \uc81c\uc870, \uae30\uc220 \uc11c\ube44\uc2a4 \ubd84\uc57c\ub85c \ub2e4\uac01\ud654\ub418\uc5c8\uc2b5\ub2c8\ub2e4. \uc8fc\uc694 \uae30\uc5c5\uc758 \ubcf8\uc0ac\ub294 \uc0c8\ub85c \uac74\uc124\ub41c \uc624\ud53c\uc2a4 \ube4c\ub529\uc5d0 \ubaa8\uc5ec \uc788\uace0, \ud56d\uad6c\uc5d0\uc11c\ub294 \ud2b8\ub864 \uc5b4\uc120\uc5d0\uc11c \uc2e4\ub824 \uc628 \uc2e0\uc120\ud55c \uc0dd\uc120\uc774 \ub04a\uc784\uc5c6\uc774 \ud558\uc5ed\ub418\ub294\ub370, \uc774\ub294 \uc9c0\uc5ed \ubbf8\uc2dd \ubb38\ud654\ub97c \ub4b7\ubc1b\uce68\ud558\ub294 \uc8fc\uc694 \uc694\uc18c\uc785\ub2c8\ub2e4. \uad00\uad11 \ub610\ud55c \uae09\uc99d\ud588\uc2b5\ub2c8\ub2e4. \uacc4\uc808\uc5d0 \ub530\ub77c \ud06c\ub8e8\uc988 \uc5ec\uac1d\uc120\uc774 \uc815\ubc15\ud558\uc5ec \uce74\ubbf8\ub178 \ub370 \uc0b0\ud2f0\uc544\uace0\uc758 \uc601\uad6d\uc2dd \uae38\uc744 \ud0d0\ud5d8\ud558\uac70\ub098 2,500\uba85\uc744 \uc218\uc6a9\ud560 \uc218 \uc788\ub294 \ud314\ub809\uc2a4\ucf54(PALEXCO)\uc640 \uc18c\ub098\ub974(S\u00f3nar)\ubd80\ud130 \ubb34\uc5ed \ubc15\ub78c\ud68c\uae4c\uc9c0 \ub2e4\uc591\ud55c \uc804\uc2dc\ub97c \uac1c\ucd5c\ud558\ub294 \uc5d1\uc2a4\ud3ec\ucf54\ub8e8\ub0d0(EXPOCORU\u00d1A) \ub4f1 \ub3c4\uc2dc\uc758 \ucd5c\uc2e0 \uc804\uc2dc\uc7a5\uc744 \ub458\ub7ec\ubcf4\uace0 \uc2f6\uc5b4 \ud558\ub294 \uc2b9\uac1d\ub4e4\uc744 \ud558\uc5ed\ud569\ub2c8\ub2e4.<\/p>\n<p>\ub3c4\uc2dc \uacf3\uacf3\uc5d0\ub294 \uad50\ud1b5 \ub3d9\ub9e5\uc774 \uc990\ube44\ud569\ub2c8\ub2e4. \uc624\ud1a0\ube44\uc544 A-6\ub294 \ub9c8\ub4dc\ub9ac\ub4dc \uc911\uc2ec\ubd80\uc5d0\uc11c \ucd9c\ubc1c\ud558\ub294 \uc5ec\ud589\uac1d\uc744 \uc2e4\uc5b4 \ub098\ub974\uace0, AP-9\ub294 \ud398\ub864\uacfc \ud3ec\ub974\ud22c\uac08 \uad6d\uacbd\uc744 \uc5f0\uacb0\ud558\uba70, \uc9c0\ubc29 \uace0\uc18d\ub3c4\ub85c\ub294 \uce74\ub974\ubc14\uc694\uc640 \ucf54\uc2a4\ud0c0 \ub2e4 \ubaa8\ub974\ud14c\uae4c\uc9c0 \uc774\uc5b4\uc9d1\ub2c8\ub2e4. \ub3c4\uc2ec\uc5d0\uc11c \ubd81\ucabd\uc73c\ub85c 4km \ub5a8\uc5b4\uc9c4 \uc54c\ubca0\ub4dc\ub85c\uc5d0 \uc704\uce58\ud55c \uc544 \ucf54\ub8e8\ub0d0 \uacf5\ud56d\uc740 \ub9ac\uc2a4\ubcf8\uacfc \ub7f0\ub358\uc73c\ub85c \uac00\ub294 \ud56d\uacf5\ud3b8\uc744 \uc5f0\uc911 \ub0b4\ub0b4 \uc6b4\ud56d\ud558\uba70, \uacc4\uc808\uc5d0 \ub530\ub77c \ud30c\ub9ac\uc640 \uc554\uc2a4\ud14c\ub974\ub2f4\uc73c\ub85c \uac00\ub294 \ud56d\uacf5\ud3b8\ub3c4 \uc6b4\ud56d\ud569\ub2c8\ub2e4. 2021\ub144\ubd80\ud130 \ub9c8\ub4dc\ub9ac\ub4dc-\uac08\ub9ac\uc2dc\uc544 \uace0\uc18d\ucca0\ub3c4 \ub178\uc120\uc774 \uc0b0 \ud06c\ub9ac\uc2a4\ud1a0\ubcf4 \uc5ed\uc5d0\uc11c \uc885\ucc29\ud558\uc5ec \ub9c8\ub4dc\ub9ac\ub4dc\uae4c\uc9c0\uc758 \uc774\ub3d9 \uc2dc\uac04\uc744 4\uc2dc\uac04 \uc774\ub0b4\ub85c \ub2e8\ucd95\ud569\ub2c8\ub2e4. ALSA, Monbus, FlixBus\uac00 \uc6b4\uc601\ud558\ub294 \uc2dc\uc678\ubc84\uc2a4\ub294 \uc81c\ub124\ubc14, \ud30c\ub9ac, \ubb8c\ud5e8\uc73c\ub85c \uac00\ub294 \uad6d\uc81c \ub178\uc120\uc744 \uc6b4\uc601\ud558\uace0 \uc788\uc2b5\ub2c8\ub2e4.<\/p>\n<p>1903\ub144\uc5d0 \uac1c\ud1b5\ud558\uc5ec \uc774\ud6c4 \uc804\ucca0\ud654\ub418\uc5c8\ub358 \ub9c8\ucc28 \uc804\ucc28\ub85c \ub300\ud45c\ub418\ub358 \uc9c0\uc5ed \uc774\ub3d9\uc131\uc740 1962\ub144\uc5d0 \ucca0\ub3c4 \uc6b4\ud589\uc744 \uc911\ub2e8\ud588\uace0, 1979\ub144\uae4c\uc9c0 \ud2b8\ub864\ub9ac\ubc84\uc2a4\uac00 \uc6b4\ud589\ub418\uc5c8\uc2b5\ub2c8\ub2e4. 1995\ub144\ubd80\ud130 2011\ub144\uae4c\uc9c0 \uc720\uc11c \uae4a\uc740 \uc804\ucc28 \ub178\uc120\uc774 \uc7a0\uc2dc \uc7ac\ub4f1\uc7a5\ud588\uc73c\uba70, \uc624\ub298\ub0a0\uc5d0\ub294 \ucf64\ud30c\ub0d0 \ub370 \ud2b8\ub780\ube44\uc544\uc2a4 \ub370 \ub77c \ucf54\ub8e8\ub0d0(Compa\u00f1\u00eda de Tranv\u00edas de La Coru\u00f1a)\uc758 \ud6c4\uc6d0 \uc544\ub798 \uc57d 90\uc5ec \ub300\uc758 \ubc84\uc2a4\uac00 24\uac1c \ub178\uc120\uc744 \uc6b4\ud589\ud569\ub2c8\ub2e4. \uc5d8\ub9ac\ubca0\uc774\ud130\uc640 \uc5d0\uc2a4\uceec\ub808\uc774\ud130\ub294 \uac00\ud30c\ub978 \uacbd\uc0ac\ub85c\ub97c \uc624\ub974\ub0b4\ub9ac\ub294\ub370, \ud2b9\ud788 \uc0b0 \ud398\ub4dc\ub85c \uacf5\uc6d0\uc73c\ub85c \uc774\uc5b4\uc9c0\ub294 \ud30c\ub178\ub77c\ub9c8 \uc5d8\ub9ac\ubca0\uc774\ud130\ub294 \ub9ac\uc544\uc2a4\uc2dd \uc8fc\ud0dd\uac00\ub97c \ub0b4\ub824\ub2e4\ubcf4\ub294 \ud3ec\ubcd1\ub300\uc640 \uc815\ud615\ud654\ub41c \uc815\uc6d0\uc744 \uac16\ucd94\uace0 \uc788\uc5b4, \uc9c0\ud615\uc801 \ub300\ube44 \uc18d\uc5d0\uc11c\ub3c4 \uc811\uadfc\uc131\uc744 \uc911\uc2dc\ud558\ub294 \ub3c4\uc2dc\uc758 \uc758\uc9c0\ub97c \ud655\uace0\ud788 \ubcf4\uc5ec\uc90d\ub2c8\ub2e4.<\/p>\n<p>\uc624\ub798\ub41c \ub3cc\uacfc \ud604\ub300\uc2dd \uac15\ucca0, \uac15\ud48d\uc5d0 \ud769\ub0a0\ub9ac\ub294 \ube44\uc640 \ub367\uc5c6\uc774 \uc0ac\ub77c\uc9c0\ub294 \ud0dc\uc591\uc774 \uad50\ucc28\ud558\ub294 \uacf3\uc5d0\uc11c, \uc544 \ucf54\ub8e8\ub0d0\ub294 \uc5f0\uc18d\uc131\uacfc \ubcc0\ud654\uc758 \uacf5\uac04\uc73c\ub85c \uc790\ub9ac\ub9e4\uae40\ud569\ub2c8\ub2e4. \uce74\uc2a4\ud2b8\ub85c \ubd09\uc6b0\ub9ac\uac00 \uc19f\uc544 \uc788\ub294 \uc5b8\ub355\uc740 \ub85c\ub9c8 \uc2dc\ub300 \uc774\uc804 \uc528\uc871\uc758 \ud754\uc801\uc744 \uac04\uc9c1\ud558\uace0 \uc788\uc73c\uba70, \uadf8 \uc720\uc0b0\uc740 \uac24\ub7ec\ub9ac\uc544\uc758 \uaca9\uc790 \uad6c\uc870\uc640 \uc0c1\uc5c5\uc758 \ud130\ube48\uc5d0 \ub179\uc544\ub4e4\uc5b4 \uc788\uc2b5\ub2c8\ub2e4. \uc911\uc138\ud48d \uac70\ub9ac\ub294 \uac00\uc871\uacfc \ucd95\uc81c \ucc38\uac00\uc790\ub4e4\ub85c \uac00\ub4dd\ud55c \ud574\ubcc0 \uc0b0\ucc45\ub85c\ub85c \uc774\uc5b4\uc9c0\uace0, \uc624\ub798\ub41c \ub4f1\ub300\ub294 \uc5b4\ubd80\ub4e4\uc758 \uadf8\ubb3c\uacfc \uc815\uae30\uc120\uc758 \uacc4\ub958\uc7a5\uc774 \ub4a4\uc11e\uc778 \ud56d\uad6c\ub97c \ub0b4\ub824\ub2e4\ubcf4\uace0 \uc788\uc2b5\ub2c8\ub2e4. \uc774 \ub3c4\uc2dc\uc758 \ubcf8\uc9c8\uc740 \uc21c\ub840\uc640 \uc77c\uc0c1\uc758 \ub9e5\ubc15, \ubc14\uc774\ud0b9\uc758 \uc2b5\uaca9\uc5d0 \ub300\ud55c \uae30\uc5b5\uacfc \uc544\ubca0\ub2c8\ub2e4 \ub370 \ub77c \ub9c8\ub9ac\ub098\ub97c \ub530\ub77c \uc6b4\ud589\ub418\ub294 \uc804\ucc28\uc640 \uac19\uc740 \ubc84\uc2a4\uc758 \ub9ac\ub4ec \uc0ac\uc774\uc758 \uae34\uc7a5\uac10\uc5d0 \uc788\uc2b5\ub2c8\ub2e4.<\/p>\n<p>\uc815\ubcf5\uc774\ub098 \ub0ad\ub9cc\uc744 \ucd94\uad6c\ud558\uc9c0 \uc54a\uace0, \uc808\uc81c\ub41c \ud638\uae30\uc2ec\uc73c\ub85c \uad00\ucc30\ud558\uace0\uc790 \ud558\ub294 \uc5ec\ud589\uc790\uc5d0\uac8c \uc544 \ucf54\ub8e8\ub0d0\ub294 \uc218\ucc9c \ub144\uc5d0 \uac78\uce5c \uc11c\uc0ac\ub97c \uc120\uc0ac\ud569\ub2c8\ub2e4. \uc9c0\ud615\uc801 \ud2b9\uc774\uc131, \uac74\ucd95\uc801 \ud601\uc2e0, \uadf8\ub9ac\uace0 \uc2dc\ubbfc\uc758 \ub048\uae30\uac00 \uc885\ud569\ub41c \ub3c4\uc2dc\uc785\ub2c8\ub2e4. \uae08\ubc15\uc744 \uc785\ud78c \ubc1c\ucf54\ub2c8, \ubc15\ubb3c\uad00 \ubcf5\ub3c4, \ub3cc\ud48d\uc774 \ud718\ubab0\uc544\uce58\ub294 \ud574\ubcc0\ub9c8\ub2e4, \uc774 \ub3c4\uc2dc\ub294 \uc5ed\uc0ac\uc640 \ud604\ub300\uc131\uc774 \ub300\ub9bd\ud558\ub294 \uac83\uc774 \uc544\ub2c8\ub77c, \ud654\uac15\uc554\uacfc \uc720\ub9ac \uc704\uc5d0 \ub04a\uc784\uc5c6\uc774 \uc9c4\ud654\ud558\ub294 \ud314\ub9bc\ud504\uc138\uc2a4\ud2b8\ucc98\ub7fc \ub04a\uc784\uc5c6\uc774 \uc9c4\ud654\ud558\ub294 \uc9c0\uce35\ucc98\ub7fc \ub9cc\ub098\ub294 \uc774\uc57c\uae30\ub97c \ub2f4\uace0 \uc788\uc2b5\ub2c8\ub2e4. \uc720\ub7fd \ub05d\uc790\ub77d\uc5d0 \uc704\uce58\ud55c \uc774 \ubc18\ub3c4\uc5d0\uc11c \uc721\uc9c0\uc640 \ubc14\ub2e4\uc758 \ub9cc\ub0a8\uc740 \ub610\ud55c \uc2dc\ub300\ub4e4\uc758 \ub9cc\ub0a8\uc774\uae30\ub3c4 \ud569\ub2c8\ub2e4. \uac01\uac01\uc758 \ud30c\ub3c4\ub294 \uc544 \ucf54\ub8e8\ub0d0\uc758 \ub3cc\uacfc \ud30c\ub3c4\uc758 \ub04a\uc784\uc5c6\ub294 \ub9e5\ubc15 \uc18d\uc5d0 \ub0a8\uc544\uc788\ub294 \uacfc\uac70\uc758 \ud30c\ud3b8\ub4e4\uc744 \ub2e4\uc2dc\uae08 \uc790\uc2e0\uc5d0\uac8c\ub85c \ub418\ub3cc\ub824\uc90d\ub2c8\ub2e4.<\/p>","protected":false},"excerpt":{"rendered":"<p>\uc2a4\ud398\uc778 \ubd81\uc11c\ubd80\uc758 \uc5ed\ub3d9\uc801\uc778 \ud574\uc548 \ub3c4\uc2dc \uc544 \ucf54\ub8e8\ub0d0\ub294 \uac08\ub9ac\uc2dc\uc544\uc758 \ubb38\ud654 \uc720\uc0b0\uacfc \ud604\ub300 \uacbd\uc81c\ub825\uc744 \ubcf4\uc5ec\uc8fc\ub294 \ub300\ud45c\uc801\uc778 \uc0ac\ub840\uc785\ub2c8\ub2e4. \uace8\ud3ec \uc544\ub974\ud0c0\ube0c\ub85c(Golfo \u00c1rtabro)\uc758 \uacf6\uc5d0 \uc704\uce58\ud55c \uc774 \ub3c4\uc2dc\ub294 \uc778\uad6c \uc57d 24\ub9cc 5\ucc9c \uba85\uc73c\ub85c, \ube44\uace0(Vigo)\uc5d0 \uc774\uc5b4 \uac08\ub9ac\uc2dc\uc544\uc5d0\uc11c \ub450 \ubc88\uc9f8\ub85c \ud070 \ub3c4\uc2dc\uc785\ub2c8\ub2e4. \uc544 \ucf54\ub8e8\ub0d0 \uc8fc\uc758 \uc8fc\ub3c4\uc778 \uc544 \ucf54\ub8e8\ub0d0\ub294 16\uc138\uae30\ubd80\ud130 19\uc138\uae30\uae4c\uc9c0 \uac08\ub9ac\uc2dc\uc544 \uc655\uad6d\uc758 \uc815\uce58 \uc218\ub3c4\uc600\uc73c\uba70, 1982\ub144\uae4c\uc9c0\ub294 \uc9c0\uc5ed \ud589\uc815 \uc911\uc2ec\uc9c0 \uc5ed\ud560\uc744 \ud558\uba74\uc11c \uc774 \uc9c0\uc5ed\uc758 \uc5ed\uc0ac\uc5d0\uc11c \uc911\uc694\ud55c \uc5ed\ud560\uc744 \ud574\uc654\uc2b5\ub2c8\ub2e4.<\/p>","protected":false},"author":1,"featured_media":3330,"parent":13090,"menu_order":0,"comment_status":"closed","ping_status":"closed","template":"elementor_theme","meta":{"_eb_attr":"","footnotes":""},"class_list":["post-13108","page","type-page","status-publish","has-post-thumbnail"],"_links":{"self":[{"href":"https:\/\/travelshelper.com\/ko\/wp-json\/wp\/v2\/pages\/13108","targetHints":{"allow":["GET"]}}],"collection":[{"href":"https:\/\/travelshelper.com\/ko\/wp-json\/wp\/v2\/pages"}],"about":[{"href":"https:\/\/travelshelper.com\/ko\/wp-json\/wp\/v2\/types\/page"}],"author":[{"embeddable":true,"href":"https:\/\/travelshelper.com\/ko\/wp-json\/wp\/v2\/users\/1"}],"replies":[{"embeddable":true,"href":"https:\/\/travelshelper.com\/ko\/wp-json\/wp\/v2\/comments?post=13108"}],"version-history":[{"count":0,"href":"https:\/\/travelshelper.com\/ko\/wp-json\/wp\/v2\/pages\/13108\/revisions"}],"up":[{"embeddable":true,"href":"https:\/\/travelshelper.com\/ko\/wp-json\/wp\/v2\/pages\/13090"}],"wp:featuredmedia":[{"embeddable":true,"href":"https:\/\/travelshelper.com\/ko\/wp-json\/wp\/v2\/media\/3330"}],"wp:attachment":[{"href":"https:\/\/travelshelper.com\/ko\/wp-json\/wp\/v2\/media?parent=13108"}],"curies":[{"name":"wp","href":"https:\/\/api.w.org\/{rel}","templated":true}]}}