{"id":11569,"date":"2024-09-13T13:33:55","date_gmt":"2024-09-13T13:33:55","guid":{"rendered":"https:\/\/travelshelper.com\/staging\/?page_id=11569"},"modified":"2026-03-12T18:25:35","modified_gmt":"2026-03-12T18:25:35","slug":"%ed%8c%94%eb%9e%91%ea%b0%80","status":"publish","type":"page","link":"https:\/\/travelshelper.com\/ko\/destinations\/europe\/lithuania\/palanga\/","title":{"rendered":"\ud314\ub791\uac00"},"content":{"rendered":"<p>\ub9ac\ud22c\uc544\ub2c8\uc544 \uc11c\ud574\uc548\uc5d0 \uc704\uce58\ud55c \ub3c4\uc2dc \uc790\uce58\uad6c\uc778 \ud314\ub791\uac00\ub294 \uc57d 24km\uc5d0 \ub2ec\ud558\ub294 \ubc1c\ud2b8\ud574 \ud574\uc548\uc120\uacfc 5\uac1c\uc758 \uc61b \uc5b4\ucd0c \ub9c8\uc744\uc744 \uc544\uc6b0\ub974\uba70, \uc5f0\uc911 \uc778\uad6c\ub294 18,132\uba85(2023\ub144 \uae30\uc900)\uc785\ub2c8\ub2e4. \uc288\ubca4\ud1a0\uc774 \uac15\uacfc \ub791\uc81c \uac15\uc774 \ud569\ub958\ud558\ub294 \uc9c0\uc810\uc5d0 \uc704\uce58\ud55c \uc774 \ud734\uc591 \ub3c4\uc2dc\ub294 \uae38\uc774 \uc57d 18km, \ub108\ube44 \ucd5c\ub300 300m\uc5d0 \ub2ec\ud558\ub294 \ub113\uc740 \ubaa8\ub798\uc0ac\uc7a5\uc744 \uc790\ub791\ud558\uba70, \uad7d\uc774\uce58\ub294 \uc0ac\uad6c\uc640 \ud574\uc548 \uc0bc\ub9bc \uc9c0\ub300\ub85c \ub458\ub7ec\uc2f8\uc5ec \uc788\uc2b5\ub2c8\ub2e4. \ud074\ub77c\uc774\ud398\ub2e4\uc5d0\uc11c \ubd81\ucabd\uc73c\ub85c \uc57d 25km \ub5a8\uc5b4\uc838 \uc788\uc73c\uba70, \ubd81\ucabd\uc73c\ub85c\ub294 \ub77c\ud2b8\ube44\uc544 \uad6d\uacbd\uacfc \uc778\uc811\ud574 \uc788\uc73c\uba70, \ud314\ub791\uac00 \uad6d\uc81c\uacf5\ud56d\uc744 \ud589\uc815 \uccb4\uacc4\uc5d0 \ud1b5\ud569\ud558\uace0 \uc788\uc2b5\ub2c8\ub2e4.<\/p>\n<p>2\ucc9c\ub144\ub300 \ucd08, \uc5ec\ub984 \ud734\uc591\uc9c0\ub85c \uba85\uc131\uc744 \uc5bb\uae30 \ud6e8\uc52c \uc804\ubd80\ud130 \ud314\ub791\uac00\ub294 \uc774\uad50 \uc758\uc2dd\uc73c\ub85c \uc2e0\uc131\uc2dc\ub418\uc5c8\uc2b5\ub2c8\ub2e4. \ub9ac\ud22c\uc544\ub2c8\uc544 \ube44\ud638\ube44\uc5d0\uce20 \uc5f0\ub300\uae30\uc5d0 \ub530\ub974\uba74, \ube44\ub8e8\ud14c\ub77c\ub294 \uc5ec\uc0ac\uc81c\uac00 \uc232\uc774 \uc6b0\uac70\uc9c4 \ubaa8\ub798 \uc5b8\ub355 \uc704\uc758 \uc0ac\ub2f9\uc5d0\uc11c \uc601\uc6d0\ud55c \ubd88\uaf43\uc744 \uc9c0\ucf30\uc2b5\ub2c8\ub2e4. \uadf8\ub140\uc758 \uc5c4\uaca9\ud55c \uc21c\uacb0 \uc11c\uc57d\uc740 \ucf04\uc2a4\ud22c\ud2f0\uc2a4 \ub300\uacf5\uc758 \uad00\uc2ec\uc744 \ub04c\uc5c8\uace0, \uc655\uc870\uc758 \uc57c\ub9dd\uacfc \uc5f0\ub300\uae30\uc758 \uadf9\ud654\uc5d0 \uc774\ub04c\ub824 \ud2b8\ub77c\uce74\uc774\ub85c \ub370\ub824\uac00 \uacb0\ud63c\uc2dc\ucf30\uc2b5\ub2c8\ub2e4. \ucf04\uc2a4\ud22c\ud2f0\uc2a4\uc758 \uc0b4\ud574\ub85c \ubbf8\ub9dd\uc778\uc774 \ub41c \ube44\ub8e8\ud14c\ub294 \ubc14\ub78c\uc774 \ud718\ubab0\uc544\uce58\ub294 \uc5b8\ub355(\ud604\uc7ac\uc758 \ube44\ub8e8\ud14c \uc5b8\ub355)\uc73c\ub85c \ub3cc\uc544\uc640 \uc8fd\uc744 \ub54c\uae4c\uc9c0 \uc608\ubc30\ub97c \ub4dc\ub838\ub2e4\ub294 \uc804\uc124\uc774 \uc804\ud574\uc9d1\ub2c8\ub2e4. \uadf8\ub140\uac00 \uadf8 \uace0\uc9c0\ub300\uc5d0 \uc548\uc7a5\ub428\uc73c\ub85c\uc368 \uadf8\ub140\uc758 \uc774\ub984\uc744 \ub534 \ub3c4\uc2dc\ub294 \uc9c0\uba85\uacfc \uc2e0\ud654\uc801 \uc758\ubbf8\ub97c \ubaa8\ub450 \uac00\uc9c0\uac8c \ub418\uc5c8\uc2b5\ub2c8\ub2e4.<\/p>\n<p>\uc774\ud6c4 \uc218 \uc138\uae30\uc5d0 \uac78\uccd0 \ud314\ub791\uac00\ub294 \ub124\ubbf8\ub974\uc138\ud0c0, \ubc14\ub098\uad6c\ud398, \ucfe0\ub2c8\uae30\uc288\ud0a4\uc544\uc774, \ub9cc\uce58\uc288\ud0a4\uc544\uc774, \uc288\ubca4\ud1a0\uc774 \ub4f1 \uc791\uc740 \ub9c8\uc744\ub4e4\uc774 \ubaa8\uc5ec \uc788\ub358 \uacf3\uc5d0\uc11c \ud604\ub300\uc5d0 \uc774\ub974\ub7ec \uacf5\uc2dd\uc801\uc73c\ub85c \ub3c4\uc2dc\ub85c \uc9c0\uc815\ub41c \ud1b5\ud569\ub41c \uc790\uce58\uad6c\ub85c \ubc1c\uc804\ud588\uc2b5\ub2c8\ub2e4. \ud314\ub791\uac00\uc758 \ud574\uc548\uc120\uc740 \uc218\ucc9c \ub144\uc5d0 \uac78\uccd0 \ubc1c\ud2b8\ud574\uc758 \ubc14\ub78c\uacfc \ud574\ub958\uc5d0 \uc758\ud574 \uc870\uac01\ub41c \ubaa8\ub798 \uc5b8\ub355\uacfc 1882\ub144 \ubcbd\ub3cc \uc218\ucd9c\uc744 \uc704\ud574 \uac74\uc124\ub41c L\uc790\ud615 \ubd80\ub450\ub85c \ud2b9\uc9d5\uc9c0\uc5b4\uc9d1\ub2c8\ub2e4. \uc6d0\ub798 \uc0c1\uc5c5 \ubaa9\uc801\uc73c\ub85c \uac74\uc124\ub418\uc5c8\uc9c0\ub9cc, \ubd80\ub450\ub294 \uace7 \uc0b0\ucc45\ub85c\ub77c\ub294 \ubd80\uc218\uc801\uc778 \uae30\ub2a5\uc744 \ud558\uac8c \ub418\uc5c8\uace0, \uac00\ub290\ub2e4\ub780 \ub098\ubb34 \ud310\uc790\ub294 \uc11c\ub9ac\uc640 \ud3ed\ud48d \ud574\uc77c\uc5d0 \ucde8\uc57d\ud574\uc9c0\ub2e4\uac00 1998\ub144 \uc804\uba74 \uc7ac\uac74\ucd95\uc744 \ud1b5\ud574 \uae38\uc774\uac00 420\ubbf8\ud130\ub85c \ud655\uc7a5\ub418\uc5c8\uc2b5\ub2c8\ub2e4. 24\uc2dc\uac04 \ub0b4\ub0b4 \uc77c\ubc18\uc778\uc5d0\uac8c \uac1c\ubc29\ub418\ub294 \uc774 \ubd80\ub450\ub294 \ubc14\ub2f7\ubb3c\uc5d0\uc11c \ub098\uc624\ub294 \ud76c\ubbf8\ud55c \uc778\uad11\uc73c\ub85c \uac00\ub4dd\ud55c \uc800\ub141 \uc2dc\uac04\uc758 \uc0c1\uc9d5\uc774\uc790 \uc7a5\uc18c\ub85c\uc11c \uadf8 \uc5ed\ud560\uc744 \uacc4\uc18d\ud558\uace0 \uc788\uc2b5\ub2c8\ub2e4.<\/p>\n<p>\uc804\uac04\uae30(\u6230\u9593\u671f)\uc5d0 \ud314\ub791\uac00\ub294 \ud074\ub77c\uc774\ud398\ub2e4 \uc9c0\uc5ed\uc5d0 \ud1b5\ud569\ub418\uc5c8\ub294\ub370, \uc81c1\ucc28 \uc138\uacc4 \ub300\uc804 \uc774\ud6c4 \ub9ac\ud22c\uc544\ub2c8\uc544\uac00 \ud569\ubcd1\ud588\uc2b5\ub2c8\ub2e4. \ucc9c\uc5f0 \ud56d\uad6c\uac00 \uc5c6\uc5c8\ub358 \ud314\ub791\uac00\ub294 \ud574\uc0c1 \ubb34\uc5ed\uc5d0 \uc801\ud569\ud558\uc9c0 \uc54a\uc558\uc2b5\ub2c8\ub2e4. \uc595\uc740 \ud574\uc548\uac00\ub85c \uc778\ud574 \ubc1c\ud2b8\ud574\uc758 \ubcc0\ub355\uc2a4\ub7ec\uc6b4 \ubc14\ub78c\uacfc \uc720\ube59\uc744 \ud53c\ud560 \uacf3\uc774 \uac70\uc758 \uc5c6\uc5c8\uc2b5\ub2c8\ub2e4. \ub300\uc2e0 \ud734\uc591\uc9c0\ub85c\uc758 \uc804\ud658\uc774 \uc2dc\uc791\ub418\uc5c8\uc2b5\ub2c8\ub2e4. \ucc3d\ubc31\ud55c \ubaa8\ub798\uc0ac\uc7a5\uacfc \uc2dc\uc6d0\ud55c \ud574\uc218\uc695\uc5d0 \ub9e4\ub8cc\ub41c \ub0b4\uad6d\uc778\ub4e4\uc774 \uc0c1\uc778\ub4e4\uc744 \ub300\uccb4\ud558\uae30 \uc2dc\uc791\ud588\uc2b5\ub2c8\ub2e4. \ub124\ubbf8\ub974\uc138\ud0c0\uc5d0 \uc788\ub358 \ub3c5\uc77c \uad6d\uacbd \uac80\ubb38\uc18c\uc758 \ud754\uc801\uc740 20\uc138\uae30\uc758 \ud63c\ub780 \uc18d\uc5d0\uc11c \uc0ac\ub77c\uc84c\uace0, \ud074\ub77c\uc774\ud398\ub2e4\uc640 \uc0e4\uc6b8\ub9ac\uc544\uc774\ub85c \uc774\uc5b4\uc9c0\ub294 \ub3c4\ub85c\ub9dd \ub355\ubd84\uc5d0 \ud314\ub791\uac00\ub294 \uad6d\uac00 \ucd5c\uace0\uc758 \uc5ec\ub984 \ud734\uc591\uc9c0\ub85c \uc790\ub9ac\ub9e4\uae40\ud588\uc2b5\ub2c8\ub2e4.<\/p>\n<p>\ud589\uc815\uc801\uc73c\ub85c \ud314\ub791\uac00\ub294 \uc2a4\uce78\ub514\ub098\ube44\uc544, \uc601\uad6d \uc81c\ub3c4, \ub3c5\uc77c, \ud3f4\ub780\ub4dc, \ub9ac\uac00\uc640 \uc5f0\uacb0\ub418\ub294 \uacf5\ud56d\uc744 \ud3ec\ud568\ud558\uace0 \uc788\uc9c0\ub9cc, \ub300\ubd80\ubd84\uc758 \ub3c4\ucc29\uac1d\uc740 \uc790\ub3d9\ucc28\ub098 \ubc84\uc2a4\ub97c \ud0c0\uace0 \uac00\uc871\uc774 \uc6b4\uc601\ud558\ub294 \ud39c\uc158, \uac8c\uc2a4\ud2b8\ud558\uc6b0\uc2a4, \ub610\ub294 \ud604\ub300\uc801\uc778 \uc6f0\ub2c8\uc2a4 \uc13c\ud130\uc5d0\uc11c \uacc4\uc808\uc5d0 \ub530\ub77c \ud734\uc2dd\uc744 \ucde8\ud569\ub2c8\ub2e4. \uc6f0\ub2c8\uc2a4 \uc13c\ud130\ub294 \ud314\ub791\uac00\uac00 &#034;\uacf5\ud654\uad6d\uc801 \uc911\uc694\uc131&#034;\uc744 \uc9c0\ub2cc \uc628\ucc9c \ud734\uc591\uc9c0\ub85c \uc9c0\uc815\ub418\uc5c8\uc74c\uc744 \uc99d\uba85\ud569\ub2c8\ub2e4. \uc774 \ud734\uc591\uc9c0\ub294 \uc800\uc5fc\ub3c4\uc5d0\uc11c \uace0\uc5fc\ub3c4\uc758 \ubbf8\ub124\ub784 \ud568\uc720 \uc218\uc5ed\uacfc \uc9c0\uc5ed \ud1a0\ud0c4 \uc9c4\ud759\uc744 \uc774\uc6a9\ud55c \uce58\ub8cc\ub97c \ubc14\ud0d5\uc73c\ub85c \uc2ec\ud608\uad00, \uc2e0\uacbd\uacc4, \uadfc\uace8\uaca9\uacc4, \ud638\ud761\uae30 \uc9c8\ud658 \ud504\ub85c\uadf8\ub7a8\uc744 \uc81c\uacf5\ud569\ub2c8\ub2e4. \ub178\ub780 \uc18c\ub098\ubb34\uac00 \ub298\uc5b4\uc120 \uc0b0\ucc45\ub85c\ub294 \ub9ac\ud22c\uc544\ub2c8\uc544\uc758 \ub2e4\ub978 \ud734\uc591\uc9c0\ubcf4\ub2e4 \ud1b5\uacc4\uc801\uc73c\ub85c \ud48d\ubd80\ud55c \ud0dc\uc591 \ubcf5\uc0ac\uc5f4\uc744 \uc81c\uacf5\ud569\ub2c8\ub2e4.<\/p>\n<p>\ub0ae\uc5d0\ub294 \ud574\uc548\uac00\uc5d0 \uac11\ud310 \uc758\uc790\uc640 \ubc1d\uc740 \uc904\ubb34\ub2ac \uce74\ubc14\ub098\uac00 \uc990\ube44\ud558\uace0, \ub354 \ubd81\ucabd \uc288\ubca4\ud1a0\uc774(\u0160ventoji) \uadfc\ucc98\uc5d0\uc11c\ub294 \uc778\ud30c\uac00 \uc740\uc740\ud558\uac8c \ud769\uc5b4\uc9d1\ub2c8\ub2e4. \ubaa8\ub798\uc5b8\ub355\uc744 \ub530\ub77c \uc870\uc131\ub41c \uc2dd\ubb3c\uc6d0\uc5d0\ub294 \ud2f0\uc288\ucf00\ube44\uce58\uc544\uc774 \uad81\uc804(\ud604\uc7ac\ub294 \ud638\ubc15 \ubc15\ubb3c\uad00)\uc774 \uc790\ub9ac\ud558\uace0 \uc788\uc73c\uba70, \uc2e0\uace0\uc804\uc8fc\uc758 \uc591\uc2dd\uc758 \uc678\uad00\uc740 \uc9c4\ub2ec\ub798\uc640 \ucc38\ub098\ubb34 \uc232 \uc0ac\uc774\ub85c \uc19f\uc544 \uc788\uc2b5\ub2c8\ub2e4. \ub0b4\ubd80\uc5d0\ub294 15\uac1c\uc758 \uac24\ub7ec\ub9ac\uac00 \ud638\ubc15\uc758 \uae30\uc6d0\uc744 \ucd94\uc801\ud558\uba70, 3.5kg\uc5d0 \ub2ec\ud558\ub294 &#034;\ud0dc\uc591\uc11d&#034;\uc73c\ub85c \uadf8 \uc808\uc815\uc744 \uc774\ub8f9\ub2c8\ub2e4. \ubc29\ubb38\uac1d\ub4e4\uc740 \uc544\uce58\ud615 \ucc9c\uc7a5 \uc544\ub798\ub97c \uac70\ub2d0\uba70 \uc218\ucc9c\ub9cc \ub144 \ub3d9\uc548 \uc218\uc9c0 \uc18d\uc5d0 \ud654\uc11d\ud654\ub41c \ud30c\ub9ac, \ubaa8\uae30, \ub610\ub294 \uc544\uc8fc \uc791\uc740 \ub531\uc815\ubc8c\ub808 \ub4f1 \ud638\ubc15 \uc18d\uc5d0 \uac07\ud600 \uc788\ub294 \ud45c\ubcf8\ub4e4 \uc55e\uc5d0\uc11c \uc7a0\uc2dc \uba48\ucdb0 \uc12d\ub2c8\ub2e4.<\/p>\n<p>\ube44\ub8e8\ud14c \uc5b8\ub355\uc5d0 \uc778\uc811\ud55c \uc870\uac01 \uc815\uc6d0\uc5d0\ub294 \uc544\ub974\uba54\ub2c8\uc544, \uc5d0\uc2a4\ud1a0\ub2c8\uc544, \ub77c\ud2b8\ube44\uc544, \ub9ac\ud22c\uc544\ub2c8\uc544, \uc6b0\ud06c\ub77c\uc774\ub098 \ub4f1 \uc9c0\uc5ed \uc608\uc220\uac00\ub4e4\uc758 \uc791\ud488 28\uc810\uc774 \uad6c\uc0c1\uc5d0\uc11c \ucd94\uc0c1\uc5d0 \uc774\ub974\uae30\uae4c\uc9c0 \ub2e4\uc591\ud55c \ud615\ud0dc\ub85c \ubc29\ubb38\uac1d\uc744 \ub9de\uc774\ud569\ub2c8\ub2e4. \ub3cc, \uccad\ub3d9, \uac15\ucca0\uc740 \ubaa8\ub798 \uc9c0\ud615\uacfc \uc5b4\uc6b0\ub7ec\uc838 \uc9c8\uac10\uacfc \uc785\uccb4\uac10\uc744 \uc790\uc544\ub0c5\ub2c8\ub2e4. \uc9c0\ud615 \uc790\uccb4\uc5d0\uc11c\ub3c4 \uc120\uc0ac \uc2dc\ub300 \uc815\ucc29\uc9c0\uc758 \uace0\uace0\ud559\uc801 \uc720\ubb3c\uc774 \uac04\uac04\uc774 \ubc1c\uacac\ub418\uba70, \uc548\ub0b4 \ud45c\uc9c0\ud310\uc740 \uc774 \uc881\uc740 \ud574\uc548 \uc9c0\ub300\uc5d0 \uc778\uac04\uc774 \uc9c0\uc18d\uc801\uc73c\ub85c \uad00\uc5ec\ud574 \uc654\uc74c\uc744 \ubcf4\uc5ec\uc90d\ub2c8\ub2e4.<\/p>\n<p>\uc131\uc218\uae30\uc5d0\ub294 \uba85\ubaa9\uc0c1 \ubcf4\ud589\uc790 \uc804\uc6a9 \uac70\ub9ac\uc778 \uc694\ub098\uc2a4 \ubc14\uc0ac\ub098\ube44\uce58\uc6b0\uc2a4 \uac70\ub9ac\ub294 \ud314\ub791\uac00\uc758 \uc0ac\uad50\uc758 \ub3d9\ub9e5\uacfc \uac19\uc740 \uc5ed\ud560\uc744 \ud569\ub2c8\ub2e4. \ubd80\ub450\uc5d0\uc11c \ube44\ud0c0\uc6b0\ud1a0 \uac70\ub9ac\uae4c\uc9c0 \uc57d 1km\uc5d0 \uac78\uccd0 \ubed7\uc5b4 \uc788\ub294 \uc774 \uac70\ub9ac\ub294 \uce74\ud398, \uc81c\uacfc\uc810, \uc7a5\uc778 \uc0c1\uc810, \uadf8\ub9ac\uace0 \ub3cc\uae38\uc744 \ub530\ub77c \uc990\ube44\ud55c \uc18c\uc18c\ud55c \uc624\ub77d \uc2dc\uc124\ub4e4\ub85c \uac00\ub4dd\ud569\ub2c8\ub2e4. \ubc24\uc774 \ub418\uba74 \ud654\ub824\ud55c \uc870\uba85 \uc544\ub798 \uac70\ub9ac\uc758 \ubd88\ube5b\uc774 \ud658\ud558\uac8c \ubc1d\ud600\uc9c0\uace0, &#034;\uc544\uc774 \ub7ec\ube0c \ud314\ub791\uac00&#034;\uc640 \uac19\uc740 \uacf5\uc5f0\uc7a5\uc5d0\uc11c \ud3bc\uccd0\uc9c0\ub294 \ub77c\uc774\ube0c \uc74c\uc545\uc758 \uc6c5\uc7a5\ud568\uc774 \uad00\uac1d\ub4e4\uc744 \uc704\ud574 \uc7ac\uc988, \ud3ec\ud06c \ub85d, \uc77c\ub809\ud2b8\ub85c\ub2c9 \ub9ac\ub4ec \ub4f1\uc744 \uc120\ubcf4\uc785\ub2c8\ub2e4.<\/p>\n<p>\uc798 \uac00\uafb8\uc5b4\uc9c4 \ub3c4\ub85c \ub108\uba38\uc5d0\ub294 20\uc138\uae30 \ucd08\uc5d0 \uac74\ub9bd\ub41c \uacac\uace0\ud55c \ubd89\uc740 \ubcbd\ub3cc \uac74\ubb3c, \uc131\ubaa8 \uc2b9\ucc9c \uc131\ub2f9\uc774 \uc788\uc2b5\ub2c8\ub2e4. \uc30d\ub465\uc774 \ucca8\ud0d1\uc774 \uc2a4\uce74\uc774\ub77c\uc778\uc744 \uc591\ubd84\ud558\uace0, \uc605\uc740 \ud68c\ubc18\uc8fd\uacfc \uc724\uc774 \ub098\ub294 \ucc38\ub098\ubb34\ub85c \ub9c8\uac10\ub41c \ub0b4\ubd80\ub294 \uc18c\ubc15\ud55c \ubcf8\ub2f9\uc758 \uc804\ub840\ub97c \uac70\ud589\ud569\ub2c8\ub2e4. \uadfc\ucc98\uc5d0\ub294 1898\ub144\uc5d0 \uac74\ucd95\ub418\uc5b4 \uc804\uac04\uae30 \ubaa8\uc2b5\uc744 \uc138\uc2ec\ud558\uac8c \ubcf5\uc6d0\ud55c \ube4c\ub77c \uc544\ub098\ud544\ub9ac\uc2a4\uac00 \uc788\ub294\ub370, \uc774\ub294 \ub9ac\ud22c\uc544\ub2c8\uc544 \uc2e0\ud654\uc5d0 \ub4f1\uc7a5\ud558\ub294 \uc804\uc124\uc801\uc778 \uc544\ub098\ud544\ub9ac\uc2a4 \uc0b0\uc744 \ub5a0\uc62c\ub9ac\uac8c \ud569\ub2c8\ub2e4. \uc774\uacf3\uc740 \uc0ac\ud6c4 \uc138\uacc4\uc640 \uc870\uc0c1 \uc22d\ubc30\uc758 \uc7a5\uc18c\ub85c \uc5ec\uaca8\uc9d1\ub2c8\ub2e4.<\/p>\n<p>\ud574\ubcc0\uac00\uc758 \ub2e4\uc591\ud55c \ubb38\ud654 \uc2dc\uc124\ub4e4\uc774 \uc990\uac70\uc6c0\uc744 \ub354\ud569\ub2c8\ub2e4. 19\uc138\uae30 \ud6c4\ubc18 \ube4c\ub77c\uc5d0 \uc790\ub9ac\ud55c \ub9ac\uc870\ud2b8 \ubc15\ubb3c\uad00\uc740 \uc5b4\ubd80\ub4e4\uc758 \ub3c4\uad6c\ubd80\ud130 \uc18c\ub828 \uc2dc\ub300 \uc81c\ud2b8 \uc2a4\ud0a4\uae4c\uc9c0 \ub2e4\uc591\ud55c \uc720\ubb3c\uc744 \ud1b5\ud574 \uc9c0\uc5ed \uc5ed\uc0ac\ub97c \uae30\ub85d\ud558\uace0 \uc788\uc2b5\ub2c8\ub2e4. A. \ubaac\uce58\uc2a4 \ud558\uc6b0\uc2a4 \ubc15\ubb3c\uad00\uc740 \ub9ac\ud22c\uc544\ub2c8\uc544 \ubaa8\ub354\ub2c8\uc998 \uc591\uc2dd\uc758 \uc120\uad6c\uc790\uc600\ub358 \uc548\ud0c0\ub098\uc2a4 \ubaac\uce58\uc2a4(1921~1993)\uc758 \uac70\ub300\ud55c \uc870\uac01\ud488\uc744 \uc804\uc2dc\ud558\uace0 \uc788\uc2b5\ub2c8\ub2e4. \uc778\uc811\ud55c \uac24\ub7ec\ub9ac\uc5d0\uc11c\ub294 \uc5ec\ub7ec \ucc28\ub840 \uc9e7\uc740 \uc804\uc2dc\uac00 \uc5f4\ub9ac\uba70, \uae30\uc131 \uac70\uc7a5\ub4e4\uacfc \uc2e0\uc9c4 \uc791\uac00\ub4e4 \uac04\uc758 \uad50\ub958\ub97c \ucd09\uc9c4\ud569\ub2c8\ub2e4.<\/p>\n<p>\ubd80\ub450\uc640 \uc2dd\ubb3c\uc6d0 \uc0ac\uc774\uc758 \uacf5\uacf5 \ub179\uc9c0\uc5d0\ub294 2021\ub144\uc5d0 \uc124\uce58\ub41c \uad00\ub78c\ucc28\uac00 40\ubbf8\ud130 \ub192\uc774\ub85c \uc62c\ub77c\uac00\uba70, \ud770\uc0c9 \uace4\ub3cc\ub77c\ub97c \ud0c0\uace0 \ud574\uc548, \ub9c8\uc744, \uadf8\ub9ac\uace0 \uc18c\ub098\ubb34 \uc232\uc73c\ub85c \ub458\ub7ec\uc2f8\uc778 \ub0b4\ub959 \uc9c0\uc5ed\uc758 \ud0c1 \ud2b8\uc778 \uc804\ub9dd\uc744 \uac10\uc0c1\ud560 \uc218 \uc788\uc2b5\ub2c8\ub2e4. \ubc1c\ud2b8 3\uad6d\uc5d0\uc11c \uac00\uc7a5 \ub192\uc740 \uc2dc\uc124\ub85c \ud64d\ubcf4\ub418\ub294 \uc774 \uad00\ub78c\ucc28\ub294 \ud314\ub791\uac00\uc758 \uc9c0\ub9ac\uc801 \uacbd\uacc4, \uc989 \uac15\uc5b4\uadc0, \uc0ac\uad6c, \ub9c8\uc744, \uadf8\ub9ac\uace0 \ubc14\ub2e4\ub97c \ud55c\ub208\uc5d0 \uc870\ub9dd\ud560 \uc218 \uc788\ub2e4\ub294 \uc810\uc5d0\uc11c \ud765\ubbf8\ub97c \uc720\ubc1c\ud569\ub2c8\ub2e4.<\/p>\n<p>\uacc4\uc808\uc758 \uc758\ub840\ub294 \uacf5\ub3d9\uccb4\uc758 \uc720\ub300\uac10\uc744 \uc7ac\ud655\uc778\uc2dc\ucf1c \uc90d\ub2c8\ub2e4. \ub9e4\ub144 2\uc6d4, &#034;\ud314\ub791\uac00 \uc2e4\uc988(Palanga Seals)&#034;\uc758 \uac15\uc778\ud55c \ucc38\uac00\uc790\ub4e4\uc740 \uc5bc\uc74c\ubb3c \uc18d\uc73c\ub85c \ub6f0\uc5b4\ub4e4\uc5b4 \uaca8\uc6b8\uc758 \ubb34\uae30\ub825\ud568\uc5d0 \uc800\ud56d\ud558\ub294 \uad6c\ud638\ub97c \uc678\uce58\uba70, \uad6c\uacbd\uafbc\ub4e4\uc740 \ud5a5\uc2e0\ub8cc\ub97c \ub123\uc740 \uc0dd\uc120\uacfc \ub530\ub73b\ud55c \uc74c\ub8cc\ub97c \uc990\uae41\ub2c8\ub2e4. 7\uc6d4\uc5d0\ub294 \ubaa8\ud130\uc2a4\ud3ec\uce20 \uc560\ud638\uac00\ub4e4\uc774 \ud314\ub791\uac00\uc640 \uc9c0\ubc29 \ub3c4\uc2dc\ub4e4\uc744 \uc5f0\uacb0\ud558\ub294 \ub2e4\uc591\ud55c \uc885\ubaa9\uc758 \ub0b4\uad6c \ub808\uc774\uc2a4\uc778 \uc544\uc6b0\ub8f8 1,006km \ub85c\ub4dc \ub808\uc774\uc2a4\uc5d0 \ubaa8\uc785\ub2c8\ub2e4. \uaddc\ubaa8\ub294 \uc791\uc9c0\ub9cc, \uc790\uc5f0\uc758 \ud639\ub3c5\ud568\uacfc \uae30\uacc4\uc758 \ud798\uc5d0 \ub300\ud55c \uc9c0\uc5ed \uc8fc\ubbfc\ub4e4\uc758 \uc560\uc815\uc744 \ubc18\uc601\ud558\ub294 \uc774\ub7ec\ud55c \ubaa8\uc784\uc740 \uadf8 \uc790\uccb4\ub85c \ud070 \uc758\ubbf8\ub97c \uc9c0\ub2d9\ub2c8\ub2e4.<\/p>\n<p>\ud314\ub791\uac00\uc758 \ubcc0\uce58 \uc54a\ub294 \uc815\uccb4\uc131\uc740 \uacfc\uac70\uc640 \ud604\uc7ac\uc758 \uc0c1\ud638\uc791\uc6a9\uc5d0 \ub2ec\ub824 \uc788\uc2b5\ub2c8\ub2e4. \ubaa8\ub798 \uc5b8\ub355\uc740 \uc120\uc0ac \uc2dc\ub300\uc758 \ud754\uc801\uacfc \uc774\uad50\ub3c4 \uc2e0\uc804\uc744 \uac10\ucd94\uace0 \uc788\uc73c\uba70, \uc18c\ub828 \uc2dc\ub300\uc758 \uc694\uc591\uc18c\ub294 \uace0\uae09 \uc6f0\ub2c8\uc2a4 \ud734\uc591\uc9c0 \uc606\uc5d0 \uc790\ub9ac \uc7a1\uace0 \uc788\uc2b5\ub2c8\ub2e4. \ud55c\ub54c \ud55c\uc790 \ub3d9\ub9f9 \uc0c1\uc778\ub4e4\uc774 \uac70\ub798\ud558\ub358 \ud638\ubc15\uc11d\uc740 \uc774\uc81c \ubc15\ubb3c\uad00\uc73c\ub85c \uad00\uad11\uac1d\uc744 \ub04c\uc5b4\ub4e4\uc774\uace0, \ubcbd\ub3cc\uc744 \uc2e4\uc5b4 \ub098\ub974\ub358 \ubd80\ub450\ub294 \ud734\uc2dd\ucc98\uac00 \ub418\uc5c8\uc2b5\ub2c8\ub2e4. \ub9e4\ub144 \uc5ec\ub984 \ubaa8\ub798\uc131\uc744 \uc313\ub294 \uc544\uc774\ub4e4, \ubd80\ub450\ub97c \uac70\ub2c8\ub294 \uc740\ud1f4\uc790\ub4e4, \ud638\ubc15\uc73c\ub85c \uc7a5\uc2dd\ub41c \ubcf4\uc11d\uc744 \uac10\uc0c1\ud558\ub294 \uac00\uc871\ub4e4 \ub4f1 \ub0b4\uad6d\uc778 \ubc29\ubb38\uac1d\ub4e4\ub85c \ub3c4\uc2dc \uc778\uad6c\uac00 \uae09\uc99d\ud558\uc9c0\ub9cc, \ub9c8\uc744\uc740 \uacfc\ub3c4\ud55c \uac1c\ubc1c\uc744 \uac70\ubd80\ud569\ub2c8\ub2e4. \uac74\ubb3c\uc758 \ub192\uc774\ub294 \uc5ec\uc804\ud788 \ub0ae\uace0, \uce74\ud398\uc640 \ud638\ud154\ub4e4\uc774 \ubaa8\uc5ec \uc788\ub294 \uacf3 \uc0ac\uc774\uc5d0\ub294 \uc18c\ub098\ubb34 \uc232\uc774 \ub0a8\uc544 \uc788\uc73c\uba70, \ubb38\ud654 \uacf5\uac04\ub4e4\uc740 \uae30\ub150\ube44\uc801\uc778 \uaddc\ubaa8\ubcf4\ub2e4\ub294 \uc18c\ubc15\ud568\uc744 \uac04\uc9c1\ud558\uace0 \uc788\uc2b5\ub2c8\ub2e4.<\/p>\n<p>\uc870\uc6a9\ud55c \uacc4\uc808\uc774\uba74 \ud314\ub791\uac00\ub294 \ub2e4\ub978 \ubaa8\uc2b5\uc744 \ub4dc\ub7ec\ub0c5\ub2c8\ub2e4. \ud574\ubcc0\uc740 \uc7bf\ube5b \ud558\ub298\uacfc \uc740\ube5b \ubc14\ub2e4\uac00 \uc5b4\uc6b0\ub7ec\uc9c4 \ub2e8\uc0c9\uc758 \uc0c9\uc870\ub85c \ubb3c\ub4e4\uace0, \uc2a4\ud30c \uc774\uc6a9\uac1d\ub4e4\uc740 \uac70\uc758 \ud145 \ube48 \uc694\uc591\uc18c\uc5d0\uc11c \uc815\ud574\uc9c4 \uc2dd\uc774\uc694\ubc95\uc744 \ub530\ub974\uba70, \uc5b4\ubd80\ub4e4\uc740 \uace0\uc694\ud558\uace0 \uc778\uc801 \uc5c6\ub294 \ubd80\ub450\uc5d0\uc11c \uadf8\ubb3c\uc744 \uc218\ub9ac\ud569\ub2c8\ub2e4. \uc870\ub958 \uad00\ucc30\uc790\ub4e4\uc740 \uc0ac\uad6c\uc758 \uae38\uc744 \ub530\ub77c \uac78\uc73c\uba70 \ud574\uc548\uc5d0 \ub0b4\ub824\uc549\ub294 \ucca0\uc0c8\ub5bc\ub97c \uad00\ucc30\ud569\ub2c8\ub2e4. \uc2dc\uc758\ud68c \ub77c\ub514\uc624 \ubc29\uc1a1\uad6d FM \ud314\ub791\uac00\ub294 \uc9c0\uc5ed \ubc29\uc1a1\uc744 \uacc4\uc18d\ud558\uba70, \uc2dc\uc758\ud68c \ud68c\uc758, \uae30\uc0c1 \uc8fc\uc758\ubcf4, \ubb38\ud654 \ud589\uc0ac \uc18c\uc2dd\uc744 \ubd81\uadf9\uc758 \uace0\uc694\ud568 \uc18d\uc5d0 \uc804\ub2ec\ud569\ub2c8\ub2e4.<\/p>\n<p>\ud314\ub791\uac00\ub294 \ubc1c\uc804\ud558\ub294 \ub3d9\uc548 \uce58\ub8cc\uc801 \ubaa9\uc801\uacfc \uc5ec\uac00, \uc790\uc5f0 \uc9c0\ud615\uacfc \ubb38\ud654\uc801 \ucd95\uc801\uc774 \uc870\ud654\ub97c \uc774\ub8e8\ub294 \uade0\ud615\uc744 \uc774\ub8e8\uc5b4 \uc654\uc2b5\ub2c8\ub2e4. \ube44\ub8e8\ud14c \uc5b8\ub355\uc5d0 \uc788\ub294 \uc608\ubc30\ub2f9\uc740 \uc774\uad50\ub3c4 \uc22d\ubc30\uc758 \uc18c\ubc15\ud55c \ud754\uc801\uc744 \uae30\ub9ac\uace0 \uc788\uc73c\uba70, \ubcf4\uc2a4\ub2c8\uc544 \uae30\ub150\ube44\uc5d0 \uc788\ub294 \ub450 \uc1a1\uc774 \ubc31\ud569\uc740 \uc0ac\uad6c \uc232\uc758 \uc6b0\uc544\ud55c \uace1\uc120\uc5d0 \uc6b8\ub824 \ud37c\uc9d1\ub2c8\ub2e4. \uc804\uc124\uc740 \uc9c0\uba85\uc5d0 \uc601\ud5a5\uc744 \ubbf8\uce69\ub2c8\ub2e4. \uacfc\uac70 \uc54c\ub791\uac00\uc600\ub358 \ub791\uc81c(R\u0105\u017e\u0117)\ub294 \ud314\ub791\uac00\ub77c\ub294 \uc9c0\uba85 \uc790\uccb4\uc5d0 \uc5b4\uc6d0\uc801 \ubfcc\ub9ac\ub97c \uc81c\uacf5\ud569\ub2c8\ub2e4. \uac15\uacfc \ubc14\ub2e4, \ubc14\ub78c\uacfc \uc232, \uc2e0\ud654\uc640 \uc5ed\uc0ac, \uc774 \ubaa8\ub4e0 \uc694\uc18c\ub4e4\uc774 \uc5b4\uc6b0\ub7ec\uc838 \ud0dc\uc591\uacfc \ubaa8\ub798\ub85c\ub9cc \ub2e8\uc21c\ud558\uac8c \ud658\uc6d0\ub420 \uc218 \uc5c6\ub294 \ud2b9\ubcc4\ud55c \uacbd\ud5d8\uc744 \uc120\uc0ac\ud569\ub2c8\ub2e4.<\/p>\n<p>\uc2dc\uc758 \ubbf8\ub798\ub294 \uad00\ub9ac\uc5d0 \ub2ec\ub824 \uc788\uc2b5\ub2c8\ub2e4. \uae30\ud6c4 \ubcc0\ud654\ub85c \uc2ec\ud654\ub41c \ud574\uc548 \uce68\uc2dd\uc740 \uc0ac\uad6c\uc640 \uadf8 \uc228\uaca8\uc9c4 \uc720\ubb3c\ub4e4\uc744 \uc704\ud611\ud558\uace0 \uc788\uc2b5\ub2c8\ub2e4. \uad00\uad11\uac1d \uc218\ub294 \uc8fc\ub85c \uad6d\ub0b4 \uad00\uad11\uac1d\uc774\uc9c0\ub9cc, 7\uc6d4\uacfc 8\uc6d4\uc5d0\ub294 \uc9c0\uc5ed \uc0ac\ud68c \uae30\ubc18 \uc2dc\uc124\uc5d0 \ubd80\ub2f4\uc744 \uc8fc\uace0 \uc788\uc2b5\ub2c8\ub2e4. \uadf8\ub7ec\ub098 \uc2dc \uacc4\ud68d \ub2f4\ub2f9\uc790\ub4e4\uc740 \uc5c4\uaca9\ud55c \uc6a9\ub3c4 \uc9c0\uc5ed \uc81c\ud55c\uacfc \uc0ac\uad6c \ubcf4\uc874 \ud504\ub85c\uadf8\ub7a8\uc744 \uc2dc\ud589\ud558\uace0, \ubaa8\ub798 \uc6b8\ud0c0\ub9ac \uc124\uce58 \ubc0f \ud574\uc548\uc120 \uc7ac\uc2dd\uc7ac \uc791\uc5c5\uc5d0 \uc790\uc6d0\ubd09\uc0ac\uc790\ub4e4\uc744 \ubaa8\uc9d1\ud558\uace0 \uc788\uc2b5\ub2c8\ub2e4. \uc2dd\ubb3c\uc6d0 \uc9c1\uc6d0\ub4e4\uc740 \uc0dd\ud0dc\uacc4 \uac74\uac15\uc744 \ubaa8\ub2c8\ud130\ub9c1\ud558\uace0 \uc788\uc73c\uba70, \uc9c0\uc5ed \uc5fc\uc218\ub97c \uc774\uc6a9\ud55c \ubaa9\uc695 \uc18c\uae08 \uc0dd\uc0b0\uc740 \uc0b0\uc5c5\uc801 \uc0dd\uc0b0\ubcf4\ub2e4\ub294 \uc218\uacf5\uc608\uc801 \uc0dd\uc0b0\uc73c\ub85c \ub0a8\uc544 \uc788\uc2b5\ub2c8\ub2e4.<\/p>","protected":false},"excerpt":{"rendered":"<p>\ub9ac\ud22c\uc544\ub2c8\uc544 \uc11c\ubd80 \ud574\uc548\uc5d0 \uc704\uce58\ud55c \ud734\uc591 \ub3c4\uc2dc \ud314\ub791\uac00\ub294 \ub9ac\ud22c\uc544\ub2c8\uc544\uc758 \uc544\ub984\ub2e4\uc6b4 \uc790\uc5f0\uacfc \ubb38\ud654 \uc720\uc0b0\uc744 \uace0\uc2a4\ub780\ud788 \uac04\uc9c1\ud558\uace0 \uc788\uc2b5\ub2c8\ub2e4. \ubc1c\ud2b8\ud574\uc640 \ub9ac\ud22c\uc544\ub2c8\uc544 \ud574\uc548\uc774 \ub9cc\ub098\ub294 \uc774 \ub9e4\ud639\uc801\uc778 \uc9c0\uc5ed\uc740 \uc5ec\ub984 \ud734\uac00\uc640 \uc544\ub984\ub2e4\uc6b4 \ud574\uc548 \uacbd\uad00\uc744 \uc790\ub791\ud569\ub2c8\ub2e4. &#034;\uc54c\ub791\uac00 \uac15(\uc9c0\uae08\uc740 \ub791\uc81c \uac15)\uc5d0 \uc788\ub294&#034;\uc774\ub77c\ub294 \ubb38\uad6c\uc5d0\uc11c \uc720\ub798\ud55c \uc774 \ub3c4\uc2dc\uc758 \uc774\ub984\uc740 \ub3c4\uc2dc\uc758 \uc9c0\ud615\uacfc \uc5ed\uc0ac\ub97c \ud615\uc131\ud574 \uc628 \uac15\ub4e4\uacfc \uae4a\uc740 \uc5f0\uad00\uc744 \ub9fa\uace0 \uc788\uc74c\uc744 \uc2dc\uc0ac\ud569\ub2c8\ub2e4.<\/p>","protected":false},"author":1,"featured_media":4872,"parent":11553,"menu_order":0,"comment_status":"closed","ping_status":"closed","template":"elementor_theme","meta":{"_eb_attr":"","footnotes":""},"class_list":["post-11569","page","type-page","status-publish","has-post-thumbnail"],"_links":{"self":[{"href":"https:\/\/travelshelper.com\/ko\/wp-json\/wp\/v2\/pages\/11569","targetHints":{"allow":["GET"]}}],"collection":[{"href":"https:\/\/travelshelper.com\/ko\/wp-json\/wp\/v2\/pages"}],"about":[{"href":"https:\/\/travelshelper.com\/ko\/wp-json\/wp\/v2\/types\/page"}],"author":[{"embeddable":true,"href":"https:\/\/travelshelper.com\/ko\/wp-json\/wp\/v2\/users\/1"}],"replies":[{"embeddable":true,"href":"https:\/\/travelshelper.com\/ko\/wp-json\/wp\/v2\/comments?post=11569"}],"version-history":[{"count":0,"href":"https:\/\/travelshelper.com\/ko\/wp-json\/wp\/v2\/pages\/11569\/revisions"}],"up":[{"embeddable":true,"href":"https:\/\/travelshelper.com\/ko\/wp-json\/wp\/v2\/pages\/11553"}],"wp:featuredmedia":[{"embeddable":true,"href":"https:\/\/travelshelper.com\/ko\/wp-json\/wp\/v2\/media\/4872"}],"wp:attachment":[{"href":"https:\/\/travelshelper.com\/ko\/wp-json\/wp\/v2\/media?parent=11569"}],"curies":[{"name":"wp","href":"https:\/\/api.w.org\/{rel}","templated":true}]}}