{"id":11563,"date":"2024-09-13T13:19:49","date_gmt":"2024-09-13T13:19:49","guid":{"rendered":"https:\/\/travelshelper.com\/staging\/?page_id=11563"},"modified":"2026-03-12T17:15:17","modified_gmt":"2026-03-12T17:15:17","slug":"%ec%b9%b4%ec%9a%b0%eb%82%98%ec%8a%a4","status":"publish","type":"page","link":"https:\/\/travelshelper.com\/ko\/destinations\/europe\/lithuania\/kaunas\/","title":{"rendered":"\uce74\uc6b0\ub098\uc2a4"},"content":{"rendered":"<p>\uce74\uc6b0\ub098\uc2a4\ub294 \ub9ac\ud22c\uc544\ub2c8\uc544\uc5d0\uc11c \ub450 \ubc88\uc9f8\ub85c \ud070 \ub3c4\uc2dc\ub85c, \uae30\ub2a5\uc801 \ub3c4\uc2dc\uad8c(2021\ub144 \uae30\uc900)\uc5d0\ub294 \uc57d 39\ub9cc 1\ucc9c \uba85, \ub354 \ub113\uc740 \ub3c4\uc2dc\uad8c\uacfc \uc9c0\ubc29\uc790\uce58\ub2e8\uccb4(2022\ub144 \uae30\uc900)\uc5d0\ub294 \uc57d 44\ub9cc 8\ucc9c \uba85\uc774 \uac70\uc8fc\ud558\uba70, \uba74\uc801\uc740 15,700\ud5e5\ud0c0\ub974\uc5d0 \ub2ec\ud569\ub2c8\ub2e4. \uc911\uc138 \uc2dc\ub300 \ub9ac\ud22c\uc544\ub2c8\uc544 \ub300\uacf5\uad6d\uc758 \uc8fc \uc18c\uc7ac\uc9c0\uc600\ub358 \uce74\uc6b0\ub098\uc2a4\ub294 \uc720\ub124\uc2a4\ucf54 \uc138\uacc4\ubb38\ud654\uc720\uc0b0\uc73c\ub85c \uc9c0\uc815\ub41c \ud604\ub300\uc5d0 \uc774\ub974\uae30\uae4c\uc9c0 \uacbd\uc81c, \ud559\uc220, \ubb38\ud654\uc758 \uc911\uc2ec\uc9c0 \uc5ed\ud560\uc744 \ud574\uc654\uc2b5\ub2c8\ub2e4.<\/p>\n<p>15\uc138\uae30 \ucd08\uc5d0 \ucc98\uc74c \uc5b8\uae09\ub41c \uc774\ub798, \uce74\uc6b0\ub098\uc2a4\ub294 \ud2b8\ub77c\uce74\uc774 \uacf5\uad6d\uc758 \ud589\uc815 \uccb4\uacc4\uc5d0\uc11c \uc804\ub7b5\uc801 \uc694\ucda9\uc9c0\uc600\uc2b5\ub2c8\ub2e4. 1413\ub144\uc5d0 \uc774 \uc815\ucc29\uc9c0\ub294 \ubc31\uc791\ub839\uc73c\ub85c \uc2b9\uaca9\ub418\uc5c8\uace0, \ub7ec\uc2dc\uc544 \uc81c\uad6d \uc2dc\ub300(1843~1915)\uc5d0\ub294 \uce74\uc6b0\ub098\uc2a4 \ud604\uc758 \uc218\ub3c4 \uc5ed\ud560\uc744 \ud588\uc2b5\ub2c8\ub2e4. 1862\ub144 \ub124\ubb34\ub098\uc2a4\ub97c \uc787\ub294 \uace0\uac00\uad50\uc640 \uc30d\uad74 \ucca0\ub3c4 \ud130\ub110\uc774 \uac74\uc124\ub418\uba74\uc11c \ucca0\ub3c4\uac00 \uac1c\ud1b5\ub418\uba74\uc11c \ub3c4\uc2dc \ud655\uc7a5\uc774 \ucd09\uc9c4\ub418\uc5c8\uace0, \uc774 \ub3c4\uc2dc\ub294 \uc0c1\ud2b8\ud398\ud14c\ub974\ubd80\ub974\ud06c\uc640 \ub3c5\uc77c \uad00\uc138 \ub3d9\ub9f9\uc744 \uc787\ub294 \uc911\uc694\ud55c \ubb3c\ub958 \uc5f0\uacb0 \uace0\ub9ac\ub85c \ud0c8\ubc14\uafc8\ud588\uc2b5\ub2c8\ub2e4. \uac15\ub451\uc744 \ub530\ub77c \uc12c\uc720, \uc57c\uae08, \uc2dd\ud488 \uac00\uacf5 \uc0b0\uc5c5\uc774 \ubc88\uc131\ud588\uace0, \ud604\uc7ac \uc798\ub9ac\uc544\uce7c\ub2c8\uc2a4\ub97c \uc5f0\uacb0\ud558\ub294 \ucd5c\ucd08\uc758 \ub2e4\ub9ac\uac00 1889\ub144\uc5d0 \uac1c\ud1b5\ub418\uc5b4 \uc911\uc138 \uc2dc\ub300\ub97c \ub118\uc5b4 \ub3c4\uc2dc\uc758 \uc131\uc7a5\uc744 \uc608\uace0\ud588\uc2b5\ub2c8\ub2e4.<\/p>\n<p>\uc804\uac04\uae30\ub294 \uce74\uc6b0\ub098\uc2a4\uc758 \uc815\uccb4\uc131\uc744 \uc7ac\uc815\ub9bd\ud588\uc2b5\ub2c8\ub2e4. 1920\ub144 \ube4c\ub2c8\uc6b0\uc2a4\uac00 \ud3f4\ub780\ub4dc\uc758 \ud1b5\uce58\ud558\uc5d0 \ub4e4\uc5b4\uac00\uc790, \uce74\uc6b0\ub098\uc2a4\ub294 \uc784\uc2dc \uc218\ub3c4\uc758 \uc5ed\ud560\uc744 \ub9e1\uc558\uc2b5\ub2c8\ub2e4. \uc774\ud6c4 20\ub144 \ub3d9\uc548 \uce74\uc6b0\ub098\uc2a4\ub294 \uc9c0\uc801 \ud0d0\uad6c\uc640 \ubbf8\uc801 \ud601\uc2e0\uc758 \ub3c4\uac00\ub2c8\ub85c \ubcc0\ubaa8\ud588\uc2b5\ub2c8\ub2e4. \uac74\ucd95\uac00\uc640 \uac74\uc124\uc5c5\uc790\ub4e4\uc740 \uc544\ub974\ub370\ucf54 \uc591\uc2dd\uacfc \ub9ac\ud22c\uc544\ub2c8\uc544 \uad6d\uac00 \ubd80\ud765 \uc591\uc2dd\uc744 \ubaa8\ub450 \uc218\uc6a9\ud558\uc5ec, \uac01\uc9c4 \uc678\ud615\uacfc \uae30\ud558\ud559\uc801 \uc7a5\uc2dd\uc774 20\uc138\uae30 \ucd08 \ubaa8\ub354\ub2c8\uc998 \uc815\uc2e0\uc744 \ub5a0\uc62c\ub9ac\uac8c \ud558\ub294 \uac74\ucd95\ubb3c\ub4e4\uc744 \ud0c4\uc0dd\uc2dc\ucf30\uc2b5\ub2c8\ub2e4. \ub77c\uc774\uc2a4\ubca0\uc2a4 \uc54c\ub808\uc57c(Laisv\u0117s al\u0117ja)\ub77c\ub294 \ub9ac\ubc84\ud2f0 \uc560\ube44\ub274\ub97c \ub530\ub77c \uce74\ud398\ub4e4\uc774 \ub298\uc5b4\uc130\uace0, \uc0b4\ub871\uacfc \uac15\uc758\uc2e4\uc5d0\uc11c\ub294 \ubb38\ud559, \ucca0\ud559, \ubc1c\ud2b8 \uc9c0\uc5ed\uc8fc\uc758\uc5d0 \ub300\ud55c \ud1a0\ub860\uc774 \ud3bc\uccd0\uc84c\uc2b5\ub2c8\ub2e4. \uc774\ucc98\ub7fc \uaf43\ud53c\uc6b4 \uc2dc\ub300\ub294 \ub3c4\uc2dc\uc5d0 \ub3c5\ud2b9\ud55c \ud314\ub9bc\ud504\uc138\uc2a4\ud2b8\ub97c \ub0a8\uacbc\uace0, 2023\ub144 \uc720\ub124\uc2a4\ucf54\ub294 \uce74\uc6b0\ub098\uc2a4\uc758 \uc804\uac04\uae30 \uc911\uc2ec\uc9c0\ub97c \uc138\uacc4\ubb38\ud654\uc720\uc0b0\uc5d0 \ub4f1\uc7ac\ud558\uba70 \ubaa8\ub354\ub2c8\uc998 \ub3c4\uc2dc \uacc4\ud68d \ubc0f \ub514\uc790\uc778 \uc720\uc0b0\uc744 \uc720\ub7fd \ub3c4\uc2dc \uaddc\ubaa8\ub85c \uad6c\ud604\ud55c \uc720\uc77c\ud55c \uc0ac\ub840\ub85c \uc778\uc815\ud588\uc2b5\ub2c8\ub2e4.<\/p>\n<p>\uc18c\ub828 \uc810\ub839\uc740 \uc911\uc559\uc9d1\uad8c\uc801 \uacc4\ud68d\uacfc \uc911\uacf5\uc5c5\uc758 \uac15\uc870\ub77c\ub294 \ub300\uc870\uc801\uc778 \uc591\uc0c1\uc744 \ub4dc\ub7ec\ub0c8\uc2b5\ub2c8\ub2e4. \ud654\ud559, \uc81c\uc57d, \ubaa9\uc7ac \uac00\uacf5 \uacf5\uc7a5\ub4e4\uc774 \ub3c4\uc2dc \uc678\uacfd\uc73c\ub85c \ud655\uc7a5\ub418\uc5c8\uc2b5\ub2c8\ub2e4. \uc8fc\uac70 \uc9c0\uc5ed\ub4e4\uc740 \ubc18\ubcf5\uc801\uc778 \uc2e4\ub8e8\uc5e3\uc73c\ub85c \uc19f\uc544 \uc788\uc5c8\uace0, \ud68d\uc77c\uc801\uc778 \uc678\uad00\uc5d0\ub294 \uacf5\uc6a9 \uc548\ub730\uacfc \uc870\ub9bd\uc2dd \ucd9c\uc785\uad6c\ub9cc\uc774 \uac04\uac04\uc774 \ub208\uc5d0 \ub744\uc5c8\uc2b5\ub2c8\ub2e4. \ubb38\ud654 \uc2dc\uc124\ub4e4\uc740 \uc774\ub150\uc801 \ube44\ud310 \uc18d\uc5d0\uc11c\ub3c4 \uc9c0\uc5ed \uc608\uc220\uacc4\uce35\uc744 \uc9c0\uc18d\uc801\uc73c\ub85c \uc721\uc131\ud588\uc2b5\ub2c8\ub2e4. \ud2b9\ud788 \uce74\uc6b0\ub098\uc2a4 \uad6d\ub9bd \ubba4\uc9c0\uceec \uadf9\uc7a5\uacfc \uc81c9 \uc694\uc0c8 \ubc15\ubb3c\uad00\uc740 \uc804\uc2dc \uc794\ud639 \ud589\uc704\ub97c \ub0c9\uc815\ud55c \uc804\uc2dc\ub97c \ud1b5\ud574 \uae30\ub9ac\ub294 \ub370 \ud070 \uc5ed\ud560\uc744 \ud588\uc2b5\ub2c8\ub2e4. 1930\ub144\ub300\uc5d0 \uac1c\ud1b5\ub41c \ub450 \uac1c\uc758 \ucf00\uc774\ube14\uce74\ub294 \uc9c0\uae08\ub3c4 \uc798\ub9ac\uc544\uce7c\ub2c8\uc2a4\uc640 \uc54c\ub809\uc18c\ud0c0\uc2a4 \uc0b0\uae30\uc2ad\uc744 \ub530\ub77c \uc6b4\ud589\ub418\uace0 \uc788\uc73c\uba70, \uc774\ub294 20\uc138\uae30 \uc911\ubc18\uc758 \uc774\ub150\uc801 \uaca9\ubcc0 \uc18d\uc5d0\uc11c\ub3c4 \uc0b4\uc544\ub0a8\uc740 \uc2dc\ubbfc \uc758\uc2dd\uc774 \uac15\ud55c \uc0ac\ud68c \uae30\ubc18 \uc2dc\uc124\uc758 \uc720\uc0b0\uc785\ub2c8\ub2e4.<\/p>\n<p>1990\ub144 \ub3c5\ub9bd \ud6c4, \uce74\uc6b0\ub098\uc2a4\ub294 \uac74\ucd95 \uac1c\uc870\uc640 \ub3c4\uc2dc \uc7ac\ucc3d\uc870 \uacfc\uc815\uc5d0 \ucc29\uc218\ud588\uc2b5\ub2c8\ub2e4. \ub0a1\uc544\ube60\uc9c4 \uc804\uac04\uae30 \uc800\ud0dd\ub4e4\uc740 \uc138\uc2ec\ud55c \ubcf5\uc6d0 \uacfc\uc815\uc744 \uac70\ucce4\uace0, \uc2dc\uccad\uc740 18\uc138\uae30\uc758 \ub3d4\uc744 \ub418\ucc3e\uc558\uc73c\uba70, \ub9ac\ubc84\ud2f0 \uc560\ube44\ub274 \ub300\ub85c\ub294 \uc0c8\ub86d\uac8c \ud3ec\uc7a5\ub418\uc5b4 \ubcf4\ud589\uc790 \uc804\uc6a9 \ub3c4\ub85c\ub85c \uc870\uc131\ub418\uc5c8\uc2b5\ub2c8\ub2e4. 2022\ub144, \uce74\uc6b0\ub098\uc2a4\ub294 \uc720\ub7fd \ubb38\ud654 \uc218\ub3c4\ub85c \uc9c0\uc815\ub418\uc5b4 \uc0c1\uc9d5\uc801\uc778 \ubd80\ud65c\uc744 \ub9de\uc774\ud588\uc2b5\ub2c8\ub2e4. \uc774\ub294 \ub3c4\uc790\uae30\uc640 \uc911\uc138 \ud544\uc0ac\ubcf8\uc744 \uc804\uc2dc\ud558\ub294 \uac24\ub7ec\ub9ac, \uc2e4\ud5d8 \uadf9\ub2e8, \uadf8\ub9ac\uace0 \uc544\ub974\ub370\ucf54 \uc591\uc2dd\uacfc\uc758 \uc9c0\uc18d\uc801\uc778 \uc5f0\uad00\uc131\uc744 \ubcf4\uc5ec\uc8fc\ub294 \ub514\uc790\uc778 \ube44\uc5d4\ub0a0\ub808 \ub4f1 \ub04a\uc784\uc5c6\uc774 \ubcc0\ud654\ud558\ub294 \uce74\uc6b0\ub098\uc2a4\uc758 \ubb38\ud654\uc801 \ud30c\ub178\ub77c\ub9c8\ub97c \ub354\uc6b1 \ubd80\uac01\uc2dc\ucf30\uc2b5\ub2c8\ub2e4. \ud55c\ud3b8, \uce74\uc6b0\ub098\uc2a4 \uc800\uc218\uc9c0 \uc9c0\uc5ed \uacf5\uc6d0 \ubcf8\ubd80\uc640 \ube44\ud0c0\uc6b0\ud0c0\uc2a4 \ub9c8\uadf8\ub204\uc2a4 \ub300\ud559\uad50 \uc2dd\ubb3c\uc6d0\uc740 \uc9c0\uc5ed \uc8fc\ubbfc\uacfc \ubc29\ubb38\uac1d \ubaa8\ub450\uc5d0\uac8c \uc774 \uc9c0\uc5ed\uc758 \uc0dd\ud0dc\uc801 \uc720\uc0b0\uc744 \uc0c1\uae30\uc2dc\ucf1c \uc90d\ub2c8\ub2e4.<\/p>\n<p>\uc9c0\ud615\uc801\uc73c\ub85c \uce74\uc6b0\ub098\uc2a4\ub294 \uc218\ucc9c \ub144\uc5d0 \uac78\uccd0 \uac15\ubb3c\uc758 \uce68\uc2dd\uc73c\ub85c \ud615\uc131\ub41c \uc800\uc9c0\ub300 \uc2b5\uc9c0\uc640 \uac15\ubcc0 \ub2e8\uad6c\ub85c \uc774\ub8e8\uc5b4\uc838 \uc788\uc2b5\ub2c8\ub2e4. \uc778\uc811\ud55c \uce74\uc990\ub8e8 \ub8e8\ub2e4 \uc232\uc740 \uad6d\uc9c0\uc801\uc778 \ubbf8\uae30\ud6c4\ub97c \ud615\uc131\ud558\uc5ec \uaca8\uc6b8\uc758 \ud639\ub3c5\ud55c \ucd94\uc704\ub97c \uc644\ud654\ud558\uace0 \uc11c\ud48d\uc758 \ub9f9\ub82c\ud568\uc744 \u200b\u200b\uc57d\ud654\uc2dc\ud0b5\ub2c8\ub2e4. \ubd81\uc704 54\ub3c4\uc120\uc5d0 \uc704\uce58\ud558\uc9c0\ub9cc, \uce74\uc6b0\ub098\uc2a4\ub294 \ube44\uad50\uc801 \uc628\ud654\ud55c \ub300\ub959\uc131 \uae30\ud6c4\ub97c \ubcf4\uc785\ub2c8\ub2e4. \ud55c\uc5ec\ub984\uc5d0\ub294 \uc77c\uc870 \uc2dc\uac04\uc774 17\uc2dc\uac04\uc778 \ubc18\uba74, \ud55c\uaca8\uc6b8\uc5d0\ub294 7\uc2dc\uac04\uc73c\ub85c \uc904\uc5b4\ub4ed\ub2c8\ub2e4. \ud3c9\uade0 \uc5ec\ub984 \ucd5c\uace0 \uae30\uc628\uc740 21~22\u00b0C \uc815\ub3c4\uc774\uba70, \uc0c8\ubcbd\uc5d0\ub294 \uc57d 12\u00b0C\ub85c \ub5a8\uc5b4\uc9c0\uace0, \ub354\uc6b4 \uae30\uac04\uc5d0\ub294 \uac04\ud5d0\uc801\uc73c\ub85c 30\u00b0C\uae4c\uc9c0 \uc62c\ub77c\uac11\ub2c8\ub2e4. \uaca8\uc6b8 \ud3c9\uade0 \uae30\uc628\uc740 \uc601\ud558 8\ub3c4\uc5d0\uc11c 0\u00b0C \uc0ac\uc774\uc774\uba70, \uc601\ud558 15\u00b0C \uc774\uc0c1\uc73c\ub85c \ub5a8\uc5b4\uc9c0\ub294 \uacbd\uc6b0\ub294 \ub4dc\ubb45\ub2c8\ub2e4. \ubd04\uacfc \uac00\uc744\uc740 \uc300\uc300\ud55c \uc544\uce68\ubd80\ud130 \uc628\ud654\ud55c \uc624\ud6c4\uae4c\uc9c0 \uae09\uaca9\ud55c \uae30\uc628 \ubcc0\ud654\ub97c \ubcf4\uc774\uba70, \uc8fc\ubbfc\uacfc \ucca0\uc0c8 \ub3d9\ubb3c \ubaa8\ub450\uac00 \uc608\uc0c1\ud558\ub294 \uacc4\uc808\uc801 \ub9ac\ub4ec\uc744 \uc720\uc9c0\ud569\ub2c8\ub2e4.<\/p>\n<p>\uc774 \ub300\ub3c4\uc2dc\ub294 \ub450 \uac1c\uc758 \uc8fc\uc694 \uad6c\uc5ed\uc73c\ub85c \ub098\ub269\ub2c8\ub2e4. \uac15\uc774 \ub9cc\ub098\ub294 \uc9c0\uc810\uc5d0 \uc704\uce58\ud55c \uad6c\uc2dc\uac00\uc9c0\ub294 \uace0\ub515, \ub974\ub124\uc0c1\uc2a4, \ubc14\ub85c\ud06c \uc591\uc2dd\uc758 \ub79c\ub4dc\ub9c8\ud06c\uac00 \ub4a4\uc11e\uc778 \ubaa8\uc2b5\uc744 \uac04\uc9c1\ud558\uace0 \uc788\uc2b5\ub2c8\ub2e4. \uc6d0\ud615 \ud0d1\uacfc \ud749\ubcbd\uc744 \uac16\ucd98 14\uc138\uae30 \uce74\uc6b0\ub098\uc2a4 \uc131\uc740 \ud604\uc7ac \ud604\ub300 \ubbf8\uc220 \uc804\uc2dc\ud68c\ub97c \uc21c\ud68c\ud558\uace0 \uc788\uc2b5\ub2c8\ub2e4. \uadfc\ucc98\uc5d0\ub294 1771\ub144\uc5d0\uc11c 1780\ub144\uae4c\uc9c0 \uac74\ucd95\ub41c \uc2dc\uccad\uc0ac\uac00 \uc788\uc73c\uba70, \ub85c\ud22c\uc170\uc2a4 \uc544\uc774\ud06c\uc288\ud14c(Rotu\u0161\u0117s aik\u0161t\u0117) \uad11\uc7a5\uc740 \ud55c\ub54c \uc911\uc138 \uc2dc\uc7a5, \uc0ac\ubc95 \ud68c\uc758, \ucd95\uc81c \ud589\ub82c\uc758 \uc911\uc2ec\uc9c0\uc600\ub358 \uc790\uac08\uae38 \uad11\uc7a5\uc785\ub2c8\ub2e4. \uc804\uac04\uae30 \uacf5\ud654\uad6d\uc758 \ub300\ud1b5\ub839\uad81\uc740 \ube4c\ub2c8\uc544\uc6b0\uc2a4 \uac70\ub9ac\ub97c \ub530\ub77c \uc790\ub9ac \uc7a1\uace0 \uc788\uc73c\uba70, \uc2e0\uace0\uc804\uc8fc\uc758 \uc591\uc2dd\uc758 \ud604\uad00\uc740 \uc2e0\uc0dd \ub9ac\ud22c\uc544\ub2c8\uc544 \uad6d\uac00\uc758 \uc5c4\uc219\ud568\uc744 \ub5a0\uc62c\ub9ac\uac8c \ud569\ub2c8\ub2e4. \uc881\uc740 \uace8\ubaa9\uae38\uc740 15\uc138\uae30 \uc21c\ub840\uc758 \ud754\uc801\uc744 \ub530\ub77c \ubd89\uc740 \ubcbd\ub3cc \uc544\uce58\uac00 \uc788\ub294 \uc131 \uc870\uc9c0 \uad50\ud68c\ub85c \uc774\uc5b4\uc9c0\uace0, \uadf8 \ub4a4\ub85c\ub294 \ud55c\uc790 \ub3d9\ub9f9 \uc0c1\uc778\ub4e4\uc774 \uc870\uac01\ub41c \ub098\ubb34 \ub4e4\ubcf4 \uc544\ub798\uc5d0\uc11c \ubaa8\uc784\uc744 \uac00\uc84c\ub358 \uace0\ub515 \uc591\uc2dd\uc758 \ud398\ub974\ucfe0\ub098\uc2a4 \ud558\uc6b0\uc2a4\ub85c \uc774\uc5b4\uc9d1\ub2c8\ub2e4.<\/p>\n<p>\ub3d9\ucabd\uc73c\ub85c\ub294 \ub77c\uc774\uc2a4\ubca0\uc2a4 \uc54c\ub808\uc57c(Laisv\u0117s al\u0117ja)\uc758 \uad6c\ubd88\uad6c\ubd88\ud55c \ubcf4\ud589\uc790 \ub3c4\ub85c\ub97c \ub530\ub77c \uc2e0\uc2dc\uac00\uc9c0\uac00 \ud3bc\uccd0\uc838 \uc788\uc2b5\ub2c8\ub2e4. \ub9b0\ub4e0 \ub098\ubb34\uc640 \uc2dc\ub300\ud48d \uc870\uba85\uc73c\ub85c \ub458\ub7ec\uc2f8\uc778 1.6km \uae38\uc774\uc758 \uc774 \uc0b0\ucc45\ub85c\ub294 \ub3c4\uc2dc\uc758 \uc0ac\uad50\uc801\uc778 \ub3d9\ub9e5\uacfc \uac19\uc2b5\ub2c8\ub2e4. \uc9c0\ubd95 \uc544\ub798 \ub178\uc810\uc0c1\ub4e4\uc740 \uc218\uacf5\uc608\ud488\uc744 \ud314\uace0, \ud559\uc0dd \uce74\ud398\ub4e4\uc740 \ud1a0\ub860\uc73c\ub85c \ud65c\uae30\ub97c \ub760\uba70, \uc720\uc11c \uae4a\uc740 \ub300\ud1b5\ub839\uad81\uc758 \ud65c\uae30 \ub118\uce58\ub294 \ucc3d\ubb38\ub4e4\uc740 \uc9c0\ub098\uac00\ub294 \uc0ac\ub78c\ub4e4\uc744 \uc61b \uac00\uad6c\uc640 \uad6d\uac00 \uc0c1\uc9d5\ubb3c\uc744 \uc0b4\ud3b4\ubcf4\ub3c4\ub85d \uc720\ud639\ud569\ub2c8\ub2e4. \ub3d9\uc2ec\uc6d0\uc744 \uadf8\ub9ac\uba70 \ubed7\uc5b4 \uc788\ub294 \uc606\uae38\uc5d0\ub294 1930\ub144\ub300 \uc544\ub974\ub370\ucf54 \uc591\uc2dd\uc758 \uc678\uad00\uc744 \uc790\ub791\ud558\ub294 MK \uce58\uc6b0\ub974\ub9ac\uc624\ub2c8\uc2a4 \uad6d\ub9bd \ubbf8\uc220\uad00(MK \u010ciurlionis National Art Museum)\uacfc \uc815\uc624 \ubb34\ub835 \uce74\ub9ac\uc6a9 \ud0d1\uc5d0\uc11c \uc804\uc7c1 \ub2f9\uc2dc\uc758 \ubbfc\uc694\uac00 \uc6b8\ub824 \ud37c\uc9c0\ub294 \ube44\ud0c0\uc6b0\ud0c0\uc2a4 \uc804\uc7c1 \ubc15\ubb3c\uad00(Vytautas the Great War Museum)\uacfc \uac19\uc740 \uc2dc\uc124\ub4e4\uc774 \uc790\ub9ac\ud558\uace0 \uc788\uc2b5\ub2c8\ub2e4.<\/p>\n<p>\ub179\uc9c0 \uacf5\uac04\uc740 \ub3c4\uc2dc \uc804\uccb4\uc5d0 \uc2a4\uba70\ub4e4\uc5b4 \uc788\uc2b5\ub2c8\ub2e4. \uc720\ub7fd \ucd5c\ub300 \uaddc\ubaa8\uc758 \ub3c4\uc2dc \ucc38\ub098\ubb34 \uad70\ub77d\uc778 \uc8fc\uc62c\ub9ac\ub098\uc2a4(\u0104\u017euolynas)\ub294 \uad6c\uc2dc\uac00\uc9c0 \ubd81\ub3d9\ucabd 63\ud5e5\ud0c0\ub974\uc5d0 \uac78\uccd0 \ud3bc\uccd0\uc838 \uc788\uc73c\uba70, \uc6b8\ucc3d\ud55c \ub098\ubb34\uc904\uae30\uc5d0\ub294 \uc870\uae45 \ucf54\uc2a4\uc640 \uc5b4\ub9b0\uc774 \ub180\uc774\ud130\uac00 \uc870\uc131\ub418\uc5b4 \uc788\uc2b5\ub2c8\ub2e4. \ub9ac\ud22c\uc544\ub2c8\uc544 \ucd5c\ub300 \uaddc\ubaa8\uc758 \uc778\uacf5 \ud638\uc218\uc778 \uce74\uc6b0\ub098\uc2a4 \uc800\uc218\uc9c0 \uc9c0\uc5ed \uacf5\uc6d0\uc740 1992\ub144 \uc870\uc131\ub418\uc5c8\uc73c\uba70, \uc218\ubab0\ub41c \uac15 \uacc4\uace1\uc744 \ub530\ub77c \uce74\ub204 \ucf54\uc2a4\uc640 \uc870\ub958 \uad00\ucc30\uc744 \uc704\ud55c \uc804\ub9dd\ub300\ub97c \uc81c\uacf5\ud569\ub2c8\ub2e4. 16\uac1c\uc758 \ub3c4\uc2dc \uacf5\uc6d0\uacfc \uc5ec\ub7ec \uac1c\uc758 \uc0b0\ub9bc \ubc0f \uc870\uacbd \ubcf4\ud638\uad6c\uc5ed\uc774 \uacf3\uacf3\uc5d0 \uc790\ub9ac \uc7a1\uace0 \uc788\uc73c\uba70, \uc774\ub4e4\uc744 \ud569\uce58\uba74 \ub3c4\uc2dc \uba74\uc801\uc758 \uc808\ubc18 \uc774\uc0c1\uc744 \ucc28\uc9c0\ud569\ub2c8\ub2e4. 1923\ub144\uc5d0 \uc124\ub9bd\ub41c \uce74\uc6b0\ub098\uc2a4 \uc2dd\ubb3c\uc6d0\uc740 \uace0\uc0b0 \uc554\uc11d\uc6d0\ubd80\ud130 \ud1a0\uc885 \uc2b5\uc9c0 \uc2dd\ubb3c\uae4c\uc9c0 \ub2e4\uc591\ud55c \uc8fc\uc81c\uc758 \uc2dd\ubb3c\uc744 \uc18c\uc7a5\ud558\uace0 \uc788\uc73c\uba70, \uce74\uc6b0\ub098\uc2a4 \ub3d9\ubb3c\uc6d0\uc740 \uc720\ub7fd\ub4e4\uc18c\ubd80\ud130 \uadf9\ub3d9 \ubd89\uc740\ud310\ub2e4\uae4c\uc9c0 \ub2e4\uc591\ud55c \uc885\uc744 \ubcf4\ud638\ud558\uace0 \uc788\uc2b5\ub2c8\ub2e4.<\/p>\n<p>\uce74\uc6b0\ub098\uc2a4\uc758 \ubb38\ud654 \uae30\ubc18 \uc2dc\uc124\uc740 \uc218\uc2ed \uac1c\uc758 \ubc15\ubb3c\uad00\uacfc \ubbf8\uc220\uad00\uc73c\ub85c \ud655\uc7a5\ub429\ub2c8\ub2e4. \uc545\ub9c8 \ubc15\ubb3c\uad00(Devils&#039; Museum)\uc740 \uc57d 3,000\uc810\uc758 \uc870\uac01\ud488\uc73c\ub85c \uad6c\uc131\ub41c \uc138\uacc4\uc801\uc778 \uc804\uc2dc\ub97c \ud1b5\ud574 \uc778\ub958\uc758 \uc9c0\uc625\uc5d0 \ub300\ud55c \ubbfc\uc18d\uc801 \uc0c1\uc0c1\ub825\uc744 \ubc18\uc601\ud569\ub2c8\ub2e4. \uc81c9 \uc694\uc0c8 \ubc15\ubb3c\uad00(Museum of the Ninth Fort)\uc740 \ucc28\ub974\uc758 \ubcf4\ub8e8\uc5d0\uc11c \ud640\ub85c\ucf54\uc2a4\ud2b8 \uc2dc\ub300\uc758 \ub300\ub7c9 \ud559\uc0b4 \uc7a5\uc18c\ub85c \ubcc0\ubaa8\ud55c \uc694\uc0c8\uc758 \ubcc0\ubaa8 \uacfc\uc815\uc744 \uc5c4\uc219\ud558\uac8c \uae30\ub85d\ud558\uba70, \ucf58\ud06c\ub9ac\ud2b8 \ucd1d\uc548\uacfc \uc9c0\ud558 \ud130\ub110\uc740 \uce68\ubb35\uc758 \uc99d\uc778 \uc5ed\ud560\uc744 \ud569\ub2c8\ub2e4. \ud0c0\ub2e4\uc2a4 \uc774\ubc14\ub098\uc6b0\uc2a4\uce74\uc2a4 \ub3d9\ubb3c\ud559 \ubc15\ubb3c\uad00(Tadas Ivanauskas Zoological Museum)\uc740 19\uc138\uae30 \ud0d0\ud5d8\uc5d0\uc11c \uc0ac\uc6a9\ub41c \ubc15\uc81c \ud45c\ubcf8\uc744 \uc18c\uc7a5\ud558\uace0 \uc788\uc73c\uba70, \ubcf4\uc11d \ubc15\ubb3c\uad00(Gemstones Museum)\uc740 \uc804 \ub300\ub959\uc758 \uad11\ubb3c\uc744 \ud0d0\ud5d8\ud558\ub294 \uc218\uc815 \uac19\uc740 \uc5ec\uc815\uc744 \ubcf4\uc5ec\uc90d\ub2c8\ub2e4. \ube44\ud0c0\uc6b0\ud0c0\uc2a4 \ub9c8\uadf8\ub204\uc2a4 \ub300\ud559\uad50(Vytautas Magnus University)\ub97c \ube44\ub86f\ud55c \ud559\uc220 \uae30\uad00\ub4e4\uc740 \uc218\ucc9c \uba85\uc758 \ud559\ubd80\uc0dd\uc744 \uc720\uce58\ud558\uc5ec \uc9c0\uc5ed \uce74\ud398\uc640 \uc11c\uc810\uc5d0 \ud65c\ub825\uc744 \ubd88\uc5b4\ub123\ub294 \uc778\uad6c\ud559\uc801 \uc5ed\ub3d9\uc131\uc744 \uc870\uc131\ud569\ub2c8\ub2e4.<\/p>\n<p>\uad50\ud1b5\ub9dd\uc740 \uc5ec\ub7ec \uad50\ud1b5\uc218\ub2e8\uc744 \ud1b5\ud569\ud569\ub2c8\ub2e4. \uce74\uc6b0\ub098\uc2a4 \uad6d\uc81c\uacf5\ud56d\uc740 \uc9c0\uc5ed \ud56d\uacf5\uc0ac\uc640 \uc800\ube44\uc6a9 \ud56d\uacf5\uc0ac\ub97c, 100\ub144 \ub41c \uc0b0 \ub2e4\ub9ac\uc6b0\uc2a4 \ube44\ud589\uc7a5\uacfc \uc0b0 \uae30\ub808\ub098\uc2a4 \ube44\ud589\uc7a5\uc740 \uc2a4\ud3ec\uce20 \ud56d\uacf5\uacfc \ub9ac\ud22c\uc544\ub2c8\uc544 \ud56d\uacf5 \ubc15\ubb3c\uad00\uc744 \ub2f4\ub2f9\ud569\ub2c8\ub2e4. 2017\ub144 \uc774\ud6c4 \ub9ac\ud22c\uc544\ub2c8\uc544 \ucd5c\ub300 \uaddc\ubaa8\uc778 \ubc84\uc2a4 \ud130\ubbf8\ub110\uc740 20\uac1c\uc758 \uac8c\uc774\ud2b8\ub97c \ud1b5\ud574 \uad6d\ub0b4\uc120\uacfc \uad6d\uc81c\uc120\uc744 \uc5f0\uacb0\ud569\ub2c8\ub2e4. \ucca0\ub3c4 \uc11c\ube44\uc2a4\ub294 \ubc94\uc720\ub7fd \ud68c\ub791 IX\uc640 \ubc94\uc720\ub7fd \ud68c\ub791 I\ub97c \uac70\uccd0 \ubc14\ub974\uc0e4\ubc14, \ube4c\ub2c8\uc6b0\uc2a4 \ub4f1\uc744 \uc5f0\uacb0\ud569\ub2c8\ub2e4. \uace7 \uac1c\ud1b5\ub420 \ub808\uc77c \ubc1c\ud2f0\uce74(Rail Baltica) \ud45c\uc900\uada4 \uad6c\uac04\uc740 \uc911\ubd80 \uc720\ub7fd\uacfc\uc758 \uc5f0\uacb0\uc744 \uac15\ud654\ud560 \uac83\uc73c\ub85c \uae30\ub300\ub429\ub2c8\ub2e4. \uace0\uc18d\ub3c4\ub85c\ub294 \ube4c\ub2c8\uc6b0\uc2a4(A1)\uc640 \ud074\ub77c\uc774\ud398\ub2e4(A1 \uc11c\ud589) \ubc29\ud5a5\uc73c\ub85c \ubc29\uc0ac\ud615\uc73c\ub85c \ubed7\uc5b4 \uc788\uc73c\uba70, \ubc14\ub974\uc0e4\ubc14\uc640 \ubc1c\ud2b8\ud574 \uc5f0\uc548 \uc8fc\uc694 \ub3c4\uc2dc\ub85c \uc774\uc5b4\uc9c0\ub294 \ube44\uc544 \ubc1c\ud2f0\uce74(E67) \ucd95\uacfc \uad50\ucc28\ud569\ub2c8\ub2e4. \ub3c4\uc2dc \ub0b4\uc5d0\uc11c\ub294 Kauno vie\u0161asis transportas\uac00 \uad00\ub9ac\ud558\ub294 14\uac1c\uc758 \ud2b8\ub864\ub9ac\ubc84\uc2a4 \ub178\uc120\uacfc 43\uac1c\uc758 \ubc84\uc2a4 \ub178\uc120\uc774 \ub9e4\uc77c \ucd9c\ud1f4\uadfc\uc744 \uc9c0\uc6d0\ud558\uace0 \uc788\uc73c\uba70, \ubaa8\ubc14\uc77c \uc571 \u017diogas\ub294 \ube44\uc811\ucd09\uc2dd \ud3b8\uc758\ub97c \uc81c\uacf5\ud558\ub294 \ub514\uc9c0\ud138 \ud2f0\ucf13\ud305 \uc11c\ube44\uc2a4\ub97c \uc81c\uacf5\ud569\ub2c8\ub2e4. \uac15\uc744 \ub530\ub77c \uc6b4\ud589\ub418\ub294 \uad50\ud1b5\uc218\ub2e8\uc740 \ub124\ubb34\ub098\uc2a4 \uac15\ubcc0\uc758 \ubd80\ub450 \ud615\ud0dc\ub85c \ub0a8\uc544 \uc788\uc9c0\ub9cc, \uc218\uc911\uc775\uc120 \uc11c\ube44\uc2a4\ub294 \uc5ec\uc804\ud788 \uac04\ud5d0\uc801\uc785\ub2c8\ub2e4.<\/p>\n<p>\ub3c4\uc2dc \uc678\uacfd \ub108\uba38\uc5d0\ub294 \ub2e4\uc591\ud55c \uba85\uc18c\ub4e4\uc774 \uc774 \uc9c0\uc5ed\uc744 \ud48d\uc694\ub86d\uac8c \ud569\ub2c8\ub2e4. \uac15\ub451 \uacf6\uc5d0 \uc790\ub9ac \uc7a1\uc740 17\uc138\uae30 \ubc14\ub85c\ud06c \uc591\uc2dd\uc758 \ud30c\uc790\uc774\uc2ac\ub9ac\uc2a4 \uc218\ub3c4\uc6d0\uc5d0\ub294 \ud504\ub808\uc2a4\ucf54\ud654\ub85c \uc7a5\uc2dd\ub41c \ud68c\ub791\uacfc \ud654\ub824\ud55c \ubc29\ubb38 \uad50\ud68c\uac00 \uc788\uc2b5\ub2c8\ub2e4. \ubd81\ucabd\uc73c\ub85c \uc57d 5km \ub5a8\uc5b4\uc9c4 \uc81c9 \uc694\uc0c8 \ubc15\ubb3c\uad00\uc740 32\ubbf8\ud130 \ub192\uc774\uc758 \uae30\ub150\ud0d1 \uc544\ub798 \uc804\uc7c1 \uc911 \uc794\ud639 \ud589\uc704\uc758 \ud76c\uc0dd\uc790\ub4e4\uc744 \uae30\ub9ac\uace0 \uc788\uc2b5\ub2c8\ub2e4. \uc57c\uc678 \ub8f8\uc2dc\uc288\ucf00\uc2a4 \ubc15\ubb3c\uad00\uc5d0\ub294 \ubbfc\uc18d \uc720\uc0b0\uc774 \ub0a8\uc544 \uc788\uc73c\uba70, \ud1a0\ucc29 \ub18d\uac00\ub4e4\uc774 \ub9ac\ud22c\uc544\ub2c8\uc544\uc758 \ub18d\ucd0c \uc5ed\uc0ac\ub97c \uc0dd\uc0dd\ud558\uac8c \ubcf4\uc5ec\uc90d\ub2c8\ub2e4. \uc5ec\ub984\uc774\uba74 \ud30c\ub124\ubb34\ub124\uc2a4 \uacf5\uc6d0 \ud574\ubcc0\uacfc \uce74\uc6b0\ub098\uc2a4 \ud638\uc218 \ud574\ubcc0\uc744 \ub530\ub77c \ud3bc\uccd0\uc9c4 \ubaa8\ub798\uc0ac\uc7a5\uc740 \ubb3c\uc5d0 \uc7a0\uae34 \uc791\uc740 \uc12c\ub4e4\uc744 \ub530\ub77c \ud2b8\ub864\ub9ac\ubc84\uc2a4\ub098 \uc790\uc804\uac70 \ub3c4\ub85c\ub97c \ud1b5\ud574 \uc811\uadfc\ud560 \uc218 \uc788\uc2b5\ub2c8\ub2e4. \uc2a4\uae30\ud558\ub77c \uc9c0\uc6b0\ub124 \uc0dd\uac00\ub294 1940\ub144 \uc77c\ubcf8 \uc601\uc0ac\uac00 \uc0dd\uba85\uc744 \uad6c\ud55c \ube44\uc790\ub97c \ubc1c\uae09\ud55c \uac83\uc744 \uae30\ub150\ud558\uba70, \uc18c\ubc15\ud55c \ubc29\ub4e4\uc740 \uc9c0\uc815\ud559\uc801 \ubd95\uad34 \uc18d\uc5d0\uc11c\ub3c4 \ub3c4\ub355\uc801 \uc2e0\ub150\uc744 \ubcf4\uc5ec\uc8fc\ub294 \uc99d\uac70\uc785\ub2c8\ub2e4.<\/p>\n<p>\uacf5\uc791 \ud1b5\uce58, \uc81c\uad6d \ud1b5\uce58, \uacf5\ud654\uad6d \ub3c5\ub9bd, \uadf8\ub9ac\uace0 \uc18c\ub828 \uc810\ub839\uc758 \uc2dc\ub300\ub97c \uac70\uce58\uba70 \uce74\uc6b0\ub098\uc2a4\ub294 \ub9ac\ud22c\uc544\ub2c8\uc544 \uc5ed\uc0ac\uc758 \ubcc0\ucc9c\uc0ac\ub97c \uc99d\uc5b8\ud574 \uc654\uc2b5\ub2c8\ub2e4. \uc911\uc138 \uc131\ubcbd\ubd80\ud130 \uadfc\ub300 \uac74\ucd95\uc758 \uc774\uc815\ud45c\uc5d0 \uc774\ub974\uae30\uae4c\uc9c0, \uce74\uc6b0\ub098\uc2a4\uc758 \ub2e4\uce35\uc801\uc778 \uac74\ucd95\ubb3c\ub4e4\uc740 \uacfc\uac70\uc640 \ubbf8\ub798\uc640 \ub04a\uc784\uc5c6\uc774 \uc18c\ud1b5\ud558\ub294 \ub3c4\uc2dc\uc758 \uba74\ubaa8\ub97c \ubcf4\uc5ec\uc90d\ub2c8\ub2e4. \uc790\uc5f0 \uacbd\uad00\uacfc \ub3c4\uc2dc \uc131\uc7a5, \ubb38\ud654 \uc720\uc0b0\uacfc \ud601\uc2e0\uc758 \uade0\ud615\uc744 \uc798 \uc774\ub8e8\uc5b4 \uc628 \uce74\uc6b0\ub098\uc2a4\ub294 \ub9ac\ud22c\uc544\ub2c8\uc544\uc758 \uc9c0\ub9ac\uc801 \uc911\uc2ec\uc9c0\uc5d0\uc11c \ud68c\ubcf5\ub825\uacfc \ucc3d\uc758\uc131\uc744 \ubcf4\uc5ec\uc8fc\ub294 \uc99d\uac70\ub85c \uc790\ub9ac \uc7a1\uace0 \uc788\uc2b5\ub2c8\ub2e4.<\/p>","protected":false},"excerpt":{"rendered":"<p>\ub9ac\ud22c\uc544\ub2c8\uc544\uc5d0\uc11c \ub450 \ubc88\uc9f8\ub85c \ud070 \ub3c4\uc2dc\uc778 \uce74\uc6b0\ub098\uc2a4\ub294 \ub9ac\ud22c\uc544\ub2c8\uc544\uc758 \ubcf5\uc7a1\ud55c \uc5ed\uc0ac, \ubb38\ud654, \uadf8\ub9ac\uace0 \uacbd\uc81c \ubc1c\uc804\uc744 \uc798 \ubcf4\uc5ec\uc90d\ub2c8\ub2e4. \ub124\ubb34\ub098\uc2a4 \uac15\uacfc \ub124\ub9ac\uc2a4 \uac15\uc774 \ub9cc\ub098\ub294 \uc9c0\uc810\uc5d0 \uc704\uce58\ud55c \uc774 \ub300\ub3c4\uc2dc\ub294 \ub9ac\ud22c\uc544\ub2c8\uc544\uc758 \uc815\uccb4\uc131\uc744 \ud615\uc131\ud558\ub294 \ub370 \ud070 \uc5ed\ud560\uc744 \ud588\uc73c\uba70, \ubc1c\ud2b8\ud574 \uc9c0\uc5ed \ubc1c\uc804\uc744 \ub300\ud45c\ud558\ub294 \ub3c4\uc2dc\ub85c \uc790\ub9ac\ub9e4\uae40\ud558\uace0 \uc788\uc2b5\ub2c8\ub2e4.<\/p>","protected":false},"author":1,"featured_media":3040,"parent":11553,"menu_order":0,"comment_status":"closed","ping_status":"closed","template":"elementor_theme","meta":{"_eb_attr":"","footnotes":""},"class_list":["post-11563","page","type-page","status-publish","has-post-thumbnail"],"_links":{"self":[{"href":"https:\/\/travelshelper.com\/ko\/wp-json\/wp\/v2\/pages\/11563","targetHints":{"allow":["GET"]}}],"collection":[{"href":"https:\/\/travelshelper.com\/ko\/wp-json\/wp\/v2\/pages"}],"about":[{"href":"https:\/\/travelshelper.com\/ko\/wp-json\/wp\/v2\/types\/page"}],"author":[{"embeddable":true,"href":"https:\/\/travelshelper.com\/ko\/wp-json\/wp\/v2\/users\/1"}],"replies":[{"embeddable":true,"href":"https:\/\/travelshelper.com\/ko\/wp-json\/wp\/v2\/comments?post=11563"}],"version-history":[{"count":0,"href":"https:\/\/travelshelper.com\/ko\/wp-json\/wp\/v2\/pages\/11563\/revisions"}],"up":[{"embeddable":true,"href":"https:\/\/travelshelper.com\/ko\/wp-json\/wp\/v2\/pages\/11553"}],"wp:featuredmedia":[{"embeddable":true,"href":"https:\/\/travelshelper.com\/ko\/wp-json\/wp\/v2\/media\/3040"}],"wp:attachment":[{"href":"https:\/\/travelshelper.com\/ko\/wp-json\/wp\/v2\/media?parent=11563"}],"curies":[{"name":"wp","href":"https:\/\/api.w.org\/{rel}","templated":true}]}}