{"id":17417,"date":"2024-09-26T13:27:29","date_gmt":"2024-09-26T13:27:29","guid":{"rendered":"https:\/\/travelshelper.com\/staging\/?page_id=17417"},"modified":"2026-03-13T23:34:55","modified_gmt":"2026-03-13T23:34:55","slug":"%e3%82%b5%e3%83%b3%e3%83%9a%e3%83%89%e3%83%ad%e3%81%ae%e6%b0%b4","status":"publish","type":"page","link":"https:\/\/travelshelper.com\/ja\/destinations\/south-america\/brazil\/aguas-de-sao-pedro\/","title":{"rendered":"\u30b5\u30f3\u30da\u30c9\u30ed\u306e\u6c34"},"content":{"rendered":"<p>\u9762\u7a4d\u306f\u308f\u305a\u304b3.61\u5e73\u65b9\u30ad\u30ed\u30e1\u30fc\u30c8\u30eb\u3067\u3001\u30d6\u30e9\u30b8\u30eb\u30672\u756a\u76ee\u306b\u5c0f\u3055\u3044\u81ea\u6cbb\u4f53\u3067\u3059\u304c\u3001\u30a2\u30b0\u30a2\u30b9\u30fb\u30c7\u30fb\u30b5\u30f3\u30fb\u30da\u30c9\u30ed\u306f\u305d\u306e\u5883\u754c\u7dda\u304b\u3089\u60f3\u50cf\u3055\u308c\u308b\u3088\u308a\u3082\u306f\u308b\u304b\u306b\u5e83\u5927\u306a\u5730\u57df\u3068\u3057\u3066\u306e\u91cd\u307f\u3092\u62c5\u3063\u3066\u3044\u307e\u3059\u3002\u30b5\u30f3\u30d1\u30a6\u30ed\u5e02\u306e\u5317\u897f\u7d04184\u30ad\u30ed\u30e1\u30fc\u30c8\u30eb\u3001\u8d77\u4f0f\u306b\u5bcc\u3093\u3060\u30a4\u30bf\u30b1\u30ea\u5c71\u8108\u306b\u56f2\u307e\u308c\u305f\u3053\u306e\u753a\u306f\u3001\u307e\u308b\u3067\u4e18\u3068\u6cc9\u304c\u5171\u8b00\u3057\u3066\u3001\u81ea\u7136\u3068\u4eba\u9593\u306e\u30cb\u30fc\u30ba\u306e\u4e21\u65b9\u306b\u8abf\u548c\u3057\u305f\u30b3\u30df\u30e5\u30cb\u30c6\u30a3\u3092\u5f62\u6210\u3057\u305f\u304b\u306e\u3088\u3046\u306a\u3001\u89aa\u5bc6\u3067\u3042\u308a\u306a\u304c\u3089\u3082\u5b8c\u5168\u306a\u5b58\u5728\u3067\u3059\u30022020\u5e74\u306e\u4f4f\u6c11\u767b\u9332\u6570\u306f\u308f\u305a\u304b3,521\u4eba\u3067\u3059\u304c\u3001\u3053\u306e\u5c0f\u3055\u306a\u753a\u306f\u3001\u6e29\u6cc9\u3001\u7dd1\u8c4a\u304b\u306a\u516c\u5712\u3001\u305d\u3057\u3066\u7dbf\u5bc6\u306a\u8a08\u753b\u304b\u3089\u751f\u307e\u308c\u305f\u9759\u304b\u306a\u81ea\u4fe1\u306b\u6e80\u3061\u305f\u751f\u6d3b\u3067\u6e80\u3061\u6ea2\u308c\u3066\u3044\u307e\u3059\u3002<\/p>\n<p>\u300c\u30a2\u30b0\u30a2\u30b9\u30fb\u30c7\u30fb\u30b5\u30f3\u30fb\u30da\u30c9\u30ed\u300d\u2015\u6587\u5b57\u901a\u308a\u300c\u8056\u30da\u30c6\u30ed\u306e\u6c34\u300d\u2015\u306f\u3001\u3053\u306e\u8857\u306e\u771f\u9ac4\u3092\u96c4\u5f01\u306b\u7269\u8a9e\u3063\u3066\u3044\u307e\u3059\u3002\u3053\u306e\u8857\u306e\u3042\u3089\u3086\u308b\u5674\u6c34\u3001\u6d74\u5834\u3001\u5e83\u5834\u306f\u3001\u8056\u306a\u308b\u3082\u306e\u3068\u4fd7\u4e16\u306e\u7e4b\u304c\u308a\u3092\u5f77\u5f7f\u3068\u3055\u305b\u307e\u3059\u3002\u8056\u30da\u30c6\u30ed\u306f\u4f1d\u7d71\u7684\u306b\u5929\u56fd\u3078\u306e\u9375\u306e\u756a\u4eba\u3067\u3042\u308a\u3001\u8eab\u4f53\u7684\u306a\u5b89\u3089\u304e\u3068\u5fc3\u306e\u5e73\u7a4f\u3092\u3082\u305f\u3089\u3059\u3068\u8003\u3048\u3089\u308c\u3066\u3044\u308b\u6c34\u306b\u305d\u306e\u540d\u3092\u51a0\u3057\u3066\u3044\u307e\u3059\u3002\u3057\u304b\u3057\u3001\u3053\u306e\u540d\u79f0\u306f\u3001\u3053\u306e\u8857\u3068\u96a3\u63a5\u3059\u308b\u30b5\u30f3\u30fb\u30da\u30c9\u30ed\u5e02\u3068\u306e\u5bc6\u63a5\u306a\u95a2\u4fc2\u3092\u6697\u793a\u3057\u3066\u3044\u307e\u3059\u30021940\u5e74\u4ee3\u306b\u8a08\u753b\u90fd\u5e02\u3068\u3057\u3066\u6307\u5b9a\u3055\u308c\u308b\u4ee5\u524d\u3001\u30b5\u30f3\u30fb\u30da\u30c9\u30ed\u5e02\u306f\u304b\u3064\u3066\u3053\u308c\u3089\u306e\u6cc9\u306e\u6240\u6709\u6a29\u3092\u4e3b\u5f35\u3057\u3066\u3044\u307e\u3057\u305f\u3002<\/p>\n<p>\u300c\u30a4\u30bf\u30b1\u30ea\u300d\u3068\u3044\u3046\u5730\u540d\u306f\u3001\u30c8\u30a5\u30d4\u30fb\u30b0\u30a2\u30e9\u30cb\u8a9e\u306b\u7531\u6765\u3057\u300c\u6a2a\u305f\u308f\u308b\u77f3\u300d\u3092\u610f\u5473\u3057\u307e\u3059\u3002\u30b5\u30f3\u30fb\u30da\u30c9\u30ed\u5ddd\u306b\u62b1\u304b\u308c\u305f\u4e18\u9675\u5730\u5e2f\u304c\u3001\u3086\u3063\u304f\u308a\u3068\u3001\u305d\u3057\u3066\u8f9b\u62b1\u5f37\u304f\u7bc9\u304b\u308c\u3066\u304d\u305f\u69d8\u5b50\u3092\u601d\u3044\u8d77\u3053\u3055\u305b\u307e\u3059\u3002\u56db\u65b9\u3092\u30b5\u30f3\u30fb\u30da\u30c9\u30ed\u5ddd\u306b\u56f2\u307e\u308c\u305f\u3053\u306e\u98db\u3073\u5730\u306f\u3001\u30d6\u30e9\u30b8\u30eb\u3067\u308f\u305a\u304b4\u3064\u3057\u304b\u306a\u3044\u3053\u306e\u3088\u3046\u306a\u5c0f\u3055\u306a\u753a\u306e\u4e00\u3064\u3067\u3042\u308a\u3001\u5b88\u3089\u308c\u305f\u5834\u6240\u3067\u3042\u308a\u306a\u304c\u3089\u3082\u72ec\u7279\u306e\u96f0\u56f2\u6c17\u3092\u91b8\u3057\u51fa\u3057\u3066\u3044\u307e\u3059\u3002\u5317\u6771\u306e\u30b8\u30e3\u30eb\u30c7\u30a3\u30f3\u30fb\u30b8\u30a7\u30eb\u30d3\u30a2\u30b5\u30d0\u3001\u6771\u306e\u30b8\u30e3\u30eb\u30c7\u30a3\u30f3\u30fb\u30a4\u30dd\u30e9\u30f3\u30ac\u3001\u4e2d\u5fc3\u90e8\u306e\u30bb\u30f3\u30c8\u30ed\u3001\u305d\u3057\u3066\u5357\u306e\u30b8\u30e3\u30eb\u30c7\u30a3\u30f3\u30fb\u30dd\u30e9\u30f3\u30ac\u30d0\u3068\u3044\u30464\u3064\u306e\u5730\u533a\u306f\u3001\u5fe0\u8aa0\u5fc3\u3001\u5ddd\u3001\u305d\u3057\u3066\u5e83\u5927\u306a\u5c55\u671b\u3092\u60f3\u8d77\u3055\u305b\u308b\u30c8\u30a5\u30d4\u30fb\u30b0\u30a2\u30e9\u30cb\u8a9e\u306e\u540d\u524d\u3092\u51a0\u3057\u3066\u3044\u307e\u3059\u3002\u65e5\u9670\u306e\u4f4f\u5b85\u8857\u304b\u3089\u30bb\u30f3\u30c8\u30ed\u306e\u5e83\u5834\u306b\u8db3\u3092\u8e0f\u307f\u5165\u308c\u308b\u3068\u3001\u601d\u3044\u304c\u3051\u305a\u3001\u8fd1\u304f\u306e\u5674\u6c34\u306e\u9759\u304b\u306a\u97f3\u304c\u771f\u663c\u306e\u3072\u3068\u3068\u304d\u3055\u3048\u3082\u67d4\u3089\u304b\u306a\u5149\u306b\u5305\u307e\u308c\u307e\u3059\u3002<\/p>\n<p>\u5e74\u9593\u5e73\u5747\u6c17\u6e29\u304c22.4\u2103\uff0872.3\u2109\uff09\u306e\u3053\u306e\u5730\u306e\u7a7a\u6c17\u306f\u3001\u82bd\u5439\u304d\u3084\u6e21\u308a\u9ce5\u3092\u8a98\u3044\u51fa\u3059\u306e\u306b\u3061\u3087\u3046\u3069\u826f\u3044\u6696\u304b\u3055\u3092\u4fdd\u3061\u306a\u304c\u3089\u3001\u590f\u306e\u307e\u3076\u3057\u3055\u304c\u9577\u5f15\u304f\u3053\u3068\u3082\u3042\u308a\u307e\u305b\u3093\u3002\u753a\u4e2d\u306b\u306f\u5e83\u5927\u306a\u68ee\u6797\u304c\u518d\u690d\u6797\u3055\u308c\u3001\u4eba\u9593\u306e\u8db3\u8de1\u3068\u5728\u6765\u690d\u7269\u3092\u7d50\u3073\u3064\u3051\u308b\u610f\u56f3\u7684\u306a\u9078\u629e\u3068\u306a\u3063\u3066\u3044\u307e\u3059\u3002\u3053\u308c\u3089\u306e\u7dd1\u306e\u5e79\u7dda\u9053\u8def\u306f\u30012\u3064\u306e\u4e3b\u8981\u306a\u516c\u5712\u3068\u3053\u3062\u3093\u307e\u308a\u3068\u3057\u305f\u5e02\u55b6\u5ead\u5712\u3078\u3068\u7d9a\u3044\u3066\u3044\u307e\u3059\u3002\u305d\u308c\u305e\u308c\u306e\u516c\u5712\u306f\u3001\u5730\u5143\u306e\u4eba\u3005\u304c\u6563\u6b69\u3084\u30b8\u30e7\u30ae\u30f3\u30b0\u3092\u3057\u305f\u308a\u3001\u843d\u3061\u8449\u306e\u4e2d\u3092\u8df3\u306d\u56de\u308b\u30cf\u30ca\u30b0\u30de\u3092\u773a\u3081\u305f\u308a\u3068\u3001\u61a9\u3044\u306e\u5834\u3068\u306a\u3063\u3066\u3044\u307e\u3059\u3002<\/p>\n<p>\u30c9\u30af\u30bf\u30fc\u30fb\u30aa\u30af\u30bf\u30d3\u30aa\u30fb\u30e2\u30a6\u30e9\u30fb\u30a2\u30f3\u30c9\u30e9\u30fc\u30c7\u516c\u5712\u306f\u3001100\u4e07\u5e73\u65b9\u30e1\u30fc\u30c8\u30eb\u3092\u8d85\u3048\u308b\u6577\u5730\u306b\u3001\u5168\u95776.5\u30ad\u30ed\u30e1\u30fc\u30c8\u30eb\u300116\u306e\u6a19\u8b58\u4ed8\u304d\u30c8\u30ec\u30a4\u30eb\u304c\u6574\u5099\u3055\u308c\u3066\u3044\u307e\u3059\u3002\u30eb\u30fc\u30c8\u6cbf\u3044\u306b\u306f\u3001\u7d04250\u7a2e\u306e\u9ce5\u304c\u30a2\u30ca\u30ca\u30b9\u3084\u30b7\u30c0\u306e\u9593\u3092\u98db\u3073\u4ea4\u3044\u3001\u305d\u306e\u9cf4\u304d\u58f0\u306f\u9031\u672b\u306e\u30cf\u30a4\u30ad\u30f3\u30b0\u3092\u697d\u3057\u3080\u4eba\u3005\u306eBGM\u3068\u306a\u3063\u3066\u3044\u307e\u3059\u3002\u6642\u6298\u3001\u4e0b\u8349\u304c\u5272\u308c\u3001\u30cf\u30ca\u30b0\u30de\u306e\u8b66\u6212\u5fc3\u306e\u5f37\u3044\u8996\u7dda\u304c\u59ff\u3092\u73fe\u3057\u307e\u3059\u3002\u30cf\u30ca\u30b0\u30de\u306f\u8a2a\u554f\u8005\u3092\u7aba\u3044\u3001\u7d61\u307f\u5408\u3063\u305f\u4f4e\u3044\u679d\u306e\u4e0b\u306b\u96a0\u308c\u3066\u3044\u304d\u307e\u3059\u3002\u8857\u306e\u53cd\u5bfe\u5074\u306b\u3042\u308b\u300c\u30db\u30bb\u30fb\u30d9\u30cd\u30c7\u30a3\u30fc\u30c8\u30fb\u30b6\u30cb\u300d\u516c\u5712\u306f\u30016,400\u5e73\u65b9\u30e1\u30fc\u30c8\u30eb\u306e\u6577\u5730\u306b\u69d8\u3005\u306a\u30a2\u30af\u30c6\u30a3\u30d3\u30c6\u30a3\u3092\u51dd\u7e2e\u3057\u3066\u304a\u308a\u3001\u6d3b\u6c17\u306b\u6e80\u3061\u305f\u30b9\u30b1\u30fc\u30c8\u30e9\u30f3\u30d7\u3001\u5468\u56f2\u3092\u8d70\u308b\u6728\u88fd\u306e\u81ea\u8ee2\u8eca\u30c8\u30e9\u30c3\u30af\u3001\u305d\u3057\u3066\u5c4b\u5916\u30b8\u30e0\u3067\u306e\u30c8\u30ec\u30fc\u30cb\u30f3\u30b0\u5f8c\u306b\u9ad8\u9f62\u8005\u304c\u96c6\u307e\u308b\u30d9\u30f3\u30c1\u306a\u3069\u304c\u8a2d\u7f6e\u3055\u308c\u3066\u3044\u307e\u3059\u3002<\/p>\n<p>\u786b\u9ec4\u3092\u542b\u307f\u3001\u30df\u30cd\u30e9\u30eb\u3092\u8c4a\u5bcc\u306b\u542b\u307f\u3001\u305d\u306e\u5965\u6df1\u304f\u306b\u79d8\u3081\u3089\u308c\u305f\u795e\u79d8\u7684\u306a\u6c34\u2015\u2015\u305d\u308c\u304c\u30a2\u30b0\u30a2\u30b9\u30fb\u30c7\u30fb\u30b5\u30f3\u30fb\u30da\u30c9\u30ed\u3092\u3042\u3089\u3086\u308b\u65c5\u884c\u8005\u306e\u5730\u56f3\u306b\u8f09\u305b\u308b\u7406\u7531\u3067\u3059\u3002\u30b5\u30f3\u30d1\u30a6\u30ed\u5dde\u306f\u3001\u305d\u306e\u6e29\u6cc9\u306e\u52b9\u80fd\u3092\u9ad8\u304f\u8a55\u4fa1\u3057\u3001\u3053\u306e\u5730\u57df\u3067\u308f\u305a\u304b11\u304b\u6240\u3057\u304b\u306a\u3044\u6c34\u8cea\u30df\u30cd\u30e9\u30eb\u6e29\u6cc9\u306e1\u3064\u3068\u3057\u3066\u3001\u516c\u5f0f\u306b\u8a8d\u5b9a\u3057\u3066\u3044\u307e\u3059\u30023\u3064\u306e\u4e95\u6238\u304c\u6df1\u3044\u7e26\u5751\u304b\u3089\u6c72\u307f\u4e0a\u3052\u3089\u308c\u3066\u3044\u307e\u3059\u3002<\/p>\n<ul>\n<li>\u30d5\u30a9\u30f3\u30c6\u30fb\u30b8\u30e5\u30f4\u30a7\u30f3\u30c8\u30a5\u30fc\u30c7\u306f\u5730\u4e0b348.59\u30e1\u30fc\u30c8\u30eb\u304b\u3089\u6e67\u304d\u51fa\u3057\u3001\u4e16\u754c\u30672\u756a\u76ee\u306b\u786b\u9ec4\u542b\u6709\u91cf\u304c\u9ad8\u304f\u3001\u5357\u5317\u30a2\u30e1\u30ea\u30ab\u5927\u9678\u3067\u6700\u3082\u5f37\u529b\u306a\u6e29\u6cc9\u3068\u3057\u3066\u77e5\u3089\u308c\u3066\u3044\u307e\u3059\u3002\u8a2a\u308c\u308b\u4eba\u3005\u306f\u3001\u5375\u306e\u3088\u3046\u306a\u9999\u308a\u306e\u3059\u308b\u6fc3\u3044\u6e6f\u306b\u6d78\u304b\u308a\u3001\u30b9\u30ad\u30f3\u30b1\u30a2\u3084\u6e29\u6c34\u6d74\u3067\u6bdb\u7a74\u306b\u307b\u306e\u304b\u306a\u30c4\u30e4\u3092\u4e0e\u3048\u307e\u3059\u3002<\/li>\n<li>\u786b\u9178\u30ca\u30c8\u30ea\u30a6\u30e0\u3067\u7279\u5fb4\u3065\u3051\u3089\u308c\u308b\u30d5\u30a9\u30f3\u30c6\u30fb\u30b8\u30e7\u30b3\u30f3\u30c0\u306f\u3001\u8efd\u3044\u5869\u5473\u3068\u820c\u3092\u30d4\u30ea\u30d4\u30ea\u3055\u305b\u308b\u307b\u306e\u304b\u306a\u9244\u5206\u304c\u7279\u5fb4\u3067\u3001\u6d88\u5316\u4e0d\u826f\u306e\u4eba\u306b\u4eba\u6c17\u3067\u3059\u3002<\/li>\n<li>\u30d5\u30a9\u30f3\u30c6 \u30a2\u30eb\u30e1\u30a4\u30c0 \u30b5\u30ec\u30b9\u306f\u300120 \u4e16\u7d00\u521d\u982d\u306e\u8a18\u9332\u8005\u30b5\u30ec\u30b9\u535a\u58eb\u306b\u3061\u306a\u3093\u3067\u540d\u4ed8\u3051\u3089\u308c\u307e\u3057\u305f\u3002\u30b5\u30ec\u30b9\u535a\u58eb\u306f\u3001\u3053\u306e\u6e29\u6cc9\u306b\u542b\u307e\u308c\u308b\u91cd\u70ad\u9178\u30ca\u30c8\u30ea\u30a6\u30e0\u306b\u6ce8\u76ee\u3057\u3001\u809d\u81d3\u3084\u80c3\u306e\u75c5\u6c17\u306b\u51e6\u65b9\u3057\u307e\u3057\u305f\u3002<\/li>\n<\/ul>\n<p>\u9577\u671f\u4f11\u6687\u4e2d\u306f\u3001\u6700\u59273\u4e07\u4eba\u304c\u3053\u308c\u3089\u306e\u901a\u308a\u3092\u6b69\u304d\u56de\u308a\u307e\u3059\u3002\u3053\u308c\u306f\u4f4f\u5b85\u5730\u4eba\u53e3\u306e\u7d0410\u500d\u306b\u76f8\u5f53\u3057\u3001\u901a\u5e38\u306e\u9031\u672b\u306b\u306f\u305d\u306e4\u500d\u306e\u4eba\u53e3\u306b\u9054\u3059\u308b\u3053\u3068\u3082\u3042\u308a\u307e\u3059\u3002\u7279\u306b\u30ab\u30fc\u30cb\u30d0\u30eb\u3067\u306f\u3001\u5730\u5143\u306e\u5546\u5e97\u3001\u30ec\u30b9\u30c8\u30e9\u30f3\u3001\u6d74\u5834\u306b\u6570\u767e\u4e07\u30ec\u30a2\u30eb\u3082\u306e\u304a\u91d1\u304c\u6d41\u308c\u8fbc\u307f\u307e\u3059\u3002<\/p>\n<p>\u30a2\u30b0\u30a2\u30b9\u30fb\u30c7\u30fb\u30b5\u30f3\u30fb\u30da\u30c9\u30ed\u306f\u3001\u8fb2\u696d\u5730\u5e2f\u3068\u547c\u3079\u308b\u307b\u3069\u306e\u80cc\u5f8c\u5730\u3092\u6301\u305f\u306a\u3044\u305f\u3081\u3001\u30b5\u30fc\u30d3\u30b9\u696d\u4e2d\u5fc3\u306e\u7d4c\u6e08\u306b\u4f9d\u5b58\u3057\u3066\u3044\u307e\u3059\u30022016\u5e74\u306eGDP\u306f1\u51043,261\u4e076,500\u30ec\u30a2\u30eb\u306b\u9054\u3057\u3001\u4e00\u4eba\u5f53\u305f\u308a\u306eGDP\u306f4\u4e071,378.02\u30ec\u30a2\u30eb\u3068\u5065\u5168\u306a\u6c34\u6e96\u3067\u3059\u3002\u6728\u9670\u306e\u901a\u308a\u306b\u306f\u30db\u30c6\u30eb\u304c\u7acb\u3061\u4e26\u3073\u3001\u30ab\u30d5\u30a7\u3067\u306f\u30d6\u30e9\u30c3\u30af\u30b3\u30fc\u30d2\u30fc\u3068\u30b0\u30a2\u30d0\u306e\u30da\u30b9\u30c8\u30ea\u30fc\u3092\u53e4\u304d\u826f\u304d\u30d1\u30b9\u30c6\u30e9\u30ea\u30a2\u98a8\u306b\u8ca9\u58f2\u3057\u3066\u3044\u307e\u3059\u3002\u5c0f\u3055\u306a\u30d6\u30c6\u30a3\u30c3\u30af\u3067\u306f\u3001\u6728\u5f6b\u308a\u306e\u5de5\u82b8\u54c1\u3001\u30dc\u30c8\u30eb\u5165\u308a\u306e\u5929\u7136\u6c34\u3001\u30e6\u30fc\u30ab\u30ea\u3084\u30e9\u30d9\u30f3\u30c0\u30fc\u306e\u9999\u308a\u306e\u624b\u4f5c\u308a\u77f3\u9e78\u306a\u3069\u304c\u58f2\u3089\u308c\u3066\u3044\u307e\u3059\u3002\u3042\u3089\u3086\u308b\u53d6\u5f15\u306b\u304a\u3044\u3066\u3001\u7e41\u6804\u306f\u571f\u5730\u306e\u643e\u53d6\u3067\u306f\u306a\u304f\u3001\u5e0c\u5c11\u8cc7\u6e90\u306e\u7ba1\u7406\u304b\u3089\u751f\u307e\u308c\u308b\u3068\u3044\u3046\u610f\u8b58\u304c\u611f\u3058\u3089\u308c\u307e\u3059\u3002<\/p>\n<p>\u30a2\u30b0\u30a2\u30b9\u30fb\u30c7\u30fb\u30b5\u30f3\u30fb\u30da\u30c9\u30ed\u306f\u3001\u305d\u306e\u5c0f\u3055\u306a\u898f\u6a21\u306b\u3082\u304b\u304b\u308f\u3089\u305a\u3001\u3042\u308b\u3044\u306f\u305d\u306e\u898f\u6a21\u3086\u3048\u306b\u3001\u4eba\u9593\u958b\u767a\u6307\u65700.854\u3092\u8a87\u308a\u3001\u5dde\u304a\u3088\u3073\u5168\u7c73\u3067\u7b2c2\u4f4d\u306b\u30e9\u30f3\u30af\u3055\u308c\u3066\u3044\u307e\u3059\u3002\u8a3a\u7642\u6240\u306f\u6642\u9593\u53b3\u5b88\u3067\u52b9\u7387\u7684\u306b\u904b\u55b6\u3055\u308c\u3001\u5b66\u6821\u3067\u306f\u6749\u3084\u30b8\u30e3\u30ab\u30e9\u30f3\u30c0\u306e\u6728\u3005\u306e\u4e0b\u3067\u306e\u91ce\u5916\u6388\u696d\u304c\u5968\u52b1\u3055\u308c\u3066\u3044\u307e\u3059\u3002\u901a\u308a\u306f\u7de9\u3084\u304b\u306a\u4e0a\u308a\u5742\u3067\u3001\u5915\u66ae\u308c\u6642\u306b\u304a\u8f9e\u5100\u3092\u3059\u308b\u30c0\u30f3\u30b5\u30fc\u306e\u3088\u3046\u306b\u30a2\u30fc\u30c1\u3092\u63cf\u304f\u8857\u706f\u304c\u706f\u3063\u3066\u3044\u307e\u3059\u3002\u65e9\u671d\u3001\u5e02\u55b6\u30d1\u30f3\u5c4b\u306b\u306f\u958b\u5e97\u524d\u304b\u3089\u884c\u5217\u304c\u3067\u304d\u3001\u5730\u5143\u306e\u4eba\u3005\u304c\u516c\u5712\u3067\u76ee\u6483\u3057\u305f\u91ce\u751f\u52d5\u7269\u306e\u60c5\u5831\u3092\u4ea4\u63db\u3057\u3066\u3044\u307e\u3059\u3002<\/p>\n<p>\u3053\u3053\u3067\u306f\u6642\u9593\u304c\u3086\u3063\u304f\u308a\u3068\u6d41\u308c\u308b\u3088\u3046\u306b\u611f\u3058\u308b\u3002\u786b\u9ec4\u306e\u9999\u308a\u306b\u5305\u307e\u308c\u305f\u6e29\u6cc9\u306b\u6d78\u304b\u308b\u3068\u3001\u771f\u663c\u306e\u592a\u967d\u306f\u3088\u308a\u67d4\u3089\u304b\u304f\u611f\u3058\u3089\u308c\u308b\u3002\u30b8\u30a7\u30eb\u30d3\u30a2\u30b5\u30d0\u5ead\u5712\u304b\u3089\u30bb\u30f3\u30c8\u30ed\u307e\u3067\u6b69\u304f\u3060\u3051\u3067\u3082\u3001\u5e02\u55b6\u5ead\u5712\u3067\u4e00\u606f\u3064\u304f\u5fc5\u8981\u304c\u3042\u308b\u3002\u30e4\u30b7\u306e\u6728\u3068\u862d\u306e\u9759\u5bc2\u304c\u3001\u901a\u308a\u904e\u304e\u308b\u8eca\u306e\u97f3\u3092\u304b\u304d\u6d88\u3057\u3066\u304f\u308c\u308b\u3002\u3069\u3093\u306a\u306b\u6025\u3044\u3067\u3044\u308b\u89b3\u5149\u5ba2\u3067\u3055\u3048\u3001\u8857\u306e\u3086\u3063\u305f\u308a\u3068\u3057\u305f\u30da\u30fc\u30b9\u306b\u5408\u308f\u305b\u3001\u3064\u3044\u3064\u3044\u30da\u30fc\u30b9\u3092\u843d\u3068\u3057\u3066\u3057\u307e\u3046\u3002<\/p>\n<p>\u30a2\u30b0\u30a2\u30b9\u30fb\u30c7\u30fb\u30b5\u30f3\u30fb\u30da\u30c9\u30ed\u306e\u6839\u5e95\u306b\u306f\u3001\u3042\u308b\u7d04\u675f\u304c\u3042\u308a\u307e\u3059\u3002\u305d\u308c\u306f\u3001\u7e41\u6804\u3059\u308b\u305f\u3081\u306b\u306f\u5fc5\u305a\u3057\u3082\u5e83\u5927\u306a\u571f\u5730\u3067\u3042\u308b\u5fc5\u8981\u306f\u306a\u3044\u3001\u3068\u3044\u3046\u3053\u3068\u3067\u3059\u3002\u304b\u3064\u3066\u8a08\u753b\u90fd\u5e02\u306e\u8d77\u7206\u5264\u3068\u306a\u3063\u305f\u6e29\u6cc9\u306f\u3001\u4eca\u3084\u81ea\u7136\u3068\u90fd\u5e02\u751f\u6d3b\u3001\u5730\u5143\u306e\u30cb\u30fc\u30ba\u3068\u89b3\u5149\u5ba2\u306e\u885d\u52d5\u306e\u9593\u3067\u3001\u7d76\u3048\u9593\u306a\u3044\u30d0\u30e9\u30f3\u30b9\u306e\u8a66\u307f\u3092\u652f\u3048\u3066\u3044\u307e\u3059\u3002\u9759\u304b\u306a\u3072\u3068\u3068\u304d\u3092\u904e\u3054\u3057\u3066\u3044\u308b\u3046\u3061\u306b\u3001\u65e5\u9670\u306e\u5c0f\u9053\u3092\u3086\u3063\u305f\u308a\u3068\u6b69\u304f\u8001\u592b\u5a66\u3092\u898b\u304b\u3051\u308b\u304b\u3082\u3057\u308c\u307e\u305b\u3093\u3002\u5f7c\u3089\u306f\u3001\u8217\u88c5\u304c\u307e\u3060\u65b0\u3057\u304f\u3001\u6700\u521d\u306e\u6e29\u6cc9\u65bd\u8a2d\u304c\u5efa\u3066\u3089\u308c\u305f\u9803\u3092\u61d0\u304b\u3057\u3093\u3067\u3044\u308b\u304b\u3082\u3057\u308c\u307e\u305b\u3093\u3002\u3042\u308b\u3044\u306f\u3001\u82e5\u3044\u30ac\u30a4\u30c9\u304c\u3001\u8056\u30da\u30c6\u30ed\u304c\u3053\u306e\u4e18\u3092\u8a2a\u308c\u305f\u3068\u3044\u3046\u4f1d\u8aac\u3092\u8a9e\u308b\u306e\u3092\u8033\u306b\u3059\u308b\u304b\u3082\u3057\u308c\u307e\u305b\u3093\u3002\u7652\u3057\u306e\u6c34\u306e\u6d41\u308c\u306b\u3088\u3063\u3066\u77f3\u304c\u6d6e\u304d\u5f6b\u308a\u306b\u3055\u308c\u3066\u3044\u308b\u306e\u3067\u3059\u3002<\/p>\n<p>\u3053\u3046\u3057\u305f\u5c0f\u8a71\u306e\u4e2d\u3067\u3001\u3053\u306e\u753a\u306f\u5358\u306a\u308b\u5730\u56f3\u4e0a\u306e\u70b9\u3067\u306f\u306a\u304f\u3001\u8a18\u61b6\u3068\u65e5\u5e38\u306e\u96c6\u7a4d\u3068\u3057\u3066\u59ff\u3092\u73fe\u3059\u3002\u6e29\u6cc9\u304b\u3089\u7acb\u3061\u4e0a\u308b\u6e6f\u6c17\u306e\u30b7\u30e5\u30fc\u3068\u3044\u3046\u97f3\u3001\u30b7\u30c0\u306e\u7d68\u6bef\u306b\u8986\u308f\u308c\u305f\u5c0f\u9053\u306e\u4e0a\u3092\u98db\u3076\u7fbd\u3070\u305f\u304d\u306e\u97f3\u3001\u671d\u306e\u30ab\u30d5\u30a7\u3067\u30ab\u30c3\u30d7\u304c\u898f\u5247\u6b63\u3057\u304f\u9cf4\u308b\u97f3\u3002\u3053\u3046\u3057\u305f\u7e4a\u7d30\u306a\u97f3\u8272\u304c\u3001\u3053\u306e\u5730\u306e\u4eba\u751f\u306e\u5927\u304d\u306a\u65cb\u5f8b\u3092\u594f\u3067\u3066\u3044\u308b\u3002\u3082\u3057\u5916\u306e\u4e16\u754c\u304c\u307e\u3059\u307e\u3059\u843d\u3061\u7740\u304d\u304c\u306a\u304f\u5e83\u5927\u306b\u601d\u3048\u308b\u3068\u3057\u3066\u3082\u3001\u30b5\u30f3\u30fb\u30da\u30c9\u30ed\u6c34\u8def\u306f\u305d\u306e\u5c0f\u3055\u3055\u3086\u3048\u306b\u3001\u8c4a\u304b\u3055\u306f\u5927\u304d\u3055\u3084\u9a12\u97f3\u3067\u306f\u306a\u304f\u3001\u4eba\u751f\u306e\u5965\u6df1\u3055\u306b\u3042\u308b\u3053\u3068\u3092\u79c1\u305f\u3061\u306b\u601d\u3044\u51fa\u3055\u305b\u3066\u304f\u308c\u308b\u3002<\/p>","protected":false},"excerpt":{"rendered":"<p>Although small, the little municipality of \u00c1guas de S\u00e3o Pedro in S\u00e3o Paulo state, Brazil, deserves appreciation. Just 3.61 square kilometers, it is the second-smallest municipality in Brazil by area. The urban enclave claimed 3,521 residents as of 2020. Notwithstanding its small population, \u00c1guas de S\u00e3o Pedro has developed a reputation for great quality of living, a rich historical history, and a booming tourism industry based on its famous thermal springs.<\/p>","protected":false},"author":1,"featured_media":17515,"parent":7508,"menu_order":0,"comment_status":"closed","ping_status":"closed","template":"elementor_theme","meta":{"_eb_attr":"","footnotes":""},"class_list":["post-17417","page","type-page","status-publish","has-post-thumbnail"],"_links":{"self":[{"href":"https:\/\/travelshelper.com\/ja\/wp-json\/wp\/v2\/pages\/17417","targetHints":{"allow":["GET"]}}],"collection":[{"href":"https:\/\/travelshelper.com\/ja\/wp-json\/wp\/v2\/pages"}],"about":[{"href":"https:\/\/travelshelper.com\/ja\/wp-json\/wp\/v2\/types\/page"}],"author":[{"embeddable":true,"href":"https:\/\/travelshelper.com\/ja\/wp-json\/wp\/v2\/users\/1"}],"replies":[{"embeddable":true,"href":"https:\/\/travelshelper.com\/ja\/wp-json\/wp\/v2\/comments?post=17417"}],"version-history":[{"count":0,"href":"https:\/\/travelshelper.com\/ja\/wp-json\/wp\/v2\/pages\/17417\/revisions"}],"up":[{"embeddable":true,"href":"https:\/\/travelshelper.com\/ja\/wp-json\/wp\/v2\/pages\/7508"}],"wp:featuredmedia":[{"embeddable":true,"href":"https:\/\/travelshelper.com\/ja\/wp-json\/wp\/v2\/media\/17515"}],"wp:attachment":[{"href":"https:\/\/travelshelper.com\/ja\/wp-json\/wp\/v2\/media?parent=17417"}],"curies":[{"name":"wp","href":"https:\/\/api.w.org\/{rel}","templated":true}]}}