{"id":9800,"date":"2024-09-08T23:47:48","date_gmt":"2024-09-08T23:47:48","guid":{"rendered":"https:\/\/travelshelper.com\/staging\/?page_id=9800"},"modified":"2026-03-13T22:57:40","modified_gmt":"2026-03-13T22:57:40","slug":"suva","status":"publish","type":"page","link":"https:\/\/travelshelper.com\/it\/destinations\/australia-and-oceania\/fiji\/suva\/","title":{"rendered":"Suva"},"content":{"rendered":"<p>Suva \u00e8 sia la capitale che la citt\u00e0 pi\u00f9 grande delle Figi. Funge da snodo centrale della pi\u00f9 grande area metropolitana del paese e ne \u00e8 il porto principale. Suva, situata sulla costa sud-orientale di Viti Levu, l&#039;isola pi\u00f9 grande delle Figi, si trova nella provincia di Rewa, nella Divisione Centrale. Questa citt\u00e0 rappresenta una combinazione di importanza storica e vitalit\u00e0 contemporanea, che la rende un sito cruciale nel Pacifico meridionale.<\/p>\n<p>La designazione di Suva come capitale delle Figi inizi\u00f2 nel 1877, in seguito al suo trasferimento da Levuka, che all&#039;epoca era il principale insediamento coloniale europeo. I vincoli geografici di Levuka, situata tra ripide montagne e il mare, rendevano l&#039;espansione impraticabile. Nel 1882, l&#039;amministrazione fu ufficialmente trasferita a Suva, dando inizio al suo ruolo di centro di governo e sviluppo delle Figi.<\/p>\n<p>Secondo il censimento del 2017, la popolazione di Suva era di 93.970 abitanti. L&#039;area metropolitana, insieme ai suoi sobborghi autonomi, contava 185.913 abitanti. La popolazione urbana, sommata a quella delle citt\u00e0 adiacenti di Lami, Nasinu e Nausori, raggiunge circa 330.000 abitanti, rappresentando oltre un terzo della popolazione totale delle Figi. Il complesso urbano noto come corridoio Suva-Nausori sottolinea l&#039;importanza di Suva come polo centrale all&#039;interno del tessuto urbano delle Figi.<\/p>\n<p>Suva \u00e8 sia il centro politico che la capitale economica e culturale delle Figi. La citt\u00e0 ospita le sedi regionali di numerose aziende internazionali, agenzie e missioni diplomatiche. La citt\u00e0 si distingue per il suo vivace panorama artistico e per lo spettacolo e sta guadagnando fama come capitale della moda del Pacifico meridionale. Siti storici che mettono in risalto il patrimonio coloniale di Suva, come la Suva City Carnegie Library e il complesso governativo, arricchiscono l&#039;ambiente culturale della citt\u00e0.<\/p>\n<p>Suva sorge su una penisola collinare che circonda un porto, adiacente alla baia di Laucala e al porto di Suva. Le montagne a nord e a ovest intercettano gli alisei di sud-est, garantendo un clima costantemente umido durante tutto l&#039;anno. Nonostante la vicinanza all&#039;oceano, la costa di Suva \u00e8 caratterizzata da una vegetazione di mangrovie, con Pacific Harbour come spiaggia pi\u00f9 vicina. Il contesto geografico distintivo accresce il fascino e l&#039;identit\u00e0 di Suva.<\/p>\n<p>Suva \u00e8 caratterizzata da una composizione culturale diversificata, composta prevalentemente da indigeni figiani e indo-figiani. La citt\u00e0 ospita diverse minoranze etniche, come rotumani, lauani, europei e cinesi. La diversit\u00e0 linguistica a Suva \u00e8 evidente, con l&#039;inglese, il figiano e l&#039;hindi figiano come lingue predominanti.<\/p>\n<p>La citt\u00e0 \u00e8 un importante polo educativo e ospita il campus principale dell&#039;Universit\u00e0 del Pacifico del Sud (USP). Questa istituzione attrae studenti da diverse regioni del Pacifico, accrescendo cos\u00ec la diversit\u00e0 culturale di Suva. Il Museo delle Fiji, situato nei Giardini Thurston, offre una panoramica della vasta storia e cultura delle Fiji, ospitando la pi\u00f9 grande collezione di manufatti fijiani al mondo.<\/p>\n<p>L&#039;emergere di centri commerciali contemporanei come il Suva Central Shopping Mall e il TappooCity, che conferiscono alla citt\u00e0 un&#039;estetica moderna, caratterizza il paesaggio urbano di Suva come un luogo in continua evoluzione. L&#039;integrazione di questi sviluppi con aree commerciali tradizionali come Cumming Street crea una giustapposizione di elementi storici e contemporanei, contribuendo a rendere Suva un centro urbano dinamico e sofisticato.<\/p>","protected":false},"excerpt":{"rendered":"<p>Suva \u00e8 sia la capitale che la citt\u00e0 pi\u00f9 grande delle Figi. Funge da snodo centrale della pi\u00f9 grande area metropolitana del paese e ne \u00e8 il porto principale. Suva, situata sulla costa sud-orientale di Viti Levu, l&#039;isola pi\u00f9 grande delle Figi, si trova nella provincia di Rewa, nella Divisione Centrale. Questa citt\u00e0 rappresenta una combinazione di importanza storica e vitalit\u00e0 contemporanea, che la rende un sito cruciale nel Pacifico meridionale.<\/p>","protected":false},"author":1,"featured_media":3855,"parent":9785,"menu_order":0,"comment_status":"closed","ping_status":"closed","template":"elementor_theme","meta":{"_eb_attr":"","footnotes":""},"class_list":["post-9800","page","type-page","status-publish","has-post-thumbnail"],"_links":{"self":[{"href":"https:\/\/travelshelper.com\/it\/wp-json\/wp\/v2\/pages\/9800","targetHints":{"allow":["GET"]}}],"collection":[{"href":"https:\/\/travelshelper.com\/it\/wp-json\/wp\/v2\/pages"}],"about":[{"href":"https:\/\/travelshelper.com\/it\/wp-json\/wp\/v2\/types\/page"}],"author":[{"embeddable":true,"href":"https:\/\/travelshelper.com\/it\/wp-json\/wp\/v2\/users\/1"}],"replies":[{"embeddable":true,"href":"https:\/\/travelshelper.com\/it\/wp-json\/wp\/v2\/comments?post=9800"}],"version-history":[{"count":0,"href":"https:\/\/travelshelper.com\/it\/wp-json\/wp\/v2\/pages\/9800\/revisions"}],"up":[{"embeddable":true,"href":"https:\/\/travelshelper.com\/it\/wp-json\/wp\/v2\/pages\/9785"}],"wp:featuredmedia":[{"embeddable":true,"href":"https:\/\/travelshelper.com\/it\/wp-json\/wp\/v2\/media\/3855"}],"wp:attachment":[{"href":"https:\/\/travelshelper.com\/it\/wp-json\/wp\/v2\/media?parent=9800"}],"curies":[{"name":"wp","href":"https:\/\/api.w.org\/{rel}","templated":true}]}}