{"id":9779,"date":"2024-09-08T23:26:08","date_gmt":"2024-09-08T23:26:08","guid":{"rendered":"https:\/\/travelshelper.com\/staging\/?page_id=9779"},"modified":"2026-03-13T23:07:55","modified_gmt":"2026-03-13T23:07:55","slug":"honiara","status":"publish","type":"page","link":"https:\/\/travelshelper.com\/it\/destinations\/australia-and-oceania\/solomon-islands\/honiara\/","title":{"rendered":"Honiara"},"content":{"rendered":"<p>Honiara, la vivace capitale delle Isole Salomone, si trova sulla costa settentrionale di Guadalcanal. La citt\u00e0 principale delle Isole Salomone, Honiara, \u00e8 nota per il suo ricco passato e la sua cultura variegata. La popolazione attuale \u00e8 di 92.344 abitanti. Questa vivace citt\u00e0 \u00e8 un alveare di attivit\u00e0 con un mix unico di valore storico e moderna espansione.<\/p>\n<p>Posizionata strategicamente lungo la Kukum Highway, Honiara \u00e8 facilmente raggiungibile in aereo e in barca. Importanti snodi di trasporto nazionali e internazionali che consentono il flusso di persone e prodotti includono l&#039;Aeroporto Internazionale di Honiara e il Porto di Point Cruz. Costituitasi come territorio capitale nel 1983, la citt\u00e0 vanta un&#039;area metropolitana di 22 chilometri quadrati. Oggi Honiara \u00e8 il capoluogo della provincia di Guadalcanal e gode dell&#039;autonomia provinciale.<\/p>\n<p>I principali eventi storici, in particolare la Seconda Guerra Mondiale, hanno plasmato in modo irreversibile la storia di Honiara. Durante la campagna di Guadalcanal, in particolare la battaglia di Henderson Field del 1942, l&#039;area dell&#039;aeroporto a est della citt\u00e0 fu un sito cruciale. Le truppe statunitensi e giapponesi si impegnarono in questa lotta, con la vittoria delle prime. Questa vittoria, che rappresent\u00f2 un punto di svolta decisivo e port\u00f2 infine al trionfo degli Alleati, fu cruciale per l&#039;area del Pacifico.<\/p>\n<p>Dopo la guerra, il ruolo di Honiara cambi\u00f2 quando, nel 1952, divenne la nuova sede amministrativa del Protettorato britannico delle Isole Salomone. La costruzione di numerosi edifici governativi sottoline\u00f2 questo cambiamento e acceler\u00f2 la crescita demografica e lo sviluppo municipale.<\/p>\n<p>Nonostante la sua espansione, Honiara ha dovuto affrontare numerose sfide, tra cui disordini politici e violenze etniche. I primi anni 2000 e la fine degli anni &#039;90 sono stati piuttosto turbolenti. Rappresentando alternativamente i Malaitani e i residenti di Guadalcanal, la Malaita Eagle Force (MEF) e l&#039;Isatabu Freedom Movement (IFM) si sono impegnati in sanguinose battaglie dopo un tentativo di colpo di stato nel giugno 2000. Sebbene fosse stato raggiunto un patto di pace nell&#039;ottobre 2000, la violenza \u00e8 nuovamente scoppiata nel marzo 2002, uccidendo due diplomatici neozelandesi e molte altre persone.<\/p>\n<p>La situazione era peggiorata notevolmente nel luglio 2003; pertanto, il governo delle Isole Salomone chiese alla Missione di Assistenza Regionale per le Isole Salomone (RAMSI) di contribuire al ripristino della pace. Questa missione, che includeva diverse nazioni del Pacifico e l&#039;Australia come capo missione, fu fondamentale per il ripristino della stabilit\u00e0 regionale.<\/p>\n<p>Dopo la nomina di Snyder Rini a Primo Ministro, Honiara visse un altro periodo di sconvolgimenti nel 2006. Scoppiarono rivolte, che demolirono intere zone di Chinatown e lasciarono senza casa circa 1.000 residenti cinesi. Il turismo \u00e8 un settore importante per la citt\u00e0 e le isole; quindi, questi eventi ebbero un impatto significativo.<\/p>\n<p>La maggior parte degli edifici governativi e delle istituzioni delle Isole Salomone si trova a Honiara. Il Parlamento Nazionale, il Solomon Islands College of Higher Education e il campus delle Isole Salomone dell&#039;Universit\u00e0 del Pacifico del Sud hanno tutti sede in citt\u00e0. Importanti attrazioni culturali e commerciali sono anche il Museo Nazionale e il vivace Mercato di Honiara.<\/p>\n<p>East Honiara, Central Honiara e West Honiara sono tre seggi parlamentari. Honiara ha tre circoscrizioni parlamentari: tra le sei della nazione con elettorati di oltre 10.000 persone, questi seggi riflettono l&#039;importanza politica della citt\u00e0.<\/p>\n<p>Sebbene siano rappresentate molte altre religioni, l&#039;ambiente religioso di Honiara \u00e8 essenzialmente cristiano. Tra le altre cose, la citt\u00e0 ospita la sede centrale dell&#039;Arcidiocesi cattolica romana di Honiara, della Chiesa Evangelica dei Mari del Sud, della Chiesa Unita, della Chiesa della Provincia della Melanesia (Anglicana) e della Chiesa Avventista del Settimo Giorno. Questa variet\u00e0 riflette il pi\u00f9 ampio tessuto culturale delle Isole Salomone, che combina aspetti moderni e tradizionali.<\/p>","protected":false},"excerpt":{"rendered":"<p>Honiara, la vivace capitale delle Isole Salomone, si trova sulla costa settentrionale di Guadalcanal. La citt\u00e0 principale delle Isole Salomone, Honiara, \u00e8 nota per il suo ricco passato e la sua cultura variegata. La popolazione attuale \u00e8 di 92.344 abitanti. Questa vivace citt\u00e0 \u00e8 un alveare di attivit\u00e0 con un mix unico di valore storico e moderna espansione.<\/p>","protected":false},"author":1,"featured_media":3238,"parent":9773,"menu_order":0,"comment_status":"closed","ping_status":"closed","template":"elementor_theme","meta":{"_eb_attr":"","footnotes":""},"class_list":["post-9779","page","type-page","status-publish","has-post-thumbnail"],"_links":{"self":[{"href":"https:\/\/travelshelper.com\/it\/wp-json\/wp\/v2\/pages\/9779","targetHints":{"allow":["GET"]}}],"collection":[{"href":"https:\/\/travelshelper.com\/it\/wp-json\/wp\/v2\/pages"}],"about":[{"href":"https:\/\/travelshelper.com\/it\/wp-json\/wp\/v2\/types\/page"}],"author":[{"embeddable":true,"href":"https:\/\/travelshelper.com\/it\/wp-json\/wp\/v2\/users\/1"}],"replies":[{"embeddable":true,"href":"https:\/\/travelshelper.com\/it\/wp-json\/wp\/v2\/comments?post=9779"}],"version-history":[{"count":0,"href":"https:\/\/travelshelper.com\/it\/wp-json\/wp\/v2\/pages\/9779\/revisions"}],"up":[{"embeddable":true,"href":"https:\/\/travelshelper.com\/it\/wp-json\/wp\/v2\/pages\/9773"}],"wp:featuredmedia":[{"embeddable":true,"href":"https:\/\/travelshelper.com\/it\/wp-json\/wp\/v2\/media\/3238"}],"wp:attachment":[{"href":"https:\/\/travelshelper.com\/it\/wp-json\/wp\/v2\/media?parent=9779"}],"curies":[{"name":"wp","href":"https:\/\/api.w.org\/{rel}","templated":true}]}}