{"id":9773,"date":"2024-09-08T23:18:28","date_gmt":"2024-09-08T23:18:28","guid":{"rendered":"https:\/\/travelshelper.com\/staging\/?page_id=9773"},"modified":"2026-03-13T23:08:16","modified_gmt":"2026-03-13T23:08:16","slug":"isole-salomone","status":"publish","type":"page","link":"https:\/\/travelshelper.com\/it\/destinations\/australia-and-oceania\/solomon-islands\/","title":{"rendered":"Isole Salomone"},"content":{"rendered":"<p>Le Isole Salomone, a volte note come Isole Salomone, sono uno splendido paese situato nel cuore della Melanesia, parte della pi\u00f9 ampia regione dell&#039;Oceania a nord-est dell&#039;Australia. Composto da 21 isole di notevoli dimensioni, ciascuna con una superficie di oltre 100 chilometri quadrati, questo arcipelago comprende Guadalcanal, Malaita, Makira e Santa Isabel. Oltre a queste vaste masse continentali, le Isole Salomone sono circondate da circa 900 isole minori, creando cos\u00ec un ricco e complesso arazzo di terra e mare. Dalla Papua Nuova Guinea a ovest, l&#039;Australia a sud-ovest, la Nuova Caledonia e Vanuatu a sud-est, le Figi, Wallis e Futuna e Tuvalu a est, le Isole Salomone sono geograficamente vicine a molte altre nazioni, tra cui Nauru e gli Stati Federati di Micronesia a nord.<\/p>\n<p>Con una superficie totale di 28.896 chilometri quadrati (11.157 miglia quadrate), le Isole Salomone prevedono una popolazione di 734.887 abitanti a met\u00e0 del 2023. Situata sull&#039;isola pi\u00f9 grande, Guadalcanal, Honiara, la capitale, \u00e8 il centro politico ed economico del paese. Il nome &#034;Isole Salomone&#034; descrive l&#039;intero arcipelago delle Isole Salomone, che comprende la Regione Autonoma di Bougainville, attualmente parte della Papua Nuova Guinea, ma esclude le Isole Santa Cruz.<\/p>\n<p>Tra il 30.000 e il 28.800 a.C., gli esseri umani iniziarono a vivere su queste isole; numerose ondate migratorie contribuirono a creare il mix genetico che definisce la popolazione indigena odierna. Tra questi primi immigrati ci furono i Lapita, rinomati per la loro ceramica e le loro abilit\u00e0 nella navigazione, che contribuirono a definire il panorama culturale delle isole.<\/p>\n<p>L&#039;esploratore spagnolo \u00c1lvaro de Menda\u00f1a arriv\u00f2 alle Isole Salomone per primo tra gli europei nel 1568. Menda\u00f1a non diede un nome alle isole; altri che scrissero della sua scoperta finirono per chiamarle &#034;le Salomone&#034;. Menda\u00f1a torn\u00f2 alle isole nel 1595, seguito da un&#039;altra spedizione spagnola guidata dal navigatore portoghese Pedro Fernandes de Queir\u00f3s nel 1606.<\/p>\n<p>Le isole ebbero un&#039;evidente rilevanza strategica durante la Seconda Guerra Mondiale. Svoltasi tra il 1942 e il 1945, la campagna delle Isole Salomone fu un momento cruciale di scontri tra le forze alleate \u2013 principalmente statunitensi e britanniche \u2013 e l&#039;Impero giapponese. In particolare, la battaglia di Guadalcanal segn\u00f2 una svolta nel teatro del Pacifico, poich\u00e9 i violenti combattimenti sottolinearono la vitale importanza delle isole nella guerra.<\/p>\n<p>Le Isole Salomone meridionali divennero un protettorato britannico nel giugno del 1893 sotto il comando del capitano Herbert Gibson della HMS Curacoa. L&#039;era coloniale avrebbe avuto inizio qui e si sarebbe protratta fino alla met\u00e0 del XX secolo. Avvicinandosi all&#039;autogoverno, nel 1975 il governo britannico cambi\u00f2 il suo nome ufficiale da &#034;Protettorato Britannico delle Isole Salomone&#034; a &#034;Isole Salomone&#034;. Questo processo giunse al culmine nel 1976, quando le isole ottennero l&#039;autogoverno; la successiva indipendenza definitiva arriv\u00f2 nel 1978. Una volta indipendente, la nazione adott\u00f2 il nome di &#034;Isole Salomone&#034;, abbandon\u00f2 l&#039;articolo determinativo e divenne una monarchia costituzionale.<\/p>\n<p>Le Isole Salomone riconoscono oggi Carlo III come loro re; il re \u00e8 rappresentato localmente da un governatore generale scelto su raccomandazione del Primo Ministro. Pur conferendo alle isole una propria identit\u00e0 nazionale, questo quadro politico ne riconosce i legami storici con la Corona britannica. Grazie alla loro ricca storia, alle diverse culture e alla posizione strategica nell&#039;Oceano Pacifico, le Isole Salomone si trovano ancora ad affrontare sfide e opportunit\u00e0 moderne.<\/p>","protected":false},"excerpt":{"rendered":"<p>Le Isole Salomone, a volte note come Isole Salomone, sono uno splendido paese situato nel cuore della Melanesia, parte della pi\u00f9 ampia regione dell&#039;Oceania a nord-est dell&#039;Australia. Composto da 21 isole di notevoli dimensioni, ciascuna con una superficie di oltre 100 chilometri quadrati, questo arcipelago comprende Guadalcanal, Malaita, Makira e Santa Isabel. Oltre a queste vaste masse continentali, le Isole Salomone sono circondate da circa 900 isole minori, creando cos\u00ec un ricco e complesso arazzo di terra e mare. Dalla Papua Nuova Guinea a ovest, l&#039;Australia a sud-ovest, la Nuova Caledonia e Vanuatu a sud-est, le Figi, Wallis e Futuna e Tuvalu a est, le Isole Salomone sono geograficamente vicine a molte altre nazioni, tra cui Nauru e gli Stati Federati di Micronesia a nord.<\/p>","protected":false},"author":1,"featured_media":2859,"parent":24105,"menu_order":0,"comment_status":"closed","ping_status":"closed","template":"elementor_theme","meta":{"_eb_attr":"","footnotes":""},"class_list":["post-9773","page","type-page","status-publish","has-post-thumbnail"],"_links":{"self":[{"href":"https:\/\/travelshelper.com\/it\/wp-json\/wp\/v2\/pages\/9773","targetHints":{"allow":["GET"]}}],"collection":[{"href":"https:\/\/travelshelper.com\/it\/wp-json\/wp\/v2\/pages"}],"about":[{"href":"https:\/\/travelshelper.com\/it\/wp-json\/wp\/v2\/types\/page"}],"author":[{"embeddable":true,"href":"https:\/\/travelshelper.com\/it\/wp-json\/wp\/v2\/users\/1"}],"replies":[{"embeddable":true,"href":"https:\/\/travelshelper.com\/it\/wp-json\/wp\/v2\/comments?post=9773"}],"version-history":[{"count":0,"href":"https:\/\/travelshelper.com\/it\/wp-json\/wp\/v2\/pages\/9773\/revisions"}],"up":[{"embeddable":true,"href":"https:\/\/travelshelper.com\/it\/wp-json\/wp\/v2\/pages\/24105"}],"wp:featuredmedia":[{"embeddable":true,"href":"https:\/\/travelshelper.com\/it\/wp-json\/wp\/v2\/media\/2859"}],"wp:attachment":[{"href":"https:\/\/travelshelper.com\/it\/wp-json\/wp\/v2\/media?parent=9773"}],"curies":[{"name":"wp","href":"https:\/\/api.w.org\/{rel}","templated":true}]}}