{"id":9692,"date":"2024-09-08T21:38:41","date_gmt":"2024-09-08T21:38:41","guid":{"rendered":"https:\/\/travelshelper.com\/staging\/?page_id=9692"},"modified":"2026-03-13T23:02:05","modified_gmt":"2026-03-13T23:02:05","slug":"nuova-zelanda","status":"publish","type":"page","link":"https:\/\/travelshelper.com\/it\/destinations\/australia-and-oceania\/new-zealand\/","title":{"rendered":"Nuova Zelanda"},"content":{"rendered":"<p>La Nuova Zelanda, chiamata in lingua m\u0101ori Aotearoa, \u00e8 un&#039;affascinante nazione insulare situata nell&#039;Oceano Pacifico sud-occidentale. \u00c8 famosa per i suoi paesaggi mozzafiato e la profonda eredit\u00e0 culturale. Composta da due masse continentali principali \u2013 l&#039;Isola del Nord (Te Ika-a-M\u0101ui) e l&#039;Isola del Sud (Te Waipounamu) \u2013 e da oltre 700 isole minori, la Nuova Zelanda si classifica come la sesta nazione insulare per estensione. Situata a est dell&#039;Australia, attraverso il Mar di Tasman e a sud di Nuova Caledonia, Figi e Tonga, presenta un paesaggio variegato caratterizzato da imponenti vette montuose, in particolare le imponenti Alpi Meridionali. Questa geografia distintiva \u00e8 in gran parte il risultato del sollevamento tettonico e dell&#039;attivit\u00e0 vulcanica che hanno scolpito il terreno nel corso di milioni di anni.<\/p>\n<p>La capitale della Nuova Zelanda \u00e8 Wellington, sebbene Auckland sia la citt\u00e0 pi\u00f9 popolosa. Queste aree metropolitane sono vivaci centri culturali e commerciali, incarnando l&#039;identit\u00e0 dinamica e in crescita della nazione. Nonostante il suo status attuale, la Nuova Zelanda \u00e8 stata l&#039;ultima grande massa continentale ad essere abitata dall&#039;uomo. Dal 1280 al 1350, i navigatori polinesiani iniziarono a colonizzare le isole, coltivando infine la cultura M\u0101ori, unica nel suo genere, che continua a essere un aspetto essenziale dell&#039;identit\u00e0 neozelandese odierna.<\/p>\n<p>La scoperta europea della Nuova Zelanda inizi\u00f2 con l&#039;avventuriero olandese Abel Tasman nel 1642, che fu il primo europeo a osservare e documentare le isole. Solo nel 1769 il capitano James Cook, un esploratore britannico, arriv\u00f2 in Nuova Zelanda e ne tracci\u00f2 la mappa, facilitando i successivi contatti e la successiva colonizzazione. Il Trattato di Waitangi, stipulato nel 1840 tra i delegati del Regno Unito e i capi M\u0101ori, rappresent\u00f2 un momento cruciale nella storia della Nuova Zelanda. Questo trattato pose le basi per la sovranit\u00e0 britannica e la creazione della Colonia della Corona di Nuova Zelanda nel 1841. Successivamente, il periodo fu caratterizzato da controversie tra l&#039;amministrazione coloniale e le trib\u00f9 M\u0101ori, che portarono all&#039;alienazione e all&#039;appropriazione di un consistente territorio M\u0101ori.<\/p>\n<p>Il progresso della Nuova Zelanda verso l&#039;indipendenza fu graduale. Ottenne lo status di dominion nel 1907 e ottenne la completa indipendenza formale nel 1947, mantenendo il monarca britannico come capo di stato. Attualmente, la Nuova Zelanda \u00e8 un paese dinamico e cosmopolita con una popolazione di circa 5,25 milioni di persone. La popolazione predominante \u00e8 di origine europea, con gli indigeni M\u0101ori che costituiscono la minoranza pi\u00f9 numerosa, seguiti dalle minoranze asiatiche e pasifika. Il panorama demografico diversificato \u00e8 evidente nella cultura neozelandese, che deriva prevalentemente dalle usanze M\u0101ori e dai primi coloni britannici, insieme all&#039;impatto contemporaneo della crescente immigrazione.<\/p>\n<p>La nazione riconosce tre lingue ufficiali: inglese, m\u0101ori e lingua dei segni neozelandese, con l&#039;inglese come lingua predominante. La Nuova Zelanda, in quanto nazione avanzata, \u00e8 stata all&#039;avanguardia nel progresso sociale. \u00c8 stata la prima nazione a istituire un salario minimo e a conferire il suffragio alle donne. Il paese raggiunge costantemente posizioni elevate nelle valutazioni globali sulla qualit\u00e0 della vita e sui diritti umani, ed \u00e8 riconosciuto per avere uno dei pi\u00f9 bassi livelli di corruzione percepita al mondo. Ciononostante, continua a lottare contro disparit\u00e0 strutturali, soprattutto tra la sua popolazione m\u0101ori e quella europea.<\/p>\n<p>Durante gli anni &#039;80, la Nuova Zelanda ha vissuto sostanziali trasformazioni economiche, passando da un&#039;economia protezionistica a un&#039;economia liberalizzata e basata sul libero scambio. Il settore dei servizi predomina nell&#039;economia nazionale, seguito dal settore industriale e dall&#039;agricoltura. Il turismo internazionale rappresenta una fonte vitale di denaro. La Nuova Zelanda partecipa attivamente a numerose organizzazioni internazionali, come le Nazioni Unite, il Commonwealth delle Nazioni, l&#039;ANZUS e la Cooperazione Economica Asia-Pacifico. Mantiene legami particolarmente forti con gli Stati Uniti, il Regno Unito e altre nazioni del Pacifico, racchiudendo una distintiva identit\u00e0 &#034;Trans-Tasman&#034; condivisa con l&#039;Australia.<\/p>\n<p>La Nuova Zelanda opera all&#039;interno di un sistema parlamentare caratterizzato da un organo legislativo unicamerale. L&#039;amministrazione \u00e8 guidata dal Primo Ministro Christopher Luxon. Il sovrano della nazione \u00e8 Re Carlo III, rappresentato localmente dalla Governatrice Generale Cindy Kiro. La Nuova Zelanda \u00e8 suddivisa in 11 consigli regionali e 67 autorit\u00e0 territoriali per la governance locale. Il territorio della Nuova Zelanda comprende non solo le sue isole principali, ma anche Tokelau, le Isole Cook, Niue e la Dipendenza di Ross in Antartide.<\/p>","protected":false},"excerpt":{"rendered":"<p>La Nuova Zelanda, chiamata in lingua m\u0101ori Aotearoa, \u00e8 un&#039;affascinante nazione insulare situata nell&#039;Oceano Pacifico sud-occidentale. \u00c8 famosa per i suoi paesaggi mozzafiato e la profonda eredit\u00e0 culturale. Composta da due masse continentali principali \u2013 l&#039;Isola del Nord (Te Ika-a-M\u0101ui) e l&#039;Isola del Sud (Te Waipounamu) \u2013 e da oltre 700 isole minori, la Nuova Zelanda si classifica come la sesta nazione insulare per estensione. Situata a est dell&#039;Australia, attraverso il Mar di Tasman e a sud di Nuova Caledonia, Figi e Tonga, presenta un paesaggio variegato caratterizzato da imponenti vette montuose, in particolare le imponenti Alpi Meridionali. Questa geografia distintiva \u00e8 in gran parte il risultato del sollevamento tettonico e dell&#039;attivit\u00e0 vulcanica che hanno scolpito il terreno nel corso di milioni di anni.<\/p>","protected":false},"author":1,"featured_media":4203,"parent":24105,"menu_order":0,"comment_status":"closed","ping_status":"closed","template":"elementor_theme","meta":{"_eb_attr":"","footnotes":""},"class_list":["post-9692","page","type-page","status-publish","has-post-thumbnail"],"_links":{"self":[{"href":"https:\/\/travelshelper.com\/it\/wp-json\/wp\/v2\/pages\/9692","targetHints":{"allow":["GET"]}}],"collection":[{"href":"https:\/\/travelshelper.com\/it\/wp-json\/wp\/v2\/pages"}],"about":[{"href":"https:\/\/travelshelper.com\/it\/wp-json\/wp\/v2\/types\/page"}],"author":[{"embeddable":true,"href":"https:\/\/travelshelper.com\/it\/wp-json\/wp\/v2\/users\/1"}],"replies":[{"embeddable":true,"href":"https:\/\/travelshelper.com\/it\/wp-json\/wp\/v2\/comments?post=9692"}],"version-history":[{"count":0,"href":"https:\/\/travelshelper.com\/it\/wp-json\/wp\/v2\/pages\/9692\/revisions"}],"up":[{"embeddable":true,"href":"https:\/\/travelshelper.com\/it\/wp-json\/wp\/v2\/pages\/24105"}],"wp:featuredmedia":[{"embeddable":true,"href":"https:\/\/travelshelper.com\/it\/wp-json\/wp\/v2\/media\/4203"}],"wp:attachment":[{"href":"https:\/\/travelshelper.com\/it\/wp-json\/wp\/v2\/media?parent=9692"}],"curies":[{"name":"wp","href":"https:\/\/api.w.org\/{rel}","templated":true}]}}