{"id":9661,"date":"2024-09-08T21:01:07","date_gmt":"2024-09-08T21:01:07","guid":{"rendered":"https:\/\/travelshelper.com\/staging\/?page_id=9661"},"modified":"2026-03-13T23:10:04","modified_gmt":"2026-03-13T23:10:04","slug":"papua-nuova-guinea","status":"publish","type":"page","link":"https:\/\/travelshelper.com\/it\/destinations\/australia-and-oceania\/papua-new-guinea\/","title":{"rendered":"Papua Nuova Guinea"},"content":{"rendered":"<p>Una nazione affascinante, la Papua Nuova Guinea, nota anche come Stato Indipendente di Papua Nuova Guinea, si trova in Oceania. Oltre alla met\u00e0 orientale dell&#039;isola di Nuova Guinea, comprende diverse isole al largo della Melanesia, un&#039;area dell&#039;Oceano Pacifico sud-occidentale a nord dell&#039;Australia. La posizione strategica della Papua Nuova Guinea la pone vicina a diversi importanti vicini: l&#039;Australia a sud, le Isole Salomone a est e l&#039;Indonesia a ovest. Port Moresby, sulla costa meridionale, \u00e8 la capitale della nazione e il centro della sua politica e del suo commercio.<\/p>\n<p>Terza nazione insulare pi\u00f9 grande del mondo, la Papua Nuova Guinea si estende per 462.840 chilometri quadrati (178.700 miglia quadrate). Dalle mangrovie e dalle spiagge costiere alle ripide colline e alle fitte foreste pluviali, molti sono gli scenari che caratterizzano questa vasta area. Oltre a offrire paesaggi mozzafiato, la topografia del paese \u00e8 fondamentale per la sua diversit\u00e0 biologica e culturale.<\/p>\n<p>Importanti eventi mondiali e influenze coloniali hanno plasmato la storia della Papua Nuova Guinea. Negli anni &#039;80 del XIX secolo, la Nuova Guinea Tedesca a nord e il Territorio Britannico di Papua a sud separarono il territorio. Dopo la Prima Guerra Mondiale, l&#039;intero territorio pass\u00f2 sotto il controllo australiano, dopo che il Territorio della Nuova Guinea fu istituito come missione della Societ\u00e0 delle Nazioni dalla colonia tedesca. Importante campo di battaglia, la nazione fu teatro di aspri combattimenti che influenzarono la sua storia contemporanea durante la campagna di Nuova Guinea della Seconda Guerra Mondiale.<\/p>\n<p>Dopo aver ottenuto l&#039;indipendenza nel 1975, la Papua Nuova Guinea divenne un paese del Commonwealth sotto Elisabetta II. Questo incarico rimase in carica fino alla sua morte nel 2022, quando le succedette Carlo III. Grazie al suo passato coloniale, il sistema politico e la politica estera del paese dimostrano la sua volont\u00e0 di partecipare attivamente agli eventi regionali e globali.<\/p>\n<p>Una delle caratteristiche pi\u00f9 notevoli della Papua Nuova Guinea \u00e8 la sua diversit\u00e0 linguistica. Con 840 lingue conosciute, tra cui l&#039;inglese, questo paese \u00e8 il pi\u00f9 diversificato al mondo dal punto di vista linguistico. Questa variet\u00e0 linguistica \u00e8 la prova sia della variet\u00e0 culturale del paese che della perseveranza della sua popolazione indigena. Nonostante la diversit\u00e0, la Papua Nuova Guinea \u00e8 ancora essenzialmente una nazione rurale; nel 2019, appena il 13,25% della popolazione risiedeva in citt\u00e0. Vivere in villaggi tradizionali aiuta la maggior parte della popolazione a mantenere stili di vita tradizionali, vitali per la loro struttura sociale e la loro identit\u00e0.<\/p>\n<p>In termini di popolazione, la Papua Nuova Guinea vanta il primato tra le nazioni insulari del Pacifico. Le previsioni per dicembre 2022 indicano che la popolazione potrebbe avvicinarsi ai 17 milioni rispetto alla precedente stima governativa di 9,4 milioni. Questa differenza evidenzia quanto sia difficile censire una nazione con una topografia cos\u00ec varia e complessa. La gestione delle risorse e lo sviluppo sono fortemente influenzati dal modo in cui la popolazione del paese cresce e si espande.<\/p>\n<p>La grande abbondanza di animali della Papua Nuova Guinea \u00e8 un&#039;altra caratteristica ben nota. Alcune stime indicano i vari ecosistemi del paese come sede di numerose specie vegetali e animali inesplorate, il che lo rende un sito desiderabile per studi biologici e programmi di conservazione. Questa ricchezza naturale \u00e8 sia un vantaggio che un problema, poich\u00e9 richiede una gestione attenta per conciliare la conservazione ecologica con la crescita economica.<\/p>\n<p>Il Fondo Monetario Internazionale classifica l&#039;economia della Papua Nuova Guinea come in via di sviluppo. Circa il quaranta percento degli abitanti \u00e8 impegnato nell&#039;agricoltura di sussistenza, essenzialmente al di fuori del sistema monetario. Riconoscendo e difendendo specificamente questo stile di vita tradizionale, la Costituzione della Papua Nuova Guinea sottolinea il valore dei villaggi e delle comunit\u00e0 tradizionali come entit\u00e0 sociali funzionali. Questo riconoscimento costituzionale sottolinea l&#039;importanza delle strutture sociali indigene nel definire costantemente l&#039;identit\u00e0 e il governo della nazione.<\/p>\n<p>Sulla scena mondiale, la Papua Nuova Guinea partecipa attivamente a diverse organizzazioni regionali e internazionali. Originariamente Stato osservatore dal 1976, ha presentato domanda di adesione a pieno titolo all&#039;Associazione delle Nazioni del Sud-Est Asiatico (ASEAN). Tra i membri a pieno titolo riconosciuti dalla Comunit\u00e0 del Pacifico, dal Forum delle Isole del Pacifico, dal Commonwealth delle Nazioni e dalle Nazioni Unite figurano: questi legami dimostrano l&#039;impegno della Papua Nuova Guinea nella cooperazione regionale e la sua volont\u00e0 di influenzare gli affari mondiali.<\/p>","protected":false},"excerpt":{"rendered":"<p>Una nazione affascinante, la Papua Nuova Guinea, nota anche come Stato Indipendente di Papua Nuova Guinea, si trova in Oceania. Oltre alla met\u00e0 orientale dell&#039;isola di Nuova Guinea, comprende diverse isole al largo della Melanesia, un&#039;area dell&#039;Oceano Pacifico sud-occidentale a nord dell&#039;Australia. La posizione strategica della Papua Nuova Guinea la pone vicina a diversi importanti vicini: l&#039;Australia a sud, le Isole Salomone a est e l&#039;Indonesia a ovest. Port Moresby, sulla costa meridionale, \u00e8 la capitale della nazione e il centro della sua politica e del suo commercio.<\/p>","protected":false},"author":1,"featured_media":3890,"parent":24105,"menu_order":0,"comment_status":"closed","ping_status":"closed","template":"elementor_theme","meta":{"_eb_attr":"","footnotes":""},"class_list":["post-9661","page","type-page","status-publish","has-post-thumbnail"],"_links":{"self":[{"href":"https:\/\/travelshelper.com\/it\/wp-json\/wp\/v2\/pages\/9661","targetHints":{"allow":["GET"]}}],"collection":[{"href":"https:\/\/travelshelper.com\/it\/wp-json\/wp\/v2\/pages"}],"about":[{"href":"https:\/\/travelshelper.com\/it\/wp-json\/wp\/v2\/types\/page"}],"author":[{"embeddable":true,"href":"https:\/\/travelshelper.com\/it\/wp-json\/wp\/v2\/users\/1"}],"replies":[{"embeddable":true,"href":"https:\/\/travelshelper.com\/it\/wp-json\/wp\/v2\/comments?post=9661"}],"version-history":[{"count":0,"href":"https:\/\/travelshelper.com\/it\/wp-json\/wp\/v2\/pages\/9661\/revisions"}],"up":[{"embeddable":true,"href":"https:\/\/travelshelper.com\/it\/wp-json\/wp\/v2\/pages\/24105"}],"wp:featuredmedia":[{"embeddable":true,"href":"https:\/\/travelshelper.com\/it\/wp-json\/wp\/v2\/media\/3890"}],"wp:attachment":[{"href":"https:\/\/travelshelper.com\/it\/wp-json\/wp\/v2\/media?parent=9661"}],"curies":[{"name":"wp","href":"https:\/\/api.w.org\/{rel}","templated":true}]}}